{"id":6764,"date":"2021-02-28T03:30:36","date_gmt":"2021-02-28T01:30:36","guid":{"rendered":"https:\/\/devilsecure.com\/?page_id=6764"},"modified":"2025-02-20T09:55:13","modified_gmt":"2025-02-20T07:55:13","slug":"santehnika","status":"publish","type":"page","link":"https:\/\/baltmeistars.lv\/lv\/santehnika\/","title":{"rendered":"Santehnika"},"content":{"rendered":"\n<p>God\u0101tie klienti,<\/p>\n\n\n\n<p>M\u0101jas sahtehnika ir tehnisko l\u012bdzek\u013cu sist\u0113ma, kas nodro\u0161ina m\u0101j\u0101s izmantojam\u0101 \u016bdens pieg\u0101di tai un izmantot\u0101 \u016bdens izvadi no t\u0101s.<\/p>\n\n\n\n<p>Visas santehnikas iek\u0101rtas var sadal\u012bt div\u0101s grup\u0101s<\/p>\n\n\n\n<ul class=\"wp-block-list\"><li>\u016adensapg\u0101de<\/li><li>Kanaliz\u0101cija<\/li><\/ul>\n\n\n\n<p>Viss, kas atrodas \u0101rpus \u0113kas \u2013 tie ir \u0101r\u0113jie t\u012bkli un, attiec\u012bgi, viss, kas atrodas \u0113kas iek\u0161pus\u0113 \u2013 tie ir iek\u0161\u0113jie t\u012bkli<\/p>\n\n\n\n<p>\u016adens piek\u013c\u016bst m\u0101jai no piesl\u0113guma punkta. Priv\u0101tm\u0101jai tas var b\u016bt dzi\u013curbums, no kura, pateicoties taj\u0101 ier\u012bkotam \u016bdenss\u016bknim, \u016bdnes nok\u013c\u016bst m\u0101j\u0101 vai ar\u012b pils\u0113tas \u016bdensapg\u0101des sist\u0113ma, kas ier\u012bkota t\u0101, lai \u016bdens piesl\u0113guma vieta atrastos \u0101rpus J\u016bsu zemes gabala.<\/p>\n\n\n\n<p>Savuk\u0101rt, viss izstr\u0101d\u0101tais \u016bdens tiek novad\u012bts vai nu pils\u0113tas kanaliz\u0101cijas sist\u0113m\u0101 vai ar\u012b J\u016bsu m\u0101jas kanaliz\u0101cijas sist\u0113m\u0101, kas ier\u012bkota saska\u0146\u0101 ar eso\u0161o b\u016bvniec\u012bbas projektu.<\/p>\n\n\n\n<p>Pied\u0101v\u0101ju veikt visus sada\u013c\u0101 min\u0113tos \u016bdensapg\u0101des un kanaliz\u0101cijas ier\u012bko\u0161anas darbus Siguldas un In\u010dukalna novados un R\u012bgas rajon\u0101.<\/p>\n","protected":false},"excerpt":{"rendered":"<p>God\u0101tie klienti, M\u0101jas sahtehnika ir tehnisko l\u012bdzek\u013cu sist\u0113ma, kas nodro\u0161ina m\u0101j\u0101s izmantojam\u0101 \u016bdens pieg\u0101di tai un izmantot\u0101 \u016bdens izvadi no t\u0101s. Visas santehnikas iek\u0101rtas var sadal\u012bt div\u0101s grup\u0101s \u016adensapg\u0101de Kanaliz\u0101cija Viss, kas atrodas \u0101rpus \u0113kas \u2013 tie ir \u0101r\u0113jie t\u012bkli un, attiec\u012bgi, viss, kas atrodas \u0113kas iek\u0161pus\u0113 \u2013 tie ir iek\u0161\u0113jie t\u012bkli \u016adens piek\u013c\u016bst m\u0101jai <!-- more-link -->[&hellip;] <a href=\"https:\/\/baltmeistars.lv\/lv\/santehnika\/\" class=\"more more-link\">Las\u012bt vair\u0101k<\/a><\/p>\n","protected":false},"author":1,"featured_media":0,"parent":0,"menu_order":0,"comment_status":"closed","ping_status":"closed","template":"","meta":{"_acf_changed":false,"footnotes":""},"class_list":["post-6764","page","type-page","status-publish","hentry"],"acf":[],"yoast_head":"<!-- This site is optimized with the Yoast SEO plugin v24.5 - https:\/\/yoast.com\/wordpress\/plugins\/seo\/ -->\n<title>Santehnika - Baltmeistars<\/title>\n<meta name=\"robots\" content=\"index, follow, max-snippet:-1, max-image-preview:large, max-video-preview:-1\" \/>\n<link rel=\"canonical\" href=\"https:\/\/baltmeistars.lv\/lv\/santehnika\/\" \/>\n<meta property=\"og:locale\" content=\"lv_LV\" \/>\n<meta property=\"og:type\" content=\"article\" \/>\n<meta property=\"og:title\" content=\"Santehnika - Baltmeistars\" \/>\n<meta property=\"og:description\" content=\"God\u0101tie klienti, M\u0101jas sahtehnika ir tehnisko l\u012bdzek\u013cu sist\u0113ma, kas nodro\u0161ina m\u0101j\u0101s izmantojam\u0101 \u016bdens pieg\u0101di tai un izmantot\u0101 \u016bdens izvadi no t\u0101s. Visas santehnikas iek\u0101rtas var sadal\u012bt div\u0101s grup\u0101s \u016adensapg\u0101de Kanaliz\u0101cija Viss, kas atrodas \u0101rpus \u0113kas \u2013 tie ir \u0101r\u0113jie t\u012bkli un, attiec\u012bgi, viss, kas atrodas \u0113kas iek\u0161pus\u0113 \u2013 tie ir iek\u0161\u0113jie t\u012bkli \u016adens piek\u013c\u016bst m\u0101jai [&hellip;] Las\u012bt vair\u0101k\" \/>\n<meta property=\"og:url\" content=\"https:\/\/baltmeistars.lv\/lv\/santehnika\/\" \/>\n<meta property=\"og:site_name\" content=\"Baltmeistars\" \/>\n<meta property=\"article:modified_time\" content=\"2025-02-20T07:55:13+00:00\" \/>\n<meta name=\"twitter:card\" content=\"summary_large_image\" \/>\n<meta name=\"twitter:label1\" content=\"Est. reading time\" \/>\n\t<meta name=\"twitter:data1\" content=\"1 min\u016bte\" \/>\n<script type=\"application\/ld+json\" class=\"yoast-schema-graph\">{\"@context\":\"https:\/\/schema.org\",\"@graph\":[{\"@type\":\"WebPage\",\"@id\":\"https:\/\/baltmeistars.lv\/santehnika\/\",\"url\":\"https:\/\/baltmeistars.lv\/santehnika\/\",\"name\":\"Santehnika - Baltmeistars\",\"isPartOf\":{\"@id\":\"https:\/\/baltmeistars.lv\/lv\/#website\"},\"datePublished\":\"2021-02-28T01:30:36+00:00\",\"dateModified\":\"2025-02-20T07:55:13+00:00\",\"breadcrumb\":{\"@id\":\"https:\/\/baltmeistars.lv\/santehnika\/#breadcrumb\"},\"inLanguage\":\"lv-LV\",\"potentialAction\":[{\"@type\":\"ReadAction\",\"target\":[\"https:\/\/baltmeistars.lv\/santehnika\/\"]}]},{\"@type\":\"BreadcrumbList\",\"@id\":\"https:\/\/baltmeistars.lv\/santehnika\/#breadcrumb\",\"itemListElement\":[{\"@type\":\"ListItem\",\"position\":1,\"name\":\"Home\",\"item\":\"https:\/\/baltmeistars.lv\/lv\/\"},{\"@type\":\"ListItem\",\"position\":2,\"name\":\"Santehnika\"}]},{\"@type\":\"WebSite\",\"@id\":\"https:\/\/baltmeistars.lv\/lv\/#website\",\"url\":\"https:\/\/baltmeistars.lv\/lv\/\",\"name\":\"Baltmeistars\",\"description\":\"Celtniec\u012bbas nozare\",\"alternateName\":\"Baltmeistars.lv\",\"potentialAction\":[{\"@type\":\"SearchAction\",\"target\":{\"@type\":\"EntryPoint\",\"urlTemplate\":\"https:\/\/baltmeistars.lv\/lv\/?s={search_term_string}\"},\"query-input\":{\"@type\":\"PropertyValueSpecification\",\"valueRequired\":true,\"valueName\":\"search_term_string\"}}],\"inLanguage\":\"lv-LV\"}]}<\/script>\n<!-- \/ Yoast SEO plugin. -->","yoast_head_json":{"title":"Santehnika - Baltmeistars","robots":{"index":"index","follow":"follow","max-snippet":"max-snippet:-1","max-image-preview":"max-image-preview:large","max-video-preview":"max-video-preview:-1"},"canonical":"https:\/\/baltmeistars.lv\/lv\/santehnika\/","og_locale":"lv_LV","og_type":"article","og_title":"Santehnika - Baltmeistars","og_description":"God\u0101tie klienti, M\u0101jas sahtehnika ir tehnisko l\u012bdzek\u013cu sist\u0113ma, kas nodro\u0161ina m\u0101j\u0101s izmantojam\u0101 \u016bdens pieg\u0101di tai un izmantot\u0101 \u016bdens izvadi no t\u0101s. Visas santehnikas iek\u0101rtas var sadal\u012bt div\u0101s grup\u0101s \u016adensapg\u0101de Kanaliz\u0101cija Viss, kas atrodas \u0101rpus \u0113kas \u2013 tie ir \u0101r\u0113jie t\u012bkli un, attiec\u012bgi, viss, kas atrodas \u0113kas iek\u0161pus\u0113 \u2013 tie ir iek\u0161\u0113jie t\u012bkli \u016adens piek\u013c\u016bst m\u0101jai [&hellip;] Las\u012bt vair\u0101k","og_url":"https:\/\/baltmeistars.lv\/lv\/santehnika\/","og_site_name":"Baltmeistars","article_modified_time":"2025-02-20T07:55:13+00:00","twitter_card":"summary_large_image","twitter_misc":{"Est. reading time":"1 min\u016bte"},"schema":{"@context":"https:\/\/schema.org","@graph":[{"@type":"WebPage","@id":"https:\/\/baltmeistars.lv\/santehnika\/","url":"https:\/\/baltmeistars.lv\/santehnika\/","name":"Santehnika - Baltmeistars","isPartOf":{"@id":"https:\/\/baltmeistars.lv\/lv\/#website"},"datePublished":"2021-02-28T01:30:36+00:00","dateModified":"2025-02-20T07:55:13+00:00","breadcrumb":{"@id":"https:\/\/baltmeistars.lv\/santehnika\/#breadcrumb"},"inLanguage":"lv-LV","potentialAction":[{"@type":"ReadAction","target":["https:\/\/baltmeistars.lv\/santehnika\/"]}]},{"@type":"BreadcrumbList","@id":"https:\/\/baltmeistars.lv\/santehnika\/#breadcrumb","itemListElement":[{"@type":"ListItem","position":1,"name":"Home","item":"https:\/\/baltmeistars.lv\/lv\/"},{"@type":"ListItem","position":2,"name":"Santehnika"}]},{"@type":"WebSite","@id":"https:\/\/baltmeistars.lv\/lv\/#website","url":"https:\/\/baltmeistars.lv\/lv\/","name":"Baltmeistars","description":"Celtniec\u012bbas nozare","alternateName":"Baltmeistars.lv","potentialAction":[{"@type":"SearchAction","target":{"@type":"EntryPoint","urlTemplate":"https:\/\/baltmeistars.lv\/lv\/?s={search_term_string}"},"query-input":{"@type":"PropertyValueSpecification","valueRequired":true,"valueName":"search_term_string"}}],"inLanguage":"lv-LV"}]}},"_links":{"self":[{"href":"https:\/\/baltmeistars.lv\/lv\/wp-json\/wp\/v2\/pages\/6764","targetHints":{"allow":["GET"]}}],"collection":[{"href":"https:\/\/baltmeistars.lv\/lv\/wp-json\/wp\/v2\/pages"}],"about":[{"href":"https:\/\/baltmeistars.lv\/lv\/wp-json\/wp\/v2\/types\/page"}],"author":[{"embeddable":true,"href":"https:\/\/baltmeistars.lv\/lv\/wp-json\/wp\/v2\/users\/1"}],"replies":[{"embeddable":true,"href":"https:\/\/baltmeistars.lv\/lv\/wp-json\/wp\/v2\/comments?post=6764"}],"version-history":[{"count":5,"href":"https:\/\/baltmeistars.lv\/lv\/wp-json\/wp\/v2\/pages\/6764\/revisions"}],"predecessor-version":[{"id":7268,"href":"https:\/\/baltmeistars.lv\/lv\/wp-json\/wp\/v2\/pages\/6764\/revisions\/7268"}],"wp:attachment":[{"href":"https:\/\/baltmeistars.lv\/lv\/wp-json\/wp\/v2\/media?parent=6764"}],"curies":[{"name":"wp","href":"https:\/\/api.w.org\/{rel}","templated":true}]}}