{"id":6767,"date":"2021-02-28T03:32:15","date_gmt":"2021-02-28T01:32:15","guid":{"rendered":"https:\/\/devilsecure.com\/?page_id=6767"},"modified":"2025-02-20T08:05:02","modified_gmt":"2025-02-20T06:05:02","slug":"elektrikis","status":"publish","type":"page","link":"https:\/\/baltmeistars.lv\/lv\/elektrikis\/","title":{"rendered":"Elektr\u012bba"},"content":{"rendered":"\n<p>God\u0101tie klienti!<\/p>\n\n\n\n<p>Kad esat ieg\u0101d\u0101ju\u0161ies zemes gabalu priv\u0101tm\u0101jas b\u016bvniec\u012bbai, n\u0101kamais solis ir elektr\u012bbas ievil\u0161k\u0161ana un piesl\u0113g\u0161ana. \u0160is pakalpojums \u0161odien ir d\u0101rgs finansi\u0101laj\u0101 izteiksm\u0113 un projekta izstr\u0101des un realiz\u0101cijas izmaksas ietekm\u0113 vair\u0101ki faktori un tie ir at\u0161\u0137ir\u012bgi katram klientam un objektam.<\/p>\n\n\n\n<p>Papildus izmaks\u0101m, projekta izstr\u0101de un elektr\u012bbas ier\u012bko\u0161anas darbi aiz\u0146em diezgan garu laika periodu. T\u0101d\u0113\u013c, pirms pie\u0146emt l\u0113mumu par konkr\u0113t\u0101 zemes gabala ieg\u0101di un m\u0101jas b\u016bvniec\u012bbu, ir nepiecie\u0161ams iepaz\u012bties ar elektr\u012bbas piesl\u0113g\u0161anas iesp\u0113j\u0101m, lai \u0161\u012b etapa finanses un izpildes termi\u0146i v\u0113l\u0101k negat\u012bvi neietekm\u0113tu J\u016bsu pl\u0101not objekta projekt\u0113\u0161anu un celtniec\u012bbu kopum\u0101.<\/p>\n","protected":false},"excerpt":{"rendered":"<p>God\u0101tie klienti! Kad esat ieg\u0101d\u0101ju\u0161ies zemes gabalu priv\u0101tm\u0101jas b\u016bvniec\u012bbai, n\u0101kamais solis ir elektr\u012bbas ievil\u0161k\u0161ana un piesl\u0113g\u0161ana. \u0160is pakalpojums \u0161odien ir d\u0101rgs finansi\u0101laj\u0101 izteiksm\u0113 un projekta izstr\u0101des un realiz\u0101cijas izmaksas ietekm\u0113 vair\u0101ki faktori un tie ir at\u0161\u0137ir\u012bgi katram klientam un objektam. Papildus izmaks\u0101m, projekta izstr\u0101de un elektr\u012bbas ier\u012bko\u0161anas darbi aiz\u0146em diezgan garu laika periodu. T\u0101d\u0113\u013c, pirms <!-- more-link -->[&hellip;] <a href=\"https:\/\/baltmeistars.lv\/lv\/elektrikis\/\" class=\"more more-link\">Las\u012bt vair\u0101k<\/a><\/p>\n","protected":false},"author":1,"featured_media":7031,"parent":0,"menu_order":0,"comment_status":"closed","ping_status":"closed","template":"","meta":{"_acf_changed":false,"footnotes":""},"class_list":["post-6767","page","type-page","status-publish","has-post-thumbnail","hentry"],"acf":[],"yoast_head":"<!-- This site is optimized with the Yoast SEO plugin v24.5 - https:\/\/yoast.com\/wordpress\/plugins\/seo\/ -->\n<title>Elektr\u012bba - Baltmeistars<\/title>\n<meta name=\"robots\" content=\"index, follow, max-snippet:-1, max-image-preview:large, max-video-preview:-1\" \/>\n<link rel=\"canonical\" href=\"https:\/\/baltmeistars.lv\/lv\/elektrikis\/\" \/>\n<meta property=\"og:locale\" content=\"lv_LV\" \/>\n<meta property=\"og:type\" content=\"article\" \/>\n<meta property=\"og:title\" content=\"Elektr\u012bba - Baltmeistars\" \/>\n<meta property=\"og:description\" content=\"God\u0101tie klienti! Kad esat ieg\u0101d\u0101ju\u0161ies zemes gabalu priv\u0101tm\u0101jas b\u016bvniec\u012bbai, n\u0101kamais solis ir elektr\u012bbas ievil\u0161k\u0161ana un piesl\u0113g\u0161ana. \u0160is pakalpojums \u0161odien ir d\u0101rgs finansi\u0101laj\u0101 izteiksm\u0113 un projekta izstr\u0101des un realiz\u0101cijas izmaksas ietekm\u0113 vair\u0101ki faktori un tie ir at\u0161\u0137ir\u012bgi katram klientam un objektam. Papildus izmaks\u0101m, projekta izstr\u0101de un elektr\u012bbas ier\u012bko\u0161anas darbi aiz\u0146em diezgan garu laika periodu. T\u0101d\u0113\u013c, pirms [&hellip;] Las\u012bt vair\u0101k\" \/>\n<meta property=\"og:url\" content=\"https:\/\/baltmeistars.lv\/lv\/elektrikis\/\" \/>\n<meta property=\"og:site_name\" content=\"Baltmeistars\" \/>\n<meta property=\"article:modified_time\" content=\"2025-02-20T06:05:02+00:00\" \/>\n<meta property=\"og:image\" content=\"https:\/\/baltmeistars.lv\/wp-content\/uploads\/2021\/03\/balt-foto.jpg\" \/>\n\t<meta property=\"og:image:width\" content=\"300\" \/>\n\t<meta property=\"og:image:height\" content=\"133\" \/>\n\t<meta property=\"og:image:type\" content=\"image\/jpeg\" \/>\n<meta name=\"twitter:card\" content=\"summary_large_image\" \/>\n<meta name=\"twitter:label1\" content=\"Est. reading time\" \/>\n\t<meta name=\"twitter:data1\" content=\"1 min\u016bte\" \/>\n<script type=\"application\/ld+json\" class=\"yoast-schema-graph\">{\"@context\":\"https:\/\/schema.org\",\"@graph\":[{\"@type\":\"WebPage\",\"@id\":\"https:\/\/baltmeistars.lv\/elektrikis\/\",\"url\":\"https:\/\/baltmeistars.lv\/elektrikis\/\",\"name\":\"Elektr\u012bba - Baltmeistars\",\"isPartOf\":{\"@id\":\"https:\/\/baltmeistars.lv\/lv\/#website\"},\"primaryImageOfPage\":{\"@id\":\"https:\/\/baltmeistars.lv\/elektrikis\/#primaryimage\"},\"image\":{\"@id\":\"https:\/\/baltmeistars.lv\/elektrikis\/#primaryimage\"},\"thumbnailUrl\":\"https:\/\/baltmeistars.lv\/wp-content\/uploads\/2021\/03\/balt-foto.jpg\",\"datePublished\":\"2021-02-28T01:32:15+00:00\",\"dateModified\":\"2025-02-20T06:05:02+00:00\",\"breadcrumb\":{\"@id\":\"https:\/\/baltmeistars.lv\/elektrikis\/#breadcrumb\"},\"inLanguage\":\"lv-LV\",\"potentialAction\":[{\"@type\":\"ReadAction\",\"target\":[\"https:\/\/baltmeistars.lv\/elektrikis\/\"]}]},{\"@type\":\"ImageObject\",\"inLanguage\":\"lv-LV\",\"@id\":\"https:\/\/baltmeistars.lv\/elektrikis\/#primaryimage\",\"url\":\"https:\/\/baltmeistars.lv\/wp-content\/uploads\/2021\/03\/balt-foto.jpg\",\"contentUrl\":\"https:\/\/baltmeistars.lv\/wp-content\/uploads\/2021\/03\/balt-foto.jpg\",\"width\":300,\"height\":133,\"caption\":\"smart\"},{\"@type\":\"BreadcrumbList\",\"@id\":\"https:\/\/baltmeistars.lv\/elektrikis\/#breadcrumb\",\"itemListElement\":[{\"@type\":\"ListItem\",\"position\":1,\"name\":\"Home\",\"item\":\"https:\/\/baltmeistars.lv\/lv\/\"},{\"@type\":\"ListItem\",\"position\":2,\"name\":\"Elektr\u012bba\"}]},{\"@type\":\"WebSite\",\"@id\":\"https:\/\/baltmeistars.lv\/lv\/#website\",\"url\":\"https:\/\/baltmeistars.lv\/lv\/\",\"name\":\"Baltmeistars\",\"description\":\"Celtniec\u012bbas nozare\",\"alternateName\":\"Baltmeistars.lv\",\"potentialAction\":[{\"@type\":\"SearchAction\",\"target\":{\"@type\":\"EntryPoint\",\"urlTemplate\":\"https:\/\/baltmeistars.lv\/lv\/?s={search_term_string}\"},\"query-input\":{\"@type\":\"PropertyValueSpecification\",\"valueRequired\":true,\"valueName\":\"search_term_string\"}}],\"inLanguage\":\"lv-LV\"}]}<\/script>\n<!-- \/ Yoast SEO plugin. -->","yoast_head_json":{"title":"Elektr\u012bba - Baltmeistars","robots":{"index":"index","follow":"follow","max-snippet":"max-snippet:-1","max-image-preview":"max-image-preview:large","max-video-preview":"max-video-preview:-1"},"canonical":"https:\/\/baltmeistars.lv\/lv\/elektrikis\/","og_locale":"lv_LV","og_type":"article","og_title":"Elektr\u012bba - Baltmeistars","og_description":"God\u0101tie klienti! Kad esat ieg\u0101d\u0101ju\u0161ies zemes gabalu priv\u0101tm\u0101jas b\u016bvniec\u012bbai, n\u0101kamais solis ir elektr\u012bbas ievil\u0161k\u0161ana un piesl\u0113g\u0161ana. \u0160is pakalpojums \u0161odien ir d\u0101rgs finansi\u0101laj\u0101 izteiksm\u0113 un projekta izstr\u0101des un realiz\u0101cijas izmaksas ietekm\u0113 vair\u0101ki faktori un tie ir at\u0161\u0137ir\u012bgi katram klientam un objektam. Papildus izmaks\u0101m, projekta izstr\u0101de un elektr\u012bbas ier\u012bko\u0161anas darbi aiz\u0146em diezgan garu laika periodu. T\u0101d\u0113\u013c, pirms [&hellip;] Las\u012bt vair\u0101k","og_url":"https:\/\/baltmeistars.lv\/lv\/elektrikis\/","og_site_name":"Baltmeistars","article_modified_time":"2025-02-20T06:05:02+00:00","og_image":[{"width":300,"height":133,"url":"https:\/\/baltmeistars.lv\/wp-content\/uploads\/2021\/03\/balt-foto.jpg","type":"image\/jpeg"}],"twitter_card":"summary_large_image","twitter_misc":{"Est. reading time":"1 min\u016bte"},"schema":{"@context":"https:\/\/schema.org","@graph":[{"@type":"WebPage","@id":"https:\/\/baltmeistars.lv\/elektrikis\/","url":"https:\/\/baltmeistars.lv\/elektrikis\/","name":"Elektr\u012bba - Baltmeistars","isPartOf":{"@id":"https:\/\/baltmeistars.lv\/lv\/#website"},"primaryImageOfPage":{"@id":"https:\/\/baltmeistars.lv\/elektrikis\/#primaryimage"},"image":{"@id":"https:\/\/baltmeistars.lv\/elektrikis\/#primaryimage"},"thumbnailUrl":"https:\/\/baltmeistars.lv\/wp-content\/uploads\/2021\/03\/balt-foto.jpg","datePublished":"2021-02-28T01:32:15+00:00","dateModified":"2025-02-20T06:05:02+00:00","breadcrumb":{"@id":"https:\/\/baltmeistars.lv\/elektrikis\/#breadcrumb"},"inLanguage":"lv-LV","potentialAction":[{"@type":"ReadAction","target":["https:\/\/baltmeistars.lv\/elektrikis\/"]}]},{"@type":"ImageObject","inLanguage":"lv-LV","@id":"https:\/\/baltmeistars.lv\/elektrikis\/#primaryimage","url":"https:\/\/baltmeistars.lv\/wp-content\/uploads\/2021\/03\/balt-foto.jpg","contentUrl":"https:\/\/baltmeistars.lv\/wp-content\/uploads\/2021\/03\/balt-foto.jpg","width":300,"height":133,"caption":"smart"},{"@type":"BreadcrumbList","@id":"https:\/\/baltmeistars.lv\/elektrikis\/#breadcrumb","itemListElement":[{"@type":"ListItem","position":1,"name":"Home","item":"https:\/\/baltmeistars.lv\/lv\/"},{"@type":"ListItem","position":2,"name":"Elektr\u012bba"}]},{"@type":"WebSite","@id":"https:\/\/baltmeistars.lv\/lv\/#website","url":"https:\/\/baltmeistars.lv\/lv\/","name":"Baltmeistars","description":"Celtniec\u012bbas nozare","alternateName":"Baltmeistars.lv","potentialAction":[{"@type":"SearchAction","target":{"@type":"EntryPoint","urlTemplate":"https:\/\/baltmeistars.lv\/lv\/?s={search_term_string}"},"query-input":{"@type":"PropertyValueSpecification","valueRequired":true,"valueName":"search_term_string"}}],"inLanguage":"lv-LV"}]}},"_links":{"self":[{"href":"https:\/\/baltmeistars.lv\/lv\/wp-json\/wp\/v2\/pages\/6767","targetHints":{"allow":["GET"]}}],"collection":[{"href":"https:\/\/baltmeistars.lv\/lv\/wp-json\/wp\/v2\/pages"}],"about":[{"href":"https:\/\/baltmeistars.lv\/lv\/wp-json\/wp\/v2\/types\/page"}],"author":[{"embeddable":true,"href":"https:\/\/baltmeistars.lv\/lv\/wp-json\/wp\/v2\/users\/1"}],"replies":[{"embeddable":true,"href":"https:\/\/baltmeistars.lv\/lv\/wp-json\/wp\/v2\/comments?post=6767"}],"version-history":[{"count":6,"href":"https:\/\/baltmeistars.lv\/lv\/wp-json\/wp\/v2\/pages\/6767\/revisions"}],"predecessor-version":[{"id":7243,"href":"https:\/\/baltmeistars.lv\/lv\/wp-json\/wp\/v2\/pages\/6767\/revisions\/7243"}],"wp:featuredmedia":[{"embeddable":true,"href":"https:\/\/baltmeistars.lv\/lv\/wp-json\/wp\/v2\/media\/7031"}],"wp:attachment":[{"href":"https:\/\/baltmeistars.lv\/lv\/wp-json\/wp\/v2\/media?parent=6767"}],"curies":[{"name":"wp","href":"https:\/\/api.w.org\/{rel}","templated":true}]}}