{"id":6771,"date":"2021-02-28T03:32:43","date_gmt":"2021-02-28T01:32:43","guid":{"rendered":"https:\/\/devilsecure.com\/?page_id=6771"},"modified":"2025-02-24T10:57:45","modified_gmt":"2025-02-24T08:57:45","slug":"apdare","status":"publish","type":"page","link":"https:\/\/baltmeistars.lv\/lv\/apdare\/","title":{"rendered":"Apdare"},"content":{"rendered":"\n<p>God\u0101tie klienti!<\/p>\n\n\n\n<p>J\u016bs esat uzc\u0113lu\u0161i savu pirmo m\u0101ju! M\u0101ja ir zem jumta, logi ir ielikti un tagad k\u0101rta m\u0101jas apdarei. M\u0101jas apdares darbi dal\u0101s divos blokos \u2013 iek\u0161\u0113j\u0101 un \u0101r\u0113j\u0101 apdare.<\/p>\n\n\n\n<p>M\u0101jas iek\u0161\u0113j\u0101s apdares darbi ir sare\u017e\u0123\u012bts un darbietilp\u012bgs process. Galvenais iek\u0161\u0113jais apdarbu darbu veik\u0161anas nosac\u012bjums ir pareiza darbu pl\u0101no\u0161ana.<\/p>\n\n\n\n<p>Pirms darbu uzs\u0101k\u0161anas ir j\u0101atbr\u012bvo telpa. Tad seko virsmu iepriek\u0161\u0113j\u0101 apstr\u0101de \u2013 grunt\u0113\u0161ana vai hidroizol\u0101cijas uzkl\u0101\u0161ana. Tad var \u0137erties kl\u0101t gr\u012bdas izl\u012bdzin\u0101\u0161anas darbiem, sienu apme\u0161anai un \u0161paktel\u0113\u0161anai (oblig\u0101ti j\u0101\u0146em ver\u0101 to, ka mitr\u0101s telp\u0101s j\u0101izmanto cementa apmetums), ier\u012bko griestus no gi\u0161kartona ar tai sekojo\u0161u \u0161paktel\u0113\u0161anu, durvu ai\u013cu\/kastu mont\u0101\u017eai, fl\u012b\u017eu kl\u0101\u0161anai un citiem iek\u0161\u0113j\u0101s apdares darbiem. Svar\u012bgi, lai visi veicamie darbi norit\u0113tu ritmiski un sec\u012bgi un katrs n\u0101kamais darbu solis b\u016btu sec\u012bgs un nerad\u012btu haosu vai neatbilst\u012bbas, ce\u013c\u0101 uz J\u016bsu m\u0113r\u0137a sasnieg\u0161anu.<\/p>\n\n\n\n<p>No blokiem celtas m\u0101jas \u0101r\u0113j\u0101 apdare ir kombin\u0113ts process \u2013 tiek veikti divu veidu darbi \u2013 \u0101rsienu siltin\u0101\u0161ana un gal\u0113j\u0101 apstr\u0101de. Karkasa b\u016bves \u0101rsienu apdares process sast\u0101v, galvenok\u0101rt, no fas\u0101des apdares darbiem.<\/p>\n\n\n\n<p>Pied\u0101v\u0101ju veikt visus aprakst\u0101 min\u0113tos iek\u0161\u0113j\u0101s un \u0101r\u0113j\u0101s apdares darbus Siguldas un In\u010dukalna novados un R\u012bgas rajon\u0101.<\/p>\n","protected":false},"excerpt":{"rendered":"<p>God\u0101tie klienti! J\u016bs esat uzc\u0113lu\u0161i savu pirmo m\u0101ju! M\u0101ja ir zem jumta, logi ir ielikti un tagad k\u0101rta m\u0101jas apdarei. M\u0101jas apdares darbi dal\u0101s divos blokos \u2013 iek\u0161\u0113j\u0101 un \u0101r\u0113j\u0101 apdare. M\u0101jas iek\u0161\u0113j\u0101s apdares darbi ir sare\u017e\u0123\u012bts un darbietilp\u012bgs process. Galvenais iek\u0161\u0113jais apdarbu darbu veik\u0161anas nosac\u012bjums ir pareiza darbu pl\u0101no\u0161ana. Pirms darbu uzs\u0101k\u0161anas ir j\u0101atbr\u012bvo <!-- more-link -->[&hellip;] <a href=\"https:\/\/baltmeistars.lv\/lv\/apdare\/\" class=\"more more-link\">Las\u012bt vair\u0101k<\/a><\/p>\n","protected":false},"author":1,"featured_media":0,"parent":0,"menu_order":0,"comment_status":"closed","ping_status":"closed","template":"","meta":{"_acf_changed":false,"footnotes":""},"class_list":["post-6771","page","type-page","status-publish","hentry"],"acf":[],"yoast_head":"<!-- This site is optimized with the Yoast SEO plugin v24.5 - https:\/\/yoast.com\/wordpress\/plugins\/seo\/ -->\n<title>Apdare - Baltmeistars<\/title>\n<meta name=\"robots\" content=\"index, follow, max-snippet:-1, max-image-preview:large, max-video-preview:-1\" \/>\n<link rel=\"canonical\" href=\"https:\/\/baltmeistars.lv\/lv\/apdare\/\" \/>\n<meta property=\"og:locale\" content=\"lv_LV\" \/>\n<meta property=\"og:type\" content=\"article\" \/>\n<meta property=\"og:title\" content=\"Apdare - Baltmeistars\" \/>\n<meta property=\"og:description\" content=\"God\u0101tie klienti! J\u016bs esat uzc\u0113lu\u0161i savu pirmo m\u0101ju! M\u0101ja ir zem jumta, logi ir ielikti un tagad k\u0101rta m\u0101jas apdarei. M\u0101jas apdares darbi dal\u0101s divos blokos \u2013 iek\u0161\u0113j\u0101 un \u0101r\u0113j\u0101 apdare. M\u0101jas iek\u0161\u0113j\u0101s apdares darbi ir sare\u017e\u0123\u012bts un darbietilp\u012bgs process. Galvenais iek\u0161\u0113jais apdarbu darbu veik\u0161anas nosac\u012bjums ir pareiza darbu pl\u0101no\u0161ana. Pirms darbu uzs\u0101k\u0161anas ir j\u0101atbr\u012bvo [&hellip;] Las\u012bt vair\u0101k\" \/>\n<meta property=\"og:url\" content=\"https:\/\/baltmeistars.lv\/lv\/apdare\/\" \/>\n<meta property=\"og:site_name\" content=\"Baltmeistars\" \/>\n<meta property=\"article:modified_time\" content=\"2025-02-24T08:57:45+00:00\" \/>\n<meta name=\"twitter:card\" content=\"summary_large_image\" \/>\n<meta name=\"twitter:label1\" content=\"Est. reading time\" \/>\n\t<meta name=\"twitter:data1\" content=\"1 min\u016bte\" \/>\n<script type=\"application\/ld+json\" class=\"yoast-schema-graph\">{\"@context\":\"https:\/\/schema.org\",\"@graph\":[{\"@type\":\"WebPage\",\"@id\":\"https:\/\/baltmeistars.lv\/apdare\/\",\"url\":\"https:\/\/baltmeistars.lv\/apdare\/\",\"name\":\"Apdare - Baltmeistars\",\"isPartOf\":{\"@id\":\"https:\/\/baltmeistars.lv\/lv\/#website\"},\"datePublished\":\"2021-02-28T01:32:43+00:00\",\"dateModified\":\"2025-02-24T08:57:45+00:00\",\"breadcrumb\":{\"@id\":\"https:\/\/baltmeistars.lv\/apdare\/#breadcrumb\"},\"inLanguage\":\"lv-LV\",\"potentialAction\":[{\"@type\":\"ReadAction\",\"target\":[\"https:\/\/baltmeistars.lv\/apdare\/\"]}]},{\"@type\":\"BreadcrumbList\",\"@id\":\"https:\/\/baltmeistars.lv\/apdare\/#breadcrumb\",\"itemListElement\":[{\"@type\":\"ListItem\",\"position\":1,\"name\":\"Home\",\"item\":\"https:\/\/baltmeistars.lv\/lv\/\"},{\"@type\":\"ListItem\",\"position\":2,\"name\":\"Apdare\"}]},{\"@type\":\"WebSite\",\"@id\":\"https:\/\/baltmeistars.lv\/lv\/#website\",\"url\":\"https:\/\/baltmeistars.lv\/lv\/\",\"name\":\"Baltmeistars\",\"description\":\"Celtniec\u012bbas nozare\",\"alternateName\":\"Baltmeistars.lv\",\"potentialAction\":[{\"@type\":\"SearchAction\",\"target\":{\"@type\":\"EntryPoint\",\"urlTemplate\":\"https:\/\/baltmeistars.lv\/lv\/?s={search_term_string}\"},\"query-input\":{\"@type\":\"PropertyValueSpecification\",\"valueRequired\":true,\"valueName\":\"search_term_string\"}}],\"inLanguage\":\"lv-LV\"}]}<\/script>\n<!-- \/ Yoast SEO plugin. -->","yoast_head_json":{"title":"Apdare - Baltmeistars","robots":{"index":"index","follow":"follow","max-snippet":"max-snippet:-1","max-image-preview":"max-image-preview:large","max-video-preview":"max-video-preview:-1"},"canonical":"https:\/\/baltmeistars.lv\/lv\/apdare\/","og_locale":"lv_LV","og_type":"article","og_title":"Apdare - Baltmeistars","og_description":"God\u0101tie klienti! J\u016bs esat uzc\u0113lu\u0161i savu pirmo m\u0101ju! M\u0101ja ir zem jumta, logi ir ielikti un tagad k\u0101rta m\u0101jas apdarei. M\u0101jas apdares darbi dal\u0101s divos blokos \u2013 iek\u0161\u0113j\u0101 un \u0101r\u0113j\u0101 apdare. M\u0101jas iek\u0161\u0113j\u0101s apdares darbi ir sare\u017e\u0123\u012bts un darbietilp\u012bgs process. Galvenais iek\u0161\u0113jais apdarbu darbu veik\u0161anas nosac\u012bjums ir pareiza darbu pl\u0101no\u0161ana. Pirms darbu uzs\u0101k\u0161anas ir j\u0101atbr\u012bvo [&hellip;] Las\u012bt vair\u0101k","og_url":"https:\/\/baltmeistars.lv\/lv\/apdare\/","og_site_name":"Baltmeistars","article_modified_time":"2025-02-24T08:57:45+00:00","twitter_card":"summary_large_image","twitter_misc":{"Est. reading time":"1 min\u016bte"},"schema":{"@context":"https:\/\/schema.org","@graph":[{"@type":"WebPage","@id":"https:\/\/baltmeistars.lv\/apdare\/","url":"https:\/\/baltmeistars.lv\/apdare\/","name":"Apdare - Baltmeistars","isPartOf":{"@id":"https:\/\/baltmeistars.lv\/lv\/#website"},"datePublished":"2021-02-28T01:32:43+00:00","dateModified":"2025-02-24T08:57:45+00:00","breadcrumb":{"@id":"https:\/\/baltmeistars.lv\/apdare\/#breadcrumb"},"inLanguage":"lv-LV","potentialAction":[{"@type":"ReadAction","target":["https:\/\/baltmeistars.lv\/apdare\/"]}]},{"@type":"BreadcrumbList","@id":"https:\/\/baltmeistars.lv\/apdare\/#breadcrumb","itemListElement":[{"@type":"ListItem","position":1,"name":"Home","item":"https:\/\/baltmeistars.lv\/lv\/"},{"@type":"ListItem","position":2,"name":"Apdare"}]},{"@type":"WebSite","@id":"https:\/\/baltmeistars.lv\/lv\/#website","url":"https:\/\/baltmeistars.lv\/lv\/","name":"Baltmeistars","description":"Celtniec\u012bbas nozare","alternateName":"Baltmeistars.lv","potentialAction":[{"@type":"SearchAction","target":{"@type":"EntryPoint","urlTemplate":"https:\/\/baltmeistars.lv\/lv\/?s={search_term_string}"},"query-input":{"@type":"PropertyValueSpecification","valueRequired":true,"valueName":"search_term_string"}}],"inLanguage":"lv-LV"}]}},"_links":{"self":[{"href":"https:\/\/baltmeistars.lv\/lv\/wp-json\/wp\/v2\/pages\/6771","targetHints":{"allow":["GET"]}}],"collection":[{"href":"https:\/\/baltmeistars.lv\/lv\/wp-json\/wp\/v2\/pages"}],"about":[{"href":"https:\/\/baltmeistars.lv\/lv\/wp-json\/wp\/v2\/types\/page"}],"author":[{"embeddable":true,"href":"https:\/\/baltmeistars.lv\/lv\/wp-json\/wp\/v2\/users\/1"}],"replies":[{"embeddable":true,"href":"https:\/\/baltmeistars.lv\/lv\/wp-json\/wp\/v2\/comments?post=6771"}],"version-history":[{"count":15,"href":"https:\/\/baltmeistars.lv\/lv\/wp-json\/wp\/v2\/pages\/6771\/revisions"}],"predecessor-version":[{"id":7306,"href":"https:\/\/baltmeistars.lv\/lv\/wp-json\/wp\/v2\/pages\/6771\/revisions\/7306"}],"wp:attachment":[{"href":"https:\/\/baltmeistars.lv\/lv\/wp-json\/wp\/v2\/media?parent=6771"}],"curies":[{"name":"wp","href":"https:\/\/api.w.org\/{rel}","templated":true}]}}