{"id":6773,"date":"2021-02-28T03:33:02","date_gmt":"2021-02-28T01:33:02","guid":{"rendered":"https:\/\/devilsecure.com\/?page_id=6773"},"modified":"2025-02-20T08:51:58","modified_gmt":"2025-02-20T06:51:58","slug":"jumts","status":"publish","type":"page","link":"https:\/\/baltmeistars.lv\/lv\/jumts\/","title":{"rendered":"Jumta darbi"},"content":{"rendered":"\n<p>God\u0101tie klienti,<\/p>\n\n\n\n<p>Jumta b\u016bves vai nomai\u0146as darbi ir \u013coti svar\u012bgs etaps J\u016bsu m\u0101jas b\u016bvniec\u012bbas proces\u0101.\u0160o darbu etaps ir tie\u0161i atkar\u012bgs no laika apst\u0101k\u013ciem, \u012bpa\u0161i gad\u012bjumos, ja tiek veikts jumta remonts vai t\u0101 nomai\u0146a. Jumta mater\u0101la tips un kr\u0101sa ir fiks\u0113ti b\u016bvniec\u012bbas projekta dokument\u0101cij\u0101, k\u0101 ar\u012b taj\u0101 ir paredz\u0113ti visi citi mont\u0101\u017eai nepiecie\u0161amie elementi.<\/p>\n\n\n\n<p>Ikvienai b\u016bvei, kas atrodas uz J\u016bsu zemes gabala, ir jumts \u2013 vai t\u0101 b\u016btu m\u0101ja, terase, lapene, pirts, malkas \u0161\u0137\u016bnis vai saimniec\u012bbas \u0113ka. Ja skat\u012bties uz visu uz zemes gabala eso\u0161o \u0113ku kompleksu kopum\u0101, tad visam jumta materi\u0101lam vajadz\u0113tu izskat\u012bties harmoniski, lai nerad\u012btu disonansi. Atsevi\u0161\u0137\u0101s Latvijas pa\u0161vald\u012bb\u0101s b\u016bvvaldes galvenais arhitekts var reglament\u0113t ar\u012b jumta seguma kr\u0101su.<\/p>\n\n\n\n<p>Atkar\u012bb\u0101 no \u0113kas izm\u0113ra, at\u0161\u0137iras ar\u012b jumta izm\u0113ri, t\u0101d\u0113\u013c v\u0113los v\u0113rst J\u016bsu uzman\u012bbu uz faktu, kur\u0161 j\u0101\u0146em v\u0113r\u0101, izv\u0113loties jumta materi\u0101lu. Jo sare\u017e\u0123\u012bt\u0101ka jumta konstrukcija, jo d\u0101rg\u0101k izmaks\u0101s jumta materi\u0101ls.Materi\u0101ls ir j\u0101ieg\u0101d\u0101jas pietiekami liel\u0101 daudzum\u0101, jo veicot uzst\u0101d\u012b\u0161anas darbus, veidojas daudz atgriezumi. Uzkl\u0101jot liela izm\u0113ra jumtu, jebkur\u0161 pa\u0161laik tirg\u016b pieejamais materi\u0101ls izskat\u012bsies skaisti un pild\u012bs savu funkciju, t\u0101d\u0113\u013c jumta materi\u0101la izv\u0113le ir katra klienta gaumes jaut\u0101jums. Ja runa ir par jumta materi\u0101la izv\u0113li maz\u0101m \u0113k\u0101m (piem. lapenei), tad var mekl\u0113t kompromisa risin\u0101jumu k\u0101du materi\u0101lu izv\u0113l\u0113ties, lai saglab\u0101tu harmonisku kopskatu ar cit\u0101m uz zemes gabala blakust\u0101vo\u0161\u0101m \u0113k\u0101m<\/p>\n\n\n\n<p>Pied\u0101v\u0101ju vekt visa veida jumtu uzst\u0101d\u012b\u0161anas darbus Siguldas un In\u010dukalna novados un R\u012bgas rajon\u0101..<\/p>\n","protected":false},"excerpt":{"rendered":"<p>God\u0101tie klienti, Jumta b\u016bves vai nomai\u0146as darbi ir \u013coti svar\u012bgs etaps J\u016bsu m\u0101jas b\u016bvniec\u012bbas proces\u0101.\u0160o darbu etaps ir tie\u0161i atkar\u012bgs no laika apst\u0101k\u013ciem, \u012bpa\u0161i gad\u012bjumos, ja tiek veikts jumta remonts vai t\u0101 nomai\u0146a. Jumta mater\u0101la tips un kr\u0101sa ir fiks\u0113ti b\u016bvniec\u012bbas projekta dokument\u0101cij\u0101, k\u0101 ar\u012b taj\u0101 ir paredz\u0113ti visi citi mont\u0101\u017eai nepiecie\u0161amie elementi. Ikvienai b\u016bvei, <!-- more-link -->[&hellip;] <a href=\"https:\/\/baltmeistars.lv\/lv\/jumts\/\" class=\"more more-link\">Las\u012bt vair\u0101k<\/a><\/p>\n","protected":false},"author":1,"featured_media":0,"parent":0,"menu_order":0,"comment_status":"closed","ping_status":"closed","template":"","meta":{"_acf_changed":false,"footnotes":""},"class_list":["post-6773","page","type-page","status-publish","hentry"],"acf":[],"yoast_head":"<!-- This site is optimized with the Yoast SEO plugin v24.5 - https:\/\/yoast.com\/wordpress\/plugins\/seo\/ -->\n<title>Jumta darbi - Baltmeistars<\/title>\n<meta name=\"robots\" content=\"index, follow, max-snippet:-1, max-image-preview:large, max-video-preview:-1\" \/>\n<link rel=\"canonical\" href=\"https:\/\/baltmeistars.lv\/lv\/jumts\/\" \/>\n<meta property=\"og:locale\" content=\"lv_LV\" \/>\n<meta property=\"og:type\" content=\"article\" \/>\n<meta property=\"og:title\" content=\"Jumta darbi - Baltmeistars\" \/>\n<meta property=\"og:description\" content=\"God\u0101tie klienti, Jumta b\u016bves vai nomai\u0146as darbi ir \u013coti svar\u012bgs etaps J\u016bsu m\u0101jas b\u016bvniec\u012bbas proces\u0101.\u0160o darbu etaps ir tie\u0161i atkar\u012bgs no laika apst\u0101k\u013ciem, \u012bpa\u0161i gad\u012bjumos, ja tiek veikts jumta remonts vai t\u0101 nomai\u0146a. Jumta mater\u0101la tips un kr\u0101sa ir fiks\u0113ti b\u016bvniec\u012bbas projekta dokument\u0101cij\u0101, k\u0101 ar\u012b taj\u0101 ir paredz\u0113ti visi citi mont\u0101\u017eai nepiecie\u0161amie elementi. Ikvienai b\u016bvei, [&hellip;] Las\u012bt vair\u0101k\" \/>\n<meta property=\"og:url\" content=\"https:\/\/baltmeistars.lv\/lv\/jumts\/\" \/>\n<meta property=\"og:site_name\" content=\"Baltmeistars\" \/>\n<meta property=\"article:modified_time\" content=\"2025-02-20T06:51:58+00:00\" \/>\n<meta name=\"twitter:card\" content=\"summary_large_image\" \/>\n<meta name=\"twitter:label1\" content=\"Est. reading time\" \/>\n\t<meta name=\"twitter:data1\" content=\"1 min\u016bte\" \/>\n<script type=\"application\/ld+json\" class=\"yoast-schema-graph\">{\"@context\":\"https:\/\/schema.org\",\"@graph\":[{\"@type\":\"WebPage\",\"@id\":\"https:\/\/baltmeistars.lv\/jumts\/\",\"url\":\"https:\/\/baltmeistars.lv\/jumts\/\",\"name\":\"Jumta darbi - Baltmeistars\",\"isPartOf\":{\"@id\":\"https:\/\/baltmeistars.lv\/lv\/#website\"},\"datePublished\":\"2021-02-28T01:33:02+00:00\",\"dateModified\":\"2025-02-20T06:51:58+00:00\",\"breadcrumb\":{\"@id\":\"https:\/\/baltmeistars.lv\/jumts\/#breadcrumb\"},\"inLanguage\":\"lv-LV\",\"potentialAction\":[{\"@type\":\"ReadAction\",\"target\":[\"https:\/\/baltmeistars.lv\/jumts\/\"]}]},{\"@type\":\"BreadcrumbList\",\"@id\":\"https:\/\/baltmeistars.lv\/jumts\/#breadcrumb\",\"itemListElement\":[{\"@type\":\"ListItem\",\"position\":1,\"name\":\"Home\",\"item\":\"https:\/\/baltmeistars.lv\/lv\/\"},{\"@type\":\"ListItem\",\"position\":2,\"name\":\"Jumta darbi\"}]},{\"@type\":\"WebSite\",\"@id\":\"https:\/\/baltmeistars.lv\/lv\/#website\",\"url\":\"https:\/\/baltmeistars.lv\/lv\/\",\"name\":\"Baltmeistars\",\"description\":\"Celtniec\u012bbas nozare\",\"alternateName\":\"Baltmeistars.lv\",\"potentialAction\":[{\"@type\":\"SearchAction\",\"target\":{\"@type\":\"EntryPoint\",\"urlTemplate\":\"https:\/\/baltmeistars.lv\/lv\/?s={search_term_string}\"},\"query-input\":{\"@type\":\"PropertyValueSpecification\",\"valueRequired\":true,\"valueName\":\"search_term_string\"}}],\"inLanguage\":\"lv-LV\"}]}<\/script>\n<!-- \/ Yoast SEO plugin. -->","yoast_head_json":{"title":"Jumta darbi - Baltmeistars","robots":{"index":"index","follow":"follow","max-snippet":"max-snippet:-1","max-image-preview":"max-image-preview:large","max-video-preview":"max-video-preview:-1"},"canonical":"https:\/\/baltmeistars.lv\/lv\/jumts\/","og_locale":"lv_LV","og_type":"article","og_title":"Jumta darbi - Baltmeistars","og_description":"God\u0101tie klienti, Jumta b\u016bves vai nomai\u0146as darbi ir \u013coti svar\u012bgs etaps J\u016bsu m\u0101jas b\u016bvniec\u012bbas proces\u0101.\u0160o darbu etaps ir tie\u0161i atkar\u012bgs no laika apst\u0101k\u013ciem, \u012bpa\u0161i gad\u012bjumos, ja tiek veikts jumta remonts vai t\u0101 nomai\u0146a. Jumta mater\u0101la tips un kr\u0101sa ir fiks\u0113ti b\u016bvniec\u012bbas projekta dokument\u0101cij\u0101, k\u0101 ar\u012b taj\u0101 ir paredz\u0113ti visi citi mont\u0101\u017eai nepiecie\u0161amie elementi. Ikvienai b\u016bvei, [&hellip;] Las\u012bt vair\u0101k","og_url":"https:\/\/baltmeistars.lv\/lv\/jumts\/","og_site_name":"Baltmeistars","article_modified_time":"2025-02-20T06:51:58+00:00","twitter_card":"summary_large_image","twitter_misc":{"Est. reading time":"1 min\u016bte"},"schema":{"@context":"https:\/\/schema.org","@graph":[{"@type":"WebPage","@id":"https:\/\/baltmeistars.lv\/jumts\/","url":"https:\/\/baltmeistars.lv\/jumts\/","name":"Jumta darbi - Baltmeistars","isPartOf":{"@id":"https:\/\/baltmeistars.lv\/lv\/#website"},"datePublished":"2021-02-28T01:33:02+00:00","dateModified":"2025-02-20T06:51:58+00:00","breadcrumb":{"@id":"https:\/\/baltmeistars.lv\/jumts\/#breadcrumb"},"inLanguage":"lv-LV","potentialAction":[{"@type":"ReadAction","target":["https:\/\/baltmeistars.lv\/jumts\/"]}]},{"@type":"BreadcrumbList","@id":"https:\/\/baltmeistars.lv\/jumts\/#breadcrumb","itemListElement":[{"@type":"ListItem","position":1,"name":"Home","item":"https:\/\/baltmeistars.lv\/lv\/"},{"@type":"ListItem","position":2,"name":"Jumta darbi"}]},{"@type":"WebSite","@id":"https:\/\/baltmeistars.lv\/lv\/#website","url":"https:\/\/baltmeistars.lv\/lv\/","name":"Baltmeistars","description":"Celtniec\u012bbas nozare","alternateName":"Baltmeistars.lv","potentialAction":[{"@type":"SearchAction","target":{"@type":"EntryPoint","urlTemplate":"https:\/\/baltmeistars.lv\/lv\/?s={search_term_string}"},"query-input":{"@type":"PropertyValueSpecification","valueRequired":true,"valueName":"search_term_string"}}],"inLanguage":"lv-LV"}]}},"_links":{"self":[{"href":"https:\/\/baltmeistars.lv\/lv\/wp-json\/wp\/v2\/pages\/6773","targetHints":{"allow":["GET"]}}],"collection":[{"href":"https:\/\/baltmeistars.lv\/lv\/wp-json\/wp\/v2\/pages"}],"about":[{"href":"https:\/\/baltmeistars.lv\/lv\/wp-json\/wp\/v2\/types\/page"}],"author":[{"embeddable":true,"href":"https:\/\/baltmeistars.lv\/lv\/wp-json\/wp\/v2\/users\/1"}],"replies":[{"embeddable":true,"href":"https:\/\/baltmeistars.lv\/lv\/wp-json\/wp\/v2\/comments?post=6773"}],"version-history":[{"count":5,"href":"https:\/\/baltmeistars.lv\/lv\/wp-json\/wp\/v2\/pages\/6773\/revisions"}],"predecessor-version":[{"id":7253,"href":"https:\/\/baltmeistars.lv\/lv\/wp-json\/wp\/v2\/pages\/6773\/revisions\/7253"}],"wp:attachment":[{"href":"https:\/\/baltmeistars.lv\/lv\/wp-json\/wp\/v2\/media?parent=6773"}],"curies":[{"name":"wp","href":"https:\/\/api.w.org\/{rel}","templated":true}]}}