{"id":6775,"date":"2021-02-28T03:33:17","date_gmt":"2021-02-28T01:33:17","guid":{"rendered":"https:\/\/devilsecure.com\/?page_id=6775"},"modified":"2025-02-24T11:01:18","modified_gmt":"2025-02-24T09:01:18","slug":"apkure","status":"publish","type":"page","link":"https:\/\/baltmeistars.lv\/lv\/apkure\/","title":{"rendered":"Apkure"},"content":{"rendered":"\n<p>God\u0101tie klienti!<\/p>\n\n\n\n<p>K\u0101du apkures sist\u0113mu un veidu izv\u0113l\u0113ties savai m\u0101jai, k\u0101das iek\u0101rtas izmantot, lai apkures sist\u0113mas efektivit\u0101te b\u016btu maksim\u0101li augsta, vienlaic\u012bgi izdevumi siltuma ener\u0123ijas rad\u012b\u0161anai sapr\u0101t\u012bgi \u2013 tas ir \u013coti nopietns jaut\u0101jums, atbilde, uz kuru nav vienk\u0101r\u0161a un viennoz\u012bm\u012bga.<\/p>\n\n\n\n<p>Lai non\u0101ktu pie augst\u0101kmin\u0113t\u0101 risin\u0101juma, ir svar\u012bgi saprast J\u016bsu m\u0101jas energoefektivit\u0101tes l\u012bmeni \u2013 no k\u0101diem materi\u0101liem m\u0101ja ir uzcelta, k\u0101 un, izmatojot k\u0101dus materi\u0101lus ir veikta m\u0101jas siltin\u0101\u0161ana. B\u016bves energoefektivit\u0101tes sertifik\u0101ts ir viens no nepiecie\u0161amajiem dokumentiem nododot \u0113ku ekspluat\u0101cij\u0101.<\/p>\n\n\n\n<p>Ja m\u0101jas projekts ir izstr\u0101d\u0101ts p\u0101rdom\u0101ti, visi b\u016bvniec\u012bbas darbi veikti kvalitat\u012bvi un m\u0101jas siltin\u0101juma un siltuma aiztur\u0113\u0161anas koeficients ir augsts, tad izv\u0113l\u0113ties atbilsto\u0161\u0101ko apkures sist\u0113mu b\u016bs daudz vienk\u0101r\u0161\u0101k.<\/p>\n\n\n\n<p>J\u016bsu m\u0101jas apkurei var izmantot sekojo\u0161as apkures iek\u0101rtas<\/p>\n\n\n\n<figure class=\"wp-block-image size-full is-resized\"><figure id=\"attachment_7188\" class=\"alignnone full-width-mobile thin\"><img loading=\"lazy\" decoding=\"async\" width=\"1029\" height=\"453\" src=\"https:\/\/baltmeistars.lv\/wp-content\/uploads\/2025\/02\/katls-rodion-as-Smart-Object-1-1.jpg\" alt=\"\" class=\"wp-image-7188\" style=\"width:477px;height:auto\"\/><\/figure><\/figure>\n\n\n\n<ul class=\"wp-block-list\">\n<li>Malkas kr\u0101sns vai kamn\u012bns<\/li>\n\n\n\n<li>Elektriskie vai e\u013c\u013cas radiatori, konvektora tipa radiatori<\/li>\n\n\n\n<li>Ciet\u0101 kurn\u0101m\u0101 katls<\/li>\n\n\n\n<li>Kombin\u0113tais granulu apkures katls<\/li>\n\n\n\n<li>G\u0101zes apkures katls<\/li>\n\n\n\n<li>Siltums\u016bk\u0146i <\/li>\n<\/ul>\n\n\n\n<p>Attiec\u012bgi siltumener\u0123ijas ra\u017eo\u0161anai var tikt izmantoti:<\/p>\n\n\n\n<ul class=\"wp-block-list\">\n<li>Malka, ogles, granulas, skaidu un k\u016bdras briketes<\/li>\n\n\n\n<li>\u0160\u0137idrais kurin\u0101mais \u2013 d\u012bze\u013cdegviela, tehniska e\u013c\u013ca<\/li>\n\n\n\n<li>Elektroener\u0123ija<\/li>\n\n\n\n<li>G\u0101ze<\/li>\n<\/ul>\n\n\n\n<p>Izv\u0113loties apkures sist\u0113mu savai m\u0101jai, ir svar\u012bgi saprast k\u0101di resursi ir vispieejam\u0101kie konkr\u0113taj\u0101 zemes gabala apk\u0101rtn\u0113, re\u0123ion\u0101 vai ar\u012b valst\u012b, kur\u0101 tas atrodas. T\u0101pat ir svar\u012bgi ar\u012b izv\u0113rt\u0113t izv\u0113l\u0113t\u0101 varianta finansi\u0101lo un ekonomisko pusi un saprast, k\u0101das \u0113rt\u012bbas un priek\u0161roc\u012bbas Jums sniedz izv\u0113l\u0113t\u0101 apkures sist\u0113ma.<\/p>\n\n\n\n<p>Pied\u0101v\u0101ju veikt rakst\u0101 min\u0113to apkures uzst\u0101d\u012b\u0161anas darbus un konsult\u0101cijas sist\u0113mas izv\u0113l\u0113 Siguldas un In\u010dukalna novados un R\u012bgas rajon\u0101.<\/p>\n","protected":false},"excerpt":{"rendered":"<p>God\u0101tie klienti! K\u0101du apkures sist\u0113mu un veidu izv\u0113l\u0113ties savai m\u0101jai, k\u0101das iek\u0101rtas izmantot, lai apkures sist\u0113mas efektivit\u0101te b\u016btu maksim\u0101li augsta, vienlaic\u012bgi izdevumi siltuma ener\u0123ijas rad\u012b\u0161anai sapr\u0101t\u012bgi \u2013 tas ir \u013coti nopietns jaut\u0101jums, atbilde, uz kuru nav vienk\u0101r\u0161a un viennoz\u012bm\u012bga. Lai non\u0101ktu pie augst\u0101kmin\u0113t\u0101 risin\u0101juma, ir svar\u012bgi saprast J\u016bsu m\u0101jas energoefektivit\u0101tes l\u012bmeni \u2013 no k\u0101diem materi\u0101liem <!-- more-link -->[&hellip;] <a href=\"https:\/\/baltmeistars.lv\/lv\/apkure\/\" class=\"more more-link\">Las\u012bt vair\u0101k<\/a><\/p>\n","protected":false},"author":1,"featured_media":0,"parent":0,"menu_order":0,"comment_status":"closed","ping_status":"closed","template":"","meta":{"_acf_changed":false,"footnotes":""},"class_list":["post-6775","page","type-page","status-publish","hentry"],"acf":[],"yoast_head":"<!-- This site is optimized with the Yoast SEO plugin v24.5 - https:\/\/yoast.com\/wordpress\/plugins\/seo\/ -->\n<title>Apkure - Baltmeistars<\/title>\n<meta name=\"robots\" content=\"index, follow, max-snippet:-1, max-image-preview:large, max-video-preview:-1\" \/>\n<link rel=\"canonical\" href=\"https:\/\/baltmeistars.lv\/lv\/apkure\/\" \/>\n<meta property=\"og:locale\" content=\"lv_LV\" \/>\n<meta property=\"og:type\" content=\"article\" \/>\n<meta property=\"og:title\" content=\"Apkure - Baltmeistars\" \/>\n<meta property=\"og:description\" content=\"God\u0101tie klienti! K\u0101du apkures sist\u0113mu un veidu izv\u0113l\u0113ties savai m\u0101jai, k\u0101das iek\u0101rtas izmantot, lai apkures sist\u0113mas efektivit\u0101te b\u016btu maksim\u0101li augsta, vienlaic\u012bgi izdevumi siltuma ener\u0123ijas rad\u012b\u0161anai sapr\u0101t\u012bgi \u2013 tas ir \u013coti nopietns jaut\u0101jums, atbilde, uz kuru nav vienk\u0101r\u0161a un viennoz\u012bm\u012bga. Lai non\u0101ktu pie augst\u0101kmin\u0113t\u0101 risin\u0101juma, ir svar\u012bgi saprast J\u016bsu m\u0101jas energoefektivit\u0101tes l\u012bmeni \u2013 no k\u0101diem materi\u0101liem [&hellip;] Las\u012bt vair\u0101k\" \/>\n<meta property=\"og:url\" content=\"https:\/\/baltmeistars.lv\/lv\/apkure\/\" \/>\n<meta property=\"og:site_name\" content=\"Baltmeistars\" \/>\n<meta property=\"article:modified_time\" content=\"2025-02-24T09:01:18+00:00\" \/>\n<meta property=\"og:image\" content=\"https:\/\/baltmeistars.lv\/wp-content\/uploads\/2025\/02\/katls-rodion-as-Smart-Object-1-1.jpg\" \/>\n\t<meta property=\"og:image:width\" content=\"1029\" \/>\n\t<meta property=\"og:image:height\" content=\"453\" \/>\n\t<meta property=\"og:image:type\" content=\"image\/jpeg\" \/>\n<meta name=\"twitter:card\" content=\"summary_large_image\" \/>\n<meta name=\"twitter:label1\" content=\"Est. reading time\" \/>\n\t<meta name=\"twitter:data1\" content=\"2 min\u016btes\" \/>\n<script type=\"application\/ld+json\" class=\"yoast-schema-graph\">{\"@context\":\"https:\/\/schema.org\",\"@graph\":[{\"@type\":\"WebPage\",\"@id\":\"https:\/\/baltmeistars.lv\/apkure\/\",\"url\":\"https:\/\/baltmeistars.lv\/apkure\/\",\"name\":\"Apkure - Baltmeistars\",\"isPartOf\":{\"@id\":\"https:\/\/baltmeistars.lv\/lv\/#website\"},\"primaryImageOfPage\":{\"@id\":\"https:\/\/baltmeistars.lv\/apkure\/#primaryimage\"},\"image\":{\"@id\":\"https:\/\/baltmeistars.lv\/apkure\/#primaryimage\"},\"thumbnailUrl\":\"https:\/\/baltmeistars.lv\/wp-content\/uploads\/2025\/02\/katls-rodion-as-Smart-Object-1-1.jpg\",\"datePublished\":\"2021-02-28T01:33:17+00:00\",\"dateModified\":\"2025-02-24T09:01:18+00:00\",\"breadcrumb\":{\"@id\":\"https:\/\/baltmeistars.lv\/apkure\/#breadcrumb\"},\"inLanguage\":\"lv-LV\",\"potentialAction\":[{\"@type\":\"ReadAction\",\"target\":[\"https:\/\/baltmeistars.lv\/apkure\/\"]}]},{\"@type\":\"ImageObject\",\"inLanguage\":\"lv-LV\",\"@id\":\"https:\/\/baltmeistars.lv\/apkure\/#primaryimage\",\"url\":\"https:\/\/baltmeistars.lv\/wp-content\/uploads\/2025\/02\/katls-rodion-as-Smart-Object-1-1.jpg\",\"contentUrl\":\"https:\/\/baltmeistars.lv\/wp-content\/uploads\/2025\/02\/katls-rodion-as-Smart-Object-1-1.jpg\"},{\"@type\":\"BreadcrumbList\",\"@id\":\"https:\/\/baltmeistars.lv\/apkure\/#breadcrumb\",\"itemListElement\":[{\"@type\":\"ListItem\",\"position\":1,\"name\":\"Home\",\"item\":\"https:\/\/baltmeistars.lv\/lv\/\"},{\"@type\":\"ListItem\",\"position\":2,\"name\":\"Apkure\"}]},{\"@type\":\"WebSite\",\"@id\":\"https:\/\/baltmeistars.lv\/lv\/#website\",\"url\":\"https:\/\/baltmeistars.lv\/lv\/\",\"name\":\"Baltmeistars\",\"description\":\"Celtniec\u012bbas nozare\",\"alternateName\":\"Baltmeistars.lv\",\"potentialAction\":[{\"@type\":\"SearchAction\",\"target\":{\"@type\":\"EntryPoint\",\"urlTemplate\":\"https:\/\/baltmeistars.lv\/lv\/?s={search_term_string}\"},\"query-input\":{\"@type\":\"PropertyValueSpecification\",\"valueRequired\":true,\"valueName\":\"search_term_string\"}}],\"inLanguage\":\"lv-LV\"}]}<\/script>\n<!-- \/ Yoast SEO plugin. -->","yoast_head_json":{"title":"Apkure - Baltmeistars","robots":{"index":"index","follow":"follow","max-snippet":"max-snippet:-1","max-image-preview":"max-image-preview:large","max-video-preview":"max-video-preview:-1"},"canonical":"https:\/\/baltmeistars.lv\/lv\/apkure\/","og_locale":"lv_LV","og_type":"article","og_title":"Apkure - Baltmeistars","og_description":"God\u0101tie klienti! K\u0101du apkures sist\u0113mu un veidu izv\u0113l\u0113ties savai m\u0101jai, k\u0101das iek\u0101rtas izmantot, lai apkures sist\u0113mas efektivit\u0101te b\u016btu maksim\u0101li augsta, vienlaic\u012bgi izdevumi siltuma ener\u0123ijas rad\u012b\u0161anai sapr\u0101t\u012bgi \u2013 tas ir \u013coti nopietns jaut\u0101jums, atbilde, uz kuru nav vienk\u0101r\u0161a un viennoz\u012bm\u012bga. Lai non\u0101ktu pie augst\u0101kmin\u0113t\u0101 risin\u0101juma, ir svar\u012bgi saprast J\u016bsu m\u0101jas energoefektivit\u0101tes l\u012bmeni \u2013 no k\u0101diem materi\u0101liem [&hellip;] Las\u012bt vair\u0101k","og_url":"https:\/\/baltmeistars.lv\/lv\/apkure\/","og_site_name":"Baltmeistars","article_modified_time":"2025-02-24T09:01:18+00:00","og_image":[{"width":1029,"height":453,"url":"https:\/\/baltmeistars.lv\/wp-content\/uploads\/2025\/02\/katls-rodion-as-Smart-Object-1-1.jpg","type":"image\/jpeg"}],"twitter_card":"summary_large_image","twitter_misc":{"Est. reading time":"2 min\u016btes"},"schema":{"@context":"https:\/\/schema.org","@graph":[{"@type":"WebPage","@id":"https:\/\/baltmeistars.lv\/apkure\/","url":"https:\/\/baltmeistars.lv\/apkure\/","name":"Apkure - Baltmeistars","isPartOf":{"@id":"https:\/\/baltmeistars.lv\/lv\/#website"},"primaryImageOfPage":{"@id":"https:\/\/baltmeistars.lv\/apkure\/#primaryimage"},"image":{"@id":"https:\/\/baltmeistars.lv\/apkure\/#primaryimage"},"thumbnailUrl":"https:\/\/baltmeistars.lv\/wp-content\/uploads\/2025\/02\/katls-rodion-as-Smart-Object-1-1.jpg","datePublished":"2021-02-28T01:33:17+00:00","dateModified":"2025-02-24T09:01:18+00:00","breadcrumb":{"@id":"https:\/\/baltmeistars.lv\/apkure\/#breadcrumb"},"inLanguage":"lv-LV","potentialAction":[{"@type":"ReadAction","target":["https:\/\/baltmeistars.lv\/apkure\/"]}]},{"@type":"ImageObject","inLanguage":"lv-LV","@id":"https:\/\/baltmeistars.lv\/apkure\/#primaryimage","url":"https:\/\/baltmeistars.lv\/wp-content\/uploads\/2025\/02\/katls-rodion-as-Smart-Object-1-1.jpg","contentUrl":"https:\/\/baltmeistars.lv\/wp-content\/uploads\/2025\/02\/katls-rodion-as-Smart-Object-1-1.jpg"},{"@type":"BreadcrumbList","@id":"https:\/\/baltmeistars.lv\/apkure\/#breadcrumb","itemListElement":[{"@type":"ListItem","position":1,"name":"Home","item":"https:\/\/baltmeistars.lv\/lv\/"},{"@type":"ListItem","position":2,"name":"Apkure"}]},{"@type":"WebSite","@id":"https:\/\/baltmeistars.lv\/lv\/#website","url":"https:\/\/baltmeistars.lv\/lv\/","name":"Baltmeistars","description":"Celtniec\u012bbas nozare","alternateName":"Baltmeistars.lv","potentialAction":[{"@type":"SearchAction","target":{"@type":"EntryPoint","urlTemplate":"https:\/\/baltmeistars.lv\/lv\/?s={search_term_string}"},"query-input":{"@type":"PropertyValueSpecification","valueRequired":true,"valueName":"search_term_string"}}],"inLanguage":"lv-LV"}]}},"_links":{"self":[{"href":"https:\/\/baltmeistars.lv\/lv\/wp-json\/wp\/v2\/pages\/6775","targetHints":{"allow":["GET"]}}],"collection":[{"href":"https:\/\/baltmeistars.lv\/lv\/wp-json\/wp\/v2\/pages"}],"about":[{"href":"https:\/\/baltmeistars.lv\/lv\/wp-json\/wp\/v2\/types\/page"}],"author":[{"embeddable":true,"href":"https:\/\/baltmeistars.lv\/lv\/wp-json\/wp\/v2\/users\/1"}],"replies":[{"embeddable":true,"href":"https:\/\/baltmeistars.lv\/lv\/wp-json\/wp\/v2\/comments?post=6775"}],"version-history":[{"count":8,"href":"https:\/\/baltmeistars.lv\/lv\/wp-json\/wp\/v2\/pages\/6775\/revisions"}],"predecessor-version":[{"id":7308,"href":"https:\/\/baltmeistars.lv\/lv\/wp-json\/wp\/v2\/pages\/6775\/revisions\/7308"}],"wp:attachment":[{"href":"https:\/\/baltmeistars.lv\/lv\/wp-json\/wp\/v2\/media?parent=6775"}],"curies":[{"name":"wp","href":"https:\/\/api.w.org\/{rel}","templated":true}]}}