{"id":6791,"date":"2021-02-28T03:35:50","date_gmt":"2021-02-28T01:35:50","guid":{"rendered":"https:\/\/devilsecure.com\/?page_id=6791"},"modified":"2025-02-20T09:12:32","modified_gmt":"2025-02-20T07:12:32","slug":"montazas-darbi","status":"publish","type":"page","link":"https:\/\/baltmeistars.lv\/lv\/montazas-darbi\/","title":{"rendered":"Mont\u0101\u017eas darbi"},"content":{"rendered":"\n<p>God\u0101tie Klienti!<\/p>\n\n\n\n<div class=\"wp-block-image\"><figure class=\"alignleft size-large\"><figure id=\"attachment_7031\" class=\"alignnone full-width-mobile thin\"><img loading=\"lazy\" decoding=\"async\" width=\"300\" height=\"133\" src=\"https:\/\/baltmeistars.lv\/wp-content\/uploads\/2021\/03\/balt-foto.jpg\" alt=\"\" class=\"wp-image-7031\" srcset=\"https:\/\/baltmeistars.lv\/wp-content\/uploads\/2021\/03\/balt-foto.jpg 300w, https:\/\/baltmeistars.lv\/wp-content\/uploads\/2021\/03\/balt-foto-16x7.jpg 16w, https:\/\/baltmeistars.lv\/wp-content\/uploads\/2021\/03\/balt-foto-220x98.jpg 220w, https:\/\/baltmeistars.lv\/wp-content\/uploads\/2021\/03\/balt-foto-146x65.jpg 146w\" sizes=\"auto, (max-width: 300px) 100vw, 300px\" \/><\/figure><figcaption>smart<\/figcaption><\/figure><\/div>\n\n\n\n<p>Elektr\u012bbas piesl\u0113g\u0161anas process J\u016bsu m\u0101jai sast\u0101v no diviem etapiem. Pirmais \u2013 elektrifik\u0101cijas projekta izstr\u0101de un elektr\u012bbas padeves vietas ier\u012bko\u0161anas, ko veic Sadalales T\u012bkli, tad tiek uzst\u0101d\u012bts elektr\u012bbas skait\u012bt\u0101js un autom\u0101ts, kur\u0161 regul\u0113 J\u016bsu m\u0101jai paredz\u0113t\u0101s spriedzes lielumu. Priv\u0101tm\u0101j\u0101m parasti izv\u0113las 3 f\u0101\u017eu elektr\u012bbas piesl\u0113gumu ar jaudu no 16 l\u012bdz 32 amp\u0113riem. Otrs etaps \u2013 tie ir mont\u0101\u017eas darbi, kas tie\u0161i saist\u012bti ar elektr\u012bbas padeves ievilk\u0161anu un piesl\u0113g\u0161anu J\u016bsu m\u0101j\u0101., proti, elektokabe\u013cu iekl\u0101\u0161ana, elektr\u012bbas roze\u0161u, sl\u0113d\u017eu, p\u0101rsl\u0113d\u017eu uzst\u0101d\u012b\u0161ana, apgaismes objektu un sadz\u012bves tehnikas mont\u0101\u017ea un piesleg\u0161ana.<\/p>\n\n\n\n<p>P\u0113c galven\u0101 str\u0101vas padeves kabe\u013ca ievilk\u0161anas m\u0101j\u0101, tiek veikti sekojo\u0161i darbi:<\/p>\n\n\n\n<ul class=\"wp-block-list\"><li>Elektrisko kabe\u013cu iekl\u0101\u0161ana no sadales skapja l\u012bdz elektr\u012bbas pat\u0113ri\u0146a vietai<\/li><li>Roze\u0161u, sl\u0113d\u017eu un p\u0101rsl\u0113d\u017eu mont\u0101\u017ea un uzst\u0101d\u012b\u0161ana<\/li><li>Apgaismes objektu vietu s\u0101kotneja ier\u012bko\u0161ana<\/li><li>\u0160\u012b etapa laik\u0101 tiek ievilktas ar\u012b visas neiecie\u0161am\u0101s elektropadeves l\u012bnijas v\u0113l\u0101kai m\u0101jas signaliz\u0101cijas uzst\u0101d\u012b\u0161anai. \u0160o iesp\u0113ju iesaku apsv\u0113rt jau \u0161aj\u0101 posm\u0101, ja ar\u012b pl\u0101nojat m\u0101ju piesl\u0113gt pie apsardzes sist\u0113mas v\u0113l\u0101k\u0101 posm\u0101<\/li><li>Tiek ievikltas elektropadeves l\u012bnijas, kuras nodro\u0161in\u0101s apkures sist\u0113mas iek\u0101rtu piesl\u0113g\u0161anu \u2013 iek\u0161\u0113jo telpu termostati, \u0101ra temperat\u016bras r\u0101d\u012bt\u0101js un, ja nepiecie\u0161ams, ar\u012b apsild\u0101mo gr\u012bdu elementi<\/li><li>Sadales skapja mont\u0101\u017ea<\/li><\/ul>\n\n\n\n<p>Lai J\u016bsu m\u0101jas elektrosist\u0113ma darbotos pilnvert\u012bgi un dro\u0161i, iesaku \u0146emt v\u0113r\u0101 sekojo\u0161us padomus:<\/p>\n\n\n\n<ul class=\"wp-block-list\"><li>Sadz\u012bves iek\u0101rtas \u2013 trauku mazg\u0101jam\u0101s ma\u0161\u012bnas, ve\u013casma\u0161\u012bnas, boilerus un apkures katlus nepiecie\u0161ams piesl\u0113gt pie atsevi\u0161\u0137\u0101m elektrol\u012bnij\u0101m, kuras kontrol\u0113 viens autom\u0101ts elektrosadales skap\u012b<\/li><li>Ir j\u0101paredz vienu vai vair\u0101kas rozes ar atsevi\u0161\u0137iem piesl\u0113gumiem pie elektr\u012bbas sadales skapja, ar atsevi\u0161\u0137u katru piesl\u0113gumu kontrol\u0113jo\u0161u sl\u0113dzi<\/li><li>Tepl\u0101s ar paaugstin\u0101tu mitruma l\u012bmeni \u2013 vannasistab\u0101s, virtuves, katlu m\u0101j\u0101s elektroapg\u0101des piesl\u0113gums ir j\u0101veic izmantojot ier\u012bces , kas apr\u012bkotas ar av\u0101rijas atsl\u0113g\u0161an\u0101s meh\u0101nismu. Gad\u012bjumos, kas mitrums nok\u013c\u016bst uz elektropadeves ier\u012bc\u0113m, var notikt str\u0101vas nopl\u016bdes, kas var rad\u012bt lietot\u0101jam elektrotraumu. Minet\u0101s ier\u012bces nodro\u0161in\u0101s str\u0101vas padeves atsl\u0113g\u0161anos no izmantojam\u0101s elektroier\u012bces.<\/li><\/ul>\n\n\n\n<p>Kad ir pabeigta J\u016bsu m\u0101jas pel\u0113k\u0101 apdare, tiek mont\u0113ti roze\u0161u, sl\u0113d\u017eu un p\u0101rsl\u0113d\u017eu&nbsp; meh\u0101nismi un \u2013 J\u016bsu m\u0101ja ir elektrific\u0113ta.<\/p>\n\n\n\n<p>Pied\u0101v\u0101ju veikt visus sada\u013c\u0101 min\u0113tos elektroietai\u0161u un ier\u012b\u010du uzst\u0101d\u012b\u0161anas darbus Siguldas un In\u010dukalna novados un R\u012bgas rajon\u0101.<\/p>\n","protected":false},"excerpt":{"rendered":"<p>God\u0101tie Klienti! Elektr\u012bbas piesl\u0113g\u0161anas process J\u016bsu m\u0101jai sast\u0101v no diviem etapiem. Pirmais \u2013 elektrifik\u0101cijas projekta izstr\u0101de un elektr\u012bbas padeves vietas ier\u012bko\u0161anas, ko veic Sadalales T\u012bkli, tad tiek uzst\u0101d\u012bts elektr\u012bbas skait\u012bt\u0101js un autom\u0101ts, kur\u0161 regul\u0113 J\u016bsu m\u0101jai paredz\u0113t\u0101s spriedzes lielumu. Priv\u0101tm\u0101j\u0101m parasti izv\u0113las 3 f\u0101\u017eu elektr\u012bbas piesl\u0113gumu ar jaudu no 16 l\u012bdz 32 amp\u0113riem. Otrs etaps <!-- more-link -->[&hellip;] <a href=\"https:\/\/baltmeistars.lv\/lv\/montazas-darbi\/\" class=\"more more-link\">Las\u012bt vair\u0101k<\/a><\/p>\n","protected":false},"author":1,"featured_media":7031,"parent":0,"menu_order":0,"comment_status":"closed","ping_status":"closed","template":"","meta":{"_acf_changed":false,"footnotes":""},"class_list":["post-6791","page","type-page","status-publish","has-post-thumbnail","hentry"],"acf":[],"yoast_head":"<!-- This site is optimized with the Yoast SEO plugin v24.5 - https:\/\/yoast.com\/wordpress\/plugins\/seo\/ -->\n<title>Mont\u0101\u017eas darbi - Baltmeistars<\/title>\n<meta name=\"robots\" content=\"index, follow, max-snippet:-1, max-image-preview:large, max-video-preview:-1\" \/>\n<link rel=\"canonical\" href=\"https:\/\/baltmeistars.lv\/lv\/montazas-darbi\/\" \/>\n<meta property=\"og:locale\" content=\"lv_LV\" \/>\n<meta property=\"og:type\" content=\"article\" \/>\n<meta property=\"og:title\" content=\"Mont\u0101\u017eas darbi - Baltmeistars\" \/>\n<meta property=\"og:description\" content=\"God\u0101tie Klienti! Elektr\u012bbas piesl\u0113g\u0161anas process J\u016bsu m\u0101jai sast\u0101v no diviem etapiem. Pirmais \u2013 elektrifik\u0101cijas projekta izstr\u0101de un elektr\u012bbas padeves vietas ier\u012bko\u0161anas, ko veic Sadalales T\u012bkli, tad tiek uzst\u0101d\u012bts elektr\u012bbas skait\u012bt\u0101js un autom\u0101ts, kur\u0161 regul\u0113 J\u016bsu m\u0101jai paredz\u0113t\u0101s spriedzes lielumu. Priv\u0101tm\u0101j\u0101m parasti izv\u0113las 3 f\u0101\u017eu elektr\u012bbas piesl\u0113gumu ar jaudu no 16 l\u012bdz 32 amp\u0113riem. Otrs etaps [&hellip;] Las\u012bt vair\u0101k\" \/>\n<meta property=\"og:url\" content=\"https:\/\/baltmeistars.lv\/lv\/montazas-darbi\/\" \/>\n<meta property=\"og:site_name\" content=\"Baltmeistars\" \/>\n<meta property=\"article:modified_time\" content=\"2025-02-20T07:12:32+00:00\" \/>\n<meta property=\"og:image\" content=\"https:\/\/baltmeistars.lv\/wp-content\/uploads\/2021\/03\/balt-foto.jpg\" \/>\n\t<meta property=\"og:image:width\" content=\"300\" \/>\n\t<meta property=\"og:image:height\" content=\"133\" \/>\n\t<meta property=\"og:image:type\" content=\"image\/jpeg\" \/>\n<meta name=\"twitter:card\" content=\"summary_large_image\" \/>\n<meta name=\"twitter:label1\" content=\"Est. reading time\" \/>\n\t<meta name=\"twitter:data1\" content=\"2 min\u016btes\" \/>\n<script type=\"application\/ld+json\" class=\"yoast-schema-graph\">{\"@context\":\"https:\/\/schema.org\",\"@graph\":[{\"@type\":\"WebPage\",\"@id\":\"https:\/\/baltmeistars.lv\/montazas-darbi\/\",\"url\":\"https:\/\/baltmeistars.lv\/montazas-darbi\/\",\"name\":\"Mont\u0101\u017eas darbi - Baltmeistars\",\"isPartOf\":{\"@id\":\"https:\/\/baltmeistars.lv\/lv\/#website\"},\"primaryImageOfPage\":{\"@id\":\"https:\/\/baltmeistars.lv\/montazas-darbi\/#primaryimage\"},\"image\":{\"@id\":\"https:\/\/baltmeistars.lv\/montazas-darbi\/#primaryimage\"},\"thumbnailUrl\":\"https:\/\/baltmeistars.lv\/wp-content\/uploads\/2021\/03\/balt-foto.jpg\",\"datePublished\":\"2021-02-28T01:35:50+00:00\",\"dateModified\":\"2025-02-20T07:12:32+00:00\",\"breadcrumb\":{\"@id\":\"https:\/\/baltmeistars.lv\/montazas-darbi\/#breadcrumb\"},\"inLanguage\":\"lv-LV\",\"potentialAction\":[{\"@type\":\"ReadAction\",\"target\":[\"https:\/\/baltmeistars.lv\/montazas-darbi\/\"]}]},{\"@type\":\"ImageObject\",\"inLanguage\":\"lv-LV\",\"@id\":\"https:\/\/baltmeistars.lv\/montazas-darbi\/#primaryimage\",\"url\":\"https:\/\/baltmeistars.lv\/wp-content\/uploads\/2021\/03\/balt-foto.jpg\",\"contentUrl\":\"https:\/\/baltmeistars.lv\/wp-content\/uploads\/2021\/03\/balt-foto.jpg\",\"width\":300,\"height\":133,\"caption\":\"smart\"},{\"@type\":\"BreadcrumbList\",\"@id\":\"https:\/\/baltmeistars.lv\/montazas-darbi\/#breadcrumb\",\"itemListElement\":[{\"@type\":\"ListItem\",\"position\":1,\"name\":\"Home\",\"item\":\"https:\/\/baltmeistars.lv\/lv\/\"},{\"@type\":\"ListItem\",\"position\":2,\"name\":\"Mont\u0101\u017eas darbi\"}]},{\"@type\":\"WebSite\",\"@id\":\"https:\/\/baltmeistars.lv\/lv\/#website\",\"url\":\"https:\/\/baltmeistars.lv\/lv\/\",\"name\":\"Baltmeistars\",\"description\":\"Celtniec\u012bbas nozare\",\"alternateName\":\"Baltmeistars.lv\",\"potentialAction\":[{\"@type\":\"SearchAction\",\"target\":{\"@type\":\"EntryPoint\",\"urlTemplate\":\"https:\/\/baltmeistars.lv\/lv\/?s={search_term_string}\"},\"query-input\":{\"@type\":\"PropertyValueSpecification\",\"valueRequired\":true,\"valueName\":\"search_term_string\"}}],\"inLanguage\":\"lv-LV\"}]}<\/script>\n<!-- \/ Yoast SEO plugin. -->","yoast_head_json":{"title":"Mont\u0101\u017eas darbi - Baltmeistars","robots":{"index":"index","follow":"follow","max-snippet":"max-snippet:-1","max-image-preview":"max-image-preview:large","max-video-preview":"max-video-preview:-1"},"canonical":"https:\/\/baltmeistars.lv\/lv\/montazas-darbi\/","og_locale":"lv_LV","og_type":"article","og_title":"Mont\u0101\u017eas darbi - Baltmeistars","og_description":"God\u0101tie Klienti! Elektr\u012bbas piesl\u0113g\u0161anas process J\u016bsu m\u0101jai sast\u0101v no diviem etapiem. Pirmais \u2013 elektrifik\u0101cijas projekta izstr\u0101de un elektr\u012bbas padeves vietas ier\u012bko\u0161anas, ko veic Sadalales T\u012bkli, tad tiek uzst\u0101d\u012bts elektr\u012bbas skait\u012bt\u0101js un autom\u0101ts, kur\u0161 regul\u0113 J\u016bsu m\u0101jai paredz\u0113t\u0101s spriedzes lielumu. Priv\u0101tm\u0101j\u0101m parasti izv\u0113las 3 f\u0101\u017eu elektr\u012bbas piesl\u0113gumu ar jaudu no 16 l\u012bdz 32 amp\u0113riem. Otrs etaps [&hellip;] Las\u012bt vair\u0101k","og_url":"https:\/\/baltmeistars.lv\/lv\/montazas-darbi\/","og_site_name":"Baltmeistars","article_modified_time":"2025-02-20T07:12:32+00:00","og_image":[{"width":300,"height":133,"url":"https:\/\/baltmeistars.lv\/wp-content\/uploads\/2021\/03\/balt-foto.jpg","type":"image\/jpeg"}],"twitter_card":"summary_large_image","twitter_misc":{"Est. reading time":"2 min\u016btes"},"schema":{"@context":"https:\/\/schema.org","@graph":[{"@type":"WebPage","@id":"https:\/\/baltmeistars.lv\/montazas-darbi\/","url":"https:\/\/baltmeistars.lv\/montazas-darbi\/","name":"Mont\u0101\u017eas darbi - Baltmeistars","isPartOf":{"@id":"https:\/\/baltmeistars.lv\/lv\/#website"},"primaryImageOfPage":{"@id":"https:\/\/baltmeistars.lv\/montazas-darbi\/#primaryimage"},"image":{"@id":"https:\/\/baltmeistars.lv\/montazas-darbi\/#primaryimage"},"thumbnailUrl":"https:\/\/baltmeistars.lv\/wp-content\/uploads\/2021\/03\/balt-foto.jpg","datePublished":"2021-02-28T01:35:50+00:00","dateModified":"2025-02-20T07:12:32+00:00","breadcrumb":{"@id":"https:\/\/baltmeistars.lv\/montazas-darbi\/#breadcrumb"},"inLanguage":"lv-LV","potentialAction":[{"@type":"ReadAction","target":["https:\/\/baltmeistars.lv\/montazas-darbi\/"]}]},{"@type":"ImageObject","inLanguage":"lv-LV","@id":"https:\/\/baltmeistars.lv\/montazas-darbi\/#primaryimage","url":"https:\/\/baltmeistars.lv\/wp-content\/uploads\/2021\/03\/balt-foto.jpg","contentUrl":"https:\/\/baltmeistars.lv\/wp-content\/uploads\/2021\/03\/balt-foto.jpg","width":300,"height":133,"caption":"smart"},{"@type":"BreadcrumbList","@id":"https:\/\/baltmeistars.lv\/montazas-darbi\/#breadcrumb","itemListElement":[{"@type":"ListItem","position":1,"name":"Home","item":"https:\/\/baltmeistars.lv\/lv\/"},{"@type":"ListItem","position":2,"name":"Mont\u0101\u017eas darbi"}]},{"@type":"WebSite","@id":"https:\/\/baltmeistars.lv\/lv\/#website","url":"https:\/\/baltmeistars.lv\/lv\/","name":"Baltmeistars","description":"Celtniec\u012bbas nozare","alternateName":"Baltmeistars.lv","potentialAction":[{"@type":"SearchAction","target":{"@type":"EntryPoint","urlTemplate":"https:\/\/baltmeistars.lv\/lv\/?s={search_term_string}"},"query-input":{"@type":"PropertyValueSpecification","valueRequired":true,"valueName":"search_term_string"}}],"inLanguage":"lv-LV"}]}},"_links":{"self":[{"href":"https:\/\/baltmeistars.lv\/lv\/wp-json\/wp\/v2\/pages\/6791","targetHints":{"allow":["GET"]}}],"collection":[{"href":"https:\/\/baltmeistars.lv\/lv\/wp-json\/wp\/v2\/pages"}],"about":[{"href":"https:\/\/baltmeistars.lv\/lv\/wp-json\/wp\/v2\/types\/page"}],"author":[{"embeddable":true,"href":"https:\/\/baltmeistars.lv\/lv\/wp-json\/wp\/v2\/users\/1"}],"replies":[{"embeddable":true,"href":"https:\/\/baltmeistars.lv\/lv\/wp-json\/wp\/v2\/comments?post=6791"}],"version-history":[{"count":5,"href":"https:\/\/baltmeistars.lv\/lv\/wp-json\/wp\/v2\/pages\/6791\/revisions"}],"predecessor-version":[{"id":7260,"href":"https:\/\/baltmeistars.lv\/lv\/wp-json\/wp\/v2\/pages\/6791\/revisions\/7260"}],"wp:featuredmedia":[{"embeddable":true,"href":"https:\/\/baltmeistars.lv\/lv\/wp-json\/wp\/v2\/media\/7031"}],"wp:attachment":[{"href":"https:\/\/baltmeistars.lv\/lv\/wp-json\/wp\/v2\/media?parent=6791"}],"curies":[{"name":"wp","href":"https:\/\/api.w.org\/{rel}","templated":true}]}}