{"id":6793,"date":"2021-02-28T03:36:02","date_gmt":"2021-02-28T01:36:02","guid":{"rendered":"https:\/\/devilsecure.com\/?page_id=6793"},"modified":"2025-02-20T09:29:24","modified_gmt":"2025-02-20T07:29:24","slug":"remontdarbi","status":"publish","type":"page","link":"https:\/\/baltmeistars.lv\/lv\/remontdarbi\/","title":{"rendered":"Remontdarbi"},"content":{"rendered":"\n<p>God\u0101tie klienti!<\/p>\n\n\n\n<p>M\u0101ju ekspluat\u0101cijas laik\u0101, diem\u017e\u0113l, m\u0113dz rasties nelielas vai da\u017ereiz ar\u012b nopietnas av\u0101rijas situ\u0101cijas. Da\u017eas no t\u0101m nav iesp\u0113jams nov\u0113rst pa\u0161u sp\u0113kiem un ir nepiecie\u0161ams pieaicin\u0101t kvalific\u0113tus speci\u0101listus.<\/p>\n\n\n\n<p>Pied\u0101v\u0101ju veikt sekojo\u0161us elektroieri\u010d\u016b remonta darbus Siguldas un In\u010dukalna novados un R\u012bgas rajon\u0101.:<\/p>\n\n\n\n<ul class=\"wp-block-list\">\n<li>Sadales skapju mont\u0101\u017ea un remonts<\/li>\n\n\n\n<li>Iek\u0161\u0113jo elektrol\u012bniju ier\u012bko\u0161ana un remonts<\/li>\n\n\n\n<li>Roze\u0161u, sl\u0113d\u017eu un p\u0101rsl\u0113d\u017eu remonts un nomai\u0146a<\/li>\n\n\n\n<li>Gr\u012bdu apsildes dev\u0113ju uzst\u0101d\u012b\u0161ana un remonts<\/li>\n\n\n\n<li>Apgaismes objektu uzst\u0101d\u012b\u0161ana un remonts<\/li>\n\n\n\n<li>LED lentu ier\u012bko\u0161ana un remonts<\/li>\n\n\n\n<li>Sazd\u012bves tehnikas, elektrisko pl\u012b\u0161u un pl\u012bts virsmu uzst\u0101d\u012b\u0161ana un piesl\u0113g\u0161ana<\/li>\n\n\n\n<li>Str\u0101vas nopl\u016bdes dev\u0113ju uzst\u0101d\u012b\u0161ana<\/li>\n<\/ul>\n\n\n\n<p><\/p>\n","protected":false},"excerpt":{"rendered":"<p>God\u0101tie klienti! M\u0101ju ekspluat\u0101cijas laik\u0101, diem\u017e\u0113l, m\u0113dz rasties nelielas vai da\u017ereiz ar\u012b nopietnas av\u0101rijas situ\u0101cijas. Da\u017eas no t\u0101m nav iesp\u0113jams nov\u0113rst pa\u0161u sp\u0113kiem un ir nepiecie\u0161ams pieaicin\u0101t kvalific\u0113tus speci\u0101listus. Pied\u0101v\u0101ju veikt sekojo\u0161us elektroieri\u010d\u016b remonta darbus Siguldas un In\u010dukalna novados un R\u012bgas rajon\u0101.:<\/p>\n","protected":false},"author":1,"featured_media":0,"parent":0,"menu_order":0,"comment_status":"closed","ping_status":"closed","template":"","meta":{"_acf_changed":false,"footnotes":""},"class_list":["post-6793","page","type-page","status-publish","hentry"],"acf":[],"yoast_head":"<!-- This site is optimized with the Yoast SEO plugin v24.5 - https:\/\/yoast.com\/wordpress\/plugins\/seo\/ -->\n<title>Remontdarbi - Baltmeistars<\/title>\n<meta name=\"robots\" content=\"index, follow, max-snippet:-1, max-image-preview:large, max-video-preview:-1\" \/>\n<link rel=\"canonical\" href=\"https:\/\/baltmeistars.lv\/lv\/remontdarbi\/\" \/>\n<meta property=\"og:locale\" content=\"lv_LV\" \/>\n<meta property=\"og:type\" content=\"article\" \/>\n<meta property=\"og:title\" content=\"Remontdarbi - Baltmeistars\" \/>\n<meta property=\"og:description\" content=\"God\u0101tie klienti! M\u0101ju ekspluat\u0101cijas laik\u0101, diem\u017e\u0113l, m\u0113dz rasties nelielas vai da\u017ereiz ar\u012b nopietnas av\u0101rijas situ\u0101cijas. Da\u017eas no t\u0101m nav iesp\u0113jams nov\u0113rst pa\u0161u sp\u0113kiem un ir nepiecie\u0161ams pieaicin\u0101t kvalific\u0113tus speci\u0101listus. Pied\u0101v\u0101ju veikt sekojo\u0161us elektroieri\u010d\u016b remonta darbus Siguldas un In\u010dukalna novados un R\u012bgas rajon\u0101.:\" \/>\n<meta property=\"og:url\" content=\"https:\/\/baltmeistars.lv\/lv\/remontdarbi\/\" \/>\n<meta property=\"og:site_name\" content=\"Baltmeistars\" \/>\n<meta property=\"article:modified_time\" content=\"2025-02-20T07:29:24+00:00\" \/>\n<meta name=\"twitter:card\" content=\"summary_large_image\" \/>\n<meta name=\"twitter:label1\" content=\"Est. reading time\" \/>\n\t<meta name=\"twitter:data1\" content=\"1 min\u016bte\" \/>\n<script type=\"application\/ld+json\" class=\"yoast-schema-graph\">{\"@context\":\"https:\/\/schema.org\",\"@graph\":[{\"@type\":\"WebPage\",\"@id\":\"https:\/\/baltmeistars.lv\/remontdarbi\/\",\"url\":\"https:\/\/baltmeistars.lv\/remontdarbi\/\",\"name\":\"Remontdarbi - Baltmeistars\",\"isPartOf\":{\"@id\":\"https:\/\/baltmeistars.lv\/lv\/#website\"},\"datePublished\":\"2021-02-28T01:36:02+00:00\",\"dateModified\":\"2025-02-20T07:29:24+00:00\",\"breadcrumb\":{\"@id\":\"https:\/\/baltmeistars.lv\/remontdarbi\/#breadcrumb\"},\"inLanguage\":\"lv-LV\",\"potentialAction\":[{\"@type\":\"ReadAction\",\"target\":[\"https:\/\/baltmeistars.lv\/remontdarbi\/\"]}]},{\"@type\":\"BreadcrumbList\",\"@id\":\"https:\/\/baltmeistars.lv\/remontdarbi\/#breadcrumb\",\"itemListElement\":[{\"@type\":\"ListItem\",\"position\":1,\"name\":\"Home\",\"item\":\"https:\/\/baltmeistars.lv\/lv\/\"},{\"@type\":\"ListItem\",\"position\":2,\"name\":\"Remontdarbi\"}]},{\"@type\":\"WebSite\",\"@id\":\"https:\/\/baltmeistars.lv\/lv\/#website\",\"url\":\"https:\/\/baltmeistars.lv\/lv\/\",\"name\":\"Baltmeistars\",\"description\":\"Celtniec\u012bbas nozare\",\"alternateName\":\"Baltmeistars.lv\",\"potentialAction\":[{\"@type\":\"SearchAction\",\"target\":{\"@type\":\"EntryPoint\",\"urlTemplate\":\"https:\/\/baltmeistars.lv\/lv\/?s={search_term_string}\"},\"query-input\":{\"@type\":\"PropertyValueSpecification\",\"valueRequired\":true,\"valueName\":\"search_term_string\"}}],\"inLanguage\":\"lv-LV\"}]}<\/script>\n<!-- \/ Yoast SEO plugin. -->","yoast_head_json":{"title":"Remontdarbi - Baltmeistars","robots":{"index":"index","follow":"follow","max-snippet":"max-snippet:-1","max-image-preview":"max-image-preview:large","max-video-preview":"max-video-preview:-1"},"canonical":"https:\/\/baltmeistars.lv\/lv\/remontdarbi\/","og_locale":"lv_LV","og_type":"article","og_title":"Remontdarbi - Baltmeistars","og_description":"God\u0101tie klienti! M\u0101ju ekspluat\u0101cijas laik\u0101, diem\u017e\u0113l, m\u0113dz rasties nelielas vai da\u017ereiz ar\u012b nopietnas av\u0101rijas situ\u0101cijas. Da\u017eas no t\u0101m nav iesp\u0113jams nov\u0113rst pa\u0161u sp\u0113kiem un ir nepiecie\u0161ams pieaicin\u0101t kvalific\u0113tus speci\u0101listus. Pied\u0101v\u0101ju veikt sekojo\u0161us elektroieri\u010d\u016b remonta darbus Siguldas un In\u010dukalna novados un R\u012bgas rajon\u0101.:","og_url":"https:\/\/baltmeistars.lv\/lv\/remontdarbi\/","og_site_name":"Baltmeistars","article_modified_time":"2025-02-20T07:29:24+00:00","twitter_card":"summary_large_image","twitter_misc":{"Est. reading time":"1 min\u016bte"},"schema":{"@context":"https:\/\/schema.org","@graph":[{"@type":"WebPage","@id":"https:\/\/baltmeistars.lv\/remontdarbi\/","url":"https:\/\/baltmeistars.lv\/remontdarbi\/","name":"Remontdarbi - Baltmeistars","isPartOf":{"@id":"https:\/\/baltmeistars.lv\/lv\/#website"},"datePublished":"2021-02-28T01:36:02+00:00","dateModified":"2025-02-20T07:29:24+00:00","breadcrumb":{"@id":"https:\/\/baltmeistars.lv\/remontdarbi\/#breadcrumb"},"inLanguage":"lv-LV","potentialAction":[{"@type":"ReadAction","target":["https:\/\/baltmeistars.lv\/remontdarbi\/"]}]},{"@type":"BreadcrumbList","@id":"https:\/\/baltmeistars.lv\/remontdarbi\/#breadcrumb","itemListElement":[{"@type":"ListItem","position":1,"name":"Home","item":"https:\/\/baltmeistars.lv\/lv\/"},{"@type":"ListItem","position":2,"name":"Remontdarbi"}]},{"@type":"WebSite","@id":"https:\/\/baltmeistars.lv\/lv\/#website","url":"https:\/\/baltmeistars.lv\/lv\/","name":"Baltmeistars","description":"Celtniec\u012bbas nozare","alternateName":"Baltmeistars.lv","potentialAction":[{"@type":"SearchAction","target":{"@type":"EntryPoint","urlTemplate":"https:\/\/baltmeistars.lv\/lv\/?s={search_term_string}"},"query-input":{"@type":"PropertyValueSpecification","valueRequired":true,"valueName":"search_term_string"}}],"inLanguage":"lv-LV"}]}},"_links":{"self":[{"href":"https:\/\/baltmeistars.lv\/lv\/wp-json\/wp\/v2\/pages\/6793","targetHints":{"allow":["GET"]}}],"collection":[{"href":"https:\/\/baltmeistars.lv\/lv\/wp-json\/wp\/v2\/pages"}],"about":[{"href":"https:\/\/baltmeistars.lv\/lv\/wp-json\/wp\/v2\/types\/page"}],"author":[{"embeddable":true,"href":"https:\/\/baltmeistars.lv\/lv\/wp-json\/wp\/v2\/users\/1"}],"replies":[{"embeddable":true,"href":"https:\/\/baltmeistars.lv\/lv\/wp-json\/wp\/v2\/comments?post=6793"}],"version-history":[{"count":4,"href":"https:\/\/baltmeistars.lv\/lv\/wp-json\/wp\/v2\/pages\/6793\/revisions"}],"predecessor-version":[{"id":7265,"href":"https:\/\/baltmeistars.lv\/lv\/wp-json\/wp\/v2\/pages\/6793\/revisions\/7265"}],"wp:attachment":[{"href":"https:\/\/baltmeistars.lv\/lv\/wp-json\/wp\/v2\/media?parent=6793"}],"curies":[{"name":"wp","href":"https:\/\/api.w.org\/{rel}","templated":true}]}}