{"id":6795,"date":"2021-02-28T03:36:22","date_gmt":"2021-02-28T01:36:22","guid":{"rendered":"https:\/\/devilsecure.com\/?page_id=6795"},"modified":"2025-02-20T10:25:12","modified_gmt":"2025-02-20T08:25:12","slug":"ardarbi-2","status":"publish","type":"page","link":"https:\/\/baltmeistars.lv\/lv\/ardarbi-2\/","title":{"rendered":"\u0100r\u0113jie t\u012bkli"},"content":{"rendered":"\n<p>God\u0101tie klienti!<\/p>\n\n\n\n<p>Visas santehnisk\u0101s ier\u012bces, kuras atrodas \u0101rpus J\u016bsu m\u0101jas sien\u0101m tiek sauktas par \u0101r\u0113jiem \u016bdensapg\u0101des un kanaliz\u0101cijas t\u012bkliem.<\/p>\n\n\n<div class=\"wp-block-image\">\n<figure class=\"alignleft size-large\"><figure id=\"attachment_7079\" class=\"alignnone full-width-mobile thin\"><img loading=\"lazy\" decoding=\"async\" width=\"168\" height=\"381\" src=\"https:\/\/baltmeistars.lv\/wp-content\/uploads\/2021\/03\/kanalizacija.jpg\" alt=\"\" class=\"wp-image-7079\" srcset=\"https:\/\/baltmeistars.lv\/wp-content\/uploads\/2021\/03\/kanalizacija.jpg 168w, https:\/\/baltmeistars.lv\/wp-content\/uploads\/2021\/03\/kanalizacija-132x300.jpg 132w, https:\/\/baltmeistars.lv\/wp-content\/uploads\/2021\/03\/kanalizacija-5x12.jpg 5w, https:\/\/baltmeistars.lv\/wp-content\/uploads\/2021\/03\/kanalizacija-146x330.jpg 146w\" sizes=\"auto, (max-width: 168px) 100vw, 168px\" \/><\/figure><\/figure>\n<\/div>\n\n\n<p>B\u016bvniec\u012bbas s\u0101kumposm\u0101 tiek veikta \u016bdensapg\u0101des un kanaliz\u0101cijas sist\u0113mas mont\u0101\u017ea, kas tiek ier\u012bkota m\u0101jas pamatos un veido galven\u0101s trases, pa kur\u0101m J\u016bsu m\u0101jai tiks pieg\u0101d\u0101ts \u016bdens un novad\u012bta kanaliz\u0101cija.<\/p>\n\n\n\n<p>Zem\u0101k uzsksait\u012b\u0161u udens apg\u0101des iek\u0161\u0113jo t\u012bklu sast\u0101vda\u013cas:<\/p>\n\n\n\n<ul class=\"wp-block-list\">\n<li>\u016adensapg\u0101des ma\u0123istr\u0101l\u0101 caurule, pa kuru pr\u012bv\u0101tm\u0101j\u0101 tiek sa\u0146emts tikai aukstais \u016bdens, kur\u0161 turpm\u0101k tiek uzsild\u012bts jau m\u0101jas iek\u0161ien\u0113.<\/li>\n\n\n\n<li>Ja \u016bdens tiek padots no art\u0113zisk\u0101 urbuma, pirms t\u0101 t\u0101l\u0101k\u0101s pl\u016b\u0161anas pa m\u0101jas iek\u0161\u0113jo sist\u0113mu, tiek mont\u0113ta speci\u0101la sist\u0113ma, kura nodro\u0161ina vienm\u0113r\u012bgu \u016bdens padevi iek\u0161\u0113j\u0101 \u016bdensapg\u0101des sist\u0113m\u0101,nodro\u0161ina iesp\u0113ju regul\u0113t \u016bdens padeves spiedienu,k\u0101 ar\u012b nodro\u0161ina m\u0101jsaimniec\u012bbu ar noteiktu \u016bdesn daudzumu, elektr\u012bbas atsl\u0113g\u0161an\u0101s gad\u012bjum\u0101<\/li>\n\n\n\n<li>Iesaku uzst\u0101d\u012bt ar\u012b \u016bdens att\u012br\u012b\u0161anas iek\u0101rtu, neatkar\u012bgi no \u0101r\u0113j\u0101 \u016bdesn padeves avota.<\/li>\n\n\n\n<li>Aukstais \u016bdens pa \u016bdens caurul\u0113m, kas ier\u012bkotas J\u016bsu m\u0101j\u0101 non\u0101k pie Pat\u0113r\u0113t\u0101jiem. Pater\u0113t\u0101ji ir visas santehnikas iek\u0101rtas, kuras uzst\u0101d\u012btas J\u016bsu m\u0101j\u0101\n<ul class=\"wp-block-list\">\n<li>Virtuves un vannas istabas \u016bdensmais\u012bt\u0101ji<\/li>\n\n\n\n<li>Klozetpodi un bid\u0113<\/li>\n\n\n\n<li>Sadz\u012bves tehnika \u2013 trauku mazg\u0101jam\u0101 ma\u0161\u012bna un ve\u013cas mazg\u0101jam\u0101ma\u0161\u012bna<\/li>\n\n\n\n<li>Aukstais \u016bdens non\u0101k ar\u012b l\u012bdz J\u016bsu m\u0101jas apkures sist\u0113mai<\/li>\n\n\n\n<li>Siltuma katli, kuri nodro\u0161ina J\u016bsu m\u0101jas apkuri<\/li>\n\n\n\n<li>\u016adens apslides katli (boileri)<\/li>\n<\/ul>\n<\/li>\n<\/ul>\n\n\n\n<p>\u016adensapg\u0101des trubas tiek mont\u0113tas saska\u0146\u0101 ar projekta dokument\u0101ciju un\/vai, \u0146emot v\u0113r\u0101 J\u016bsu m\u0101jas konstrukcijas specifiku. Ar\u012b materi\u0101la izv\u0113le \u016bdensapg\u0101des sist\u0113mas ier\u012bko\u0161anai tiek veikta saska\u0146\u0101 ar projekta dokument\u0101ciju un\/vai \u0113kas ekspluat\u0101cijas noteikumiem.<\/p>\n\n\n\n<p>Pied\u0101v\u0101ju veikt visus sada\u013c\u0101 min\u0113tos \u016bdensapg\u0101des un kanaliz\u0101cijas ier\u012bko\u0161anas darbus Siguldas un In\u010dukalna novados un R\u012bgas rajon\u0101.<\/p>\n","protected":false},"excerpt":{"rendered":"<p>God\u0101tie klienti! Visas santehnisk\u0101s ier\u012bces, kuras atrodas \u0101rpus J\u016bsu m\u0101jas sien\u0101m tiek sauktas par \u0101r\u0113jiem \u016bdensapg\u0101des un kanaliz\u0101cijas t\u012bkliem. B\u016bvniec\u012bbas s\u0101kumposm\u0101 tiek veikta \u016bdensapg\u0101des un kanaliz\u0101cijas sist\u0113mas mont\u0101\u017ea, kas tiek ier\u012bkota m\u0101jas pamatos un veido galven\u0101s trases, pa kur\u0101m J\u016bsu m\u0101jai tiks pieg\u0101d\u0101ts \u016bdens un novad\u012bta kanaliz\u0101cija. Zem\u0101k uzsksait\u012b\u0161u udens apg\u0101des iek\u0161\u0113jo t\u012bklu sast\u0101vda\u013cas: \u016adensapg\u0101des <!-- more-link -->[&hellip;] <a href=\"https:\/\/baltmeistars.lv\/lv\/ardarbi-2\/\" class=\"more more-link\">Las\u012bt vair\u0101k<\/a><\/p>\n","protected":false},"author":1,"featured_media":0,"parent":0,"menu_order":0,"comment_status":"closed","ping_status":"closed","template":"","meta":{"_acf_changed":false,"footnotes":""},"class_list":["post-6795","page","type-page","status-publish","hentry"],"acf":[],"yoast_head":"<!-- This site is optimized with the Yoast SEO plugin v24.5 - https:\/\/yoast.com\/wordpress\/plugins\/seo\/ -->\n<title>\u0100r\u0113jie t\u012bkli - Baltmeistars<\/title>\n<meta name=\"robots\" content=\"index, follow, max-snippet:-1, max-image-preview:large, max-video-preview:-1\" \/>\n<link rel=\"canonical\" href=\"https:\/\/baltmeistars.lv\/lv\/ardarbi-2\/\" \/>\n<meta property=\"og:locale\" content=\"lv_LV\" \/>\n<meta property=\"og:type\" content=\"article\" \/>\n<meta property=\"og:title\" content=\"\u0100r\u0113jie t\u012bkli - Baltmeistars\" \/>\n<meta property=\"og:description\" content=\"God\u0101tie klienti! Visas santehnisk\u0101s ier\u012bces, kuras atrodas \u0101rpus J\u016bsu m\u0101jas sien\u0101m tiek sauktas par \u0101r\u0113jiem \u016bdensapg\u0101des un kanaliz\u0101cijas t\u012bkliem. B\u016bvniec\u012bbas s\u0101kumposm\u0101 tiek veikta \u016bdensapg\u0101des un kanaliz\u0101cijas sist\u0113mas mont\u0101\u017ea, kas tiek ier\u012bkota m\u0101jas pamatos un veido galven\u0101s trases, pa kur\u0101m J\u016bsu m\u0101jai tiks pieg\u0101d\u0101ts \u016bdens un novad\u012bta kanaliz\u0101cija. Zem\u0101k uzsksait\u012b\u0161u udens apg\u0101des iek\u0161\u0113jo t\u012bklu sast\u0101vda\u013cas: \u016adensapg\u0101des [&hellip;] Las\u012bt vair\u0101k\" \/>\n<meta property=\"og:url\" content=\"https:\/\/baltmeistars.lv\/lv\/ardarbi-2\/\" \/>\n<meta property=\"og:site_name\" content=\"Baltmeistars\" \/>\n<meta property=\"article:modified_time\" content=\"2025-02-20T08:25:12+00:00\" \/>\n<meta property=\"og:image\" content=\"https:\/\/baltmeistars.lv\/wp-content\/uploads\/2021\/03\/kanalizacija.jpg\" \/>\n<meta name=\"twitter:card\" content=\"summary_large_image\" \/>\n<meta name=\"twitter:label1\" content=\"Est. reading time\" \/>\n\t<meta name=\"twitter:data1\" content=\"2 min\u016btes\" \/>\n<script type=\"application\/ld+json\" class=\"yoast-schema-graph\">{\"@context\":\"https:\/\/schema.org\",\"@graph\":[{\"@type\":\"WebPage\",\"@id\":\"https:\/\/baltmeistars.lv\/ardarbi-2\/\",\"url\":\"https:\/\/baltmeistars.lv\/ardarbi-2\/\",\"name\":\"\u0100r\u0113jie t\u012bkli - Baltmeistars\",\"isPartOf\":{\"@id\":\"https:\/\/baltmeistars.lv\/lv\/#website\"},\"primaryImageOfPage\":{\"@id\":\"https:\/\/baltmeistars.lv\/ardarbi-2\/#primaryimage\"},\"image\":{\"@id\":\"https:\/\/baltmeistars.lv\/ardarbi-2\/#primaryimage\"},\"thumbnailUrl\":\"https:\/\/baltmeistars.lv\/wp-content\/uploads\/2021\/03\/kanalizacija.jpg\",\"datePublished\":\"2021-02-28T01:36:22+00:00\",\"dateModified\":\"2025-02-20T08:25:12+00:00\",\"breadcrumb\":{\"@id\":\"https:\/\/baltmeistars.lv\/ardarbi-2\/#breadcrumb\"},\"inLanguage\":\"lv-LV\",\"potentialAction\":[{\"@type\":\"ReadAction\",\"target\":[\"https:\/\/baltmeistars.lv\/ardarbi-2\/\"]}]},{\"@type\":\"ImageObject\",\"inLanguage\":\"lv-LV\",\"@id\":\"https:\/\/baltmeistars.lv\/ardarbi-2\/#primaryimage\",\"url\":\"https:\/\/baltmeistars.lv\/wp-content\/uploads\/2021\/03\/kanalizacija.jpg\",\"contentUrl\":\"https:\/\/baltmeistars.lv\/wp-content\/uploads\/2021\/03\/kanalizacija.jpg\"},{\"@type\":\"BreadcrumbList\",\"@id\":\"https:\/\/baltmeistars.lv\/ardarbi-2\/#breadcrumb\",\"itemListElement\":[{\"@type\":\"ListItem\",\"position\":1,\"name\":\"Home\",\"item\":\"https:\/\/baltmeistars.lv\/lv\/\"},{\"@type\":\"ListItem\",\"position\":2,\"name\":\"\u0100r\u0113jie t\u012bkli\"}]},{\"@type\":\"WebSite\",\"@id\":\"https:\/\/baltmeistars.lv\/lv\/#website\",\"url\":\"https:\/\/baltmeistars.lv\/lv\/\",\"name\":\"Baltmeistars\",\"description\":\"Celtniec\u012bbas nozare\",\"alternateName\":\"Baltmeistars.lv\",\"potentialAction\":[{\"@type\":\"SearchAction\",\"target\":{\"@type\":\"EntryPoint\",\"urlTemplate\":\"https:\/\/baltmeistars.lv\/lv\/?s={search_term_string}\"},\"query-input\":{\"@type\":\"PropertyValueSpecification\",\"valueRequired\":true,\"valueName\":\"search_term_string\"}}],\"inLanguage\":\"lv-LV\"}]}<\/script>\n<!-- \/ Yoast SEO plugin. -->","yoast_head_json":{"title":"\u0100r\u0113jie t\u012bkli - Baltmeistars","robots":{"index":"index","follow":"follow","max-snippet":"max-snippet:-1","max-image-preview":"max-image-preview:large","max-video-preview":"max-video-preview:-1"},"canonical":"https:\/\/baltmeistars.lv\/lv\/ardarbi-2\/","og_locale":"lv_LV","og_type":"article","og_title":"\u0100r\u0113jie t\u012bkli - Baltmeistars","og_description":"God\u0101tie klienti! Visas santehnisk\u0101s ier\u012bces, kuras atrodas \u0101rpus J\u016bsu m\u0101jas sien\u0101m tiek sauktas par \u0101r\u0113jiem \u016bdensapg\u0101des un kanaliz\u0101cijas t\u012bkliem. B\u016bvniec\u012bbas s\u0101kumposm\u0101 tiek veikta \u016bdensapg\u0101des un kanaliz\u0101cijas sist\u0113mas mont\u0101\u017ea, kas tiek ier\u012bkota m\u0101jas pamatos un veido galven\u0101s trases, pa kur\u0101m J\u016bsu m\u0101jai tiks pieg\u0101d\u0101ts \u016bdens un novad\u012bta kanaliz\u0101cija. Zem\u0101k uzsksait\u012b\u0161u udens apg\u0101des iek\u0161\u0113jo t\u012bklu sast\u0101vda\u013cas: \u016adensapg\u0101des [&hellip;] Las\u012bt vair\u0101k","og_url":"https:\/\/baltmeistars.lv\/lv\/ardarbi-2\/","og_site_name":"Baltmeistars","article_modified_time":"2025-02-20T08:25:12+00:00","og_image":[{"url":"https:\/\/baltmeistars.lv\/wp-content\/uploads\/2021\/03\/kanalizacija.jpg","type":"","width":"","height":""}],"twitter_card":"summary_large_image","twitter_misc":{"Est. reading time":"2 min\u016btes"},"schema":{"@context":"https:\/\/schema.org","@graph":[{"@type":"WebPage","@id":"https:\/\/baltmeistars.lv\/ardarbi-2\/","url":"https:\/\/baltmeistars.lv\/ardarbi-2\/","name":"\u0100r\u0113jie t\u012bkli - Baltmeistars","isPartOf":{"@id":"https:\/\/baltmeistars.lv\/lv\/#website"},"primaryImageOfPage":{"@id":"https:\/\/baltmeistars.lv\/ardarbi-2\/#primaryimage"},"image":{"@id":"https:\/\/baltmeistars.lv\/ardarbi-2\/#primaryimage"},"thumbnailUrl":"https:\/\/baltmeistars.lv\/wp-content\/uploads\/2021\/03\/kanalizacija.jpg","datePublished":"2021-02-28T01:36:22+00:00","dateModified":"2025-02-20T08:25:12+00:00","breadcrumb":{"@id":"https:\/\/baltmeistars.lv\/ardarbi-2\/#breadcrumb"},"inLanguage":"lv-LV","potentialAction":[{"@type":"ReadAction","target":["https:\/\/baltmeistars.lv\/ardarbi-2\/"]}]},{"@type":"ImageObject","inLanguage":"lv-LV","@id":"https:\/\/baltmeistars.lv\/ardarbi-2\/#primaryimage","url":"https:\/\/baltmeistars.lv\/wp-content\/uploads\/2021\/03\/kanalizacija.jpg","contentUrl":"https:\/\/baltmeistars.lv\/wp-content\/uploads\/2021\/03\/kanalizacija.jpg"},{"@type":"BreadcrumbList","@id":"https:\/\/baltmeistars.lv\/ardarbi-2\/#breadcrumb","itemListElement":[{"@type":"ListItem","position":1,"name":"Home","item":"https:\/\/baltmeistars.lv\/lv\/"},{"@type":"ListItem","position":2,"name":"\u0100r\u0113jie t\u012bkli"}]},{"@type":"WebSite","@id":"https:\/\/baltmeistars.lv\/lv\/#website","url":"https:\/\/baltmeistars.lv\/lv\/","name":"Baltmeistars","description":"Celtniec\u012bbas nozare","alternateName":"Baltmeistars.lv","potentialAction":[{"@type":"SearchAction","target":{"@type":"EntryPoint","urlTemplate":"https:\/\/baltmeistars.lv\/lv\/?s={search_term_string}"},"query-input":{"@type":"PropertyValueSpecification","valueRequired":true,"valueName":"search_term_string"}}],"inLanguage":"lv-LV"}]}},"_links":{"self":[{"href":"https:\/\/baltmeistars.lv\/lv\/wp-json\/wp\/v2\/pages\/6795","targetHints":{"allow":["GET"]}}],"collection":[{"href":"https:\/\/baltmeistars.lv\/lv\/wp-json\/wp\/v2\/pages"}],"about":[{"href":"https:\/\/baltmeistars.lv\/lv\/wp-json\/wp\/v2\/types\/page"}],"author":[{"embeddable":true,"href":"https:\/\/baltmeistars.lv\/lv\/wp-json\/wp\/v2\/users\/1"}],"replies":[{"embeddable":true,"href":"https:\/\/baltmeistars.lv\/lv\/wp-json\/wp\/v2\/comments?post=6795"}],"version-history":[{"count":6,"href":"https:\/\/baltmeistars.lv\/lv\/wp-json\/wp\/v2\/pages\/6795\/revisions"}],"predecessor-version":[{"id":7277,"href":"https:\/\/baltmeistars.lv\/lv\/wp-json\/wp\/v2\/pages\/6795\/revisions\/7277"}],"wp:attachment":[{"href":"https:\/\/baltmeistars.lv\/lv\/wp-json\/wp\/v2\/media?parent=6795"}],"curies":[{"name":"wp","href":"https:\/\/api.w.org\/{rel}","templated":true}]}}