{"id":6797,"date":"2021-02-28T03:36:31","date_gmt":"2021-02-28T01:36:31","guid":{"rendered":"https:\/\/devilsecure.com\/?page_id=6797"},"modified":"2025-02-20T10:31:36","modified_gmt":"2025-02-20T08:31:36","slug":"ieksdarbi-2","status":"publish","type":"page","link":"https:\/\/baltmeistars.lv\/lv\/ieksdarbi-2\/","title":{"rendered":"Iek\u0161ejie t\u012bkli"},"content":{"rendered":"\n<p>God\u0101tie Klienti!<\/p>\n\n\n\n<p>Visas santehnikas iek\u0101rtas, kuras atrodas J\u016bsu m\u0101jas iek\u0161telp\u0101s, ir iek\u0161\u0113j\u0101s \u016bdensapg\u0101des un kanaliz\u0101cijas elementi.<\/p>\n\n\n<div class=\"wp-block-image\">\n<figure class=\"alignleft size-large\"><figure id=\"attachment_7093\" class=\"alignnone full-width-mobile thin\"><img loading=\"lazy\" decoding=\"async\" width=\"460\" height=\"201\" src=\"https:\/\/baltmeistars.lv\/wp-content\/uploads\/2021\/03\/santehnika-ragana.jpg\" alt=\"\" class=\"wp-image-7093\" srcset=\"https:\/\/baltmeistars.lv\/wp-content\/uploads\/2021\/03\/santehnika-ragana.jpg 460w, https:\/\/baltmeistars.lv\/wp-content\/uploads\/2021\/03\/santehnika-ragana-300x131.jpg 300w, https:\/\/baltmeistars.lv\/wp-content\/uploads\/2021\/03\/santehnika-ragana-16x7.jpg 16w, https:\/\/baltmeistars.lv\/wp-content\/uploads\/2021\/03\/santehnika-ragana-220x96.jpg 220w, https:\/\/baltmeistars.lv\/wp-content\/uploads\/2021\/03\/santehnika-ragana-146x65.jpg 146w\" sizes=\"auto, (max-width: 460px) 100vw, 460px\" \/><\/figure><\/figure>\n<\/div>\n\n\n<p>M\u0101jas celtniec\u012bbas s\u0101kuma etap\u0101 tiek veikta visu \u016bdensapg\u0101des un kanaliz\u0101cijas l\u012bniju mont\u0101\u017ea. L\u012bnijas tiek ier\u012bkotas m\u0101jas pamatu da\u013c\u0101 (fundament\u0101). M\u0101jas kanaliz\u0101cijas un \u016bdenapg\u0101des piesl\u0113guma punktu atra\u0161an\u0101s vietas ir nepiecie\u0161ams iepl\u0101not jau celtniec\u012bbas projekt\u0113\u0161anas stadij\u0101. Kanaliz\u0101cijas cauru\u013cu ievieto\u0161ana zem m\u0101jas meln\u0101s gr\u012bdas vienk\u0101r\u0161os iek\u0161\u0113j\u0101s apdares procesus, uzlabos telpu vizu\u0101lo izskatu un vienk\u0101r\u0161os turpm\u0101ko santehniski ier\u012b\u010du piesl\u0113g\u0161anu.<\/p>\n\n\n\n<p>Parasts piem\u0113rs:<\/p>\n\n\n\n<ul class=\"wp-block-list\">\n<li>Vertik\u0101l\u0101s piesl\u0113g\u0161anas klozetpods tiek piesl\u0113gts pie kanaliz\u0101cijas izvada no gr\u012bdas. P\u0113c mont\u0101\u017eas pabeig\u0161anas J\u016bs ieg\u016bstat vizu\u0101li pievilc\u012bgu skatu \u2013 fl\u012b\u017eu gr\u012bdu un uz t\u0101s cie\u0161i st\u0101vo\u0161u klozetpodu, no kura neatiet redzamas caurules<\/li>\n\n\n\n<li>Br\u012bvi st\u0101vo\u0161as akmens\/akrila vannas. Lai t\u0101s uzmont\u0113tu, kanliz\u0101cijas izvadam no gr\u012bdas ir j\u0101atrodas vien\u0101 konkr\u0113t\u0101 viet\u0101. Ja jau m\u0101jas projekt\u0113\u0161anas stadij\u0101 J\u016bs neizdar\u012bj\u0101t izv\u0113li k\u0101da veida vannu v\u0113laties, tad p\u0113c attiec\u012bgas kanaliz\u0101cijas cauru\u013cu iekl\u0101\u0161anas zem gr\u012bdas, J\u016bsu ier\u012bces izv\u0113le b\u016bs ierobe\u017eota.<\/li>\n<\/ul>\n\n\n\n<p>Zem\u0101k izskat\u012bsim iek\u0161\u0113jo \u016bdenspadeves sist\u0113mu:<\/p>\n\n\n\n<ul class=\"wp-block-list\">\n<li>Ma\u0123istr\u0101l\u0101 \u016bdenspadeves caurule priv\u0101tm\u0101jai nodro\u0161ina tikai aukst\u0101 \u016bdens padevi. Silto \u016bdeni m\u0101jsaimniec\u012bbai j\u0101ra\u017eo pa\u0161ai.<\/li>\n\n\n\n<li>Ja \u016bdens m\u0101jai pien\u0101k no dzi\u013curbuma, viet\u0101, kur tas piek\u013c\u016bst m\u0101jas iek\u0161\u0113jai \u016bdenspadeves sist\u0113mai, tiek mont\u0113tas speci\u0101las ier\u012bces, kuras nodrosina vienm\u0113r\u012bgu \u016bdens padevi, spiediena regul\u0113\u0161anas iesp\u0113jas,k\u0101 ar\u012b nodro\u0161ina m\u0101jsaimniec\u012bbai nepiecie\u0161amo minim\u0101lo \u016bdens kr\u0101jumu avarijas gad\u012bjum\u0101<\/li>\n\n\n\n<li>Neatkar\u012bgi no \u016bdens padeves avota, ir ieteicams uzst\u0101d\u012bt ar\u012b \u016bdens att\u012br\u012b\u0161anas sist\u0113mu<\/li>\n\n\n\n<li>Aukstais \u016bdens iepl\u016bst pa m\u0101j\u0101 eso\u0161\u0101m \u016bdensapg\u0101des caurul\u0113m un tiek padots pie sekojo\u0161\u0101m \u016bdens pat\u0113ri\u0146a ier\u012bc\u0113m:\n<ul class=\"wp-block-list\">\n<li>\u016adensmais\u012bt\u0101jiem virtuv\u0113m un vannas istab\u0101m<\/li>\n\n\n\n<li>Klozetpodiem un bid\u0113<\/li>\n\n\n\n<li>Sadz\u012bves tehnikai \u2013 trauku un ve\u013cas mazg\u0101jam\u0101m ma\u0161\u012bn\u0101m<\/li>\n<\/ul>\n<\/li>\n\n\n\n<li>Aukstais \u016bdens tiek padots J\u016bsu m\u0101jas apkures sist\u0113mai:\n<ul class=\"wp-block-list\">\n<li>Apkures katliem<\/li>\n\n\n\n<li>\u016adens uzsild\u012b\u0161anas boileriem<\/li>\n<\/ul>\n<\/li>\n<\/ul>\n\n\n\n<p>Iek\u0161\u0113j\u0101s \u016bdenapg\u0101des caurules tiek ier\u012bkotas saska\u0146\u0101 ar m\u0101jas celtniec\u012bbas projekta dokumentaciju un\/vai, iev\u0113rojot J\u016bsu m\u0101jas konstrukcijas specifiku Materi\u0101la izv\u0113le \u0161o darbu veik\u0161anai ar\u012b notiek saska\u0146\u0101 ar projekta dokument\u0101ciju un\/vai sp\u0113k\u0101 eso\u0161aj\u0101m \u0113kas ekspluat\u0101cijas norm\u0101m un pras\u012bb\u0101m<\/p>\n\n\n\n<p>Pied\u0101v\u0101ju veikt visus sada\u013c\u0101 min\u0113tos \u016bdensapg\u0101des un kanaliz\u0101cijas ier\u012bko\u0161anas un mont\u0101\u017eas darbus Siguldas un In\u010dukalna novados un R\u012bgas rajon\u0101<\/p>\n","protected":false},"excerpt":{"rendered":"<p>God\u0101tie Klienti! Visas santehnikas iek\u0101rtas, kuras atrodas J\u016bsu m\u0101jas iek\u0161telp\u0101s, ir iek\u0161\u0113j\u0101s \u016bdensapg\u0101des un kanaliz\u0101cijas elementi. M\u0101jas celtniec\u012bbas s\u0101kuma etap\u0101 tiek veikta visu \u016bdensapg\u0101des un kanaliz\u0101cijas l\u012bniju mont\u0101\u017ea. L\u012bnijas tiek ier\u012bkotas m\u0101jas pamatu da\u013c\u0101 (fundament\u0101). M\u0101jas kanaliz\u0101cijas un \u016bdenapg\u0101des piesl\u0113guma punktu atra\u0161an\u0101s vietas ir nepiecie\u0161ams iepl\u0101not jau celtniec\u012bbas projekt\u0113\u0161anas stadij\u0101. Kanaliz\u0101cijas cauru\u013cu ievieto\u0161ana zem m\u0101jas <!-- more-link -->[&hellip;] <a href=\"https:\/\/baltmeistars.lv\/lv\/ieksdarbi-2\/\" class=\"more more-link\">Las\u012bt vair\u0101k<\/a><\/p>\n","protected":false},"author":1,"featured_media":0,"parent":0,"menu_order":0,"comment_status":"closed","ping_status":"closed","template":"","meta":{"_acf_changed":false,"footnotes":""},"class_list":["post-6797","page","type-page","status-publish","hentry"],"acf":[],"yoast_head":"<!-- This site is optimized with the Yoast SEO plugin v24.5 - https:\/\/yoast.com\/wordpress\/plugins\/seo\/ -->\n<title>Iek\u0161ejie t\u012bkli - Baltmeistars<\/title>\n<meta name=\"robots\" content=\"index, follow, max-snippet:-1, max-image-preview:large, max-video-preview:-1\" \/>\n<link rel=\"canonical\" href=\"https:\/\/baltmeistars.lv\/lv\/ieksdarbi-2\/\" \/>\n<meta property=\"og:locale\" content=\"lv_LV\" \/>\n<meta property=\"og:type\" content=\"article\" \/>\n<meta property=\"og:title\" content=\"Iek\u0161ejie t\u012bkli - Baltmeistars\" \/>\n<meta property=\"og:description\" content=\"God\u0101tie Klienti! Visas santehnikas iek\u0101rtas, kuras atrodas J\u016bsu m\u0101jas iek\u0161telp\u0101s, ir iek\u0161\u0113j\u0101s \u016bdensapg\u0101des un kanaliz\u0101cijas elementi. M\u0101jas celtniec\u012bbas s\u0101kuma etap\u0101 tiek veikta visu \u016bdensapg\u0101des un kanaliz\u0101cijas l\u012bniju mont\u0101\u017ea. L\u012bnijas tiek ier\u012bkotas m\u0101jas pamatu da\u013c\u0101 (fundament\u0101). M\u0101jas kanaliz\u0101cijas un \u016bdenapg\u0101des piesl\u0113guma punktu atra\u0161an\u0101s vietas ir nepiecie\u0161ams iepl\u0101not jau celtniec\u012bbas projekt\u0113\u0161anas stadij\u0101. Kanaliz\u0101cijas cauru\u013cu ievieto\u0161ana zem m\u0101jas [&hellip;] Las\u012bt vair\u0101k\" \/>\n<meta property=\"og:url\" content=\"https:\/\/baltmeistars.lv\/lv\/ieksdarbi-2\/\" \/>\n<meta property=\"og:site_name\" content=\"Baltmeistars\" \/>\n<meta property=\"article:modified_time\" content=\"2025-02-20T08:31:36+00:00\" \/>\n<meta property=\"og:image\" content=\"https:\/\/baltmeistars.lv\/wp-content\/uploads\/2021\/03\/santehnika-ragana.jpg\" \/>\n<meta name=\"twitter:card\" content=\"summary_large_image\" \/>\n<meta name=\"twitter:label1\" content=\"Est. reading time\" \/>\n\t<meta name=\"twitter:data1\" content=\"2 min\u016btes\" \/>\n<script type=\"application\/ld+json\" class=\"yoast-schema-graph\">{\"@context\":\"https:\/\/schema.org\",\"@graph\":[{\"@type\":\"WebPage\",\"@id\":\"https:\/\/baltmeistars.lv\/ieksdarbi-2\/\",\"url\":\"https:\/\/baltmeistars.lv\/ieksdarbi-2\/\",\"name\":\"Iek\u0161ejie t\u012bkli - Baltmeistars\",\"isPartOf\":{\"@id\":\"https:\/\/baltmeistars.lv\/lv\/#website\"},\"primaryImageOfPage\":{\"@id\":\"https:\/\/baltmeistars.lv\/ieksdarbi-2\/#primaryimage\"},\"image\":{\"@id\":\"https:\/\/baltmeistars.lv\/ieksdarbi-2\/#primaryimage\"},\"thumbnailUrl\":\"https:\/\/baltmeistars.lv\/wp-content\/uploads\/2021\/03\/santehnika-ragana.jpg\",\"datePublished\":\"2021-02-28T01:36:31+00:00\",\"dateModified\":\"2025-02-20T08:31:36+00:00\",\"breadcrumb\":{\"@id\":\"https:\/\/baltmeistars.lv\/ieksdarbi-2\/#breadcrumb\"},\"inLanguage\":\"lv-LV\",\"potentialAction\":[{\"@type\":\"ReadAction\",\"target\":[\"https:\/\/baltmeistars.lv\/ieksdarbi-2\/\"]}]},{\"@type\":\"ImageObject\",\"inLanguage\":\"lv-LV\",\"@id\":\"https:\/\/baltmeistars.lv\/ieksdarbi-2\/#primaryimage\",\"url\":\"https:\/\/baltmeistars.lv\/wp-content\/uploads\/2021\/03\/santehnika-ragana.jpg\",\"contentUrl\":\"https:\/\/baltmeistars.lv\/wp-content\/uploads\/2021\/03\/santehnika-ragana.jpg\"},{\"@type\":\"BreadcrumbList\",\"@id\":\"https:\/\/baltmeistars.lv\/ieksdarbi-2\/#breadcrumb\",\"itemListElement\":[{\"@type\":\"ListItem\",\"position\":1,\"name\":\"Home\",\"item\":\"https:\/\/baltmeistars.lv\/lv\/\"},{\"@type\":\"ListItem\",\"position\":2,\"name\":\"Iek\u0161ejie t\u012bkli\"}]},{\"@type\":\"WebSite\",\"@id\":\"https:\/\/baltmeistars.lv\/lv\/#website\",\"url\":\"https:\/\/baltmeistars.lv\/lv\/\",\"name\":\"Baltmeistars\",\"description\":\"Celtniec\u012bbas nozare\",\"alternateName\":\"Baltmeistars.lv\",\"potentialAction\":[{\"@type\":\"SearchAction\",\"target\":{\"@type\":\"EntryPoint\",\"urlTemplate\":\"https:\/\/baltmeistars.lv\/lv\/?s={search_term_string}\"},\"query-input\":{\"@type\":\"PropertyValueSpecification\",\"valueRequired\":true,\"valueName\":\"search_term_string\"}}],\"inLanguage\":\"lv-LV\"}]}<\/script>\n<!-- \/ Yoast SEO plugin. -->","yoast_head_json":{"title":"Iek\u0161ejie t\u012bkli - Baltmeistars","robots":{"index":"index","follow":"follow","max-snippet":"max-snippet:-1","max-image-preview":"max-image-preview:large","max-video-preview":"max-video-preview:-1"},"canonical":"https:\/\/baltmeistars.lv\/lv\/ieksdarbi-2\/","og_locale":"lv_LV","og_type":"article","og_title":"Iek\u0161ejie t\u012bkli - Baltmeistars","og_description":"God\u0101tie Klienti! Visas santehnikas iek\u0101rtas, kuras atrodas J\u016bsu m\u0101jas iek\u0161telp\u0101s, ir iek\u0161\u0113j\u0101s \u016bdensapg\u0101des un kanaliz\u0101cijas elementi. M\u0101jas celtniec\u012bbas s\u0101kuma etap\u0101 tiek veikta visu \u016bdensapg\u0101des un kanaliz\u0101cijas l\u012bniju mont\u0101\u017ea. L\u012bnijas tiek ier\u012bkotas m\u0101jas pamatu da\u013c\u0101 (fundament\u0101). M\u0101jas kanaliz\u0101cijas un \u016bdenapg\u0101des piesl\u0113guma punktu atra\u0161an\u0101s vietas ir nepiecie\u0161ams iepl\u0101not jau celtniec\u012bbas projekt\u0113\u0161anas stadij\u0101. Kanaliz\u0101cijas cauru\u013cu ievieto\u0161ana zem m\u0101jas [&hellip;] Las\u012bt vair\u0101k","og_url":"https:\/\/baltmeistars.lv\/lv\/ieksdarbi-2\/","og_site_name":"Baltmeistars","article_modified_time":"2025-02-20T08:31:36+00:00","og_image":[{"url":"https:\/\/baltmeistars.lv\/wp-content\/uploads\/2021\/03\/santehnika-ragana.jpg","type":"","width":"","height":""}],"twitter_card":"summary_large_image","twitter_misc":{"Est. reading time":"2 min\u016btes"},"schema":{"@context":"https:\/\/schema.org","@graph":[{"@type":"WebPage","@id":"https:\/\/baltmeistars.lv\/ieksdarbi-2\/","url":"https:\/\/baltmeistars.lv\/ieksdarbi-2\/","name":"Iek\u0161ejie t\u012bkli - Baltmeistars","isPartOf":{"@id":"https:\/\/baltmeistars.lv\/lv\/#website"},"primaryImageOfPage":{"@id":"https:\/\/baltmeistars.lv\/ieksdarbi-2\/#primaryimage"},"image":{"@id":"https:\/\/baltmeistars.lv\/ieksdarbi-2\/#primaryimage"},"thumbnailUrl":"https:\/\/baltmeistars.lv\/wp-content\/uploads\/2021\/03\/santehnika-ragana.jpg","datePublished":"2021-02-28T01:36:31+00:00","dateModified":"2025-02-20T08:31:36+00:00","breadcrumb":{"@id":"https:\/\/baltmeistars.lv\/ieksdarbi-2\/#breadcrumb"},"inLanguage":"lv-LV","potentialAction":[{"@type":"ReadAction","target":["https:\/\/baltmeistars.lv\/ieksdarbi-2\/"]}]},{"@type":"ImageObject","inLanguage":"lv-LV","@id":"https:\/\/baltmeistars.lv\/ieksdarbi-2\/#primaryimage","url":"https:\/\/baltmeistars.lv\/wp-content\/uploads\/2021\/03\/santehnika-ragana.jpg","contentUrl":"https:\/\/baltmeistars.lv\/wp-content\/uploads\/2021\/03\/santehnika-ragana.jpg"},{"@type":"BreadcrumbList","@id":"https:\/\/baltmeistars.lv\/ieksdarbi-2\/#breadcrumb","itemListElement":[{"@type":"ListItem","position":1,"name":"Home","item":"https:\/\/baltmeistars.lv\/lv\/"},{"@type":"ListItem","position":2,"name":"Iek\u0161ejie t\u012bkli"}]},{"@type":"WebSite","@id":"https:\/\/baltmeistars.lv\/lv\/#website","url":"https:\/\/baltmeistars.lv\/lv\/","name":"Baltmeistars","description":"Celtniec\u012bbas nozare","alternateName":"Baltmeistars.lv","potentialAction":[{"@type":"SearchAction","target":{"@type":"EntryPoint","urlTemplate":"https:\/\/baltmeistars.lv\/lv\/?s={search_term_string}"},"query-input":{"@type":"PropertyValueSpecification","valueRequired":true,"valueName":"search_term_string"}}],"inLanguage":"lv-LV"}]}},"_links":{"self":[{"href":"https:\/\/baltmeistars.lv\/lv\/wp-json\/wp\/v2\/pages\/6797","targetHints":{"allow":["GET"]}}],"collection":[{"href":"https:\/\/baltmeistars.lv\/lv\/wp-json\/wp\/v2\/pages"}],"about":[{"href":"https:\/\/baltmeistars.lv\/lv\/wp-json\/wp\/v2\/types\/page"}],"author":[{"embeddable":true,"href":"https:\/\/baltmeistars.lv\/lv\/wp-json\/wp\/v2\/users\/1"}],"replies":[{"embeddable":true,"href":"https:\/\/baltmeistars.lv\/lv\/wp-json\/wp\/v2\/comments?post=6797"}],"version-history":[{"count":5,"href":"https:\/\/baltmeistars.lv\/lv\/wp-json\/wp\/v2\/pages\/6797\/revisions"}],"predecessor-version":[{"id":7284,"href":"https:\/\/baltmeistars.lv\/lv\/wp-json\/wp\/v2\/pages\/6797\/revisions\/7284"}],"wp:attachment":[{"href":"https:\/\/baltmeistars.lv\/lv\/wp-json\/wp\/v2\/media?parent=6797"}],"curies":[{"name":"wp","href":"https:\/\/api.w.org\/{rel}","templated":true}]}}