{"id":6812,"date":"2021-02-28T13:22:49","date_gmt":"2021-02-28T11:22:49","guid":{"rendered":"https:\/\/devilsecure.com\/?page_id=6812"},"modified":"2025-02-20T10:39:35","modified_gmt":"2025-02-20T08:39:35","slug":"jumta-montaza-uzklasana-un-nomaina","status":"publish","type":"page","link":"https:\/\/baltmeistars.lv\/lv\/jumta-montaza-uzklasana-un-nomaina\/","title":{"rendered":"Teknes, notekcaurules, kores, v\u0113ja un sniega barjeras"},"content":{"rendered":"\n<p>God\u0101tie klienti!<\/p>\n\n\n\n<p>P\u0113c jumta seguma uzkl\u0101\u0161anas v\u0113l ir nepiecie\u0161ama da\u017eu papildus jumta elementu mont\u0101\u017ea, p\u0113c k\u0101 jumta uzkl\u0101\u0161anu var uzskat\u012bt par pabeigtu.<\/p>\n\n\n\n<p>T\u0101 k\u0101 jumta uzkl\u0101\u0161anas darbu veik\u0161anai pa \u0113kas perimetru tika uzst\u0101d\u012btas celtniec\u012bbas sastatnes, b\u016btu lo\u0123iski uzreiz pabeigt visu jumta elementu uzst\u0101d\u012b\u0161anu un visus kopum\u0101 nepiecie\u0161amos jumta darbus.<\/p>\n\n\n\n<p>Papildus nepiecie\u0161amie jumta elementi, kas nepiecie\u0161ami jumta uzst\u0101d\u012b\u0161anas darbu pabeig\u0161anai ir:<\/p>\n\n\n\n<ul class=\"wp-block-list\">\n<li>Jumta kore \u2013 to uzst\u0101da jumta augst\u0101kaj\u0101 da\u013c\u0101 un stiprina pie visiem jumta seguma sl\u012bpumiem<\/li>\n\n\n\n<li>V\u0113jd\u0113lis \u2013 tiek mont\u0113ts jumta seguma s\u0101nu galos, lai aizsarg\u0101tu no mitruma un sniega iek\u013c\u016b\u0161anas zem jumta seguma<\/li>\n\n\n\n<li>Jumta l\u016bkas \u2013 t\u0101s nepiecie\u0161amas, lai nodro\u0161in\u0101tu piek\u013cuvi jumtam skurste\u0146u apkalpo\u0161anas vai jumta seguma remonta gad\u012bjumos<\/li>\n\n\n\n<li>Sniega barjeras \u2013 tiek stiprin\u0101tas pie jumta seguma un pasarg\u0101 no jumta sniega segas kri\u0161anas virs \u0101rdurv\u012bm un iebrauktuves gar\u0101\u017e\u0101<\/li>\n\n\n\n<li>Jumta l\u0101sene \u2013 nodro\u0161ina \u016bdens novadi m\u0101jas notek\u016bde\u0146u sist\u0113m\u0101, nov\u0113r\u0161 jumta konktrukciju eroziju<\/li>\n<\/ul>\n\n\n<div class=\"wp-block-image\">\n<figure class=\"alignleft size-full is-resized\"><figure id=\"attachment_7204\" class=\"alignnone full-width-mobile thin\"><img loading=\"lazy\" decoding=\"async\" width=\"856\" height=\"1448\" src=\"https:\/\/baltmeistars.lv\/wp-content\/uploads\/2025\/02\/teknes-1-as-Smart-Object-1.jpg\" alt=\"\" class=\"wp-image-7204\" style=\"width:150px;height:auto\"\/><\/figure><\/figure>\n<\/div>\n\n\n<p>N\u0101kamais solis ir noteksist\u0113mas uzst\u0101d\u012b\u0161ana.Tek\u0146u, notekcauru\u013cu ir stiprin\u0101jumu sist\u0113mas forma un kr\u0101sa, k\u0101 ar\u012b sist\u0113mas uzst\u0101d\u012b\u0161anas metodes ir at\u0161\u0137ir\u012bgas. Kuru veidu, metodi un kr\u0101su izmantot, ir noteikts J\u016bsu b\u016bves projekta dokument\u0101cij\u0101 Noteksist\u0113mas mont\u0101\u017eas process sast\u0101v no sekojo\u0161\u0101m darb\u012bb\u0101m:<\/p>\n\n\n<div class=\"wp-block-image\">\n<figure class=\"alignright size-full is-resized\"><figure id=\"attachment_7209\" class=\"alignnone full-width-mobile thin\"><img loading=\"lazy\" decoding=\"async\" width=\"1118\" height=\"690\" src=\"https:\/\/baltmeistars.lv\/wp-content\/uploads\/2025\/02\/teknes-as-Smart-Object-1-as-Smart-Object-1.jpg\" alt=\"\" class=\"wp-image-7209\" style=\"width:277px;height:auto\"\/><\/figure><\/figure>\n<\/div>\n\n\n<ul class=\"wp-block-list\">\n<li>Tek\u0146u stiprin\u0101jumu mont\u0101\u017ea. Pie jumta s\u0101nu d\u0113\u013ca tiek piestirin\u0101ti stiprin\u0101juma \u0101\u0137i neliel\u0101 le\u0146\u0137\u012b uz notekcaurules pusi<\/li>\n\n\n\n<li>Tiem mont\u0113tas teknes, kas nodro\u0161ina mitruma un \u016bdens sav\u0101k\u0161anu no jumta seguma<\/li>\n\n\n\n<li>Tiek uzst\u0101d\u012btas notekcaurules, pa kur\u0101m lielais mitrums un \u016bdens tiek novad\u012bts notek\u016bde\u0146u kanaliz\u0101cij\u0101<\/li>\n<\/ul>\n\n\n\n<p>Jumta segums ir uzst\u0101d\u012bts, papildus elementi uzmont\u0113ti un var turpin\u0101t n\u0101kamos m\u0101jas celtniec\u012bbas darbus.<\/p>\n\n\n\n<p>Pied\u0101v\u0101ju veikt sada\u013c\u0101 min\u0113tos jumta seguma uzkl\u0101\u0161anas un papildus elementu mont\u0101\u017eas darbus Siguldas un In\u010dukalna novados un R\u012bgas rajon\u0101<\/p>\n","protected":false},"excerpt":{"rendered":"<p>God\u0101tie klienti! P\u0113c jumta seguma uzkl\u0101\u0161anas v\u0113l ir nepiecie\u0161ama da\u017eu papildus jumta elementu mont\u0101\u017ea, p\u0113c k\u0101 jumta uzkl\u0101\u0161anu var uzskat\u012bt par pabeigtu. T\u0101 k\u0101 jumta uzkl\u0101\u0161anas darbu veik\u0161anai pa \u0113kas perimetru tika uzst\u0101d\u012btas celtniec\u012bbas sastatnes, b\u016btu lo\u0123iski uzreiz pabeigt visu jumta elementu uzst\u0101d\u012b\u0161anu un visus kopum\u0101 nepiecie\u0161amos jumta darbus. Papildus nepiecie\u0161amie jumta elementi, kas nepiecie\u0161ami <!-- more-link -->[&hellip;] <a href=\"https:\/\/baltmeistars.lv\/lv\/jumta-montaza-uzklasana-un-nomaina\/\" class=\"more more-link\">Las\u012bt vair\u0101k<\/a><\/p>\n","protected":false},"author":1,"featured_media":0,"parent":0,"menu_order":0,"comment_status":"closed","ping_status":"closed","template":"","meta":{"_acf_changed":false,"footnotes":""},"class_list":["post-6812","page","type-page","status-publish","hentry"],"acf":[],"yoast_head":"<!-- This site is optimized with the Yoast SEO plugin v24.5 - https:\/\/yoast.com\/wordpress\/plugins\/seo\/ -->\n<title>Teknes, notekcaurules, kores, v\u0113ja un sniega barjeras - Baltmeistars<\/title>\n<meta name=\"robots\" content=\"index, follow, max-snippet:-1, max-image-preview:large, max-video-preview:-1\" \/>\n<link rel=\"canonical\" href=\"https:\/\/baltmeistars.lv\/lv\/jumta-montaza-uzklasana-un-nomaina\/\" \/>\n<meta property=\"og:locale\" content=\"lv_LV\" \/>\n<meta property=\"og:type\" content=\"article\" \/>\n<meta property=\"og:title\" content=\"Teknes, notekcaurules, kores, v\u0113ja un sniega barjeras - Baltmeistars\" \/>\n<meta property=\"og:description\" content=\"God\u0101tie klienti! P\u0113c jumta seguma uzkl\u0101\u0161anas v\u0113l ir nepiecie\u0161ama da\u017eu papildus jumta elementu mont\u0101\u017ea, p\u0113c k\u0101 jumta uzkl\u0101\u0161anu var uzskat\u012bt par pabeigtu. T\u0101 k\u0101 jumta uzkl\u0101\u0161anas darbu veik\u0161anai pa \u0113kas perimetru tika uzst\u0101d\u012btas celtniec\u012bbas sastatnes, b\u016btu lo\u0123iski uzreiz pabeigt visu jumta elementu uzst\u0101d\u012b\u0161anu un visus kopum\u0101 nepiecie\u0161amos jumta darbus. Papildus nepiecie\u0161amie jumta elementi, kas nepiecie\u0161ami [&hellip;] Las\u012bt vair\u0101k\" \/>\n<meta property=\"og:url\" content=\"https:\/\/baltmeistars.lv\/lv\/jumta-montaza-uzklasana-un-nomaina\/\" \/>\n<meta property=\"og:site_name\" content=\"Baltmeistars\" \/>\n<meta property=\"article:modified_time\" content=\"2025-02-20T08:39:35+00:00\" \/>\n<meta property=\"og:image\" content=\"https:\/\/baltmeistars.lv\/wp-content\/uploads\/2025\/02\/teknes-1-as-Smart-Object-1.jpg\" \/>\n<meta name=\"twitter:card\" content=\"summary_large_image\" \/>\n<meta name=\"twitter:label1\" content=\"Est. reading time\" \/>\n\t<meta name=\"twitter:data1\" content=\"2 min\u016btes\" \/>\n<script type=\"application\/ld+json\" class=\"yoast-schema-graph\">{\"@context\":\"https:\/\/schema.org\",\"@graph\":[{\"@type\":\"WebPage\",\"@id\":\"https:\/\/baltmeistars.lv\/jumta-montaza-uzklasana-un-nomaina\/\",\"url\":\"https:\/\/baltmeistars.lv\/jumta-montaza-uzklasana-un-nomaina\/\",\"name\":\"Teknes, notekcaurules, kores, v\u0113ja un sniega barjeras - Baltmeistars\",\"isPartOf\":{\"@id\":\"https:\/\/baltmeistars.lv\/lv\/#website\"},\"primaryImageOfPage\":{\"@id\":\"https:\/\/baltmeistars.lv\/jumta-montaza-uzklasana-un-nomaina\/#primaryimage\"},\"image\":{\"@id\":\"https:\/\/baltmeistars.lv\/jumta-montaza-uzklasana-un-nomaina\/#primaryimage\"},\"thumbnailUrl\":\"https:\/\/baltmeistars.lv\/wp-content\/uploads\/2025\/02\/teknes-1-as-Smart-Object-1.jpg\",\"datePublished\":\"2021-02-28T11:22:49+00:00\",\"dateModified\":\"2025-02-20T08:39:35+00:00\",\"breadcrumb\":{\"@id\":\"https:\/\/baltmeistars.lv\/jumta-montaza-uzklasana-un-nomaina\/#breadcrumb\"},\"inLanguage\":\"lv-LV\",\"potentialAction\":[{\"@type\":\"ReadAction\",\"target\":[\"https:\/\/baltmeistars.lv\/jumta-montaza-uzklasana-un-nomaina\/\"]}]},{\"@type\":\"ImageObject\",\"inLanguage\":\"lv-LV\",\"@id\":\"https:\/\/baltmeistars.lv\/jumta-montaza-uzklasana-un-nomaina\/#primaryimage\",\"url\":\"https:\/\/baltmeistars.lv\/wp-content\/uploads\/2025\/02\/teknes-1-as-Smart-Object-1.jpg\",\"contentUrl\":\"https:\/\/baltmeistars.lv\/wp-content\/uploads\/2025\/02\/teknes-1-as-Smart-Object-1.jpg\"},{\"@type\":\"BreadcrumbList\",\"@id\":\"https:\/\/baltmeistars.lv\/jumta-montaza-uzklasana-un-nomaina\/#breadcrumb\",\"itemListElement\":[{\"@type\":\"ListItem\",\"position\":1,\"name\":\"Home\",\"item\":\"https:\/\/baltmeistars.lv\/lv\/\"},{\"@type\":\"ListItem\",\"position\":2,\"name\":\"Teknes, notekcaurules, kores, v\u0113ja un sniega barjeras\"}]},{\"@type\":\"WebSite\",\"@id\":\"https:\/\/baltmeistars.lv\/lv\/#website\",\"url\":\"https:\/\/baltmeistars.lv\/lv\/\",\"name\":\"Baltmeistars\",\"description\":\"Celtniec\u012bbas nozare\",\"alternateName\":\"Baltmeistars.lv\",\"potentialAction\":[{\"@type\":\"SearchAction\",\"target\":{\"@type\":\"EntryPoint\",\"urlTemplate\":\"https:\/\/baltmeistars.lv\/lv\/?s={search_term_string}\"},\"query-input\":{\"@type\":\"PropertyValueSpecification\",\"valueRequired\":true,\"valueName\":\"search_term_string\"}}],\"inLanguage\":\"lv-LV\"}]}<\/script>\n<!-- \/ Yoast SEO plugin. -->","yoast_head_json":{"title":"Teknes, notekcaurules, kores, v\u0113ja un sniega barjeras - Baltmeistars","robots":{"index":"index","follow":"follow","max-snippet":"max-snippet:-1","max-image-preview":"max-image-preview:large","max-video-preview":"max-video-preview:-1"},"canonical":"https:\/\/baltmeistars.lv\/lv\/jumta-montaza-uzklasana-un-nomaina\/","og_locale":"lv_LV","og_type":"article","og_title":"Teknes, notekcaurules, kores, v\u0113ja un sniega barjeras - Baltmeistars","og_description":"God\u0101tie klienti! P\u0113c jumta seguma uzkl\u0101\u0161anas v\u0113l ir nepiecie\u0161ama da\u017eu papildus jumta elementu mont\u0101\u017ea, p\u0113c k\u0101 jumta uzkl\u0101\u0161anu var uzskat\u012bt par pabeigtu. T\u0101 k\u0101 jumta uzkl\u0101\u0161anas darbu veik\u0161anai pa \u0113kas perimetru tika uzst\u0101d\u012btas celtniec\u012bbas sastatnes, b\u016btu lo\u0123iski uzreiz pabeigt visu jumta elementu uzst\u0101d\u012b\u0161anu un visus kopum\u0101 nepiecie\u0161amos jumta darbus. Papildus nepiecie\u0161amie jumta elementi, kas nepiecie\u0161ami [&hellip;] Las\u012bt vair\u0101k","og_url":"https:\/\/baltmeistars.lv\/lv\/jumta-montaza-uzklasana-un-nomaina\/","og_site_name":"Baltmeistars","article_modified_time":"2025-02-20T08:39:35+00:00","og_image":[{"url":"https:\/\/baltmeistars.lv\/wp-content\/uploads\/2025\/02\/teknes-1-as-Smart-Object-1.jpg","type":"","width":"","height":""}],"twitter_card":"summary_large_image","twitter_misc":{"Est. reading time":"2 min\u016btes"},"schema":{"@context":"https:\/\/schema.org","@graph":[{"@type":"WebPage","@id":"https:\/\/baltmeistars.lv\/jumta-montaza-uzklasana-un-nomaina\/","url":"https:\/\/baltmeistars.lv\/jumta-montaza-uzklasana-un-nomaina\/","name":"Teknes, notekcaurules, kores, v\u0113ja un sniega barjeras - Baltmeistars","isPartOf":{"@id":"https:\/\/baltmeistars.lv\/lv\/#website"},"primaryImageOfPage":{"@id":"https:\/\/baltmeistars.lv\/jumta-montaza-uzklasana-un-nomaina\/#primaryimage"},"image":{"@id":"https:\/\/baltmeistars.lv\/jumta-montaza-uzklasana-un-nomaina\/#primaryimage"},"thumbnailUrl":"https:\/\/baltmeistars.lv\/wp-content\/uploads\/2025\/02\/teknes-1-as-Smart-Object-1.jpg","datePublished":"2021-02-28T11:22:49+00:00","dateModified":"2025-02-20T08:39:35+00:00","breadcrumb":{"@id":"https:\/\/baltmeistars.lv\/jumta-montaza-uzklasana-un-nomaina\/#breadcrumb"},"inLanguage":"lv-LV","potentialAction":[{"@type":"ReadAction","target":["https:\/\/baltmeistars.lv\/jumta-montaza-uzklasana-un-nomaina\/"]}]},{"@type":"ImageObject","inLanguage":"lv-LV","@id":"https:\/\/baltmeistars.lv\/jumta-montaza-uzklasana-un-nomaina\/#primaryimage","url":"https:\/\/baltmeistars.lv\/wp-content\/uploads\/2025\/02\/teknes-1-as-Smart-Object-1.jpg","contentUrl":"https:\/\/baltmeistars.lv\/wp-content\/uploads\/2025\/02\/teknes-1-as-Smart-Object-1.jpg"},{"@type":"BreadcrumbList","@id":"https:\/\/baltmeistars.lv\/jumta-montaza-uzklasana-un-nomaina\/#breadcrumb","itemListElement":[{"@type":"ListItem","position":1,"name":"Home","item":"https:\/\/baltmeistars.lv\/lv\/"},{"@type":"ListItem","position":2,"name":"Teknes, notekcaurules, kores, v\u0113ja un sniega barjeras"}]},{"@type":"WebSite","@id":"https:\/\/baltmeistars.lv\/lv\/#website","url":"https:\/\/baltmeistars.lv\/lv\/","name":"Baltmeistars","description":"Celtniec\u012bbas nozare","alternateName":"Baltmeistars.lv","potentialAction":[{"@type":"SearchAction","target":{"@type":"EntryPoint","urlTemplate":"https:\/\/baltmeistars.lv\/lv\/?s={search_term_string}"},"query-input":{"@type":"PropertyValueSpecification","valueRequired":true,"valueName":"search_term_string"}}],"inLanguage":"lv-LV"}]}},"_links":{"self":[{"href":"https:\/\/baltmeistars.lv\/lv\/wp-json\/wp\/v2\/pages\/6812","targetHints":{"allow":["GET"]}}],"collection":[{"href":"https:\/\/baltmeistars.lv\/lv\/wp-json\/wp\/v2\/pages"}],"about":[{"href":"https:\/\/baltmeistars.lv\/lv\/wp-json\/wp\/v2\/types\/page"}],"author":[{"embeddable":true,"href":"https:\/\/baltmeistars.lv\/lv\/wp-json\/wp\/v2\/users\/1"}],"replies":[{"embeddable":true,"href":"https:\/\/baltmeistars.lv\/lv\/wp-json\/wp\/v2\/comments?post=6812"}],"version-history":[{"count":9,"href":"https:\/\/baltmeistars.lv\/lv\/wp-json\/wp\/v2\/pages\/6812\/revisions"}],"predecessor-version":[{"id":7294,"href":"https:\/\/baltmeistars.lv\/lv\/wp-json\/wp\/v2\/pages\/6812\/revisions\/7294"}],"wp:attachment":[{"href":"https:\/\/baltmeistars.lv\/lv\/wp-json\/wp\/v2\/media?parent=6812"}],"curies":[{"name":"wp","href":"https:\/\/api.w.org\/{rel}","templated":true}]}}