{"id":6814,"date":"2021-02-28T13:23:31","date_gmt":"2021-02-28T11:23:31","guid":{"rendered":"https:\/\/devilsecure.com\/?page_id=6814"},"modified":"2025-02-20T10:34:02","modified_gmt":"2025-02-20T08:34:02","slug":"teknes-notekcaurules-kores-veja-un-sniega-barjeras","status":"publish","type":"page","link":"https:\/\/baltmeistars.lv\/lv\/teknes-notekcaurules-kores-veja-un-sniega-barjeras\/","title":{"rendered":"Jumta mont\u0101\u017ea, uzkl\u0101\u0161ana un nomai\u0146a"},"content":{"rendered":"\n<p>God\u0101tie Klienti!<\/p>\n\n\n\n<p>M\u016bsdien\u0101s tirg\u016b ir pieejams vispla\u0161\u0101kais jumta apdares materi\u0101lu kl\u0101sts<\/p>\n\n\n\n<ul class=\"wp-block-list\">\n<li>Met\u0101ldaksti\u0146i<\/li>\n\n\n\n<li>Gofr\u0113t\u0101 met\u0101la loksnes<\/li>\n\n\n\n<li>Ondul\u012bna loksnes<\/li>\n\n\n\n<li>Azbestu nesauturo\u0161as \u0161\u012bfera loksnes<\/li>\n\n\n\n<li>Valcprofils<\/li>\n\n\n\n<li>Bitumena daksti\u0146i<\/li>\n\n\n\n<li>Uzkaus\u0113jamais jumta seguma materi\u0101ls<\/li>\n<\/ul>\n\n\n\n<p>Visi min\u0113tie materi\u0101li ir pielietojami, veic savas pamatfunkcijas, ta\u010du ar\u012b b\u016btiski at\u0161\u0137iras to tehniskie raksturojumi, cena un kalpo\u0161anas ilgums<\/p>\n\n\n\n<figure class=\"wp-block-image size-full is-resized\"><figure id=\"attachment_7191\" class=\"alignnone full-width-mobile thin\"><img loading=\"lazy\" decoding=\"async\" width=\"2058\" height=\"870\" src=\"https:\/\/baltmeistars.lv\/wp-content\/uploads\/2025\/02\/jumts-imanta.jpg\" alt=\"\" class=\"wp-image-7191\" style=\"width:457px;height:auto\"\/><\/figure><\/figure>\n\n\n\n<p>Galvenie jumta materi\u0101la kl\u0101\u0161anas darbu etapi ir l\u012bdz\u012bgi. \u0160oreiz aprakst\u012b\u0161u divsl\u012bpu jumta kl\u0101\u0161anas procesu<\/p>\n\n\n\n<ul class=\"wp-block-list\">\n<li>Sp\u0101ru sist\u0113ma tiek nosegta ar dif\u016bzijas membr\u0101nu virzien\u0101 no lejas un aug\u0161u, lai nodro\u0161in\u0101tu kondens\u0101ta nopl\u016b\u0161anu<\/li>\n\n\n\n<li>Pie sp\u0101ru rib\u0101m tiek stiprin\u0101tas 45mm* 45mm bruses, kuras nodro\u0161ina gaisa pl\u016bsmas spraugu<\/li>\n\n\n\n<li>Pie ventil\u0101cijas brus\u0113m perpendikul\u0101r\u0101 virzien\u0101 un visa jumta plat\u012bb\u0101tiek stiprin\u0101ti 25mm*100mm d\u0113\u013ci. Stiprin\u0101jumu solis tiek r\u0113\u0137in\u0101ts saska\u0146\u0101 ar konkr\u0113t\u0101 jumta materi\u0101la kl\u0101\u0161anas tehniskaj\u0101m pras\u012bb\u0101m.<\/li>\n\n\n\n<li>Virs augst\u0101kmin\u0113t\u0101s konstrukcijas tiek kl\u0101tas jumta materi\u0101ls \u2013 met\u0101ldaksti\u0146i, gofr\u0113t\u0101 met\u0101la loksnes, ondul\u012bna loksnes, azbestu nesaturo\u0161as \u0161\u012bfera loksnes vai valcprofils<\/li>\n\n\n\n<li>&nbsp;<\/li>\n<\/ul>\n\n\n\n<p>Bitumena daksti\u0146u un uzkaus\u0113jam\u0101 jumta materi\u0101la kl\u0101\u0161anai nepiecie\u0161amais priek\u0161darbu process ir nedaudz at\u0161\u0137ir\u012bgs. Izmai\u0146as proces\u0101 s\u0101kas no br\u012b\u017ea, kad ir piestiprin\u0101tas 45mm*45mm bruses<\/p>\n\n\n\n<ul class=\"wp-block-list\">\n<li>Pa visu jumta plat\u012bbu tiek uzkl\u0101tas kokskaidu pl\u0101ksnes (KSP) vai finiera pl\u0101ksnes. Svar\u012bgi ir, ka pl\u0101ksnes netiek kl\u0101tas cie\u0161i viena pie otras, bet tiek atst\u0101tas spraugas, lai kompens\u0113tu iesp\u0113jamo materi\u0101la virsmas deform\u0101ciju<\/li>\n\n\n\n<li>Kl\u0101jot bitumena daksti\u0146u jumta segumu, pirms tam tiek veikta virsmas papildus hidroizol\u0101cija.<\/li>\n\n\n\n<li>Gad\u012bjumos, kad tiek pielietots uzkaus\u0113jamais jumta seguma materi\u0101ls, tad s\u0101kotneji, ar g\u0101zes deg\u013ca pal\u012bdz\u012bbu tiek uzkaus\u0113ts grunts kl\u0101jums ar min 10 cm p\u0101rsedzi. P\u0113c tam, pielitojot t\u0101du pa\u0161u metodi tiek uzkl\u0101ta jumta seguma virsk\u0101rta vis\u0101 plat\u012bb\u0101.<\/li>\n<\/ul>\n\n\n\n<p>P\u0113c jumta seguma kl\u0101juma darbu pabeig\u0161anas tiek uzs\u0101kta jumta seguma papildelementu mont\u0101\u017ea.<\/p>\n\n\n\n<p>\u0112ku ekspluat\u0101cijas laik\u0101 m\u0113dz rasties situ\u0101cijas, kad ie neiecie\u0161ama jumta seguma materi\u0101la nomai\u0146a. Parasti \u0161\u0101das situ\u0101cijas rodas \u0113k\u0101m, kuras tiek ekspluat\u0113tasjau vair\u0101kus gadu desmitus. Siguldas un In\u010dukalna novados un ne tikai, \u0113k\u0101m, kuras ir celtas pirms 23-30 gadiem visbie\u017e\u0101k pielietotais jumta materi\u0101ls ir azbestu saturo\u0161as \u0161\u012bfera pl\u0101ksnes. \u0160is materi\u0101ls ne\u0161aub\u012bgi ir \u013coti ilgtsp\u0113j\u012bgs, ta\u010du pien\u0101k br\u012bdis, kad ir nepiecie\u0161ama t\u0101 nomai\u0146a. Azbestu saturo\u0161s \u0161\u012bferis satur videi kait\u012bgus materi\u0101lu un \u0161\u0101da jumta materi\u0101la utiliz\u0101cija ir diezgan d\u0101rgs pakalpojums. \u0160is faktors ir j\u0101\u0146em v\u0113r\u0101, kad tiek pl\u0101nota jumta seguma nomai\u0146a.<\/p>\n\n\n\n<p>Vec\u0101 jumta nomai\u0146a uz jaunu jumta segumu norit t\u0101d\u0101 pa\u0161\u0101 k\u0101rt\u012bb\u0101, k\u0101 augst\u0101kmin\u0113t\u0101 jauna jumta kl\u0101\u0161ana. Vien\u012bgais faktors, kas var sad\u0101rdzin\u0101t izmaksas ir , ja vec\u0101s sp\u0101ru konstrukcijas ir av\u0101rijas st\u0101vokl\u012b vai boj\u0101tas un 8 gad\u012bjumos no 10 ir nepiecie\u0161ams to remonts vai nomai\u0146a vai ar\u012b rodas nepiecie\u0161am\u012bba uzst\u0101d\u012bt papildus jumta konstrukcijas elemntus.<\/p>\n\n\n\n<p>Pied\u0101v\u0101ju veikt visus rakst\u0101 min\u0113tos jumtu mont\u0101\u017eas un nomai\u0146as darbus Siguldas un In\u010dukalna novados un R\u012bgas rajon\u0101<\/p>\n","protected":false},"excerpt":{"rendered":"<p>God\u0101tie Klienti! M\u016bsdien\u0101s tirg\u016b ir pieejams vispla\u0161\u0101kais jumta apdares materi\u0101lu kl\u0101sts Visi min\u0113tie materi\u0101li ir pielietojami, veic savas pamatfunkcijas, ta\u010du ar\u012b b\u016btiski at\u0161\u0137iras to tehniskie raksturojumi, cena un kalpo\u0161anas ilgums Galvenie jumta materi\u0101la kl\u0101\u0161anas darbu etapi ir l\u012bdz\u012bgi. \u0160oreiz aprakst\u012b\u0161u divsl\u012bpu jumta kl\u0101\u0161anas procesu Bitumena daksti\u0146u un uzkaus\u0113jam\u0101 jumta materi\u0101la kl\u0101\u0161anai nepiecie\u0161amais priek\u0161darbu process ir <!-- more-link -->[&hellip;] <a href=\"https:\/\/baltmeistars.lv\/lv\/teknes-notekcaurules-kores-veja-un-sniega-barjeras\/\" class=\"more more-link\">Las\u012bt vair\u0101k<\/a><\/p>\n","protected":false},"author":1,"featured_media":0,"parent":0,"menu_order":0,"comment_status":"closed","ping_status":"closed","template":"","meta":{"_acf_changed":false,"footnotes":""},"class_list":["post-6814","page","type-page","status-publish","hentry"],"acf":[],"yoast_head":"<!-- This site is optimized with the Yoast SEO plugin v24.5 - https:\/\/yoast.com\/wordpress\/plugins\/seo\/ -->\n<title>Jumta mont\u0101\u017ea, uzkl\u0101\u0161ana un nomai\u0146a - Baltmeistars<\/title>\n<meta name=\"robots\" content=\"index, follow, max-snippet:-1, max-image-preview:large, max-video-preview:-1\" \/>\n<link rel=\"canonical\" href=\"https:\/\/baltmeistars.lv\/lv\/teknes-notekcaurules-kores-veja-un-sniega-barjeras\/\" \/>\n<meta property=\"og:locale\" content=\"lv_LV\" \/>\n<meta property=\"og:type\" content=\"article\" \/>\n<meta property=\"og:title\" content=\"Jumta mont\u0101\u017ea, uzkl\u0101\u0161ana un nomai\u0146a - Baltmeistars\" \/>\n<meta property=\"og:description\" content=\"God\u0101tie Klienti! M\u016bsdien\u0101s tirg\u016b ir pieejams vispla\u0161\u0101kais jumta apdares materi\u0101lu kl\u0101sts Visi min\u0113tie materi\u0101li ir pielietojami, veic savas pamatfunkcijas, ta\u010du ar\u012b b\u016btiski at\u0161\u0137iras to tehniskie raksturojumi, cena un kalpo\u0161anas ilgums Galvenie jumta materi\u0101la kl\u0101\u0161anas darbu etapi ir l\u012bdz\u012bgi. \u0160oreiz aprakst\u012b\u0161u divsl\u012bpu jumta kl\u0101\u0161anas procesu Bitumena daksti\u0146u un uzkaus\u0113jam\u0101 jumta materi\u0101la kl\u0101\u0161anai nepiecie\u0161amais priek\u0161darbu process ir [&hellip;] Las\u012bt vair\u0101k\" \/>\n<meta property=\"og:url\" content=\"https:\/\/baltmeistars.lv\/lv\/teknes-notekcaurules-kores-veja-un-sniega-barjeras\/\" \/>\n<meta property=\"og:site_name\" content=\"Baltmeistars\" \/>\n<meta property=\"article:modified_time\" content=\"2025-02-20T08:34:02+00:00\" \/>\n<meta property=\"og:image\" content=\"https:\/\/baltmeistars.lv\/wp-content\/uploads\/2025\/02\/jumts-imanta.jpg\" \/>\n<meta name=\"twitter:card\" content=\"summary_large_image\" \/>\n<meta name=\"twitter:label1\" content=\"Est. reading time\" \/>\n\t<meta name=\"twitter:data1\" content=\"2 min\u016btes\" \/>\n<script type=\"application\/ld+json\" class=\"yoast-schema-graph\">{\"@context\":\"https:\/\/schema.org\",\"@graph\":[{\"@type\":\"WebPage\",\"@id\":\"https:\/\/baltmeistars.lv\/lv\/teknes-notekcaurules-kores-veja-un-sniega-barjeras\/\",\"url\":\"https:\/\/baltmeistars.lv\/lv\/teknes-notekcaurules-kores-veja-un-sniega-barjeras\/\",\"name\":\"Jumta mont\u0101\u017ea, uzkl\u0101\u0161ana un nomai\u0146a - Baltmeistars\",\"isPartOf\":{\"@id\":\"https:\/\/baltmeistars.lv\/lv\/#website\"},\"primaryImageOfPage\":{\"@id\":\"https:\/\/baltmeistars.lv\/lv\/teknes-notekcaurules-kores-veja-un-sniega-barjeras\/#primaryimage\"},\"image\":{\"@id\":\"https:\/\/baltmeistars.lv\/lv\/teknes-notekcaurules-kores-veja-un-sniega-barjeras\/#primaryimage\"},\"thumbnailUrl\":\"https:\/\/baltmeistars.lv\/wp-content\/uploads\/2025\/02\/jumts-imanta.jpg\",\"datePublished\":\"2021-02-28T11:23:31+00:00\",\"dateModified\":\"2025-02-20T08:34:02+00:00\",\"breadcrumb\":{\"@id\":\"https:\/\/baltmeistars.lv\/lv\/teknes-notekcaurules-kores-veja-un-sniega-barjeras\/#breadcrumb\"},\"inLanguage\":\"lv-LV\",\"potentialAction\":[{\"@type\":\"ReadAction\",\"target\":[\"https:\/\/baltmeistars.lv\/lv\/teknes-notekcaurules-kores-veja-un-sniega-barjeras\/\"]}]},{\"@type\":\"ImageObject\",\"inLanguage\":\"lv-LV\",\"@id\":\"https:\/\/baltmeistars.lv\/lv\/teknes-notekcaurules-kores-veja-un-sniega-barjeras\/#primaryimage\",\"url\":\"https:\/\/baltmeistars.lv\/wp-content\/uploads\/2025\/02\/jumts-imanta.jpg\",\"contentUrl\":\"https:\/\/baltmeistars.lv\/wp-content\/uploads\/2025\/02\/jumts-imanta.jpg\"},{\"@type\":\"BreadcrumbList\",\"@id\":\"https:\/\/baltmeistars.lv\/lv\/teknes-notekcaurules-kores-veja-un-sniega-barjeras\/#breadcrumb\",\"itemListElement\":[{\"@type\":\"ListItem\",\"position\":1,\"name\":\"Home\",\"item\":\"https:\/\/baltmeistars.lv\/lv\/\"},{\"@type\":\"ListItem\",\"position\":2,\"name\":\"Jumta mont\u0101\u017ea, uzkl\u0101\u0161ana un nomai\u0146a\"}]},{\"@type\":\"WebSite\",\"@id\":\"https:\/\/baltmeistars.lv\/lv\/#website\",\"url\":\"https:\/\/baltmeistars.lv\/lv\/\",\"name\":\"Baltmeistars\",\"description\":\"Celtniec\u012bbas nozare\",\"alternateName\":\"Baltmeistars.lv\",\"potentialAction\":[{\"@type\":\"SearchAction\",\"target\":{\"@type\":\"EntryPoint\",\"urlTemplate\":\"https:\/\/baltmeistars.lv\/lv\/?s={search_term_string}\"},\"query-input\":{\"@type\":\"PropertyValueSpecification\",\"valueRequired\":true,\"valueName\":\"search_term_string\"}}],\"inLanguage\":\"lv-LV\"}]}<\/script>\n<!-- \/ Yoast SEO plugin. -->","yoast_head_json":{"title":"Jumta mont\u0101\u017ea, uzkl\u0101\u0161ana un nomai\u0146a - Baltmeistars","robots":{"index":"index","follow":"follow","max-snippet":"max-snippet:-1","max-image-preview":"max-image-preview:large","max-video-preview":"max-video-preview:-1"},"canonical":"https:\/\/baltmeistars.lv\/lv\/teknes-notekcaurules-kores-veja-un-sniega-barjeras\/","og_locale":"lv_LV","og_type":"article","og_title":"Jumta mont\u0101\u017ea, uzkl\u0101\u0161ana un nomai\u0146a - Baltmeistars","og_description":"God\u0101tie Klienti! M\u016bsdien\u0101s tirg\u016b ir pieejams vispla\u0161\u0101kais jumta apdares materi\u0101lu kl\u0101sts Visi min\u0113tie materi\u0101li ir pielietojami, veic savas pamatfunkcijas, ta\u010du ar\u012b b\u016btiski at\u0161\u0137iras to tehniskie raksturojumi, cena un kalpo\u0161anas ilgums Galvenie jumta materi\u0101la kl\u0101\u0161anas darbu etapi ir l\u012bdz\u012bgi. \u0160oreiz aprakst\u012b\u0161u divsl\u012bpu jumta kl\u0101\u0161anas procesu Bitumena daksti\u0146u un uzkaus\u0113jam\u0101 jumta materi\u0101la kl\u0101\u0161anai nepiecie\u0161amais priek\u0161darbu process ir [&hellip;] Las\u012bt vair\u0101k","og_url":"https:\/\/baltmeistars.lv\/lv\/teknes-notekcaurules-kores-veja-un-sniega-barjeras\/","og_site_name":"Baltmeistars","article_modified_time":"2025-02-20T08:34:02+00:00","og_image":[{"url":"https:\/\/baltmeistars.lv\/wp-content\/uploads\/2025\/02\/jumts-imanta.jpg","type":"","width":"","height":""}],"twitter_card":"summary_large_image","twitter_misc":{"Est. reading time":"2 min\u016btes"},"schema":{"@context":"https:\/\/schema.org","@graph":[{"@type":"WebPage","@id":"https:\/\/baltmeistars.lv\/lv\/teknes-notekcaurules-kores-veja-un-sniega-barjeras\/","url":"https:\/\/baltmeistars.lv\/lv\/teknes-notekcaurules-kores-veja-un-sniega-barjeras\/","name":"Jumta mont\u0101\u017ea, uzkl\u0101\u0161ana un nomai\u0146a - Baltmeistars","isPartOf":{"@id":"https:\/\/baltmeistars.lv\/lv\/#website"},"primaryImageOfPage":{"@id":"https:\/\/baltmeistars.lv\/lv\/teknes-notekcaurules-kores-veja-un-sniega-barjeras\/#primaryimage"},"image":{"@id":"https:\/\/baltmeistars.lv\/lv\/teknes-notekcaurules-kores-veja-un-sniega-barjeras\/#primaryimage"},"thumbnailUrl":"https:\/\/baltmeistars.lv\/wp-content\/uploads\/2025\/02\/jumts-imanta.jpg","datePublished":"2021-02-28T11:23:31+00:00","dateModified":"2025-02-20T08:34:02+00:00","breadcrumb":{"@id":"https:\/\/baltmeistars.lv\/lv\/teknes-notekcaurules-kores-veja-un-sniega-barjeras\/#breadcrumb"},"inLanguage":"lv-LV","potentialAction":[{"@type":"ReadAction","target":["https:\/\/baltmeistars.lv\/lv\/teknes-notekcaurules-kores-veja-un-sniega-barjeras\/"]}]},{"@type":"ImageObject","inLanguage":"lv-LV","@id":"https:\/\/baltmeistars.lv\/lv\/teknes-notekcaurules-kores-veja-un-sniega-barjeras\/#primaryimage","url":"https:\/\/baltmeistars.lv\/wp-content\/uploads\/2025\/02\/jumts-imanta.jpg","contentUrl":"https:\/\/baltmeistars.lv\/wp-content\/uploads\/2025\/02\/jumts-imanta.jpg"},{"@type":"BreadcrumbList","@id":"https:\/\/baltmeistars.lv\/lv\/teknes-notekcaurules-kores-veja-un-sniega-barjeras\/#breadcrumb","itemListElement":[{"@type":"ListItem","position":1,"name":"Home","item":"https:\/\/baltmeistars.lv\/lv\/"},{"@type":"ListItem","position":2,"name":"Jumta mont\u0101\u017ea, uzkl\u0101\u0161ana un nomai\u0146a"}]},{"@type":"WebSite","@id":"https:\/\/baltmeistars.lv\/lv\/#website","url":"https:\/\/baltmeistars.lv\/lv\/","name":"Baltmeistars","description":"Celtniec\u012bbas nozare","alternateName":"Baltmeistars.lv","potentialAction":[{"@type":"SearchAction","target":{"@type":"EntryPoint","urlTemplate":"https:\/\/baltmeistars.lv\/lv\/?s={search_term_string}"},"query-input":{"@type":"PropertyValueSpecification","valueRequired":true,"valueName":"search_term_string"}}],"inLanguage":"lv-LV"}]}},"_links":{"self":[{"href":"https:\/\/baltmeistars.lv\/lv\/wp-json\/wp\/v2\/pages\/6814","targetHints":{"allow":["GET"]}}],"collection":[{"href":"https:\/\/baltmeistars.lv\/lv\/wp-json\/wp\/v2\/pages"}],"about":[{"href":"https:\/\/baltmeistars.lv\/lv\/wp-json\/wp\/v2\/types\/page"}],"author":[{"embeddable":true,"href":"https:\/\/baltmeistars.lv\/lv\/wp-json\/wp\/v2\/users\/1"}],"replies":[{"embeddable":true,"href":"https:\/\/baltmeistars.lv\/lv\/wp-json\/wp\/v2\/comments?post=6814"}],"version-history":[{"count":6,"href":"https:\/\/baltmeistars.lv\/lv\/wp-json\/wp\/v2\/pages\/6814\/revisions"}],"predecessor-version":[{"id":7288,"href":"https:\/\/baltmeistars.lv\/lv\/wp-json\/wp\/v2\/pages\/6814\/revisions\/7288"}],"wp:attachment":[{"href":"https:\/\/baltmeistars.lv\/lv\/wp-json\/wp\/v2\/media?parent=6814"}],"curies":[{"name":"wp","href":"https:\/\/api.w.org\/{rel}","templated":true}]}}