{"id":6816,"date":"2021-02-28T13:24:29","date_gmt":"2021-02-28T11:24:29","guid":{"rendered":"https:\/\/devilsecure.com\/?page_id=6816"},"modified":"2025-02-20T10:36:08","modified_gmt":"2025-02-20T08:36:08","slug":"pamata-buvnieciba","status":"publish","type":"page","link":"https:\/\/baltmeistars.lv\/lv\/pamata-buvnieciba\/","title":{"rendered":"Pamatu b\u016bvniec\u012bba"},"content":{"rendered":"\n<p>God\u0101tie klienti,<\/p>\n\n\n\n<p>J\u016bs esat pabeigu\u0161i pirmo posmu, gatavojoties uzs\u0101kt celtniec\u012bbas darbus. Jums ir gatava projekta dokumet\u0101cija un esat sa\u0146\u0113mu\u0161i b\u016bvat\u013cauju. Pirms darbu uzs\u0101k\u0161anas v\u0113l ir nepiecie\u0161ams izmantot topogr\u0101fa pakalpojumus un veikt uz zemes gabala m\u0101jas pamatu asu l\u012bniju mar\u0137\u0113jumu. \u0160o darb\u012bbu var veikt gan pirms b\u016bvbedres izrak\u0161anas, gan ar\u012b p\u0113c t\u0101s.<\/p>\n\n\n\n<p>M\u0101jas pamatu novietojums un dzi\u013cums ir saska\u0146\u0101 ar eso\u0161\u0101 projekta tehniskajiem datiem<\/p>\n\n\n\n<p>M\u0101jas pamatu ielik\u0161ana ar tai sekojo\u0161iem komunik\u0101ciju ier\u012bko\u0161anas un meln\u0101s gr\u012bdas ielik\u0161anas darbiem sast\u0101da jau 25% no J\u016bsu ce\u013ca uz gatavu m\u0101ju.<\/p>\n\n\n\n<p>B\u016bvniec\u012bb\u0101 tiek pielietoti da\u017e\u0101di pamatu ielik\u0161anas veidi. K\u0101dus materi\u0101lus un tehnolo\u0123ijas izmantot, nosakata konkr\u0113t\u0101 projekta dokument\u0101cija. K\u0101 jau mineju iepriek\u0161, balstoties uz \u0123eolo\u0123iskajiem p\u0113t\u012bjumiem un konstrukt\u012bviem risin\u0101jumiem, arhitekts pied\u0101v\u0101 konkr\u0113tus tehniskos risin\u0101jumus. Arhitektam str\u0101d\u0101jot tand\u0113m\u0101 ar b\u016bvnieku ir iesp\u0113ja un nepiecie\u0161am\u012bba rast optim\u0101lo variantu, kur\u0161 atbild\u012bs gan konstrukt\u012bvajiem apr\u0113\u0137iniem, gan ar\u012b b\u016bs ekonomiski pamatots.<\/p>\n\n\n\n<p>M\u0101jas pamatu ielik\u0161anas process sast\u0101v no vair\u0101kiem etapiem:<\/p>\n\n\n<div class=\"wp-block-image\">\n<figure class=\"alignleft size-large\"><figure id=\"attachment_7071\" class=\"alignnone full-width-mobile thin\"><img loading=\"lazy\" decoding=\"async\" width=\"200\" height=\"300\" src=\"https:\/\/baltmeistars.lv\/wp-content\/uploads\/2021\/03\/pamati-3.jpg\" alt=\"\" class=\"wp-image-7071\" srcset=\"https:\/\/baltmeistars.lv\/wp-content\/uploads\/2021\/03\/pamati-3.jpg 200w, https:\/\/baltmeistars.lv\/wp-content\/uploads\/2021\/03\/pamati-3-8x12.jpg 8w\" sizes=\"auto, (max-width: 200px) 100vw, 200px\" \/><\/figure><\/figure>\n<\/div>\n\n\n<ul class=\"wp-block-list\">\n<li>Grunts sagatavo\u0161ana pamatu atbalsta p\u0113das mont\u0101\u017eai<\/li>\n\n\n\n<li>P\u0113das veid\u0146u mont\u0101\u017ea<\/li>\n\n\n\n<li>Armat\u016bras sie\u0161ana<\/li>\n\n\n\n<li>Betona ielie\u0161ana<\/li>\n\n\n\n<li>Hidroizol\u0101cija<\/li>\n\n\n\n<li>Pamatu sienu b\u016bv\u0113\u0161ana, arm\u0113\u0161ana, gilzu iekl\u0101\u0161ana turpm\u0101k\u0101m komunik\u0101cij\u0101m<\/li>\n\n\n\n<li>Arm\u0113jo\u0161\u0101s joslas uzst\u0101d\u012b\u0161ana pa visu pamatu perimetru, lai nodro\u0161in\u0101tu kontrukcijas saturu un dro\u0161\u012bbu (veid\u0146u mont\u0101\u017ea, arm\u0113\u0161ana, betona ielie\u0161ana)<\/li>\n\n\n\n<li>Paral\u0113li pamatu iek\u0161\u0113j\u0101s da\u013cas aizb\u0113r\u0161anai un grunts bliet\u0113\u0161anai tiek ier\u012bkotas komun\u0101cijas (elektr\u012bba, kanaliz\u0101cija, \u016bdensapg\u0101de)<\/li>\n\n\n\n<li>Meln\u0101s gr\u012bdas uzst\u0101d\u012b\u0161ana, ja turpm\u0101kie celtniec\u012bbas darbi turpin\u0101sies uzreiz l\u012bdz sien\u0101m un jumtam<\/li>\n\n\n\n<li>Pamatu \u0101r\u0113jo sienu hidroizol\u0101cija. Ar\u012b iek\u0161\u0113jo sienu hidroizol\u0101cija, ja to paredz projekta dokument\u0101cija<\/li>\n\n\n\n<li>Pamatu sienu siltin\u0101\u0161ana, kam seko arm\u0113t\u0101 apmetuma uzkl\u0101\u0161ana<\/li>\n<\/ul>\n\n\n\n<p>J\u016bsu m\u0101jas pamati ir gatavi un, pirms aizb\u0113rt tos no \u0101rpuses, atliek v\u0113l viena darb\u012bba \u2013 dren\u0101\u017eas sist\u0113mas ier\u012bko\u0161ana<\/p>\n\n\n\n<p>Pied\u0101v\u0101ju veikt visus min\u0113tos pamatu b\u016bvniec\u012bbas un dren\u0101\u017eas ier\u012bko\u0161anas darbus Siguldas un In\u010dukalna novados un R\u012bgas rajon\u0101<\/p>\n","protected":false},"excerpt":{"rendered":"<p>God\u0101tie klienti, J\u016bs esat pabeigu\u0161i pirmo posmu, gatavojoties uzs\u0101kt celtniec\u012bbas darbus. Jums ir gatava projekta dokumet\u0101cija un esat sa\u0146\u0113mu\u0161i b\u016bvat\u013cauju. Pirms darbu uzs\u0101k\u0161anas v\u0113l ir nepiecie\u0161ams izmantot topogr\u0101fa pakalpojumus un veikt uz zemes gabala m\u0101jas pamatu asu l\u012bniju mar\u0137\u0113jumu. \u0160o darb\u012bbu var veikt gan pirms b\u016bvbedres izrak\u0161anas, gan ar\u012b p\u0113c t\u0101s. M\u0101jas pamatu novietojums un <!-- more-link -->[&hellip;] <a href=\"https:\/\/baltmeistars.lv\/lv\/pamata-buvnieciba\/\" class=\"more more-link\">Las\u012bt vair\u0101k<\/a><\/p>\n","protected":false},"author":1,"featured_media":0,"parent":0,"menu_order":0,"comment_status":"closed","ping_status":"closed","template":"","meta":{"_acf_changed":false,"footnotes":""},"class_list":["post-6816","page","type-page","status-publish","hentry"],"acf":[],"yoast_head":"<!-- This site is optimized with the Yoast SEO plugin v24.5 - https:\/\/yoast.com\/wordpress\/plugins\/seo\/ -->\n<title>Pamatu b\u016bvniec\u012bba - Baltmeistars<\/title>\n<meta name=\"robots\" content=\"index, follow, max-snippet:-1, max-image-preview:large, max-video-preview:-1\" \/>\n<link rel=\"canonical\" href=\"https:\/\/baltmeistars.lv\/lv\/pamata-buvnieciba\/\" \/>\n<meta property=\"og:locale\" content=\"lv_LV\" \/>\n<meta property=\"og:type\" content=\"article\" \/>\n<meta property=\"og:title\" content=\"Pamatu b\u016bvniec\u012bba - Baltmeistars\" \/>\n<meta property=\"og:description\" content=\"God\u0101tie klienti, J\u016bs esat pabeigu\u0161i pirmo posmu, gatavojoties uzs\u0101kt celtniec\u012bbas darbus. Jums ir gatava projekta dokumet\u0101cija un esat sa\u0146\u0113mu\u0161i b\u016bvat\u013cauju. Pirms darbu uzs\u0101k\u0161anas v\u0113l ir nepiecie\u0161ams izmantot topogr\u0101fa pakalpojumus un veikt uz zemes gabala m\u0101jas pamatu asu l\u012bniju mar\u0137\u0113jumu. \u0160o darb\u012bbu var veikt gan pirms b\u016bvbedres izrak\u0161anas, gan ar\u012b p\u0113c t\u0101s. M\u0101jas pamatu novietojums un [&hellip;] Las\u012bt vair\u0101k\" \/>\n<meta property=\"og:url\" content=\"https:\/\/baltmeistars.lv\/lv\/pamata-buvnieciba\/\" \/>\n<meta property=\"og:site_name\" content=\"Baltmeistars\" \/>\n<meta property=\"article:modified_time\" content=\"2025-02-20T08:36:08+00:00\" \/>\n<meta property=\"og:image\" content=\"https:\/\/baltmeistars.lv\/wp-content\/uploads\/2021\/03\/pamati-3.jpg\" \/>\n<meta name=\"twitter:card\" content=\"summary_large_image\" \/>\n<meta name=\"twitter:label1\" content=\"Est. reading time\" \/>\n\t<meta name=\"twitter:data1\" content=\"2 min\u016btes\" \/>\n<script type=\"application\/ld+json\" class=\"yoast-schema-graph\">{\"@context\":\"https:\/\/schema.org\",\"@graph\":[{\"@type\":\"WebPage\",\"@id\":\"https:\/\/baltmeistars.lv\/pamata-buvnieciba\/\",\"url\":\"https:\/\/baltmeistars.lv\/pamata-buvnieciba\/\",\"name\":\"Pamatu b\u016bvniec\u012bba - Baltmeistars\",\"isPartOf\":{\"@id\":\"https:\/\/baltmeistars.lv\/lv\/#website\"},\"primaryImageOfPage\":{\"@id\":\"https:\/\/baltmeistars.lv\/pamata-buvnieciba\/#primaryimage\"},\"image\":{\"@id\":\"https:\/\/baltmeistars.lv\/pamata-buvnieciba\/#primaryimage\"},\"thumbnailUrl\":\"https:\/\/baltmeistars.lv\/wp-content\/uploads\/2021\/03\/pamati-3.jpg\",\"datePublished\":\"2021-02-28T11:24:29+00:00\",\"dateModified\":\"2025-02-20T08:36:08+00:00\",\"breadcrumb\":{\"@id\":\"https:\/\/baltmeistars.lv\/pamata-buvnieciba\/#breadcrumb\"},\"inLanguage\":\"lv-LV\",\"potentialAction\":[{\"@type\":\"ReadAction\",\"target\":[\"https:\/\/baltmeistars.lv\/pamata-buvnieciba\/\"]}]},{\"@type\":\"ImageObject\",\"inLanguage\":\"lv-LV\",\"@id\":\"https:\/\/baltmeistars.lv\/pamata-buvnieciba\/#primaryimage\",\"url\":\"https:\/\/baltmeistars.lv\/wp-content\/uploads\/2021\/03\/pamati-3.jpg\",\"contentUrl\":\"https:\/\/baltmeistars.lv\/wp-content\/uploads\/2021\/03\/pamati-3.jpg\"},{\"@type\":\"BreadcrumbList\",\"@id\":\"https:\/\/baltmeistars.lv\/pamata-buvnieciba\/#breadcrumb\",\"itemListElement\":[{\"@type\":\"ListItem\",\"position\":1,\"name\":\"Home\",\"item\":\"https:\/\/baltmeistars.lv\/lv\/\"},{\"@type\":\"ListItem\",\"position\":2,\"name\":\"Pamatu b\u016bvniec\u012bba\"}]},{\"@type\":\"WebSite\",\"@id\":\"https:\/\/baltmeistars.lv\/lv\/#website\",\"url\":\"https:\/\/baltmeistars.lv\/lv\/\",\"name\":\"Baltmeistars\",\"description\":\"Celtniec\u012bbas nozare\",\"alternateName\":\"Baltmeistars.lv\",\"potentialAction\":[{\"@type\":\"SearchAction\",\"target\":{\"@type\":\"EntryPoint\",\"urlTemplate\":\"https:\/\/baltmeistars.lv\/lv\/?s={search_term_string}\"},\"query-input\":{\"@type\":\"PropertyValueSpecification\",\"valueRequired\":true,\"valueName\":\"search_term_string\"}}],\"inLanguage\":\"lv-LV\"}]}<\/script>\n<!-- \/ Yoast SEO plugin. -->","yoast_head_json":{"title":"Pamatu b\u016bvniec\u012bba - Baltmeistars","robots":{"index":"index","follow":"follow","max-snippet":"max-snippet:-1","max-image-preview":"max-image-preview:large","max-video-preview":"max-video-preview:-1"},"canonical":"https:\/\/baltmeistars.lv\/lv\/pamata-buvnieciba\/","og_locale":"lv_LV","og_type":"article","og_title":"Pamatu b\u016bvniec\u012bba - Baltmeistars","og_description":"God\u0101tie klienti, J\u016bs esat pabeigu\u0161i pirmo posmu, gatavojoties uzs\u0101kt celtniec\u012bbas darbus. Jums ir gatava projekta dokumet\u0101cija un esat sa\u0146\u0113mu\u0161i b\u016bvat\u013cauju. Pirms darbu uzs\u0101k\u0161anas v\u0113l ir nepiecie\u0161ams izmantot topogr\u0101fa pakalpojumus un veikt uz zemes gabala m\u0101jas pamatu asu l\u012bniju mar\u0137\u0113jumu. \u0160o darb\u012bbu var veikt gan pirms b\u016bvbedres izrak\u0161anas, gan ar\u012b p\u0113c t\u0101s. M\u0101jas pamatu novietojums un [&hellip;] Las\u012bt vair\u0101k","og_url":"https:\/\/baltmeistars.lv\/lv\/pamata-buvnieciba\/","og_site_name":"Baltmeistars","article_modified_time":"2025-02-20T08:36:08+00:00","og_image":[{"url":"https:\/\/baltmeistars.lv\/wp-content\/uploads\/2021\/03\/pamati-3.jpg","type":"","width":"","height":""}],"twitter_card":"summary_large_image","twitter_misc":{"Est. reading time":"2 min\u016btes"},"schema":{"@context":"https:\/\/schema.org","@graph":[{"@type":"WebPage","@id":"https:\/\/baltmeistars.lv\/pamata-buvnieciba\/","url":"https:\/\/baltmeistars.lv\/pamata-buvnieciba\/","name":"Pamatu b\u016bvniec\u012bba - Baltmeistars","isPartOf":{"@id":"https:\/\/baltmeistars.lv\/lv\/#website"},"primaryImageOfPage":{"@id":"https:\/\/baltmeistars.lv\/pamata-buvnieciba\/#primaryimage"},"image":{"@id":"https:\/\/baltmeistars.lv\/pamata-buvnieciba\/#primaryimage"},"thumbnailUrl":"https:\/\/baltmeistars.lv\/wp-content\/uploads\/2021\/03\/pamati-3.jpg","datePublished":"2021-02-28T11:24:29+00:00","dateModified":"2025-02-20T08:36:08+00:00","breadcrumb":{"@id":"https:\/\/baltmeistars.lv\/pamata-buvnieciba\/#breadcrumb"},"inLanguage":"lv-LV","potentialAction":[{"@type":"ReadAction","target":["https:\/\/baltmeistars.lv\/pamata-buvnieciba\/"]}]},{"@type":"ImageObject","inLanguage":"lv-LV","@id":"https:\/\/baltmeistars.lv\/pamata-buvnieciba\/#primaryimage","url":"https:\/\/baltmeistars.lv\/wp-content\/uploads\/2021\/03\/pamati-3.jpg","contentUrl":"https:\/\/baltmeistars.lv\/wp-content\/uploads\/2021\/03\/pamati-3.jpg"},{"@type":"BreadcrumbList","@id":"https:\/\/baltmeistars.lv\/pamata-buvnieciba\/#breadcrumb","itemListElement":[{"@type":"ListItem","position":1,"name":"Home","item":"https:\/\/baltmeistars.lv\/lv\/"},{"@type":"ListItem","position":2,"name":"Pamatu b\u016bvniec\u012bba"}]},{"@type":"WebSite","@id":"https:\/\/baltmeistars.lv\/lv\/#website","url":"https:\/\/baltmeistars.lv\/lv\/","name":"Baltmeistars","description":"Celtniec\u012bbas nozare","alternateName":"Baltmeistars.lv","potentialAction":[{"@type":"SearchAction","target":{"@type":"EntryPoint","urlTemplate":"https:\/\/baltmeistars.lv\/lv\/?s={search_term_string}"},"query-input":{"@type":"PropertyValueSpecification","valueRequired":true,"valueName":"search_term_string"}}],"inLanguage":"lv-LV"}]}},"_links":{"self":[{"href":"https:\/\/baltmeistars.lv\/lv\/wp-json\/wp\/v2\/pages\/6816","targetHints":{"allow":["GET"]}}],"collection":[{"href":"https:\/\/baltmeistars.lv\/lv\/wp-json\/wp\/v2\/pages"}],"about":[{"href":"https:\/\/baltmeistars.lv\/lv\/wp-json\/wp\/v2\/types\/page"}],"author":[{"embeddable":true,"href":"https:\/\/baltmeistars.lv\/lv\/wp-json\/wp\/v2\/users\/1"}],"replies":[{"embeddable":true,"href":"https:\/\/baltmeistars.lv\/lv\/wp-json\/wp\/v2\/comments?post=6816"}],"version-history":[{"count":6,"href":"https:\/\/baltmeistars.lv\/lv\/wp-json\/wp\/v2\/pages\/6816\/revisions"}],"predecessor-version":[{"id":7290,"href":"https:\/\/baltmeistars.lv\/lv\/wp-json\/wp\/v2\/pages\/6816\/revisions\/7290"}],"wp:attachment":[{"href":"https:\/\/baltmeistars.lv\/lv\/wp-json\/wp\/v2\/media?parent=6816"}],"curies":[{"name":"wp","href":"https:\/\/api.w.org\/{rel}","templated":true}]}}