{"id":6818,"date":"2021-02-28T13:24:57","date_gmt":"2021-02-28T11:24:57","guid":{"rendered":"https:\/\/devilsecure.com\/?page_id=6818"},"modified":"2025-02-20T10:26:46","modified_gmt":"2025-02-20T08:26:46","slug":"drenazas-izbuve","status":"publish","type":"page","link":"https:\/\/baltmeistars.lv\/lv\/drenazas-izbuve\/","title":{"rendered":"Drena\u017eas izb\u016bve"},"content":{"rendered":"\n<p>God\u0101tie klienti,<\/p>\n\n\n\n<p>J\u016bsu m\u0101jas pamati ir ielikti. Pirms uzs\u0101kt m\u0101jas sienu b\u016bvniec\u012bbu, nepiecie\u0161ams veikt k\u0101du \u013coti svar\u012bgu darbu.<\/p>\n\n\n\n<p>Re\u0123ion\u0101, kur\u0101 es str\u0101d\u0101ju \u2013 In\u010dukalna un Siguldas novad\u0101, zemes grunts skturkt\u016bra&nbsp; un veids ir \u013coti l\u012bdz\u012bgas. To veido no 30 l\u012bdz 70 cm melnzemes, tad m\u0101la sl\u0101nis vid\u0113ji l\u012bdz 5 m un p\u0113c tam dolom\u012bta sl\u0101nis. T\u0101da grunts strukt\u016bra bez papildus melior\u0101cicijas sist\u0113mas veicina p\u0101rlieku lielu \u016bdens uzkr\u0101\u0161anos zemes gabalu zem\u0101kaj\u0101s viet\u0101s. Pamata ielik\u0161anas darbu laik\u0101 tiek izrakta b\u016bvbedre, taj\u0101 tiek iemont\u0113ti pamatiem nepiecie\u0161amie elementi un b\u016bvbedre tiek aizb\u0113rta, t\u0101d\u0113j\u0101di pamatelemetu konstrukcija atrodas zem\u0101k par m\u0101la sl\u0101ni un m\u0101ls, k\u0101 zin\u0101ms, nav \u016bdenscaurlaid\u012bgs, t\u0101d\u0113\u013c viss lietus \u016bdens vai \u016bdens no k\u016bsto\u0161a sniega uzkr\u0101jas zem m\u0101jas. Lieka \u016bdens uzkr\u0101\u0161an\u0101s var novest pie grunts izple\u0161an\u0101s zem m\u0101jas pamatiem un turpm\u0101k pie kritiskiem un da\u017ereiz nelabojamiem boj\u0101jumiem.<\/p>\n\n\n\n<p>Lai izvair\u012btos no augst\u0101kmin\u0113t\u0101, pirms pamatu \u0101r\u0113ja perimetra aizb\u0113r\u0161anas ir \u0101rk\u0101rt\u012bgi svar\u012bgi uzst\u0101d\u012bt dren\u0101\u017eas sist\u0113mu. \u0160is process sast\u0101v no sekojo\u0161iem posmiem:<\/p>\n\n\n<div class=\"wp-block-image\">\n<figure class=\"alignleft size-large\"><figure id=\"attachment_7074\" class=\"alignnone full-width-mobile thin\"><img loading=\"lazy\" decoding=\"async\" width=\"192\" height=\"383\" src=\"https:\/\/baltmeistars.lv\/wp-content\/uploads\/2021\/03\/drenaza.jpg\" alt=\"\" class=\"wp-image-7074\" srcset=\"https:\/\/baltmeistars.lv\/wp-content\/uploads\/2021\/03\/drenaza.jpg 192w, https:\/\/baltmeistars.lv\/wp-content\/uploads\/2021\/03\/drenaza-150x300.jpg 150w, https:\/\/baltmeistars.lv\/wp-content\/uploads\/2021\/03\/drenaza-6x12.jpg 6w, https:\/\/baltmeistars.lv\/wp-content\/uploads\/2021\/03\/drenaza-165x330.jpg 165w\" sizes=\"auto, (max-width: 192px) 100vw, 192px\" \/><\/figure><\/figure>\n<\/div>\n\n\n<ul class=\"wp-block-list\">\n<li>Pa m\u0101jas pamatu perimetru tiek izkl\u0101ts \u0123eotekstils, kur\u0161 nodro\u0161ina \u016bdens caurlaid\u012bbu un nov\u0113r\u0161 dren\u0101\u017eas sist\u0113mas aizs\u0113r\u0113\u0161anu. Jo liel\u0101ks ir materi\u0101la svars , Proti, gmari uz kvadr\u0101tmetru, jo tas ir bl\u012bv\u0101ks un attiec\u012bgi ar\u012b efekt\u012bv\u0101ks<\/li>\n\n\n\n<li>Virs \u0123eotekstila k\u0101rt\u0101s tiek b\u0113rti o\u013ci, tad dren\u0101\u017eas caurule, kura atkal tiek ielikta joslas vidus da\u013ca, tad tiek b\u0113rta o\u013cu k\u0101rta (var izmantot ar\u012b s\u012bk\u0101s gran\u012bta \u0161\u0137embas, ta\u010du tas ir eknomiski maz\u0101k izdev\u012bgs risin\u0101jums). Dren\u0101\u017eas caurule tiek ielikta da\u017eu gr\u0101du le\u0146\u0137\u012b, lai nodro\u0161in\u0101tu \u016bdens pl\u016bsmu. Visa min\u0113t\u0101 konstrukcija tiek apvilkta ar \u0123eotekstilu un apb\u0113rta ar smilti, veidojoto aptuvei 70 cm ov\u0101la aploku<\/li>\n\n\n\n<li>Dren\u0101\u017eas caurules gals tiek izvilkts vair\u0101kus metrus no m\u0101jas pamatiem un tur tiek mont\u0113ta kontrolaka<\/li>\n\n\n\n<li>T\u0101l\u0101k viss \u016bdens kur\u0161 uzkr\u0101jies rev\u012bzijas grod\u0101, tiek novad\u012bts vai nu uz melior\u0101cijas gr\u0101vi vai ar\u012b tiek veidoti dren\u0101\u017eas lauki<\/li>\n\n\n\n<li>Veicot dren\u0101\u017eas ier\u012bko\u0161anas darbus var jau ier\u012bkot ar\u012b komunik\u0101cijas notek\u016bde\u0146u aizvad\u012b\u0161anai un liek\u0101 \u016bdens novad\u012b\u0161anai no m\u0101jas pamatiem. T\u0101 k\u0101 dren\u0101\u017eas sist\u0113ma ir ievietota le\u0146\u0137\u012b, tas neb\u016bs gr\u016bti izdar\u0101ms un nodro\u0161in\u0101s optim\u0101lu \u016bdens novad\u012b\u0161anu<\/li>\n\n\n\n<li>Pamatu \u0101r\u0113j\u0101s sienas aizb\u0113r\u0161ana<\/li>\n<\/ul>\n\n\n\n<p>J\u016bsu m\u0101jas pamati ir gatavi, visi nulles cikla darbi ir pabeigti un tagad var uzs\u0101kt m\u0101jas sienu b\u016bvniec\u012bbu<\/p>\n\n\n\n<p>Pied\u0101v\u0101ju veikt visus min\u0113tos pamatu b\u016bvniec\u012bbas un dren\u0101\u017eas ier\u012bko\u0161anas darbus Siguldas un In\u010dukalna novados un R\u012bgas rajon\u0101<\/p>\n","protected":false},"excerpt":{"rendered":"<p>God\u0101tie klienti, J\u016bsu m\u0101jas pamati ir ielikti. Pirms uzs\u0101kt m\u0101jas sienu b\u016bvniec\u012bbu, nepiecie\u0161ams veikt k\u0101du \u013coti svar\u012bgu darbu. Re\u0123ion\u0101, kur\u0101 es str\u0101d\u0101ju \u2013 In\u010dukalna un Siguldas novad\u0101, zemes grunts skturkt\u016bra&nbsp; un veids ir \u013coti l\u012bdz\u012bgas. To veido no 30 l\u012bdz 70 cm melnzemes, tad m\u0101la sl\u0101nis vid\u0113ji l\u012bdz 5 m un p\u0113c tam dolom\u012bta sl\u0101nis. <!-- more-link -->[&hellip;] <a href=\"https:\/\/baltmeistars.lv\/lv\/drenazas-izbuve\/\" class=\"more more-link\">Las\u012bt vair\u0101k<\/a><\/p>\n","protected":false},"author":1,"featured_media":0,"parent":0,"menu_order":0,"comment_status":"closed","ping_status":"closed","template":"","meta":{"_acf_changed":false,"footnotes":""},"class_list":["post-6818","page","type-page","status-publish","hentry"],"acf":[],"yoast_head":"<!-- This site is optimized with the Yoast SEO plugin v24.5 - https:\/\/yoast.com\/wordpress\/plugins\/seo\/ -->\n<title>Drena\u017eas izb\u016bve - Baltmeistars<\/title>\n<meta name=\"robots\" content=\"index, follow, max-snippet:-1, max-image-preview:large, max-video-preview:-1\" \/>\n<link rel=\"canonical\" href=\"https:\/\/baltmeistars.lv\/lv\/drenazas-izbuve\/\" \/>\n<meta property=\"og:locale\" content=\"lv_LV\" \/>\n<meta property=\"og:type\" content=\"article\" \/>\n<meta property=\"og:title\" content=\"Drena\u017eas izb\u016bve - Baltmeistars\" \/>\n<meta property=\"og:description\" content=\"God\u0101tie klienti, J\u016bsu m\u0101jas pamati ir ielikti. Pirms uzs\u0101kt m\u0101jas sienu b\u016bvniec\u012bbu, nepiecie\u0161ams veikt k\u0101du \u013coti svar\u012bgu darbu. Re\u0123ion\u0101, kur\u0101 es str\u0101d\u0101ju \u2013 In\u010dukalna un Siguldas novad\u0101, zemes grunts skturkt\u016bra&nbsp; un veids ir \u013coti l\u012bdz\u012bgas. To veido no 30 l\u012bdz 70 cm melnzemes, tad m\u0101la sl\u0101nis vid\u0113ji l\u012bdz 5 m un p\u0113c tam dolom\u012bta sl\u0101nis. [&hellip;] Las\u012bt vair\u0101k\" \/>\n<meta property=\"og:url\" content=\"https:\/\/baltmeistars.lv\/lv\/drenazas-izbuve\/\" \/>\n<meta property=\"og:site_name\" content=\"Baltmeistars\" \/>\n<meta property=\"article:modified_time\" content=\"2025-02-20T08:26:46+00:00\" \/>\n<meta property=\"og:image\" content=\"https:\/\/baltmeistars.lv\/wp-content\/uploads\/2021\/03\/drenaza.jpg\" \/>\n<meta name=\"twitter:card\" content=\"summary_large_image\" \/>\n<meta name=\"twitter:label1\" content=\"Est. reading time\" \/>\n\t<meta name=\"twitter:data1\" content=\"2 min\u016btes\" \/>\n<script type=\"application\/ld+json\" class=\"yoast-schema-graph\">{\"@context\":\"https:\/\/schema.org\",\"@graph\":[{\"@type\":\"WebPage\",\"@id\":\"https:\/\/baltmeistars.lv\/drenazas-izbuve\/\",\"url\":\"https:\/\/baltmeistars.lv\/drenazas-izbuve\/\",\"name\":\"Drena\u017eas izb\u016bve - Baltmeistars\",\"isPartOf\":{\"@id\":\"https:\/\/baltmeistars.lv\/lv\/#website\"},\"primaryImageOfPage\":{\"@id\":\"https:\/\/baltmeistars.lv\/drenazas-izbuve\/#primaryimage\"},\"image\":{\"@id\":\"https:\/\/baltmeistars.lv\/drenazas-izbuve\/#primaryimage\"},\"thumbnailUrl\":\"https:\/\/baltmeistars.lv\/wp-content\/uploads\/2021\/03\/drenaza.jpg\",\"datePublished\":\"2021-02-28T11:24:57+00:00\",\"dateModified\":\"2025-02-20T08:26:46+00:00\",\"breadcrumb\":{\"@id\":\"https:\/\/baltmeistars.lv\/drenazas-izbuve\/#breadcrumb\"},\"inLanguage\":\"lv-LV\",\"potentialAction\":[{\"@type\":\"ReadAction\",\"target\":[\"https:\/\/baltmeistars.lv\/drenazas-izbuve\/\"]}]},{\"@type\":\"ImageObject\",\"inLanguage\":\"lv-LV\",\"@id\":\"https:\/\/baltmeistars.lv\/drenazas-izbuve\/#primaryimage\",\"url\":\"https:\/\/baltmeistars.lv\/wp-content\/uploads\/2021\/03\/drenaza.jpg\",\"contentUrl\":\"https:\/\/baltmeistars.lv\/wp-content\/uploads\/2021\/03\/drenaza.jpg\"},{\"@type\":\"BreadcrumbList\",\"@id\":\"https:\/\/baltmeistars.lv\/drenazas-izbuve\/#breadcrumb\",\"itemListElement\":[{\"@type\":\"ListItem\",\"position\":1,\"name\":\"Home\",\"item\":\"https:\/\/baltmeistars.lv\/lv\/\"},{\"@type\":\"ListItem\",\"position\":2,\"name\":\"Drena\u017eas izb\u016bve\"}]},{\"@type\":\"WebSite\",\"@id\":\"https:\/\/baltmeistars.lv\/lv\/#website\",\"url\":\"https:\/\/baltmeistars.lv\/lv\/\",\"name\":\"Baltmeistars\",\"description\":\"Celtniec\u012bbas nozare\",\"alternateName\":\"Baltmeistars.lv\",\"potentialAction\":[{\"@type\":\"SearchAction\",\"target\":{\"@type\":\"EntryPoint\",\"urlTemplate\":\"https:\/\/baltmeistars.lv\/lv\/?s={search_term_string}\"},\"query-input\":{\"@type\":\"PropertyValueSpecification\",\"valueRequired\":true,\"valueName\":\"search_term_string\"}}],\"inLanguage\":\"lv-LV\"}]}<\/script>\n<!-- \/ Yoast SEO plugin. -->","yoast_head_json":{"title":"Drena\u017eas izb\u016bve - Baltmeistars","robots":{"index":"index","follow":"follow","max-snippet":"max-snippet:-1","max-image-preview":"max-image-preview:large","max-video-preview":"max-video-preview:-1"},"canonical":"https:\/\/baltmeistars.lv\/lv\/drenazas-izbuve\/","og_locale":"lv_LV","og_type":"article","og_title":"Drena\u017eas izb\u016bve - Baltmeistars","og_description":"God\u0101tie klienti, J\u016bsu m\u0101jas pamati ir ielikti. Pirms uzs\u0101kt m\u0101jas sienu b\u016bvniec\u012bbu, nepiecie\u0161ams veikt k\u0101du \u013coti svar\u012bgu darbu. Re\u0123ion\u0101, kur\u0101 es str\u0101d\u0101ju \u2013 In\u010dukalna un Siguldas novad\u0101, zemes grunts skturkt\u016bra&nbsp; un veids ir \u013coti l\u012bdz\u012bgas. To veido no 30 l\u012bdz 70 cm melnzemes, tad m\u0101la sl\u0101nis vid\u0113ji l\u012bdz 5 m un p\u0113c tam dolom\u012bta sl\u0101nis. [&hellip;] Las\u012bt vair\u0101k","og_url":"https:\/\/baltmeistars.lv\/lv\/drenazas-izbuve\/","og_site_name":"Baltmeistars","article_modified_time":"2025-02-20T08:26:46+00:00","og_image":[{"url":"https:\/\/baltmeistars.lv\/wp-content\/uploads\/2021\/03\/drenaza.jpg","type":"","width":"","height":""}],"twitter_card":"summary_large_image","twitter_misc":{"Est. reading time":"2 min\u016btes"},"schema":{"@context":"https:\/\/schema.org","@graph":[{"@type":"WebPage","@id":"https:\/\/baltmeistars.lv\/drenazas-izbuve\/","url":"https:\/\/baltmeistars.lv\/drenazas-izbuve\/","name":"Drena\u017eas izb\u016bve - Baltmeistars","isPartOf":{"@id":"https:\/\/baltmeistars.lv\/lv\/#website"},"primaryImageOfPage":{"@id":"https:\/\/baltmeistars.lv\/drenazas-izbuve\/#primaryimage"},"image":{"@id":"https:\/\/baltmeistars.lv\/drenazas-izbuve\/#primaryimage"},"thumbnailUrl":"https:\/\/baltmeistars.lv\/wp-content\/uploads\/2021\/03\/drenaza.jpg","datePublished":"2021-02-28T11:24:57+00:00","dateModified":"2025-02-20T08:26:46+00:00","breadcrumb":{"@id":"https:\/\/baltmeistars.lv\/drenazas-izbuve\/#breadcrumb"},"inLanguage":"lv-LV","potentialAction":[{"@type":"ReadAction","target":["https:\/\/baltmeistars.lv\/drenazas-izbuve\/"]}]},{"@type":"ImageObject","inLanguage":"lv-LV","@id":"https:\/\/baltmeistars.lv\/drenazas-izbuve\/#primaryimage","url":"https:\/\/baltmeistars.lv\/wp-content\/uploads\/2021\/03\/drenaza.jpg","contentUrl":"https:\/\/baltmeistars.lv\/wp-content\/uploads\/2021\/03\/drenaza.jpg"},{"@type":"BreadcrumbList","@id":"https:\/\/baltmeistars.lv\/drenazas-izbuve\/#breadcrumb","itemListElement":[{"@type":"ListItem","position":1,"name":"Home","item":"https:\/\/baltmeistars.lv\/lv\/"},{"@type":"ListItem","position":2,"name":"Drena\u017eas izb\u016bve"}]},{"@type":"WebSite","@id":"https:\/\/baltmeistars.lv\/lv\/#website","url":"https:\/\/baltmeistars.lv\/lv\/","name":"Baltmeistars","description":"Celtniec\u012bbas nozare","alternateName":"Baltmeistars.lv","potentialAction":[{"@type":"SearchAction","target":{"@type":"EntryPoint","urlTemplate":"https:\/\/baltmeistars.lv\/lv\/?s={search_term_string}"},"query-input":{"@type":"PropertyValueSpecification","valueRequired":true,"valueName":"search_term_string"}}],"inLanguage":"lv-LV"}]}},"_links":{"self":[{"href":"https:\/\/baltmeistars.lv\/lv\/wp-json\/wp\/v2\/pages\/6818","targetHints":{"allow":["GET"]}}],"collection":[{"href":"https:\/\/baltmeistars.lv\/lv\/wp-json\/wp\/v2\/pages"}],"about":[{"href":"https:\/\/baltmeistars.lv\/lv\/wp-json\/wp\/v2\/types\/page"}],"author":[{"embeddable":true,"href":"https:\/\/baltmeistars.lv\/lv\/wp-json\/wp\/v2\/users\/1"}],"replies":[{"embeddable":true,"href":"https:\/\/baltmeistars.lv\/lv\/wp-json\/wp\/v2\/comments?post=6818"}],"version-history":[{"count":5,"href":"https:\/\/baltmeistars.lv\/lv\/wp-json\/wp\/v2\/pages\/6818\/revisions"}],"predecessor-version":[{"id":7279,"href":"https:\/\/baltmeistars.lv\/lv\/wp-json\/wp\/v2\/pages\/6818\/revisions\/7279"}],"wp:attachment":[{"href":"https:\/\/baltmeistars.lv\/lv\/wp-json\/wp\/v2\/media?parent=6818"}],"curies":[{"name":"wp","href":"https:\/\/api.w.org\/{rel}","templated":true}]}}