{"id":6820,"date":"2021-02-28T13:25:11","date_gmt":"2021-02-28T11:25:11","guid":{"rendered":"https:\/\/devilsecure.com\/?page_id=6820"},"modified":"2025-02-20T10:35:09","modified_gmt":"2025-02-20T08:35:09","slug":"melnas-gridas","status":"publish","type":"page","link":"https:\/\/baltmeistars.lv\/lv\/melnas-gridas\/","title":{"rendered":"Meln\u0101 gr\u012bda"},"content":{"rendered":"\n<p>God\u0101tie Klienti!<\/p>\n\n\n\n<p>J\u016bsu m\u0101jas pamats ir pabeigts un var uzs\u0101kt meln\u0101s gr\u012bdas ier\u012bko\u0161anu.<\/p>\n\n\n\n<p>K\u0101 un kur\u0101 celtniec\u012bbas stadij\u0101 veikt meln\u0101s gr\u012bdas ier\u012bko\u0161anu ir atkar\u012bgs no izv\u0113l\u0113t\u0113s celtniec\u012bbas tehnolo\u0123ijas un no celtniec\u012bbas darbu pl\u0101no\u0161anas procesa.<\/p>\n\n\n\n<p>Piem\u0113rs: J\u016bs esat pabeigu\u0161i m\u0101jas pamatu ier\u012bko\u0161anu un turpm\u0101kos celtniec\u012bbas darbus pl\u0101nojat turpin\u0101t p\u0113c gada. \u0160ad\u0101 gad\u012bjum\u0101 nedr\u012bkst ier\u012bkot melno gr\u012bdu, jo m\u0101jas pamatiem ir j\u0101b\u016bt atkl\u0101tiem. Pret\u0113j\u0101 gad\u012bjum\u0101 uz meln\u0101s gr\u012bdas kr\u0101sies \u016bdens un gada aukstajos m\u0113ne\u0161os veidosies ledus k\u0101rta, k\u0101 rezut\u0101t\u0101 visa konstrukcija tiks boj\u0101ta.<\/p>\n\n\n\n<p>Ja m\u0101jas sienu celtniec\u012bbai esat izv\u0113l\u0113ju\u0161ies bloku materi\u0101lu (g\u0101zbetona vai FIBO blokus), tad ar\u012b \u0161aj\u0101 gad\u012bjuma melno gr\u012bdu pareiz\u0101k ir ier\u012bkot tikai p\u0113c visas m\u0101jas konstrukcijas p\u0101rkl\u0101\u0161anas ar jumta segumu. Darbu ar blokiem un l\u012bmi nevar saukt par \u201ct\u012bru\u201d darbu \u2013 l\u012bmes da\u013cas nenover\u0161ami nok\u013c\u016bs uz meln\u0101s gr\u012bdas un pielips pie t\u0101s, kas turpm\u0101k nenov\u0113r\u0161ami rad\u012bs nepiecie\u0161am\u012bbu veikt papildus gr\u012bdas t\u012br\u012b\u0161anas darbus.<\/p>\n\n\n\n<p>Ja m\u0101jas sienu celtniec\u012bbai esat izv\u0113l\u0113ju\u0161ies koka karkasa konstrukciju un celtniec\u012bbas darbi turpin\u0101s nep\u0101rtraukti, tad melno gr\u012bdu j\u0101ier\u012bko pirms sienu konstrukciju un jumta seguma ier\u012bko\u0161anas darbiem.<\/p>\n\n\n\n<p>Meln\u0101s gr\u012bdas uzst\u0101d\u012b\u0161anas process sast\u0101v no sekojo\u0161iem posmiem:<\/p>\n\n\n<div class=\"wp-block-image\">\n<figure class=\"alignleft size-large is-resized\"><figure id=\"attachment_7110\" class=\"alignnone full-width-mobile thin\"><img loading=\"lazy\" decoding=\"async\" width=\"221\" height=\"204\" src=\"https:\/\/baltmeistars.lv\/wp-content\/uploads\/2021\/03\/melna-grida.jpg\" alt=\"\" class=\"wp-image-7110\" style=\"width:181px;height:auto\" srcset=\"https:\/\/baltmeistars.lv\/wp-content\/uploads\/2021\/03\/melna-grida.jpg 221w, https:\/\/baltmeistars.lv\/wp-content\/uploads\/2021\/03\/melna-grida-13x12.jpg 13w\" sizes=\"auto, (max-width: 221px) 100vw, 221px\" \/><\/figure><\/figure>\n<\/div>\n\n<div class=\"wp-block-image\">\n<figure class=\"alignleft size-full is-resized\"><figure id=\"attachment_7198\" class=\"alignnone full-width-mobile thin\"><img loading=\"lazy\" decoding=\"async\" width=\"1236\" height=\"894\" src=\"https:\/\/baltmeistars.lv\/wp-content\/uploads\/2025\/02\/melna-grida-as-Smart-Object-1.jpg\" alt=\"\" class=\"wp-image-7198\" style=\"width:230px;height:auto\"\/><\/figure><\/figure>\n<\/div>\n\n\n<ul class=\"wp-block-list\">\n<li>Pamatnes sagatavo\u0161ana siltin\u0101m\u0101 un hidroizol\u0101cijas materi\u0101la iekl\u0101\u0161anai<\/li>\n\n\n\n<li>Hidroizol\u0101cija. Lai nov\u0113rstu mitruma nok\u013c\u016b\u0161anu un pamatu betona virsmas, tiek pielietoti da\u017e\u0101du veidu \u016bdensnecaurlaid\u012bgi materi\u0101li, piem\u0113ram, bl\u012bvs celof\u0101ns biezum\u0101 l\u012bdz 200 mikroniem vai rubero\u012bds<\/li>\n\n\n\n<li>Tiek iekl\u0101ts siltin\u0101juma sl\u0101nis.Nepiecie\u0161amais sl\u0101\u0146a biezums ir reglament\u0113ts m\u0101jas projekta dokument\u0101cij\u0101. Visbie\u017e\u0101k tiek izmantots ekstrud\u0113tais putoplasts ar spundi. \u0160\u0101ds materi\u0101ls nodro\u0161ina bl\u012bvu vienas loksnes piegul\u0161anu otrai un vienk\u0101r\u0161o iekl\u0101\u0161anas procesu.<\/li>\n\n\n\n<li>Arm\u0113t\u0101 sieta iekl\u0101\u0161ana uz distanceriem, kuri nodro\u0161in\u0101s armat\u016bras atra\u0161anos betona sl\u0101\u0146a pirmaj\u0101 tre\u0161da\u013c\u0101.<\/li>\n\n\n\n<li>Meln\u0101s gr\u012bdas beton\u0113\u0161ana un izl\u012bdzin\u0101\u0161ana<\/li>\n\n\n\n<li>Konstrukcijas \u017e\u016b\u0161anas procesa laik\u0101 nepiecie\u0161ams bag\u0101t\u012bgi mitrin\u0101t gr\u012bdas virs\u0113jo k\u0101rtu da\u017eu pirmo dienu laik\u0101<\/li>\n<\/ul>\n\n\n\n<p>Pied\u0101v\u0101ju veikt visus sada\u013c\u0101 min\u0113tos meln\u0101s gr\u012bdas ier\u012bko\u0161anas darbus Siguldas un In\u010dukalna novados un R\u012bgas rajon\u0101<\/p>\n","protected":false},"excerpt":{"rendered":"<p>God\u0101tie Klienti! J\u016bsu m\u0101jas pamats ir pabeigts un var uzs\u0101kt meln\u0101s gr\u012bdas ier\u012bko\u0161anu. K\u0101 un kur\u0101 celtniec\u012bbas stadij\u0101 veikt meln\u0101s gr\u012bdas ier\u012bko\u0161anu ir atkar\u012bgs no izv\u0113l\u0113t\u0113s celtniec\u012bbas tehnolo\u0123ijas un no celtniec\u012bbas darbu pl\u0101no\u0161anas procesa. Piem\u0113rs: J\u016bs esat pabeigu\u0161i m\u0101jas pamatu ier\u012bko\u0161anu un turpm\u0101kos celtniec\u012bbas darbus pl\u0101nojat turpin\u0101t p\u0113c gada. \u0160ad\u0101 gad\u012bjum\u0101 nedr\u012bkst ier\u012bkot melno gr\u012bdu, <!-- more-link -->[&hellip;] <a href=\"https:\/\/baltmeistars.lv\/lv\/melnas-gridas\/\" class=\"more more-link\">Las\u012bt vair\u0101k<\/a><\/p>\n","protected":false},"author":1,"featured_media":0,"parent":0,"menu_order":0,"comment_status":"closed","ping_status":"closed","template":"","meta":{"_acf_changed":false,"footnotes":""},"class_list":["post-6820","page","type-page","status-publish","hentry"],"acf":[],"yoast_head":"<!-- This site is optimized with the Yoast SEO plugin v24.5 - https:\/\/yoast.com\/wordpress\/plugins\/seo\/ -->\n<title>Meln\u0101 gr\u012bda - Baltmeistars<\/title>\n<meta name=\"robots\" content=\"index, follow, max-snippet:-1, max-image-preview:large, max-video-preview:-1\" \/>\n<link rel=\"canonical\" href=\"https:\/\/baltmeistars.lv\/lv\/melnas-gridas\/\" \/>\n<meta property=\"og:locale\" content=\"lv_LV\" \/>\n<meta property=\"og:type\" content=\"article\" \/>\n<meta property=\"og:title\" content=\"Meln\u0101 gr\u012bda - Baltmeistars\" \/>\n<meta property=\"og:description\" content=\"God\u0101tie Klienti! J\u016bsu m\u0101jas pamats ir pabeigts un var uzs\u0101kt meln\u0101s gr\u012bdas ier\u012bko\u0161anu. K\u0101 un kur\u0101 celtniec\u012bbas stadij\u0101 veikt meln\u0101s gr\u012bdas ier\u012bko\u0161anu ir atkar\u012bgs no izv\u0113l\u0113t\u0113s celtniec\u012bbas tehnolo\u0123ijas un no celtniec\u012bbas darbu pl\u0101no\u0161anas procesa. Piem\u0113rs: J\u016bs esat pabeigu\u0161i m\u0101jas pamatu ier\u012bko\u0161anu un turpm\u0101kos celtniec\u012bbas darbus pl\u0101nojat turpin\u0101t p\u0113c gada. \u0160ad\u0101 gad\u012bjum\u0101 nedr\u012bkst ier\u012bkot melno gr\u012bdu, [&hellip;] Las\u012bt vair\u0101k\" \/>\n<meta property=\"og:url\" content=\"https:\/\/baltmeistars.lv\/lv\/melnas-gridas\/\" \/>\n<meta property=\"og:site_name\" content=\"Baltmeistars\" \/>\n<meta property=\"article:modified_time\" content=\"2025-02-20T08:35:09+00:00\" \/>\n<meta property=\"og:image\" content=\"https:\/\/baltmeistars.lv\/wp-content\/uploads\/2021\/03\/melna-grida.jpg\" \/>\n<meta name=\"twitter:card\" content=\"summary_large_image\" \/>\n<meta name=\"twitter:label1\" content=\"Est. reading time\" \/>\n\t<meta name=\"twitter:data1\" content=\"2 min\u016btes\" \/>\n<script type=\"application\/ld+json\" class=\"yoast-schema-graph\">{\"@context\":\"https:\/\/schema.org\",\"@graph\":[{\"@type\":\"WebPage\",\"@id\":\"https:\/\/baltmeistars.lv\/melnas-gridas\/\",\"url\":\"https:\/\/baltmeistars.lv\/melnas-gridas\/\",\"name\":\"Meln\u0101 gr\u012bda - Baltmeistars\",\"isPartOf\":{\"@id\":\"https:\/\/baltmeistars.lv\/lv\/#website\"},\"primaryImageOfPage\":{\"@id\":\"https:\/\/baltmeistars.lv\/melnas-gridas\/#primaryimage\"},\"image\":{\"@id\":\"https:\/\/baltmeistars.lv\/melnas-gridas\/#primaryimage\"},\"thumbnailUrl\":\"https:\/\/baltmeistars.lv\/wp-content\/uploads\/2021\/03\/melna-grida.jpg\",\"datePublished\":\"2021-02-28T11:25:11+00:00\",\"dateModified\":\"2025-02-20T08:35:09+00:00\",\"breadcrumb\":{\"@id\":\"https:\/\/baltmeistars.lv\/melnas-gridas\/#breadcrumb\"},\"inLanguage\":\"lv-LV\",\"potentialAction\":[{\"@type\":\"ReadAction\",\"target\":[\"https:\/\/baltmeistars.lv\/melnas-gridas\/\"]}]},{\"@type\":\"ImageObject\",\"inLanguage\":\"lv-LV\",\"@id\":\"https:\/\/baltmeistars.lv\/melnas-gridas\/#primaryimage\",\"url\":\"https:\/\/baltmeistars.lv\/wp-content\/uploads\/2021\/03\/melna-grida.jpg\",\"contentUrl\":\"https:\/\/baltmeistars.lv\/wp-content\/uploads\/2021\/03\/melna-grida.jpg\"},{\"@type\":\"BreadcrumbList\",\"@id\":\"https:\/\/baltmeistars.lv\/melnas-gridas\/#breadcrumb\",\"itemListElement\":[{\"@type\":\"ListItem\",\"position\":1,\"name\":\"Home\",\"item\":\"https:\/\/baltmeistars.lv\/lv\/\"},{\"@type\":\"ListItem\",\"position\":2,\"name\":\"Meln\u0101 gr\u012bda\"}]},{\"@type\":\"WebSite\",\"@id\":\"https:\/\/baltmeistars.lv\/lv\/#website\",\"url\":\"https:\/\/baltmeistars.lv\/lv\/\",\"name\":\"Baltmeistars\",\"description\":\"Celtniec\u012bbas nozare\",\"alternateName\":\"Baltmeistars.lv\",\"potentialAction\":[{\"@type\":\"SearchAction\",\"target\":{\"@type\":\"EntryPoint\",\"urlTemplate\":\"https:\/\/baltmeistars.lv\/lv\/?s={search_term_string}\"},\"query-input\":{\"@type\":\"PropertyValueSpecification\",\"valueRequired\":true,\"valueName\":\"search_term_string\"}}],\"inLanguage\":\"lv-LV\"}]}<\/script>\n<!-- \/ Yoast SEO plugin. -->","yoast_head_json":{"title":"Meln\u0101 gr\u012bda - Baltmeistars","robots":{"index":"index","follow":"follow","max-snippet":"max-snippet:-1","max-image-preview":"max-image-preview:large","max-video-preview":"max-video-preview:-1"},"canonical":"https:\/\/baltmeistars.lv\/lv\/melnas-gridas\/","og_locale":"lv_LV","og_type":"article","og_title":"Meln\u0101 gr\u012bda - Baltmeistars","og_description":"God\u0101tie Klienti! J\u016bsu m\u0101jas pamats ir pabeigts un var uzs\u0101kt meln\u0101s gr\u012bdas ier\u012bko\u0161anu. K\u0101 un kur\u0101 celtniec\u012bbas stadij\u0101 veikt meln\u0101s gr\u012bdas ier\u012bko\u0161anu ir atkar\u012bgs no izv\u0113l\u0113t\u0113s celtniec\u012bbas tehnolo\u0123ijas un no celtniec\u012bbas darbu pl\u0101no\u0161anas procesa. Piem\u0113rs: J\u016bs esat pabeigu\u0161i m\u0101jas pamatu ier\u012bko\u0161anu un turpm\u0101kos celtniec\u012bbas darbus pl\u0101nojat turpin\u0101t p\u0113c gada. \u0160ad\u0101 gad\u012bjum\u0101 nedr\u012bkst ier\u012bkot melno gr\u012bdu, [&hellip;] Las\u012bt vair\u0101k","og_url":"https:\/\/baltmeistars.lv\/lv\/melnas-gridas\/","og_site_name":"Baltmeistars","article_modified_time":"2025-02-20T08:35:09+00:00","og_image":[{"url":"https:\/\/baltmeistars.lv\/wp-content\/uploads\/2021\/03\/melna-grida.jpg","type":"","width":"","height":""}],"twitter_card":"summary_large_image","twitter_misc":{"Est. reading time":"2 min\u016btes"},"schema":{"@context":"https:\/\/schema.org","@graph":[{"@type":"WebPage","@id":"https:\/\/baltmeistars.lv\/melnas-gridas\/","url":"https:\/\/baltmeistars.lv\/melnas-gridas\/","name":"Meln\u0101 gr\u012bda - Baltmeistars","isPartOf":{"@id":"https:\/\/baltmeistars.lv\/lv\/#website"},"primaryImageOfPage":{"@id":"https:\/\/baltmeistars.lv\/melnas-gridas\/#primaryimage"},"image":{"@id":"https:\/\/baltmeistars.lv\/melnas-gridas\/#primaryimage"},"thumbnailUrl":"https:\/\/baltmeistars.lv\/wp-content\/uploads\/2021\/03\/melna-grida.jpg","datePublished":"2021-02-28T11:25:11+00:00","dateModified":"2025-02-20T08:35:09+00:00","breadcrumb":{"@id":"https:\/\/baltmeistars.lv\/melnas-gridas\/#breadcrumb"},"inLanguage":"lv-LV","potentialAction":[{"@type":"ReadAction","target":["https:\/\/baltmeistars.lv\/melnas-gridas\/"]}]},{"@type":"ImageObject","inLanguage":"lv-LV","@id":"https:\/\/baltmeistars.lv\/melnas-gridas\/#primaryimage","url":"https:\/\/baltmeistars.lv\/wp-content\/uploads\/2021\/03\/melna-grida.jpg","contentUrl":"https:\/\/baltmeistars.lv\/wp-content\/uploads\/2021\/03\/melna-grida.jpg"},{"@type":"BreadcrumbList","@id":"https:\/\/baltmeistars.lv\/melnas-gridas\/#breadcrumb","itemListElement":[{"@type":"ListItem","position":1,"name":"Home","item":"https:\/\/baltmeistars.lv\/lv\/"},{"@type":"ListItem","position":2,"name":"Meln\u0101 gr\u012bda"}]},{"@type":"WebSite","@id":"https:\/\/baltmeistars.lv\/lv\/#website","url":"https:\/\/baltmeistars.lv\/lv\/","name":"Baltmeistars","description":"Celtniec\u012bbas nozare","alternateName":"Baltmeistars.lv","potentialAction":[{"@type":"SearchAction","target":{"@type":"EntryPoint","urlTemplate":"https:\/\/baltmeistars.lv\/lv\/?s={search_term_string}"},"query-input":{"@type":"PropertyValueSpecification","valueRequired":true,"valueName":"search_term_string"}}],"inLanguage":"lv-LV"}]}},"_links":{"self":[{"href":"https:\/\/baltmeistars.lv\/lv\/wp-json\/wp\/v2\/pages\/6820","targetHints":{"allow":["GET"]}}],"collection":[{"href":"https:\/\/baltmeistars.lv\/lv\/wp-json\/wp\/v2\/pages"}],"about":[{"href":"https:\/\/baltmeistars.lv\/lv\/wp-json\/wp\/v2\/types\/page"}],"author":[{"embeddable":true,"href":"https:\/\/baltmeistars.lv\/lv\/wp-json\/wp\/v2\/users\/1"}],"replies":[{"embeddable":true,"href":"https:\/\/baltmeistars.lv\/lv\/wp-json\/wp\/v2\/comments?post=6820"}],"version-history":[{"count":8,"href":"https:\/\/baltmeistars.lv\/lv\/wp-json\/wp\/v2\/pages\/6820\/revisions"}],"predecessor-version":[{"id":7289,"href":"https:\/\/baltmeistars.lv\/lv\/wp-json\/wp\/v2\/pages\/6820\/revisions\/7289"}],"wp:attachment":[{"href":"https:\/\/baltmeistars.lv\/lv\/wp-json\/wp\/v2\/media?parent=6820"}],"curies":[{"name":"wp","href":"https:\/\/api.w.org\/{rel}","templated":true}]}}