{"id":6822,"date":"2021-02-28T13:25:39","date_gmt":"2021-02-28T11:25:39","guid":{"rendered":"https:\/\/devilsecure.com\/?page_id=6822"},"modified":"2025-02-20T10:38:21","modified_gmt":"2025-02-20T08:38:21","slug":"sienas-bloki-koka-karkas","status":"publish","type":"page","link":"https:\/\/baltmeistars.lv\/lv\/sienas-bloki-koka-karkas\/","title":{"rendered":"Sienas, bloki, koka karkas"},"content":{"rendered":"\n<p>God\u0101tie klienti,<\/p>\n\n\n\n<p>J\u016bsu m\u0101jas pamati ir gatavi,celtniec\u012bbas nulles cikls ir pabeigts un tagad var uzs\u0101kt sienu b\u016bvniec\u012bbu<\/p>\n\n\n\n<p>M\u016bsdien\u0101s ir pieejamas visda\u017e\u0101d\u0101k\u0101s tehnolo\u0123ijas, izmantojot da\u017e\u0101da veida sienu celtniec\u012bbas materi\u0101lus. Manupr\u0101t, un balstoties uz manu profesion\u0101lo pieredzi, vienst\u0101vu priv\u0101taj\u0101 b\u016bvniec\u012bb\u0101 visizplat\u012bt\u0101kie materi\u0101li ir g\u0101zbetona bloki, FIBO bloki k\u0101 ar\u012b koka konstrukcijas.<\/p>\n\n\n\n<p>Viennoz\u012bm\u012bga viedok\u013ca par to, kur\u0161 risin\u0101jums ir dro\u0161\u0101kais, ilgsp\u0113j\u012bg\u0101kais, ekolo\u0123isk\u0101kais vai ekonomisk\u0101kais, nav. Ikviena tehnolo\u0123ija ir pie\u0146emama un ar jebkuru no min\u0113tajiem materi\u0101liem ir iesp\u0113jams sasniegt v\u0113lamo rezult\u0101tu.<\/p>\n\n\n\n<p>Manupr\u0101t, ja apsv\u0113rt divus sienu b\u016bvniec\u012bbas risin\u0101jumus \u2013 bloku vai koka karkasa b\u016bve, tad tie at\u0161\u0137irsies tikai pa diviem parametriem \u2013 cena un darbu izpildes termi\u0146i.<\/p>\n\n\n<div class=\"wp-block-image\">\n<figure class=\"alignleft size-large\"><figure id=\"attachment_7076\" class=\"alignnone full-width-mobile thin\"><img loading=\"lazy\" decoding=\"async\" width=\"199\" height=\"240\" src=\"https:\/\/baltmeistars.lv\/wp-content\/uploads\/2021\/03\/karkass.jpg\" alt=\"\" class=\"wp-image-7076\" srcset=\"https:\/\/baltmeistars.lv\/wp-content\/uploads\/2021\/03\/karkass.jpg 199w, https:\/\/baltmeistars.lv\/wp-content\/uploads\/2021\/03\/karkass-10x12.jpg 10w\" sizes=\"auto, (max-width: 199px) 100vw, 199px\" \/><\/figure><\/figure>\n<\/div>\n\n\n<p>Ja v\u0113rt\u0113t celtniec\u012bbas metodi no izmaksu viedok\u013ca, tad secin\u0101jums ir sekojo\u0161s \u2013 ja J\u016bs v\u0113laties koka karkasa m\u0101ju, tad celtniec\u012bbas izmaksas samazin\u0101sies jau pamatu ielik\u0161anas stadij\u0101. Koka konstrukcija ir viegl\u0101ka nek\u0101 bloku konstrukcija, t\u0101d\u0113j\u0101di jau pamatu projekt\u0113\u0161anas laik\u0101 tiks pl\u0101nota maz\u0101ka slodze un to b\u016bv\u0113\u0161anas materi\u0101lu izmaksas b\u016bs zem\u0101kas nek\u0101 bloka konstrukcijai nepiecie\u0161amo pamatu materi\u0101lu izmaksas.<\/p>\n\n\n\n<p>Ja v\u0113rt\u0113t materi\u0101lu izv\u0113li no sienu celtniec\u012bbas termi\u0146u viedok\u013ca, izmantojot bloku sist\u0113mas, tad \u0161aj\u0101 gad\u012bjum\u0101 darbu izpildes termi\u0146i ir krietni Ilg\u0101ks, jo darbus nevar veikt jebkuros laika apst\u0101k\u013cos. Bloku sist\u0113ma sast\u0101v no blokiem, kuri sav\u0101 starp\u0101 ir sal\u012bm\u0113ti ar cementa mais\u012bjumu vai speci\u0101lu l\u012bmi un tiek armeti vair\u0101k\u0101s k\u0101rt\u0101s, k\u0101 ar\u012b tiek ier\u012bkota arm\u0113juma josla, kas aptver visu m\u0101jas perimetru zem jumta konstrukcijas,t\u0101d\u0113j\u0101di laika apst\u0101k\u013ci ir trauc\u0113jo\u0161s faktors celtniec\u012bbas veik\u0161anai<\/p>\n\n\n\n<p>Kas tad \u012bsti ir koka karsasa m\u0101jas sienas \u2013 koka kontstrukcija, kura no ie\u0161puses ir nokl\u0101ta ar siltin\u0101mo materi\u0101lu un papildus siltin\u0101mo sl\u0101ni no iek\u0161puses vai \u0101rpuses (siltin\u0101m\u0101 materi\u0101la minim\u0101lais biezums ir 250 mm) \u2013 dif\u016bzijas membr\u0101na vai vejpl\u0113ve no \u0101rpuses un tvaika izol\u0113jo\u0161as pl\u0113ve no iek\u0161puses. Pabeigta majas sienu \u0101r\u0113ja puse tiek apkl\u0101ta ar saidingu vai pa\u0161ventil\u0113jo\u0161o fas\u0101des apdares materi\u0101lu. Sienu iek\u0161puse tiek nokl\u0101ta divos sl\u0101\u0146os ar \u0123ip\u0161kartona (re\u0123ip\u0161a) pl\u0101ksn\u0113m, kuras tiek stiprin\u0101tas pie atsevi\u0161\u0137i st\u0101vo\u0161a met\u0101la karkasa (\u0161\u0101j\u0101 gad\u012bjum\u0101, ier\u012bkojot komunik\u0101cijas, sienas konstruukcija nezaud\u0113 savu saturu).N\u0101kamais solis ir re\u0123ip\u0161a grunt\u0113\u0161ana,\u0161paktel\u0113\u0161ana un kr\u0101so\u0161ana un sienas ir gatavas. Sienu konstrkcijas sagatavo\u0161anas apraksts \u0161\u0137iet sare\u017eg\u012bts un ilgsto\u0161s process, ta\u010du praks\u0113 visi darbi tiek veikti sec\u012bgi un saska\u0146oti un bez liekiem celntiec\u012bbas putek\u013ciem, smak\u0101m un atkritumiem (neliels iz\u0146\u0113mums gan ir kr\u0101so\u0161anas darbi)<\/p>\n\n\n\n<p>K\u0101 tiek b\u016bv\u0113tas sienas no bloku konstrukcij\u0101m? Visbie\u017e\u0101k b\u016bvniec\u012bb\u0101 tiek izmantoti 300 mm biezi g\u0101zbetona bloki vai FIBO bloki. Protams, tiek izmantoti ar\u012b cita izm\u0113ra bloki \u2013 375 mm un 500 mm,ta\u010du ret\u0101k.Izv\u0113loties 300 mm blokus, ig\u016bstam pievilc\u012bgu cenu, labu siltumvad\u012b\u0161anas koeficientu un \u0113rt\u012bbas celtniec\u012bbas darb\u0101. Ta\u010du, \u0146emot v\u0113r\u0101 m\u016bsu klimatisko zonu, no \u0161\u0101diem blokiem celt\u0101 m\u0101j\u0101 neb\u016bs \u012bsti komfortabli dz\u012bvot, k\u0101 ar\u012b, saska\u0146\u0101 ar b\u016bvniec\u012bbas normat\u012bvajiem aktiem, \u0161\u0101du bloku sienas neatbilst piepras\u012btajai energoefektivit\u0101tes klasei, kas savuk\u0101rt padar\u012bs neiesp\u0113jamu \u0161\u0101das m\u0101jas nodo\u0161anu ekpluat\u0101cij\u0101.T\u0113d\u0113\u013c, izmntojot \u0161os blokus, m\u0101jas \u0101rsiena ir papildis j\u0101siltina ar 100 mm biezu akmensvati, papildus j\u0101arm\u0113 un tad tiek uzkl\u0101ts apmetums. M\u0101jas sienas no iek\u0161puses izskat\u0101s sekojo\u0161o \u2013 lai ievilktu nepiecie\u0161am\u0101s komunik\u0101cijas, tiek veikti urb\u0161anas darbi, lai izveidotu meh\u0101niskos kan\u0101lus un atveres, t\u0101l\u0101k sienam uzkl\u0101j apmetumu, t\u0101s tiek grunt\u0113tas, tiek veikti kr\u0101so\u0161anas darbi un m\u0101jas siena ir gatava dz\u012bvo\u0161anai. Gad\u012bjum\u0101, kad tiek izmantota bloku konstrukcija, ce\u013c\u0161 l\u012bdz dz\u012bvo\u0161anai gatav\u0101s&nbsp; sien\u0101s ir ilgs, jo apstr\u0101d\u0101jamai virsmai ir jab\u016bt sausai pirms katra darba posma veik\u0161anai un \u017e\u016b\u0161anas process, k\u0101 zin\u0101ms, prasa daudz laika. Prognoz\u0113t darbu ilgumu un ietekm\u0113t \u0161os procesus nav m\u016bsu sp\u0113kos.<\/p>\n\n\n\n<p>M\u0101jas sienu buvniec\u012bba ir sare\u017e\u0123\u012bts process, kur\u0161 prasa prec\u012bzu un pareizu pl\u0101no\u0161anu un realiz\u0101ciju. Izskatot divuveidu materi\u0101lu izmanto\u0161anas piem\u0113rus, varu secin\u0101t sekojo\u0161o:<\/p>\n\n\n\n<ul class=\"wp-block-list\">\n<li>Ja J\u016bs esat ierobe\u017eoti finan\u0161u vai termi\u0146u zi\u0146\u0101 (fiks\u0113ts b\u016bvniec\u012bbas bud\u017eets, kred\u012bta izmaksas termi\u0146i vai ar\u012b b\u016bvniec\u012bbas laik\u0101 Jums ir j\u0101\u012br\u0113 pagaidu m\u0101joklis) un Jums nepiecie\u0161ams uzs\u0101kt dz\u012bvi sav\u0101 m\u0101j\u0101 p\u0113c iesp\u0113jas \u0101tr\u0101k, tad koka karksasa konstrukcija ir piem\u0113rot\u0101k\u0101 izv\u0113le<\/li>\n\n\n\n<li>Ja J\u016bs neierobe\u017eo ne finanses, ne termi\u0146i vai ar\u012b pl\u0101nojat savu m\u0101jas b\u016bvniec\u012bbu veikt pak\u0101peniski, tad piem\u0113rot\u0101ka b\u016bs bloku konstrukcija<\/li>\n<\/ul>\n\n\n\n<p>Neatkar\u012bgi no izmantojam\u0101 materi\u0101la, katra m\u0101jas celtniec\u012bbas stadija ir artkart\u012bgi svar\u012bga un nav pie\u013caujamas ne maz\u0101k\u0101s k\u013c\u016bdas ne apr\u0113\u0137inos, ne darbu izpild\u0113. Sienu b\u016bvniec\u012bba ir svar\u012bgs un atbild\u012bgs etaps, jo tie\u0161i m\u0101jas sienas J\u016bs no\u0161\u0137ir no \u0101r\u0113j\u0101s vides un sniedz Jums labsaj\u016btu un omul\u012bbu.<\/p>\n\n\n\n<p>J\u016bs esat uzc\u0113lu\u0161i m\u0101jas sienas un tagad varat pl\u0101not jumta kl\u0101\u0161anu.<\/p>\n\n\n\n<p>Pied\u0101v\u0101ju veikt sada\u013c\u0101 \u00a0min\u0113tos sienu b\u016bvniec\u012bbas darbus Siguldas un In\u010dukalna novados un R\u012bgas rajon\u0101<\/p>\n","protected":false},"excerpt":{"rendered":"<p>God\u0101tie klienti, J\u016bsu m\u0101jas pamati ir gatavi,celtniec\u012bbas nulles cikls ir pabeigts un tagad var uzs\u0101kt sienu b\u016bvniec\u012bbu M\u016bsdien\u0101s ir pieejamas visda\u017e\u0101d\u0101k\u0101s tehnolo\u0123ijas, izmantojot da\u017e\u0101da veida sienu celtniec\u012bbas materi\u0101lus. Manupr\u0101t, un balstoties uz manu profesion\u0101lo pieredzi, vienst\u0101vu priv\u0101taj\u0101 b\u016bvniec\u012bb\u0101 visizplat\u012bt\u0101kie materi\u0101li ir g\u0101zbetona bloki, FIBO bloki k\u0101 ar\u012b koka konstrukcijas. Viennoz\u012bm\u012bga viedok\u013ca par to, kur\u0161 risin\u0101jums <!-- more-link -->[&hellip;] <a href=\"https:\/\/baltmeistars.lv\/lv\/sienas-bloki-koka-karkas\/\" class=\"more more-link\">Las\u012bt vair\u0101k<\/a><\/p>\n","protected":false},"author":1,"featured_media":0,"parent":0,"menu_order":0,"comment_status":"closed","ping_status":"closed","template":"","meta":{"_acf_changed":false,"footnotes":""},"class_list":["post-6822","page","type-page","status-publish","hentry"],"acf":[],"yoast_head":"<!-- This site is optimized with the Yoast SEO plugin v24.5 - https:\/\/yoast.com\/wordpress\/plugins\/seo\/ -->\n<title>Sienas, bloki, koka karkas - Baltmeistars<\/title>\n<meta name=\"robots\" content=\"index, follow, max-snippet:-1, max-image-preview:large, max-video-preview:-1\" \/>\n<link rel=\"canonical\" href=\"https:\/\/baltmeistars.lv\/lv\/sienas-bloki-koka-karkas\/\" \/>\n<meta property=\"og:locale\" content=\"lv_LV\" \/>\n<meta property=\"og:type\" content=\"article\" \/>\n<meta property=\"og:title\" content=\"Sienas, bloki, koka karkas - Baltmeistars\" \/>\n<meta property=\"og:description\" content=\"God\u0101tie klienti, J\u016bsu m\u0101jas pamati ir gatavi,celtniec\u012bbas nulles cikls ir pabeigts un tagad var uzs\u0101kt sienu b\u016bvniec\u012bbu M\u016bsdien\u0101s ir pieejamas visda\u017e\u0101d\u0101k\u0101s tehnolo\u0123ijas, izmantojot da\u017e\u0101da veida sienu celtniec\u012bbas materi\u0101lus. Manupr\u0101t, un balstoties uz manu profesion\u0101lo pieredzi, vienst\u0101vu priv\u0101taj\u0101 b\u016bvniec\u012bb\u0101 visizplat\u012bt\u0101kie materi\u0101li ir g\u0101zbetona bloki, FIBO bloki k\u0101 ar\u012b koka konstrukcijas. Viennoz\u012bm\u012bga viedok\u013ca par to, kur\u0161 risin\u0101jums [&hellip;] Las\u012bt vair\u0101k\" \/>\n<meta property=\"og:url\" content=\"https:\/\/baltmeistars.lv\/lv\/sienas-bloki-koka-karkas\/\" \/>\n<meta property=\"og:site_name\" content=\"Baltmeistars\" \/>\n<meta property=\"article:modified_time\" content=\"2025-02-20T08:38:21+00:00\" \/>\n<meta property=\"og:image\" content=\"https:\/\/baltmeistars.lv\/wp-content\/uploads\/2021\/03\/karkass.jpg\" \/>\n<meta name=\"twitter:card\" content=\"summary_large_image\" \/>\n<meta name=\"twitter:label1\" content=\"Est. reading time\" \/>\n\t<meta name=\"twitter:data1\" content=\"4 min\u016btes\" \/>\n<script type=\"application\/ld+json\" class=\"yoast-schema-graph\">{\"@context\":\"https:\/\/schema.org\",\"@graph\":[{\"@type\":\"WebPage\",\"@id\":\"https:\/\/baltmeistars.lv\/sienas-bloki-koka-karkas\/\",\"url\":\"https:\/\/baltmeistars.lv\/sienas-bloki-koka-karkas\/\",\"name\":\"Sienas, bloki, koka karkas - Baltmeistars\",\"isPartOf\":{\"@id\":\"https:\/\/baltmeistars.lv\/lv\/#website\"},\"primaryImageOfPage\":{\"@id\":\"https:\/\/baltmeistars.lv\/sienas-bloki-koka-karkas\/#primaryimage\"},\"image\":{\"@id\":\"https:\/\/baltmeistars.lv\/sienas-bloki-koka-karkas\/#primaryimage\"},\"thumbnailUrl\":\"https:\/\/baltmeistars.lv\/wp-content\/uploads\/2021\/03\/karkass.jpg\",\"datePublished\":\"2021-02-28T11:25:39+00:00\",\"dateModified\":\"2025-02-20T08:38:21+00:00\",\"breadcrumb\":{\"@id\":\"https:\/\/baltmeistars.lv\/sienas-bloki-koka-karkas\/#breadcrumb\"},\"inLanguage\":\"lv-LV\",\"potentialAction\":[{\"@type\":\"ReadAction\",\"target\":[\"https:\/\/baltmeistars.lv\/sienas-bloki-koka-karkas\/\"]}]},{\"@type\":\"ImageObject\",\"inLanguage\":\"lv-LV\",\"@id\":\"https:\/\/baltmeistars.lv\/sienas-bloki-koka-karkas\/#primaryimage\",\"url\":\"https:\/\/baltmeistars.lv\/wp-content\/uploads\/2021\/03\/karkass.jpg\",\"contentUrl\":\"https:\/\/baltmeistars.lv\/wp-content\/uploads\/2021\/03\/karkass.jpg\"},{\"@type\":\"BreadcrumbList\",\"@id\":\"https:\/\/baltmeistars.lv\/sienas-bloki-koka-karkas\/#breadcrumb\",\"itemListElement\":[{\"@type\":\"ListItem\",\"position\":1,\"name\":\"Home\",\"item\":\"https:\/\/baltmeistars.lv\/lv\/\"},{\"@type\":\"ListItem\",\"position\":2,\"name\":\"Sienas, bloki, koka karkas\"}]},{\"@type\":\"WebSite\",\"@id\":\"https:\/\/baltmeistars.lv\/lv\/#website\",\"url\":\"https:\/\/baltmeistars.lv\/lv\/\",\"name\":\"Baltmeistars\",\"description\":\"Celtniec\u012bbas nozare\",\"alternateName\":\"Baltmeistars.lv\",\"potentialAction\":[{\"@type\":\"SearchAction\",\"target\":{\"@type\":\"EntryPoint\",\"urlTemplate\":\"https:\/\/baltmeistars.lv\/lv\/?s={search_term_string}\"},\"query-input\":{\"@type\":\"PropertyValueSpecification\",\"valueRequired\":true,\"valueName\":\"search_term_string\"}}],\"inLanguage\":\"lv-LV\"}]}<\/script>\n<!-- \/ Yoast SEO plugin. -->","yoast_head_json":{"title":"Sienas, bloki, koka karkas - Baltmeistars","robots":{"index":"index","follow":"follow","max-snippet":"max-snippet:-1","max-image-preview":"max-image-preview:large","max-video-preview":"max-video-preview:-1"},"canonical":"https:\/\/baltmeistars.lv\/lv\/sienas-bloki-koka-karkas\/","og_locale":"lv_LV","og_type":"article","og_title":"Sienas, bloki, koka karkas - Baltmeistars","og_description":"God\u0101tie klienti, J\u016bsu m\u0101jas pamati ir gatavi,celtniec\u012bbas nulles cikls ir pabeigts un tagad var uzs\u0101kt sienu b\u016bvniec\u012bbu M\u016bsdien\u0101s ir pieejamas visda\u017e\u0101d\u0101k\u0101s tehnolo\u0123ijas, izmantojot da\u017e\u0101da veida sienu celtniec\u012bbas materi\u0101lus. Manupr\u0101t, un balstoties uz manu profesion\u0101lo pieredzi, vienst\u0101vu priv\u0101taj\u0101 b\u016bvniec\u012bb\u0101 visizplat\u012bt\u0101kie materi\u0101li ir g\u0101zbetona bloki, FIBO bloki k\u0101 ar\u012b koka konstrukcijas. Viennoz\u012bm\u012bga viedok\u013ca par to, kur\u0161 risin\u0101jums [&hellip;] Las\u012bt vair\u0101k","og_url":"https:\/\/baltmeistars.lv\/lv\/sienas-bloki-koka-karkas\/","og_site_name":"Baltmeistars","article_modified_time":"2025-02-20T08:38:21+00:00","og_image":[{"url":"https:\/\/baltmeistars.lv\/wp-content\/uploads\/2021\/03\/karkass.jpg","type":"","width":"","height":""}],"twitter_card":"summary_large_image","twitter_misc":{"Est. reading time":"4 min\u016btes"},"schema":{"@context":"https:\/\/schema.org","@graph":[{"@type":"WebPage","@id":"https:\/\/baltmeistars.lv\/sienas-bloki-koka-karkas\/","url":"https:\/\/baltmeistars.lv\/sienas-bloki-koka-karkas\/","name":"Sienas, bloki, koka karkas - Baltmeistars","isPartOf":{"@id":"https:\/\/baltmeistars.lv\/lv\/#website"},"primaryImageOfPage":{"@id":"https:\/\/baltmeistars.lv\/sienas-bloki-koka-karkas\/#primaryimage"},"image":{"@id":"https:\/\/baltmeistars.lv\/sienas-bloki-koka-karkas\/#primaryimage"},"thumbnailUrl":"https:\/\/baltmeistars.lv\/wp-content\/uploads\/2021\/03\/karkass.jpg","datePublished":"2021-02-28T11:25:39+00:00","dateModified":"2025-02-20T08:38:21+00:00","breadcrumb":{"@id":"https:\/\/baltmeistars.lv\/sienas-bloki-koka-karkas\/#breadcrumb"},"inLanguage":"lv-LV","potentialAction":[{"@type":"ReadAction","target":["https:\/\/baltmeistars.lv\/sienas-bloki-koka-karkas\/"]}]},{"@type":"ImageObject","inLanguage":"lv-LV","@id":"https:\/\/baltmeistars.lv\/sienas-bloki-koka-karkas\/#primaryimage","url":"https:\/\/baltmeistars.lv\/wp-content\/uploads\/2021\/03\/karkass.jpg","contentUrl":"https:\/\/baltmeistars.lv\/wp-content\/uploads\/2021\/03\/karkass.jpg"},{"@type":"BreadcrumbList","@id":"https:\/\/baltmeistars.lv\/sienas-bloki-koka-karkas\/#breadcrumb","itemListElement":[{"@type":"ListItem","position":1,"name":"Home","item":"https:\/\/baltmeistars.lv\/lv\/"},{"@type":"ListItem","position":2,"name":"Sienas, bloki, koka karkas"}]},{"@type":"WebSite","@id":"https:\/\/baltmeistars.lv\/lv\/#website","url":"https:\/\/baltmeistars.lv\/lv\/","name":"Baltmeistars","description":"Celtniec\u012bbas nozare","alternateName":"Baltmeistars.lv","potentialAction":[{"@type":"SearchAction","target":{"@type":"EntryPoint","urlTemplate":"https:\/\/baltmeistars.lv\/lv\/?s={search_term_string}"},"query-input":{"@type":"PropertyValueSpecification","valueRequired":true,"valueName":"search_term_string"}}],"inLanguage":"lv-LV"}]}},"_links":{"self":[{"href":"https:\/\/baltmeistars.lv\/lv\/wp-json\/wp\/v2\/pages\/6822","targetHints":{"allow":["GET"]}}],"collection":[{"href":"https:\/\/baltmeistars.lv\/lv\/wp-json\/wp\/v2\/pages"}],"about":[{"href":"https:\/\/baltmeistars.lv\/lv\/wp-json\/wp\/v2\/types\/page"}],"author":[{"embeddable":true,"href":"https:\/\/baltmeistars.lv\/lv\/wp-json\/wp\/v2\/users\/1"}],"replies":[{"embeddable":true,"href":"https:\/\/baltmeistars.lv\/lv\/wp-json\/wp\/v2\/comments?post=6822"}],"version-history":[{"count":7,"href":"https:\/\/baltmeistars.lv\/lv\/wp-json\/wp\/v2\/pages\/6822\/revisions"}],"predecessor-version":[{"id":7292,"href":"https:\/\/baltmeistars.lv\/lv\/wp-json\/wp\/v2\/pages\/6822\/revisions\/7292"}],"wp:attachment":[{"href":"https:\/\/baltmeistars.lv\/lv\/wp-json\/wp\/v2\/media?parent=6822"}],"curies":[{"name":"wp","href":"https:\/\/api.w.org\/{rel}","templated":true}]}}