{"id":6824,"date":"2021-02-28T13:25:48","date_gmt":"2021-02-28T11:25:48","guid":{"rendered":"https:\/\/devilsecure.com\/?page_id=6824"},"modified":"2025-02-20T10:36:51","modified_gmt":"2025-02-20T08:36:51","slug":"parsegums","status":"publish","type":"page","link":"https:\/\/baltmeistars.lv\/lv\/parsegums\/","title":{"rendered":"P\u0101rsegums"},"content":{"rendered":"\n<p>God\u0101tie klienti!<\/p>\n\n\n\n<p>J\u016bsu m\u0101jas sienas ir uzceltas un var uzs\u0101kt p\u0101rsegumu mont\u0101\u017eu.<\/p>\n\n\n\n<p>Vienst\u0101va dz\u012bvojamo m\u0101ju celtniec\u012bb\u0101 visizplat\u012bt\u0101kais materi\u0101ls \u0161\u0101du darbu veik\u0161anai ir koka brusas. Brusu \u0161\u0137\u0113rsgriezums un monta\u017eas solis tiek reglament\u0113ts m\u0101jas projekta dokument\u0101cij\u0101. Pa\u0161laik es neaprakst\u012b\u0161u starpst\u0101vu p\u0101rsegumu mont\u0101\u017eu. 1,5 \u2013 2 st\u0101vu \u0113ku b\u016bvniec\u012bbu aprakst\u012b\u0161u turpm\u0101k.<\/p>\n\n\n\n<p>Lai saniegtu maksim\u0101li efekt\u012bvu m\u0101jas siltin\u0101\u0161anas rezult\u0101tu, siltin\u0101ts tiek p\u0101rsegums, nevis jumta konstrukcijas sl\u012bp\u0101 da\u013ca. P\u0113c klienta velmes, protams, var siltin\u0101t ar\u012b jumta konstrukcijas sl\u012bp\u0101s da\u013cas, t\u0101d\u0113j\u0101di ieg\u016bstot papildus ikdien\u0101 izmantojamu b\u0113ni\u0146u telpu.<\/p>\n\n\n<div class=\"wp-block-image\">\n<figure class=\"alignleft size-large\"><figure id=\"attachment_7083\" class=\"alignnone full-width-mobile thin\"><img loading=\"lazy\" decoding=\"async\" width=\"208\" height=\"204\" src=\"https:\/\/baltmeistars.lv\/wp-content\/uploads\/2021\/03\/parsegums.jpg\" alt=\"\" class=\"wp-image-7083\" srcset=\"https:\/\/baltmeistars.lv\/wp-content\/uploads\/2021\/03\/parsegums.jpg 208w, https:\/\/baltmeistars.lv\/wp-content\/uploads\/2021\/03\/parsegums-12x12.jpg 12w\" sizes=\"auto, (max-width: 208px) 100vw, 208px\" \/><\/figure><\/figure>\n<\/div>\n\n\n<p>Siltin\u0101m\u0101 materi\u0101la biezumu reglam\u0113 sp\u0113k\u0101 eso\u0161\u0101s \u0113ku celtniec\u012bbas normas un tam ir j\u0101b\u016bt vismaz 300 mm biezum\u0101.Izmantots var tikt gan lok\u0161\u0146u, gan ru\u013c\u013cu, gan ar\u012b beramais siltin\u0101mais materi\u0101ls.<\/p>\n\n\n\n<p>Izskat\u012bsim divus p\u0101rseguma siltin\u0101juma veidus un k\u0101 tad gala rezult\u0101t\u0101 izskat\u012bsies viss materi\u0101la sl\u0101nis kopum\u0101.<\/p>\n\n\n\n<p>B\u0113ni\u0146u p\u0101rseguma siltin\u0101\u0161ana, pielietojot brusas ar 250*80 mm \u0161\u0137\u0113rsgriezumu:<\/p>\n\n\n\n<ul class=\"wp-block-list\">\n<li>P\u0101rseguma iek\u0161\u0113j\u0101 puse ir p\u0101rkl\u0101ta ar tvaika izol\u0101cijas pl\u0113vi. Pl\u0113ves savienojumu vietas ir sal\u012bm\u0113tas ar l\u012bmlenti (Skotch)<\/li>\n\n\n\n<li>Starp p\u0101rseguma brus\u0101m ir iekl\u0101ts siltin\u0101t\u0101jmateri\u0101ls 150 mm un 100 mm biezum\u0101. Pielietojot lok\u0161\u0146veid\u012bgo materi\u0101lu, tas tiek kl\u0101ts pam\u012b\u0161us, lai nosegtu savienojumu vietas.<\/li>\n\n\n\n<li>Virs p\u0101rseguma pa visu t\u0101 perimetru ir kl\u0101ts siltin\u0101t\u0101jmateri\u0101ls 50mm biezum\u0101. Materi\u0101ls tiek kl\u0101ts perpendikul\u0101ri p\u0101rseguma virzienam<\/li>\n<\/ul>\n\n\n\n<p>Sl\u012bpu jumtu 250mm*50mm sp\u0101ru siltin\u0101\u0161ana un kopskats no \u0101rapuses uz iek\u0161pusi<\/p>\n\n\n\n<ul class=\"wp-block-list\">\n<li>Brusa, kas nodrosina ventil\u0113\u0161anas spraugu starp spar\u0113m jumta \u0101r\u0113jo segumu<\/li>\n\n\n\n<li>Dif\u016bzijas membr\u0101na<\/li>\n\n\n\n<li>250mm platas sp\u0101res. Starp sp\u0101r\u0113m ir iekl\u0101ts siltin\u0101t\u0101jmateri\u0101ls 150 mm un 100 mm biezum\u0101. Pielietojot lok\u0161\u0146veid\u012bgo materi\u0101lu, tas tiek kl\u0101ts pam\u012b\u0161us, lai nosegtu savienojumu vietas<\/li>\n\n\n\n<li>Papildus, nobrus\u0101m veidota, koka karkasa kastes konstrukcija, kas \u013cauj ieklat papildus siltin\u0101mo materi\u0101lu Brusas un siltin\u0101m\u0101 materi\u0101la biezums ir vien\u0101ds \u2013 50 mm<\/li>\n\n\n\n<li>Tvaika izol\u0101cijas pl\u0113ve. Pl\u0113ves savienojumu vietas ir sal\u012bm\u0113tas ar l\u012bmlenti (Skotch)<\/li>\n<\/ul>\n\n\n\n<p>P\u0101rseguma siltin\u0101\u0161ana ir attiecin\u0101ma pie celtniec\u012bbas iek\u0161darbiem un tiek veikta p\u0113c jumta seguma uzst\u0101d\u012b\u0161anas un mont\u0101\u017eas.<\/p>\n\n\n\n<p>Pied\u0101v\u0101ju veikt visus sada\u013c\u0101 min\u0113tos p\u0101rseguma mont\u0101\u017eas un siltin\u0101\u0161anas darbus Siguldas un In\u010dukalna novados un R\u012bgas rajon\u0101<\/p>\n","protected":false},"excerpt":{"rendered":"<p>God\u0101tie klienti! J\u016bsu m\u0101jas sienas ir uzceltas un var uzs\u0101kt p\u0101rsegumu mont\u0101\u017eu. Vienst\u0101va dz\u012bvojamo m\u0101ju celtniec\u012bb\u0101 visizplat\u012bt\u0101kais materi\u0101ls \u0161\u0101du darbu veik\u0161anai ir koka brusas. Brusu \u0161\u0137\u0113rsgriezums un monta\u017eas solis tiek reglament\u0113ts m\u0101jas projekta dokument\u0101cij\u0101. Pa\u0161laik es neaprakst\u012b\u0161u starpst\u0101vu p\u0101rsegumu mont\u0101\u017eu. 1,5 \u2013 2 st\u0101vu \u0113ku b\u016bvniec\u012bbu aprakst\u012b\u0161u turpm\u0101k. Lai saniegtu maksim\u0101li efekt\u012bvu m\u0101jas siltin\u0101\u0161anas rezult\u0101tu, <!-- more-link -->[&hellip;] <a href=\"https:\/\/baltmeistars.lv\/lv\/parsegums\/\" class=\"more more-link\">Las\u012bt vair\u0101k<\/a><\/p>\n","protected":false},"author":1,"featured_media":0,"parent":0,"menu_order":0,"comment_status":"closed","ping_status":"closed","template":"","meta":{"_acf_changed":false,"footnotes":""},"class_list":["post-6824","page","type-page","status-publish","hentry"],"acf":[],"yoast_head":"<!-- This site is optimized with the Yoast SEO plugin v24.5 - https:\/\/yoast.com\/wordpress\/plugins\/seo\/ -->\n<title>P\u0101rsegums - Baltmeistars<\/title>\n<meta name=\"robots\" content=\"index, follow, max-snippet:-1, max-image-preview:large, max-video-preview:-1\" \/>\n<link rel=\"canonical\" href=\"https:\/\/baltmeistars.lv\/lv\/parsegums\/\" \/>\n<meta property=\"og:locale\" content=\"lv_LV\" \/>\n<meta property=\"og:type\" content=\"article\" \/>\n<meta property=\"og:title\" content=\"P\u0101rsegums - Baltmeistars\" \/>\n<meta property=\"og:description\" content=\"God\u0101tie klienti! J\u016bsu m\u0101jas sienas ir uzceltas un var uzs\u0101kt p\u0101rsegumu mont\u0101\u017eu. Vienst\u0101va dz\u012bvojamo m\u0101ju celtniec\u012bb\u0101 visizplat\u012bt\u0101kais materi\u0101ls \u0161\u0101du darbu veik\u0161anai ir koka brusas. Brusu \u0161\u0137\u0113rsgriezums un monta\u017eas solis tiek reglament\u0113ts m\u0101jas projekta dokument\u0101cij\u0101. Pa\u0161laik es neaprakst\u012b\u0161u starpst\u0101vu p\u0101rsegumu mont\u0101\u017eu. 1,5 \u2013 2 st\u0101vu \u0113ku b\u016bvniec\u012bbu aprakst\u012b\u0161u turpm\u0101k. Lai saniegtu maksim\u0101li efekt\u012bvu m\u0101jas siltin\u0101\u0161anas rezult\u0101tu, [&hellip;] Las\u012bt vair\u0101k\" \/>\n<meta property=\"og:url\" content=\"https:\/\/baltmeistars.lv\/lv\/parsegums\/\" \/>\n<meta property=\"og:site_name\" content=\"Baltmeistars\" \/>\n<meta property=\"article:modified_time\" content=\"2025-02-20T08:36:51+00:00\" \/>\n<meta property=\"og:image\" content=\"https:\/\/baltmeistars.lv\/wp-content\/uploads\/2021\/03\/parsegums.jpg\" \/>\n<meta name=\"twitter:card\" content=\"summary_large_image\" \/>\n<meta name=\"twitter:label1\" content=\"Est. reading time\" \/>\n\t<meta name=\"twitter:data1\" content=\"2 min\u016btes\" \/>\n<script type=\"application\/ld+json\" class=\"yoast-schema-graph\">{\"@context\":\"https:\/\/schema.org\",\"@graph\":[{\"@type\":\"WebPage\",\"@id\":\"https:\/\/baltmeistars.lv\/parsegums\/\",\"url\":\"https:\/\/baltmeistars.lv\/parsegums\/\",\"name\":\"P\u0101rsegums - Baltmeistars\",\"isPartOf\":{\"@id\":\"https:\/\/baltmeistars.lv\/lv\/#website\"},\"primaryImageOfPage\":{\"@id\":\"https:\/\/baltmeistars.lv\/parsegums\/#primaryimage\"},\"image\":{\"@id\":\"https:\/\/baltmeistars.lv\/parsegums\/#primaryimage\"},\"thumbnailUrl\":\"https:\/\/baltmeistars.lv\/wp-content\/uploads\/2021\/03\/parsegums.jpg\",\"datePublished\":\"2021-02-28T11:25:48+00:00\",\"dateModified\":\"2025-02-20T08:36:51+00:00\",\"breadcrumb\":{\"@id\":\"https:\/\/baltmeistars.lv\/parsegums\/#breadcrumb\"},\"inLanguage\":\"lv-LV\",\"potentialAction\":[{\"@type\":\"ReadAction\",\"target\":[\"https:\/\/baltmeistars.lv\/parsegums\/\"]}]},{\"@type\":\"ImageObject\",\"inLanguage\":\"lv-LV\",\"@id\":\"https:\/\/baltmeistars.lv\/parsegums\/#primaryimage\",\"url\":\"https:\/\/baltmeistars.lv\/wp-content\/uploads\/2021\/03\/parsegums.jpg\",\"contentUrl\":\"https:\/\/baltmeistars.lv\/wp-content\/uploads\/2021\/03\/parsegums.jpg\"},{\"@type\":\"BreadcrumbList\",\"@id\":\"https:\/\/baltmeistars.lv\/parsegums\/#breadcrumb\",\"itemListElement\":[{\"@type\":\"ListItem\",\"position\":1,\"name\":\"Home\",\"item\":\"https:\/\/baltmeistars.lv\/lv\/\"},{\"@type\":\"ListItem\",\"position\":2,\"name\":\"P\u0101rsegums\"}]},{\"@type\":\"WebSite\",\"@id\":\"https:\/\/baltmeistars.lv\/lv\/#website\",\"url\":\"https:\/\/baltmeistars.lv\/lv\/\",\"name\":\"Baltmeistars\",\"description\":\"Celtniec\u012bbas nozare\",\"alternateName\":\"Baltmeistars.lv\",\"potentialAction\":[{\"@type\":\"SearchAction\",\"target\":{\"@type\":\"EntryPoint\",\"urlTemplate\":\"https:\/\/baltmeistars.lv\/lv\/?s={search_term_string}\"},\"query-input\":{\"@type\":\"PropertyValueSpecification\",\"valueRequired\":true,\"valueName\":\"search_term_string\"}}],\"inLanguage\":\"lv-LV\"}]}<\/script>\n<!-- \/ Yoast SEO plugin. -->","yoast_head_json":{"title":"P\u0101rsegums - Baltmeistars","robots":{"index":"index","follow":"follow","max-snippet":"max-snippet:-1","max-image-preview":"max-image-preview:large","max-video-preview":"max-video-preview:-1"},"canonical":"https:\/\/baltmeistars.lv\/lv\/parsegums\/","og_locale":"lv_LV","og_type":"article","og_title":"P\u0101rsegums - Baltmeistars","og_description":"God\u0101tie klienti! J\u016bsu m\u0101jas sienas ir uzceltas un var uzs\u0101kt p\u0101rsegumu mont\u0101\u017eu. Vienst\u0101va dz\u012bvojamo m\u0101ju celtniec\u012bb\u0101 visizplat\u012bt\u0101kais materi\u0101ls \u0161\u0101du darbu veik\u0161anai ir koka brusas. Brusu \u0161\u0137\u0113rsgriezums un monta\u017eas solis tiek reglament\u0113ts m\u0101jas projekta dokument\u0101cij\u0101. Pa\u0161laik es neaprakst\u012b\u0161u starpst\u0101vu p\u0101rsegumu mont\u0101\u017eu. 1,5 \u2013 2 st\u0101vu \u0113ku b\u016bvniec\u012bbu aprakst\u012b\u0161u turpm\u0101k. Lai saniegtu maksim\u0101li efekt\u012bvu m\u0101jas siltin\u0101\u0161anas rezult\u0101tu, [&hellip;] Las\u012bt vair\u0101k","og_url":"https:\/\/baltmeistars.lv\/lv\/parsegums\/","og_site_name":"Baltmeistars","article_modified_time":"2025-02-20T08:36:51+00:00","og_image":[{"url":"https:\/\/baltmeistars.lv\/wp-content\/uploads\/2021\/03\/parsegums.jpg","type":"","width":"","height":""}],"twitter_card":"summary_large_image","twitter_misc":{"Est. reading time":"2 min\u016btes"},"schema":{"@context":"https:\/\/schema.org","@graph":[{"@type":"WebPage","@id":"https:\/\/baltmeistars.lv\/parsegums\/","url":"https:\/\/baltmeistars.lv\/parsegums\/","name":"P\u0101rsegums - Baltmeistars","isPartOf":{"@id":"https:\/\/baltmeistars.lv\/lv\/#website"},"primaryImageOfPage":{"@id":"https:\/\/baltmeistars.lv\/parsegums\/#primaryimage"},"image":{"@id":"https:\/\/baltmeistars.lv\/parsegums\/#primaryimage"},"thumbnailUrl":"https:\/\/baltmeistars.lv\/wp-content\/uploads\/2021\/03\/parsegums.jpg","datePublished":"2021-02-28T11:25:48+00:00","dateModified":"2025-02-20T08:36:51+00:00","breadcrumb":{"@id":"https:\/\/baltmeistars.lv\/parsegums\/#breadcrumb"},"inLanguage":"lv-LV","potentialAction":[{"@type":"ReadAction","target":["https:\/\/baltmeistars.lv\/parsegums\/"]}]},{"@type":"ImageObject","inLanguage":"lv-LV","@id":"https:\/\/baltmeistars.lv\/parsegums\/#primaryimage","url":"https:\/\/baltmeistars.lv\/wp-content\/uploads\/2021\/03\/parsegums.jpg","contentUrl":"https:\/\/baltmeistars.lv\/wp-content\/uploads\/2021\/03\/parsegums.jpg"},{"@type":"BreadcrumbList","@id":"https:\/\/baltmeistars.lv\/parsegums\/#breadcrumb","itemListElement":[{"@type":"ListItem","position":1,"name":"Home","item":"https:\/\/baltmeistars.lv\/lv\/"},{"@type":"ListItem","position":2,"name":"P\u0101rsegums"}]},{"@type":"WebSite","@id":"https:\/\/baltmeistars.lv\/lv\/#website","url":"https:\/\/baltmeistars.lv\/lv\/","name":"Baltmeistars","description":"Celtniec\u012bbas nozare","alternateName":"Baltmeistars.lv","potentialAction":[{"@type":"SearchAction","target":{"@type":"EntryPoint","urlTemplate":"https:\/\/baltmeistars.lv\/lv\/?s={search_term_string}"},"query-input":{"@type":"PropertyValueSpecification","valueRequired":true,"valueName":"search_term_string"}}],"inLanguage":"lv-LV"}]}},"_links":{"self":[{"href":"https:\/\/baltmeistars.lv\/lv\/wp-json\/wp\/v2\/pages\/6824","targetHints":{"allow":["GET"]}}],"collection":[{"href":"https:\/\/baltmeistars.lv\/lv\/wp-json\/wp\/v2\/pages"}],"about":[{"href":"https:\/\/baltmeistars.lv\/lv\/wp-json\/wp\/v2\/types\/page"}],"author":[{"embeddable":true,"href":"https:\/\/baltmeistars.lv\/lv\/wp-json\/wp\/v2\/users\/1"}],"replies":[{"embeddable":true,"href":"https:\/\/baltmeistars.lv\/lv\/wp-json\/wp\/v2\/comments?post=6824"}],"version-history":[{"count":4,"href":"https:\/\/baltmeistars.lv\/lv\/wp-json\/wp\/v2\/pages\/6824\/revisions"}],"predecessor-version":[{"id":7291,"href":"https:\/\/baltmeistars.lv\/lv\/wp-json\/wp\/v2\/pages\/6824\/revisions\/7291"}],"wp:attachment":[{"href":"https:\/\/baltmeistars.lv\/lv\/wp-json\/wp\/v2\/media?parent=6824"}],"curies":[{"name":"wp","href":"https:\/\/api.w.org\/{rel}","templated":true}]}}