{"id":6826,"date":"2021-02-28T13:26:03","date_gmt":"2021-02-28T11:26:03","guid":{"rendered":"https:\/\/devilsecure.com\/?page_id=6826"},"modified":"2025-02-20T10:33:31","modified_gmt":"2025-02-20T08:33:31","slug":"jumta-ierikosana","status":"publish","type":"page","link":"https:\/\/baltmeistars.lv\/lv\/jumta-ierikosana\/","title":{"rendered":"Jumta konstrukcija"},"content":{"rendered":"\n<p>God\u0101tie Klienti!<\/p>\n\n\n\n<p>J\u016bsu m\u0101jas sienu b\u016bvniec\u012bba ir pabeigta, p\u0101rsegums uzst\u0101d\u012bts un var s\u0101kt mont\u0113t jumta konstrukciju.<\/p>\n\n\n\n<p>Ikviena jumta konstrukcija ir \u013coti individu\u0101la. Arhitekts Jums var pied\u0101v\u0101t visda\u017e\u0101d\u0101kos risin\u0101jumus. Priv\u0101tm\u0101ju celtniec\u012bb\u0101 visbie\u017e\u0101k tiek izmantoti divu veidu risin\u0101jumi: divsl\u012bpu vai \u010detrsl\u012bpu jumti. Savuk\u0101rt, abas \u0161\u012bs konstrukcijas var tikt apr\u012bkotas ar jumta papildus elementiem, kuri \u013caus \u012bstenot specifiskus jumta dizaina risin\u0101jumus.<\/p>\n\n\n\n<p>Vienst\u0101vu dz\u012bvojamo m\u0101ju b\u016bvniec\u012bb\u0101 visbie\u017e\u0101k pielietojamais jumta konstrukcijas mont\u0101\u017eas materi\u0101ls ir koka brusas. Brusu \u0161\u0137\u0113rsgriezums un novietojuma solis tiek noteikti m\u0101jas projekta dokument\u0101cij\u0101.<\/p>\n\n\n\n<p>Galven\u0101s jumta sast\u0101vda\u013cas ir:<\/p>\n\n\n\n<ul class=\"wp-block-list\">\n<li>Murlata<\/li>\n\n\n\n<li>Sp\u0101res<\/li>\n\n\n\n<li>Jumta kr\u0113sls<\/li>\n\n\n\n<li>R\u012b\u0123elis<\/li>\n\n\n\n<li>Kore<\/li>\n<\/ul>\n\n\n\n<p>Visus sp\u0101ru sistemu variantus ir iesp\u0113jams realiz\u0113t, izmantojot atbisto\u0161as kvalitates z\u0101\u0123materi\u0101lus. Ir iesp\u0113ja ieg\u0101d\u0101ties ar\u012b r\u016bpnieciski ra\u017eotu gatavu sp\u0101ru konstrukciju.<\/p>\n\n\n\n<p>\u012asum\u0101 par jau gatav\u0101m pieejam\u0101m sp\u0101ru konstrukcij\u0101m.\u0160\u0101das konstrukcijas tiek r\u016bpnieciski ra\u017eotas un sast\u0101v no atsevi\u0161\u0137\u0101m sp\u0101ru fermu konstrukcij\u0101m. \u0160\u0101du gatavu sp\u0101ru sist\u0113mu ra\u017eo\u0161an\u0101 tiek izmantoti arhitekta izstr\u0101d\u0101tie m\u0101jas projekta tehniskie paramateri.<\/p>\n\n\n<div class=\"wp-block-image\">\n<figure class=\"alignleft size-large\"><figure id=\"attachment_7107\" class=\"alignnone full-width-mobile thin\"><img loading=\"lazy\" decoding=\"async\" width=\"451\" height=\"208\" src=\"https:\/\/baltmeistars.lv\/wp-content\/uploads\/2021\/03\/jumts-konsoles.jpg\" alt=\"\" class=\"wp-image-7107\" srcset=\"https:\/\/baltmeistars.lv\/wp-content\/uploads\/2021\/03\/jumts-konsoles.jpg 451w, https:\/\/baltmeistars.lv\/wp-content\/uploads\/2021\/03\/jumts-konsoles-300x138.jpg 300w, https:\/\/baltmeistars.lv\/wp-content\/uploads\/2021\/03\/jumts-konsoles-16x7.jpg 16w, https:\/\/baltmeistars.lv\/wp-content\/uploads\/2021\/03\/jumts-konsoles-220x101.jpg 220w\" sizes=\"auto, (max-width: 451px) 100vw, 451px\" \/><\/figure><\/figure>\n<\/div>\n\n\n<p>Zem\u0101k uzskait\u012bti \u0161\u0101du konstrukciju izmanto\u0161anas plusi:<\/p>\n\n\n\n<ul class=\"wp-block-list\">\n<li>M\u0101jas kop\u0113jais celtniec\u012bbas \u0101trums palielin\u0101s. Lai uzceltu \u0161\u0101du gatavu sp\u0101ru konstrukciju, m\u0101jas sienas nepiecie\u0161ams uzcelt tikai pa \u0113kas perimetru. Visas iek\u0161\u0113j\u0101s starpsienas, kuras vel\u0101k veidos telp\u0101s, var mont\u0113t no \u0123ip\u0161kartona (re\u0123ip\u0161a).<\/li>\n\n\n\n<li>Pati sp\u0101ru sist\u0113ma ir viegl\u0101ka (svara ekvivalent\u0101) nek\u0101 analo\u0123iska pa\u0161b\u016bv\u0113t\u0101 sp\u0101ru konstrukcija<\/li>\n\n\n\n<li>Gatavas sp\u0101ru konstrukcijas mont\u0113\u0161ana prasa iev\u0113rojami maz\u0101k laika<\/li>\n\n\n\n<li>R\u016bpnieciski ra\u017eotas sp\u0101ru konstrukcijas iztur\u012bbu garant\u0113 in\u017eenieru veikti apr\u0113\u0137ini un ra\u017eo\u0161anas normat\u012bvie akti.<\/li>\n<\/ul>\n\n\n\n<p>Neap\u0161aub\u0101mi, ir ar\u012b da\u017ei m\u012bnusi, izv\u0113loties r\u016bpnieciski ra\u017eotu sp\u0101ru sist\u0113mu, kas saist\u012bti ar t\u0101 saucamo \u201ccilv\u0113cisko faktoru\u201d. Sist\u0113mas apr\u0113\u0137ini un ra\u017eo\u0161ana noris r\u016bpn\u012bcas apstak\u013cos, izmantojot kompj\u016bterapr\u0113\u0137inus un augstas klases tehnolo\u0123ijas, ta\u010du pa\u0161as sist\u0113mas mont\u0101\u017ea noris re\u0101l\u0101 vid\u0113 un bez jebk\u0101d\u0101m pie\u013caujam\u0101m nob\u012bd\u0113m. \u0160is faktors var rad\u012bt sarez\u0123\u012bjumus sp\u0101ru sist\u0113mas mont\u0101\u017eas proces\u0101.<\/p>\n\n\n\n<p>Sp\u0101ru sist\u0113ma ir gatava un var pariet pie turpm\u0101kiem m\u0101jas celtniec\u012bbas darbiem.<\/p>\n\n\n\n<p>Pied\u0101v\u0101ju veikt visus sada\u013c\u0101 min\u0113tos sp\u0101ru mont\u0101\u017eas darbus Siguldas un In\u010dukalna novados un R\u012bgas rajon\u0101<\/p>\n","protected":false},"excerpt":{"rendered":"<p>God\u0101tie Klienti! J\u016bsu m\u0101jas sienu b\u016bvniec\u012bba ir pabeigta, p\u0101rsegums uzst\u0101d\u012bts un var s\u0101kt mont\u0113t jumta konstrukciju. Ikviena jumta konstrukcija ir \u013coti individu\u0101la. Arhitekts Jums var pied\u0101v\u0101t visda\u017e\u0101d\u0101kos risin\u0101jumus. Priv\u0101tm\u0101ju celtniec\u012bb\u0101 visbie\u017e\u0101k tiek izmantoti divu veidu risin\u0101jumi: divsl\u012bpu vai \u010detrsl\u012bpu jumti. Savuk\u0101rt, abas \u0161\u012bs konstrukcijas var tikt apr\u012bkotas ar jumta papildus elementiem, kuri \u013caus \u012bstenot specifiskus <!-- more-link -->[&hellip;] <a href=\"https:\/\/baltmeistars.lv\/lv\/jumta-ierikosana\/\" class=\"more more-link\">Las\u012bt vair\u0101k<\/a><\/p>\n","protected":false},"author":1,"featured_media":0,"parent":0,"menu_order":0,"comment_status":"closed","ping_status":"closed","template":"","meta":{"_acf_changed":false,"footnotes":""},"class_list":["post-6826","page","type-page","status-publish","hentry"],"acf":[],"yoast_head":"<!-- This site is optimized with the Yoast SEO plugin v24.5 - https:\/\/yoast.com\/wordpress\/plugins\/seo\/ -->\n<title>Jumta konstrukcija - Baltmeistars<\/title>\n<meta name=\"robots\" content=\"index, follow, max-snippet:-1, max-image-preview:large, max-video-preview:-1\" \/>\n<link rel=\"canonical\" href=\"https:\/\/baltmeistars.lv\/lv\/jumta-ierikosana\/\" \/>\n<meta property=\"og:locale\" content=\"lv_LV\" \/>\n<meta property=\"og:type\" content=\"article\" \/>\n<meta property=\"og:title\" content=\"Jumta konstrukcija - Baltmeistars\" \/>\n<meta property=\"og:description\" content=\"God\u0101tie Klienti! J\u016bsu m\u0101jas sienu b\u016bvniec\u012bba ir pabeigta, p\u0101rsegums uzst\u0101d\u012bts un var s\u0101kt mont\u0113t jumta konstrukciju. Ikviena jumta konstrukcija ir \u013coti individu\u0101la. Arhitekts Jums var pied\u0101v\u0101t visda\u017e\u0101d\u0101kos risin\u0101jumus. Priv\u0101tm\u0101ju celtniec\u012bb\u0101 visbie\u017e\u0101k tiek izmantoti divu veidu risin\u0101jumi: divsl\u012bpu vai \u010detrsl\u012bpu jumti. Savuk\u0101rt, abas \u0161\u012bs konstrukcijas var tikt apr\u012bkotas ar jumta papildus elementiem, kuri \u013caus \u012bstenot specifiskus [&hellip;] Las\u012bt vair\u0101k\" \/>\n<meta property=\"og:url\" content=\"https:\/\/baltmeistars.lv\/lv\/jumta-ierikosana\/\" \/>\n<meta property=\"og:site_name\" content=\"Baltmeistars\" \/>\n<meta property=\"article:modified_time\" content=\"2025-02-20T08:33:31+00:00\" \/>\n<meta property=\"og:image\" content=\"https:\/\/baltmeistars.lv\/wp-content\/uploads\/2021\/03\/jumts-konsoles.jpg\" \/>\n<meta name=\"twitter:card\" content=\"summary_large_image\" \/>\n<meta name=\"twitter:label1\" content=\"Est. reading time\" \/>\n\t<meta name=\"twitter:data1\" content=\"2 min\u016btes\" \/>\n<script type=\"application\/ld+json\" class=\"yoast-schema-graph\">{\"@context\":\"https:\/\/schema.org\",\"@graph\":[{\"@type\":\"WebPage\",\"@id\":\"https:\/\/baltmeistars.lv\/jumta-ierikosana\/\",\"url\":\"https:\/\/baltmeistars.lv\/jumta-ierikosana\/\",\"name\":\"Jumta konstrukcija - Baltmeistars\",\"isPartOf\":{\"@id\":\"https:\/\/baltmeistars.lv\/lv\/#website\"},\"primaryImageOfPage\":{\"@id\":\"https:\/\/baltmeistars.lv\/jumta-ierikosana\/#primaryimage\"},\"image\":{\"@id\":\"https:\/\/baltmeistars.lv\/jumta-ierikosana\/#primaryimage\"},\"thumbnailUrl\":\"https:\/\/baltmeistars.lv\/wp-content\/uploads\/2021\/03\/jumts-konsoles.jpg\",\"datePublished\":\"2021-02-28T11:26:03+00:00\",\"dateModified\":\"2025-02-20T08:33:31+00:00\",\"breadcrumb\":{\"@id\":\"https:\/\/baltmeistars.lv\/jumta-ierikosana\/#breadcrumb\"},\"inLanguage\":\"lv-LV\",\"potentialAction\":[{\"@type\":\"ReadAction\",\"target\":[\"https:\/\/baltmeistars.lv\/jumta-ierikosana\/\"]}]},{\"@type\":\"ImageObject\",\"inLanguage\":\"lv-LV\",\"@id\":\"https:\/\/baltmeistars.lv\/jumta-ierikosana\/#primaryimage\",\"url\":\"https:\/\/baltmeistars.lv\/wp-content\/uploads\/2021\/03\/jumts-konsoles.jpg\",\"contentUrl\":\"https:\/\/baltmeistars.lv\/wp-content\/uploads\/2021\/03\/jumts-konsoles.jpg\"},{\"@type\":\"BreadcrumbList\",\"@id\":\"https:\/\/baltmeistars.lv\/jumta-ierikosana\/#breadcrumb\",\"itemListElement\":[{\"@type\":\"ListItem\",\"position\":1,\"name\":\"Home\",\"item\":\"https:\/\/baltmeistars.lv\/lv\/\"},{\"@type\":\"ListItem\",\"position\":2,\"name\":\"Jumta konstrukcija\"}]},{\"@type\":\"WebSite\",\"@id\":\"https:\/\/baltmeistars.lv\/lv\/#website\",\"url\":\"https:\/\/baltmeistars.lv\/lv\/\",\"name\":\"Baltmeistars\",\"description\":\"Celtniec\u012bbas nozare\",\"alternateName\":\"Baltmeistars.lv\",\"potentialAction\":[{\"@type\":\"SearchAction\",\"target\":{\"@type\":\"EntryPoint\",\"urlTemplate\":\"https:\/\/baltmeistars.lv\/lv\/?s={search_term_string}\"},\"query-input\":{\"@type\":\"PropertyValueSpecification\",\"valueRequired\":true,\"valueName\":\"search_term_string\"}}],\"inLanguage\":\"lv-LV\"}]}<\/script>\n<!-- \/ Yoast SEO plugin. -->","yoast_head_json":{"title":"Jumta konstrukcija - Baltmeistars","robots":{"index":"index","follow":"follow","max-snippet":"max-snippet:-1","max-image-preview":"max-image-preview:large","max-video-preview":"max-video-preview:-1"},"canonical":"https:\/\/baltmeistars.lv\/lv\/jumta-ierikosana\/","og_locale":"lv_LV","og_type":"article","og_title":"Jumta konstrukcija - Baltmeistars","og_description":"God\u0101tie Klienti! J\u016bsu m\u0101jas sienu b\u016bvniec\u012bba ir pabeigta, p\u0101rsegums uzst\u0101d\u012bts un var s\u0101kt mont\u0113t jumta konstrukciju. Ikviena jumta konstrukcija ir \u013coti individu\u0101la. Arhitekts Jums var pied\u0101v\u0101t visda\u017e\u0101d\u0101kos risin\u0101jumus. Priv\u0101tm\u0101ju celtniec\u012bb\u0101 visbie\u017e\u0101k tiek izmantoti divu veidu risin\u0101jumi: divsl\u012bpu vai \u010detrsl\u012bpu jumti. Savuk\u0101rt, abas \u0161\u012bs konstrukcijas var tikt apr\u012bkotas ar jumta papildus elementiem, kuri \u013caus \u012bstenot specifiskus [&hellip;] Las\u012bt vair\u0101k","og_url":"https:\/\/baltmeistars.lv\/lv\/jumta-ierikosana\/","og_site_name":"Baltmeistars","article_modified_time":"2025-02-20T08:33:31+00:00","og_image":[{"url":"https:\/\/baltmeistars.lv\/wp-content\/uploads\/2021\/03\/jumts-konsoles.jpg","type":"","width":"","height":""}],"twitter_card":"summary_large_image","twitter_misc":{"Est. reading time":"2 min\u016btes"},"schema":{"@context":"https:\/\/schema.org","@graph":[{"@type":"WebPage","@id":"https:\/\/baltmeistars.lv\/jumta-ierikosana\/","url":"https:\/\/baltmeistars.lv\/jumta-ierikosana\/","name":"Jumta konstrukcija - Baltmeistars","isPartOf":{"@id":"https:\/\/baltmeistars.lv\/lv\/#website"},"primaryImageOfPage":{"@id":"https:\/\/baltmeistars.lv\/jumta-ierikosana\/#primaryimage"},"image":{"@id":"https:\/\/baltmeistars.lv\/jumta-ierikosana\/#primaryimage"},"thumbnailUrl":"https:\/\/baltmeistars.lv\/wp-content\/uploads\/2021\/03\/jumts-konsoles.jpg","datePublished":"2021-02-28T11:26:03+00:00","dateModified":"2025-02-20T08:33:31+00:00","breadcrumb":{"@id":"https:\/\/baltmeistars.lv\/jumta-ierikosana\/#breadcrumb"},"inLanguage":"lv-LV","potentialAction":[{"@type":"ReadAction","target":["https:\/\/baltmeistars.lv\/jumta-ierikosana\/"]}]},{"@type":"ImageObject","inLanguage":"lv-LV","@id":"https:\/\/baltmeistars.lv\/jumta-ierikosana\/#primaryimage","url":"https:\/\/baltmeistars.lv\/wp-content\/uploads\/2021\/03\/jumts-konsoles.jpg","contentUrl":"https:\/\/baltmeistars.lv\/wp-content\/uploads\/2021\/03\/jumts-konsoles.jpg"},{"@type":"BreadcrumbList","@id":"https:\/\/baltmeistars.lv\/jumta-ierikosana\/#breadcrumb","itemListElement":[{"@type":"ListItem","position":1,"name":"Home","item":"https:\/\/baltmeistars.lv\/lv\/"},{"@type":"ListItem","position":2,"name":"Jumta konstrukcija"}]},{"@type":"WebSite","@id":"https:\/\/baltmeistars.lv\/lv\/#website","url":"https:\/\/baltmeistars.lv\/lv\/","name":"Baltmeistars","description":"Celtniec\u012bbas nozare","alternateName":"Baltmeistars.lv","potentialAction":[{"@type":"SearchAction","target":{"@type":"EntryPoint","urlTemplate":"https:\/\/baltmeistars.lv\/lv\/?s={search_term_string}"},"query-input":{"@type":"PropertyValueSpecification","valueRequired":true,"valueName":"search_term_string"}}],"inLanguage":"lv-LV"}]}},"_links":{"self":[{"href":"https:\/\/baltmeistars.lv\/lv\/wp-json\/wp\/v2\/pages\/6826","targetHints":{"allow":["GET"]}}],"collection":[{"href":"https:\/\/baltmeistars.lv\/lv\/wp-json\/wp\/v2\/pages"}],"about":[{"href":"https:\/\/baltmeistars.lv\/lv\/wp-json\/wp\/v2\/types\/page"}],"author":[{"embeddable":true,"href":"https:\/\/baltmeistars.lv\/lv\/wp-json\/wp\/v2\/users\/1"}],"replies":[{"embeddable":true,"href":"https:\/\/baltmeistars.lv\/lv\/wp-json\/wp\/v2\/comments?post=6826"}],"version-history":[{"count":6,"href":"https:\/\/baltmeistars.lv\/lv\/wp-json\/wp\/v2\/pages\/6826\/revisions"}],"predecessor-version":[{"id":7287,"href":"https:\/\/baltmeistars.lv\/lv\/wp-json\/wp\/v2\/pages\/6826\/revisions\/7287"}],"wp:attachment":[{"href":"https:\/\/baltmeistars.lv\/lv\/wp-json\/wp\/v2\/media?parent=6826"}],"curies":[{"name":"wp","href":"https:\/\/api.w.org\/{rel}","templated":true}]}}