{"id":6828,"date":"2021-02-28T13:26:35","date_gmt":"2021-02-28T11:26:35","guid":{"rendered":"https:\/\/devilsecure.com\/?page_id=6828"},"modified":"2025-02-20T10:26:11","modified_gmt":"2025-02-20T08:26:11","slug":"cieta-kurinama-katli","status":"publish","type":"page","link":"https:\/\/baltmeistars.lv\/lv\/cieta-kurinama-katli\/","title":{"rendered":"Cieta kurin\u0101ma katli"},"content":{"rendered":"\n<p>God\u0101tie klienti!<\/p>\n\n\n\n<p>Ieg\u0101d\u0101joties apkures sist\u0113mu savai m\u0101jai, J\u016bs galvenok\u0101rt ieg\u016bstat \u0113rt\u012bbas, kuras sniedz \u0161\u0101da individu\u0101l\u0101s siltuma ener\u0123ijas ra\u017eo\u0161anas iek\u0101rtas. No visa tirg\u016b pieejam\u0101 apkures sist\u0113mu kl\u0101sta liel\u0101k\u0101 da\u013ca ciet\u0101 kurin\u0101m\u0101 katlu visekonomisk\u0101k\u0101 izv\u0113le.<\/p>\n\n\n\n<p>\u0160aj\u0101 sada\u013c\u0101 s\u012bk\u0101k past\u0101st\u012b\u0161u par ciet\u0101 kurin\u0101m\u0101 katliem \u2013 k\u0101di kurin\u0101m\u0101 veidi ir izmantojami m\u0101jas apsildei, to plusi un m\u012bnusi, ciet\u0101 kurin\u0101m\u0101 katlu apkope, papildus ier\u012b\u010du piesl\u0113g\u0161anas iesp\u0113jas pie \u0161\u0101da veida katliem un p\u0113c k\u0101diem krit\u0113rijiem var noteikt izv\u0113l\u0113t\u0101 produkta jaudu.<\/p>\n\n\n\n<p>Apkures iek\u0101rtas dro\u0161as un efekt\u012bvas darb\u012bbas nodro\u0161in\u0101\u0161anai ir izmantojami sekojo\u0161i kurin\u0101m\u0101 veidi<\/p>\n\n\n\n<ul class=\"wp-block-list\">\n<li>Sausa lapu koku malka. Prie\u017eu un eg\u013cu malka nav izmantojama, jo \u013coti \u0101tri rada nos\u0113dumus deg\u0161anas kamer\u0101, k\u0101 ar\u012b \u0161\u0101das malkas deg\u0161anas proces\u0101 veidojas vielas, kas rada skurste\u0146a aizs\u0113r\u0113jumu un past\u0101v augsts d\u016bmvada pa\u0161aizdeg\u0161an\u0101s risks<\/li>\n\n\n\n<li>Skaidu briketes ( ar\u012b lapu koku skaidu briketes)<\/li>\n\n\n\n<li>K\u016bdras briketes<\/li>\n\n\n\n<li>\u012apa\u0161i ciet\u0101 kurin\u0101m\u0101 katliem paredz\u0113tas ogles<\/li>\n<\/ul>\n\n\n\n<p>Kurin\u0101m\u0101 deg\u0161anas ilgums un, attiec\u012bgi, apsildes iek\u0101rtes efektivit\u0101te ir atkar\u012bga no pa\u0161a kurin\u0101m\u0101 katla konstrukcijas un energones\u0113jelementa deg\u0161anas metodes. Praks\u0113 pier\u0101d\u0101s, ka vis\u0101tr\u0101k izdeg parast\u0101s malkas pagales, savuk\u0101rts, visilg\u0101k deg k\u016bdras briketes un ogles. Saprotams, ka jo ilg\u0101k notiek deg\u0161anas process, jo ilg\u0101k tiek nodro\u0161in\u0101ta siltuma ener\u0123ijas padeve m\u0101jai un tad\u0113\u013c konkr\u0113t\u0101 kurin\u0101m\u0101 materi\u0101la izmanto\u0161ana ir visizdev\u012bg\u0101k\u0101. Naudas izteiksm\u0113 koka malka, protams, ir viens no visl\u0113t\u0101kajiem kurin\u0101ma veidiem. Apr\u0113\u0137ins ir vienk\u0101r\u0161s \u2013 3 kubi koka malkas atdod t\u0101du pa\u0161u ener\u0123ijas daudzumu k\u0101, piem\u0113ram, 1 kubs k\u016bdras brike\u0161u vai attiec\u012bgi cit\u0101s proporcij\u0101s p\u0101r\u0113jie pieejamie kurin\u0101m\u0101 veidi. Katra kurin\u0101m\u0101 materi\u0101la cena at\u0161\u0137iras, baltstoties uz t\u0101 energatdeves efektivit\u0101ki. T\u0101d\u0113j\u0101di, izmantojot darg\u0101ku kurin\u0101mo materi\u0101lu, J\u016bs p\u0113rkat sev papildus \u0113rt\u012bbas. Viens no ciet\u0101 kurin\u0101m\u0101 katlu izmnto\u0161anas m\u012bnusiem ir nepiecie\u0161am\u012bba tos regul\u0101ri t\u012br\u012bt, liels sodr\u0113ju daudzums un, attiec\u012bgi, paaugstin\u0101ts putek\u013cu un net\u012brumu daudzums katlu m\u0101j\u0101. Sakuv\u0101rt, k\u0101 \u0161\u0101du katlu izv\u0113les priek\u0161roc\u012bbas var min\u0113t liela un viegla kurin\u0101m\u0101 materi\u0101la pieejam\u012bba, iesp\u0113ja kombin\u0113t un main\u012bt izmantojamo kurin\u0101mo materi\u0101lu atkar\u012bb\u0101 no gadalaikiem un diennakts laika.<\/p>\n\n\n\n<p>Kurin\u0101m\u0101 materi\u0101la deg\u0161ana katl\u0101 ir pas\u012bvs process. Malka ir ielikta, katls iedegts un deg\u0161anas process s\u0101kas. Deg\u0161anas procesa laik\u0101, iek\u0101rta, atkar\u012bb\u0101 no temperat\u016bras sist\u0113m\u0101, pati regul\u0113 gaisa padevi deg\u0161anas kamer\u0101. T\u0101 k\u0101 m\u0113s nesp\u0113jam ietekm\u0113t deg\u0161anas procesu, iev\u0113rojami pal\u0113lin\u0101t vai pa\u0101trin\u0101t siltuma atdevi, t\u0101d\u0113\u013c ciet\u0101 kurin\u0101m\u0101 katli var tikt apr\u012bkoti tikai ar pas\u012bviem modu\u013ciem<\/p>\n\n\n\n<p>Ciet\u0101 kurin\u0101m\u0101 apkures sist\u0113mu, neskaitot radiatorus, var v\u0113l papildus apr\u012bkot ar akumul\u0101cijas tvertnem, kuri pagarin\u0101s kurin\u0101ma katla siltumpadeves ilgumu J\u016bsu m\u0101jai. Kas attiecas uz apsild\u0101mo gr\u012bdu elementu pievieno\u0161anu, tad, manpr\u0101t, \u0161\u0101da kombin\u0101cija nedarbosies efekt\u012bvi, ja vien nepl\u0101nojat p\u0113c p\u0101ris gadiem ieg\u0101d\u0101ties citu apkures katlu. V\u0113l ar\u012b ir iesp\u0113ja nodro\u0161in\u0101t \u016bdens apsildi, piesl\u0113dzot kombin\u0113to boileri \u2013 \u016bdens tiks sild\u012bts katla darb\u012bbas laik\u0101.<\/p>\n\n\n\n<p>Jums nepiecie\u0161am\u0101 katla jauda tiek apr\u0113\u0137in\u0101ta p\u0113c sekojo\u0161a principa \u2013 lai apkurinatu 10 kv.m telpu ir nepiecie\u0161ams 1 kW jaudas ar +\/- 15% rezervi. Lai apkurin\u0101tu m\u0101ju 100 kv.m plat\u012bb\u0101 un, ja apkures katlam ir piesl\u0113gts ar\u012b silt\u0101 \u016bdens boileris, pietiekami ir ieg\u0101d\u0101ties apkures katlu ar 15 kW jaudu.<\/p>\n\n\n\n<p>Pied\u0101v\u0101ju veikt visus sada\u013c\u0101 min\u0113tos ciet\u0101 kurin\u0101m\u0101 apkures katlu uzst\u0101d\u012b\u0161anas un apkopes darbus Siguldas un In\u010dukalna novados un R\u012bgas rajon\u0101<\/p>\n","protected":false},"excerpt":{"rendered":"<p>God\u0101tie klienti! Ieg\u0101d\u0101joties apkures sist\u0113mu savai m\u0101jai, J\u016bs galvenok\u0101rt ieg\u016bstat \u0113rt\u012bbas, kuras sniedz \u0161\u0101da individu\u0101l\u0101s siltuma ener\u0123ijas ra\u017eo\u0161anas iek\u0101rtas. No visa tirg\u016b pieejam\u0101 apkures sist\u0113mu kl\u0101sta liel\u0101k\u0101 da\u013ca ciet\u0101 kurin\u0101m\u0101 katlu visekonomisk\u0101k\u0101 izv\u0113le. \u0160aj\u0101 sada\u013c\u0101 s\u012bk\u0101k past\u0101st\u012b\u0161u par ciet\u0101 kurin\u0101m\u0101 katliem \u2013 k\u0101di kurin\u0101m\u0101 veidi ir izmantojami m\u0101jas apsildei, to plusi un m\u012bnusi, ciet\u0101 kurin\u0101m\u0101 <!-- more-link -->[&hellip;] <a href=\"https:\/\/baltmeistars.lv\/lv\/cieta-kurinama-katli\/\" class=\"more more-link\">Las\u012bt vair\u0101k<\/a><\/p>\n","protected":false},"author":1,"featured_media":0,"parent":0,"menu_order":0,"comment_status":"closed","ping_status":"closed","template":"","meta":{"_acf_changed":false,"footnotes":""},"class_list":["post-6828","page","type-page","status-publish","hentry"],"acf":[],"yoast_head":"<!-- This site is optimized with the Yoast SEO plugin v24.5 - https:\/\/yoast.com\/wordpress\/plugins\/seo\/ -->\n<title>Cieta kurin\u0101ma katli - Baltmeistars<\/title>\n<meta name=\"robots\" content=\"index, follow, max-snippet:-1, max-image-preview:large, max-video-preview:-1\" \/>\n<link rel=\"canonical\" href=\"https:\/\/baltmeistars.lv\/lv\/cieta-kurinama-katli\/\" \/>\n<meta property=\"og:locale\" content=\"lv_LV\" \/>\n<meta property=\"og:type\" content=\"article\" \/>\n<meta property=\"og:title\" content=\"Cieta kurin\u0101ma katli - Baltmeistars\" \/>\n<meta property=\"og:description\" content=\"God\u0101tie klienti! Ieg\u0101d\u0101joties apkures sist\u0113mu savai m\u0101jai, J\u016bs galvenok\u0101rt ieg\u016bstat \u0113rt\u012bbas, kuras sniedz \u0161\u0101da individu\u0101l\u0101s siltuma ener\u0123ijas ra\u017eo\u0161anas iek\u0101rtas. No visa tirg\u016b pieejam\u0101 apkures sist\u0113mu kl\u0101sta liel\u0101k\u0101 da\u013ca ciet\u0101 kurin\u0101m\u0101 katlu visekonomisk\u0101k\u0101 izv\u0113le. \u0160aj\u0101 sada\u013c\u0101 s\u012bk\u0101k past\u0101st\u012b\u0161u par ciet\u0101 kurin\u0101m\u0101 katliem \u2013 k\u0101di kurin\u0101m\u0101 veidi ir izmantojami m\u0101jas apsildei, to plusi un m\u012bnusi, ciet\u0101 kurin\u0101m\u0101 [&hellip;] Las\u012bt vair\u0101k\" \/>\n<meta property=\"og:url\" content=\"https:\/\/baltmeistars.lv\/lv\/cieta-kurinama-katli\/\" \/>\n<meta property=\"og:site_name\" content=\"Baltmeistars\" \/>\n<meta property=\"article:modified_time\" content=\"2025-02-20T08:26:11+00:00\" \/>\n<meta name=\"twitter:card\" content=\"summary_large_image\" \/>\n<meta name=\"twitter:label1\" content=\"Est. reading time\" \/>\n\t<meta name=\"twitter:data1\" content=\"3 min\u016btes\" \/>\n<script type=\"application\/ld+json\" class=\"yoast-schema-graph\">{\"@context\":\"https:\/\/schema.org\",\"@graph\":[{\"@type\":\"WebPage\",\"@id\":\"https:\/\/baltmeistars.lv\/cieta-kurinama-katli\/\",\"url\":\"https:\/\/baltmeistars.lv\/cieta-kurinama-katli\/\",\"name\":\"Cieta kurin\u0101ma katli - Baltmeistars\",\"isPartOf\":{\"@id\":\"https:\/\/baltmeistars.lv\/lv\/#website\"},\"datePublished\":\"2021-02-28T11:26:35+00:00\",\"dateModified\":\"2025-02-20T08:26:11+00:00\",\"breadcrumb\":{\"@id\":\"https:\/\/baltmeistars.lv\/cieta-kurinama-katli\/#breadcrumb\"},\"inLanguage\":\"lv-LV\",\"potentialAction\":[{\"@type\":\"ReadAction\",\"target\":[\"https:\/\/baltmeistars.lv\/cieta-kurinama-katli\/\"]}]},{\"@type\":\"BreadcrumbList\",\"@id\":\"https:\/\/baltmeistars.lv\/cieta-kurinama-katli\/#breadcrumb\",\"itemListElement\":[{\"@type\":\"ListItem\",\"position\":1,\"name\":\"Home\",\"item\":\"https:\/\/baltmeistars.lv\/lv\/\"},{\"@type\":\"ListItem\",\"position\":2,\"name\":\"Cieta kurin\u0101ma katli\"}]},{\"@type\":\"WebSite\",\"@id\":\"https:\/\/baltmeistars.lv\/lv\/#website\",\"url\":\"https:\/\/baltmeistars.lv\/lv\/\",\"name\":\"Baltmeistars\",\"description\":\"Celtniec\u012bbas nozare\",\"alternateName\":\"Baltmeistars.lv\",\"potentialAction\":[{\"@type\":\"SearchAction\",\"target\":{\"@type\":\"EntryPoint\",\"urlTemplate\":\"https:\/\/baltmeistars.lv\/lv\/?s={search_term_string}\"},\"query-input\":{\"@type\":\"PropertyValueSpecification\",\"valueRequired\":true,\"valueName\":\"search_term_string\"}}],\"inLanguage\":\"lv-LV\"}]}<\/script>\n<!-- \/ Yoast SEO plugin. -->","yoast_head_json":{"title":"Cieta kurin\u0101ma katli - Baltmeistars","robots":{"index":"index","follow":"follow","max-snippet":"max-snippet:-1","max-image-preview":"max-image-preview:large","max-video-preview":"max-video-preview:-1"},"canonical":"https:\/\/baltmeistars.lv\/lv\/cieta-kurinama-katli\/","og_locale":"lv_LV","og_type":"article","og_title":"Cieta kurin\u0101ma katli - Baltmeistars","og_description":"God\u0101tie klienti! Ieg\u0101d\u0101joties apkures sist\u0113mu savai m\u0101jai, J\u016bs galvenok\u0101rt ieg\u016bstat \u0113rt\u012bbas, kuras sniedz \u0161\u0101da individu\u0101l\u0101s siltuma ener\u0123ijas ra\u017eo\u0161anas iek\u0101rtas. No visa tirg\u016b pieejam\u0101 apkures sist\u0113mu kl\u0101sta liel\u0101k\u0101 da\u013ca ciet\u0101 kurin\u0101m\u0101 katlu visekonomisk\u0101k\u0101 izv\u0113le. \u0160aj\u0101 sada\u013c\u0101 s\u012bk\u0101k past\u0101st\u012b\u0161u par ciet\u0101 kurin\u0101m\u0101 katliem \u2013 k\u0101di kurin\u0101m\u0101 veidi ir izmantojami m\u0101jas apsildei, to plusi un m\u012bnusi, ciet\u0101 kurin\u0101m\u0101 [&hellip;] Las\u012bt vair\u0101k","og_url":"https:\/\/baltmeistars.lv\/lv\/cieta-kurinama-katli\/","og_site_name":"Baltmeistars","article_modified_time":"2025-02-20T08:26:11+00:00","twitter_card":"summary_large_image","twitter_misc":{"Est. reading time":"3 min\u016btes"},"schema":{"@context":"https:\/\/schema.org","@graph":[{"@type":"WebPage","@id":"https:\/\/baltmeistars.lv\/cieta-kurinama-katli\/","url":"https:\/\/baltmeistars.lv\/cieta-kurinama-katli\/","name":"Cieta kurin\u0101ma katli - Baltmeistars","isPartOf":{"@id":"https:\/\/baltmeistars.lv\/lv\/#website"},"datePublished":"2021-02-28T11:26:35+00:00","dateModified":"2025-02-20T08:26:11+00:00","breadcrumb":{"@id":"https:\/\/baltmeistars.lv\/cieta-kurinama-katli\/#breadcrumb"},"inLanguage":"lv-LV","potentialAction":[{"@type":"ReadAction","target":["https:\/\/baltmeistars.lv\/cieta-kurinama-katli\/"]}]},{"@type":"BreadcrumbList","@id":"https:\/\/baltmeistars.lv\/cieta-kurinama-katli\/#breadcrumb","itemListElement":[{"@type":"ListItem","position":1,"name":"Home","item":"https:\/\/baltmeistars.lv\/lv\/"},{"@type":"ListItem","position":2,"name":"Cieta kurin\u0101ma katli"}]},{"@type":"WebSite","@id":"https:\/\/baltmeistars.lv\/lv\/#website","url":"https:\/\/baltmeistars.lv\/lv\/","name":"Baltmeistars","description":"Celtniec\u012bbas nozare","alternateName":"Baltmeistars.lv","potentialAction":[{"@type":"SearchAction","target":{"@type":"EntryPoint","urlTemplate":"https:\/\/baltmeistars.lv\/lv\/?s={search_term_string}"},"query-input":{"@type":"PropertyValueSpecification","valueRequired":true,"valueName":"search_term_string"}}],"inLanguage":"lv-LV"}]}},"_links":{"self":[{"href":"https:\/\/baltmeistars.lv\/lv\/wp-json\/wp\/v2\/pages\/6828","targetHints":{"allow":["GET"]}}],"collection":[{"href":"https:\/\/baltmeistars.lv\/lv\/wp-json\/wp\/v2\/pages"}],"about":[{"href":"https:\/\/baltmeistars.lv\/lv\/wp-json\/wp\/v2\/types\/page"}],"author":[{"embeddable":true,"href":"https:\/\/baltmeistars.lv\/lv\/wp-json\/wp\/v2\/users\/1"}],"replies":[{"embeddable":true,"href":"https:\/\/baltmeistars.lv\/lv\/wp-json\/wp\/v2\/comments?post=6828"}],"version-history":[{"count":4,"href":"https:\/\/baltmeistars.lv\/lv\/wp-json\/wp\/v2\/pages\/6828\/revisions"}],"predecessor-version":[{"id":7278,"href":"https:\/\/baltmeistars.lv\/lv\/wp-json\/wp\/v2\/pages\/6828\/revisions\/7278"}],"wp:attachment":[{"href":"https:\/\/baltmeistars.lv\/lv\/wp-json\/wp\/v2\/media?parent=6828"}],"curies":[{"name":"wp","href":"https:\/\/api.w.org\/{rel}","templated":true}]}}