{"id":6830,"date":"2021-02-28T13:27:08","date_gmt":"2021-02-28T11:27:08","guid":{"rendered":"https:\/\/devilsecure.com\/?page_id=6830"},"modified":"2025-02-20T10:30:24","modified_gmt":"2025-02-20T08:30:24","slug":"granulas-un-kombinetie-granulas-katli","status":"publish","type":"page","link":"https:\/\/baltmeistars.lv\/lv\/granulas-un-kombinetie-granulas-katli\/","title":{"rendered":"Granulas un kombin\u0113tie granulas katli"},"content":{"rendered":"\n<p>God\u0101tie klienti!<\/p>\n\n\n\n<p>Izv\u0113loties savas m\u0101jas apsildei kombin\u0113to granulu katlu, J\u016bs ieg\u016bstat past\u0101v\u012bgu siltuma ra\u017eo\u0161anas avotu ilgto\u0161am laika periodam, k\u0101 ar\u012b iesp\u0113ju regul\u0113t m\u0101j\u0101s eso\u0161o apkures sit\u0113mu, pa\u0161iem atrodoties \u0101rpus t\u0101s.<\/p>\n\n\n\n<p>\u0160aj\u0101 sada\u013c\u0101 past\u0101st\u012b\u0161u s\u012bk\u0101k par kombin\u0113tajiem granulu katliem &#8211; k\u0101da veida kurin\u0101mais materi\u0101ls ir izmantojams, k\u0101 tiek regul\u0113ta \u0161\u0101du katlu darb\u012bba, to apkalpo\u0161anas plusiem un m\u012bnusiem, papildus ier\u012b\u010du piesl\u0113g\u0161anas iesp\u0113j\u0101m pie \u0161\u0101da veida katliem, k\u0101 ar\u012b, p\u0113c k\u0101diem krit\u0113rijiem nosak\u0101ma izv\u0113l\u0113t\u0101 produkta jaudu<\/p>\n\n\n\n<p>Apkures iek\u0101rtas dro\u0161as un efekt\u012bvas darb\u012bbas nodro\u0161in\u0101\u0161anai ir izmantojami vair\u0101ki kurin\u0101m\u0101 veidi<\/p>\n\n\n<div class=\"wp-block-image\">\n<figure class=\"alignleft size-large\"><figure id=\"attachment_7086\" class=\"alignnone full-width-mobile thin\"><img loading=\"lazy\" decoding=\"async\" width=\"189\" height=\"320\" src=\"https:\/\/baltmeistars.lv\/wp-content\/uploads\/2021\/03\/katls-granulu.jpg\" alt=\"\" class=\"wp-image-7086\" srcset=\"https:\/\/baltmeistars.lv\/wp-content\/uploads\/2021\/03\/katls-granulu.jpg 189w, https:\/\/baltmeistars.lv\/wp-content\/uploads\/2021\/03\/katls-granulu-177x300.jpg 177w, https:\/\/baltmeistars.lv\/wp-content\/uploads\/2021\/03\/katls-granulu-7x12.jpg 7w\" sizes=\"auto, (max-width: 189px) 100vw, 189px\" \/><\/figure><\/figure>\n<\/div>\n\n\n<ul class=\"wp-block-list\">\n<li>Pelletes \u2013 kokskaidu granulas<\/li>\n\n\n\n<li>Sausa lapu koku malka<\/li>\n\n\n\n<li>Skaidu briketes<\/li>\n\n\n\n<li>K\u016bdras briketes<\/li>\n\n\n\n<li>Sasmalcin\u0101tas ogles<\/li>\n<\/ul>\n\n\n\n<p>Granulu katls sast\u0101v no vair\u0101kiem elementiem:<\/p>\n\n\n\n<ul class=\"wp-block-list\">\n<li>Katla korpusa ar degli granulu dedzin\u0101\u0161anai<\/li>\n\n\n\n<li>Granulu uzglab\u0101\u0161anas bunkera<\/li>\n\n\n\n<li>Granulu padeves ier\u012bces \u2013 \u0161neka<\/li>\n\n\n\n<li>Katla darb\u012bbas vad\u012bbas kontroles modu\u013ca<\/li>\n<\/ul>\n\n\n\n<p>Granulas sakotn\u0113ji tiek sab\u0113rtas uzglab\u0101\u0161an\u0101s bunker\u0101. Bunkera izm\u0113ru var ierobe\u017eot telpas izm\u0113rs, kur\u0101 atrodas apkures katls un t\u0101 ier\u012bko\u0161anas un mont\u0101\u017eas princips. Bunkers var b\u016bt savienots ar katlu vai ar\u012b atsevi\u0161\u0137i st\u0101vo\u0161s. T\u0101 k\u0101 pa\u0161u katlu gabar\u012btizm\u0113ri ir nelieli, tad, manupr\u0101t, \u0113rt\u0101kais risin\u0101jums ir atsevi\u0161\u0137i st\u0101vo\u0161s bunkers, jo tas \u013cauj racion\u0101l\u0101k izmantot telpu.Ar \u0161\u0146eka pal\u012bdz\u012bbu granulas tiek nog\u0101d\u0101tas katla deg\u0161anas kamer\u0101, vad\u012bbas modulis kontrol\u0113 katla darbb\u012bbu un J\u016bs sa\u0146emat siltumener\u0123iju. Katls darbojas p\u0113c iepriek\u0161 uzst\u0101d\u012btas programmas un, kad garnulu daudzums bunker\u0101 beidzas, pazi\u0146o par to. Katla t\u012br\u012b\u0161ana ir j\u0101veic vid\u0113ji 1 reizi ned\u0113\u013c\u0101 un pelnu apjoms no 100 kg izdegu\u0161o granulu ir 10-15 litri.<\/p>\n\n\n\n<p>Lai nodro\u0161in\u0101tu maksim\u0101li efekt\u012bvu un ekonomisku granulu katla darb\u012bbu, nepiecie\u0161ams uzst\u0101d\u012bt divus temperat\u016bras devejus \u2013 \u0101ra termometrs, kuru iestiprina pie m\u0101jas \u0101rsienas zieme\u013cu pus\u0113 un iek\u0161telpu temperat\u016bras dev\u0113js, kur\u0161 regul\u0113s katla darb\u012bbu un ,vadoties p\u0113c uzst\u0101d\u012btajiem parametriem, dos nepiecie\u0161am\u0101s komandas katla darb\u012bbai.<\/p>\n\n\n\n<p>Granulu apkures katla darb\u012bbas re\u017e\u012bmu ir iesp\u0113jams programm\u0113t, lai nodro\u0161in\u0101tu maksim\u0101lu siltumener\u0123ijas atdeves efektivit\u0101ti,vienlaic\u012bgi taup\u012bgi izmantojot kurin\u0101mo materi\u0101lu. Katla vad\u012bbas paneli var piesl\u0113gt ar\u012b pie internetmodu\u013ca,kas Jums dos iesp\u0113ju kontrol\u0113t katla darb\u012bbu att\u0101lin\u0101ti<\/p>\n\n\n\n<p>T\u0101 k\u0101 apkures sist\u0113mas darb\u012bbu vada un regul\u0113 elektronika, t\u0101d\u0113j\u0101di ar\u012b visi par\u0113jie pie katla piesl\u0113gtie modu\u013ci darbosies daudz efekt\u012bv\u0101k.<\/p>\n\n\n\n<ul class=\"wp-block-list\">\n<li>Apkures radiatori<\/li>\n\n\n\n<li>Apsild\u0101m\u0101s gr\u012bdas<\/li>\n\n\n\n<li>Kombin\u0113tais \u016bdens apsildes boileris, t\u0101d\u0113j\u0101di ir iesp\u0113ja sild\u012bt \u016bdeni ar\u012b vasaras period\u0101, neizmantojot elektroener\u0123iju<\/li>\n\n\n\n<li>Akumul\u0101cijas trauki gad\u012bjum\u0101, ja granulu katls nodro\u0161ina apkuri div\u0101m atsevi\u0161\u0137\u0101m \u0113k\u0101m \u2013 piem\u0113ram, J\u016bsu dz\u012bvojamai m\u0101jai un viesu m\u0101jai<\/li>\n<\/ul>\n\n\n\n<p>Jums nepiecie\u0161am\u0101 katla jauda tiek apr\u0113\u0137in\u0101ta p\u0113c sekojo\u0161a principa \u2013 lai apkurinatu 10 kv.m telpu ir nepiecie\u0161ams 1 kW jaudas ar +\/- 15-20% rezervi. Lai apkurin\u0101tu m\u0101ju 100 kv.m plat\u012bb\u0101 un, ja apkures katlam ir piesl\u0113gti ar\u012b radiatori, gr\u012bdas apslides ier\u012bces un silt\u0101 \u016bdens boileris, pietiekami ir ieg\u0101d\u0101ties apkures katlu ar 15 kW jaudu.<\/p>\n\n\n\n<p>Pied\u0101v\u0101ju veikt visus sada\u013c\u0101 min\u0113tos\u00a0 granulu apkures katlu uzst\u0101d\u012b\u0161anas un apkopes darbus Siguldas un In\u010dukalna novados un R\u012bgas rajon\u0101<\/p>\n","protected":false},"excerpt":{"rendered":"<p>God\u0101tie klienti! Izv\u0113loties savas m\u0101jas apsildei kombin\u0113to granulu katlu, J\u016bs ieg\u016bstat past\u0101v\u012bgu siltuma ra\u017eo\u0161anas avotu ilgto\u0161am laika periodam, k\u0101 ar\u012b iesp\u0113ju regul\u0113t m\u0101j\u0101s eso\u0161o apkures sit\u0113mu, pa\u0161iem atrodoties \u0101rpus t\u0101s. \u0160aj\u0101 sada\u013c\u0101 past\u0101st\u012b\u0161u s\u012bk\u0101k par kombin\u0113tajiem granulu katliem &#8211; k\u0101da veida kurin\u0101mais materi\u0101ls ir izmantojams, k\u0101 tiek regul\u0113ta \u0161\u0101du katlu darb\u012bba, to apkalpo\u0161anas plusiem un <!-- more-link -->[&hellip;] <a href=\"https:\/\/baltmeistars.lv\/lv\/granulas-un-kombinetie-granulas-katli\/\" class=\"more more-link\">Las\u012bt vair\u0101k<\/a><\/p>\n","protected":false},"author":1,"featured_media":0,"parent":0,"menu_order":0,"comment_status":"closed","ping_status":"closed","template":"","meta":{"_acf_changed":false,"footnotes":""},"class_list":["post-6830","page","type-page","status-publish","hentry"],"acf":[],"yoast_head":"<!-- This site is optimized with the Yoast SEO plugin v24.5 - https:\/\/yoast.com\/wordpress\/plugins\/seo\/ -->\n<title>Granulas un kombin\u0113tie granulas katli - Baltmeistars<\/title>\n<meta name=\"robots\" content=\"index, follow, max-snippet:-1, max-image-preview:large, max-video-preview:-1\" \/>\n<link rel=\"canonical\" href=\"https:\/\/baltmeistars.lv\/lv\/granulas-un-kombinetie-granulas-katli\/\" \/>\n<meta property=\"og:locale\" content=\"lv_LV\" \/>\n<meta property=\"og:type\" content=\"article\" \/>\n<meta property=\"og:title\" content=\"Granulas un kombin\u0113tie granulas katli - Baltmeistars\" \/>\n<meta property=\"og:description\" content=\"God\u0101tie klienti! Izv\u0113loties savas m\u0101jas apsildei kombin\u0113to granulu katlu, J\u016bs ieg\u016bstat past\u0101v\u012bgu siltuma ra\u017eo\u0161anas avotu ilgto\u0161am laika periodam, k\u0101 ar\u012b iesp\u0113ju regul\u0113t m\u0101j\u0101s eso\u0161o apkures sit\u0113mu, pa\u0161iem atrodoties \u0101rpus t\u0101s. \u0160aj\u0101 sada\u013c\u0101 past\u0101st\u012b\u0161u s\u012bk\u0101k par kombin\u0113tajiem granulu katliem &#8211; k\u0101da veida kurin\u0101mais materi\u0101ls ir izmantojams, k\u0101 tiek regul\u0113ta \u0161\u0101du katlu darb\u012bba, to apkalpo\u0161anas plusiem un [&hellip;] Las\u012bt vair\u0101k\" \/>\n<meta property=\"og:url\" content=\"https:\/\/baltmeistars.lv\/lv\/granulas-un-kombinetie-granulas-katli\/\" \/>\n<meta property=\"og:site_name\" content=\"Baltmeistars\" \/>\n<meta property=\"article:modified_time\" content=\"2025-02-20T08:30:24+00:00\" \/>\n<meta property=\"og:image\" content=\"https:\/\/baltmeistars.lv\/wp-content\/uploads\/2021\/03\/katls-granulu.jpg\" \/>\n<meta name=\"twitter:card\" content=\"summary_large_image\" \/>\n<meta name=\"twitter:label1\" content=\"Est. reading time\" \/>\n\t<meta name=\"twitter:data1\" content=\"3 min\u016btes\" \/>\n<script type=\"application\/ld+json\" class=\"yoast-schema-graph\">{\"@context\":\"https:\/\/schema.org\",\"@graph\":[{\"@type\":\"WebPage\",\"@id\":\"https:\/\/baltmeistars.lv\/granulas-un-kombinetie-granulas-katli\/\",\"url\":\"https:\/\/baltmeistars.lv\/granulas-un-kombinetie-granulas-katli\/\",\"name\":\"Granulas un kombin\u0113tie granulas katli - Baltmeistars\",\"isPartOf\":{\"@id\":\"https:\/\/baltmeistars.lv\/lv\/#website\"},\"primaryImageOfPage\":{\"@id\":\"https:\/\/baltmeistars.lv\/granulas-un-kombinetie-granulas-katli\/#primaryimage\"},\"image\":{\"@id\":\"https:\/\/baltmeistars.lv\/granulas-un-kombinetie-granulas-katli\/#primaryimage\"},\"thumbnailUrl\":\"https:\/\/baltmeistars.lv\/wp-content\/uploads\/2021\/03\/katls-granulu.jpg\",\"datePublished\":\"2021-02-28T11:27:08+00:00\",\"dateModified\":\"2025-02-20T08:30:24+00:00\",\"breadcrumb\":{\"@id\":\"https:\/\/baltmeistars.lv\/granulas-un-kombinetie-granulas-katli\/#breadcrumb\"},\"inLanguage\":\"lv-LV\",\"potentialAction\":[{\"@type\":\"ReadAction\",\"target\":[\"https:\/\/baltmeistars.lv\/granulas-un-kombinetie-granulas-katli\/\"]}]},{\"@type\":\"ImageObject\",\"inLanguage\":\"lv-LV\",\"@id\":\"https:\/\/baltmeistars.lv\/granulas-un-kombinetie-granulas-katli\/#primaryimage\",\"url\":\"https:\/\/baltmeistars.lv\/wp-content\/uploads\/2021\/03\/katls-granulu.jpg\",\"contentUrl\":\"https:\/\/baltmeistars.lv\/wp-content\/uploads\/2021\/03\/katls-granulu.jpg\"},{\"@type\":\"BreadcrumbList\",\"@id\":\"https:\/\/baltmeistars.lv\/granulas-un-kombinetie-granulas-katli\/#breadcrumb\",\"itemListElement\":[{\"@type\":\"ListItem\",\"position\":1,\"name\":\"Home\",\"item\":\"https:\/\/baltmeistars.lv\/lv\/\"},{\"@type\":\"ListItem\",\"position\":2,\"name\":\"Granulas un kombin\u0113tie granulas katli\"}]},{\"@type\":\"WebSite\",\"@id\":\"https:\/\/baltmeistars.lv\/lv\/#website\",\"url\":\"https:\/\/baltmeistars.lv\/lv\/\",\"name\":\"Baltmeistars\",\"description\":\"Celtniec\u012bbas nozare\",\"alternateName\":\"Baltmeistars.lv\",\"potentialAction\":[{\"@type\":\"SearchAction\",\"target\":{\"@type\":\"EntryPoint\",\"urlTemplate\":\"https:\/\/baltmeistars.lv\/lv\/?s={search_term_string}\"},\"query-input\":{\"@type\":\"PropertyValueSpecification\",\"valueRequired\":true,\"valueName\":\"search_term_string\"}}],\"inLanguage\":\"lv-LV\"}]}<\/script>\n<!-- \/ Yoast SEO plugin. -->","yoast_head_json":{"title":"Granulas un kombin\u0113tie granulas katli - Baltmeistars","robots":{"index":"index","follow":"follow","max-snippet":"max-snippet:-1","max-image-preview":"max-image-preview:large","max-video-preview":"max-video-preview:-1"},"canonical":"https:\/\/baltmeistars.lv\/lv\/granulas-un-kombinetie-granulas-katli\/","og_locale":"lv_LV","og_type":"article","og_title":"Granulas un kombin\u0113tie granulas katli - Baltmeistars","og_description":"God\u0101tie klienti! Izv\u0113loties savas m\u0101jas apsildei kombin\u0113to granulu katlu, J\u016bs ieg\u016bstat past\u0101v\u012bgu siltuma ra\u017eo\u0161anas avotu ilgto\u0161am laika periodam, k\u0101 ar\u012b iesp\u0113ju regul\u0113t m\u0101j\u0101s eso\u0161o apkures sit\u0113mu, pa\u0161iem atrodoties \u0101rpus t\u0101s. \u0160aj\u0101 sada\u013c\u0101 past\u0101st\u012b\u0161u s\u012bk\u0101k par kombin\u0113tajiem granulu katliem &#8211; k\u0101da veida kurin\u0101mais materi\u0101ls ir izmantojams, k\u0101 tiek regul\u0113ta \u0161\u0101du katlu darb\u012bba, to apkalpo\u0161anas plusiem un [&hellip;] Las\u012bt vair\u0101k","og_url":"https:\/\/baltmeistars.lv\/lv\/granulas-un-kombinetie-granulas-katli\/","og_site_name":"Baltmeistars","article_modified_time":"2025-02-20T08:30:24+00:00","og_image":[{"url":"https:\/\/baltmeistars.lv\/wp-content\/uploads\/2021\/03\/katls-granulu.jpg","type":"","width":"","height":""}],"twitter_card":"summary_large_image","twitter_misc":{"Est. reading time":"3 min\u016btes"},"schema":{"@context":"https:\/\/schema.org","@graph":[{"@type":"WebPage","@id":"https:\/\/baltmeistars.lv\/granulas-un-kombinetie-granulas-katli\/","url":"https:\/\/baltmeistars.lv\/granulas-un-kombinetie-granulas-katli\/","name":"Granulas un kombin\u0113tie granulas katli - Baltmeistars","isPartOf":{"@id":"https:\/\/baltmeistars.lv\/lv\/#website"},"primaryImageOfPage":{"@id":"https:\/\/baltmeistars.lv\/granulas-un-kombinetie-granulas-katli\/#primaryimage"},"image":{"@id":"https:\/\/baltmeistars.lv\/granulas-un-kombinetie-granulas-katli\/#primaryimage"},"thumbnailUrl":"https:\/\/baltmeistars.lv\/wp-content\/uploads\/2021\/03\/katls-granulu.jpg","datePublished":"2021-02-28T11:27:08+00:00","dateModified":"2025-02-20T08:30:24+00:00","breadcrumb":{"@id":"https:\/\/baltmeistars.lv\/granulas-un-kombinetie-granulas-katli\/#breadcrumb"},"inLanguage":"lv-LV","potentialAction":[{"@type":"ReadAction","target":["https:\/\/baltmeistars.lv\/granulas-un-kombinetie-granulas-katli\/"]}]},{"@type":"ImageObject","inLanguage":"lv-LV","@id":"https:\/\/baltmeistars.lv\/granulas-un-kombinetie-granulas-katli\/#primaryimage","url":"https:\/\/baltmeistars.lv\/wp-content\/uploads\/2021\/03\/katls-granulu.jpg","contentUrl":"https:\/\/baltmeistars.lv\/wp-content\/uploads\/2021\/03\/katls-granulu.jpg"},{"@type":"BreadcrumbList","@id":"https:\/\/baltmeistars.lv\/granulas-un-kombinetie-granulas-katli\/#breadcrumb","itemListElement":[{"@type":"ListItem","position":1,"name":"Home","item":"https:\/\/baltmeistars.lv\/lv\/"},{"@type":"ListItem","position":2,"name":"Granulas un kombin\u0113tie granulas katli"}]},{"@type":"WebSite","@id":"https:\/\/baltmeistars.lv\/lv\/#website","url":"https:\/\/baltmeistars.lv\/lv\/","name":"Baltmeistars","description":"Celtniec\u012bbas nozare","alternateName":"Baltmeistars.lv","potentialAction":[{"@type":"SearchAction","target":{"@type":"EntryPoint","urlTemplate":"https:\/\/baltmeistars.lv\/lv\/?s={search_term_string}"},"query-input":{"@type":"PropertyValueSpecification","valueRequired":true,"valueName":"search_term_string"}}],"inLanguage":"lv-LV"}]}},"_links":{"self":[{"href":"https:\/\/baltmeistars.lv\/lv\/wp-json\/wp\/v2\/pages\/6830","targetHints":{"allow":["GET"]}}],"collection":[{"href":"https:\/\/baltmeistars.lv\/lv\/wp-json\/wp\/v2\/pages"}],"about":[{"href":"https:\/\/baltmeistars.lv\/lv\/wp-json\/wp\/v2\/types\/page"}],"author":[{"embeddable":true,"href":"https:\/\/baltmeistars.lv\/lv\/wp-json\/wp\/v2\/users\/1"}],"replies":[{"embeddable":true,"href":"https:\/\/baltmeistars.lv\/lv\/wp-json\/wp\/v2\/comments?post=6830"}],"version-history":[{"count":4,"href":"https:\/\/baltmeistars.lv\/lv\/wp-json\/wp\/v2\/pages\/6830\/revisions"}],"predecessor-version":[{"id":7282,"href":"https:\/\/baltmeistars.lv\/lv\/wp-json\/wp\/v2\/pages\/6830\/revisions\/7282"}],"wp:attachment":[{"href":"https:\/\/baltmeistars.lv\/lv\/wp-json\/wp\/v2\/media?parent=6830"}],"curies":[{"name":"wp","href":"https:\/\/api.w.org\/{rel}","templated":true}]}}