{"id":6832,"date":"2021-02-28T13:27:27","date_gmt":"2021-02-28T11:27:27","guid":{"rendered":"https:\/\/devilsecure.com\/?page_id=6832"},"modified":"2025-02-20T10:52:31","modified_gmt":"2025-02-20T08:52:31","slug":"siltas-gridas","status":"publish","type":"page","link":"https:\/\/baltmeistars.lv\/lv\/siltas-gridas\/","title":{"rendered":"Silt\u0101s gr\u012bdas"},"content":{"rendered":"\n<p>God\u0101tie klienti,<\/p>\n\n\n\n<p>Viens no priv\u0101tm\u0101jas apkures elementiem ir apsildam\u0101s gr\u012bdas. Praks\u0113 tiek izmantoti divi apsild\u0101mo gr\u012bdu ier\u012bko\u0161anas veidi \u2013 elektrisk\u0101 un \u016bdens apsild\u0101m\u0101 gr\u012bda.<\/p>\n\n\n\n<p>Elektriski apslisdam\u0101s gr\u012bdas elementi tiek kl\u0101ti uz meln\u0101s gr\u012bdas, tie tiek piesl\u0113gti pie str\u0101vas padeves avota, tiek uzst\u0101d\u012bta temperat\u016bras r\u0101d\u012bt\u0101js, kur\u0161 kontrol\u0113 gr\u012bdas apsildes darbu, un pa virsu tiek kl\u0101ts betons 2-2,5 cm biezum\u0101.T\u0101 k\u0101 elektr\u012bba ir viens no d\u0101rg\u0101kajiem siltuma padeves veidiem, \u0161\u0101das apsildes gr\u012bdas tiek ier\u012bkotas reti un \u0161\u0101ds apkures veids nav \u012bpa\u0161i popul\u0101rs.<\/p>\n\n\n\n<p>Lielu popularit\u0101ti toties ir iemantojusi apsild\u0101mo gr\u012bdu ier\u012bko\u0161ana ar siltu \u016bdens izmanto\u0161anu. Izamntojot da\u017eus m\u0101jas pamatu b\u016bvniec\u012bbas tehnologijas, \u0161\u0101du gr\u012bdu mont\u0101\u017ea var tikt veikta jau pamatu b\u016bvniec\u012bbas stadij\u0101.<\/p>\n\n\n\n<p>\u016adens apsild\u0101m\u0101 gr\u012bda var tikt iekl\u0101ta \u0101r\u012b v\u0113l\u0101k, kad m\u0101ja ir jau zem jumta un pirms iek\u0161darbu uzs\u0101k\u0161anas. Gr\u012bdas iekl\u0101\u0161anas process sast\u0101v no sekojo\u0161iem posmiem:<\/p>\n\n\n<div class=\"wp-block-image\">\n<figure class=\"alignleft size-full is-resized\"><figure id=\"attachment_7296\" class=\"alignnone full-width-mobile thin\"><img loading=\"lazy\" decoding=\"async\" width=\"552\" height=\"377\" src=\"https:\/\/baltmeistars.lv\/wp-content\/uploads\/2025\/02\/siltas-gridas-as-Smart-Object-1.jpg\" alt=\"\" class=\"wp-image-7296\" style=\"width:263px;height:auto\"\/><\/figure><\/figure>\n<\/div>\n\n\n<ul class=\"wp-block-list\">\n<li>Uz meln\u0101s gr\u012bdas tiek uzkl\u0101ts siltin\u0101mais materi\u0101ls \u2013 ektrud\u0113tais putupolistirols<\/li>\n\n\n\n<li>Pie putupolistirola virmsas tiek stiprin\u0101ta \u016bdens caurule , saska\u0146\u0101 ar apr\u0113\u0137iniem un tehniskaj\u0101 dokumnet\u0101cij\u0101 paredz\u0113to soli<\/li>\n\n\n\n<li>T\u0101l\u0101k tiek iekl\u0101ts Estrich cemneta sl\u0101nis<\/li>\n\n\n\n<li>P\u0113c cementa sl\u0101\u0146a no\u017e\u016b\u0161anas, silt\u0101s gr\u012bdas caurules tiek nopres\u0113tas, lai p\u0101rbaud\u012btu ka cauru\u013cu sienas netika boj\u0101tas<\/li>\n<\/ul>\n\n\n\n<p>Apsild\u0101m\u0101s gr\u012bdas mont\u0101\u017ea ir pabeigta, t\u0101l\u0101k to ir nepiecie\u0161ams piesl\u0113gt pie J\u016bsu m\u0101jas apkures sist\u0113mas.<\/p>\n\n\n\n<p>Veicu visa veida apsild\u0101mo gr\u012bdu ier\u012bko\u0161anas darbus Siguldas un In\u010dukalna novados un R\u012bgas rajon\u0101<\/p>\n","protected":false},"excerpt":{"rendered":"<p>God\u0101tie klienti, Viens no priv\u0101tm\u0101jas apkures elementiem ir apsildam\u0101s gr\u012bdas. Praks\u0113 tiek izmantoti divi apsild\u0101mo gr\u012bdu ier\u012bko\u0161anas veidi \u2013 elektrisk\u0101 un \u016bdens apsild\u0101m\u0101 gr\u012bda. Elektriski apslisdam\u0101s gr\u012bdas elementi tiek kl\u0101ti uz meln\u0101s gr\u012bdas, tie tiek piesl\u0113gti pie str\u0101vas padeves avota, tiek uzst\u0101d\u012bta temperat\u016bras r\u0101d\u012bt\u0101js, kur\u0161 kontrol\u0113 gr\u012bdas apsildes darbu, un pa virsu tiek kl\u0101ts betons <!-- more-link -->[&hellip;] <a href=\"https:\/\/baltmeistars.lv\/lv\/siltas-gridas\/\" class=\"more more-link\">Las\u012bt vair\u0101k<\/a><\/p>\n","protected":false},"author":1,"featured_media":0,"parent":0,"menu_order":0,"comment_status":"closed","ping_status":"closed","template":"","meta":{"_acf_changed":false,"footnotes":""},"class_list":["post-6832","page","type-page","status-publish","hentry"],"acf":[],"yoast_head":"<!-- This site is optimized with the Yoast SEO plugin v24.5 - https:\/\/yoast.com\/wordpress\/plugins\/seo\/ -->\n<title>Silt\u0101s gr\u012bdas - Baltmeistars<\/title>\n<meta name=\"robots\" content=\"index, follow, max-snippet:-1, max-image-preview:large, max-video-preview:-1\" \/>\n<link rel=\"canonical\" href=\"https:\/\/baltmeistars.lv\/lv\/siltas-gridas\/\" \/>\n<meta property=\"og:locale\" content=\"lv_LV\" \/>\n<meta property=\"og:type\" content=\"article\" \/>\n<meta property=\"og:title\" content=\"Silt\u0101s gr\u012bdas - Baltmeistars\" \/>\n<meta property=\"og:description\" content=\"God\u0101tie klienti, Viens no priv\u0101tm\u0101jas apkures elementiem ir apsildam\u0101s gr\u012bdas. Praks\u0113 tiek izmantoti divi apsild\u0101mo gr\u012bdu ier\u012bko\u0161anas veidi \u2013 elektrisk\u0101 un \u016bdens apsild\u0101m\u0101 gr\u012bda. Elektriski apslisdam\u0101s gr\u012bdas elementi tiek kl\u0101ti uz meln\u0101s gr\u012bdas, tie tiek piesl\u0113gti pie str\u0101vas padeves avota, tiek uzst\u0101d\u012bta temperat\u016bras r\u0101d\u012bt\u0101js, kur\u0161 kontrol\u0113 gr\u012bdas apsildes darbu, un pa virsu tiek kl\u0101ts betons [&hellip;] Las\u012bt vair\u0101k\" \/>\n<meta property=\"og:url\" content=\"https:\/\/baltmeistars.lv\/lv\/siltas-gridas\/\" \/>\n<meta property=\"og:site_name\" content=\"Baltmeistars\" \/>\n<meta property=\"article:modified_time\" content=\"2025-02-20T08:52:31+00:00\" \/>\n<meta property=\"og:image\" content=\"https:\/\/baltmeistars.lv\/wp-content\/uploads\/2025\/02\/siltas-gridas-as-Smart-Object-1.jpg\" \/>\n<meta name=\"twitter:card\" content=\"summary_large_image\" \/>\n<meta name=\"twitter:label1\" content=\"Est. reading time\" \/>\n\t<meta name=\"twitter:data1\" content=\"2 min\u016btes\" \/>\n<script type=\"application\/ld+json\" class=\"yoast-schema-graph\">{\"@context\":\"https:\/\/schema.org\",\"@graph\":[{\"@type\":\"WebPage\",\"@id\":\"https:\/\/baltmeistars.lv\/siltas-gridas\/\",\"url\":\"https:\/\/baltmeistars.lv\/siltas-gridas\/\",\"name\":\"Silt\u0101s gr\u012bdas - Baltmeistars\",\"isPartOf\":{\"@id\":\"https:\/\/baltmeistars.lv\/lv\/#website\"},\"primaryImageOfPage\":{\"@id\":\"https:\/\/baltmeistars.lv\/siltas-gridas\/#primaryimage\"},\"image\":{\"@id\":\"https:\/\/baltmeistars.lv\/siltas-gridas\/#primaryimage\"},\"thumbnailUrl\":\"https:\/\/baltmeistars.lv\/wp-content\/uploads\/2025\/02\/siltas-gridas-as-Smart-Object-1.jpg\",\"datePublished\":\"2021-02-28T11:27:27+00:00\",\"dateModified\":\"2025-02-20T08:52:31+00:00\",\"breadcrumb\":{\"@id\":\"https:\/\/baltmeistars.lv\/siltas-gridas\/#breadcrumb\"},\"inLanguage\":\"lv-LV\",\"potentialAction\":[{\"@type\":\"ReadAction\",\"target\":[\"https:\/\/baltmeistars.lv\/siltas-gridas\/\"]}]},{\"@type\":\"ImageObject\",\"inLanguage\":\"lv-LV\",\"@id\":\"https:\/\/baltmeistars.lv\/siltas-gridas\/#primaryimage\",\"url\":\"https:\/\/baltmeistars.lv\/wp-content\/uploads\/2025\/02\/siltas-gridas-as-Smart-Object-1.jpg\",\"contentUrl\":\"https:\/\/baltmeistars.lv\/wp-content\/uploads\/2025\/02\/siltas-gridas-as-Smart-Object-1.jpg\"},{\"@type\":\"BreadcrumbList\",\"@id\":\"https:\/\/baltmeistars.lv\/siltas-gridas\/#breadcrumb\",\"itemListElement\":[{\"@type\":\"ListItem\",\"position\":1,\"name\":\"Home\",\"item\":\"https:\/\/baltmeistars.lv\/lv\/\"},{\"@type\":\"ListItem\",\"position\":2,\"name\":\"Silt\u0101s gr\u012bdas\"}]},{\"@type\":\"WebSite\",\"@id\":\"https:\/\/baltmeistars.lv\/lv\/#website\",\"url\":\"https:\/\/baltmeistars.lv\/lv\/\",\"name\":\"Baltmeistars\",\"description\":\"Celtniec\u012bbas nozare\",\"alternateName\":\"Baltmeistars.lv\",\"potentialAction\":[{\"@type\":\"SearchAction\",\"target\":{\"@type\":\"EntryPoint\",\"urlTemplate\":\"https:\/\/baltmeistars.lv\/lv\/?s={search_term_string}\"},\"query-input\":{\"@type\":\"PropertyValueSpecification\",\"valueRequired\":true,\"valueName\":\"search_term_string\"}}],\"inLanguage\":\"lv-LV\"}]}<\/script>\n<!-- \/ Yoast SEO plugin. -->","yoast_head_json":{"title":"Silt\u0101s gr\u012bdas - Baltmeistars","robots":{"index":"index","follow":"follow","max-snippet":"max-snippet:-1","max-image-preview":"max-image-preview:large","max-video-preview":"max-video-preview:-1"},"canonical":"https:\/\/baltmeistars.lv\/lv\/siltas-gridas\/","og_locale":"lv_LV","og_type":"article","og_title":"Silt\u0101s gr\u012bdas - Baltmeistars","og_description":"God\u0101tie klienti, Viens no priv\u0101tm\u0101jas apkures elementiem ir apsildam\u0101s gr\u012bdas. Praks\u0113 tiek izmantoti divi apsild\u0101mo gr\u012bdu ier\u012bko\u0161anas veidi \u2013 elektrisk\u0101 un \u016bdens apsild\u0101m\u0101 gr\u012bda. Elektriski apslisdam\u0101s gr\u012bdas elementi tiek kl\u0101ti uz meln\u0101s gr\u012bdas, tie tiek piesl\u0113gti pie str\u0101vas padeves avota, tiek uzst\u0101d\u012bta temperat\u016bras r\u0101d\u012bt\u0101js, kur\u0161 kontrol\u0113 gr\u012bdas apsildes darbu, un pa virsu tiek kl\u0101ts betons [&hellip;] Las\u012bt vair\u0101k","og_url":"https:\/\/baltmeistars.lv\/lv\/siltas-gridas\/","og_site_name":"Baltmeistars","article_modified_time":"2025-02-20T08:52:31+00:00","og_image":[{"url":"https:\/\/baltmeistars.lv\/wp-content\/uploads\/2025\/02\/siltas-gridas-as-Smart-Object-1.jpg","type":"","width":"","height":""}],"twitter_card":"summary_large_image","twitter_misc":{"Est. reading time":"2 min\u016btes"},"schema":{"@context":"https:\/\/schema.org","@graph":[{"@type":"WebPage","@id":"https:\/\/baltmeistars.lv\/siltas-gridas\/","url":"https:\/\/baltmeistars.lv\/siltas-gridas\/","name":"Silt\u0101s gr\u012bdas - Baltmeistars","isPartOf":{"@id":"https:\/\/baltmeistars.lv\/lv\/#website"},"primaryImageOfPage":{"@id":"https:\/\/baltmeistars.lv\/siltas-gridas\/#primaryimage"},"image":{"@id":"https:\/\/baltmeistars.lv\/siltas-gridas\/#primaryimage"},"thumbnailUrl":"https:\/\/baltmeistars.lv\/wp-content\/uploads\/2025\/02\/siltas-gridas-as-Smart-Object-1.jpg","datePublished":"2021-02-28T11:27:27+00:00","dateModified":"2025-02-20T08:52:31+00:00","breadcrumb":{"@id":"https:\/\/baltmeistars.lv\/siltas-gridas\/#breadcrumb"},"inLanguage":"lv-LV","potentialAction":[{"@type":"ReadAction","target":["https:\/\/baltmeistars.lv\/siltas-gridas\/"]}]},{"@type":"ImageObject","inLanguage":"lv-LV","@id":"https:\/\/baltmeistars.lv\/siltas-gridas\/#primaryimage","url":"https:\/\/baltmeistars.lv\/wp-content\/uploads\/2025\/02\/siltas-gridas-as-Smart-Object-1.jpg","contentUrl":"https:\/\/baltmeistars.lv\/wp-content\/uploads\/2025\/02\/siltas-gridas-as-Smart-Object-1.jpg"},{"@type":"BreadcrumbList","@id":"https:\/\/baltmeistars.lv\/siltas-gridas\/#breadcrumb","itemListElement":[{"@type":"ListItem","position":1,"name":"Home","item":"https:\/\/baltmeistars.lv\/lv\/"},{"@type":"ListItem","position":2,"name":"Silt\u0101s gr\u012bdas"}]},{"@type":"WebSite","@id":"https:\/\/baltmeistars.lv\/lv\/#website","url":"https:\/\/baltmeistars.lv\/lv\/","name":"Baltmeistars","description":"Celtniec\u012bbas nozare","alternateName":"Baltmeistars.lv","potentialAction":[{"@type":"SearchAction","target":{"@type":"EntryPoint","urlTemplate":"https:\/\/baltmeistars.lv\/lv\/?s={search_term_string}"},"query-input":{"@type":"PropertyValueSpecification","valueRequired":true,"valueName":"search_term_string"}}],"inLanguage":"lv-LV"}]}},"_links":{"self":[{"href":"https:\/\/baltmeistars.lv\/lv\/wp-json\/wp\/v2\/pages\/6832","targetHints":{"allow":["GET"]}}],"collection":[{"href":"https:\/\/baltmeistars.lv\/lv\/wp-json\/wp\/v2\/pages"}],"about":[{"href":"https:\/\/baltmeistars.lv\/lv\/wp-json\/wp\/v2\/types\/page"}],"author":[{"embeddable":true,"href":"https:\/\/baltmeistars.lv\/lv\/wp-json\/wp\/v2\/users\/1"}],"replies":[{"embeddable":true,"href":"https:\/\/baltmeistars.lv\/lv\/wp-json\/wp\/v2\/comments?post=6832"}],"version-history":[{"count":5,"href":"https:\/\/baltmeistars.lv\/lv\/wp-json\/wp\/v2\/pages\/6832\/revisions"}],"predecessor-version":[{"id":7297,"href":"https:\/\/baltmeistars.lv\/lv\/wp-json\/wp\/v2\/pages\/6832\/revisions\/7297"}],"wp:attachment":[{"href":"https:\/\/baltmeistars.lv\/lv\/wp-json\/wp\/v2\/media?parent=6832"}],"curies":[{"name":"wp","href":"https:\/\/api.w.org\/{rel}","templated":true}]}}