{"id":6834,"date":"2021-02-28T13:27:53","date_gmt":"2021-02-28T11:27:53","guid":{"rendered":"https:\/\/devilsecure.com\/?page_id=6834"},"modified":"2025-02-20T10:27:07","modified_gmt":"2025-02-20T08:27:07","slug":"objektu-nodosana-ekspluatacija","status":"publish","type":"page","link":"https:\/\/baltmeistars.lv\/lv\/objektu-nodosana-ekspluatacija\/","title":{"rendered":"Ekspluat\u0101cija"},"content":{"rendered":"\n<p>God\u0101tie klienti!<\/p>\n\n\n\n<p>Lai k\u013c\u016btu par pilnties\u012bgu sava \u012bpa\u0161uma \u012bpa\u0161nieku, pirmais un galvenais nosac\u012bjums ir ieg\u016bt sav\u0101 r\u012bc\u012bb\u0101 dokumentu, kur\u0161 aplciena J\u016bsu \u012bpa\u0161umties\u012bbas. T\u0101 var b\u016bt m\u0101ja, gar\u0101\u017ea, \u0161\u0137\u016bnis, saimniec\u012bbas \u0113ka vai pirts. \u012apa\u0161umu ir nepiecie\u0161ams re\u0123istr\u0113t Zemesgr\u0101mat\u0101, kur tam pie\u0161\u0137ir kadastr\u0101lo numuru, kas apliecina b\u016bves statusu<\/p>\n\n\n\n<p>Lau apliecin\u0101tu uzcelt\u0101 \u012bpa\u0161uma ofici\u0101lo statusu, Jums b\u016bs nepiecie\u0161ams<\/p>\n\n\n\n<ul class=\"wp-block-list\">\n<li>Izstr\u0101d\u0101ta m\u0101jas projekta dokument\u0101cija<\/li>\n\n\n\n<li>Izsniegta b\u016bvat\u013cauja<\/li>\n\n\n\n<li>Veikt pa\u0161as m\u0101jas celtniec\u012bbu<\/li>\n\n\n\n<li>Nodot uzcelto objektu ekspluat\u0101cij\u0101<\/li>\n<\/ul>\n\n\n\n<p>Min\u0113tais process ir diezgan sare\u017e\u0123\u012bts, prasa iev\u0113rojamus finansi\u0101lus ieguld\u012bjumus un laiku.Projekta dokument\u0101ciju izstr\u0101d\u0101 sertific\u0113ts arhitekts un \u0161is process sast\u0101v no vair\u0101kiem etapiem, kuros piedal\u0101s ar\u012b cita profila sertific\u0113ti spci\u0101listi, kuri v\u0113l\u0101k garant\u0113 kvalitat\u012bvu izstr\u0101d\u0101t\u0101 projekta realiz\u0101ciju un procesa nove\u0161anu l\u012bdz b\u016bvat\u013caujas sa\u0146em\u0161anai.<\/p>\n\n\n\n<p>\u0160\u0101di sec\u012bgi izskat\u0101s projekt\u0113\u0161anas un sagatavo\u0161anas darbu process l\u012bdz celtniec\u012bbas uzs\u0101k\u0161anai<\/p>\n\n\n\n<ul class=\"wp-block-list\">\n<li>Topogr\u0101fija<\/li>\n\n\n\n<li>\u0122eolo\u0123ija<\/li>\n\n\n\n<li>\u0122ener\u0101lpl\u0101ns<\/li>\n\n\n\n<li>Arhitekt\u016bras projekts<\/li>\n\n\n\n<li>Konstrukt\u012bv\u0101 da\u013ca<\/li>\n\n\n\n<li>Saska\u0146o\u0161ana ar b\u016bvvaldi<\/li>\n\n\n\n<li>B\u016bvat\u013caujas sa\u0146em\u0161ana<\/li>\n<\/ul>\n\n\n\n<p>P\u0113c celtniec\u012bbas darbu pabeig\u0161anas, atliek v\u0113l p\u0113d\u0113jais posms \u2013 J\u016bsu objekta nodo\u0161ana ekspluat\u0101cij\u0101.<\/p>\n\n\n\n<p>Pied\u0101v\u0101ju konsult\u0101cijas un darb\u012bbas pl\u0101na sagatavo\u0161anu dokument\u0101cijas sagatavo\u0161anai un objekta nodo\u0161anai eksluat\u0101cij\u0101 Siguldas un In\u010dukalna novados un R\u012bgas rajon\u0101.<\/p>\n","protected":false},"excerpt":{"rendered":"<p>God\u0101tie klienti! Lai k\u013c\u016btu par pilnties\u012bgu sava \u012bpa\u0161uma \u012bpa\u0161nieku, pirmais un galvenais nosac\u012bjums ir ieg\u016bt sav\u0101 r\u012bc\u012bb\u0101 dokumentu, kur\u0161 aplciena J\u016bsu \u012bpa\u0161umties\u012bbas. T\u0101 var b\u016bt m\u0101ja, gar\u0101\u017ea, \u0161\u0137\u016bnis, saimniec\u012bbas \u0113ka vai pirts. \u012apa\u0161umu ir nepiecie\u0161ams re\u0123istr\u0113t Zemesgr\u0101mat\u0101, kur tam pie\u0161\u0137ir kadastr\u0101lo numuru, kas apliecina b\u016bves statusu Lau apliecin\u0101tu uzcelt\u0101 \u012bpa\u0161uma ofici\u0101lo statusu, Jums b\u016bs nepiecie\u0161ams <!-- more-link -->[&hellip;] <a href=\"https:\/\/baltmeistars.lv\/lv\/objektu-nodosana-ekspluatacija\/\" class=\"more more-link\">Las\u012bt vair\u0101k<\/a><\/p>\n","protected":false},"author":1,"featured_media":0,"parent":0,"menu_order":0,"comment_status":"closed","ping_status":"closed","template":"","meta":{"_acf_changed":false,"footnotes":""},"class_list":["post-6834","page","type-page","status-publish","hentry"],"acf":[],"yoast_head":"<!-- This site is optimized with the Yoast SEO plugin v24.5 - https:\/\/yoast.com\/wordpress\/plugins\/seo\/ -->\n<title>Ekspluat\u0101cija - Baltmeistars<\/title>\n<meta name=\"robots\" content=\"index, follow, max-snippet:-1, max-image-preview:large, max-video-preview:-1\" \/>\n<link rel=\"canonical\" href=\"https:\/\/baltmeistars.lv\/lv\/objektu-nodosana-ekspluatacija\/\" \/>\n<meta property=\"og:locale\" content=\"lv_LV\" \/>\n<meta property=\"og:type\" content=\"article\" \/>\n<meta property=\"og:title\" content=\"Ekspluat\u0101cija - Baltmeistars\" \/>\n<meta property=\"og:description\" content=\"God\u0101tie klienti! Lai k\u013c\u016btu par pilnties\u012bgu sava \u012bpa\u0161uma \u012bpa\u0161nieku, pirmais un galvenais nosac\u012bjums ir ieg\u016bt sav\u0101 r\u012bc\u012bb\u0101 dokumentu, kur\u0161 aplciena J\u016bsu \u012bpa\u0161umties\u012bbas. T\u0101 var b\u016bt m\u0101ja, gar\u0101\u017ea, \u0161\u0137\u016bnis, saimniec\u012bbas \u0113ka vai pirts. \u012apa\u0161umu ir nepiecie\u0161ams re\u0123istr\u0113t Zemesgr\u0101mat\u0101, kur tam pie\u0161\u0137ir kadastr\u0101lo numuru, kas apliecina b\u016bves statusu Lau apliecin\u0101tu uzcelt\u0101 \u012bpa\u0161uma ofici\u0101lo statusu, Jums b\u016bs nepiecie\u0161ams [&hellip;] Las\u012bt vair\u0101k\" \/>\n<meta property=\"og:url\" content=\"https:\/\/baltmeistars.lv\/lv\/objektu-nodosana-ekspluatacija\/\" \/>\n<meta property=\"og:site_name\" content=\"Baltmeistars\" \/>\n<meta property=\"article:modified_time\" content=\"2025-02-20T08:27:07+00:00\" \/>\n<meta name=\"twitter:card\" content=\"summary_large_image\" \/>\n<meta name=\"twitter:label1\" content=\"Est. reading time\" \/>\n\t<meta name=\"twitter:data1\" content=\"1 min\u016bte\" \/>\n<script type=\"application\/ld+json\" class=\"yoast-schema-graph\">{\"@context\":\"https:\/\/schema.org\",\"@graph\":[{\"@type\":\"WebPage\",\"@id\":\"https:\/\/baltmeistars.lv\/objektu-nodosana-ekspluatacija\/\",\"url\":\"https:\/\/baltmeistars.lv\/objektu-nodosana-ekspluatacija\/\",\"name\":\"Ekspluat\u0101cija - Baltmeistars\",\"isPartOf\":{\"@id\":\"https:\/\/baltmeistars.lv\/lv\/#website\"},\"datePublished\":\"2021-02-28T11:27:53+00:00\",\"dateModified\":\"2025-02-20T08:27:07+00:00\",\"breadcrumb\":{\"@id\":\"https:\/\/baltmeistars.lv\/objektu-nodosana-ekspluatacija\/#breadcrumb\"},\"inLanguage\":\"lv-LV\",\"potentialAction\":[{\"@type\":\"ReadAction\",\"target\":[\"https:\/\/baltmeistars.lv\/objektu-nodosana-ekspluatacija\/\"]}]},{\"@type\":\"BreadcrumbList\",\"@id\":\"https:\/\/baltmeistars.lv\/objektu-nodosana-ekspluatacija\/#breadcrumb\",\"itemListElement\":[{\"@type\":\"ListItem\",\"position\":1,\"name\":\"Home\",\"item\":\"https:\/\/baltmeistars.lv\/lv\/\"},{\"@type\":\"ListItem\",\"position\":2,\"name\":\"Ekspluat\u0101cija\"}]},{\"@type\":\"WebSite\",\"@id\":\"https:\/\/baltmeistars.lv\/lv\/#website\",\"url\":\"https:\/\/baltmeistars.lv\/lv\/\",\"name\":\"Baltmeistars\",\"description\":\"Celtniec\u012bbas nozare\",\"alternateName\":\"Baltmeistars.lv\",\"potentialAction\":[{\"@type\":\"SearchAction\",\"target\":{\"@type\":\"EntryPoint\",\"urlTemplate\":\"https:\/\/baltmeistars.lv\/lv\/?s={search_term_string}\"},\"query-input\":{\"@type\":\"PropertyValueSpecification\",\"valueRequired\":true,\"valueName\":\"search_term_string\"}}],\"inLanguage\":\"lv-LV\"}]}<\/script>\n<!-- \/ Yoast SEO plugin. -->","yoast_head_json":{"title":"Ekspluat\u0101cija - Baltmeistars","robots":{"index":"index","follow":"follow","max-snippet":"max-snippet:-1","max-image-preview":"max-image-preview:large","max-video-preview":"max-video-preview:-1"},"canonical":"https:\/\/baltmeistars.lv\/lv\/objektu-nodosana-ekspluatacija\/","og_locale":"lv_LV","og_type":"article","og_title":"Ekspluat\u0101cija - Baltmeistars","og_description":"God\u0101tie klienti! Lai k\u013c\u016btu par pilnties\u012bgu sava \u012bpa\u0161uma \u012bpa\u0161nieku, pirmais un galvenais nosac\u012bjums ir ieg\u016bt sav\u0101 r\u012bc\u012bb\u0101 dokumentu, kur\u0161 aplciena J\u016bsu \u012bpa\u0161umties\u012bbas. T\u0101 var b\u016bt m\u0101ja, gar\u0101\u017ea, \u0161\u0137\u016bnis, saimniec\u012bbas \u0113ka vai pirts. \u012apa\u0161umu ir nepiecie\u0161ams re\u0123istr\u0113t Zemesgr\u0101mat\u0101, kur tam pie\u0161\u0137ir kadastr\u0101lo numuru, kas apliecina b\u016bves statusu Lau apliecin\u0101tu uzcelt\u0101 \u012bpa\u0161uma ofici\u0101lo statusu, Jums b\u016bs nepiecie\u0161ams [&hellip;] Las\u012bt vair\u0101k","og_url":"https:\/\/baltmeistars.lv\/lv\/objektu-nodosana-ekspluatacija\/","og_site_name":"Baltmeistars","article_modified_time":"2025-02-20T08:27:07+00:00","twitter_card":"summary_large_image","twitter_misc":{"Est. reading time":"1 min\u016bte"},"schema":{"@context":"https:\/\/schema.org","@graph":[{"@type":"WebPage","@id":"https:\/\/baltmeistars.lv\/objektu-nodosana-ekspluatacija\/","url":"https:\/\/baltmeistars.lv\/objektu-nodosana-ekspluatacija\/","name":"Ekspluat\u0101cija - Baltmeistars","isPartOf":{"@id":"https:\/\/baltmeistars.lv\/lv\/#website"},"datePublished":"2021-02-28T11:27:53+00:00","dateModified":"2025-02-20T08:27:07+00:00","breadcrumb":{"@id":"https:\/\/baltmeistars.lv\/objektu-nodosana-ekspluatacija\/#breadcrumb"},"inLanguage":"lv-LV","potentialAction":[{"@type":"ReadAction","target":["https:\/\/baltmeistars.lv\/objektu-nodosana-ekspluatacija\/"]}]},{"@type":"BreadcrumbList","@id":"https:\/\/baltmeistars.lv\/objektu-nodosana-ekspluatacija\/#breadcrumb","itemListElement":[{"@type":"ListItem","position":1,"name":"Home","item":"https:\/\/baltmeistars.lv\/lv\/"},{"@type":"ListItem","position":2,"name":"Ekspluat\u0101cija"}]},{"@type":"WebSite","@id":"https:\/\/baltmeistars.lv\/lv\/#website","url":"https:\/\/baltmeistars.lv\/lv\/","name":"Baltmeistars","description":"Celtniec\u012bbas nozare","alternateName":"Baltmeistars.lv","potentialAction":[{"@type":"SearchAction","target":{"@type":"EntryPoint","urlTemplate":"https:\/\/baltmeistars.lv\/lv\/?s={search_term_string}"},"query-input":{"@type":"PropertyValueSpecification","valueRequired":true,"valueName":"search_term_string"}}],"inLanguage":"lv-LV"}]}},"_links":{"self":[{"href":"https:\/\/baltmeistars.lv\/lv\/wp-json\/wp\/v2\/pages\/6834","targetHints":{"allow":["GET"]}}],"collection":[{"href":"https:\/\/baltmeistars.lv\/lv\/wp-json\/wp\/v2\/pages"}],"about":[{"href":"https:\/\/baltmeistars.lv\/lv\/wp-json\/wp\/v2\/types\/page"}],"author":[{"embeddable":true,"href":"https:\/\/baltmeistars.lv\/lv\/wp-json\/wp\/v2\/users\/1"}],"replies":[{"embeddable":true,"href":"https:\/\/baltmeistars.lv\/lv\/wp-json\/wp\/v2\/comments?post=6834"}],"version-history":[{"count":7,"href":"https:\/\/baltmeistars.lv\/lv\/wp-json\/wp\/v2\/pages\/6834\/revisions"}],"predecessor-version":[{"id":7280,"href":"https:\/\/baltmeistars.lv\/lv\/wp-json\/wp\/v2\/pages\/6834\/revisions\/7280"}],"wp:attachment":[{"href":"https:\/\/baltmeistars.lv\/lv\/wp-json\/wp\/v2\/media?parent=6834"}],"curies":[{"name":"wp","href":"https:\/\/api.w.org\/{rel}","templated":true}]}}