{"id":6836,"date":"2021-02-28T13:28:11","date_gmt":"2021-02-28T11:28:11","guid":{"rendered":"https:\/\/devilsecure.com\/?page_id=6836"},"modified":"2025-02-20T10:32:41","modified_gmt":"2025-02-20T08:32:41","slug":"jaunbuves","status":"publish","type":"page","link":"https:\/\/baltmeistars.lv\/lv\/jaunbuves\/","title":{"rendered":"Jaunb\u016bves"},"content":{"rendered":"\n<p>God\u0101tie klienti,<\/p>\n\n\n\n<p>P\u0113c celtniec\u012bbas darbu pabeig\u0161anas, atliek v\u0113l viens svar\u012bgs etaps&nbsp; J\u016bsu m\u0101jas cletniec\u012bbas v\u0113stur\u0113 \u2013 objekta nodo\u0161ana ekspluat\u0101cij\u0101.Ja J\u016bs izstr\u0101d\u0101j\u0101t projektu un veic\u0101t jaunas m\u0101jas buvniec\u012bbu vai ar\u012b \u012bstenoj\u0101t m\u0101jas p\u0101rb\u016bves projektu un visi darbi tika veikti saska\u0146\u0101 ar projekta dokumentaciju, tad Jums nerad\u012bsies nek\u0101di sarez\u0123\u012bjumi objekta nodo\u0161an\u0101 ekspluat\u0101cij\u0101.<\/p>\n\n\n\n<p>Lai nodotu m\u0101ju ekspluat\u0101cij\u0101 Jums b\u016bs nepiecie\u0161ams sav\u0101kt sekojo\u0161u dokumentu paketi, kuru iesniegt savas pa\u0161vald\u012bbas b\u016bvvald\u0113:<\/p>\n\n\n\n<ul class=\"wp-block-list\">\n<li>Apliecin\u0101jums par m\u0101jas gatav\u012bbu\/pabeigt\u012bbu. \u0160o dokumentu J\u016bs aizpildat kop\u0101 ar celtniec\u012bbas inspektoru.<\/li>\n\n\n\n<li>Tehnisk\u0101s inventarizacijas lieta. \u0160\u012b dokemnta sagatvo\u0161anu J\u016bs pas\u016btat Zemesgr\u0101matas dienest\u0101.<\/li>\n\n\n\n<li>Izpildpl\u0101ns, kuru apsiprina \u0123eod\u0113zijas centrs<\/li>\n\n\n\n<li>Sertific\u0113ta skurste\u0146slau\u0137a sl\u0113dziens par d\u016bmvadu st\u0101vokli un atbilst\u012bbu.<\/li>\n\n\n\n<li>Sertific\u0113ta elektri\u0137a sl\u0113dziens par elektroinstal\u0101ciju atbilst\u012bbu sp\u0113k\u0101 eso\u0161aj\u0101m norm\u0101m.<\/li>\n\n\n\n<li>Pagaidu \u0113kas energoefektivit\u0101tes sertifik\u0101ts<\/li>\n\n\n\n<li>Iesniegums par decentraliz\u0113tas (viet\u0113j\u0101s kanaliz\u0101cijas) sist\u0113mas ier\u012bkosanu. \u0160is nosac\u012bjums attiecas uz objektiem, kuri nav vai nevar tikt piesl\u0113gti centr\u0101lajai kanaliz\u0101cijas sist\u0113mai.<\/li>\n\n\n\n<li>Uz \u0113kas fas\u0101des ir j\u0101b\u016bt piestiprin\u0101tai noteiktaj\u0101m norm\u0101m atbilsto\u0161ai m\u0101jas numura z\u012bmei, karoga k\u0101tam un pastkast\u012btei.<\/li>\n\n\n\n<li>Pirms iesnieguma iesnieg\u0161anas par nodo\u0161anu ekspluat\u0101cij\u0101 ir j\u0101nomaks\u0101 noteikt\u0101 valsts nodeva<\/li>\n<\/ul>\n\n\n\n<p>Kad ir sagatvoti visi augst\u0101kmin\u0113tie dokumenti, J\u016bs iesniedzat tos b\u016bvvald\u0113 un p\u0113c objekta pie\u0146em\u0161anas ekspluat\u0101cij\u0101, Jums tiek izniegts apstiprino\u0161s dokuments. Uz \u0161\u012b dokumenta pamata zv\u0113rin\u0101ts not\u0101rs sagatvo nostiprin\u0101juma l\u016bgumu par datu re\u0123istr\u0101ciju valsts re\u0123istr\u0101 un tad Jums tiks iezniegta Zemesgr\u0101matu apliec\u012bba ar J\u016bsu objektam pie\u0161\u0137iru kadasta numuru.<\/p>\n\n\n\n<p>Pied\u0101v\u0101ju sniegt atbalstu un konsult\u0101cijas sada\u013c\u0101 min\u0113t\u0101 procesa laik\u0101 Siguldas un In\u010dukalna novados un R\u012bgas rajon\u0101.<\/p>\n","protected":false},"excerpt":{"rendered":"<p>God\u0101tie klienti, P\u0113c celtniec\u012bbas darbu pabeig\u0161anas, atliek v\u0113l viens svar\u012bgs etaps&nbsp; J\u016bsu m\u0101jas cletniec\u012bbas v\u0113stur\u0113 \u2013 objekta nodo\u0161ana ekspluat\u0101cij\u0101.Ja J\u016bs izstr\u0101d\u0101j\u0101t projektu un veic\u0101t jaunas m\u0101jas buvniec\u012bbu vai ar\u012b \u012bstenoj\u0101t m\u0101jas p\u0101rb\u016bves projektu un visi darbi tika veikti saska\u0146\u0101 ar projekta dokumentaciju, tad Jums nerad\u012bsies nek\u0101di sarez\u0123\u012bjumi objekta nodo\u0161an\u0101 ekspluat\u0101cij\u0101. Lai nodotu m\u0101ju ekspluat\u0101cij\u0101 Jums <!-- more-link -->[&hellip;] <a href=\"https:\/\/baltmeistars.lv\/lv\/jaunbuves\/\" class=\"more more-link\">Las\u012bt vair\u0101k<\/a><\/p>\n","protected":false},"author":1,"featured_media":0,"parent":0,"menu_order":0,"comment_status":"closed","ping_status":"closed","template":"","meta":{"_acf_changed":false,"footnotes":""},"class_list":["post-6836","page","type-page","status-publish","hentry"],"acf":[],"yoast_head":"<!-- This site is optimized with the Yoast SEO plugin v24.5 - https:\/\/yoast.com\/wordpress\/plugins\/seo\/ -->\n<title>Jaunb\u016bves - Baltmeistars<\/title>\n<meta name=\"robots\" content=\"index, follow, max-snippet:-1, max-image-preview:large, max-video-preview:-1\" \/>\n<link rel=\"canonical\" href=\"https:\/\/baltmeistars.lv\/lv\/jaunbuves\/\" \/>\n<meta property=\"og:locale\" content=\"lv_LV\" \/>\n<meta property=\"og:type\" content=\"article\" \/>\n<meta property=\"og:title\" content=\"Jaunb\u016bves - Baltmeistars\" \/>\n<meta property=\"og:description\" content=\"God\u0101tie klienti, P\u0113c celtniec\u012bbas darbu pabeig\u0161anas, atliek v\u0113l viens svar\u012bgs etaps&nbsp; J\u016bsu m\u0101jas cletniec\u012bbas v\u0113stur\u0113 \u2013 objekta nodo\u0161ana ekspluat\u0101cij\u0101.Ja J\u016bs izstr\u0101d\u0101j\u0101t projektu un veic\u0101t jaunas m\u0101jas buvniec\u012bbu vai ar\u012b \u012bstenoj\u0101t m\u0101jas p\u0101rb\u016bves projektu un visi darbi tika veikti saska\u0146\u0101 ar projekta dokumentaciju, tad Jums nerad\u012bsies nek\u0101di sarez\u0123\u012bjumi objekta nodo\u0161an\u0101 ekspluat\u0101cij\u0101. Lai nodotu m\u0101ju ekspluat\u0101cij\u0101 Jums [&hellip;] Las\u012bt vair\u0101k\" \/>\n<meta property=\"og:url\" content=\"https:\/\/baltmeistars.lv\/lv\/jaunbuves\/\" \/>\n<meta property=\"og:site_name\" content=\"Baltmeistars\" \/>\n<meta property=\"article:modified_time\" content=\"2025-02-20T08:32:41+00:00\" \/>\n<meta name=\"twitter:card\" content=\"summary_large_image\" \/>\n<meta name=\"twitter:label1\" content=\"Est. reading time\" \/>\n\t<meta name=\"twitter:data1\" content=\"1 min\u016bte\" \/>\n<script type=\"application\/ld+json\" class=\"yoast-schema-graph\">{\"@context\":\"https:\/\/schema.org\",\"@graph\":[{\"@type\":\"WebPage\",\"@id\":\"https:\/\/baltmeistars.lv\/jaunbuves\/\",\"url\":\"https:\/\/baltmeistars.lv\/jaunbuves\/\",\"name\":\"Jaunb\u016bves - Baltmeistars\",\"isPartOf\":{\"@id\":\"https:\/\/baltmeistars.lv\/lv\/#website\"},\"datePublished\":\"2021-02-28T11:28:11+00:00\",\"dateModified\":\"2025-02-20T08:32:41+00:00\",\"breadcrumb\":{\"@id\":\"https:\/\/baltmeistars.lv\/jaunbuves\/#breadcrumb\"},\"inLanguage\":\"lv-LV\",\"potentialAction\":[{\"@type\":\"ReadAction\",\"target\":[\"https:\/\/baltmeistars.lv\/jaunbuves\/\"]}]},{\"@type\":\"BreadcrumbList\",\"@id\":\"https:\/\/baltmeistars.lv\/jaunbuves\/#breadcrumb\",\"itemListElement\":[{\"@type\":\"ListItem\",\"position\":1,\"name\":\"Home\",\"item\":\"https:\/\/baltmeistars.lv\/lv\/\"},{\"@type\":\"ListItem\",\"position\":2,\"name\":\"Jaunb\u016bves\"}]},{\"@type\":\"WebSite\",\"@id\":\"https:\/\/baltmeistars.lv\/lv\/#website\",\"url\":\"https:\/\/baltmeistars.lv\/lv\/\",\"name\":\"Baltmeistars\",\"description\":\"Celtniec\u012bbas nozare\",\"alternateName\":\"Baltmeistars.lv\",\"potentialAction\":[{\"@type\":\"SearchAction\",\"target\":{\"@type\":\"EntryPoint\",\"urlTemplate\":\"https:\/\/baltmeistars.lv\/lv\/?s={search_term_string}\"},\"query-input\":{\"@type\":\"PropertyValueSpecification\",\"valueRequired\":true,\"valueName\":\"search_term_string\"}}],\"inLanguage\":\"lv-LV\"}]}<\/script>\n<!-- \/ Yoast SEO plugin. -->","yoast_head_json":{"title":"Jaunb\u016bves - Baltmeistars","robots":{"index":"index","follow":"follow","max-snippet":"max-snippet:-1","max-image-preview":"max-image-preview:large","max-video-preview":"max-video-preview:-1"},"canonical":"https:\/\/baltmeistars.lv\/lv\/jaunbuves\/","og_locale":"lv_LV","og_type":"article","og_title":"Jaunb\u016bves - Baltmeistars","og_description":"God\u0101tie klienti, P\u0113c celtniec\u012bbas darbu pabeig\u0161anas, atliek v\u0113l viens svar\u012bgs etaps&nbsp; J\u016bsu m\u0101jas cletniec\u012bbas v\u0113stur\u0113 \u2013 objekta nodo\u0161ana ekspluat\u0101cij\u0101.Ja J\u016bs izstr\u0101d\u0101j\u0101t projektu un veic\u0101t jaunas m\u0101jas buvniec\u012bbu vai ar\u012b \u012bstenoj\u0101t m\u0101jas p\u0101rb\u016bves projektu un visi darbi tika veikti saska\u0146\u0101 ar projekta dokumentaciju, tad Jums nerad\u012bsies nek\u0101di sarez\u0123\u012bjumi objekta nodo\u0161an\u0101 ekspluat\u0101cij\u0101. Lai nodotu m\u0101ju ekspluat\u0101cij\u0101 Jums [&hellip;] Las\u012bt vair\u0101k","og_url":"https:\/\/baltmeistars.lv\/lv\/jaunbuves\/","og_site_name":"Baltmeistars","article_modified_time":"2025-02-20T08:32:41+00:00","twitter_card":"summary_large_image","twitter_misc":{"Est. reading time":"1 min\u016bte"},"schema":{"@context":"https:\/\/schema.org","@graph":[{"@type":"WebPage","@id":"https:\/\/baltmeistars.lv\/jaunbuves\/","url":"https:\/\/baltmeistars.lv\/jaunbuves\/","name":"Jaunb\u016bves - Baltmeistars","isPartOf":{"@id":"https:\/\/baltmeistars.lv\/lv\/#website"},"datePublished":"2021-02-28T11:28:11+00:00","dateModified":"2025-02-20T08:32:41+00:00","breadcrumb":{"@id":"https:\/\/baltmeistars.lv\/jaunbuves\/#breadcrumb"},"inLanguage":"lv-LV","potentialAction":[{"@type":"ReadAction","target":["https:\/\/baltmeistars.lv\/jaunbuves\/"]}]},{"@type":"BreadcrumbList","@id":"https:\/\/baltmeistars.lv\/jaunbuves\/#breadcrumb","itemListElement":[{"@type":"ListItem","position":1,"name":"Home","item":"https:\/\/baltmeistars.lv\/lv\/"},{"@type":"ListItem","position":2,"name":"Jaunb\u016bves"}]},{"@type":"WebSite","@id":"https:\/\/baltmeistars.lv\/lv\/#website","url":"https:\/\/baltmeistars.lv\/lv\/","name":"Baltmeistars","description":"Celtniec\u012bbas nozare","alternateName":"Baltmeistars.lv","potentialAction":[{"@type":"SearchAction","target":{"@type":"EntryPoint","urlTemplate":"https:\/\/baltmeistars.lv\/lv\/?s={search_term_string}"},"query-input":{"@type":"PropertyValueSpecification","valueRequired":true,"valueName":"search_term_string"}}],"inLanguage":"lv-LV"}]}},"_links":{"self":[{"href":"https:\/\/baltmeistars.lv\/lv\/wp-json\/wp\/v2\/pages\/6836","targetHints":{"allow":["GET"]}}],"collection":[{"href":"https:\/\/baltmeistars.lv\/lv\/wp-json\/wp\/v2\/pages"}],"about":[{"href":"https:\/\/baltmeistars.lv\/lv\/wp-json\/wp\/v2\/types\/page"}],"author":[{"embeddable":true,"href":"https:\/\/baltmeistars.lv\/lv\/wp-json\/wp\/v2\/users\/1"}],"replies":[{"embeddable":true,"href":"https:\/\/baltmeistars.lv\/lv\/wp-json\/wp\/v2\/comments?post=6836"}],"version-history":[{"count":4,"href":"https:\/\/baltmeistars.lv\/lv\/wp-json\/wp\/v2\/pages\/6836\/revisions"}],"predecessor-version":[{"id":7286,"href":"https:\/\/baltmeistars.lv\/lv\/wp-json\/wp\/v2\/pages\/6836\/revisions\/7286"}],"wp:attachment":[{"href":"https:\/\/baltmeistars.lv\/lv\/wp-json\/wp\/v2\/media?parent=6836"}],"curies":[{"name":"wp","href":"https:\/\/api.w.org\/{rel}","templated":true}]}}