{"id":6838,"date":"2021-02-28T13:28:41","date_gmt":"2021-02-28T11:28:41","guid":{"rendered":"https:\/\/devilsecure.com\/?page_id=6838"},"modified":"2025-02-20T10:29:49","modified_gmt":"2025-02-20T08:29:49","slug":"esosas-buves-vasarnicas-pirtis-skuni","status":"publish","type":"page","link":"https:\/\/baltmeistars.lv\/lv\/esosas-buves-vasarnicas-pirtis-skuni\/","title":{"rendered":"Eso\u0161as b\u016bves, vasarn\u012bcas, pirtis, \u0161\u0137\u016b\u0146i"},"content":{"rendered":"\n<p>God\u0101tie klienti!<\/p>\n\n\n\n<p>&nbsp;\u201cProblem\u0101tisks\u201d eso\u0161s nekustamais \u012bpa\u0161ums, ar kura nodo\u0161anu ekspluat\u0101cij\u0101 var rasties sare\u017e\u0123\u012bjumi, izskat\u0101s \u0161\u0101di:<\/p>\n\n\n\n<ul class=\"wp-block-list\">\n<li>\u0112kas vai t\u0101m piegu\u013co\u0161\u0101s \u0113kas\/pieb\u016bves. Kuras ir tiku\u0161as uzceltas vair\u0101k k\u0101 pirms 8 gadiem, pamatojoties uz reiz izstr\u0101d\u0101tu un apstiprin\u0101tu projektu, ta\u010du b\u016bvat\u013cauja nav tikusi pagarin\u0101ta un nav veikta nek\u0101da komunik\u0101cija ar attiec\u012bg\u0101s pa\u0161vald\u012bbas b\u016bvvaldi<\/li>\n\n\n\n<li>Vasarn\u012bcas un d\u0101rza m\u0101jas. Ar t\u0101m piegu\u013co\u0161\u0101m celtn\u0113m, kuras celtas vair\u0101k k\u0101 pirms 10-20 gadiem, pamatojoties uz reiz izstr\u0101d\u0101tu un apstiprin\u0101tu projektu, un v\u0113l\u0101k gadu gait\u0101 tiku\u0161as rekonstru\u0113tas, p\u0101rb\u016bv\u0113tas vai papla\u0161in\u0101tas, ne\u0146emot v\u0113r\u0101 sp\u0113k\u0101 eso\u0161\u0101s celtniec\u012bbas normas un noteikumus<\/li>\n\n\n\n<li>Vasarn\u012bcas un d\u0101rza m\u0101jas. Ar t\u0101m piegu\u013co\u0161\u0101m celtn\u0113m, kas cetas bez jebk\u0101das attiec\u012bgas dokument\u0101cijas un at\u013caujas (patva\u013c\u012bga b\u016bvniec\u012bba)<\/li>\n<\/ul>\n\n\n\n<p>Liel\u0101k\u0101 da\u013ca \u0161\u0101du objektu atrodas biju\u0161aj\u0101s vai joproj\u0101m eso\u0161aj\u0101s D\u0101rzkop\u012bbas sabiedr\u012bb\u0101s, piem. Siguldas un In\u010dukalna pa\u0161vald\u012bbas p\u0101rvald\u012bb\u0101 eso\u0161\u0101 Eg\u013cup\u0113; D\/S Alla\u017ei; D\/S Draudz\u012bba; D\/S K\u013cavas.&nbsp; Liel\u0101k\u0101 da\u013ca celtniec\u012bbas \u0161eit tika uzs\u0101kta jau 80-gados. Da\u013cu no objektiem veido \u0113kas, kuras tika celtas l\u012bdz 2008. Gada kr\u012bzei<\/p>\n\n\n\n<p>Ar ko tad n\u0101ksies saskarties \u0161\u0101du nekustamo \u012bpa\u0161umu pirc\u0113jiem. Ko zaud\u0113 vai ar k\u0101d\u0101m probl\u0113m\u0101m saskaras to \u012bpa\u0161nieki, v\u0113loties p\u0101rdot tos?<\/p>\n\n\n\n<ul class=\"wp-block-list\">\n<li>Zemes gabala ieg\u0101de ar uz t\u0101 uzceltu, bet ekpluat\u0101cij\u0101 nenodotu m\u0101ju ir tas pats, kas \u201cpirkt ka\u0137i mais\u0101\u201d. \u0160aj\u0101 gad\u012bjum\u0101 noz\u012bmes pat nav tam kad un cik leg\u0101la ir bijusi \u0113kas celtniec\u012bba. Iesp\u0113ja nodot \u0161\u0101du m\u0101ju ekspluat\u0101cij\u0101, protams, ir, ta\u010du procesa izmaksas un termi\u0146i var b\u016bt neparedzami. Praks\u0113 ir biju\u0161i gad\u012bjumi, ka m\u0101jas jaunie \u012bpa\u0161nieki ir biju\u0161i spiesti nojaukt jau eso\u0161o \u0113ku un&nbsp; s\u0101kt visu m\u0101jas projekt\u0113\u0161anas un celtniec\u012bbas procesu no nulles. Pirms oficial\u0101s un faktisk\u0101s \u0113kas nodo\u0161anas ekpluat\u0101cij\u0101 attiec\u012bg\u0101s pa\u0161vald\u012bbas b\u016bvinspektors person\u012bgi apseko objektu un pie\u0146em l\u0113mumu par t\u0101 gatav\u012bbu nodo\u0161anai ekpluat\u0101cij\u0101.Pat nelielas at\u0161\u0137ir\u012bbas dab\u0101 sal\u012bdzin\u0101jum\u0101 ar projekt\u0113\u0161anas dokumentos paredz\u0113to var uz laiku aptur\u0113t vai paildzin\u0101t \u0113kas nodo\u0161anu ekpluat\u0101cij\u0101. T\u0101d\u0113\u013c, pirms pie\u0146emat l\u0113mumu par \u0161\u0101da, ekpluat\u0101cij\u0101 nenodota, \u012bpa\u0161uma ieg\u0101di ir nepiecie\u0161ams konsult\u0113ties ar nozares speci\u0101listiem.<\/li>\n\n\n\n<li>Objekta\/\u0113kas p\u0101rdev\u0113js, no savas puses, nesp\u0113s sa\u0146emt sava \u012bpa\u0161uma tirgus cenas nov\u0113rt\u0113jumu<\/li>\n<\/ul>\n\n\n\n<p>Diem\u017e\u0113l, j\u0101atz\u012bst, ka \u0113ku ekspluat\u0101cij\u0101 nodo\u0161anas noteikumi regul\u0101ri main\u0101s. Pras\u012bbas no b\u016bvvald\u0113m k\u013c\u016bst stingr\u0101kas, k\u0101 ar\u012b no gada uz gada pieaug \u012bpa\u0161uma nodok\u013ci. T\u0101d\u0113\u013c, jo agr\u0101k J\u016bs pie\u0146emsiet l\u0113mumu savu \u012bpa\u0161umu legaliz\u0113t, jo, iesp\u0113jams, vienk\u0101r\u0161\u0101k, t\u0113r\u0113jot tam maz\u0101k naudas l\u012bdzek\u013cu un laika, b\u016bs iesp\u0113ja to izdar\u012bt<\/p>\n\n\n\n<p>Pied\u0101v\u0101ju saviem klientiem uz darba pieredzi\u00a0 un zin\u0101\u0161an\u0101m balst\u012btas konsult\u0101cijas sada\u013c\u0101 min\u0113to probl\u0113mu risin\u0101\u0161an\u0101, atbalstu r\u012bc\u012bbas pl\u0101na sast\u0101d\u012b\u0161an\u0101 un objekta sagatavo\u0161an\u0101 nodo\u0161anai ekspluat\u0101cij\u0101 Siguldas un In\u010dukalna novados un R\u012bgas rajon\u0101<\/p>\n","protected":false},"excerpt":{"rendered":"<p>God\u0101tie klienti! &nbsp;\u201cProblem\u0101tisks\u201d eso\u0161s nekustamais \u012bpa\u0161ums, ar kura nodo\u0161anu ekspluat\u0101cij\u0101 var rasties sare\u017e\u0123\u012bjumi, izskat\u0101s \u0161\u0101di: Liel\u0101k\u0101 da\u013ca \u0161\u0101du objektu atrodas biju\u0161aj\u0101s vai joproj\u0101m eso\u0161aj\u0101s D\u0101rzkop\u012bbas sabiedr\u012bb\u0101s, piem. Siguldas un In\u010dukalna pa\u0161vald\u012bbas p\u0101rvald\u012bb\u0101 eso\u0161\u0101 Eg\u013cup\u0113; D\/S Alla\u017ei; D\/S Draudz\u012bba; D\/S K\u013cavas.&nbsp; Liel\u0101k\u0101 da\u013ca celtniec\u012bbas \u0161eit tika uzs\u0101kta jau 80-gados. Da\u013cu no objektiem veido \u0113kas, kuras tika <!-- more-link -->[&hellip;] <a href=\"https:\/\/baltmeistars.lv\/lv\/esosas-buves-vasarnicas-pirtis-skuni\/\" class=\"more more-link\">Las\u012bt vair\u0101k<\/a><\/p>\n","protected":false},"author":1,"featured_media":0,"parent":0,"menu_order":0,"comment_status":"closed","ping_status":"closed","template":"","meta":{"_acf_changed":false,"footnotes":""},"class_list":["post-6838","page","type-page","status-publish","hentry"],"acf":[],"yoast_head":"<!-- This site is optimized with the Yoast SEO plugin v24.5 - https:\/\/yoast.com\/wordpress\/plugins\/seo\/ -->\n<title>Eso\u0161as b\u016bves, vasarn\u012bcas, pirtis, \u0161\u0137\u016b\u0146i - Baltmeistars<\/title>\n<meta name=\"robots\" content=\"index, follow, max-snippet:-1, max-image-preview:large, max-video-preview:-1\" \/>\n<link rel=\"canonical\" href=\"https:\/\/baltmeistars.lv\/lv\/esosas-buves-vasarnicas-pirtis-skuni\/\" \/>\n<meta property=\"og:locale\" content=\"lv_LV\" \/>\n<meta property=\"og:type\" content=\"article\" \/>\n<meta property=\"og:title\" content=\"Eso\u0161as b\u016bves, vasarn\u012bcas, pirtis, \u0161\u0137\u016b\u0146i - Baltmeistars\" \/>\n<meta property=\"og:description\" content=\"God\u0101tie klienti! &nbsp;\u201cProblem\u0101tisks\u201d eso\u0161s nekustamais \u012bpa\u0161ums, ar kura nodo\u0161anu ekspluat\u0101cij\u0101 var rasties sare\u017e\u0123\u012bjumi, izskat\u0101s \u0161\u0101di: Liel\u0101k\u0101 da\u013ca \u0161\u0101du objektu atrodas biju\u0161aj\u0101s vai joproj\u0101m eso\u0161aj\u0101s D\u0101rzkop\u012bbas sabiedr\u012bb\u0101s, piem. Siguldas un In\u010dukalna pa\u0161vald\u012bbas p\u0101rvald\u012bb\u0101 eso\u0161\u0101 Eg\u013cup\u0113; D\/S Alla\u017ei; D\/S Draudz\u012bba; D\/S K\u013cavas.&nbsp; Liel\u0101k\u0101 da\u013ca celtniec\u012bbas \u0161eit tika uzs\u0101kta jau 80-gados. Da\u013cu no objektiem veido \u0113kas, kuras tika [&hellip;] Las\u012bt vair\u0101k\" \/>\n<meta property=\"og:url\" content=\"https:\/\/baltmeistars.lv\/lv\/esosas-buves-vasarnicas-pirtis-skuni\/\" \/>\n<meta property=\"og:site_name\" content=\"Baltmeistars\" \/>\n<meta property=\"article:modified_time\" content=\"2025-02-20T08:29:49+00:00\" \/>\n<meta name=\"twitter:card\" content=\"summary_large_image\" \/>\n<meta name=\"twitter:label1\" content=\"Est. reading time\" \/>\n\t<meta name=\"twitter:data1\" content=\"2 min\u016btes\" \/>\n<script type=\"application\/ld+json\" class=\"yoast-schema-graph\">{\"@context\":\"https:\/\/schema.org\",\"@graph\":[{\"@type\":\"WebPage\",\"@id\":\"https:\/\/baltmeistars.lv\/esosas-buves-vasarnicas-pirtis-skuni\/\",\"url\":\"https:\/\/baltmeistars.lv\/esosas-buves-vasarnicas-pirtis-skuni\/\",\"name\":\"Eso\u0161as b\u016bves, vasarn\u012bcas, pirtis, \u0161\u0137\u016b\u0146i - Baltmeistars\",\"isPartOf\":{\"@id\":\"https:\/\/baltmeistars.lv\/lv\/#website\"},\"datePublished\":\"2021-02-28T11:28:41+00:00\",\"dateModified\":\"2025-02-20T08:29:49+00:00\",\"breadcrumb\":{\"@id\":\"https:\/\/baltmeistars.lv\/esosas-buves-vasarnicas-pirtis-skuni\/#breadcrumb\"},\"inLanguage\":\"lv-LV\",\"potentialAction\":[{\"@type\":\"ReadAction\",\"target\":[\"https:\/\/baltmeistars.lv\/esosas-buves-vasarnicas-pirtis-skuni\/\"]}]},{\"@type\":\"BreadcrumbList\",\"@id\":\"https:\/\/baltmeistars.lv\/esosas-buves-vasarnicas-pirtis-skuni\/#breadcrumb\",\"itemListElement\":[{\"@type\":\"ListItem\",\"position\":1,\"name\":\"Home\",\"item\":\"https:\/\/baltmeistars.lv\/lv\/\"},{\"@type\":\"ListItem\",\"position\":2,\"name\":\"Eso\u0161as b\u016bves, vasarn\u012bcas, pirtis, \u0161\u0137\u016b\u0146i\"}]},{\"@type\":\"WebSite\",\"@id\":\"https:\/\/baltmeistars.lv\/lv\/#website\",\"url\":\"https:\/\/baltmeistars.lv\/lv\/\",\"name\":\"Baltmeistars\",\"description\":\"Celtniec\u012bbas nozare\",\"alternateName\":\"Baltmeistars.lv\",\"potentialAction\":[{\"@type\":\"SearchAction\",\"target\":{\"@type\":\"EntryPoint\",\"urlTemplate\":\"https:\/\/baltmeistars.lv\/lv\/?s={search_term_string}\"},\"query-input\":{\"@type\":\"PropertyValueSpecification\",\"valueRequired\":true,\"valueName\":\"search_term_string\"}}],\"inLanguage\":\"lv-LV\"}]}<\/script>\n<!-- \/ Yoast SEO plugin. -->","yoast_head_json":{"title":"Eso\u0161as b\u016bves, vasarn\u012bcas, pirtis, \u0161\u0137\u016b\u0146i - Baltmeistars","robots":{"index":"index","follow":"follow","max-snippet":"max-snippet:-1","max-image-preview":"max-image-preview:large","max-video-preview":"max-video-preview:-1"},"canonical":"https:\/\/baltmeistars.lv\/lv\/esosas-buves-vasarnicas-pirtis-skuni\/","og_locale":"lv_LV","og_type":"article","og_title":"Eso\u0161as b\u016bves, vasarn\u012bcas, pirtis, \u0161\u0137\u016b\u0146i - Baltmeistars","og_description":"God\u0101tie klienti! &nbsp;\u201cProblem\u0101tisks\u201d eso\u0161s nekustamais \u012bpa\u0161ums, ar kura nodo\u0161anu ekspluat\u0101cij\u0101 var rasties sare\u017e\u0123\u012bjumi, izskat\u0101s \u0161\u0101di: Liel\u0101k\u0101 da\u013ca \u0161\u0101du objektu atrodas biju\u0161aj\u0101s vai joproj\u0101m eso\u0161aj\u0101s D\u0101rzkop\u012bbas sabiedr\u012bb\u0101s, piem. Siguldas un In\u010dukalna pa\u0161vald\u012bbas p\u0101rvald\u012bb\u0101 eso\u0161\u0101 Eg\u013cup\u0113; D\/S Alla\u017ei; D\/S Draudz\u012bba; D\/S K\u013cavas.&nbsp; Liel\u0101k\u0101 da\u013ca celtniec\u012bbas \u0161eit tika uzs\u0101kta jau 80-gados. Da\u013cu no objektiem veido \u0113kas, kuras tika [&hellip;] Las\u012bt vair\u0101k","og_url":"https:\/\/baltmeistars.lv\/lv\/esosas-buves-vasarnicas-pirtis-skuni\/","og_site_name":"Baltmeistars","article_modified_time":"2025-02-20T08:29:49+00:00","twitter_card":"summary_large_image","twitter_misc":{"Est. reading time":"2 min\u016btes"},"schema":{"@context":"https:\/\/schema.org","@graph":[{"@type":"WebPage","@id":"https:\/\/baltmeistars.lv\/esosas-buves-vasarnicas-pirtis-skuni\/","url":"https:\/\/baltmeistars.lv\/esosas-buves-vasarnicas-pirtis-skuni\/","name":"Eso\u0161as b\u016bves, vasarn\u012bcas, pirtis, \u0161\u0137\u016b\u0146i - Baltmeistars","isPartOf":{"@id":"https:\/\/baltmeistars.lv\/lv\/#website"},"datePublished":"2021-02-28T11:28:41+00:00","dateModified":"2025-02-20T08:29:49+00:00","breadcrumb":{"@id":"https:\/\/baltmeistars.lv\/esosas-buves-vasarnicas-pirtis-skuni\/#breadcrumb"},"inLanguage":"lv-LV","potentialAction":[{"@type":"ReadAction","target":["https:\/\/baltmeistars.lv\/esosas-buves-vasarnicas-pirtis-skuni\/"]}]},{"@type":"BreadcrumbList","@id":"https:\/\/baltmeistars.lv\/esosas-buves-vasarnicas-pirtis-skuni\/#breadcrumb","itemListElement":[{"@type":"ListItem","position":1,"name":"Home","item":"https:\/\/baltmeistars.lv\/lv\/"},{"@type":"ListItem","position":2,"name":"Eso\u0161as b\u016bves, vasarn\u012bcas, pirtis, \u0161\u0137\u016b\u0146i"}]},{"@type":"WebSite","@id":"https:\/\/baltmeistars.lv\/lv\/#website","url":"https:\/\/baltmeistars.lv\/lv\/","name":"Baltmeistars","description":"Celtniec\u012bbas nozare","alternateName":"Baltmeistars.lv","potentialAction":[{"@type":"SearchAction","target":{"@type":"EntryPoint","urlTemplate":"https:\/\/baltmeistars.lv\/lv\/?s={search_term_string}"},"query-input":{"@type":"PropertyValueSpecification","valueRequired":true,"valueName":"search_term_string"}}],"inLanguage":"lv-LV"}]}},"_links":{"self":[{"href":"https:\/\/baltmeistars.lv\/lv\/wp-json\/wp\/v2\/pages\/6838","targetHints":{"allow":["GET"]}}],"collection":[{"href":"https:\/\/baltmeistars.lv\/lv\/wp-json\/wp\/v2\/pages"}],"about":[{"href":"https:\/\/baltmeistars.lv\/lv\/wp-json\/wp\/v2\/types\/page"}],"author":[{"embeddable":true,"href":"https:\/\/baltmeistars.lv\/lv\/wp-json\/wp\/v2\/users\/1"}],"replies":[{"embeddable":true,"href":"https:\/\/baltmeistars.lv\/lv\/wp-json\/wp\/v2\/comments?post=6838"}],"version-history":[{"count":5,"href":"https:\/\/baltmeistars.lv\/lv\/wp-json\/wp\/v2\/pages\/6838\/revisions"}],"predecessor-version":[{"id":7281,"href":"https:\/\/baltmeistars.lv\/lv\/wp-json\/wp\/v2\/pages\/6838\/revisions\/7281"}],"wp:attachment":[{"href":"https:\/\/baltmeistars.lv\/lv\/wp-json\/wp\/v2\/media?parent=6838"}],"curies":[{"name":"wp","href":"https:\/\/api.w.org\/{rel}","templated":true}]}}