{"id":6840,"date":"2021-02-28T13:28:57","date_gmt":"2021-02-28T11:28:57","guid":{"rendered":"https:\/\/devilsecure.com\/?page_id=6840"},"modified":"2025-02-20T09:02:58","modified_gmt":"2025-02-20T07:02:58","slug":"mebelu-montazas","status":"publish","type":"page","link":"https:\/\/baltmeistars.lv\/lv\/mebelu-montazas\/","title":{"rendered":"M\u0113be\u013cu mont\u0101\u017eas"},"content":{"rendered":"\n<p>God\u0101tie klienti,<\/p>\n\n\n\n<p>Jaunas, skaistas un ergnonomiskas m\u0113beles priec\u0113 gan acis, gan sirdi. Ta\u010du, diem\u017e\u0113, reiz\u0113m n\u0101kas saskarties ar gr\u016bt\u012bb\u0101m \u0161o m\u0113bele salik\u0161anas vai ieb\u016bv\u0113\u0161anas proces\u0101. Ne katram no mums ir visi nepiecie\u0161amie instrumenti \u0161o darbu veik\u0161anai un br\u012b\u017eiem tam vienk\u0101r\u0161i pietr\u016bkst laika.<\/p>\n\n\n\n<p>\u012apa\u0161i, ja vajag uzst\u0101d\u012bt un ieb\u016bv\u0113t virtuves m\u0113beles, filigr\u0101ni izgriez virsm\u0101s vietas, lai ieb\u016bv\u0113tu izlietni, g\u0101zes vai elektrisko pl\u012bti, pievienot kanaliz\u0101cijas caurules, piesl\u0113gt trauku mazg\u0101jamo ma\u0161\u012bnu, uzstad\u012bt \u016bdens mais\u012bt\u0101ju vai piesl\u0113gt led apgaismojumu, izmantojot sprieguma transpormatoru.<\/p>\n\n\n\n<p>Viena lieta ir virtuves m\u0113belu un standarta skapju un skap\u012b\u0161u salik\u0161ana, bet ir nepiecie\u0161ams v\u0113l vesels komplekss kvalific\u0113ti veiktu darbu, lai jaun\u0101s m\u0113beles kalpotu un priec\u0113tu J\u016bs ilgi un nodro\u0161in\u0101tu komfortu J\u016bsu m\u0101j\u0101.<\/p>\n\n\n\n<p>Pied\u0101v\u0101ju veikt visus korpusa m\u0113be\u013cu salik\u0161anas un uzst\u0101d\u012b\u0161anas\/ieb\u016bv\u0113\u0161anas darbus Siguldas un In\u010dukalna novados un R\u012bgas rajon\u0101.<\/p>\n","protected":false},"excerpt":{"rendered":"<p>God\u0101tie klienti, Jaunas, skaistas un ergnonomiskas m\u0113beles priec\u0113 gan acis, gan sirdi. Ta\u010du, diem\u017e\u0113, reiz\u0113m n\u0101kas saskarties ar gr\u016bt\u012bb\u0101m \u0161o m\u0113bele salik\u0161anas vai ieb\u016bv\u0113\u0161anas proces\u0101. Ne katram no mums ir visi nepiecie\u0161amie instrumenti \u0161o darbu veik\u0161anai un br\u012b\u017eiem tam vienk\u0101r\u0161i pietr\u016bkst laika. \u012apa\u0161i, ja vajag uzst\u0101d\u012bt un ieb\u016bv\u0113t virtuves m\u0113beles, filigr\u0101ni izgriez virsm\u0101s vietas, lai <!-- more-link -->[&hellip;] <a href=\"https:\/\/baltmeistars.lv\/lv\/mebelu-montazas\/\" class=\"more more-link\">Las\u012bt vair\u0101k<\/a><\/p>\n","protected":false},"author":1,"featured_media":0,"parent":0,"menu_order":0,"comment_status":"closed","ping_status":"closed","template":"","meta":{"_acf_changed":false,"footnotes":""},"class_list":["post-6840","page","type-page","status-publish","hentry"],"acf":[],"yoast_head":"<!-- This site is optimized with the Yoast SEO plugin v24.5 - https:\/\/yoast.com\/wordpress\/plugins\/seo\/ -->\n<title>M\u0113be\u013cu mont\u0101\u017eas - Baltmeistars<\/title>\n<meta name=\"robots\" content=\"index, follow, max-snippet:-1, max-image-preview:large, max-video-preview:-1\" \/>\n<link rel=\"canonical\" href=\"https:\/\/baltmeistars.lv\/lv\/mebelu-montazas\/\" \/>\n<meta property=\"og:locale\" content=\"lv_LV\" \/>\n<meta property=\"og:type\" content=\"article\" \/>\n<meta property=\"og:title\" content=\"M\u0113be\u013cu mont\u0101\u017eas - Baltmeistars\" \/>\n<meta property=\"og:description\" content=\"God\u0101tie klienti, Jaunas, skaistas un ergnonomiskas m\u0113beles priec\u0113 gan acis, gan sirdi. Ta\u010du, diem\u017e\u0113, reiz\u0113m n\u0101kas saskarties ar gr\u016bt\u012bb\u0101m \u0161o m\u0113bele salik\u0161anas vai ieb\u016bv\u0113\u0161anas proces\u0101. Ne katram no mums ir visi nepiecie\u0161amie instrumenti \u0161o darbu veik\u0161anai un br\u012b\u017eiem tam vienk\u0101r\u0161i pietr\u016bkst laika. \u012apa\u0161i, ja vajag uzst\u0101d\u012bt un ieb\u016bv\u0113t virtuves m\u0113beles, filigr\u0101ni izgriez virsm\u0101s vietas, lai [&hellip;] Las\u012bt vair\u0101k\" \/>\n<meta property=\"og:url\" content=\"https:\/\/baltmeistars.lv\/lv\/mebelu-montazas\/\" \/>\n<meta property=\"og:site_name\" content=\"Baltmeistars\" \/>\n<meta property=\"article:modified_time\" content=\"2025-02-20T07:02:58+00:00\" \/>\n<meta name=\"twitter:card\" content=\"summary_large_image\" \/>\n<meta name=\"twitter:label1\" content=\"Est. reading time\" \/>\n\t<meta name=\"twitter:data1\" content=\"1 min\u016bte\" \/>\n<script type=\"application\/ld+json\" class=\"yoast-schema-graph\">{\"@context\":\"https:\/\/schema.org\",\"@graph\":[{\"@type\":\"WebPage\",\"@id\":\"https:\/\/baltmeistars.lv\/mebelu-montazas\/\",\"url\":\"https:\/\/baltmeistars.lv\/mebelu-montazas\/\",\"name\":\"M\u0113be\u013cu mont\u0101\u017eas - Baltmeistars\",\"isPartOf\":{\"@id\":\"https:\/\/baltmeistars.lv\/lv\/#website\"},\"datePublished\":\"2021-02-28T11:28:57+00:00\",\"dateModified\":\"2025-02-20T07:02:58+00:00\",\"breadcrumb\":{\"@id\":\"https:\/\/baltmeistars.lv\/mebelu-montazas\/#breadcrumb\"},\"inLanguage\":\"lv-LV\",\"potentialAction\":[{\"@type\":\"ReadAction\",\"target\":[\"https:\/\/baltmeistars.lv\/mebelu-montazas\/\"]}]},{\"@type\":\"BreadcrumbList\",\"@id\":\"https:\/\/baltmeistars.lv\/mebelu-montazas\/#breadcrumb\",\"itemListElement\":[{\"@type\":\"ListItem\",\"position\":1,\"name\":\"Home\",\"item\":\"https:\/\/baltmeistars.lv\/lv\/\"},{\"@type\":\"ListItem\",\"position\":2,\"name\":\"M\u0113be\u013cu mont\u0101\u017eas\"}]},{\"@type\":\"WebSite\",\"@id\":\"https:\/\/baltmeistars.lv\/lv\/#website\",\"url\":\"https:\/\/baltmeistars.lv\/lv\/\",\"name\":\"Baltmeistars\",\"description\":\"Celtniec\u012bbas nozare\",\"alternateName\":\"Baltmeistars.lv\",\"potentialAction\":[{\"@type\":\"SearchAction\",\"target\":{\"@type\":\"EntryPoint\",\"urlTemplate\":\"https:\/\/baltmeistars.lv\/lv\/?s={search_term_string}\"},\"query-input\":{\"@type\":\"PropertyValueSpecification\",\"valueRequired\":true,\"valueName\":\"search_term_string\"}}],\"inLanguage\":\"lv-LV\"}]}<\/script>\n<!-- \/ Yoast SEO plugin. -->","yoast_head_json":{"title":"M\u0113be\u013cu mont\u0101\u017eas - Baltmeistars","robots":{"index":"index","follow":"follow","max-snippet":"max-snippet:-1","max-image-preview":"max-image-preview:large","max-video-preview":"max-video-preview:-1"},"canonical":"https:\/\/baltmeistars.lv\/lv\/mebelu-montazas\/","og_locale":"lv_LV","og_type":"article","og_title":"M\u0113be\u013cu mont\u0101\u017eas - Baltmeistars","og_description":"God\u0101tie klienti, Jaunas, skaistas un ergnonomiskas m\u0113beles priec\u0113 gan acis, gan sirdi. Ta\u010du, diem\u017e\u0113, reiz\u0113m n\u0101kas saskarties ar gr\u016bt\u012bb\u0101m \u0161o m\u0113bele salik\u0161anas vai ieb\u016bv\u0113\u0161anas proces\u0101. Ne katram no mums ir visi nepiecie\u0161amie instrumenti \u0161o darbu veik\u0161anai un br\u012b\u017eiem tam vienk\u0101r\u0161i pietr\u016bkst laika. \u012apa\u0161i, ja vajag uzst\u0101d\u012bt un ieb\u016bv\u0113t virtuves m\u0113beles, filigr\u0101ni izgriez virsm\u0101s vietas, lai [&hellip;] Las\u012bt vair\u0101k","og_url":"https:\/\/baltmeistars.lv\/lv\/mebelu-montazas\/","og_site_name":"Baltmeistars","article_modified_time":"2025-02-20T07:02:58+00:00","twitter_card":"summary_large_image","twitter_misc":{"Est. reading time":"1 min\u016bte"},"schema":{"@context":"https:\/\/schema.org","@graph":[{"@type":"WebPage","@id":"https:\/\/baltmeistars.lv\/mebelu-montazas\/","url":"https:\/\/baltmeistars.lv\/mebelu-montazas\/","name":"M\u0113be\u013cu mont\u0101\u017eas - Baltmeistars","isPartOf":{"@id":"https:\/\/baltmeistars.lv\/lv\/#website"},"datePublished":"2021-02-28T11:28:57+00:00","dateModified":"2025-02-20T07:02:58+00:00","breadcrumb":{"@id":"https:\/\/baltmeistars.lv\/mebelu-montazas\/#breadcrumb"},"inLanguage":"lv-LV","potentialAction":[{"@type":"ReadAction","target":["https:\/\/baltmeistars.lv\/mebelu-montazas\/"]}]},{"@type":"BreadcrumbList","@id":"https:\/\/baltmeistars.lv\/mebelu-montazas\/#breadcrumb","itemListElement":[{"@type":"ListItem","position":1,"name":"Home","item":"https:\/\/baltmeistars.lv\/lv\/"},{"@type":"ListItem","position":2,"name":"M\u0113be\u013cu mont\u0101\u017eas"}]},{"@type":"WebSite","@id":"https:\/\/baltmeistars.lv\/lv\/#website","url":"https:\/\/baltmeistars.lv\/lv\/","name":"Baltmeistars","description":"Celtniec\u012bbas nozare","alternateName":"Baltmeistars.lv","potentialAction":[{"@type":"SearchAction","target":{"@type":"EntryPoint","urlTemplate":"https:\/\/baltmeistars.lv\/lv\/?s={search_term_string}"},"query-input":{"@type":"PropertyValueSpecification","valueRequired":true,"valueName":"search_term_string"}}],"inLanguage":"lv-LV"}]}},"_links":{"self":[{"href":"https:\/\/baltmeistars.lv\/lv\/wp-json\/wp\/v2\/pages\/6840","targetHints":{"allow":["GET"]}}],"collection":[{"href":"https:\/\/baltmeistars.lv\/lv\/wp-json\/wp\/v2\/pages"}],"about":[{"href":"https:\/\/baltmeistars.lv\/lv\/wp-json\/wp\/v2\/types\/page"}],"author":[{"embeddable":true,"href":"https:\/\/baltmeistars.lv\/lv\/wp-json\/wp\/v2\/users\/1"}],"replies":[{"embeddable":true,"href":"https:\/\/baltmeistars.lv\/lv\/wp-json\/wp\/v2\/comments?post=6840"}],"version-history":[{"count":4,"href":"https:\/\/baltmeistars.lv\/lv\/wp-json\/wp\/v2\/pages\/6840\/revisions"}],"predecessor-version":[{"id":7257,"href":"https:\/\/baltmeistars.lv\/lv\/wp-json\/wp\/v2\/pages\/6840\/revisions\/7257"}],"wp:attachment":[{"href":"https:\/\/baltmeistars.lv\/lv\/wp-json\/wp\/v2\/media?parent=6840"}],"curies":[{"name":"wp","href":"https:\/\/api.w.org\/{rel}","templated":true}]}}