{"id":6935,"date":"2021-03-02T15:36:27","date_gmt":"2021-03-02T13:36:27","guid":{"rendered":"https:\/\/baltmeistars.lv\/?page_id=6935"},"modified":"2025-02-20T10:30:59","modified_gmt":"2025-02-20T08:30:59","slug":"ieksdarbi-3","status":"publish","type":"page","link":"https:\/\/baltmeistars.lv\/lv\/ieksdarbi-3\/","title":{"rendered":"Iek\u0161darbi"},"content":{"rendered":"\n<p>God\u0101tie klienti!<\/p>\n\n\n\n<p>J\u016bs esat uzc\u0113lu\u0161i savu pirmo m\u0101ju. M\u0101ja ir zem jumta un m\u0101j\u0101 ir ielikti logi. Tagad ir k\u0101rta J\u016bsu m\u0101jas apdarei. \u0160aj\u0101 sada\u013c\u0101 aprakst\u012b\u0161u k\u0101di m\u0101jas iek\u0161\u0113j\u0101s apdares darbi ir veicami.<\/p>\n\n\n\n<p>M\u0101jas iek\u0161\u0113j\u0101 apdare ir sare\u017e\u0123\u012bts un darbietilp\u012bgs process, kur\u0161 sast\u0101v no liela daudzuma darbiem un \u0161o darbu atk\u0101rto\u0161anas, lai tiktu sasniegts v\u0113lamais rezult\u0101ts. Galvenais veiksm\u012bgu un kvalitat\u012bvu iek\u0161darbu veik\u0161anas nosac\u012bjums ir pareiza darbu pl\u0101no\u0161ana, lai to izpilde notiktu raiti un katrs n\u0101kamais veicamais darbs b\u016btu lo\u0123iski sekojo\u0161s un nerad\u012btu neatbilst\u012bbu ar jau iepriek\u0161 veiktajiem darbiem.<\/p>\n\n\n\n<p>M\u0101jas iek\u0161\u0113j\u0101 apdare ir sekojo\u0161i darbi:<\/p>\n\n\n\n<ul class=\"wp-block-list\">\n<li>Pirms jebkuru sienu un griestu apdares darbu veik\u0161anas \u2013 apme\u0161anas, \u0161paktel\u0113\u0161anas, fl\u012b\u017eu l\u012bm\u0113\u0161anas, kr\u0101so\u0161anas, tiek veikta virsmu grunt\u0113\u0161ana<\/li>\n\n\n\n<li>Bloka m\u0101j\u0101s uz sien\u0101m un vairum\u0101 gad\u012bjumu ar\u012b uz griestiem tiek uzkl\u0101ts apmetums<\/li>\n\n\n\n<li>Starpsienas, sienas un griesti bloku un koka karkasu m\u0101j\u0101s tiek b\u016bv\u0113tas no \u0123ip\u0161kartona, tad t\u0101s tiek \u0161paktel\u0113tas un tad, p\u0113c klienta gaumes un izv\u0113les, tiek l\u012bm\u0113tas tapetes vau uzkl\u0101ta kr\u0101sa<\/li>\n\n\n\n<li>Uz vannasistabu, virtuvju, koridoru gr\u012bd\u0101m, k\u0101 ar\u012b vannas istabu un sanit\u0101ro mezglu sien\u0101m (bie\u017ei ar\u012b virtuvju sien\u0101m) tiek kl\u0101tas fl\u012bzes<\/li>\n\n\n\n<li>Uz istabu gr\u012bd\u0101m tiek kl\u0101ts lamin\u0101ts vai parketa d\u0113\u013ci<\/li>\n\n\n\n<li>Tiek uzst\u0101d\u012btas telpu durvis<\/li>\n<\/ul>\n\n\n\n<p>Pied\u0101v\u0101ju veikt visus sada\u013c\u0101 aprakst\u012btos m\u0101jas iek\u0161\u0113j\u0101s apdares darbus Siguldas un In\u010dukalna novados un R\u012bgas rajon\u0101<\/p>\n","protected":false},"excerpt":{"rendered":"<p>God\u0101tie klienti! J\u016bs esat uzc\u0113lu\u0161i savu pirmo m\u0101ju. M\u0101ja ir zem jumta un m\u0101j\u0101 ir ielikti logi. Tagad ir k\u0101rta J\u016bsu m\u0101jas apdarei. \u0160aj\u0101 sada\u013c\u0101 aprakst\u012b\u0161u k\u0101di m\u0101jas iek\u0161\u0113j\u0101s apdares darbi ir veicami. M\u0101jas iek\u0161\u0113j\u0101 apdare ir sare\u017e\u0123\u012bts un darbietilp\u012bgs process, kur\u0161 sast\u0101v no liela daudzuma darbiem un \u0161o darbu atk\u0101rto\u0161anas, lai tiktu sasniegts v\u0113lamais <!-- more-link -->[&hellip;] <a href=\"https:\/\/baltmeistars.lv\/lv\/ieksdarbi-3\/\" class=\"more more-link\">Las\u012bt vair\u0101k<\/a><\/p>\n","protected":false},"author":1,"featured_media":0,"parent":0,"menu_order":0,"comment_status":"closed","ping_status":"closed","template":"","meta":{"_acf_changed":false,"footnotes":""},"class_list":["post-6935","page","type-page","status-publish","hentry"],"acf":[],"yoast_head":"<!-- This site is optimized with the Yoast SEO plugin v24.5 - https:\/\/yoast.com\/wordpress\/plugins\/seo\/ -->\n<title>Iek\u0161darbi - Baltmeistars<\/title>\n<meta name=\"robots\" content=\"index, follow, max-snippet:-1, max-image-preview:large, max-video-preview:-1\" \/>\n<link rel=\"canonical\" href=\"https:\/\/baltmeistars.lv\/lv\/ieksdarbi-3\/\" \/>\n<meta property=\"og:locale\" content=\"lv_LV\" \/>\n<meta property=\"og:type\" content=\"article\" \/>\n<meta property=\"og:title\" content=\"Iek\u0161darbi - Baltmeistars\" \/>\n<meta property=\"og:description\" content=\"God\u0101tie klienti! J\u016bs esat uzc\u0113lu\u0161i savu pirmo m\u0101ju. M\u0101ja ir zem jumta un m\u0101j\u0101 ir ielikti logi. Tagad ir k\u0101rta J\u016bsu m\u0101jas apdarei. \u0160aj\u0101 sada\u013c\u0101 aprakst\u012b\u0161u k\u0101di m\u0101jas iek\u0161\u0113j\u0101s apdares darbi ir veicami. M\u0101jas iek\u0161\u0113j\u0101 apdare ir sare\u017e\u0123\u012bts un darbietilp\u012bgs process, kur\u0161 sast\u0101v no liela daudzuma darbiem un \u0161o darbu atk\u0101rto\u0161anas, lai tiktu sasniegts v\u0113lamais [&hellip;] Las\u012bt vair\u0101k\" \/>\n<meta property=\"og:url\" content=\"https:\/\/baltmeistars.lv\/lv\/ieksdarbi-3\/\" \/>\n<meta property=\"og:site_name\" content=\"Baltmeistars\" \/>\n<meta property=\"article:modified_time\" content=\"2025-02-20T08:30:59+00:00\" \/>\n<meta name=\"twitter:card\" content=\"summary_large_image\" \/>\n<meta name=\"twitter:label1\" content=\"Est. reading time\" \/>\n\t<meta name=\"twitter:data1\" content=\"1 min\u016bte\" \/>\n<script type=\"application\/ld+json\" class=\"yoast-schema-graph\">{\"@context\":\"https:\/\/schema.org\",\"@graph\":[{\"@type\":\"WebPage\",\"@id\":\"https:\/\/baltmeistars.lv\/ieksdarbi-3\/\",\"url\":\"https:\/\/baltmeistars.lv\/ieksdarbi-3\/\",\"name\":\"Iek\u0161darbi - Baltmeistars\",\"isPartOf\":{\"@id\":\"https:\/\/baltmeistars.lv\/lv\/#website\"},\"datePublished\":\"2021-03-02T13:36:27+00:00\",\"dateModified\":\"2025-02-20T08:30:59+00:00\",\"breadcrumb\":{\"@id\":\"https:\/\/baltmeistars.lv\/ieksdarbi-3\/#breadcrumb\"},\"inLanguage\":\"lv-LV\",\"potentialAction\":[{\"@type\":\"ReadAction\",\"target\":[\"https:\/\/baltmeistars.lv\/ieksdarbi-3\/\"]}]},{\"@type\":\"BreadcrumbList\",\"@id\":\"https:\/\/baltmeistars.lv\/ieksdarbi-3\/#breadcrumb\",\"itemListElement\":[{\"@type\":\"ListItem\",\"position\":1,\"name\":\"Home\",\"item\":\"https:\/\/baltmeistars.lv\/lv\/\"},{\"@type\":\"ListItem\",\"position\":2,\"name\":\"Iek\u0161darbi\"}]},{\"@type\":\"WebSite\",\"@id\":\"https:\/\/baltmeistars.lv\/lv\/#website\",\"url\":\"https:\/\/baltmeistars.lv\/lv\/\",\"name\":\"Baltmeistars\",\"description\":\"Celtniec\u012bbas nozare\",\"alternateName\":\"Baltmeistars.lv\",\"potentialAction\":[{\"@type\":\"SearchAction\",\"target\":{\"@type\":\"EntryPoint\",\"urlTemplate\":\"https:\/\/baltmeistars.lv\/lv\/?s={search_term_string}\"},\"query-input\":{\"@type\":\"PropertyValueSpecification\",\"valueRequired\":true,\"valueName\":\"search_term_string\"}}],\"inLanguage\":\"lv-LV\"}]}<\/script>\n<!-- \/ Yoast SEO plugin. -->","yoast_head_json":{"title":"Iek\u0161darbi - Baltmeistars","robots":{"index":"index","follow":"follow","max-snippet":"max-snippet:-1","max-image-preview":"max-image-preview:large","max-video-preview":"max-video-preview:-1"},"canonical":"https:\/\/baltmeistars.lv\/lv\/ieksdarbi-3\/","og_locale":"lv_LV","og_type":"article","og_title":"Iek\u0161darbi - Baltmeistars","og_description":"God\u0101tie klienti! J\u016bs esat uzc\u0113lu\u0161i savu pirmo m\u0101ju. M\u0101ja ir zem jumta un m\u0101j\u0101 ir ielikti logi. Tagad ir k\u0101rta J\u016bsu m\u0101jas apdarei. \u0160aj\u0101 sada\u013c\u0101 aprakst\u012b\u0161u k\u0101di m\u0101jas iek\u0161\u0113j\u0101s apdares darbi ir veicami. M\u0101jas iek\u0161\u0113j\u0101 apdare ir sare\u017e\u0123\u012bts un darbietilp\u012bgs process, kur\u0161 sast\u0101v no liela daudzuma darbiem un \u0161o darbu atk\u0101rto\u0161anas, lai tiktu sasniegts v\u0113lamais [&hellip;] Las\u012bt vair\u0101k","og_url":"https:\/\/baltmeistars.lv\/lv\/ieksdarbi-3\/","og_site_name":"Baltmeistars","article_modified_time":"2025-02-20T08:30:59+00:00","twitter_card":"summary_large_image","twitter_misc":{"Est. reading time":"1 min\u016bte"},"schema":{"@context":"https:\/\/schema.org","@graph":[{"@type":"WebPage","@id":"https:\/\/baltmeistars.lv\/ieksdarbi-3\/","url":"https:\/\/baltmeistars.lv\/ieksdarbi-3\/","name":"Iek\u0161darbi - Baltmeistars","isPartOf":{"@id":"https:\/\/baltmeistars.lv\/lv\/#website"},"datePublished":"2021-03-02T13:36:27+00:00","dateModified":"2025-02-20T08:30:59+00:00","breadcrumb":{"@id":"https:\/\/baltmeistars.lv\/ieksdarbi-3\/#breadcrumb"},"inLanguage":"lv-LV","potentialAction":[{"@type":"ReadAction","target":["https:\/\/baltmeistars.lv\/ieksdarbi-3\/"]}]},{"@type":"BreadcrumbList","@id":"https:\/\/baltmeistars.lv\/ieksdarbi-3\/#breadcrumb","itemListElement":[{"@type":"ListItem","position":1,"name":"Home","item":"https:\/\/baltmeistars.lv\/lv\/"},{"@type":"ListItem","position":2,"name":"Iek\u0161darbi"}]},{"@type":"WebSite","@id":"https:\/\/baltmeistars.lv\/lv\/#website","url":"https:\/\/baltmeistars.lv\/lv\/","name":"Baltmeistars","description":"Celtniec\u012bbas nozare","alternateName":"Baltmeistars.lv","potentialAction":[{"@type":"SearchAction","target":{"@type":"EntryPoint","urlTemplate":"https:\/\/baltmeistars.lv\/lv\/?s={search_term_string}"},"query-input":{"@type":"PropertyValueSpecification","valueRequired":true,"valueName":"search_term_string"}}],"inLanguage":"lv-LV"}]}},"_links":{"self":[{"href":"https:\/\/baltmeistars.lv\/lv\/wp-json\/wp\/v2\/pages\/6935","targetHints":{"allow":["GET"]}}],"collection":[{"href":"https:\/\/baltmeistars.lv\/lv\/wp-json\/wp\/v2\/pages"}],"about":[{"href":"https:\/\/baltmeistars.lv\/lv\/wp-json\/wp\/v2\/types\/page"}],"author":[{"embeddable":true,"href":"https:\/\/baltmeistars.lv\/lv\/wp-json\/wp\/v2\/users\/1"}],"replies":[{"embeddable":true,"href":"https:\/\/baltmeistars.lv\/lv\/wp-json\/wp\/v2\/comments?post=6935"}],"version-history":[{"count":4,"href":"https:\/\/baltmeistars.lv\/lv\/wp-json\/wp\/v2\/pages\/6935\/revisions"}],"predecessor-version":[{"id":7283,"href":"https:\/\/baltmeistars.lv\/lv\/wp-json\/wp\/v2\/pages\/6935\/revisions\/7283"}],"wp:attachment":[{"href":"https:\/\/baltmeistars.lv\/lv\/wp-json\/wp\/v2\/media?parent=6935"}],"curies":[{"name":"wp","href":"https:\/\/api.w.org\/{rel}","templated":true}]}}