{"id":6938,"date":"2021-03-02T15:37:24","date_gmt":"2021-03-02T13:37:24","guid":{"rendered":"https:\/\/baltmeistars.lv\/?page_id=6938"},"modified":"2025-12-12T09:44:52","modified_gmt":"2025-12-12T07:44:52","slug":"ardarbi-3","status":"publish","type":"page","link":"https:\/\/baltmeistars.lv\/lv\/ardarbi-3\/","title":{"rendered":"\u0100rdarbi"},"content":{"rendered":"\n<p>God\u0101tie klienti!<\/p>\n\n\n\n<p>J\u016bs esat uzc\u0113lu\u0161i savu pirmo m\u0101ju \u2013 m\u0101jas konstrukcija ir zem jumta un logi ir ielikti. Tagad ir k\u0101rta \u0113kas \u0101r\u0113jai apdarei. M\u0101jas celtniec\u012bbas projekta dokument\u0101cij\u0101 ir nor\u0101d\u012bti visi apdares materi\u0101li, to markas un gala apdares kr\u0101su kodi.<\/p>\n\n\n\n<p>Turpm\u0101k apskat\u012bsim divu m\u0101ju konstrukciju tipu \u0101r\u0113jo apdari \u2013 300 mm bloku konstrukciju un koka karkasa konstrukciju b\u016bves.<\/p>\n\n\n\n<p>No blokiem celtas m\u0101jas fas\u0101des apdare ir komplekss process, kas sast\u0101v no divu veidu apdares darbiem \u2013 tiek veikta sienu siltin\u0101\u0161ana un sienu gal\u0113j\u0101 apdare. M\u0101jas sienu siltin\u0101\u0161anai var tikt izmantots putupolistirols vai akmens vate (\u0161ie ir divi no visbie\u017e\u0101k izmantotajiem materi\u0101liem). Abi \u0161ie materi\u0101li ir lok\u0161\u0146veida, to biezums un gabar\u012btizm\u0113ri ir l\u012bdz\u012bgi. Viennoz\u012bm\u012bgi ir j\u0101izv\u0113las tas materi\u0101ls, kur\u0161 ir nor\u0101d\u012bts m\u0101jas celtniec\u012bbas projekta dokument\u0101cij\u0101. T\u0101d\u0113\u013c, jau uzs\u0101kot m\u0101jas projekt\u0113\u0161anu sadarb\u012bb\u0101 ar arhitekta un celtnieka tand\u0113mu varat izv\u0113l\u0113ties sev piem\u0113rot\u0101ko un t\u012bkam\u0101ko materi\u0101lu. Izv\u0113loties materi\u0101lu, neap\u0161aub\u0101mi, ir v\u0113rts izv\u0113rt\u0113t ar\u012b paredzam\u0101s izmaksas.<\/p>\n\n\n\n<p>No blokiem celtas m\u0101jas fas\u0101des apdare norit sekojo\u0161i:<\/p>\n\n\n\n<ul class=\"wp-block-list\">\n<li>Pie m\u0101jas \u0101rsienas, izmantojot l\u012bmes masu, tiek stiprin\u0101ts siltin\u0101t\u0101jmateri\u0101ls. Loksnes tiek kl\u0101tas iev\u0113rojot virsmas l\u012bmeni un t\u0101 iesp\u0113jam\u0101s sv\u0101rst\u012bbas, lai gala rezult\u0101t\u0101 visas siltin\u0101juma loksnes b\u016btu vien\u0101 l\u012bmen\u012b. Siltin\u0101ta tiek visa \u0101rsienu plat\u012bba \u2013 no pamatu virszemes redzam\u0101s da\u013cas (cokola) l\u012bdz jumta karn\u012bzei.<\/li>\n\n\n\n<li>P\u0113c tam, kad piln\u012bb\u0101 ir no\u017euvusi l\u012bmes masa, tiek veikta papildus siltin\u0101juma lok\u0161\u0146u stiprin\u0101\u0161ana pie m\u0101jas fas\u0101des. \u0160im nol\u016bkam tiek izmantotas d\u012bbe\u013cnaglas ar plato galvu lietussarga form\u0101 p\u0113c apr\u0113\u0137ina \u2013 5 stiprin\u0101juma vietas uz vienu materi\u0101la loksni. Vislab\u0101k \u0161aj\u0101 proces\u0101 izmantot met\u0101la naglas.<\/li>\n\n\n\n<li>Gad\u012bjumos, kad fas\u0101des siltin\u0101\u0161anai tiek izmantotas putupolistirola pl\u0101ksnes, n\u0101kamais darbu etaps ir virsmas arm\u0113\u0161ana. Uz virsmas tiek uzkl\u0101ts sienu arm\u0113\u0161anas mais\u012bjums (parasti tie ir univers\u0101lie mais\u012bjumi, kurus var izmantot da\u017e\u0101diem siltin\u0101\u0161anas materi\u0101liem). N\u0101kamais solis \u2013 uzkl\u0101taj\u0101 mais\u012bjum\u0101 tiek iestr\u0101d\u0101ts arm\u0113jo\u0161ais siets Sieta \u0101rmal\u0101m ir j\u0101b\u016bt br\u012bv\u0101m no mais\u012bjuma, jo n\u0101kam\u0101 arm\u0113jo\u0161\u0101 sieta josla tiek uzkl\u0101ta ar p\u0101rsedzi un abu joslu \u0101rmalu arm\u0113jumu j\u0101veic ar viendab\u012bgu materi\u0101lu. P\u0113c pirm\u0101s arm\u0113\u0161anas k\u0101rtas uzkl\u0101\u0161anas uz visas m\u0101jas \u0101rsienas plat\u012bbas tai piln\u012bb\u0101 j\u0101\u013cauj no\u017e\u016bt un tad tiek kl\u0101ta otr\u0101 arm\u0113\u0161anas mais\u012bjuma k\u0101rta. P\u0113c pilnas otr\u0101s k\u0101rtas no\u017e\u016b\u0161anas virsma tiek grunt\u0113ta un ir gatava dekorat\u012bv\u0101 apmetuma uzkl\u0101\u0161anai.<\/li>\n\n\n\n<li>Ja m\u0101jas fas\u0101des siltin\u0101\u0161anai tiek izmantota akmensvate, t\u0101s stiprin\u0101\u0161anas process pie fas\u0101des ir t\u0101ds pats, k\u0101 iepriek\u0161 aprakst\u012btais.At\u0161\u0137ir\u012bbas var b\u016bt tikai arm\u0113\u0161anas proces\u0101. Atsevi\u0161\u0137os gad\u012bjumos pirms armejo\u0161\u0101 sieta iestr\u0101d\u0101\u0161anas, visa siltin\u0101\u0161anas materi\u0101la virsma tiek apstr\u0101d\u0101ta ar l\u012bmes mais\u012bjumu. Turpm\u0101k darbi norit, k\u0101 aprakst\u012bts iepriek\u0161.<\/li>\n\n\n\n<li>P\u0113c m\u0101jas fas\u0101des \u0101r\u0113j\u0101 apmetuma uzkl\u0101\u0161anas J\u016bsu m\u0101ja ieg\u016bst savu gal\u0113jo izskatu \u2013 \u201cM\u0101jas seju\u201d. Apmetuma strukt\u016bra un dekora forma b\u016bs atkar\u012bga no izv\u0113l\u0113t\u0101 materi\u0101la.<\/li>\n\n\n\n<li>P\u0113d\u0113jais darbs \u2013 kr\u0101so\u0161ana.Kr\u0101sa tiek kl\u0101ta minimums div\u0101s kart\u0101s un ar \u0161o fas\u0101des \u0101r\u0113j\u0101s apdares darbi ir pabeigti.<\/li>\n<\/ul>\n\n\n\n<p>Koka karkasa \u0113ku \u0101r\u0113j\u0101 apdare, galvenok\u0101rt, sast\u0101v no fas\u0101des ier\u012bko\u0161anas\/uzst\u0101d\u012b\u0161anas darbiem. T\u0101 k\u0101 m\u0101jas sienas jau ir nosiltin\u0101tas, \u0101r\u0113j\u0101 sienu virmsa p\u0101rkl\u0101ta ar v\u0113ja aizsarmembr\u0101nu, var \u0137erties kl\u0101t fas\u0101des ier\u012bko\u0161anas\/uzst\u0101d\u012b\u0161anas darbiem.<\/p>\n\n\n\n<p>Sav\u0101 praks\u0113 bie\u017e\u0101k esmu sask\u0101ries ar triju veidu izmantojamiem materi\u0101liem \u2013 plastik\u0101ta apdares d\u0113\u013ciem (saidingu), koka profil\u0113tiem v\u0113jd\u0113\u013ciem, kurus stiprina horizont\u0101l\u0101 virzien\u0101 un sl\u012bp\u0113tiem d\u0113\u013ciem, kurus stiprina vertik\u0101l\u0101 virzien\u0101. Palstik\u0101ta apdares d\u0113\u013ci (saidings) nav pats optim\u0101l\u0101kais risin\u0101jums, t\u0101 k\u0101 past\u0101v materi\u0101la deform\u0101cijas risks \u0101r\u0113j\u0101s temperat\u016bras un t\u0101s sv\u0101rst\u012bbu ietekm\u0113. Man\u0101 praks\u0113 ir biju\u0161i gad\u012bjumi, ka vasaras karst\u0101kaj\u0101 saul\u0113 fas\u0101des elementi ir s\u0101ku\u0161i kust.<\/p>\n\n\n\n<p>Zem\u0101k aprakst\u012b\u0161u fas\u0101des apdari, izmantojot koka pofil\u0113tos v\u0113jd\u0113\u013cus un sl\u012bp\u0113tos d\u0113\u013cus ar horizont\u0101lo un vertik\u0101lo stiprin\u0101jumu<\/p>\n\n\n<div class=\"wp-block-image\">\n<figure class=\"alignright size-full is-resized\"><figure id=\"attachment_7346\" class=\"alignnone full-width-mobile thin\"><img loading=\"lazy\" decoding=\"async\" width=\"748\" height=\"528\" src=\"https:\/\/baltmeistars.lv\/wp-content\/uploads\/2025\/12\/rencenu1-as-Smart-Object-1-1.jpg\" alt=\"\" class=\"wp-image-7346\" style=\"width:243px;height:auto\"\/><\/figure><\/figure>\n<\/div>\n\n\n<ul class=\"wp-block-list\">\n<li>Materi\u0101la horizont\u0101ls stiprin\u0101jums\n<ul class=\"wp-block-list\">\n<li>Uz m\u0101jas pamatu virszemes da\u013cas (cokola) un m\u0101jas \u0101rsienas robe\u017eas tiek stiprin\u0101ta l\u0101sene kondens\u0101ta novad\u012b\u0161anai no v\u0113ja aizsargmembr\u0101nas<\/li>\n\n\n\n<li>Pie karkasa atbalsta ba\u013c\u0137iem virs v\u0113ja aizsargmembr\u0101nas vertik\u0101li tiek stiprin\u0101tas 25mm*50mm koka brusas<\/li>\n\n\n\n<li>Pie brusas horizont\u0101l\u0101 virzien\u0101 tiek stiprin\u0101ti koka profil\u0113tie v\u0113jd\u0113\u013ci (vagonka). P\u0113c savas pieredzes, klientiem iesaku izv\u0113l\u0113ties jau r\u016bpnieciski grunt\u0113tus un kr\u0101sotus apdares d\u0113\u013cus. D\u0113\u013ci tiek mont\u0113ti izmantojot div\u0101s d\u0113\u013cu mal\u0101s iestr\u0101d\u0101t\u0101s spundes. Past\u0101v iesp\u0113ja pas\u016bt\u012bt d\u0113\u013cus ar vis\u0101s \u010detr\u0101s d\u0113\u013ca mal\u0101s iestr\u0101d\u0101t\u0101m spund\u0113m.<\/li>\n<\/ul>\n<\/li>\n\n\n\n<li>Materi\u0101la vertik\u0101ls stiprin\u0101jums\n<ul class=\"wp-block-list\">\n<li>Uz m\u0101jas pamatu virszemes da\u013cas (cokola) un m\u0101jas \u0101rsienas robe\u017eas tiek stiprin\u0101ta l\u0101sene kondens\u0101ta novad\u012b\u0161anai no v\u0113ja aizsargmembr\u0101nas<\/li>\n\n\n\n<li>Pie karkasa atbalsta ba\u013c\u0137iem virs v\u0113ja aizsargmembr\u0101nas vertik\u0101li tiek stiprin\u0101tas 25mm*50mm koka brusas<\/li>\n\n\n\n<li>Pie vertik\u0101l\u0101s brusas horizont\u0101l\u0101 virzien\u0101 tiek stiprin\u0101ta papildus 25mm*25mm brusa. \u0160\u0101da papildus konstrukcija nodro\u0161in\u0101s kondens\u0101t\u0101 novadi no v\u0113ja aizsargmembr\u0101nas un l\u0101seni<\/li>\n\n\n\n<li>Tal\u0101k pie horizontalaj\u0101m brus\u0101m vertik\u0101li tiek stiprin\u0101ti koka sl\u012bp\u0113tie fas\u0101des d\u0113\u013ci. Materi\u0101la stiprin\u0101jums norit sekojo\u0161i \u2013 divi d\u0113\u013ci tiek vertik\u0101li stiprin\u0101ti viens blakus otram ar t\u0101du interv\u0101lu, lai tre\u0161ais, virs tiem stiprin\u0101mais d\u0113lis, nosegtu \u0161o interv\u0101lu.<\/li>\n<\/ul>\n<\/li>\n<\/ul>\n\n\n\n<p>Pied\u0101v\u0101ju veikt visus sada\u013c\u0101 min\u0113tos \u0113ku \u0101r\u0113j\u0101s apdares darbus Siguldas un In\u010dukalna novados un R\u012bgas rajon\u0101.<\/p>\n","protected":false},"excerpt":{"rendered":"<p>God\u0101tie klienti! J\u016bs esat uzc\u0113lu\u0161i savu pirmo m\u0101ju \u2013 m\u0101jas konstrukcija ir zem jumta un logi ir ielikti. Tagad ir k\u0101rta \u0113kas \u0101r\u0113jai apdarei. M\u0101jas celtniec\u012bbas projekta dokument\u0101cij\u0101 ir nor\u0101d\u012bti visi apdares materi\u0101li, to markas un gala apdares kr\u0101su kodi. Turpm\u0101k apskat\u012bsim divu m\u0101ju konstrukciju tipu \u0101r\u0113jo apdari \u2013 300 mm bloku konstrukciju un koka <!-- more-link -->[&hellip;] <a href=\"https:\/\/baltmeistars.lv\/lv\/ardarbi-3\/\" class=\"more more-link\">Las\u012bt vair\u0101k<\/a><\/p>\n","protected":false},"author":1,"featured_media":0,"parent":0,"menu_order":0,"comment_status":"closed","ping_status":"closed","template":"","meta":{"_acf_changed":false,"footnotes":""},"class_list":["post-6938","page","type-page","status-publish","hentry"],"acf":[],"yoast_head":"<!-- This site is optimized with the Yoast SEO plugin v24.5 - https:\/\/yoast.com\/wordpress\/plugins\/seo\/ -->\n<title>\u0100rdarbi - Baltmeistars<\/title>\n<meta name=\"robots\" content=\"index, follow, max-snippet:-1, max-image-preview:large, max-video-preview:-1\" \/>\n<link rel=\"canonical\" href=\"https:\/\/baltmeistars.lv\/lv\/ardarbi-3\/\" \/>\n<meta property=\"og:locale\" content=\"lv_LV\" \/>\n<meta property=\"og:type\" content=\"article\" \/>\n<meta property=\"og:title\" content=\"\u0100rdarbi - Baltmeistars\" \/>\n<meta property=\"og:description\" content=\"God\u0101tie klienti! J\u016bs esat uzc\u0113lu\u0161i savu pirmo m\u0101ju \u2013 m\u0101jas konstrukcija ir zem jumta un logi ir ielikti. Tagad ir k\u0101rta \u0113kas \u0101r\u0113jai apdarei. M\u0101jas celtniec\u012bbas projekta dokument\u0101cij\u0101 ir nor\u0101d\u012bti visi apdares materi\u0101li, to markas un gala apdares kr\u0101su kodi. Turpm\u0101k apskat\u012bsim divu m\u0101ju konstrukciju tipu \u0101r\u0113jo apdari \u2013 300 mm bloku konstrukciju un koka [&hellip;] Las\u012bt vair\u0101k\" \/>\n<meta property=\"og:url\" content=\"https:\/\/baltmeistars.lv\/lv\/ardarbi-3\/\" \/>\n<meta property=\"og:site_name\" content=\"Baltmeistars\" \/>\n<meta property=\"article:modified_time\" content=\"2025-12-12T07:44:52+00:00\" \/>\n<meta property=\"og:image\" content=\"https:\/\/baltmeistars.lv\/wp-content\/uploads\/2025\/12\/rencenu1-as-Smart-Object-1-1.jpg\" \/>\n\t<meta property=\"og:image:width\" content=\"748\" \/>\n\t<meta property=\"og:image:height\" content=\"528\" \/>\n\t<meta property=\"og:image:type\" content=\"image\/jpeg\" \/>\n<meta name=\"twitter:card\" content=\"summary_large_image\" \/>\n<meta name=\"twitter:label1\" content=\"Est. reading time\" \/>\n\t<meta name=\"twitter:data1\" content=\"4 min\u016btes\" \/>\n<script type=\"application\/ld+json\" class=\"yoast-schema-graph\">{\"@context\":\"https:\/\/schema.org\",\"@graph\":[{\"@type\":\"WebPage\",\"@id\":\"https:\/\/baltmeistars.lv\/ardarbi-3\/\",\"url\":\"https:\/\/baltmeistars.lv\/ardarbi-3\/\",\"name\":\"\u0100rdarbi - Baltmeistars\",\"isPartOf\":{\"@id\":\"https:\/\/baltmeistars.lv\/lv\/#website\"},\"primaryImageOfPage\":{\"@id\":\"https:\/\/baltmeistars.lv\/ardarbi-3\/#primaryimage\"},\"image\":{\"@id\":\"https:\/\/baltmeistars.lv\/ardarbi-3\/#primaryimage\"},\"thumbnailUrl\":\"https:\/\/baltmeistars.lv\/wp-content\/uploads\/2025\/12\/rencenu1-as-Smart-Object-1-1.jpg\",\"datePublished\":\"2021-03-02T13:37:24+00:00\",\"dateModified\":\"2025-12-12T07:44:52+00:00\",\"breadcrumb\":{\"@id\":\"https:\/\/baltmeistars.lv\/ardarbi-3\/#breadcrumb\"},\"inLanguage\":\"lv-LV\",\"potentialAction\":[{\"@type\":\"ReadAction\",\"target\":[\"https:\/\/baltmeistars.lv\/ardarbi-3\/\"]}]},{\"@type\":\"ImageObject\",\"inLanguage\":\"lv-LV\",\"@id\":\"https:\/\/baltmeistars.lv\/ardarbi-3\/#primaryimage\",\"url\":\"https:\/\/baltmeistars.lv\/wp-content\/uploads\/2025\/12\/rencenu1-as-Smart-Object-1-1.jpg\",\"contentUrl\":\"https:\/\/baltmeistars.lv\/wp-content\/uploads\/2025\/12\/rencenu1-as-Smart-Object-1-1.jpg\"},{\"@type\":\"BreadcrumbList\",\"@id\":\"https:\/\/baltmeistars.lv\/ardarbi-3\/#breadcrumb\",\"itemListElement\":[{\"@type\":\"ListItem\",\"position\":1,\"name\":\"Home\",\"item\":\"https:\/\/baltmeistars.lv\/lv\/\"},{\"@type\":\"ListItem\",\"position\":2,\"name\":\"\u0100rdarbi\"}]},{\"@type\":\"WebSite\",\"@id\":\"https:\/\/baltmeistars.lv\/lv\/#website\",\"url\":\"https:\/\/baltmeistars.lv\/lv\/\",\"name\":\"Baltmeistars\",\"description\":\"Celtniec\u012bbas nozare\",\"alternateName\":\"Baltmeistars.lv\",\"potentialAction\":[{\"@type\":\"SearchAction\",\"target\":{\"@type\":\"EntryPoint\",\"urlTemplate\":\"https:\/\/baltmeistars.lv\/lv\/?s={search_term_string}\"},\"query-input\":{\"@type\":\"PropertyValueSpecification\",\"valueRequired\":true,\"valueName\":\"search_term_string\"}}],\"inLanguage\":\"lv-LV\"}]}<\/script>\n<!-- \/ Yoast SEO plugin. -->","yoast_head_json":{"title":"\u0100rdarbi - Baltmeistars","robots":{"index":"index","follow":"follow","max-snippet":"max-snippet:-1","max-image-preview":"max-image-preview:large","max-video-preview":"max-video-preview:-1"},"canonical":"https:\/\/baltmeistars.lv\/lv\/ardarbi-3\/","og_locale":"lv_LV","og_type":"article","og_title":"\u0100rdarbi - Baltmeistars","og_description":"God\u0101tie klienti! J\u016bs esat uzc\u0113lu\u0161i savu pirmo m\u0101ju \u2013 m\u0101jas konstrukcija ir zem jumta un logi ir ielikti. Tagad ir k\u0101rta \u0113kas \u0101r\u0113jai apdarei. M\u0101jas celtniec\u012bbas projekta dokument\u0101cij\u0101 ir nor\u0101d\u012bti visi apdares materi\u0101li, to markas un gala apdares kr\u0101su kodi. Turpm\u0101k apskat\u012bsim divu m\u0101ju konstrukciju tipu \u0101r\u0113jo apdari \u2013 300 mm bloku konstrukciju un koka [&hellip;] Las\u012bt vair\u0101k","og_url":"https:\/\/baltmeistars.lv\/lv\/ardarbi-3\/","og_site_name":"Baltmeistars","article_modified_time":"2025-12-12T07:44:52+00:00","og_image":[{"width":748,"height":528,"url":"https:\/\/baltmeistars.lv\/wp-content\/uploads\/2025\/12\/rencenu1-as-Smart-Object-1-1.jpg","type":"image\/jpeg"}],"twitter_card":"summary_large_image","twitter_misc":{"Est. reading time":"4 min\u016btes"},"schema":{"@context":"https:\/\/schema.org","@graph":[{"@type":"WebPage","@id":"https:\/\/baltmeistars.lv\/ardarbi-3\/","url":"https:\/\/baltmeistars.lv\/ardarbi-3\/","name":"\u0100rdarbi - Baltmeistars","isPartOf":{"@id":"https:\/\/baltmeistars.lv\/lv\/#website"},"primaryImageOfPage":{"@id":"https:\/\/baltmeistars.lv\/ardarbi-3\/#primaryimage"},"image":{"@id":"https:\/\/baltmeistars.lv\/ardarbi-3\/#primaryimage"},"thumbnailUrl":"https:\/\/baltmeistars.lv\/wp-content\/uploads\/2025\/12\/rencenu1-as-Smart-Object-1-1.jpg","datePublished":"2021-03-02T13:37:24+00:00","dateModified":"2025-12-12T07:44:52+00:00","breadcrumb":{"@id":"https:\/\/baltmeistars.lv\/ardarbi-3\/#breadcrumb"},"inLanguage":"lv-LV","potentialAction":[{"@type":"ReadAction","target":["https:\/\/baltmeistars.lv\/ardarbi-3\/"]}]},{"@type":"ImageObject","inLanguage":"lv-LV","@id":"https:\/\/baltmeistars.lv\/ardarbi-3\/#primaryimage","url":"https:\/\/baltmeistars.lv\/wp-content\/uploads\/2025\/12\/rencenu1-as-Smart-Object-1-1.jpg","contentUrl":"https:\/\/baltmeistars.lv\/wp-content\/uploads\/2025\/12\/rencenu1-as-Smart-Object-1-1.jpg"},{"@type":"BreadcrumbList","@id":"https:\/\/baltmeistars.lv\/ardarbi-3\/#breadcrumb","itemListElement":[{"@type":"ListItem","position":1,"name":"Home","item":"https:\/\/baltmeistars.lv\/lv\/"},{"@type":"ListItem","position":2,"name":"\u0100rdarbi"}]},{"@type":"WebSite","@id":"https:\/\/baltmeistars.lv\/lv\/#website","url":"https:\/\/baltmeistars.lv\/lv\/","name":"Baltmeistars","description":"Celtniec\u012bbas nozare","alternateName":"Baltmeistars.lv","potentialAction":[{"@type":"SearchAction","target":{"@type":"EntryPoint","urlTemplate":"https:\/\/baltmeistars.lv\/lv\/?s={search_term_string}"},"query-input":{"@type":"PropertyValueSpecification","valueRequired":true,"valueName":"search_term_string"}}],"inLanguage":"lv-LV"}]}},"_links":{"self":[{"href":"https:\/\/baltmeistars.lv\/lv\/wp-json\/wp\/v2\/pages\/6938","targetHints":{"allow":["GET"]}}],"collection":[{"href":"https:\/\/baltmeistars.lv\/lv\/wp-json\/wp\/v2\/pages"}],"about":[{"href":"https:\/\/baltmeistars.lv\/lv\/wp-json\/wp\/v2\/types\/page"}],"author":[{"embeddable":true,"href":"https:\/\/baltmeistars.lv\/lv\/wp-json\/wp\/v2\/users\/1"}],"replies":[{"embeddable":true,"href":"https:\/\/baltmeistars.lv\/lv\/wp-json\/wp\/v2\/comments?post=6938"}],"version-history":[{"count":6,"href":"https:\/\/baltmeistars.lv\/lv\/wp-json\/wp\/v2\/pages\/6938\/revisions"}],"predecessor-version":[{"id":7349,"href":"https:\/\/baltmeistars.lv\/lv\/wp-json\/wp\/v2\/pages\/6938\/revisions\/7349"}],"wp:attachment":[{"href":"https:\/\/baltmeistars.lv\/lv\/wp-json\/wp\/v2\/media?parent=6938"}],"curies":[{"name":"wp","href":"https:\/\/api.w.org\/{rel}","templated":true}]}}