{"id":6941,"date":"2021-03-02T15:40:19","date_gmt":"2021-03-02T13:40:19","guid":{"rendered":"https:\/\/baltmeistars.lv\/?page_id=6941"},"modified":"2021-04-06T19:11:23","modified_gmt":"2021-04-06T16:11:23","slug":"remontdarbi-2","status":"publish","type":"page","link":"https:\/\/baltmeistars.lv\/lv\/remontdarbi-2\/","title":{"rendered":"Remontdarbi"},"content":{"rendered":"\n<p>God\u0101tie klienti,<\/p>\n\n\n\n<p>Vis\u0101m J\u016bsu m\u0101j\u0101 eso\u0161aj\u0101m santehnikas ier\u012bc\u0113m ir nepiecie\u0161ama tehnisk\u0101 apkalpo\u0161ana un ar laiku ar\u012b remonts. Veicot regul\u0101ru ier\u012b\u010du un iek\u0101rtu apkopi, to kalpo\u0161anas laiks iev\u0113rojami pagarin\u0101s.<\/p>\n\n\n\n<p>Balstoties uz manu darba pieredzi, minim\u0101l\u0101 apkopes programma ir \u0161\u0101da:<\/p>\n\n\n\n<ul class=\"wp-block-list\"><li>Regul\u0101ra \u016bdens filtru nomai\u0146a<\/li><li>Regul\u0101ra filtr\u0101cijas sist\u0113mu apkope<\/li><li>Regul\u0101ra dub\u013cu filtru t\u012br\u012b\u0161ana, kuri is uzst\u0101d\u012bti pirms visiem \u016bdens padeves, apkures un \u016bdens apsildes s\u016bk\u0146iem \u2013 minim\u0101lais darbu veik\u0161anas grafiks ir 2 reizes gad\u0101.<\/li><li>Spiediena kontrole un regul\u0113\u0161ana \u016bdensapg\u0101des un apkures izple\u0161an\u0101s traukos &#8211; minim\u0101lais darbu veik\u0161anas grafiks ir 2 reizes gad\u0101.<\/li><\/ul>\n\n\n\n<p>Regul\u0101ri veicot visus augst\u0101kmin\u0113tos darbus, J\u016bs pasarg\u0101siet iek\u0101rtas no boj\u0101jumiem un av\u0101rijas situ\u0101cij\u0101m, kuras darbu veik\u0161anas gad\u012bjumos ir nov\u0113r\u0161amas<\/p>\n\n\n\n<p>M\u0113dz rasties situ\u0101cijas, kad k\u0101da no iek\u0101rt\u0101m p\u0101rst\u0101j darboties vai veidojas nopl\u016bdes. \u0160\u0101dos gadijumos ir j\u0101v\u0113r\u0161as pie kvalific\u0113ta meistara, kur\u0161 labos radu\u0161os defektus. Klientiem pied\u0101v\u0101ju veikt sekojo\u0161us remontdarbus:<\/p>\n\n\n\n<ul class=\"wp-block-list\"><li>\u016adenapg\u0101des s\u016bk\u0146u uzst\u0101d\u012b\u0161ana, nomai\u0146a, apkope un remonts<\/li><li>\u016adensatt\u012br\u012b\u0161anas sist\u0113mu uzst\u0101d\u012b\u0161ana, nomai\u0146a un apkope<\/li><li>\u016adensapg\u0101des sist\u0113mas piesl\u0113g\u0161ana un priv\u0101tm\u0101ju komunik\u0101ciju remonts<\/li><li>Kanaliz\u0101cijas sist\u0113mas piesl\u0113g\u0161ana, remonts un t\u012br\u012b\u0161ana<\/li><li>Santehnikas \u2013 \u016bdenmais\u012bt\u0101ju, tualates podu un bid\u0113 uzst\u0101d\u012b\u0161ana un remonts<\/li><li>Vannu, du\u0161as kab\u012b\u0146u un izliet\u0146u uzst\u0101d\u012b\u0161ana un nomai\u0146a<\/li><li>Apkures katlu un apkures sist\u0113mu \u2013 radiatoru, cirkul\u0101cijas s\u016bk\u0146u, izple\u0161an\u0101s trauku un boileru uzst\u0101d\u012b\u0161ana, piesl\u0113g\u0161ana un remonts<\/li><li>Sadz\u012bves tehnikas, ve\u013cas mazg\u0101jamo ma\u0161\u012bnu un trauku mazg\u0101jamo ma\u0161\u012bnu uzst\u0101d\u012b\u0161ana un piesl\u0113g\u0161ana<\/li><\/ul>\n\n\n\n<p>Pied\u0101v\u0101ju veikt visus sada\u013c\u0101 min\u0113tos santehnikas darbus.<\/p>\n","protected":false},"excerpt":{"rendered":"<p>God\u0101tie klienti, Vis\u0101m J\u016bsu m\u0101j\u0101 eso\u0161aj\u0101m santehnikas ier\u012bc\u0113m ir nepiecie\u0161ama tehnisk\u0101 apkalpo\u0161ana un ar laiku ar\u012b remonts. Veicot regul\u0101ru ier\u012b\u010du un iek\u0101rtu apkopi, to kalpo\u0161anas laiks iev\u0113rojami pagarin\u0101s. Balstoties uz manu darba pieredzi, minim\u0101l\u0101 apkopes programma ir \u0161\u0101da: Regul\u0101ra \u016bdens filtru nomai\u0146a Regul\u0101ra filtr\u0101cijas sist\u0113mu apkope Regul\u0101ra dub\u013cu filtru t\u012br\u012b\u0161ana, kuri is uzst\u0101d\u012bti pirms visiem <!-- more-link -->[&hellip;] <a href=\"https:\/\/baltmeistars.lv\/lv\/remontdarbi-2\/\" class=\"more more-link\">Las\u012bt vair\u0101k<\/a><\/p>\n","protected":false},"author":1,"featured_media":0,"parent":0,"menu_order":0,"comment_status":"closed","ping_status":"closed","template":"","meta":{"_acf_changed":false,"footnotes":""},"class_list":["post-6941","page","type-page","status-publish","hentry"],"acf":[],"yoast_head":"<!-- This site is optimized with the Yoast SEO plugin v24.5 - https:\/\/yoast.com\/wordpress\/plugins\/seo\/ -->\n<title>Remontdarbi - Baltmeistars<\/title>\n<meta name=\"robots\" content=\"index, follow, max-snippet:-1, max-image-preview:large, max-video-preview:-1\" \/>\n<link rel=\"canonical\" href=\"https:\/\/baltmeistars.lv\/lv\/remontdarbi-2\/\" \/>\n<meta property=\"og:locale\" content=\"lv_LV\" \/>\n<meta property=\"og:type\" content=\"article\" \/>\n<meta property=\"og:title\" content=\"Remontdarbi - Baltmeistars\" \/>\n<meta property=\"og:description\" content=\"God\u0101tie klienti, Vis\u0101m J\u016bsu m\u0101j\u0101 eso\u0161aj\u0101m santehnikas ier\u012bc\u0113m ir nepiecie\u0161ama tehnisk\u0101 apkalpo\u0161ana un ar laiku ar\u012b remonts. Veicot regul\u0101ru ier\u012b\u010du un iek\u0101rtu apkopi, to kalpo\u0161anas laiks iev\u0113rojami pagarin\u0101s. Balstoties uz manu darba pieredzi, minim\u0101l\u0101 apkopes programma ir \u0161\u0101da: Regul\u0101ra \u016bdens filtru nomai\u0146a Regul\u0101ra filtr\u0101cijas sist\u0113mu apkope Regul\u0101ra dub\u013cu filtru t\u012br\u012b\u0161ana, kuri is uzst\u0101d\u012bti pirms visiem [&hellip;] Las\u012bt vair\u0101k\" \/>\n<meta property=\"og:url\" content=\"https:\/\/baltmeistars.lv\/lv\/remontdarbi-2\/\" \/>\n<meta property=\"og:site_name\" content=\"Baltmeistars\" \/>\n<meta property=\"article:modified_time\" content=\"2021-04-06T16:11:23+00:00\" \/>\n<meta name=\"twitter:card\" content=\"summary_large_image\" \/>\n<meta name=\"twitter:label1\" content=\"Est. reading time\" \/>\n\t<meta name=\"twitter:data1\" content=\"2 min\u016btes\" \/>\n<script type=\"application\/ld+json\" class=\"yoast-schema-graph\">{\"@context\":\"https:\/\/schema.org\",\"@graph\":[{\"@type\":\"WebPage\",\"@id\":\"https:\/\/baltmeistars.lv\/remontdarbi-2\/\",\"url\":\"https:\/\/baltmeistars.lv\/remontdarbi-2\/\",\"name\":\"Remontdarbi - Baltmeistars\",\"isPartOf\":{\"@id\":\"https:\/\/baltmeistars.lv\/lv\/#website\"},\"datePublished\":\"2021-03-02T13:40:19+00:00\",\"dateModified\":\"2021-04-06T16:11:23+00:00\",\"breadcrumb\":{\"@id\":\"https:\/\/baltmeistars.lv\/remontdarbi-2\/#breadcrumb\"},\"inLanguage\":\"lv-LV\",\"potentialAction\":[{\"@type\":\"ReadAction\",\"target\":[\"https:\/\/baltmeistars.lv\/remontdarbi-2\/\"]}]},{\"@type\":\"BreadcrumbList\",\"@id\":\"https:\/\/baltmeistars.lv\/remontdarbi-2\/#breadcrumb\",\"itemListElement\":[{\"@type\":\"ListItem\",\"position\":1,\"name\":\"Home\",\"item\":\"https:\/\/baltmeistars.lv\/lv\/\"},{\"@type\":\"ListItem\",\"position\":2,\"name\":\"Remontdarbi\"}]},{\"@type\":\"WebSite\",\"@id\":\"https:\/\/baltmeistars.lv\/lv\/#website\",\"url\":\"https:\/\/baltmeistars.lv\/lv\/\",\"name\":\"Baltmeistars\",\"description\":\"Celtniec\u012bbas nozare\",\"alternateName\":\"Baltmeistars.lv\",\"potentialAction\":[{\"@type\":\"SearchAction\",\"target\":{\"@type\":\"EntryPoint\",\"urlTemplate\":\"https:\/\/baltmeistars.lv\/lv\/?s={search_term_string}\"},\"query-input\":{\"@type\":\"PropertyValueSpecification\",\"valueRequired\":true,\"valueName\":\"search_term_string\"}}],\"inLanguage\":\"lv-LV\"}]}<\/script>\n<!-- \/ Yoast SEO plugin. -->","yoast_head_json":{"title":"Remontdarbi - Baltmeistars","robots":{"index":"index","follow":"follow","max-snippet":"max-snippet:-1","max-image-preview":"max-image-preview:large","max-video-preview":"max-video-preview:-1"},"canonical":"https:\/\/baltmeistars.lv\/lv\/remontdarbi-2\/","og_locale":"lv_LV","og_type":"article","og_title":"Remontdarbi - Baltmeistars","og_description":"God\u0101tie klienti, Vis\u0101m J\u016bsu m\u0101j\u0101 eso\u0161aj\u0101m santehnikas ier\u012bc\u0113m ir nepiecie\u0161ama tehnisk\u0101 apkalpo\u0161ana un ar laiku ar\u012b remonts. Veicot regul\u0101ru ier\u012b\u010du un iek\u0101rtu apkopi, to kalpo\u0161anas laiks iev\u0113rojami pagarin\u0101s. Balstoties uz manu darba pieredzi, minim\u0101l\u0101 apkopes programma ir \u0161\u0101da: Regul\u0101ra \u016bdens filtru nomai\u0146a Regul\u0101ra filtr\u0101cijas sist\u0113mu apkope Regul\u0101ra dub\u013cu filtru t\u012br\u012b\u0161ana, kuri is uzst\u0101d\u012bti pirms visiem [&hellip;] Las\u012bt vair\u0101k","og_url":"https:\/\/baltmeistars.lv\/lv\/remontdarbi-2\/","og_site_name":"Baltmeistars","article_modified_time":"2021-04-06T16:11:23+00:00","twitter_card":"summary_large_image","twitter_misc":{"Est. reading time":"2 min\u016btes"},"schema":{"@context":"https:\/\/schema.org","@graph":[{"@type":"WebPage","@id":"https:\/\/baltmeistars.lv\/remontdarbi-2\/","url":"https:\/\/baltmeistars.lv\/remontdarbi-2\/","name":"Remontdarbi - Baltmeistars","isPartOf":{"@id":"https:\/\/baltmeistars.lv\/lv\/#website"},"datePublished":"2021-03-02T13:40:19+00:00","dateModified":"2021-04-06T16:11:23+00:00","breadcrumb":{"@id":"https:\/\/baltmeistars.lv\/remontdarbi-2\/#breadcrumb"},"inLanguage":"lv-LV","potentialAction":[{"@type":"ReadAction","target":["https:\/\/baltmeistars.lv\/remontdarbi-2\/"]}]},{"@type":"BreadcrumbList","@id":"https:\/\/baltmeistars.lv\/remontdarbi-2\/#breadcrumb","itemListElement":[{"@type":"ListItem","position":1,"name":"Home","item":"https:\/\/baltmeistars.lv\/lv\/"},{"@type":"ListItem","position":2,"name":"Remontdarbi"}]},{"@type":"WebSite","@id":"https:\/\/baltmeistars.lv\/lv\/#website","url":"https:\/\/baltmeistars.lv\/lv\/","name":"Baltmeistars","description":"Celtniec\u012bbas nozare","alternateName":"Baltmeistars.lv","potentialAction":[{"@type":"SearchAction","target":{"@type":"EntryPoint","urlTemplate":"https:\/\/baltmeistars.lv\/lv\/?s={search_term_string}"},"query-input":{"@type":"PropertyValueSpecification","valueRequired":true,"valueName":"search_term_string"}}],"inLanguage":"lv-LV"}]}},"_links":{"self":[{"href":"https:\/\/baltmeistars.lv\/lv\/wp-json\/wp\/v2\/pages\/6941","targetHints":{"allow":["GET"]}}],"collection":[{"href":"https:\/\/baltmeistars.lv\/lv\/wp-json\/wp\/v2\/pages"}],"about":[{"href":"https:\/\/baltmeistars.lv\/lv\/wp-json\/wp\/v2\/types\/page"}],"author":[{"embeddable":true,"href":"https:\/\/baltmeistars.lv\/lv\/wp-json\/wp\/v2\/users\/1"}],"replies":[{"embeddable":true,"href":"https:\/\/baltmeistars.lv\/lv\/wp-json\/wp\/v2\/comments?post=6941"}],"version-history":[{"count":4,"href":"https:\/\/baltmeistars.lv\/lv\/wp-json\/wp\/v2\/pages\/6941\/revisions"}],"predecessor-version":[{"id":7046,"href":"https:\/\/baltmeistars.lv\/lv\/wp-json\/wp\/v2\/pages\/6941\/revisions\/7046"}],"wp:attachment":[{"href":"https:\/\/baltmeistars.lv\/lv\/wp-json\/wp\/v2\/media?parent=6941"}],"curies":[{"name":"wp","href":"https:\/\/api.w.org\/{rel}","templated":true}]}}