{"id":7010,"date":"2021-03-04T18:42:16","date_gmt":"2021-03-04T16:42:16","guid":{"rendered":"https:\/\/baltmeistars.lv\/?page_id=7010"},"modified":"2025-02-20T07:50:29","modified_gmt":"2025-02-20T05:50:29","slug":"celtnieciba","status":"publish","type":"page","link":"https:\/\/baltmeistars.lv\/lv\/celtnieciba\/","title":{"rendered":"Celtniec\u012bba"},"content":{"rendered":"\n<div class=\"wp-block-group\"><div class=\"wp-block-group__inner-container is-layout-constrained wp-block-group-is-layout-constrained\">\n<p>God\u0101tie klienti,<\/p>\n\n\n<div class=\"wp-block-image\">\n<figure class=\"alignleft size-large is-resized\"><figure id=\"attachment_7099\" class=\"alignnone full-width-mobile thin\"><img loading=\"lazy\" decoding=\"async\" width=\"1024\" height=\"880\" src=\"https:\/\/baltmeistars.lv\/wp-content\/uploads\/2021\/03\/celtnieciba-1024x880.jpg\" alt=\"\" class=\"wp-image-7099\" style=\"width:251px;height:auto\" srcset=\"https:\/\/baltmeistars.lv\/wp-content\/uploads\/2021\/03\/celtnieciba-1024x880.jpg 1024w, https:\/\/baltmeistars.lv\/wp-content\/uploads\/2021\/03\/celtnieciba-300x258.jpg 300w, https:\/\/baltmeistars.lv\/wp-content\/uploads\/2021\/03\/celtnieciba-768x660.jpg 768w, https:\/\/baltmeistars.lv\/wp-content\/uploads\/2021\/03\/celtnieciba-14x12.jpg 14w, https:\/\/baltmeistars.lv\/wp-content\/uploads\/2021\/03\/celtnieciba-650x559.jpg 650w, https:\/\/baltmeistars.lv\/wp-content\/uploads\/2021\/03\/celtnieciba-890x765.jpg 890w, https:\/\/baltmeistars.lv\/wp-content\/uploads\/2021\/03\/celtnieciba-940x808.jpg 940w, https:\/\/baltmeistars.lv\/wp-content\/uploads\/2021\/03\/celtnieciba-460x395.jpg 460w, https:\/\/baltmeistars.lv\/wp-content\/uploads\/2021\/03\/celtnieciba-220x189.jpg 220w, https:\/\/baltmeistars.lv\/wp-content\/uploads\/2021\/03\/celtnieciba.jpg 1410w\" sizes=\"auto, (max-width: 1024px) 100vw, 1024px\" \/><\/figure><\/figure>\n<\/div>\n\n\n<p class=\"has-text-align-left\">Pied\u0101v\u0101ju Jums pilnu vienst\u0101vu \u0113ku celtniec\u012bbas pakalpojumu kompleksu Siguldas un In\u010dukalna novados un R\u012bgas rajon\u0101. Veicu visu veidu darbus, kas saist\u012bti ar vienst\u0101vu m\u0101ju, vasarn\u012bcu (d\u0101rza m\u0101ju), pirts, tera\u0161u, lape\u0146u un saimniec\u012bbas \u0113ku b\u016bvniec\u012bbu, k\u0101 ar\u012b konsultat\u012bvo atbalstu jaunu un jau eso\u0161u objektu sagatavo\u0161an\u0101 un nodo\u0161an\u0101 ekspluat\u0101cij\u0101.<\/p>\n<\/div><\/div>\n\n\n\n<p>Paties\u012bb\u0101, b\u016bvniec\u012bba s\u0101kas v\u0113l krietnu laiku pirms \u0113kas pamatu ielik\u0161anas. Ir j\u0101pie\u0146em virkne svar\u012bgu l\u0113mumu \u2013 zemes gabala atra\u0161an\u0101s vieta, \u0113kas \u0101r\u0113jais izskats (fas\u0101de), iek\u0161telpu pl\u0101no\u0161ana un daudz citu gana kopmplic\u0113tu un iz\u0161\u0137iro\u0161u l\u0113mumu.<\/p>\n\n\n\n<p>Kad \u0161is posms ir noiets un J\u016bs uzs\u0101kat zemes gabala mekl\u0113\u0161anu, bezgala svar\u012bgi ir piev\u0113rst uzman\u012bbu vair\u0101kiem iz\u0161\u0137iro\u0161iem faktoriem, kuriem turpm\u0101k b\u016bs tie\u0161a un noz\u012bm\u012bga ietekme un J\u016bsu projekta t\u0101l\u0101ko virz\u012bbu un gaitu.<\/p>\n\n\n\n<ul class=\"wp-block-list\">\n<li>Zemes gabala juridiskais status un k\u0101da veida vai tipa b\u016bvniec\u012bba ir at\u013cauta uz \u0161\u012b zemes gabala<\/li>\n\n\n\n<li>Piebraucamie ce\u013ci \u2013 vai J\u016bsu \u012bpa\u0161umam ir br\u012bva likumiska piek\u013cuve (piebrauk\u0161ana), vai vien\u012bgais piebraucamais ce\u013c\u0161 neiet pa sve\u0161u zemes \u012bpa\u0161umu. K\u0101ds ir \u0161o ce\u013cu statuss \u2013 t\u0101 ir ofici\u0101li re\u0123istr\u0113ta iela, kuru apkalpo attiec\u012bg\u0101 pa\u0161vald\u012bba vai ar\u012b, ieg\u0101d\u0101joties savu zemes gabalu, J\u016bs ieg\u016bstat tikai dom\u0101jamo da\u013cu no ce\u013ca, kur\u0161 nodro\u0161ina piek\u013cuvi J\u016bsu \u012bpa\u0161umam. Visas \u0161\u012bs ar zemes gabala ieg\u0101di saist\u012bt\u0101s nianses, diem\u017e\u0113l, ne vienm\u0113r tiek korekti izskaidrotas pirc\u0113jam pirkuma dar\u012bjuma sl\u0113g\u0161anas br\u012bd\u012b. Da\u017ereiz t\u0101s pat tiek noklus\u0113tas, kas v\u0113l\u0101k jaunajam zemes gabala \u012bpa\u0161niekam var rad\u012bt form\u0101lus un praktiskus sare\u017eg\u012bjumu gan ar pa\u0161vald\u012bbu, gan ar citu iesaist\u012bto zemes gabalu \u012bpasniekiem un kaimi\u0146iem. Protams, b\u016bs iesp\u0113ja noform\u0113t servit\u016bta ce\u013cus, ta\u010du viss min\u0113tais var ilgtermi\u0146\u0101 var rad\u012bt Jums neparedz\u0113tus fiansi\u0101lus sare\u017e\u0123\u012bjumus.<\/li>\n<\/ul>\n\n\n\n<p>N\u0101kamais solis ir projekta dokument\u0101cijas izstr\u0101de celtniec\u012bbas uzs\u0101k\u0161anai. Gad\u012bjum\u0101, ja Jums jau ir uzcelta dz\u012bvojam\u0101 m\u0101ja un J\u016bs v\u0113laties sev piedero\u0161aj\u0101 \u012bpa\u0161um\u0101 uzcelt gar\u0101\u017eu, vasaras terasi vai pirti, \u0161\u0101ds projekts ir vienl\u012bdz nepiecie\u0161ams vai ar\u012b, atsevi\u0161\u0137os gad\u012bjumos, saska\u0146o\u0161anas ar J\u016bsu pa\u0161vald\u012bbas b\u016bvvaldi. Projektu izstr\u0101d\u0101 sertific\u0113s arhitekts un tas sast\u0101v no vair\u0101k\u0101m da\u013c\u0101m, kuru sagatavo\u0161anu veic citi piesaist\u012btie sertific\u0113tie speci\u0101listi un kuri garant\u0113 kvalitat\u012bvu projekta dokument\u0101cijas noteikumu izpildi un veiksm\u012bgu procesa norisi l\u012bdz b\u016bvat\u013caujas sa\u0146em\u0161anai.<\/p>\n\n\n\n<p>Izv\u0113loties arhitektu vai arhitektu biroju projekt\u0113\u0161anas dokument\u0101cijas izstr\u0101dei, Jums ir br\u012bva izv\u0113le ar ko sadarboties \u2013 tas var b\u016bt gan uz\u0146\u0113mums, gan speci\u0101lists, kur\u0161 veic individu\u0101lu uz\u0146\u0113m\u0113jdarb\u012bbu. Abi \u0161ie varianti ir pie\u0146emami, ta\u010du jebkurai izv\u0113lei ir ar\u012b ninanses, kuras, slikt\u0101kaj\u0101 gad\u012bjum\u0101 var rad\u012bt papildus nepl\u0101notus izdevumus vai J\u016bs vienk\u0101r\u0161i varat zaud\u0113t laiku un celtniec\u012bbas uzs\u0101k\u0161anas darbi var kav\u0113ties.<\/p>\n\n\n\n<p>Ja J\u016bsu ikdienas vai profesion\u0101l\u0101 darb\u012bba nav saist\u012bta ar celtniec\u012bbu un Jums nav ar\u012b person\u012bg\u0101s pieredzes, tad vislab\u0101k uzs\u0101kt savas m\u0101jas projekt\u0113\u0161anu sadarb\u012bb\u0101 ar arhitekta un celtnieka tand\u0113mu. T\u0101d\u0113j\u0101di J\u016bs ekonom\u0113siet gan savu laiku, gan finanses, jo projekta pl\u0101no\u0161anas un faktisk\u0101s izpildes risin\u0101jumi tiks veidoti daudz efekt\u012bv\u0101k, kompleksi \u0146emot v\u0113r\u0101 gan cenu, gan kvalit\u0101ti.<\/p>\n\n\n\n<p>Vairum\u0101 arhitektu biroju pied\u0101v\u0101 pakalpojumu kompleksu, s\u0101kot no projekt\u0113\u0161anas dokument\u0101cijas izstr\u0101des l\u012bdz b\u016bvniec\u012bbas at\u013caujas sa\u0146em\u0161anai. \u0160is ir \u013coti pie\u0146emams risin\u0101jums, lai sa\u0146emtu visu b\u016bvniec\u012bbas uzs\u0101k\u0161anai nepiecie\u0161amo pakalpojumu paketi, turpret\u012b izmantojot tand\u0113ma \u201carhitekts + celtnieks\u201d pakalpojumus, J\u016bs, iesp\u0113jams, taup\u012bg\u0101k izlietoties finan\u0161u l\u012bdzek\u013cus, sadalot pilno pakalpojumu kompleksu pa atsevi\u0161\u0137iem pakalpojumu blokiem.<\/p>\n\n\n\n<p>K\u0101ds tad \u012bsum\u0101 ir viss sec\u012bgais projekt\u0113\u0161anas process s\u0101kot no zemes gabala ieg\u0101des br\u012b\u017ea<\/p>\n\n\n\n<ul class=\"wp-block-list\">\n<li>Topogr\u0101fija<\/li>\n\n\n\n<li>\u0122eolo\u0123ija<\/li>\n\n\n\n<li>\u0122ener\u0101lpl\u0101ns<\/li>\n\n\n\n<li>Arhitekt\u016bras projekts<\/li>\n\n\n\n<li>Konstrukt\u012bv\u0101 da\u013ca<\/li>\n\n\n\n<li>Saska\u0146o\u0161ana ar b\u016bvvaldi<\/li>\n\n\n\n<li>B\u016bvat\u013caujas sa\u0146em\u0161ana<\/li>\n<\/ul>\n\n\n\n<p>Arhitekt\u016bras projekts da\u013ca ir tas, k\u0101du J\u016bs iedom\u0101jieties savu m\u0101ju, ta\u010du, iesp\u0113jams, ar da\u017eiem ierobe\u017eojumiem attiec\u012bb\u0101 uz \u0101r\u0113jo fas\u0101di,lai t\u0101 iek\u013cautos eso\u0161aj\u0101 v\u0113sturiskaj\u0101 zemes gabala atra\u0161an\u0101s ainav\u0101. Konstrukt\u012bv\u0101 da\u013ca sast\u0101da virkni apr\u0113\u0137inu attiec\u012bb\u0101 uz \u0113kas konstrukcijas iztur\u012bbu un dro\u0161\u012bbu. Paral\u0113li \u0161iem apr\u0113\u0137iniem ir nepiecie\u0161ami elektrifik\u0101cijas, kanaliz\u0101cijas un \u016bdensapg\u0101des, apkures un energoefektivit\u0101tes projekti. Pras\u012bbas \u0161o projektu izpildei var at\u0161\u0137irties atkar\u012bb\u0101 no konkr\u0113t\u0101s pa\u0161vald\u012bbas, ta\u010du tie vienm\u0113r b\u016bs nepiecie\u0161ami<\/p>\n\n\n\n<p>Ilgtermi\u0146\u0101 str\u0101d\u0101jot b\u016bvniec\u012bbas jom\u0101 un saskaroties ar visda\u017e\u0101d\u0101ko projekt\u0113\u0161anas pras\u012bbu izpildi, pied\u0101v\u0101ju iesp\u0113ju izmantot kvalific\u0113tu un pieredz\u0113ju\u0161u projekt\u0113\u0161anas pakalpojmu sniedz\u0113jus, kas dos Jums iesp\u0113ju korekti un sapr\u0101t\u012bgi pl\u0101not savus b\u016bvniec\u012bbas izdevumus, \u0146emot v\u0113r\u0101 iepriek\u0161min\u0113tos faktorus.<\/p>\n\n\n\n<p>N\u0101kamais solis ir b\u016bvniec\u012bbas uzs\u0101k\u0161ana<\/p>\n","protected":false},"excerpt":{"rendered":"<p>God\u0101tie klienti, Pied\u0101v\u0101ju Jums pilnu vienst\u0101vu \u0113ku celtniec\u012bbas pakalpojumu kompleksu Siguldas un In\u010dukalna novados un R\u012bgas rajon\u0101. Veicu visu veidu darbus, kas saist\u012bti ar vienst\u0101vu m\u0101ju, vasarn\u012bcu (d\u0101rza m\u0101ju), pirts, tera\u0161u, lape\u0146u un saimniec\u012bbas \u0113ku b\u016bvniec\u012bbu, k\u0101 ar\u012b konsultat\u012bvo atbalstu jaunu un jau eso\u0161u objektu sagatavo\u0161an\u0101 un nodo\u0161an\u0101 ekspluat\u0101cij\u0101. Paties\u012bb\u0101, b\u016bvniec\u012bba s\u0101kas v\u0113l krietnu laiku <!-- more-link -->[&hellip;] <a href=\"https:\/\/baltmeistars.lv\/lv\/celtnieciba\/\" class=\"more more-link\">Las\u012bt vair\u0101k<\/a><\/p>\n","protected":false},"author":1,"featured_media":0,"parent":0,"menu_order":0,"comment_status":"closed","ping_status":"closed","template":"","meta":{"_acf_changed":false,"footnotes":""},"class_list":["post-7010","page","type-page","status-publish","hentry"],"acf":[],"yoast_head":"<!-- This site is optimized with the Yoast SEO plugin v24.5 - https:\/\/yoast.com\/wordpress\/plugins\/seo\/ -->\n<title>Celtniec\u012bba - Baltmeistars<\/title>\n<meta name=\"robots\" content=\"index, follow, max-snippet:-1, max-image-preview:large, max-video-preview:-1\" \/>\n<link rel=\"canonical\" href=\"https:\/\/baltmeistars.lv\/lv\/celtnieciba\/\" \/>\n<meta property=\"og:locale\" content=\"lv_LV\" \/>\n<meta property=\"og:type\" content=\"article\" \/>\n<meta property=\"og:title\" content=\"Celtniec\u012bba - Baltmeistars\" \/>\n<meta property=\"og:description\" content=\"God\u0101tie klienti, Pied\u0101v\u0101ju Jums pilnu vienst\u0101vu \u0113ku celtniec\u012bbas pakalpojumu kompleksu Siguldas un In\u010dukalna novados un R\u012bgas rajon\u0101. Veicu visu veidu darbus, kas saist\u012bti ar vienst\u0101vu m\u0101ju, vasarn\u012bcu (d\u0101rza m\u0101ju), pirts, tera\u0161u, lape\u0146u un saimniec\u012bbas \u0113ku b\u016bvniec\u012bbu, k\u0101 ar\u012b konsultat\u012bvo atbalstu jaunu un jau eso\u0161u objektu sagatavo\u0161an\u0101 un nodo\u0161an\u0101 ekspluat\u0101cij\u0101. Paties\u012bb\u0101, b\u016bvniec\u012bba s\u0101kas v\u0113l krietnu laiku [&hellip;] Las\u012bt vair\u0101k\" \/>\n<meta property=\"og:url\" content=\"https:\/\/baltmeistars.lv\/lv\/celtnieciba\/\" \/>\n<meta property=\"og:site_name\" content=\"Baltmeistars\" \/>\n<meta property=\"article:modified_time\" content=\"2025-02-20T05:50:29+00:00\" \/>\n<meta property=\"og:image\" content=\"https:\/\/baltmeistars.lv\/wp-content\/uploads\/2021\/03\/celtnieciba-1024x880.jpg\" \/>\n<meta name=\"twitter:card\" content=\"summary_large_image\" \/>\n<meta name=\"twitter:label1\" content=\"Est. reading time\" \/>\n\t<meta name=\"twitter:data1\" content=\"3 min\u016btes\" \/>\n<script type=\"application\/ld+json\" class=\"yoast-schema-graph\">{\"@context\":\"https:\/\/schema.org\",\"@graph\":[{\"@type\":\"WebPage\",\"@id\":\"https:\/\/baltmeistars.lv\/celtnieciba\/\",\"url\":\"https:\/\/baltmeistars.lv\/celtnieciba\/\",\"name\":\"Celtniec\u012bba - Baltmeistars\",\"isPartOf\":{\"@id\":\"https:\/\/baltmeistars.lv\/lv\/#website\"},\"primaryImageOfPage\":{\"@id\":\"https:\/\/baltmeistars.lv\/celtnieciba\/#primaryimage\"},\"image\":{\"@id\":\"https:\/\/baltmeistars.lv\/celtnieciba\/#primaryimage\"},\"thumbnailUrl\":\"https:\/\/baltmeistars.lv\/wp-content\/uploads\/2021\/03\/celtnieciba-1024x880.jpg\",\"datePublished\":\"2021-03-04T16:42:16+00:00\",\"dateModified\":\"2025-02-20T05:50:29+00:00\",\"breadcrumb\":{\"@id\":\"https:\/\/baltmeistars.lv\/celtnieciba\/#breadcrumb\"},\"inLanguage\":\"lv-LV\",\"potentialAction\":[{\"@type\":\"ReadAction\",\"target\":[\"https:\/\/baltmeistars.lv\/celtnieciba\/\"]}]},{\"@type\":\"ImageObject\",\"inLanguage\":\"lv-LV\",\"@id\":\"https:\/\/baltmeistars.lv\/celtnieciba\/#primaryimage\",\"url\":\"https:\/\/baltmeistars.lv\/wp-content\/uploads\/2021\/03\/celtnieciba-1024x880.jpg\",\"contentUrl\":\"https:\/\/baltmeistars.lv\/wp-content\/uploads\/2021\/03\/celtnieciba-1024x880.jpg\"},{\"@type\":\"BreadcrumbList\",\"@id\":\"https:\/\/baltmeistars.lv\/celtnieciba\/#breadcrumb\",\"itemListElement\":[{\"@type\":\"ListItem\",\"position\":1,\"name\":\"Home\",\"item\":\"https:\/\/baltmeistars.lv\/lv\/\"},{\"@type\":\"ListItem\",\"position\":2,\"name\":\"Celtniec\u012bba\"}]},{\"@type\":\"WebSite\",\"@id\":\"https:\/\/baltmeistars.lv\/lv\/#website\",\"url\":\"https:\/\/baltmeistars.lv\/lv\/\",\"name\":\"Baltmeistars\",\"description\":\"Celtniec\u012bbas nozare\",\"alternateName\":\"Baltmeistars.lv\",\"potentialAction\":[{\"@type\":\"SearchAction\",\"target\":{\"@type\":\"EntryPoint\",\"urlTemplate\":\"https:\/\/baltmeistars.lv\/lv\/?s={search_term_string}\"},\"query-input\":{\"@type\":\"PropertyValueSpecification\",\"valueRequired\":true,\"valueName\":\"search_term_string\"}}],\"inLanguage\":\"lv-LV\"}]}<\/script>\n<!-- \/ Yoast SEO plugin. -->","yoast_head_json":{"title":"Celtniec\u012bba - Baltmeistars","robots":{"index":"index","follow":"follow","max-snippet":"max-snippet:-1","max-image-preview":"max-image-preview:large","max-video-preview":"max-video-preview:-1"},"canonical":"https:\/\/baltmeistars.lv\/lv\/celtnieciba\/","og_locale":"lv_LV","og_type":"article","og_title":"Celtniec\u012bba - Baltmeistars","og_description":"God\u0101tie klienti, Pied\u0101v\u0101ju Jums pilnu vienst\u0101vu \u0113ku celtniec\u012bbas pakalpojumu kompleksu Siguldas un In\u010dukalna novados un R\u012bgas rajon\u0101. Veicu visu veidu darbus, kas saist\u012bti ar vienst\u0101vu m\u0101ju, vasarn\u012bcu (d\u0101rza m\u0101ju), pirts, tera\u0161u, lape\u0146u un saimniec\u012bbas \u0113ku b\u016bvniec\u012bbu, k\u0101 ar\u012b konsultat\u012bvo atbalstu jaunu un jau eso\u0161u objektu sagatavo\u0161an\u0101 un nodo\u0161an\u0101 ekspluat\u0101cij\u0101. Paties\u012bb\u0101, b\u016bvniec\u012bba s\u0101kas v\u0113l krietnu laiku [&hellip;] Las\u012bt vair\u0101k","og_url":"https:\/\/baltmeistars.lv\/lv\/celtnieciba\/","og_site_name":"Baltmeistars","article_modified_time":"2025-02-20T05:50:29+00:00","og_image":[{"url":"https:\/\/baltmeistars.lv\/wp-content\/uploads\/2021\/03\/celtnieciba-1024x880.jpg","type":"","width":"","height":""}],"twitter_card":"summary_large_image","twitter_misc":{"Est. reading time":"3 min\u016btes"},"schema":{"@context":"https:\/\/schema.org","@graph":[{"@type":"WebPage","@id":"https:\/\/baltmeistars.lv\/celtnieciba\/","url":"https:\/\/baltmeistars.lv\/celtnieciba\/","name":"Celtniec\u012bba - Baltmeistars","isPartOf":{"@id":"https:\/\/baltmeistars.lv\/lv\/#website"},"primaryImageOfPage":{"@id":"https:\/\/baltmeistars.lv\/celtnieciba\/#primaryimage"},"image":{"@id":"https:\/\/baltmeistars.lv\/celtnieciba\/#primaryimage"},"thumbnailUrl":"https:\/\/baltmeistars.lv\/wp-content\/uploads\/2021\/03\/celtnieciba-1024x880.jpg","datePublished":"2021-03-04T16:42:16+00:00","dateModified":"2025-02-20T05:50:29+00:00","breadcrumb":{"@id":"https:\/\/baltmeistars.lv\/celtnieciba\/#breadcrumb"},"inLanguage":"lv-LV","potentialAction":[{"@type":"ReadAction","target":["https:\/\/baltmeistars.lv\/celtnieciba\/"]}]},{"@type":"ImageObject","inLanguage":"lv-LV","@id":"https:\/\/baltmeistars.lv\/celtnieciba\/#primaryimage","url":"https:\/\/baltmeistars.lv\/wp-content\/uploads\/2021\/03\/celtnieciba-1024x880.jpg","contentUrl":"https:\/\/baltmeistars.lv\/wp-content\/uploads\/2021\/03\/celtnieciba-1024x880.jpg"},{"@type":"BreadcrumbList","@id":"https:\/\/baltmeistars.lv\/celtnieciba\/#breadcrumb","itemListElement":[{"@type":"ListItem","position":1,"name":"Home","item":"https:\/\/baltmeistars.lv\/lv\/"},{"@type":"ListItem","position":2,"name":"Celtniec\u012bba"}]},{"@type":"WebSite","@id":"https:\/\/baltmeistars.lv\/lv\/#website","url":"https:\/\/baltmeistars.lv\/lv\/","name":"Baltmeistars","description":"Celtniec\u012bbas nozare","alternateName":"Baltmeistars.lv","potentialAction":[{"@type":"SearchAction","target":{"@type":"EntryPoint","urlTemplate":"https:\/\/baltmeistars.lv\/lv\/?s={search_term_string}"},"query-input":{"@type":"PropertyValueSpecification","valueRequired":true,"valueName":"search_term_string"}}],"inLanguage":"lv-LV"}]}},"_links":{"self":[{"href":"https:\/\/baltmeistars.lv\/lv\/wp-json\/wp\/v2\/pages\/7010","targetHints":{"allow":["GET"]}}],"collection":[{"href":"https:\/\/baltmeistars.lv\/lv\/wp-json\/wp\/v2\/pages"}],"about":[{"href":"https:\/\/baltmeistars.lv\/lv\/wp-json\/wp\/v2\/types\/page"}],"author":[{"embeddable":true,"href":"https:\/\/baltmeistars.lv\/lv\/wp-json\/wp\/v2\/users\/1"}],"replies":[{"embeddable":true,"href":"https:\/\/baltmeistars.lv\/lv\/wp-json\/wp\/v2\/comments?post=7010"}],"version-history":[{"count":5,"href":"https:\/\/baltmeistars.lv\/lv\/wp-json\/wp\/v2\/pages\/7010\/revisions"}],"predecessor-version":[{"id":7238,"href":"https:\/\/baltmeistars.lv\/lv\/wp-json\/wp\/v2\/pages\/7010\/revisions\/7238"}],"wp:attachment":[{"href":"https:\/\/baltmeistars.lv\/lv\/wp-json\/wp\/v2\/media?parent=7010"}],"curies":[{"name":"wp","href":"https:\/\/api.w.org\/{rel}","templated":true}]}}