{"id":6764,"date":"2021-02-28T03:30:36","date_gmt":"2021-02-28T01:30:36","guid":{"rendered":"https:\/\/devilsecure.com\/?page_id=6764"},"modified":"2025-02-20T09:55:13","modified_gmt":"2025-02-20T07:55:13","slug":"santehnika","status":"publish","type":"page","link":"https:\/\/baltmeistars.lv\/ru\/santehnika\/","title":{"rendered":"\u0421\u0430\u043d\u0442\u0435\u0445\u043d\u0438\u043a\u0430"},"content":{"rendered":"<p>\u0423\u0432\u0430\u0436\u0430\u0435\u043c\u044b\u0435 \u043a\u043b\u0438\u0435\u043d\u0442\u044b,<\/p>\n\n\n\n<p>\u0421\u0430\u043d\u0442\u0435\u0445\u043d\u0438\u043a\u0430 \u044d\u0442\u043e \u0441\u0438\u0441\u0442\u0435\u043c\u0430 \u0442\u0435\u0445\u043d\u0438\u0447\u0435\u0441\u043a\u0438\u0445 \u0441\u0440\u0435\u0434\u0441\u0442\u0432 \u043f\u0440\u0438\u0432\u043e\u0434\u044f\u0449\u0438\u0445 \u0432\u043e\u0434\u0443 \u043a \u043f\u043e\u0442\u0440\u0435\u0431\u0438\u0442\u0435\u043b\u044e \u0438 \u0443\u0432\u043e\u0434\u044f\u0449\u0438\u0445 \u043e\u0442\u0440\u0430\u0431\u043e\u0442\u0430\u043d\u043d\u044b\u0435 \u0441\u0442\u043e\u043a\u0438.<\/p>\n\n\n\n<p>\u0412\u0441\u0435 \u0441\u0430\u043d\u0442\u0435\u0445\u043d\u0438\u0447\u0435\u0441\u043a\u0438\u0435 \u0443\u0441\u0442\u0440\u043e\u0439\u0441\u0442\u0432\u0430 \u043c\u043e\u0436\u043d\u043e \u0440\u0430\u0437\u0434\u0435\u043b\u0438\u0442\u044c \u043d\u0430 \u0434\u0432\u0435 \u0433\u0440\u0443\u043f\u043f\u044b<\/p>\n\n\n\n<ul class=\"wp-block-list\"><li>\u0412\u043e\u0434\u043e\u0441\u043d\u0430\u0431\u0436\u0435\u043d\u0438\u0435<\/li><li>\u041a\u0430\u043d\u0430\u043b\u0438\u0437\u0430\u0446\u0438\u044f<\/li><\/ul>\n\n\n\n<p>\u0412 \u0441\u0432\u043e\u044e \u043e\u0447\u0435\u0440\u0435\u0434\u044c \u0432\u0441\u0435, \u0447\u0442\u043e \u043d\u0430\u0445\u043e\u0434\u0438\u0442\u0441\u044f \u0437\u0430 \u043f\u0440\u0435\u0434\u0435\u043b\u0430\u043c\u0438 \u0441\u0442\u0440\u043e\u0435\u043d\u0438\u044f - \u044d\u0442\u043e \u0432\u043d\u0435\u0448\u043d\u0438\u0435 \u0441\u0435\u0442\u0438 \u0438 \u0441\u043e\u043e\u0442\u0432\u0435\u0442\u0441\u0442\u0432\u0435\u043d\u043d\u043e \u0432\u043d\u0443\u0442\u0440\u0438 \u0441\u0442\u0440\u043e\u0435\u043d\u0438\u044f \u2013 \u044d\u0442\u043e \u0432\u043d\u0443\u0442\u0440\u0435\u043d\u043d\u0438\u0435 \u0441\u0435\u0442\u0438.<\/p>\n\n\n\n<p>\u0412\u043e\u0434\u0430 \u043f\u043e\u0441\u0442\u0443\u043f\u0430\u0435\u0442 \u0432 \u0434\u043e\u043c \u043e\u0442 \u0442\u043e\u0447\u043a\u0438 \u043f\u043e\u0434\u043a\u043b\u044e\u0447\u0435\u043d\u0438\u044f. \u0412 \u0447\u0430\u0441\u0442\u043d\u043e\u043c \u0434\u043e\u043c\u043e\u0441\u0442\u0440\u043e\u0435\u043d\u0438\u0438 \u044d\u0442\u043e \u043c\u043e\u0436\u0435\u0442 \u0431\u044b\u0442\u044c \u0441\u043a\u0432\u0430\u0436\u0438\u043d\u0430, \u0438\u0437 \u043a\u043e\u0442\u043e\u0440\u043e\u0439 \u043f\u043e\u0441\u0440\u0435\u0434\u0441\u0442\u0432\u043e\u043c \u043f\u043e\u0433\u0440\u0443\u0436\u043d\u043e\u0433\u043e \u0432\u043e\u0434\u044f\u043d\u043e\u0433\u043e \u043d\u0430\u0441\u043e\u0441\u0430 \u0432\u043e\u0434\u0430 \u043f\u043e\u0441\u0442\u0443\u043f\u0430\u0435\u0442 \u0432 \u0434\u043e\u043c \u0438\u043b\u0438 \u0433\u043e\u0440\u043e\u0434\u0441\u043a\u0430\u044f \u0441\u0438\u0441\u0442\u0435\u043c\u0430 \u0432\u043e\u0434\u043e\u0441\u043d\u0430\u0431\u0436\u0435\u043d\u0438\u044f, \u0432\u044b\u043f\u043e\u043b\u043d\u0435\u043d\u043d\u0430\u044f \u0442\u0430\u043a\u0438\u043c \u043e\u0431\u0440\u0430\u0437\u043e\u043c, \u0447\u0442\u043e \u0442\u043e\u0447\u043a\u0430 \u043f\u043e\u0434\u043a\u043b\u044e\u0447\u0435\u043d\u0438\u044f \u043a \u0432\u043e\u0434\u043e\u043f\u0440\u043e\u0432\u043e\u0434\u0443 \u043d\u0430\u0445\u043e\u0434\u0438\u0442\u0441\u044f \u043d\u0430 \u0433\u0440\u0430\u043d\u0438\u0446\u0435 \u0412\u0430\u0448\u0435\u0433\u043e \u0443\u0447\u0430\u0441\u0442\u043a\u0430.<\/p>\n\n\n\n<p>\u0412 \u0441\u0432\u043e\u044e \u043e\u0447\u0435\u0440\u0435\u0434\u044c, \u043e\u0442\u0440\u0430\u0431\u043e\u0442\u0430\u043d\u043d\u044b\u0435 \u0441\u0442\u043e\u043a\u0438 \u043e\u0442\u0445\u043e\u0434\u044f\u0442 \u043b\u0438\u0431\u043e \u0432 \u0433\u043e\u0440\u043e\u0434\u0441\u043a\u0443\u044e \u0441\u0438\u0441\u0442\u0435\u043c\u0443 \u043a\u0430\u043d\u0430\u043b\u0438\u0437\u0430\u0446\u0438\u0438, \u0441 \u0432\u043e\u0437\u043c\u043e\u0436\u043d\u043e\u0441\u0442\u044c\u044e \u043f\u043e\u0434\u043a\u043b\u044e\u0447\u0435\u043d\u0438\u044f \u0430\u043d\u0430\u043b\u043e\u0433\u0438\u0447\u043d\u043e\u0439 \u0432\u043e\u0434\u043e\u0441\u043d\u0430\u0431\u0436\u0435\u043d\u0438\u044e \u0438\u043b\u0438 \u043a\u0430\u043d\u0430\u043b\u0438\u0437\u0430\u0446\u0438\u043e\u043d\u043d\u0443\u044e \u0441\u0438\u0441\u0442\u0435\u043c\u0443 \u0412\u0430\u0448\u0435\u0433\u043e \u0434\u043e\u043c\u0430, \u0432\u044b\u043f\u043e\u043b\u043d\u0435\u043d\u043d\u0443\u044e \u0441\u043e\u0433\u043b\u0430\u0441\u043d\u043e \u043f\u0440\u043e\u0435\u043a\u0442\u0443.<\/p>\n\n\n\n<p>\u041f\u0440\u043e\u0438\u0437\u0432\u043e\u0436\u0443 \u0432\u0441\u0435 \u0432\u0438\u0434\u044b \u0440\u0430\u0431\u043e\u0442 \u043f\u043e \u0443\u0441\u0442\u0440\u043e\u0439\u0441\u0442\u0432\u0443 \u0432\u043e\u0434\u043e\u043f\u0440\u043e\u0432\u043e\u0434\u0430 \u0438 \u043a\u0430\u043d\u0430\u043b\u0438\u0437\u0430\u0446\u0438\u0438 \u043e\u043f\u0438\u0441\u0430\u043d\u043d\u044b\u0445 \u0432 \u0440\u0430\u0437\u0434\u0435\u043b\u0435 \u0432 \u0421\u0438\u0433\u0443\u043b\u0434\u0435, \u0418\u043d\u0447\u0443\u043a\u0430\u043b\u043d\u0441\u0435 \u0438 \u0420\u0438\u0436\u0441\u043a\u043e\u043c \u0440\u0430\u0439\u043e\u043d\u0435.<\/p>","protected":false},"excerpt":{"rendered":"<p>God\u0101tie klienti, M\u0101jas sahtehnika ir tehnisko l\u012bdzek\u013cu sist\u0113ma, kas nodro\u0161ina m\u0101j\u0101s izmantojam\u0101 \u016bdens pieg\u0101di tai un izmantot\u0101 \u016bdens izvadi no t\u0101s. Visas santehnikas iek\u0101rtas var sadal\u012bt div\u0101s grup\u0101s \u016adensapg\u0101de Kanaliz\u0101cija Viss, kas atrodas \u0101rpus \u0113kas \u2013 tie ir \u0101r\u0113jie t\u012bkli un, attiec\u012bgi, viss, kas atrodas \u0113kas iek\u0161pus\u0113 \u2013 tie ir iek\u0161\u0113jie t\u012bkli \u016adens piek\u013c\u016bst m\u0101jai <!-- more-link -->[&hellip;] <a href=\"https:\/\/baltmeistars.lv\/ru\/santehnika\/\" class=\"more more-link\">Las\u012bt vair\u0101k<\/a><\/p>","protected":false},"author":1,"featured_media":0,"parent":0,"menu_order":0,"comment_status":"closed","ping_status":"closed","template":"","meta":{"_acf_changed":false,"footnotes":""},"class_list":["post-6764","page","type-page","status-publish","hentry"],"acf":[],"yoast_head":"<!-- This site is optimized with the Yoast SEO plugin v24.5 - https:\/\/yoast.com\/wordpress\/plugins\/seo\/ -->\n<title>Santehnika - Baltmeistars<\/title>\n<meta name=\"robots\" content=\"index, follow, max-snippet:-1, max-image-preview:large, max-video-preview:-1\" \/>\n<link rel=\"canonical\" href=\"https:\/\/baltmeistars.lv\/ru\/santehnika\/\" \/>\n<meta property=\"og:locale\" content=\"ru_RU\" \/>\n<meta property=\"og:type\" content=\"article\" \/>\n<meta property=\"og:title\" content=\"Santehnika - Baltmeistars\" \/>\n<meta property=\"og:description\" content=\"God\u0101tie klienti, M\u0101jas sahtehnika ir tehnisko l\u012bdzek\u013cu sist\u0113ma, kas nodro\u0161ina m\u0101j\u0101s izmantojam\u0101 \u016bdens pieg\u0101di tai un izmantot\u0101 \u016bdens izvadi no t\u0101s. Visas santehnikas iek\u0101rtas var sadal\u012bt div\u0101s grup\u0101s \u016adensapg\u0101de Kanaliz\u0101cija Viss, kas atrodas \u0101rpus \u0113kas \u2013 tie ir \u0101r\u0113jie t\u012bkli un, attiec\u012bgi, viss, kas atrodas \u0113kas iek\u0161pus\u0113 \u2013 tie ir iek\u0161\u0113jie t\u012bkli \u016adens piek\u013c\u016bst m\u0101jai [&hellip;] Las\u012bt vair\u0101k\" \/>\n<meta property=\"og:url\" content=\"https:\/\/baltmeistars.lv\/ru\/santehnika\/\" \/>\n<meta property=\"og:site_name\" content=\"Baltmeistars\" \/>\n<meta property=\"article:modified_time\" content=\"2025-02-20T07:55:13+00:00\" \/>\n<meta name=\"twitter:card\" content=\"summary_large_image\" \/>\n<meta name=\"twitter:label1\" content=\"\u041f\u0440\u0438\u043c\u0435\u0440\u043d\u043e\u0435 \u0432\u0440\u0435\u043c\u044f \u0434\u043b\u044f \u0447\u0442\u0435\u043d\u0438\u044f\" \/>\n\t<meta name=\"twitter:data1\" content=\"1 \u043c\u0438\u043d\u0443\u0442\u0430\" \/>\n<script type=\"application\/ld+json\" class=\"yoast-schema-graph\">{\"@context\":\"https:\/\/schema.org\",\"@graph\":[{\"@type\":\"WebPage\",\"@id\":\"https:\/\/baltmeistars.lv\/santehnika\/\",\"url\":\"https:\/\/baltmeistars.lv\/santehnika\/\",\"name\":\"Santehnika - Baltmeistars\",\"isPartOf\":{\"@id\":\"https:\/\/baltmeistars.lv\/lv\/#website\"},\"datePublished\":\"2021-02-28T01:30:36+00:00\",\"dateModified\":\"2025-02-20T07:55:13+00:00\",\"breadcrumb\":{\"@id\":\"https:\/\/baltmeistars.lv\/santehnika\/#breadcrumb\"},\"inLanguage\":\"ru-RU\",\"potentialAction\":[{\"@type\":\"ReadAction\",\"target\":[\"https:\/\/baltmeistars.lv\/santehnika\/\"]}]},{\"@type\":\"BreadcrumbList\",\"@id\":\"https:\/\/baltmeistars.lv\/santehnika\/#breadcrumb\",\"itemListElement\":[{\"@type\":\"ListItem\",\"position\":1,\"name\":\"Home\",\"item\":\"https:\/\/baltmeistars.lv\/lv\/\"},{\"@type\":\"ListItem\",\"position\":2,\"name\":\"Santehnika\"}]},{\"@type\":\"WebSite\",\"@id\":\"https:\/\/baltmeistars.lv\/lv\/#website\",\"url\":\"https:\/\/baltmeistars.lv\/lv\/\",\"name\":\"Baltmeistars\",\"description\":\"Celtniec\u012bbas nozare\",\"alternateName\":\"Baltmeistars.lv\",\"potentialAction\":[{\"@type\":\"SearchAction\",\"target\":{\"@type\":\"EntryPoint\",\"urlTemplate\":\"https:\/\/baltmeistars.lv\/lv\/?s={search_term_string}\"},\"query-input\":{\"@type\":\"PropertyValueSpecification\",\"valueRequired\":true,\"valueName\":\"search_term_string\"}}],\"inLanguage\":\"ru-RU\"}]}<\/script>\n<!-- \/ Yoast SEO plugin. -->","yoast_head_json":{"title":"Santehnika - Baltmeistars","robots":{"index":"index","follow":"follow","max-snippet":"max-snippet:-1","max-image-preview":"max-image-preview:large","max-video-preview":"max-video-preview:-1"},"canonical":"https:\/\/baltmeistars.lv\/ru\/santehnika\/","og_locale":"ru_RU","og_type":"article","og_title":"Santehnika - Baltmeistars","og_description":"God\u0101tie klienti, M\u0101jas sahtehnika ir tehnisko l\u012bdzek\u013cu sist\u0113ma, kas nodro\u0161ina m\u0101j\u0101s izmantojam\u0101 \u016bdens pieg\u0101di tai un izmantot\u0101 \u016bdens izvadi no t\u0101s. Visas santehnikas iek\u0101rtas var sadal\u012bt div\u0101s grup\u0101s \u016adensapg\u0101de Kanaliz\u0101cija Viss, kas atrodas \u0101rpus \u0113kas \u2013 tie ir \u0101r\u0113jie t\u012bkli un, attiec\u012bgi, viss, kas atrodas \u0113kas iek\u0161pus\u0113 \u2013 tie ir iek\u0161\u0113jie t\u012bkli \u016adens piek\u013c\u016bst m\u0101jai [&hellip;] Las\u012bt vair\u0101k","og_url":"https:\/\/baltmeistars.lv\/ru\/santehnika\/","og_site_name":"Baltmeistars","article_modified_time":"2025-02-20T07:55:13+00:00","twitter_card":"summary_large_image","twitter_misc":{"\u041f\u0440\u0438\u043c\u0435\u0440\u043d\u043e\u0435 \u0432\u0440\u0435\u043c\u044f \u0434\u043b\u044f \u0447\u0442\u0435\u043d\u0438\u044f":"1 \u043c\u0438\u043d\u0443\u0442\u0430"},"schema":{"@context":"https:\/\/schema.org","@graph":[{"@type":"WebPage","@id":"https:\/\/baltmeistars.lv\/santehnika\/","url":"https:\/\/baltmeistars.lv\/santehnika\/","name":"Santehnika - Baltmeistars","isPartOf":{"@id":"https:\/\/baltmeistars.lv\/lv\/#website"},"datePublished":"2021-02-28T01:30:36+00:00","dateModified":"2025-02-20T07:55:13+00:00","breadcrumb":{"@id":"https:\/\/baltmeistars.lv\/santehnika\/#breadcrumb"},"inLanguage":"ru-RU","potentialAction":[{"@type":"ReadAction","target":["https:\/\/baltmeistars.lv\/santehnika\/"]}]},{"@type":"BreadcrumbList","@id":"https:\/\/baltmeistars.lv\/santehnika\/#breadcrumb","itemListElement":[{"@type":"ListItem","position":1,"name":"Home","item":"https:\/\/baltmeistars.lv\/lv\/"},{"@type":"ListItem","position":2,"name":"Santehnika"}]},{"@type":"WebSite","@id":"https:\/\/baltmeistars.lv\/lv\/#website","url":"https:\/\/baltmeistars.lv\/lv\/","name":"Baltmeistars","description":"Celtniec\u012bbas nozare","alternateName":"Baltmeistars.lv","potentialAction":[{"@type":"SearchAction","target":{"@type":"EntryPoint","urlTemplate":"https:\/\/baltmeistars.lv\/lv\/?s={search_term_string}"},"query-input":{"@type":"PropertyValueSpecification","valueRequired":true,"valueName":"search_term_string"}}],"inLanguage":"ru-RU"}]}},"_links":{"self":[{"href":"https:\/\/baltmeistars.lv\/ru\/wp-json\/wp\/v2\/pages\/6764","targetHints":{"allow":["GET"]}}],"collection":[{"href":"https:\/\/baltmeistars.lv\/ru\/wp-json\/wp\/v2\/pages"}],"about":[{"href":"https:\/\/baltmeistars.lv\/ru\/wp-json\/wp\/v2\/types\/page"}],"author":[{"embeddable":true,"href":"https:\/\/baltmeistars.lv\/ru\/wp-json\/wp\/v2\/users\/1"}],"replies":[{"embeddable":true,"href":"https:\/\/baltmeistars.lv\/ru\/wp-json\/wp\/v2\/comments?post=6764"}],"version-history":[{"count":5,"href":"https:\/\/baltmeistars.lv\/ru\/wp-json\/wp\/v2\/pages\/6764\/revisions"}],"predecessor-version":[{"id":7268,"href":"https:\/\/baltmeistars.lv\/ru\/wp-json\/wp\/v2\/pages\/6764\/revisions\/7268"}],"wp:attachment":[{"href":"https:\/\/baltmeistars.lv\/ru\/wp-json\/wp\/v2\/media?parent=6764"}],"curies":[{"name":"wp","href":"https:\/\/api.w.org\/{rel}","templated":true}]}}