{"id":6767,"date":"2021-02-28T03:32:15","date_gmt":"2021-02-28T01:32:15","guid":{"rendered":"https:\/\/devilsecure.com\/?page_id=6767"},"modified":"2025-02-20T08:05:02","modified_gmt":"2025-02-20T06:05:02","slug":"elektrikis","status":"publish","type":"page","link":"https:\/\/baltmeistars.lv\/ru\/elektrikis\/","title":{"rendered":"\u042d\u043b\u0435\u043a\u0442\u0440\u0438\u0447\u0435\u0441\u0442\u0432\u043e"},"content":{"rendered":"<p>\u0423\u0432\u0430\u0436\u0430\u0435\u043c\u044b\u0439 \u043a\u043b\u0438\u0435\u043d\u0442,<\/p>\n\n\n\n<p>\u041f\u0440\u0438\u043e\u0431\u0440\u0435\u0442\u0430\u044f \u0443\u0447\u0430\u0441\u0442\u043e\u043a \u0437\u0435\u043c\u043b\u0438 \u0434\u043b\u044f \u0441\u0442\u0440\u043e\u0438\u0442\u0435\u043b\u044c\u0441\u0442\u0432\u0430 \u0447\u0430\u0441\u0442\u043d\u043e\u0433\u043e \u0434\u043e\u043c\u0430, \u0421\u043b\u0435\u0434\u0443\u044e\u0449\u0438\u0439 \u0448\u0430\u0433 \u044d\u0442\u043e \u043f\u0440\u043e\u0432\u0435\u0434\u0435\u043d\u0438\u0435 \u0438 \u043f\u043e\u0434\u043a\u043b\u044e\u0447\u0435\u043d\u0438\u0435 \u044d\u043b\u0435\u043a\u0442\u0440\u0438\u0447\u0435\u0441\u0442\u0432\u0430. \u0423\u0441\u043b\u0443\u0433\u0430 \u043f\u043e\u0434\u043a\u043b\u044e\u0447\u0435\u043d\u0438\u044f \u044d\u043b\u0435\u043a\u0442\u0440\u0438\u0447\u0435\u0441\u0442\u0432\u0430, \u0432 \u043d\u0430\u0448\u0435 \u0432\u0440\u0435\u043c\u044f, \u044f\u0432\u043b\u044f\u0435\u0442\u0441\u044f \u043d\u0435 \u0434\u0435\u0448\u0451\u0432\u043e\u0439 \u0438 \u0441\u0442\u043e\u0438\u043c\u043e\u0441\u0442\u044c \u043f\u0440\u043e\u0435\u043a\u0442\u0430 \u043d\u0430 \u043f\u043e\u0434\u043a\u043b\u044e\u0447\u0435\u043d\u0438\u044f \u0438 \u0435\u0433\u043e \u0440\u0435\u0430\u043b\u0438\u0437\u0430\u0446\u0438\u044f \u0437\u0430\u0432\u0438\u0441\u0438\u0442 \u043e\u0442 \u043c\u043d\u043e\u0433\u0438\u0445 \u0444\u0430\u043a\u0442\u043e\u0440\u043e\u0432 \u0438 \u0438\u043d\u0434\u0438\u0432\u0438\u0434\u0443\u0430\u043b\u044c\u043d\u0430 \u0434\u043b\u044f \u043a\u0430\u0436\u0434\u043e\u0433\u043e \u043f\u043e\u0442\u0440\u0435\u0431\u0438\u0442\u0435\u043b\u044f.<\/p>\n\n\n\n<p>\u041f\u043e\u043c\u0438\u043c\u043e \u0432\u044b\u0441\u043e\u043a\u043e\u0439 \u0446\u0435\u043d\u044b, \u0440\u0430\u0437\u0440\u0430\u0431\u043e\u0442\u043a\u0430 \u043f\u0440\u043e\u0435\u043a\u0442\u043d\u043e\u0439 \u0434\u043e\u043a\u0443\u043c\u0435\u043d\u0442\u0430\u0446\u0438\u0438 \u0438 \u0432\u044b\u043f\u043e\u043b\u043d\u0435\u043d\u0438\u0435 \u0440\u0430\u0431\u043e\u0442 \u0437\u0430\u043d\u0438\u043c\u0430\u0435\u0442 \u043f\u0440\u043e\u0434\u043e\u043b\u0436\u0438\u0442\u0435\u043b\u044c\u043d\u044b\u0439 \u043f\u0435\u0440\u0438\u043e\u0434 \u0432\u0440\u0435\u043c\u0435\u043d\u0438. \u041f\u043e\u044d\u0442\u043e\u043c\u0443 \u043f\u0440\u0438\u043d\u044f\u0432 \u0440\u0435\u0448\u0435\u043d\u0438\u0435 \u043e \u0441\u0442\u0440\u043e\u0438\u0442\u0435\u043b\u044c\u0441\u0442\u0432\u0435 \u0412\u0430\u0448\u0435\u0433\u043e \u0434\u043e\u043c\u0430, \u043d\u0435\u043e\u0431\u0445\u043e\u0434\u0438\u043c\u043e \u0437\u0430\u0440\u0430\u043d\u0435\u0435 \u043e\u0437\u043d\u0430\u043a\u043e\u043c\u0438\u0442\u044c\u0441\u044f \u0441 \u0432\u043e\u043f\u0440\u043e\u0441\u043e\u043c \u0432\u043e\u0437\u043c\u043e\u0436\u043d\u043e\u0441\u0442\u0438 \u043f\u043e\u0434\u043a\u043b\u044e\u0447\u0435\u043d\u0438\u044f \u043a \u044d\u043b\u0435\u043a\u0442\u0440\u043e\u0441\u0435\u0442\u044f\u043c, \u0447\u0442\u043e\u0431\u044b \u0444\u0438\u043d\u0430\u043d\u0441\u043e\u0432\u0430\u044f \u0438 \u0432\u0440\u0435\u043c\u0435\u043d\u043d\u0430\u044f  \u0441\u043e\u0441\u0442\u0430\u0432\u043b\u044f\u044e\u0449\u0438\u0435 \u044d\u0442\u043e\u0433\u043e \u043f\u0440\u043e\u0435\u043a\u0442\u0430 \u043d\u0435 \u043f\u043e\u0432\u043b\u0438\u044f\u043b\u0438 \u043d\u0435\u0433\u0430\u0442\u0438\u0432\u043d\u043e \u043d\u0430 \u043f\u0440\u043e\u0435\u043a\u0442 \u0441\u0442\u0440\u043e\u0438\u0442\u0435\u043b\u044c\u0441\u0442\u0432\u0430 \u0412\u0430\u0448\u0435\u0433\u043e \u0434\u043e\u043c\u0430 \u0432 \u0446\u0435\u043b\u043e\u043c.<\/p>","protected":false},"excerpt":{"rendered":"<p>God\u0101tie klienti! Kad esat ieg\u0101d\u0101ju\u0161ies zemes gabalu priv\u0101tm\u0101jas b\u016bvniec\u012bbai, n\u0101kamais solis ir elektr\u012bbas ievil\u0161k\u0161ana un piesl\u0113g\u0161ana. \u0160is pakalpojums \u0161odien ir d\u0101rgs finansi\u0101laj\u0101 izteiksm\u0113 un projekta izstr\u0101des un realiz\u0101cijas izmaksas ietekm\u0113 vair\u0101ki faktori un tie ir at\u0161\u0137ir\u012bgi katram klientam un objektam. Papildus izmaks\u0101m, projekta izstr\u0101de un elektr\u012bbas ier\u012bko\u0161anas darbi aiz\u0146em diezgan garu laika periodu. T\u0101d\u0113\u013c, pirms <!-- more-link -->[&hellip;] <a href=\"https:\/\/baltmeistars.lv\/ru\/elektrikis\/\" class=\"more more-link\">Las\u012bt vair\u0101k<\/a><\/p>","protected":false},"author":1,"featured_media":7031,"parent":0,"menu_order":0,"comment_status":"closed","ping_status":"closed","template":"","meta":{"_acf_changed":false,"footnotes":""},"class_list":["post-6767","page","type-page","status-publish","has-post-thumbnail","hentry"],"acf":[],"yoast_head":"<!-- This site is optimized with the Yoast SEO plugin v24.5 - https:\/\/yoast.com\/wordpress\/plugins\/seo\/ -->\n<title>Elektr\u012bba - Baltmeistars<\/title>\n<meta name=\"robots\" content=\"index, follow, max-snippet:-1, max-image-preview:large, max-video-preview:-1\" \/>\n<link rel=\"canonical\" href=\"https:\/\/baltmeistars.lv\/ru\/elektrikis\/\" \/>\n<meta property=\"og:locale\" content=\"ru_RU\" \/>\n<meta property=\"og:type\" content=\"article\" \/>\n<meta property=\"og:title\" content=\"Elektr\u012bba - Baltmeistars\" \/>\n<meta property=\"og:description\" content=\"God\u0101tie klienti! Kad esat ieg\u0101d\u0101ju\u0161ies zemes gabalu priv\u0101tm\u0101jas b\u016bvniec\u012bbai, n\u0101kamais solis ir elektr\u012bbas ievil\u0161k\u0161ana un piesl\u0113g\u0161ana. \u0160is pakalpojums \u0161odien ir d\u0101rgs finansi\u0101laj\u0101 izteiksm\u0113 un projekta izstr\u0101des un realiz\u0101cijas izmaksas ietekm\u0113 vair\u0101ki faktori un tie ir at\u0161\u0137ir\u012bgi katram klientam un objektam. Papildus izmaks\u0101m, projekta izstr\u0101de un elektr\u012bbas ier\u012bko\u0161anas darbi aiz\u0146em diezgan garu laika periodu. T\u0101d\u0113\u013c, pirms [&hellip;] Las\u012bt vair\u0101k\" \/>\n<meta property=\"og:url\" content=\"https:\/\/baltmeistars.lv\/ru\/elektrikis\/\" \/>\n<meta property=\"og:site_name\" content=\"Baltmeistars\" \/>\n<meta property=\"article:modified_time\" content=\"2025-02-20T06:05:02+00:00\" \/>\n<meta property=\"og:image\" content=\"https:\/\/baltmeistars.lv\/wp-content\/uploads\/2021\/03\/balt-foto.jpg\" \/>\n\t<meta property=\"og:image:width\" content=\"300\" \/>\n\t<meta property=\"og:image:height\" content=\"133\" \/>\n\t<meta property=\"og:image:type\" content=\"image\/jpeg\" \/>\n<meta name=\"twitter:card\" content=\"summary_large_image\" \/>\n<meta name=\"twitter:label1\" content=\"\u041f\u0440\u0438\u043c\u0435\u0440\u043d\u043e\u0435 \u0432\u0440\u0435\u043c\u044f \u0434\u043b\u044f \u0447\u0442\u0435\u043d\u0438\u044f\" \/>\n\t<meta name=\"twitter:data1\" content=\"1 \u043c\u0438\u043d\u0443\u0442\u0430\" \/>\n<script type=\"application\/ld+json\" class=\"yoast-schema-graph\">{\"@context\":\"https:\/\/schema.org\",\"@graph\":[{\"@type\":\"WebPage\",\"@id\":\"https:\/\/baltmeistars.lv\/elektrikis\/\",\"url\":\"https:\/\/baltmeistars.lv\/elektrikis\/\",\"name\":\"Elektr\u012bba - Baltmeistars\",\"isPartOf\":{\"@id\":\"https:\/\/baltmeistars.lv\/lv\/#website\"},\"primaryImageOfPage\":{\"@id\":\"https:\/\/baltmeistars.lv\/elektrikis\/#primaryimage\"},\"image\":{\"@id\":\"https:\/\/baltmeistars.lv\/elektrikis\/#primaryimage\"},\"thumbnailUrl\":\"https:\/\/baltmeistars.lv\/wp-content\/uploads\/2021\/03\/balt-foto.jpg\",\"datePublished\":\"2021-02-28T01:32:15+00:00\",\"dateModified\":\"2025-02-20T06:05:02+00:00\",\"breadcrumb\":{\"@id\":\"https:\/\/baltmeistars.lv\/elektrikis\/#breadcrumb\"},\"inLanguage\":\"ru-RU\",\"potentialAction\":[{\"@type\":\"ReadAction\",\"target\":[\"https:\/\/baltmeistars.lv\/elektrikis\/\"]}]},{\"@type\":\"ImageObject\",\"inLanguage\":\"ru-RU\",\"@id\":\"https:\/\/baltmeistars.lv\/elektrikis\/#primaryimage\",\"url\":\"https:\/\/baltmeistars.lv\/wp-content\/uploads\/2021\/03\/balt-foto.jpg\",\"contentUrl\":\"https:\/\/baltmeistars.lv\/wp-content\/uploads\/2021\/03\/balt-foto.jpg\",\"width\":300,\"height\":133,\"caption\":\"smart\"},{\"@type\":\"BreadcrumbList\",\"@id\":\"https:\/\/baltmeistars.lv\/elektrikis\/#breadcrumb\",\"itemListElement\":[{\"@type\":\"ListItem\",\"position\":1,\"name\":\"Home\",\"item\":\"https:\/\/baltmeistars.lv\/lv\/\"},{\"@type\":\"ListItem\",\"position\":2,\"name\":\"Elektr\u012bba\"}]},{\"@type\":\"WebSite\",\"@id\":\"https:\/\/baltmeistars.lv\/lv\/#website\",\"url\":\"https:\/\/baltmeistars.lv\/lv\/\",\"name\":\"Baltmeistars\",\"description\":\"Celtniec\u012bbas nozare\",\"alternateName\":\"Baltmeistars.lv\",\"potentialAction\":[{\"@type\":\"SearchAction\",\"target\":{\"@type\":\"EntryPoint\",\"urlTemplate\":\"https:\/\/baltmeistars.lv\/lv\/?s={search_term_string}\"},\"query-input\":{\"@type\":\"PropertyValueSpecification\",\"valueRequired\":true,\"valueName\":\"search_term_string\"}}],\"inLanguage\":\"ru-RU\"}]}<\/script>\n<!-- \/ Yoast SEO plugin. -->","yoast_head_json":{"title":"Elektr\u012bba - Baltmeistars","robots":{"index":"index","follow":"follow","max-snippet":"max-snippet:-1","max-image-preview":"max-image-preview:large","max-video-preview":"max-video-preview:-1"},"canonical":"https:\/\/baltmeistars.lv\/ru\/elektrikis\/","og_locale":"ru_RU","og_type":"article","og_title":"Elektr\u012bba - Baltmeistars","og_description":"God\u0101tie klienti! Kad esat ieg\u0101d\u0101ju\u0161ies zemes gabalu priv\u0101tm\u0101jas b\u016bvniec\u012bbai, n\u0101kamais solis ir elektr\u012bbas ievil\u0161k\u0161ana un piesl\u0113g\u0161ana. \u0160is pakalpojums \u0161odien ir d\u0101rgs finansi\u0101laj\u0101 izteiksm\u0113 un projekta izstr\u0101des un realiz\u0101cijas izmaksas ietekm\u0113 vair\u0101ki faktori un tie ir at\u0161\u0137ir\u012bgi katram klientam un objektam. Papildus izmaks\u0101m, projekta izstr\u0101de un elektr\u012bbas ier\u012bko\u0161anas darbi aiz\u0146em diezgan garu laika periodu. T\u0101d\u0113\u013c, pirms [&hellip;] Las\u012bt vair\u0101k","og_url":"https:\/\/baltmeistars.lv\/ru\/elektrikis\/","og_site_name":"Baltmeistars","article_modified_time":"2025-02-20T06:05:02+00:00","og_image":[{"width":300,"height":133,"url":"https:\/\/baltmeistars.lv\/wp-content\/uploads\/2021\/03\/balt-foto.jpg","type":"image\/jpeg"}],"twitter_card":"summary_large_image","twitter_misc":{"\u041f\u0440\u0438\u043c\u0435\u0440\u043d\u043e\u0435 \u0432\u0440\u0435\u043c\u044f \u0434\u043b\u044f \u0447\u0442\u0435\u043d\u0438\u044f":"1 \u043c\u0438\u043d\u0443\u0442\u0430"},"schema":{"@context":"https:\/\/schema.org","@graph":[{"@type":"WebPage","@id":"https:\/\/baltmeistars.lv\/elektrikis\/","url":"https:\/\/baltmeistars.lv\/elektrikis\/","name":"Elektr\u012bba - Baltmeistars","isPartOf":{"@id":"https:\/\/baltmeistars.lv\/lv\/#website"},"primaryImageOfPage":{"@id":"https:\/\/baltmeistars.lv\/elektrikis\/#primaryimage"},"image":{"@id":"https:\/\/baltmeistars.lv\/elektrikis\/#primaryimage"},"thumbnailUrl":"https:\/\/baltmeistars.lv\/wp-content\/uploads\/2021\/03\/balt-foto.jpg","datePublished":"2021-02-28T01:32:15+00:00","dateModified":"2025-02-20T06:05:02+00:00","breadcrumb":{"@id":"https:\/\/baltmeistars.lv\/elektrikis\/#breadcrumb"},"inLanguage":"ru-RU","potentialAction":[{"@type":"ReadAction","target":["https:\/\/baltmeistars.lv\/elektrikis\/"]}]},{"@type":"ImageObject","inLanguage":"ru-RU","@id":"https:\/\/baltmeistars.lv\/elektrikis\/#primaryimage","url":"https:\/\/baltmeistars.lv\/wp-content\/uploads\/2021\/03\/balt-foto.jpg","contentUrl":"https:\/\/baltmeistars.lv\/wp-content\/uploads\/2021\/03\/balt-foto.jpg","width":300,"height":133,"caption":"smart"},{"@type":"BreadcrumbList","@id":"https:\/\/baltmeistars.lv\/elektrikis\/#breadcrumb","itemListElement":[{"@type":"ListItem","position":1,"name":"Home","item":"https:\/\/baltmeistars.lv\/lv\/"},{"@type":"ListItem","position":2,"name":"Elektr\u012bba"}]},{"@type":"WebSite","@id":"https:\/\/baltmeistars.lv\/lv\/#website","url":"https:\/\/baltmeistars.lv\/lv\/","name":"Baltmeistars","description":"Celtniec\u012bbas nozare","alternateName":"Baltmeistars.lv","potentialAction":[{"@type":"SearchAction","target":{"@type":"EntryPoint","urlTemplate":"https:\/\/baltmeistars.lv\/lv\/?s={search_term_string}"},"query-input":{"@type":"PropertyValueSpecification","valueRequired":true,"valueName":"search_term_string"}}],"inLanguage":"ru-RU"}]}},"_links":{"self":[{"href":"https:\/\/baltmeistars.lv\/ru\/wp-json\/wp\/v2\/pages\/6767","targetHints":{"allow":["GET"]}}],"collection":[{"href":"https:\/\/baltmeistars.lv\/ru\/wp-json\/wp\/v2\/pages"}],"about":[{"href":"https:\/\/baltmeistars.lv\/ru\/wp-json\/wp\/v2\/types\/page"}],"author":[{"embeddable":true,"href":"https:\/\/baltmeistars.lv\/ru\/wp-json\/wp\/v2\/users\/1"}],"replies":[{"embeddable":true,"href":"https:\/\/baltmeistars.lv\/ru\/wp-json\/wp\/v2\/comments?post=6767"}],"version-history":[{"count":6,"href":"https:\/\/baltmeistars.lv\/ru\/wp-json\/wp\/v2\/pages\/6767\/revisions"}],"predecessor-version":[{"id":7243,"href":"https:\/\/baltmeistars.lv\/ru\/wp-json\/wp\/v2\/pages\/6767\/revisions\/7243"}],"wp:featuredmedia":[{"embeddable":true,"href":"https:\/\/baltmeistars.lv\/ru\/wp-json\/wp\/v2\/media\/7031"}],"wp:attachment":[{"href":"https:\/\/baltmeistars.lv\/ru\/wp-json\/wp\/v2\/media?parent=6767"}],"curies":[{"name":"wp","href":"https:\/\/api.w.org\/{rel}","templated":true}]}}