{"id":6775,"date":"2021-02-28T03:33:17","date_gmt":"2021-02-28T01:33:17","guid":{"rendered":"https:\/\/devilsecure.com\/?page_id=6775"},"modified":"2025-02-24T11:01:18","modified_gmt":"2025-02-24T09:01:18","slug":"apkure","status":"publish","type":"page","link":"https:\/\/baltmeistars.lv\/ru\/apkure\/","title":{"rendered":"\u041e\u0442\u043e\u043f\u043b\u0435\u043d\u0438\u0435"},"content":{"rendered":"<p>\u0423\u0432\u0430\u0436\u0430\u0435\u043c\u044b\u0439 \u043a\u043b\u0438\u0435\u043d\u0442,<\/p>\n\n\n\n<p>\u041a\u0430\u043a\u0438\u043c \u043e\u0431\u0440\u0430\u0437\u043e\u043c \u043e\u0440\u0433\u0430\u043d\u0438\u0437\u043e\u0432\u0430\u0442\u044c \u043e\u0442\u043e\u043f\u043b\u0435\u043d\u0438\u0435 \u0441\u0432\u043e\u0435\u0433\u043e \u0434\u043e\u043c\u0430, \u043a\u0430\u043a\u043e\u0435 \u043e\u0431\u043e\u0440\u0443\u0434\u043e\u0432\u0430\u043d\u0438\u0435 \u0438\u0441\u043f\u043e\u043b\u044c\u0437\u043e\u0432\u0430\u0442\u044c, \u0447\u0442\u043e\u0431\u044b \u044d\u0444\u0444\u0435\u043a\u0442\u0438\u0432\u043d\u043e\u0441\u0442\u044c \u0441\u0438\u0441\u0442\u0435\u043c\u044b \u0431\u044b\u043b\u0430 \u043c\u0430\u043a\u0441\u0438\u043c\u0430\u043b\u044c\u043d\u043e \u0432\u044b\u0441\u043e\u043a\u0430, \u0430 \u0440\u0430\u0441\u0445\u043e\u0434\u044b \u043d\u0430 \u043f\u0440\u043e\u0438\u0437\u0432\u043e\u0434\u0441\u0442\u0432\u043e \u0442\u0435\u043f\u043b\u043e\u0432\u043e\u0439 \u044d\u043d\u0435\u0440\u0433\u0438\u0438 \u0431\u044b\u043b\u0438 \u0443\u043c\u0435\u0440\u0435\u043d\u043d\u044b\u043c\u0438 \u2013 \u044d\u0442\u043e \u0441\u0435\u0440\u044c\u0451\u0437\u043d\u044b\u0439 \u0432\u043e\u043f\u0440\u043e\u0441, \u043e\u0442\u0432\u0435\u0442 \u043d\u0430 \u043a\u043e\u0442\u043e\u0440\u044b\u0439 \u043d\u0435 \u0442\u0430\u043a \u043f\u0440\u043e\u0441\u0442, \u043a\u0430\u043a \u0431\u044b \u043c\u044b \u044d\u0442\u043e\u0433\u043e \u043d\u0435 \u0445\u043e\u0442\u0435\u043b\u0438.<\/p>\n\n\n\n<p>\u0414\u043b\u044f \u0434\u043e\u0441\u0442\u0438\u0436\u0435\u043d\u0438\u044f \u043e\u0437\u0432\u0443\u0447\u0435\u043d\u043d\u044b\u0445 \u0432\u044b\u0448\u0435 \u0440\u0435\u0448\u0435\u043d\u0438\u0439 \u043d\u0443\u0436\u043d\u043e \u043f\u043e\u043d\u0438\u043c\u0430\u0442\u044c \u043d\u0430\u0441\u043a\u043e\u043b\u044c\u043a\u043e \u044d\u043d\u0435\u0440\u0433\u043e\u044d\u0444\u0435\u043a\u0442\u0438\u0432\u0435\u043d \u0412\u0430\u0448 \u0434\u043e\u043c. \u0418\u0437 \u043a\u0430\u043a\u043e\u0433\u043e \u043c\u0430\u0442\u0435\u0440\u0438\u0430\u043b\u0430 \u043f\u043e\u0441\u0442\u0440\u043e\u0435\u043d, \u043a\u0430\u043a\u0438\u043c \u043e\u0431\u0440\u0430\u0437\u043e\u043c \u0438 \u0441 \u043f\u0440\u0438\u043c\u0435\u043d\u0435\u043d\u0438\u0435\u043c \u043a\u0430\u043a\u0438\u0445 \u043c\u0430\u0442\u0435\u0440\u0438\u0430\u043b\u043e\u0432 \u0443\u0442\u0435\u043f\u043b\u0451\u043d. \u0421\u0435\u0440\u0442\u0438\u0444\u0438\u043a\u0430\u0442 \u044d\u043d\u0435\u0440\u0433\u043e\u044d\u0444\u0435\u043a\u0442\u0438\u0432\u043d\u043e\u0441\u0442\u0438 \u0441\u0442\u0440\u043e\u0435\u043d\u0438\u044f \u044f\u0432\u043b\u044f\u0435\u0442\u0441\u044f \u043e\u0434\u043d\u0438\u043c \u0438\u0437 \u043e\u0431\u044f\u0437\u0430\u0442\u0435\u043b\u044c\u043d\u044b\u0445 \u0434\u043e\u043a\u0443\u043c\u0435\u043d\u0442\u043e\u0432 \u043f\u0440\u0438 \u0441\u0434\u0430\u0447\u0435 \u0432 \u0434\u043e\u043c\u0430 \u044d\u043a\u0441\u043f\u043b\u0443\u0430\u0442\u0430\u0446\u0438\u044e.<\/p>\n\n\n\n<p>\u0415\u0441\u043b\u0438 \u0434\u043e\u043c \u0441\u043f\u0440\u043e\u0435\u043a\u0442\u0438\u0440\u043e\u0432\u0430\u043d \u043e\u0441\u043d\u043e\u0432\u0430\u0442\u0435\u043b\u044c\u043d\u043e, \u0432\u0441\u0435 \u0440\u0430\u0431\u043e\u0442\u044b \u0432\u044b\u043f\u043e\u043b\u043d\u0435\u043d\u044b \u0433\u0440\u0430\u043c\u043e\u0442\u043d\u043e \u0438 \u043a\u043e\u044d\u0444\u0444\u0438\u0446\u0438\u0435\u043d\u0442 \u0442\u0435\u043f\u043b\u043e \u0441\u0431\u0435\u0440\u0435\u0436\u0435\u043d\u0438\u044f \u0432\u044b\u0441\u043e\u043a, \u0442\u043e \u0438 \u0441 \u0432\u044b\u0431\u043e\u0440\u043e\u043c \u0441\u0438\u0441\u0442\u0435\u043c\u044b \u043e\u0442\u043e\u043f\u043b\u0435\u043d\u0438\u044f \u0440\u0430\u0437\u043e\u0431\u0440\u0430\u0442\u044c\u0441\u044f \u0438 \u0432\u044b\u0431\u0440\u0430\u0442\u044c \u0442\u0430\u043a\u043e\u0432\u0443\u044e \u0431\u0443\u0434\u0435\u0442 \u043f\u0440\u043e\u0449\u0435.<\/p>\n\n\n\n<p>\u0418\u0441\u0442\u043e\u0447\u043d\u0438\u043a\u043e\u043c \u043e\u0442\u043e\u043f\u043b\u0435\u043d\u0438\u044f \u0412\u0430\u0448\u0435\u0433\u043e \u0434\u043e\u043c\u0430 \u043c\u043e\u0433\u0443\u0442 \u0431\u044b\u0442\u044c \u0441\u043b\u0435\u0434\u0443\u044e\u0449\u0438\u0435 \u043e\u0442\u043e\u043f\u0438\u0442\u0435\u043b\u044c\u043d\u044b\u0435 \u043f\u0440\u0438\u0431\u043e\u0440\u044b<\/p>\n\n\n\n<figure class=\"wp-block-image size-full is-resized\"><figure id=\"attachment_7188\" class=\"alignnone full-width-mobile thin\"><img loading=\"lazy\" decoding=\"async\" width=\"1029\" height=\"453\" src=\"https:\/\/baltmeistars.lv\/wp-content\/uploads\/2025\/02\/katls-rodion-as-Smart-Object-1-1.jpg\" alt=\"\" class=\"wp-image-7188\" style=\"width:477px;height:auto\"\/><\/figure><\/figure>\n\n\n\n<ul class=\"wp-block-list\">\n<li>\u0414\u0440\u043e\u0432\u044f\u043d\u0430\u044f \u043f\u0435\u0447\u044c \u0438\u043b\u0438 \u043a\u0430\u043c\u0438\u043d<\/li>\n\n\n\n<li>\u042d\u043b\u0435\u043a\u0442\u0440\u0438\u0447\u0435\u0441\u043a\u0438\u0435 \u0438\u043b\u0438 \u043c\u0430\u0441\u043b\u044f\u043d\u044b\u0435 \u0440\u0430\u0434\u0438\u0430\u0442\u043e\u0440\u044b, \u0440\u0430\u0434\u0438\u0430\u0442\u043e\u0440\u044b \u043a\u043e\u043d\u0432\u0435\u043a\u0442\u043e\u0440\u043d\u043e\u0433\u043e \u0442\u0438\u043f\u0430<\/li>\n\n\n\n<li>\u0422\u0432\u0451\u0440\u0434\u043e\u0442\u043e\u043f\u043b\u0438\u0432\u043d\u044b\u0435 \u043e\u0442\u043e\u043f\u0438\u0442\u0435\u043b\u044c\u043d\u044b\u0435 \u043a\u043e\u0442\u043b\u044b<\/li>\n\n\n\n<li>\u041a\u043e\u043c\u0431\u0438\u043d\u0438\u0440\u043e\u0432\u0430\u043d\u043d\u044b\u0435 \u0433\u0440\u0430\u043d\u0443\u043b\u044c\u043d\u044b\u0435 \u043e\u0442\u043e\u043f\u0438\u0442\u0435\u043b\u044c\u043d\u044b\u0435 \u043a\u043e\u0442\u043b\u044b<\/li>\n\n\n\n<li>\u0413\u0430\u0437\u043e\u0432\u044b\u0435 \u043e\u0442\u043e\u043f\u0438\u0442\u0435\u043b\u044c\u043d\u044b\u0435 \u043a\u043e\u0442\u043b\u044b<\/li>\n\n\n\n<li>\u0422\u0435\u043f\u043b\u043e \u043d\u0430\u0441\u043e\u0441\u044b <\/li>\n<\/ul>\n\n\n\n<p>\u0421\u043e\u043e\u0442\u0432\u0435\u0442\u0441\u0442\u0432\u0435\u043d\u043d\u043e \u0434\u043b\u044f \u043f\u0440\u043e\u0438\u0437\u0432\u043e\u0434\u0441\u0442\u0432\u0430 \u0442\u0435\u043f\u043b\u043e\u0432\u043e\u0439 \u044d\u043d\u0435\u0440\u0433\u0438\u0438 \u0432\u043e\u0437\u043c\u043e\u0436\u043d\u043e \u0438\u0441\u043f\u043e\u043b\u044c\u0437\u043e\u0432\u0430\u0442\u044c<\/p>\n\n\n\n<ul class=\"wp-block-list\">\n<li>\u0414\u0440\u043e\u0432\u0430, \u0443\u0433\u043e\u043b\u044c, \u043f\u0435\u043b\u043b\u0435\u0442\u044b, \u043e\u043f\u0438\u043b\u043e\u0447\u043d\u044b\u0435 \u0438 \u0442\u043e\u0440\u0444\u044f\u043d\u044b\u0435 \u0431\u0440\u0438\u043a\u0435\u0442\u044b<\/li>\n\n\n\n<li>\u0416\u0438\u0434\u043a\u043e\u0435 \u0442\u043e\u043f\u043b\u0438\u0432\u043e \u2013 \u0434\u0438\u0437\u0435\u043b\u044c\u043d\u043e\u0435 \u0442\u043e\u043f\u043b\u0438\u0432\u043e, \u043c\u0430\u0441\u043b\u043e<\/li>\n\n\n\n<li>\u042d\u043b\u0435\u043a\u0442\u0440\u0438\u0447\u0435\u0441\u043a\u0443\u044e \u044d\u043d\u0435\u0440\u0433\u0438\u044e<\/li>\n\n\n\n<li>\u0413\u0430\u0437<\/li>\n<\/ul>\n\n\n\n<p>Izv\u0113loties apkures sist\u0113mu savai m\u0101jai, ir svar\u012bgi saprast k\u0101di resursi ir vispieejam\u0101kie konkr\u0113taj\u0101 zemes gabala apk\u0101rtn\u0113, re\u0123ion\u0101 vai ar\u012b valst\u012b, kur\u0101 tas atrodas. T\u0101pat ir svar\u012bgi ar\u012b izv\u0113rt\u0113t izv\u0113l\u0113t\u0101 varianta finansi\u0101lo un ekonomisko pusi un saprast, k\u0101das \u0113rt\u012bbas un priek\u0161roc\u012bbas Jums sniedz izv\u0113l\u0113t\u0101 apkures sist\u0113ma.<\/p>\n\n\n\n<p>\u041f\u0440\u043e\u0438\u0437\u0432\u043e\u0436\u0443 \u0432\u0441\u0435 \u0432\u0438\u0434\u044b \u0440\u0430\u0431\u043e\u0442 \u043f\u043e \u0443\u0441\u0442\u0430\u043d\u043e\u0432\u043a\u0435, \u043e\u0431\u0432\u044f\u0437\u043a\u0435 \u0438 \u043e\u0431\u0441\u043b\u0443\u0436\u0438\u0432\u0430\u043d\u0438\u044e \u0442\u0432\u0451\u0440\u0434\u043e\u0442\u043e\u043f\u043b\u0438\u0432\u043d\u044b\u0445 \u0438 \u0433\u0440\u0430\u043d\u0443\u043b\u044c\u043d\u044b\u0445 \u043a\u043e\u0442\u043b\u043e\u0432 \u0432 \u0421\u0438\u0433\u0443\u043b\u0434\u0435, \u0418\u043d\u0447\u0443\u043a\u0430\u043b\u043d\u0441\u0435 \u0438 \u0420\u0438\u0436\u0441\u043a\u043e\u043c \u0440\u0430\u0439\u043e\u043d\u0435.<\/p>","protected":false},"excerpt":{"rendered":"<p>God\u0101tie klienti! K\u0101du apkures sist\u0113mu un veidu izv\u0113l\u0113ties savai m\u0101jai, k\u0101das iek\u0101rtas izmantot, lai apkures sist\u0113mas efektivit\u0101te b\u016btu maksim\u0101li augsta, vienlaic\u012bgi izdevumi siltuma ener\u0123ijas rad\u012b\u0161anai sapr\u0101t\u012bgi \u2013 tas ir \u013coti nopietns jaut\u0101jums, atbilde, uz kuru nav vienk\u0101r\u0161a un viennoz\u012bm\u012bga. Lai non\u0101ktu pie augst\u0101kmin\u0113t\u0101 risin\u0101juma, ir svar\u012bgi saprast J\u016bsu m\u0101jas energoefektivit\u0101tes l\u012bmeni \u2013 no k\u0101diem materi\u0101liem <!-- more-link -->[&hellip;] <a href=\"https:\/\/baltmeistars.lv\/ru\/apkure\/\" class=\"more more-link\">Las\u012bt vair\u0101k<\/a><\/p>","protected":false},"author":1,"featured_media":0,"parent":0,"menu_order":0,"comment_status":"closed","ping_status":"closed","template":"","meta":{"_acf_changed":false,"footnotes":""},"class_list":["post-6775","page","type-page","status-publish","hentry"],"acf":[],"yoast_head":"<!-- This site is optimized with the Yoast SEO plugin v24.5 - https:\/\/yoast.com\/wordpress\/plugins\/seo\/ -->\n<title>Apkure - Baltmeistars<\/title>\n<meta name=\"robots\" content=\"index, follow, max-snippet:-1, max-image-preview:large, max-video-preview:-1\" \/>\n<link rel=\"canonical\" href=\"https:\/\/baltmeistars.lv\/ru\/apkure\/\" \/>\n<meta property=\"og:locale\" content=\"ru_RU\" \/>\n<meta property=\"og:type\" content=\"article\" \/>\n<meta property=\"og:title\" content=\"Apkure - Baltmeistars\" \/>\n<meta property=\"og:description\" content=\"God\u0101tie klienti! K\u0101du apkures sist\u0113mu un veidu izv\u0113l\u0113ties savai m\u0101jai, k\u0101das iek\u0101rtas izmantot, lai apkures sist\u0113mas efektivit\u0101te b\u016btu maksim\u0101li augsta, vienlaic\u012bgi izdevumi siltuma ener\u0123ijas rad\u012b\u0161anai sapr\u0101t\u012bgi \u2013 tas ir \u013coti nopietns jaut\u0101jums, atbilde, uz kuru nav vienk\u0101r\u0161a un viennoz\u012bm\u012bga. Lai non\u0101ktu pie augst\u0101kmin\u0113t\u0101 risin\u0101juma, ir svar\u012bgi saprast J\u016bsu m\u0101jas energoefektivit\u0101tes l\u012bmeni \u2013 no k\u0101diem materi\u0101liem [&hellip;] Las\u012bt vair\u0101k\" \/>\n<meta property=\"og:url\" content=\"https:\/\/baltmeistars.lv\/ru\/apkure\/\" \/>\n<meta property=\"og:site_name\" content=\"Baltmeistars\" \/>\n<meta property=\"article:modified_time\" content=\"2025-02-24T09:01:18+00:00\" \/>\n<meta property=\"og:image\" content=\"https:\/\/baltmeistars.lv\/wp-content\/uploads\/2025\/02\/katls-rodion-as-Smart-Object-1-1.jpg\" \/>\n\t<meta property=\"og:image:width\" content=\"1029\" \/>\n\t<meta property=\"og:image:height\" content=\"453\" \/>\n\t<meta property=\"og:image:type\" content=\"image\/jpeg\" \/>\n<meta name=\"twitter:card\" content=\"summary_large_image\" \/>\n<meta name=\"twitter:label1\" content=\"\u041f\u0440\u0438\u043c\u0435\u0440\u043d\u043e\u0435 \u0432\u0440\u0435\u043c\u044f \u0434\u043b\u044f \u0447\u0442\u0435\u043d\u0438\u044f\" \/>\n\t<meta name=\"twitter:data1\" content=\"2 \u043c\u0438\u043d\u0443\u0442\u044b\" \/>\n<script type=\"application\/ld+json\" class=\"yoast-schema-graph\">{\"@context\":\"https:\/\/schema.org\",\"@graph\":[{\"@type\":\"WebPage\",\"@id\":\"https:\/\/baltmeistars.lv\/apkure\/\",\"url\":\"https:\/\/baltmeistars.lv\/apkure\/\",\"name\":\"Apkure - Baltmeistars\",\"isPartOf\":{\"@id\":\"https:\/\/baltmeistars.lv\/lv\/#website\"},\"primaryImageOfPage\":{\"@id\":\"https:\/\/baltmeistars.lv\/apkure\/#primaryimage\"},\"image\":{\"@id\":\"https:\/\/baltmeistars.lv\/apkure\/#primaryimage\"},\"thumbnailUrl\":\"https:\/\/baltmeistars.lv\/wp-content\/uploads\/2025\/02\/katls-rodion-as-Smart-Object-1-1.jpg\",\"datePublished\":\"2021-02-28T01:33:17+00:00\",\"dateModified\":\"2025-02-24T09:01:18+00:00\",\"breadcrumb\":{\"@id\":\"https:\/\/baltmeistars.lv\/apkure\/#breadcrumb\"},\"inLanguage\":\"ru-RU\",\"potentialAction\":[{\"@type\":\"ReadAction\",\"target\":[\"https:\/\/baltmeistars.lv\/apkure\/\"]}]},{\"@type\":\"ImageObject\",\"inLanguage\":\"ru-RU\",\"@id\":\"https:\/\/baltmeistars.lv\/apkure\/#primaryimage\",\"url\":\"https:\/\/baltmeistars.lv\/wp-content\/uploads\/2025\/02\/katls-rodion-as-Smart-Object-1-1.jpg\",\"contentUrl\":\"https:\/\/baltmeistars.lv\/wp-content\/uploads\/2025\/02\/katls-rodion-as-Smart-Object-1-1.jpg\"},{\"@type\":\"BreadcrumbList\",\"@id\":\"https:\/\/baltmeistars.lv\/apkure\/#breadcrumb\",\"itemListElement\":[{\"@type\":\"ListItem\",\"position\":1,\"name\":\"Home\",\"item\":\"https:\/\/baltmeistars.lv\/lv\/\"},{\"@type\":\"ListItem\",\"position\":2,\"name\":\"Apkure\"}]},{\"@type\":\"WebSite\",\"@id\":\"https:\/\/baltmeistars.lv\/lv\/#website\",\"url\":\"https:\/\/baltmeistars.lv\/lv\/\",\"name\":\"Baltmeistars\",\"description\":\"Celtniec\u012bbas nozare\",\"alternateName\":\"Baltmeistars.lv\",\"potentialAction\":[{\"@type\":\"SearchAction\",\"target\":{\"@type\":\"EntryPoint\",\"urlTemplate\":\"https:\/\/baltmeistars.lv\/lv\/?s={search_term_string}\"},\"query-input\":{\"@type\":\"PropertyValueSpecification\",\"valueRequired\":true,\"valueName\":\"search_term_string\"}}],\"inLanguage\":\"ru-RU\"}]}<\/script>\n<!-- \/ Yoast SEO plugin. -->","yoast_head_json":{"title":"Apkure - Baltmeistars","robots":{"index":"index","follow":"follow","max-snippet":"max-snippet:-1","max-image-preview":"max-image-preview:large","max-video-preview":"max-video-preview:-1"},"canonical":"https:\/\/baltmeistars.lv\/ru\/apkure\/","og_locale":"ru_RU","og_type":"article","og_title":"Apkure - Baltmeistars","og_description":"God\u0101tie klienti! K\u0101du apkures sist\u0113mu un veidu izv\u0113l\u0113ties savai m\u0101jai, k\u0101das iek\u0101rtas izmantot, lai apkures sist\u0113mas efektivit\u0101te b\u016btu maksim\u0101li augsta, vienlaic\u012bgi izdevumi siltuma ener\u0123ijas rad\u012b\u0161anai sapr\u0101t\u012bgi \u2013 tas ir \u013coti nopietns jaut\u0101jums, atbilde, uz kuru nav vienk\u0101r\u0161a un viennoz\u012bm\u012bga. Lai non\u0101ktu pie augst\u0101kmin\u0113t\u0101 risin\u0101juma, ir svar\u012bgi saprast J\u016bsu m\u0101jas energoefektivit\u0101tes l\u012bmeni \u2013 no k\u0101diem materi\u0101liem [&hellip;] Las\u012bt vair\u0101k","og_url":"https:\/\/baltmeistars.lv\/ru\/apkure\/","og_site_name":"Baltmeistars","article_modified_time":"2025-02-24T09:01:18+00:00","og_image":[{"width":1029,"height":453,"url":"https:\/\/baltmeistars.lv\/wp-content\/uploads\/2025\/02\/katls-rodion-as-Smart-Object-1-1.jpg","type":"image\/jpeg"}],"twitter_card":"summary_large_image","twitter_misc":{"\u041f\u0440\u0438\u043c\u0435\u0440\u043d\u043e\u0435 \u0432\u0440\u0435\u043c\u044f \u0434\u043b\u044f \u0447\u0442\u0435\u043d\u0438\u044f":"2 \u043c\u0438\u043d\u0443\u0442\u044b"},"schema":{"@context":"https:\/\/schema.org","@graph":[{"@type":"WebPage","@id":"https:\/\/baltmeistars.lv\/apkure\/","url":"https:\/\/baltmeistars.lv\/apkure\/","name":"Apkure - Baltmeistars","isPartOf":{"@id":"https:\/\/baltmeistars.lv\/lv\/#website"},"primaryImageOfPage":{"@id":"https:\/\/baltmeistars.lv\/apkure\/#primaryimage"},"image":{"@id":"https:\/\/baltmeistars.lv\/apkure\/#primaryimage"},"thumbnailUrl":"https:\/\/baltmeistars.lv\/wp-content\/uploads\/2025\/02\/katls-rodion-as-Smart-Object-1-1.jpg","datePublished":"2021-02-28T01:33:17+00:00","dateModified":"2025-02-24T09:01:18+00:00","breadcrumb":{"@id":"https:\/\/baltmeistars.lv\/apkure\/#breadcrumb"},"inLanguage":"ru-RU","potentialAction":[{"@type":"ReadAction","target":["https:\/\/baltmeistars.lv\/apkure\/"]}]},{"@type":"ImageObject","inLanguage":"ru-RU","@id":"https:\/\/baltmeistars.lv\/apkure\/#primaryimage","url":"https:\/\/baltmeistars.lv\/wp-content\/uploads\/2025\/02\/katls-rodion-as-Smart-Object-1-1.jpg","contentUrl":"https:\/\/baltmeistars.lv\/wp-content\/uploads\/2025\/02\/katls-rodion-as-Smart-Object-1-1.jpg"},{"@type":"BreadcrumbList","@id":"https:\/\/baltmeistars.lv\/apkure\/#breadcrumb","itemListElement":[{"@type":"ListItem","position":1,"name":"Home","item":"https:\/\/baltmeistars.lv\/lv\/"},{"@type":"ListItem","position":2,"name":"Apkure"}]},{"@type":"WebSite","@id":"https:\/\/baltmeistars.lv\/lv\/#website","url":"https:\/\/baltmeistars.lv\/lv\/","name":"Baltmeistars","description":"Celtniec\u012bbas nozare","alternateName":"Baltmeistars.lv","potentialAction":[{"@type":"SearchAction","target":{"@type":"EntryPoint","urlTemplate":"https:\/\/baltmeistars.lv\/lv\/?s={search_term_string}"},"query-input":{"@type":"PropertyValueSpecification","valueRequired":true,"valueName":"search_term_string"}}],"inLanguage":"ru-RU"}]}},"_links":{"self":[{"href":"https:\/\/baltmeistars.lv\/ru\/wp-json\/wp\/v2\/pages\/6775","targetHints":{"allow":["GET"]}}],"collection":[{"href":"https:\/\/baltmeistars.lv\/ru\/wp-json\/wp\/v2\/pages"}],"about":[{"href":"https:\/\/baltmeistars.lv\/ru\/wp-json\/wp\/v2\/types\/page"}],"author":[{"embeddable":true,"href":"https:\/\/baltmeistars.lv\/ru\/wp-json\/wp\/v2\/users\/1"}],"replies":[{"embeddable":true,"href":"https:\/\/baltmeistars.lv\/ru\/wp-json\/wp\/v2\/comments?post=6775"}],"version-history":[{"count":8,"href":"https:\/\/baltmeistars.lv\/ru\/wp-json\/wp\/v2\/pages\/6775\/revisions"}],"predecessor-version":[{"id":7308,"href":"https:\/\/baltmeistars.lv\/ru\/wp-json\/wp\/v2\/pages\/6775\/revisions\/7308"}],"wp:attachment":[{"href":"https:\/\/baltmeistars.lv\/ru\/wp-json\/wp\/v2\/media?parent=6775"}],"curies":[{"name":"wp","href":"https:\/\/api.w.org\/{rel}","templated":true}]}}