{"id":6791,"date":"2021-02-28T03:35:50","date_gmt":"2021-02-28T01:35:50","guid":{"rendered":"https:\/\/devilsecure.com\/?page_id=6791"},"modified":"2025-02-20T09:12:32","modified_gmt":"2025-02-20T07:12:32","slug":"montazas-darbi","status":"publish","type":"page","link":"https:\/\/baltmeistars.lv\/ru\/montazas-darbi\/","title":{"rendered":"\u041c\u043e\u043d\u0442\u0430\u0436\u043d\u044b\u0435 \u0440\u0430\u0431\u043e\u0442\u044b"},"content":{"rendered":"<p>\u0423\u0432\u0430\u0436\u0430\u0435\u043c\u044b\u0439 \u043a\u043b\u0438\u0435\u043d\u0442,<\/p>\n\n\n\n<div class=\"wp-block-image\"><figure class=\"alignleft size-large\"><figure id=\"attachment_7031\" class=\"alignnone full-width-mobile thin\"><img loading=\"lazy\" decoding=\"async\" width=\"300\" height=\"133\" src=\"https:\/\/baltmeistars.lv\/wp-content\/uploads\/2021\/03\/balt-foto.jpg\" alt=\"\" class=\"wp-image-7031\" srcset=\"https:\/\/baltmeistars.lv\/wp-content\/uploads\/2021\/03\/balt-foto.jpg 300w, https:\/\/baltmeistars.lv\/wp-content\/uploads\/2021\/03\/balt-foto-16x7.jpg 16w, https:\/\/baltmeistars.lv\/wp-content\/uploads\/2021\/03\/balt-foto-220x98.jpg 220w, https:\/\/baltmeistars.lv\/wp-content\/uploads\/2021\/03\/balt-foto-146x65.jpg 146w\" sizes=\"auto, (max-width: 300px) 100vw, 300px\" \/><\/figure><figcaption>smart<\/figcaption><\/figure><\/div>\n\n\n\n<p>\u041f\u043e\u0434\u043a\u043b\u044e\u0447\u0435\u043d\u0438\u0435 \u044d\u043b\u0435\u043a\u0442\u0440\u0438\u0447\u0435\u0441\u0442\u0432\u0430 \u043a \u0412\u0430\u0448\u0435\u043c\u0443 \u0434\u043e\u043c\u0443 \u0441\u043e\u0441\u0442\u043e\u0438\u0442 \u0438\u0437 \u0434\u0432\u0443\u0445 \u044d\u0442\u0430\u043f\u043e\u0432. \u041f\u0435\u0440\u0432\u044b\u0439 \u044d\u0442\u0430\u043f- \u044d\u0442\u043e \u0440\u0430\u0437\u0440\u0430\u0431\u043e\u0442\u043a\u0430 \u043f\u0440\u043e\u0435\u043a\u0442\u0430 \u044d\u043b\u0435\u043a\u0442\u0440\u0438\u0444\u0438\u043a\u0430\u0446\u0438\u0438 \u0438 \u0443\u0441\u0442\u0440\u043e\u0439\u0441\u0442\u0432\u043e \u0442\u043e\u0447\u043a\u0438 \u043f\u043e\u0434\u043a\u043b\u044e\u0447\u0435\u043d\u0438\u044f \u0441\u043e \u0441\u0442\u043e\u0440\u043e\u043d\u044b Sadalet T\u012bkli, \u0443\u0441\u0442\u0430\u043d\u043e\u0432\u043a\u0430 \u044d\u043b\u0435\u043a\u0442\u0440\u0438\u0447\u0435\u0441\u043a\u043e\u0433\u043e \u0441\u0447\u0451\u0442\u0447\u0438\u043a\u0430 \u0438 \u0432\u0445\u043e\u0434\u044f\u0449\u0435\u0433\u043e \u0430\u0432\u0442\u043e\u043c\u0430\u0442\u0430 \u0440\u0430\u0441\u0441\u0447\u0438\u0442\u0430\u043d\u043d\u043e\u0433\u043e \u043d\u0430 \u0412\u0430\u043c\u0438 \u043f\u043e\u0442\u0440\u0435\u0431\u043b\u044f\u0435\u043c\u043e\u0435 \u043d\u0430\u043f\u0440\u044f\u0436\u0435\u043d\u0438\u0435. \u0414\u043b\u044f \u0447\u0430\u0441\u0442\u043d\u043e\u0433\u043e \u0434\u043e\u043c\u0430 \u043e\u0431\u044b\u0447\u043d\u043e \u0432\u044b\u0431\u0438\u0440\u0430\u044e\u0442 3-\u0444\u0430\u0437\u043d\u043e\u0435 \u043f\u043e\u0434\u043a\u043b\u044e\u0447\u0435\u043d\u0438\u0435 \u043c\u043e\u0449\u043d\u043e\u0441\u0442\u044c\u044e \u043e\u0442 16 \u0434\u043e 32 \u0430\u043c\u043f\u0435\u0440. \u0412\u0442\u043e\u0440\u043e\u0439 \u044d\u0442\u0430\u043f \u2013\u044d\u0442\u043e \u043c\u043e\u043d\u0442\u0430\u0436\u043d\u044b\u0435 \u0440\u0430\u0431\u043e\u0442\u044b, \u0441\u0432\u044f\u0437\u0430\u043d\u043d\u044b\u0435 \u043d\u0435\u043f\u043e\u0441\u0440\u0435\u0434\u0441\u0442\u0432\u0435\u043d\u043d\u043e \u0441 \u043f\u0440\u043e\u0432\u0435\u0434\u0435\u043d\u0438\u0435\u043c \u0438 \u043f\u043e\u0434\u043a\u043b\u044e\u0447\u0435\u043d\u0438\u0435\u043c \u044d\u043b\u0435\u043a\u0442\u0440\u043e\u043f\u0438\u0442\u0430\u043d\u0438\u044f \u0432 \u0412\u0430\u0448\u0435\u043c \u0434\u043e\u043c\u0435, \u0442\u043e \u0435\u0441\u0442\u044c, \u043f\u0440\u043e\u043a\u043b\u0430\u0434\u043a\u0430 \u044d\u043b\u0435\u043a\u0442\u0440\u0438\u0447\u0435\u0441\u043a\u0438\u0445 \u043a\u0430\u0431\u0435\u043b\u0435\u0439, \u0443\u0441\u0442\u0430\u043d\u043e\u0432\u043a\u0430 \u0440\u043e\u0437\u0435\u0442\u043e\u043a, \u0432\u043a\u043b\u044e\u0447\u0430\u0442\u0435\u043b\u0435\u0439, \u043f\u0435\u0440\u0435\u043a\u043b\u044e\u0447\u0430\u0442\u0435\u043b\u0435\u0439, \u043c\u043e\u043d\u0442\u0430\u0436 \u0438 \u043f\u043e\u0434\u043a\u043b\u044e\u0447\u0435\u043d\u0438\u0435 \u043e\u0441\u0432\u0435\u0442\u0438\u0442\u0435\u043b\u044c\u043d\u044b\u0445 \u043f\u0440\u0438\u0431\u043e\u0440\u043e\u0432 \u0438 \u0431\u044b\u0442\u043e\u0432\u043e\u0439 \u0442\u0435\u0445\u043d\u0438\u043a\u0438.<\/p>\n\n\n\n<p>\u041f\u043e\u0441\u043b\u0435 \u0442\u043e\u0433\u043e \u043a\u0430\u043a \u0432 \u0434\u043e\u043c \u0437\u0430\u0432\u0435\u0434\u0451\u043d \u043e\u0441\u043d\u043e\u0432\u043d\u043e\u0439 \u043a\u0430\u0431\u0435\u043b\u044c \u043f\u043e\u0434\u0430\u0447\u0438 \u043d\u0430\u043f\u0440\u044f\u0436\u0435\u043d\u0438\u044f, \u043f\u0440\u043e\u0438\u0437\u0432\u043e\u0434\u044f\u0442\u0441\u044f \u0441\u043b\u0435\u0434\u0443\u044e\u0449\u0438\u0435 \u0440\u0430\u0431\u043e\u0442\u044b<\/p>\n\n\n\n<ul class=\"wp-block-list\"><li>\u041f\u0440\u043e\u043a\u043b\u0430\u0434\u043a\u0430 \u044d\u043b\u0435\u043a\u0442\u0440\u0438\u0447\u0435\u0441\u043a\u0438\u0445 \u043a\u0430\u0431\u0435\u043b\u0435\u0439 \u043e\u0442 \u0440\u0430\u0441\u043f\u0440\u0435\u0434\u0435\u043b\u0438\u0442\u0435\u043b\u044c\u043d\u043e\u0433\u043e \u0449\u0438\u0442\u043a\u0430 \u0434\u043e \u0442\u043e\u0447\u043a\u0438 \u043f\u043e\u0442\u0440\u0435\u0431\u043b\u0435\u043d\u0438\u044f<\/li><li>\u041c\u043e\u043d\u0442\u0430\u0436 \u043a\u043e\u0440\u043e\u0431\u043e\u043a \u043f\u043e\u0434\u0440\u043e\u0437\u0435\u0442\u043d\u0438\u043a\u043e\u0432, \u0443\u0441\u0442\u0430\u043d\u0430\u0432\u043b\u0438\u0432\u0430\u044e\u0442\u0441\u044f \u043a\u0440\u0435\u043f\u0451\u0436\u043d\u044b\u0435 \u044d\u043b\u0435\u043c\u0435\u043d\u0442\u044b \u0434\u043b\u044f \u043c\u043e\u043d\u0442\u0430\u0436\u0430 \u0440\u043e\u0437\u0435\u0442\u043e\u043a, \u0432\u044b\u043a\u043b\u044e\u0447\u0430\u0442\u0435\u043b\u0435\u0439 \u0438 \u043f\u0435\u0440\u0435\u043a\u043b\u044e\u0447\u0430\u0442\u0435\u043b\u0435\u0439<\/li><li>\u041f\u0440\u0435\u0434\u0432\u0430\u0440\u0438\u0442\u0435\u043b\u044c\u043d\u043e\u0435 \u0443\u0441\u0442\u0440\u043e\u0439\u0441\u0442\u0432\u043e \u0442\u043e\u0447\u0435\u043a \u043e\u0441\u0432\u0435\u0449\u0435\u043d\u0438\u044f<\/li><li>\u041d\u0430 \u044d\u0442\u043e\u043c \u0436\u0435 \u044d\u0442\u0430\u043f\u0435 \u043f\u0440\u043e\u043a\u043b\u0430\u0434\u044b\u0432\u0430\u044e\u0442\u0441\u044f \u043b\u0438\u043d\u0438\u0438 \u0434\u043b\u044f \u0434\u0430\u043b\u044c\u043d\u0435\u0439\u0448\u0435\u0439 \u0443\u0441\u0442\u0430\u043d\u043e\u0432\u043a\u0438 \u0441\u0438\u0433\u043d\u0430\u043b\u0438\u0437\u0430\u0446\u0438\u0438. \u0415\u0441\u043b\u0438 \u0412\u044b \u043d\u0435 \u043f\u043b\u0430\u043d\u0438\u0440\u0443\u0435\u0442\u0435 \u0441\u0440\u0430\u0437\u0443 \u043f\u043e\u0434\u043a\u043b\u044e\u0447\u0438\u0442\u044c \u0441\u0432\u043e\u0439 \u0434\u043e\u043c \u043f\u043e\u0434 \u043e\u0445\u0440\u0430\u043d\u0443, \u0440\u0435\u043a\u043e\u043c\u0435\u043d\u0434\u0443\u044e, \u0432\u0441\u0435 \u0436\u0435 \u043f\u0440\u0435\u0434\u0443\u0441\u043c\u043e\u0442\u0440\u0435\u0442\u044c \u0442\u0430\u043a\u0443\u044e \u0432\u043e\u0437\u043c\u043e\u0436\u043d\u043e\u0441\u0442\u044c.<\/li><li>\u041f\u0440\u043e\u043a\u043b\u0430\u0434\u044b\u0432\u0430\u044e\u0442\u0441\u044f \u043b\u0438\u043d\u0438\u0438 \u0434\u043b\u044f \u043f\u043e\u0434\u043a\u043b\u044e\u0447\u0435\u043d\u0438\u044f \u043f\u0440\u0438\u0431\u043e\u0440\u043e\u0432 \u0441\u0432\u044f\u0437\u0430\u043d\u043d\u044b\u0445 \u0441 \u043e\u0442\u043e\u043f\u0438\u0442\u0435\u043b\u044c\u043d\u043e\u0439 \u0441\u0438\u0441\u0442\u0435\u043c\u043e\u0439 \u2013 \u0432\u043d\u0443\u0442\u0440\u0435\u043d\u043d\u0438\u0435 \u043a\u043e\u043c\u043d\u0430\u0442\u043d\u044b\u0435 \u0442\u0435\u0440\u043c\u043e\u0441\u0442\u0430\u0442\u044b, \u0434\u0430\u0442\u0447\u0438\u043a \u043d\u0430\u0440\u0443\u0436\u043d\u043e\u0439 \u0442\u0435\u043c\u043f\u0435\u0440\u0430\u0442\u0443\u0440\u044b, \u043f\u0440\u0438 \u043d\u0435\u043e\u0431\u0445\u043e\u0434\u0438\u043c\u043e\u0441\u0442\u0438, \u044d\u043b\u0435\u043c\u0435\u043d\u0442\u044b \u0442\u0451\u043f\u043b\u044b\u0445 \u044d\u043b\u0435\u043a\u0442\u0440\u0438\u0447\u0435\u0441\u043a\u0438\u0445 \u043f\u043e\u043b\u043e\u0432<\/li><li>\u041c\u043e\u043d\u0442\u0430\u0436 \u0440\u0430\u0441\u043f\u0440\u0435\u0434\u0435\u043b\u0438\u0442\u0435\u043b\u044c\u043d\u043e\u0433\u043e \u0449\u0438\u0442\u043a\u0430<\/li><\/ul>\n\n\n\n<p>\u0414\u043b\u044f \u043f\u043e\u043b\u043d\u043e\u0446\u0435\u043d\u043d\u043e\u0439 \u0438 \u043d\u0430\u0434\u0451\u0436\u043d\u043e\u0439 \u0440\u0430\u0431\u043e\u0442\u044b \u044d\u043b\u0435\u043a\u0442\u0440\u043e\u0441\u0438\u0441\u0442\u0435\u043c\u044b \u0412\u0430\u0448\u0435\u0433\u043e \u0434\u043e\u043c\u0430, \u0440\u0435\u043a\u043e\u043c\u0435\u043d\u0434\u0443\u044e \u0432\u043e\u0441\u043f\u043e\u043b\u044c\u0437\u043e\u0432\u0430\u0442\u044c\u0441\u044f \u0441\u043b\u0435\u0434\u0443\u044e\u0449\u0438\u043c\u0438 \u0441\u043e\u0432\u0435\u0442\u0430\u043c\u0438<\/p>\n\n\n\n<ul class=\"wp-block-list\"><li>\u0411\u044b\u0442\u043e\u0432\u044b\u0435 \u043f\u0440\u0438\u0431\u043e\u0440\u044b, \u043a\u0430\u043a \u0442\u043e \u0441\u0442\u0438\u0440\u0430\u043b\u044c\u043d\u044b\u0435 \u043c\u0430\u0448\u0438\u043d\u044b, \u043f\u043e\u0441\u0443\u0434\u043e\u043c\u043e\u0435\u0447\u043d\u044b\u0435 \u043c\u0430\u0448\u0438\u043d\u044b, \u0431\u043e\u0439\u043b\u0435\u0440\u044b, \u043e\u0442\u043e\u043f\u0438\u0442\u0435\u043b\u044c\u043d\u044b\u0435 \u043a\u043e\u0442\u043b\u044b \u043d\u0435\u043e\u0431\u0445\u043e\u0434\u0438\u043c\u043e \u043f\u043e\u0434\u043a\u043b\u044e\u0447\u0430\u0442\u044c \u043a \u043e\u0442\u0434\u0435\u043b\u044c\u043d\u044b\u043c \u043b\u0438\u043d\u0438\u044f\u043c, \u043a\u043e\u0442\u043e\u0440\u044b\u0435 \u043a\u043e\u043d\u0442\u0440\u043e\u043b\u0438\u0440\u0443\u0435\u0442 \u0442\u043e\u043b\u044c\u043a\u043e \u043e\u0434\u0438\u043d \u0430\u0432\u0442\u043e\u043c\u0430\u0442 \u0432 \u0440\u0430\u0441\u043f\u0440\u0435\u0434\u0435\u043b\u0438\u0442\u0435\u043b\u044c\u043d\u043e\u043c \u0449\u0438\u0442\u043a\u0435<\/li><li>\u041f\u0440\u0435\u0434\u0443\u0441\u043c\u043e\u0442\u0440\u0435\u0442\u044c \u043e\u0434\u043d\u0443 \u0438\u043b\u0438 \u043d\u0435\u0441\u043a\u043e\u043b\u044c\u043a\u043e \u0441\u0438\u043b\u043e\u0432\u044b\u0445 \u0440\u043e\u0437\u0435\u0442\u043e\u043a, \u043a\u043e\u0442\u043e\u0440\u044b\u0435 \u043f\u043e\u0434\u043a\u043b\u044e\u0447\u0438\u0442\u044c \u043e\u0442\u0434\u0435\u043b\u044c\u043d\u043e\u0439 \u043b\u0438\u043d\u0438\u0435\u0439 \u043a \u0440\u0430\u0441\u043f\u0440\u0435\u0434\u0435\u043b\u0438\u0442\u0435\u043b\u044c\u043d\u043e\u043c\u0443 \u0449\u0438\u0442\u043a\u0443, \u043f\u043e\u0434 \u043a\u043e\u043d\u0442\u0440\u043e\u043b\u0435\u043c \u043e\u0442\u0434\u0435\u043b\u044c\u043d\u043e\u0433\u043e \u0430\u0432\u0442\u043e\u043c\u0430\u0442\u0430<\/li><li>\u041f\u043e\u043c\u0435\u0449\u0435\u043d\u0438\u044f \u0441 \u043f\u043e\u0432\u044b\u0448\u0435\u043d\u043d\u043e\u0439 \u0432\u043b\u0430\u0436\u043d\u043e\u0441\u0442\u044c\u044e - \u0432\u0430\u043d\u043d\u044b\u0435 \u043a\u043e\u043c\u043d\u0430\u0442\u044b, \u043a\u0443\u0445\u043d\u0438 \u0438 \u043a\u043e\u0442\u0435\u043b\u044c\u043d\u044b\u0435 \u043e\u0441\u0443\u0449\u0435\u0441\u0442\u0432\u043b\u044f\u0442\u044c \u043f\u043e\u0434\u043a\u043b\u044e\u0447\u0435\u043d\u0438\u0435 \u044d\u043b\u0435\u043a\u0442\u0440\u043e\u043f\u0438\u0442\u0430\u043d\u0438\u044f \u043f\u0440\u0438 \u043f\u043e\u043c\u043e\u0449\u0438 \u0443\u0437\u043e (\u0443\u0441\u0442\u0440\u043e\u0439\u0441\u0442\u0432 \u0437\u0430\u0449\u0438\u0442\u043d\u043e\u0433\u043e \u043e\u0442\u043a\u043b\u044e\u0447\u0435\u043d\u0438\u044f). \u0412 \u0441\u043b\u0443\u0447\u0430\u0435 \u043a\u043e\u043d\u0442\u0430\u043a\u0442\u0430 \u0432 \u0432\u043b\u0430\u0433\u043e\u0439 \u043c\u043e\u0436\u0435\u0442 \u043f\u0440\u043e\u0438\u0437\u043e\u0439\u0442\u0438 \u0443\u0442\u0435\u0447\u043a\u0430 \u0442\u043e\u043a\u0430, \u043a\u0430\u043a \u0440\u0435\u0437\u0443\u043b\u044c\u0442\u0430\u0442 \u0432 \u043b\u0443\u0447\u0448\u0435\u043c \u0441\u043b\u0443\u0447\u0430\u0435 \u0442\u0440\u0430\u0432\u043c\u0430. \u0410\u0432\u0442\u043e\u043c\u0430\u0442\u044b \u0443\u0437\u043e \u043f\u0440\u0435\u0434\u043e\u0442\u0432\u0440\u0430\u0449\u0430\u044e\u0442 \u0443\u0442\u0435\u0447\u043a\u0438 \u0438 \u043e\u0442\u043a\u043b\u044e\u0447\u0430\u044e\u0442 \u043f\u043e\u0434\u0430\u0447\u0443 \u043d\u0430\u043f\u0440\u044f\u0436\u0435\u043d\u0438\u044f \u043d\u0430 \u0442\u043e\u0447\u043a\u0443 \u043f\u043e\u0442\u0440\u0435\u0431\u043b\u0435\u043d\u0438\u044f \u044d\u043b\u0435\u043a\u0442\u0440\u0438\u0447\u0435\u0441\u0442\u0432\u0430<\/li><\/ul>\n\n\n\n<p>\u041a\u043e\u0433\u0434\u0430 \u0441\u0435\u0440\u0430\u044f \u043e\u0442\u0434\u0435\u043b\u043a\u0430 \u0412\u0430\u0448\u0435\u0433\u043e \u0434\u043e\u043c\u0430 \u043f\u043e\u0434\u043e\u0448\u043b\u0430 \u043a \u043a\u043e\u043d\u0446\u0443, \u043c\u043e\u043d\u0442\u0438\u0440\u0443\u044e\u0442\u0441\u044f \u043c\u0435\u0445\u0430\u043d\u0438\u0437\u043c\u044b \u0440\u043e\u0437\u0435\u0442\u043e\u043a, \u0432\u044b\u043a\u043b\u044e\u0447\u0430\u0442\u0435\u043b\u0435\u0439 \u0438 \u043f\u0435\u0440\u0435\u043a\u043b\u044e\u0447\u0430\u0442\u0435\u043b\u0435\u0439 \u2013 \u0412\u0430\u0448 \u0434\u043e\u043c \u044d\u043b\u0435\u043a\u0442\u0440\u0438\u0444\u0438\u0446\u0438\u0440\u043e\u0432\u0430\u043d.<\/p>\n\n\n\n<p>\u0412\u044b\u043f\u043e\u043b\u043d\u044f\u044e \u0432\u0441\u0435 \u0432\u0438\u0434\u044b \u0440\u0435\u043c\u043e\u043d\u0442\u043d\u044b\u0445 \u0440\u0430\u0431\u043e\u0442 \u044d\u043b\u0435\u043a\u0442\u0440\u043e \u0438\u043d\u0441\u0442\u0430\u043b\u043b\u044f\u0446\u0438\u0438, \u0432 \u0442\u043e\u043c \u0447\u0438\u0441\u043b\u0435 \u043c\u043e\u043d\u0442\u0430\u0436\u043d\u044b\u0435 \u0438 \u0434\u0435\u043c\u043e\u043d\u0442\u0430\u0436\u043d\u044b\u0435 \u0440\u0430\u0431\u043e\u0442\u044b \u0432 \u0421\u0438\u0433\u0443\u043b\u0434\u0435, \u0418\u043d\u0447\u0443\u043a\u0430\u043b\u043d\u0441\u0435 \u0438 \u0420\u0438\u0436\u0441\u043a\u043e\u043c \u0440\u0430\u0439\u043e\u043d\u0435.<\/p>","protected":false},"excerpt":{"rendered":"<p>God\u0101tie Klienti! Elektr\u012bbas piesl\u0113g\u0161anas process J\u016bsu m\u0101jai sast\u0101v no diviem etapiem. Pirmais \u2013 elektrifik\u0101cijas projekta izstr\u0101de un elektr\u012bbas padeves vietas ier\u012bko\u0161anas, ko veic Sadalales T\u012bkli, tad tiek uzst\u0101d\u012bts elektr\u012bbas skait\u012bt\u0101js un autom\u0101ts, kur\u0161 regul\u0113 J\u016bsu m\u0101jai paredz\u0113t\u0101s spriedzes lielumu. Priv\u0101tm\u0101j\u0101m parasti izv\u0113las 3 f\u0101\u017eu elektr\u012bbas piesl\u0113gumu ar jaudu no 16 l\u012bdz 32 amp\u0113riem. Otrs etaps <!-- more-link -->[&hellip;] <a href=\"https:\/\/baltmeistars.lv\/ru\/montazas-darbi\/\" class=\"more more-link\">Las\u012bt vair\u0101k<\/a><\/p>","protected":false},"author":1,"featured_media":7031,"parent":0,"menu_order":0,"comment_status":"closed","ping_status":"closed","template":"","meta":{"_acf_changed":false,"footnotes":""},"class_list":["post-6791","page","type-page","status-publish","has-post-thumbnail","hentry"],"acf":[],"yoast_head":"<!-- This site is optimized with the Yoast SEO plugin v24.5 - https:\/\/yoast.com\/wordpress\/plugins\/seo\/ -->\n<title>Mont\u0101\u017eas darbi - Baltmeistars<\/title>\n<meta name=\"robots\" content=\"index, follow, max-snippet:-1, max-image-preview:large, max-video-preview:-1\" \/>\n<link rel=\"canonical\" href=\"https:\/\/baltmeistars.lv\/ru\/montazas-darbi\/\" \/>\n<meta property=\"og:locale\" content=\"ru_RU\" \/>\n<meta property=\"og:type\" content=\"article\" \/>\n<meta property=\"og:title\" content=\"Mont\u0101\u017eas darbi - Baltmeistars\" \/>\n<meta property=\"og:description\" content=\"God\u0101tie Klienti! Elektr\u012bbas piesl\u0113g\u0161anas process J\u016bsu m\u0101jai sast\u0101v no diviem etapiem. Pirmais \u2013 elektrifik\u0101cijas projekta izstr\u0101de un elektr\u012bbas padeves vietas ier\u012bko\u0161anas, ko veic Sadalales T\u012bkli, tad tiek uzst\u0101d\u012bts elektr\u012bbas skait\u012bt\u0101js un autom\u0101ts, kur\u0161 regul\u0113 J\u016bsu m\u0101jai paredz\u0113t\u0101s spriedzes lielumu. Priv\u0101tm\u0101j\u0101m parasti izv\u0113las 3 f\u0101\u017eu elektr\u012bbas piesl\u0113gumu ar jaudu no 16 l\u012bdz 32 amp\u0113riem. Otrs etaps [&hellip;] Las\u012bt vair\u0101k\" \/>\n<meta property=\"og:url\" content=\"https:\/\/baltmeistars.lv\/ru\/montazas-darbi\/\" \/>\n<meta property=\"og:site_name\" content=\"Baltmeistars\" \/>\n<meta property=\"article:modified_time\" content=\"2025-02-20T07:12:32+00:00\" \/>\n<meta property=\"og:image\" content=\"https:\/\/baltmeistars.lv\/wp-content\/uploads\/2021\/03\/balt-foto.jpg\" \/>\n\t<meta property=\"og:image:width\" content=\"300\" \/>\n\t<meta property=\"og:image:height\" content=\"133\" \/>\n\t<meta property=\"og:image:type\" content=\"image\/jpeg\" \/>\n<meta name=\"twitter:card\" content=\"summary_large_image\" \/>\n<meta name=\"twitter:label1\" content=\"\u041f\u0440\u0438\u043c\u0435\u0440\u043d\u043e\u0435 \u0432\u0440\u0435\u043c\u044f \u0434\u043b\u044f \u0447\u0442\u0435\u043d\u0438\u044f\" \/>\n\t<meta name=\"twitter:data1\" content=\"2 \u043c\u0438\u043d\u0443\u0442\u044b\" \/>\n<script type=\"application\/ld+json\" class=\"yoast-schema-graph\">{\"@context\":\"https:\/\/schema.org\",\"@graph\":[{\"@type\":\"WebPage\",\"@id\":\"https:\/\/baltmeistars.lv\/montazas-darbi\/\",\"url\":\"https:\/\/baltmeistars.lv\/montazas-darbi\/\",\"name\":\"Mont\u0101\u017eas darbi - Baltmeistars\",\"isPartOf\":{\"@id\":\"https:\/\/baltmeistars.lv\/lv\/#website\"},\"primaryImageOfPage\":{\"@id\":\"https:\/\/baltmeistars.lv\/montazas-darbi\/#primaryimage\"},\"image\":{\"@id\":\"https:\/\/baltmeistars.lv\/montazas-darbi\/#primaryimage\"},\"thumbnailUrl\":\"https:\/\/baltmeistars.lv\/wp-content\/uploads\/2021\/03\/balt-foto.jpg\",\"datePublished\":\"2021-02-28T01:35:50+00:00\",\"dateModified\":\"2025-02-20T07:12:32+00:00\",\"breadcrumb\":{\"@id\":\"https:\/\/baltmeistars.lv\/montazas-darbi\/#breadcrumb\"},\"inLanguage\":\"ru-RU\",\"potentialAction\":[{\"@type\":\"ReadAction\",\"target\":[\"https:\/\/baltmeistars.lv\/montazas-darbi\/\"]}]},{\"@type\":\"ImageObject\",\"inLanguage\":\"ru-RU\",\"@id\":\"https:\/\/baltmeistars.lv\/montazas-darbi\/#primaryimage\",\"url\":\"https:\/\/baltmeistars.lv\/wp-content\/uploads\/2021\/03\/balt-foto.jpg\",\"contentUrl\":\"https:\/\/baltmeistars.lv\/wp-content\/uploads\/2021\/03\/balt-foto.jpg\",\"width\":300,\"height\":133,\"caption\":\"smart\"},{\"@type\":\"BreadcrumbList\",\"@id\":\"https:\/\/baltmeistars.lv\/montazas-darbi\/#breadcrumb\",\"itemListElement\":[{\"@type\":\"ListItem\",\"position\":1,\"name\":\"Home\",\"item\":\"https:\/\/baltmeistars.lv\/lv\/\"},{\"@type\":\"ListItem\",\"position\":2,\"name\":\"Mont\u0101\u017eas darbi\"}]},{\"@type\":\"WebSite\",\"@id\":\"https:\/\/baltmeistars.lv\/lv\/#website\",\"url\":\"https:\/\/baltmeistars.lv\/lv\/\",\"name\":\"Baltmeistars\",\"description\":\"Celtniec\u012bbas nozare\",\"alternateName\":\"Baltmeistars.lv\",\"potentialAction\":[{\"@type\":\"SearchAction\",\"target\":{\"@type\":\"EntryPoint\",\"urlTemplate\":\"https:\/\/baltmeistars.lv\/lv\/?s={search_term_string}\"},\"query-input\":{\"@type\":\"PropertyValueSpecification\",\"valueRequired\":true,\"valueName\":\"search_term_string\"}}],\"inLanguage\":\"ru-RU\"}]}<\/script>\n<!-- \/ Yoast SEO plugin. -->","yoast_head_json":{"title":"Mont\u0101\u017eas darbi - Baltmeistars","robots":{"index":"index","follow":"follow","max-snippet":"max-snippet:-1","max-image-preview":"max-image-preview:large","max-video-preview":"max-video-preview:-1"},"canonical":"https:\/\/baltmeistars.lv\/ru\/montazas-darbi\/","og_locale":"ru_RU","og_type":"article","og_title":"Mont\u0101\u017eas darbi - Baltmeistars","og_description":"God\u0101tie Klienti! Elektr\u012bbas piesl\u0113g\u0161anas process J\u016bsu m\u0101jai sast\u0101v no diviem etapiem. Pirmais \u2013 elektrifik\u0101cijas projekta izstr\u0101de un elektr\u012bbas padeves vietas ier\u012bko\u0161anas, ko veic Sadalales T\u012bkli, tad tiek uzst\u0101d\u012bts elektr\u012bbas skait\u012bt\u0101js un autom\u0101ts, kur\u0161 regul\u0113 J\u016bsu m\u0101jai paredz\u0113t\u0101s spriedzes lielumu. Priv\u0101tm\u0101j\u0101m parasti izv\u0113las 3 f\u0101\u017eu elektr\u012bbas piesl\u0113gumu ar jaudu no 16 l\u012bdz 32 amp\u0113riem. Otrs etaps [&hellip;] Las\u012bt vair\u0101k","og_url":"https:\/\/baltmeistars.lv\/ru\/montazas-darbi\/","og_site_name":"Baltmeistars","article_modified_time":"2025-02-20T07:12:32+00:00","og_image":[{"width":300,"height":133,"url":"https:\/\/baltmeistars.lv\/wp-content\/uploads\/2021\/03\/balt-foto.jpg","type":"image\/jpeg"}],"twitter_card":"summary_large_image","twitter_misc":{"\u041f\u0440\u0438\u043c\u0435\u0440\u043d\u043e\u0435 \u0432\u0440\u0435\u043c\u044f \u0434\u043b\u044f \u0447\u0442\u0435\u043d\u0438\u044f":"2 \u043c\u0438\u043d\u0443\u0442\u044b"},"schema":{"@context":"https:\/\/schema.org","@graph":[{"@type":"WebPage","@id":"https:\/\/baltmeistars.lv\/montazas-darbi\/","url":"https:\/\/baltmeistars.lv\/montazas-darbi\/","name":"Mont\u0101\u017eas darbi - Baltmeistars","isPartOf":{"@id":"https:\/\/baltmeistars.lv\/lv\/#website"},"primaryImageOfPage":{"@id":"https:\/\/baltmeistars.lv\/montazas-darbi\/#primaryimage"},"image":{"@id":"https:\/\/baltmeistars.lv\/montazas-darbi\/#primaryimage"},"thumbnailUrl":"https:\/\/baltmeistars.lv\/wp-content\/uploads\/2021\/03\/balt-foto.jpg","datePublished":"2021-02-28T01:35:50+00:00","dateModified":"2025-02-20T07:12:32+00:00","breadcrumb":{"@id":"https:\/\/baltmeistars.lv\/montazas-darbi\/#breadcrumb"},"inLanguage":"ru-RU","potentialAction":[{"@type":"ReadAction","target":["https:\/\/baltmeistars.lv\/montazas-darbi\/"]}]},{"@type":"ImageObject","inLanguage":"ru-RU","@id":"https:\/\/baltmeistars.lv\/montazas-darbi\/#primaryimage","url":"https:\/\/baltmeistars.lv\/wp-content\/uploads\/2021\/03\/balt-foto.jpg","contentUrl":"https:\/\/baltmeistars.lv\/wp-content\/uploads\/2021\/03\/balt-foto.jpg","width":300,"height":133,"caption":"smart"},{"@type":"BreadcrumbList","@id":"https:\/\/baltmeistars.lv\/montazas-darbi\/#breadcrumb","itemListElement":[{"@type":"ListItem","position":1,"name":"Home","item":"https:\/\/baltmeistars.lv\/lv\/"},{"@type":"ListItem","position":2,"name":"Mont\u0101\u017eas darbi"}]},{"@type":"WebSite","@id":"https:\/\/baltmeistars.lv\/lv\/#website","url":"https:\/\/baltmeistars.lv\/lv\/","name":"Baltmeistars","description":"Celtniec\u012bbas nozare","alternateName":"Baltmeistars.lv","potentialAction":[{"@type":"SearchAction","target":{"@type":"EntryPoint","urlTemplate":"https:\/\/baltmeistars.lv\/lv\/?s={search_term_string}"},"query-input":{"@type":"PropertyValueSpecification","valueRequired":true,"valueName":"search_term_string"}}],"inLanguage":"ru-RU"}]}},"_links":{"self":[{"href":"https:\/\/baltmeistars.lv\/ru\/wp-json\/wp\/v2\/pages\/6791","targetHints":{"allow":["GET"]}}],"collection":[{"href":"https:\/\/baltmeistars.lv\/ru\/wp-json\/wp\/v2\/pages"}],"about":[{"href":"https:\/\/baltmeistars.lv\/ru\/wp-json\/wp\/v2\/types\/page"}],"author":[{"embeddable":true,"href":"https:\/\/baltmeistars.lv\/ru\/wp-json\/wp\/v2\/users\/1"}],"replies":[{"embeddable":true,"href":"https:\/\/baltmeistars.lv\/ru\/wp-json\/wp\/v2\/comments?post=6791"}],"version-history":[{"count":5,"href":"https:\/\/baltmeistars.lv\/ru\/wp-json\/wp\/v2\/pages\/6791\/revisions"}],"predecessor-version":[{"id":7260,"href":"https:\/\/baltmeistars.lv\/ru\/wp-json\/wp\/v2\/pages\/6791\/revisions\/7260"}],"wp:featuredmedia":[{"embeddable":true,"href":"https:\/\/baltmeistars.lv\/ru\/wp-json\/wp\/v2\/media\/7031"}],"wp:attachment":[{"href":"https:\/\/baltmeistars.lv\/ru\/wp-json\/wp\/v2\/media?parent=6791"}],"curies":[{"name":"wp","href":"https:\/\/api.w.org\/{rel}","templated":true}]}}