{"id":6793,"date":"2021-02-28T03:36:02","date_gmt":"2021-02-28T01:36:02","guid":{"rendered":"https:\/\/devilsecure.com\/?page_id=6793"},"modified":"2025-02-20T09:29:24","modified_gmt":"2025-02-20T07:29:24","slug":"remontdarbi","status":"publish","type":"page","link":"https:\/\/baltmeistars.lv\/ru\/remontdarbi\/","title":{"rendered":"\u0420\u0435\u043c\u043e\u043d\u0442\u043d\u044b\u0435 \u0440\u0430\u0431\u043e\u0442\u044b"},"content":{"rendered":"<p>\u0423\u0432\u0430\u0436\u0430\u0435\u043c\u044b\u0439 \u043a\u043b\u0438\u0435\u043d\u0442,<\/p>\n\n\n\n<p>\u0412 \u0442\u0435\u0447\u0435\u043d\u0438\u0438 \u0441\u0440\u043e\u043a\u0430 \u044d\u043a\u0441\u043f\u043b\u0443\u0430\u0442\u0430\u0446\u0438\u0438 \u0434\u043e\u043c\u043e\u0432, \u0432\u043e\u0437\u043d\u0438\u043a\u0430\u044e\u0442 \u043c\u0435\u043b\u043a\u0438\u0435 , \u0430 \u043f\u043e\u0440\u043e\u0439, \u0438 \u043a\u0440\u0443\u043f\u043d\u044b\u0435 \u0430\u0432\u0430\u0440\u0438\u0439\u043d\u044b\u0435 \u0441\u0438\u0442\u0443\u0430\u0446\u0438\u0438. \u041d\u0435\u043a\u043e\u0442\u043e\u0440\u044b\u0435 \u0438\u0437 \u043d\u0438\u0445 \u043d\u0435 \u0432\u043e\u0437\u043c\u043e\u0436\u043d\u043e \u0443\u0441\u0442\u0440\u0430\u043d\u0438\u0442\u044c \u0441\u0432\u043e\u0438\u043c\u0438 \u0441\u0438\u043b\u0430\u043c\u0438 \u0438 \u043d\u0443\u0436\u043d\u043e \u043f\u0440\u0438\u0432\u043b\u0435\u043a\u0430\u0442\u044c \u0441\u043f\u0435\u0446\u0438\u0430\u043b\u0438\u0441\u0442\u0430.<\/p>\n\n\n\n<p>\u0412\u044b\u043f\u043e\u043b\u043d\u044f\u044e \u0432\u0441\u0435 \u0432\u0438\u0434\u044b \u0440\u0430\u0431\u043e\u0442, \u043e\u043f\u0438\u0441\u0430\u043d\u043d\u044b\u0445 \u043d\u0438\u0436\u0435, \u0432 \u0421\u0438\u0433\u0443\u043b\u0434\u0435, \u0418\u043d\u0447\u0443\u043a\u0430\u043b\u043d\u0441\u0435 \u0438 \u0420\u0438\u0436\u0441\u043a\u043e\u043c \u0440\u0430\u0439\u043e\u043d\u0435.<\/p>\n\n\n\n<ul class=\"wp-block-list\">\n<li>\u0420\u0435\u043c\u043e\u043d\u0442 \u0438 \u043c\u043e\u043d\u0442\u0430\u0436 \u0440\u0430\u0441\u043f\u0440\u0435\u0434\u0435\u043b\u0438\u0442\u0435\u043b\u044c\u043d\u044b\u0445 \u0449\u0438\u0442\u043a\u043e\u0432<\/li>\n\n\n\n<li>\u0420\u0435\u043c\u043e\u043d\u0442 \u0438 \u043f\u0440\u043e\u043a\u043b\u0430\u0434\u043a\u0430 \u044d\u043b\u0435\u043a\u0442\u0440\u043e\u043b\u0438\u043d\u0438\u0439<\/li>\n\n\n\n<li>\u0420\u0435\u043c\u043e\u043d\u0442 \u0438 \u0437\u0430\u043c\u0435\u043d\u0430 \u0440\u043e\u0437\u0435\u0442\u043e\u043a, \u0432\u044b\u043a\u043b\u044e\u0447\u0430\u0442\u0435\u043b\u0435\u0439 \u0438 \u043f\u0435\u0440\u0435\u043a\u043b\u044e\u0447\u0430\u0442\u0435\u043b\u0435\u0439<\/li>\n\n\n\n<li>\u0420\u0435\u043c\u043e\u043d\u0442 \u0438 \u0443\u0441\u0442\u0430\u043d\u043e\u0432\u043a\u0430 \u0434\u0430\u0442\u0447\u0438\u043a\u043e\u0432 \u0442\u0451\u043f\u043b\u044b\u0445 \u043f\u043e\u043b\u043e\u0432<\/li>\n\n\n\n<li>\u0420\u0435\u043c\u043e\u043d\u0442 \u0438 \u0443\u0441\u0442\u0430\u043d\u043e\u0432\u043a\u0430 \u043e\u0441\u0432\u0435\u0442\u0438\u0442\u0435\u043b\u044c\u043d\u044b\u0445 \u043f\u0440\u0438\u0431\u043e\u0440\u043e\u0432<\/li>\n\n\n\n<li>\u0420\u0435\u043c\u043e\u043d\u0442 \u0438 \u0443\u0441\u0442\u0430\u043d\u043e\u0432\u043a\u0430 \u041b\u042d\u0414 \u043b\u0435\u043d\u0442<\/li>\n\n\n\n<li>\u041f\u043e\u0434\u043a\u043b\u044e\u0447\u0435\u043d\u0438\u0435 \u0431\u044b\u0442\u043e\u0432\u043e\u0439 \u0442\u0435\u0445\u043d\u0438\u043a\u0438, \u044d\u043b\u0435\u043a\u0442\u0440\u0438\u0447\u0435\u0441\u043a\u0438\u0445 \u0434\u0443\u0445\u043e\u0432\u043e\u043a \u0438 \u043f\u043e\u0432\u0435\u0440\u0445\u043d\u043e\u0441\u0442\u0435\u0439<\/li>\n\n\n\n<li>\u0423\u0441\u0442\u0430\u043d\u043e\u0432\u043a\u0430 \u0437\u0430\u0449\u0438\u0442\u043d\u044b\u0445 \u0430\u0432\u0442\u043e\u043c\u0430\u0442\u043e\u0432 \u0443\u0437\u043e<\/li>\n<\/ul>\n\n\n\n<p><\/p>","protected":false},"excerpt":{"rendered":"<p>God\u0101tie klienti! M\u0101ju ekspluat\u0101cijas laik\u0101, diem\u017e\u0113l, m\u0113dz rasties nelielas vai da\u017ereiz ar\u012b nopietnas av\u0101rijas situ\u0101cijas. Da\u017eas no t\u0101m nav iesp\u0113jams nov\u0113rst pa\u0161u sp\u0113kiem un ir nepiecie\u0161ams pieaicin\u0101t kvalific\u0113tus speci\u0101listus. Pied\u0101v\u0101ju veikt sekojo\u0161us elektroieri\u010d\u016b remonta darbus Siguldas un In\u010dukalna novados un R\u012bgas rajon\u0101.:<\/p>","protected":false},"author":1,"featured_media":0,"parent":0,"menu_order":0,"comment_status":"closed","ping_status":"closed","template":"","meta":{"_acf_changed":false,"footnotes":""},"class_list":["post-6793","page","type-page","status-publish","hentry"],"acf":[],"yoast_head":"<!-- This site is optimized with the Yoast SEO plugin v24.5 - https:\/\/yoast.com\/wordpress\/plugins\/seo\/ -->\n<title>Remontdarbi - Baltmeistars<\/title>\n<meta name=\"robots\" content=\"index, follow, max-snippet:-1, max-image-preview:large, max-video-preview:-1\" \/>\n<link rel=\"canonical\" href=\"https:\/\/baltmeistars.lv\/ru\/remontdarbi\/\" \/>\n<meta property=\"og:locale\" content=\"ru_RU\" \/>\n<meta property=\"og:type\" content=\"article\" \/>\n<meta property=\"og:title\" content=\"Remontdarbi - Baltmeistars\" \/>\n<meta property=\"og:description\" content=\"God\u0101tie klienti! M\u0101ju ekspluat\u0101cijas laik\u0101, diem\u017e\u0113l, m\u0113dz rasties nelielas vai da\u017ereiz ar\u012b nopietnas av\u0101rijas situ\u0101cijas. Da\u017eas no t\u0101m nav iesp\u0113jams nov\u0113rst pa\u0161u sp\u0113kiem un ir nepiecie\u0161ams pieaicin\u0101t kvalific\u0113tus speci\u0101listus. Pied\u0101v\u0101ju veikt sekojo\u0161us elektroieri\u010d\u016b remonta darbus Siguldas un In\u010dukalna novados un R\u012bgas rajon\u0101.:\" \/>\n<meta property=\"og:url\" content=\"https:\/\/baltmeistars.lv\/ru\/remontdarbi\/\" \/>\n<meta property=\"og:site_name\" content=\"Baltmeistars\" \/>\n<meta property=\"article:modified_time\" content=\"2025-02-20T07:29:24+00:00\" \/>\n<meta name=\"twitter:card\" content=\"summary_large_image\" \/>\n<meta name=\"twitter:label1\" content=\"\u041f\u0440\u0438\u043c\u0435\u0440\u043d\u043e\u0435 \u0432\u0440\u0435\u043c\u044f \u0434\u043b\u044f \u0447\u0442\u0435\u043d\u0438\u044f\" \/>\n\t<meta name=\"twitter:data1\" content=\"1 \u043c\u0438\u043d\u0443\u0442\u0430\" \/>\n<script type=\"application\/ld+json\" class=\"yoast-schema-graph\">{\"@context\":\"https:\/\/schema.org\",\"@graph\":[{\"@type\":\"WebPage\",\"@id\":\"https:\/\/baltmeistars.lv\/remontdarbi\/\",\"url\":\"https:\/\/baltmeistars.lv\/remontdarbi\/\",\"name\":\"Remontdarbi - Baltmeistars\",\"isPartOf\":{\"@id\":\"https:\/\/baltmeistars.lv\/lv\/#website\"},\"datePublished\":\"2021-02-28T01:36:02+00:00\",\"dateModified\":\"2025-02-20T07:29:24+00:00\",\"breadcrumb\":{\"@id\":\"https:\/\/baltmeistars.lv\/remontdarbi\/#breadcrumb\"},\"inLanguage\":\"ru-RU\",\"potentialAction\":[{\"@type\":\"ReadAction\",\"target\":[\"https:\/\/baltmeistars.lv\/remontdarbi\/\"]}]},{\"@type\":\"BreadcrumbList\",\"@id\":\"https:\/\/baltmeistars.lv\/remontdarbi\/#breadcrumb\",\"itemListElement\":[{\"@type\":\"ListItem\",\"position\":1,\"name\":\"Home\",\"item\":\"https:\/\/baltmeistars.lv\/lv\/\"},{\"@type\":\"ListItem\",\"position\":2,\"name\":\"Remontdarbi\"}]},{\"@type\":\"WebSite\",\"@id\":\"https:\/\/baltmeistars.lv\/lv\/#website\",\"url\":\"https:\/\/baltmeistars.lv\/lv\/\",\"name\":\"Baltmeistars\",\"description\":\"Celtniec\u012bbas nozare\",\"alternateName\":\"Baltmeistars.lv\",\"potentialAction\":[{\"@type\":\"SearchAction\",\"target\":{\"@type\":\"EntryPoint\",\"urlTemplate\":\"https:\/\/baltmeistars.lv\/lv\/?s={search_term_string}\"},\"query-input\":{\"@type\":\"PropertyValueSpecification\",\"valueRequired\":true,\"valueName\":\"search_term_string\"}}],\"inLanguage\":\"ru-RU\"}]}<\/script>\n<!-- \/ Yoast SEO plugin. -->","yoast_head_json":{"title":"Remontdarbi - Baltmeistars","robots":{"index":"index","follow":"follow","max-snippet":"max-snippet:-1","max-image-preview":"max-image-preview:large","max-video-preview":"max-video-preview:-1"},"canonical":"https:\/\/baltmeistars.lv\/ru\/remontdarbi\/","og_locale":"ru_RU","og_type":"article","og_title":"Remontdarbi - Baltmeistars","og_description":"God\u0101tie klienti! M\u0101ju ekspluat\u0101cijas laik\u0101, diem\u017e\u0113l, m\u0113dz rasties nelielas vai da\u017ereiz ar\u012b nopietnas av\u0101rijas situ\u0101cijas. Da\u017eas no t\u0101m nav iesp\u0113jams nov\u0113rst pa\u0161u sp\u0113kiem un ir nepiecie\u0161ams pieaicin\u0101t kvalific\u0113tus speci\u0101listus. Pied\u0101v\u0101ju veikt sekojo\u0161us elektroieri\u010d\u016b remonta darbus Siguldas un In\u010dukalna novados un R\u012bgas rajon\u0101.:","og_url":"https:\/\/baltmeistars.lv\/ru\/remontdarbi\/","og_site_name":"Baltmeistars","article_modified_time":"2025-02-20T07:29:24+00:00","twitter_card":"summary_large_image","twitter_misc":{"\u041f\u0440\u0438\u043c\u0435\u0440\u043d\u043e\u0435 \u0432\u0440\u0435\u043c\u044f \u0434\u043b\u044f \u0447\u0442\u0435\u043d\u0438\u044f":"1 \u043c\u0438\u043d\u0443\u0442\u0430"},"schema":{"@context":"https:\/\/schema.org","@graph":[{"@type":"WebPage","@id":"https:\/\/baltmeistars.lv\/remontdarbi\/","url":"https:\/\/baltmeistars.lv\/remontdarbi\/","name":"Remontdarbi - Baltmeistars","isPartOf":{"@id":"https:\/\/baltmeistars.lv\/lv\/#website"},"datePublished":"2021-02-28T01:36:02+00:00","dateModified":"2025-02-20T07:29:24+00:00","breadcrumb":{"@id":"https:\/\/baltmeistars.lv\/remontdarbi\/#breadcrumb"},"inLanguage":"ru-RU","potentialAction":[{"@type":"ReadAction","target":["https:\/\/baltmeistars.lv\/remontdarbi\/"]}]},{"@type":"BreadcrumbList","@id":"https:\/\/baltmeistars.lv\/remontdarbi\/#breadcrumb","itemListElement":[{"@type":"ListItem","position":1,"name":"Home","item":"https:\/\/baltmeistars.lv\/lv\/"},{"@type":"ListItem","position":2,"name":"Remontdarbi"}]},{"@type":"WebSite","@id":"https:\/\/baltmeistars.lv\/lv\/#website","url":"https:\/\/baltmeistars.lv\/lv\/","name":"Baltmeistars","description":"Celtniec\u012bbas nozare","alternateName":"Baltmeistars.lv","potentialAction":[{"@type":"SearchAction","target":{"@type":"EntryPoint","urlTemplate":"https:\/\/baltmeistars.lv\/lv\/?s={search_term_string}"},"query-input":{"@type":"PropertyValueSpecification","valueRequired":true,"valueName":"search_term_string"}}],"inLanguage":"ru-RU"}]}},"_links":{"self":[{"href":"https:\/\/baltmeistars.lv\/ru\/wp-json\/wp\/v2\/pages\/6793","targetHints":{"allow":["GET"]}}],"collection":[{"href":"https:\/\/baltmeistars.lv\/ru\/wp-json\/wp\/v2\/pages"}],"about":[{"href":"https:\/\/baltmeistars.lv\/ru\/wp-json\/wp\/v2\/types\/page"}],"author":[{"embeddable":true,"href":"https:\/\/baltmeistars.lv\/ru\/wp-json\/wp\/v2\/users\/1"}],"replies":[{"embeddable":true,"href":"https:\/\/baltmeistars.lv\/ru\/wp-json\/wp\/v2\/comments?post=6793"}],"version-history":[{"count":4,"href":"https:\/\/baltmeistars.lv\/ru\/wp-json\/wp\/v2\/pages\/6793\/revisions"}],"predecessor-version":[{"id":7265,"href":"https:\/\/baltmeistars.lv\/ru\/wp-json\/wp\/v2\/pages\/6793\/revisions\/7265"}],"wp:attachment":[{"href":"https:\/\/baltmeistars.lv\/ru\/wp-json\/wp\/v2\/media?parent=6793"}],"curies":[{"name":"wp","href":"https:\/\/api.w.org\/{rel}","templated":true}]}}