{"id":6795,"date":"2021-02-28T03:36:22","date_gmt":"2021-02-28T01:36:22","guid":{"rendered":"https:\/\/devilsecure.com\/?page_id=6795"},"modified":"2025-02-20T10:25:12","modified_gmt":"2025-02-20T08:25:12","slug":"ardarbi-2","status":"publish","type":"page","link":"https:\/\/baltmeistars.lv\/ru\/ardarbi-2\/","title":{"rendered":"\u0412\u043d\u0435\u0448\u043d\u0438\u0435 \u0441\u0435\u0442\u0438"},"content":{"rendered":"<p>\u0423\u0432\u0430\u0436\u0430\u0435\u043c\u044b\u0439 \u043a\u043b\u0438\u0435\u043d\u0442,<\/p>\n\n\n\n<p>\u0412\u0441\u0435 \u0441\u0430\u043d\u0442\u0435\u0445\u043d\u0438\u0447\u0435\u0441\u043a\u0438\u0435 \u0443\u0441\u0442\u0440\u043e\u0439\u0441\u0442\u0432\u0430, \u043a\u043e\u0442\u043e\u0440\u044b\u0435 \u043d\u0430\u0445\u043e\u0434\u044f\u0442\u0441\u044f \u0432\u043d\u0435 \u0412\u0430\u0448\u0435\u0433\u043e \u0434\u043e\u043c\u0430 \u044f\u0432\u043b\u044f\u044e\u0442\u0441\u044f \u0432\u043d\u0435\u0448\u043d\u0438\u043c\u0438 \u0441\u0435\u0442\u044f\u043c\u0438 \u0432\u043e\u0434\u043e\u0441\u043d\u0430\u0431\u0436\u0435\u043d\u0438\u044f \u0438 \u043a\u0430\u043d\u0430\u043b\u0438\u0437\u0430\u0446\u0438\u0438.<\/p>\n\n\n<div class=\"wp-block-image\">\n<figure class=\"alignleft size-large\"><figure id=\"attachment_7079\" class=\"alignnone full-width-mobile thin\"><img loading=\"lazy\" decoding=\"async\" width=\"168\" height=\"381\" src=\"https:\/\/baltmeistars.lv\/wp-content\/uploads\/2021\/03\/kanalizacija.jpg\" alt=\"\" class=\"wp-image-7079\" srcset=\"https:\/\/baltmeistars.lv\/wp-content\/uploads\/2021\/03\/kanalizacija.jpg 168w, https:\/\/baltmeistars.lv\/wp-content\/uploads\/2021\/03\/kanalizacija-132x300.jpg 132w, https:\/\/baltmeistars.lv\/wp-content\/uploads\/2021\/03\/kanalizacija-5x12.jpg 5w, https:\/\/baltmeistars.lv\/wp-content\/uploads\/2021\/03\/kanalizacija-146x330.jpg 146w\" sizes=\"auto, (max-width: 168px) 100vw, 168px\" \/><\/figure><\/figure>\n<\/div>\n\n\n<p>\u041d\u0430 \u043d\u0430\u0447\u0430\u043b\u044c\u043d\u043e\u043c \u044d\u0442\u0430\u043f\u0435 \u0441\u0442\u0440\u043e\u0438\u0442\u0435\u043b\u044c\u0441\u0442\u0432\u0430 \u043f\u0440\u043e\u0438\u0437\u0432\u043e\u0434\u0438\u0442\u0441\u044f \u043c\u043e\u043d\u0442\u0430\u0436 \u043f\u0443\u0442\u0435\u0439 \u0432\u043e\u0434\u043e\u0441\u043d\u0430\u0431\u0436\u0435\u043d\u0438\u044f \u0438 \u043a\u0430\u043d\u0430\u043b\u0438\u0437\u0430\u0446\u0438\u0438, \u043a\u043e\u0442\u043e\u0440\u044b\u0435 \u043d\u0430\u0445\u043e\u0434\u044f\u0442\u0441\u044f \u0432 \u043e\u0441\u043d\u043e\u0432\u0430\u043d\u0438\u0438 (\u0444\u0443\u043d\u0434\u0430\u043c\u0435\u043d\u0442\u0435) \u0434\u043e\u043c\u0430, \u044d\u0442\u043e \u043e\u0441\u043d\u043e\u0432\u043d\u044b\u0435 \u0442\u0440\u0430\u0441\u0441\u044b \u043f\u043e \u043a\u043e\u0442\u043e\u0440\u044b\u043c \u043f\u043e\u0441\u0442\u0443\u043f\u0430\u0435\u0442 \u0432\u043e\u0434\u0430 \u0438 \u043e\u0442\u0432\u043e\u0434\u044f\u0442\u0441\u044f \u0441\u0442\u043e\u0447\u043d\u044b\u0435 \u0432\u043e\u0434\u044b.<\/p>\n\n\n\n<p>\u0420\u0430\u0441\u0441\u043c\u043e\u0442\u0440\u0438\u043c \u0432\u043d\u0443\u0442\u0440\u0435\u043d\u043d\u044e\u044e \u0441\u0435\u0442\u044c \u043f\u043e\u0434\u0430\u0447\u0438 \u0432\u043e\u0434\u044b, \u043a\u043e\u0442\u043e\u0440\u0430\u044f \u0441\u043e\u0441\u0442\u043e\u0438\u0442 \u0438\u0437 \u0441\u043b\u0435\u0434\u0443\u044e\u0449\u0438\u0445 \u0447\u0430\u0441\u0442\u0435\u0439<\/p>\n\n\n\n<ul class=\"wp-block-list\">\n<li>\u041c\u0430\u0433\u0438\u0441\u0442\u0440\u0430\u043b\u044c\u043d\u0430\u044f \u0442\u0440\u0443\u0431\u0430 \u043f\u043e\u0434\u0430\u0447\u0438 \u0432\u043e\u0434\u044b, \u0432 \u0447\u0430\u0441\u0442\u043d\u043e\u043c \u0434\u043e\u043c\u043e\u0441\u0442\u0440\u043e\u0435\u043d\u0438\u0438 \u043c\u044b \u043f\u043e\u043b\u0443\u0447\u0430\u0435\u043c \u0442\u043e\u043b\u044c\u043a\u043e \u0445\u043e\u043b\u043e\u0434\u043d\u0443\u044e \u0432\u043e\u0434\u0443, \u043a\u043e\u0442\u043e\u0440\u0443\u044e  \u0434\u0430\u043b\u0435\u0435 \u043d\u0430\u0433\u0440\u0435\u0432\u0430\u0435\u043c<\/li>\n\n\n\n<li>\u0415\u0441\u043b\u0438 \u0432\u043e\u0434\u0430 \u043f\u043e\u0441\u0442\u0443\u043f\u0430\u0435\u0442 \u0438\u0437 \u0430\u0440\u0442\u0435\u0437\u0438\u0430\u043d\u0441\u043a\u043e\u0439 \u0441\u043a\u0432\u0430\u0436\u0438\u043d\u044b, \u043f\u0435\u0440\u0435\u0434 \u0434\u0430\u043b\u044c\u043d\u0435\u0439\u0448\u0435\u0439 \u0442\u0440\u0430\u043d\u0441\u043f\u043e\u0440\u0442\u0438\u0440\u043e\u0432\u043a\u043e\u0439 \u043f\u043e \u0434\u043e\u043c\u0443, \u043c\u043e\u043d\u0442\u0438\u0440\u0443\u0435\u0442\u0441\u044f \u0441\u043f\u0435\u0446\u0438\u0430\u043b\u044c\u043d\u043e\u0435 \u043e\u0431\u043e\u0440\u0443\u0434\u043e\u0432\u0430\u043d\u0438\u0435, \u043a\u043e\u0442\u043e\u0440\u043e\u0435 \u043e\u0431\u0435\u0441\u043f\u0435\u0447\u0438\u0432\u0430\u0435\u0442 \u0440\u0430\u0432\u043d\u043e\u043c\u0435\u0440\u043d\u043e\u0435 \u043f\u043e\u0441\u0442\u0443\u043f\u043b\u0435\u043d\u0438\u0435 \u0432\u043e\u0434\u044b, \u043e\u0431\u0435\u0441\u043f\u0435\u0447\u0438\u0432\u0430\u0435\u0442 \u0432\u043e\u0437\u043c\u043e\u0436\u043d\u043e\u0441\u0442\u044c \u0440\u0435\u0433\u0443\u043b\u0438\u0440\u043e\u0432\u043a\u0438 \u0434\u0430\u0432\u043b\u0435\u043d\u0438\u044f \u043f\u043e\u0434\u0430\u0447\u0438 \u0432\u043e\u0434\u044b \u0438 \u0442\u0430\u043a\u0436\u0435 \u043e\u0431\u0435\u0441\u043f\u0435\u0447\u0438\u0432\u0430\u0435\u0442 \u0445\u043e\u0437\u044f\u0439\u0441\u0442\u0432\u043e \u043e\u043f\u0440\u0435\u0434\u0435\u043b\u0451\u043d\u043d\u044b\u043c \u043a\u043e\u043b\u0438\u0447\u0435\u0441\u0442\u0432\u043e\u043c \u0432\u043e\u0434\u044b, \u0432 \u0441\u043b\u0443\u0447\u0430\u0435 \u043e\u0442\u043a\u043b\u044e\u0447\u0435\u043d\u0438\u044f \u044d\u043b\u0435\u043a\u0442\u0440\u043e\u044d\u043d\u0435\u0440\u0433\u0438\u0438<\/li>\n\n\n\n<li>\u0421\u0438\u0441\u0442\u0435\u043c\u0430 \u043e\u0447\u0438\u0441\u0442\u043a\u0438 \u0432\u043e\u0434\u044b, \u0440\u0435\u043a\u043e\u043c\u0435\u043d\u0434\u0443\u044e \u0443\u0441\u0442\u0430\u043d\u0430\u0432\u043b\u0438\u0432\u0430\u0442\u044c \u043d\u0435 \u0437\u0430\u0432\u0438\u0441\u0438\u043c\u043e \u043e\u0442 \u0438\u0441\u0442\u043e\u0447\u043d\u0438\u043a\u0430 \u043f\u043e\u0434\u0430\u0447\u0438 \u0432\u043e\u0434\u044b \u0432 \u0434\u043e\u043c<\/li>\n\n\n\n<li>\u0425\u043e\u043b\u043e\u0434\u043d\u0430\u044f \u0432\u043e\u0434\u0430 \u043f\u0440\u043e\u0445\u043e\u0434\u044f \u043f\u043e \u0442\u0440\u0443\u0431\u0430\u043c \u0432\u043e\u0434\u043e\u0441\u043d\u0430\u0431\u0436\u0435\u043d\u0438\u044f \u0443\u0441\u0442\u0430\u043d\u043e\u0432\u043b\u0435\u043d\u043d\u044b\u043c \u0432 \u0412\u0430\u0448\u0435\u043c \u0434\u043e\u043c\u0435 \u043f\u043e\u0441\u0442\u0443\u043f\u0430\u0435\u0442 \u043a \u043f\u043e\u0442\u0440\u0435\u0431\u0438\u0442\u0435\u043b\u044e. \u041f\u043e\u0442\u0440\u0435\u0431\u0438\u0442\u0435\u043b\u0435\u043c \u044f\u0432\u043b\u044f\u044e\u0442\u0441\u044f \u0432\u0441\u0435 \u0441\u0430\u043d\u0442\u0435\u0445\u043d\u0438\u0447\u0435\u0441\u043a\u0438\u0435 \u043f\u0440\u0438\u0431\u043e\u0440\u0430 \u0412\u0430\u0448\u0435\u0433\u043e \u0434\u043e\u043c\u0430\n<ul class=\"wp-block-list\">\n<li>\u0421\u043c\u0435\u0441\u0438\u0442\u0435\u043b\u0438 \u0432\u043e\u0434\u044b \u0434\u043b\u044f \u043a\u0443\u0445\u043d\u0438 \u0438 \u0432\u0430\u043d\u043d\u044b\u0445 \u043a\u043e\u043c\u043d\u0430\u0442<\/li>\n\n\n\n<li>\u0423\u043d\u0438\u0442\u0430\u0437\u044b \u0438 \u0431\u0438\u0434\u0435<\/li>\n\n\n\n<li>\u0411\u044b\u0442\u043e\u0432\u0430\u044f \u0442\u0435\u0445\u043d\u0438\u043a\u0430 \u2013 \u043f\u043e\u0441\u0443\u0434\u043e\u043c\u043e\u0435\u0447\u043d\u044b\u0435 \u043c\u0430\u0448\u0438\u043d\u044b \u0438 \u0441\u0442\u0438\u0440\u0430\u043b\u044c\u043d\u044b\u0435 \u043c\u0430\u0448\u0438\u043d\u044b<\/li>\n\n\n\n<li>\u0425\u043e\u043b\u043e\u0434\u043d\u0430\u044f \u0432\u043e\u0434\u0430 \u043f\u043e\u0441\u0442\u0443\u043f\u0430\u0435\u0442 \u043a \u043e\u0442\u043e\u043f\u0438\u0442\u0435\u043b\u044c\u043d\u043e\u0439 \u0441\u0438\u0441\u0442\u0435\u043c\u0435 \u0412\u0430\u0448\u0435\u0433\u043e \u0434\u043e\u043c\u0430<\/li>\n\n\n\n<li>\u0422\u0435\u043f\u043b\u043e\u0432\u044b\u0435 \u043a\u043e\u0442\u043b\u044b, \u043a\u043e\u0442\u043e\u0440\u044b\u0435 \u043e\u0431\u043e\u0433\u0440\u0435\u0432\u0430\u044e\u0442 \u0434\u043e\u043c<\/li>\n\n\n\n<li>\u041a \u0431\u043e\u0439\u043b\u0435\u0440\u0430\u043c \u0434\u043b\u044f \u043d\u0430\u0433\u0440\u0435\u0432\u0430 \u0432\u043e\u0434\u044b<\/li>\n<\/ul>\n<\/li>\n<\/ul>\n\n\n\n<p>\u0422\u0440\u0443\u0431\u044b \u0432\u043e\u0434\u043e\u0441\u043d\u0430\u0431\u0436\u0435\u043d\u0438\u044f \u043c\u043e\u043d\u0442\u0438\u0440\u0443\u044e\u0442\u0441\u044f \u0441\u043e\u0433\u043b\u0430\u0441\u043d\u043e \u0441\u0442\u0440\u043e\u0438\u0442\u0435\u043b\u044c\u043d\u043e\u0439 \u0434\u043e\u043a\u0443\u043c\u0435\u043d\u0442\u0430\u0446\u0438\u0438 \u0438\/\u0438\u043b\u0438 \u0443\u0447\u0438\u0442\u044b\u0432\u0430\u044f \u043a\u043e\u043d\u0441\u0442\u0440\u0443\u043a\u0442\u0438\u0432\u043d\u044b\u0435 \u043e\u0441\u043e\u0431\u0435\u043d\u043d\u043e\u0441\u0442\u0438 \u0434\u0430\u043d\u043d\u043e\u0433\u043e \u0441\u0442\u0440\u043e\u0435\u043d\u0438\u044f. \u0412\u044b\u0431\u043e\u0440 \u043c\u0430\u0442\u0435\u0440\u0438\u0430\u043b\u043e\u0432 \u0434\u043b\u044f \u0432\u044b\u043f\u043e\u043b\u043d\u0435\u043d\u0438\u044f \u0434\u0430\u043d\u043d\u044b\u0445 \u0440\u0430\u0431\u043e\u0442 \u043f\u0440\u043e\u0438\u0437\u0432\u043e\u0434\u0438\u0442\u0441\u044f \u0441\u043e\u0433\u043b\u0430\u0441\u043d\u043e \u043f\u0440\u043e\u0435\u043a\u0442\u043d\u043e\u0439 \u0434\u043e\u043a\u0443\u043c\u0435\u043d\u0442\u0430\u0446\u0438\u0438 \u0438\/\u0438\u043b\u0438 \u0443\u0441\u043b\u043e\u0432\u0438\u0439 \u044d\u043a\u0441\u043f\u043b\u0443\u0430\u0442\u0430\u0446\u0438\u0438 \u0441\u0442\u0440\u043e\u0435\u043d\u0438\u044f.<\/p>\n\n\n\n<p>\u041f\u0440\u043e\u0438\u0437\u0432\u043e\u0436\u0443 \u0432\u0441\u0435 \u0432\u0438\u0434\u044b \u0440\u0430\u0431\u043e\u0442 \u043f\u043e \u0443\u0441\u0442\u0440\u043e\u0439\u0441\u0442\u0432\u0443 \u0432\u043e\u0434\u043e\u043f\u0440\u043e\u0432\u043e\u0434\u0430 \u0438 \u043a\u0430\u043d\u0430\u043b\u0438\u0437\u0430\u0446\u0438\u0438 \u043e\u043f\u0438\u0441\u0430\u043d\u043d\u044b\u0445 \u0432 \u0440\u0430\u0437\u0434\u0435\u043b\u0435 \u0432 \u0421\u0438\u0433\u0443\u043b\u0434\u0435, \u0418\u043d\u0447\u0443\u043a\u0430\u043b\u043d\u0441\u0435 \u0438 \u0420\u0438\u0436\u0441\u043a\u043e\u043c \u0440\u0430\u0439\u043e\u043d\u0435.<\/p>","protected":false},"excerpt":{"rendered":"<p>God\u0101tie klienti! Visas santehnisk\u0101s ier\u012bces, kuras atrodas \u0101rpus J\u016bsu m\u0101jas sien\u0101m tiek sauktas par \u0101r\u0113jiem \u016bdensapg\u0101des un kanaliz\u0101cijas t\u012bkliem. B\u016bvniec\u012bbas s\u0101kumposm\u0101 tiek veikta \u016bdensapg\u0101des un kanaliz\u0101cijas sist\u0113mas mont\u0101\u017ea, kas tiek ier\u012bkota m\u0101jas pamatos un veido galven\u0101s trases, pa kur\u0101m J\u016bsu m\u0101jai tiks pieg\u0101d\u0101ts \u016bdens un novad\u012bta kanaliz\u0101cija. Zem\u0101k uzsksait\u012b\u0161u udens apg\u0101des iek\u0161\u0113jo t\u012bklu sast\u0101vda\u013cas: \u016adensapg\u0101des <!-- more-link -->[&hellip;] <a href=\"https:\/\/baltmeistars.lv\/ru\/ardarbi-2\/\" class=\"more more-link\">Las\u012bt vair\u0101k<\/a><\/p>","protected":false},"author":1,"featured_media":0,"parent":0,"menu_order":0,"comment_status":"closed","ping_status":"closed","template":"","meta":{"_acf_changed":false,"footnotes":""},"class_list":["post-6795","page","type-page","status-publish","hentry"],"acf":[],"yoast_head":"<!-- This site is optimized with the Yoast SEO plugin v24.5 - https:\/\/yoast.com\/wordpress\/plugins\/seo\/ -->\n<title>\u0100r\u0113jie t\u012bkli - Baltmeistars<\/title>\n<meta name=\"robots\" content=\"index, follow, max-snippet:-1, max-image-preview:large, max-video-preview:-1\" \/>\n<link rel=\"canonical\" href=\"https:\/\/baltmeistars.lv\/ru\/ardarbi-2\/\" \/>\n<meta property=\"og:locale\" content=\"ru_RU\" \/>\n<meta property=\"og:type\" content=\"article\" \/>\n<meta property=\"og:title\" content=\"\u0100r\u0113jie t\u012bkli - Baltmeistars\" \/>\n<meta property=\"og:description\" content=\"God\u0101tie klienti! Visas santehnisk\u0101s ier\u012bces, kuras atrodas \u0101rpus J\u016bsu m\u0101jas sien\u0101m tiek sauktas par \u0101r\u0113jiem \u016bdensapg\u0101des un kanaliz\u0101cijas t\u012bkliem. B\u016bvniec\u012bbas s\u0101kumposm\u0101 tiek veikta \u016bdensapg\u0101des un kanaliz\u0101cijas sist\u0113mas mont\u0101\u017ea, kas tiek ier\u012bkota m\u0101jas pamatos un veido galven\u0101s trases, pa kur\u0101m J\u016bsu m\u0101jai tiks pieg\u0101d\u0101ts \u016bdens un novad\u012bta kanaliz\u0101cija. Zem\u0101k uzsksait\u012b\u0161u udens apg\u0101des iek\u0161\u0113jo t\u012bklu sast\u0101vda\u013cas: \u016adensapg\u0101des [&hellip;] Las\u012bt vair\u0101k\" \/>\n<meta property=\"og:url\" content=\"https:\/\/baltmeistars.lv\/ru\/ardarbi-2\/\" \/>\n<meta property=\"og:site_name\" content=\"Baltmeistars\" \/>\n<meta property=\"article:modified_time\" content=\"2025-02-20T08:25:12+00:00\" \/>\n<meta property=\"og:image\" content=\"https:\/\/baltmeistars.lv\/wp-content\/uploads\/2021\/03\/kanalizacija.jpg\" \/>\n<meta name=\"twitter:card\" content=\"summary_large_image\" \/>\n<meta name=\"twitter:label1\" content=\"\u041f\u0440\u0438\u043c\u0435\u0440\u043d\u043e\u0435 \u0432\u0440\u0435\u043c\u044f \u0434\u043b\u044f \u0447\u0442\u0435\u043d\u0438\u044f\" \/>\n\t<meta name=\"twitter:data1\" content=\"2 \u043c\u0438\u043d\u0443\u0442\u044b\" \/>\n<script type=\"application\/ld+json\" class=\"yoast-schema-graph\">{\"@context\":\"https:\/\/schema.org\",\"@graph\":[{\"@type\":\"WebPage\",\"@id\":\"https:\/\/baltmeistars.lv\/ardarbi-2\/\",\"url\":\"https:\/\/baltmeistars.lv\/ardarbi-2\/\",\"name\":\"\u0100r\u0113jie t\u012bkli - Baltmeistars\",\"isPartOf\":{\"@id\":\"https:\/\/baltmeistars.lv\/lv\/#website\"},\"primaryImageOfPage\":{\"@id\":\"https:\/\/baltmeistars.lv\/ardarbi-2\/#primaryimage\"},\"image\":{\"@id\":\"https:\/\/baltmeistars.lv\/ardarbi-2\/#primaryimage\"},\"thumbnailUrl\":\"https:\/\/baltmeistars.lv\/wp-content\/uploads\/2021\/03\/kanalizacija.jpg\",\"datePublished\":\"2021-02-28T01:36:22+00:00\",\"dateModified\":\"2025-02-20T08:25:12+00:00\",\"breadcrumb\":{\"@id\":\"https:\/\/baltmeistars.lv\/ardarbi-2\/#breadcrumb\"},\"inLanguage\":\"ru-RU\",\"potentialAction\":[{\"@type\":\"ReadAction\",\"target\":[\"https:\/\/baltmeistars.lv\/ardarbi-2\/\"]}]},{\"@type\":\"ImageObject\",\"inLanguage\":\"ru-RU\",\"@id\":\"https:\/\/baltmeistars.lv\/ardarbi-2\/#primaryimage\",\"url\":\"https:\/\/baltmeistars.lv\/wp-content\/uploads\/2021\/03\/kanalizacija.jpg\",\"contentUrl\":\"https:\/\/baltmeistars.lv\/wp-content\/uploads\/2021\/03\/kanalizacija.jpg\"},{\"@type\":\"BreadcrumbList\",\"@id\":\"https:\/\/baltmeistars.lv\/ardarbi-2\/#breadcrumb\",\"itemListElement\":[{\"@type\":\"ListItem\",\"position\":1,\"name\":\"Home\",\"item\":\"https:\/\/baltmeistars.lv\/lv\/\"},{\"@type\":\"ListItem\",\"position\":2,\"name\":\"\u0100r\u0113jie t\u012bkli\"}]},{\"@type\":\"WebSite\",\"@id\":\"https:\/\/baltmeistars.lv\/lv\/#website\",\"url\":\"https:\/\/baltmeistars.lv\/lv\/\",\"name\":\"Baltmeistars\",\"description\":\"Celtniec\u012bbas nozare\",\"alternateName\":\"Baltmeistars.lv\",\"potentialAction\":[{\"@type\":\"SearchAction\",\"target\":{\"@type\":\"EntryPoint\",\"urlTemplate\":\"https:\/\/baltmeistars.lv\/lv\/?s={search_term_string}\"},\"query-input\":{\"@type\":\"PropertyValueSpecification\",\"valueRequired\":true,\"valueName\":\"search_term_string\"}}],\"inLanguage\":\"ru-RU\"}]}<\/script>\n<!-- \/ Yoast SEO plugin. -->","yoast_head_json":{"title":"\u0100r\u0113jie t\u012bkli - Baltmeistars","robots":{"index":"index","follow":"follow","max-snippet":"max-snippet:-1","max-image-preview":"max-image-preview:large","max-video-preview":"max-video-preview:-1"},"canonical":"https:\/\/baltmeistars.lv\/ru\/ardarbi-2\/","og_locale":"ru_RU","og_type":"article","og_title":"\u0100r\u0113jie t\u012bkli - Baltmeistars","og_description":"God\u0101tie klienti! Visas santehnisk\u0101s ier\u012bces, kuras atrodas \u0101rpus J\u016bsu m\u0101jas sien\u0101m tiek sauktas par \u0101r\u0113jiem \u016bdensapg\u0101des un kanaliz\u0101cijas t\u012bkliem. B\u016bvniec\u012bbas s\u0101kumposm\u0101 tiek veikta \u016bdensapg\u0101des un kanaliz\u0101cijas sist\u0113mas mont\u0101\u017ea, kas tiek ier\u012bkota m\u0101jas pamatos un veido galven\u0101s trases, pa kur\u0101m J\u016bsu m\u0101jai tiks pieg\u0101d\u0101ts \u016bdens un novad\u012bta kanaliz\u0101cija. Zem\u0101k uzsksait\u012b\u0161u udens apg\u0101des iek\u0161\u0113jo t\u012bklu sast\u0101vda\u013cas: \u016adensapg\u0101des [&hellip;] Las\u012bt vair\u0101k","og_url":"https:\/\/baltmeistars.lv\/ru\/ardarbi-2\/","og_site_name":"Baltmeistars","article_modified_time":"2025-02-20T08:25:12+00:00","og_image":[{"url":"https:\/\/baltmeistars.lv\/wp-content\/uploads\/2021\/03\/kanalizacija.jpg","type":"","width":"","height":""}],"twitter_card":"summary_large_image","twitter_misc":{"\u041f\u0440\u0438\u043c\u0435\u0440\u043d\u043e\u0435 \u0432\u0440\u0435\u043c\u044f \u0434\u043b\u044f \u0447\u0442\u0435\u043d\u0438\u044f":"2 \u043c\u0438\u043d\u0443\u0442\u044b"},"schema":{"@context":"https:\/\/schema.org","@graph":[{"@type":"WebPage","@id":"https:\/\/baltmeistars.lv\/ardarbi-2\/","url":"https:\/\/baltmeistars.lv\/ardarbi-2\/","name":"\u0100r\u0113jie t\u012bkli - Baltmeistars","isPartOf":{"@id":"https:\/\/baltmeistars.lv\/lv\/#website"},"primaryImageOfPage":{"@id":"https:\/\/baltmeistars.lv\/ardarbi-2\/#primaryimage"},"image":{"@id":"https:\/\/baltmeistars.lv\/ardarbi-2\/#primaryimage"},"thumbnailUrl":"https:\/\/baltmeistars.lv\/wp-content\/uploads\/2021\/03\/kanalizacija.jpg","datePublished":"2021-02-28T01:36:22+00:00","dateModified":"2025-02-20T08:25:12+00:00","breadcrumb":{"@id":"https:\/\/baltmeistars.lv\/ardarbi-2\/#breadcrumb"},"inLanguage":"ru-RU","potentialAction":[{"@type":"ReadAction","target":["https:\/\/baltmeistars.lv\/ardarbi-2\/"]}]},{"@type":"ImageObject","inLanguage":"ru-RU","@id":"https:\/\/baltmeistars.lv\/ardarbi-2\/#primaryimage","url":"https:\/\/baltmeistars.lv\/wp-content\/uploads\/2021\/03\/kanalizacija.jpg","contentUrl":"https:\/\/baltmeistars.lv\/wp-content\/uploads\/2021\/03\/kanalizacija.jpg"},{"@type":"BreadcrumbList","@id":"https:\/\/baltmeistars.lv\/ardarbi-2\/#breadcrumb","itemListElement":[{"@type":"ListItem","position":1,"name":"Home","item":"https:\/\/baltmeistars.lv\/lv\/"},{"@type":"ListItem","position":2,"name":"\u0100r\u0113jie t\u012bkli"}]},{"@type":"WebSite","@id":"https:\/\/baltmeistars.lv\/lv\/#website","url":"https:\/\/baltmeistars.lv\/lv\/","name":"Baltmeistars","description":"Celtniec\u012bbas nozare","alternateName":"Baltmeistars.lv","potentialAction":[{"@type":"SearchAction","target":{"@type":"EntryPoint","urlTemplate":"https:\/\/baltmeistars.lv\/lv\/?s={search_term_string}"},"query-input":{"@type":"PropertyValueSpecification","valueRequired":true,"valueName":"search_term_string"}}],"inLanguage":"ru-RU"}]}},"_links":{"self":[{"href":"https:\/\/baltmeistars.lv\/ru\/wp-json\/wp\/v2\/pages\/6795","targetHints":{"allow":["GET"]}}],"collection":[{"href":"https:\/\/baltmeistars.lv\/ru\/wp-json\/wp\/v2\/pages"}],"about":[{"href":"https:\/\/baltmeistars.lv\/ru\/wp-json\/wp\/v2\/types\/page"}],"author":[{"embeddable":true,"href":"https:\/\/baltmeistars.lv\/ru\/wp-json\/wp\/v2\/users\/1"}],"replies":[{"embeddable":true,"href":"https:\/\/baltmeistars.lv\/ru\/wp-json\/wp\/v2\/comments?post=6795"}],"version-history":[{"count":6,"href":"https:\/\/baltmeistars.lv\/ru\/wp-json\/wp\/v2\/pages\/6795\/revisions"}],"predecessor-version":[{"id":7277,"href":"https:\/\/baltmeistars.lv\/ru\/wp-json\/wp\/v2\/pages\/6795\/revisions\/7277"}],"wp:attachment":[{"href":"https:\/\/baltmeistars.lv\/ru\/wp-json\/wp\/v2\/media?parent=6795"}],"curies":[{"name":"wp","href":"https:\/\/api.w.org\/{rel}","templated":true}]}}