{"id":6816,"date":"2021-02-28T13:24:29","date_gmt":"2021-02-28T11:24:29","guid":{"rendered":"https:\/\/devilsecure.com\/?page_id=6816"},"modified":"2025-02-20T10:36:08","modified_gmt":"2025-02-20T08:36:08","slug":"pamata-buvnieciba","status":"publish","type":"page","link":"https:\/\/baltmeistars.lv\/ru\/pamata-buvnieciba\/","title":{"rendered":"\u0423\u0441\u0442\u0440\u043e\u0439\u0441\u0442\u0432\u043e \u0444\u0443\u043d\u0434\u0430\u043c\u0435\u043d\u0442\u0430"},"content":{"rendered":"<p>\u0423\u0432\u0430\u0436\u0430\u0435\u043c\u044b\u0435 \u043a\u043b\u0438\u0435\u043d\u0442\u044b,<\/p>\n\n\n\n<p>\u0412\u044b \u043f\u0440\u043e\u0448\u043b\u0438 \u043f\u0435\u0440\u0432\u044b\u0439 \u044d\u0442\u0430\u043f \u043f\u043e\u0434\u0433\u043e\u0442\u043e\u0432\u043a\u0438 \u043a \u0441\u0442\u0440\u043e\u0438\u0442\u0435\u043b\u044c\u043d\u044b\u043c \u0440\u0430\u0431\u043e\u0442\u0430\u043c. \u0423 \u0412\u0430\u0441 \u0433\u043e\u0442\u043e\u0432\u0430 \u043f\u0440\u043e\u0435\u043a\u0442\u043d\u0430\u044f \u0434\u043e\u043a\u0443\u043c\u0435\u043d\u0442\u0430\u0446\u0438\u044f \u0438 \u0440\u0430\u0437\u0440\u0435\u0448\u0435\u043d\u0438\u0435 \u043d\u0430 \u0441\u0442\u0440\u043e\u0438\u0442\u0435\u043b\u044c\u0441\u0442\u0432\u043e \u0412\u0430\u0448\u0435\u0433\u043e \u0434\u043e\u043c\u0430. \u041f\u0435\u0440\u0435\u0434 \u043d\u0430\u0447\u0430\u043b\u043e\u043c \u0440\u0430\u0431\u043e\u0442 \u043d\u0435\u043e\u0431\u0445\u043e\u0434\u0438\u043c\u043e \u0432\u043e\u0441\u043f\u043e\u043b\u044c\u0437\u043e\u0432\u0430\u0442\u044c\u0441\u044f \u0443\u0441\u043b\u0443\u0433\u0430\u043c\u0438 \u0442\u043e\u043f\u043e\u0433\u0440\u0430\u0444\u0430 \u0438 \u043d\u0430\u043d\u0435\u0441\u0442\u0438 \u043d\u0430 \u0442\u0435\u0440\u0440\u0438\u0442\u043e\u0440\u0438\u044e \u0443\u0447\u0430\u0441\u0442\u043a\u0430 \u043c\u0435\u0442\u043a\u0438 \u043e\u0431\u043e\u0437\u043d\u0430\u0447\u0430\u044e\u0449\u0438\u0435 \u043e\u0441\u0435\u0432\u044b\u0435 \u043b\u0438\u043d\u0438\u0438 \u0444\u0443\u043d\u0434\u0430\u043c\u0435\u043d\u0442\u0430. \u042d\u0442\u0443 \u043f\u0440\u043e\u0446\u0435\u0434\u0443\u0440\u0443 \u043c\u043e\u0436\u043d\u043e \u0441\u0434\u0435\u043b\u0430\u0442\u044c \u043a\u0430\u043a \u0434\u043e , \u0442\u0430\u043a \u0438 \u043f\u043e\u0441\u043b\u0435 \u043e\u0442\u043a\u0430\u043f\u044b\u0432\u0430\u043d\u0438\u044f \u0441\u0442\u0440\u043e\u0438\u0442\u0435\u043b\u044c\u043d\u043e\u0433\u043e \u043a\u043e\u0442\u043b\u043e\u0432\u0430\u043d\u0430.<\/p>\n\n\n\n<p>\u041c\u0435\u0441\u0442\u043e \u043f\u043e\u0434 \u0444\u0443\u043d\u0434\u0430\u043c\u0435\u043d\u0442 \u0441\u043e\u043e\u0442\u0432\u0435\u0442\u0441\u0442\u0432\u0443\u0435\u0442 \u0435\u0433\u043e \u043f\u043e\u043b\u043e\u0436\u0435\u043d\u0438\u044e \u043e\u0442\u043d\u043e\u0441\u0438\u0442\u0435\u043b\u044c\u043d\u043e \u043a\u043e\u043e\u0440\u0434\u0438\u043d\u0430\u0442, \u0433\u043b\u0443\u0431\u0438\u043d\u0430 \u0441\u043e\u043e\u0442\u0432\u0435\u0442\u0441\u0442\u0432\u0443\u0435\u0442 \u043f\u0440\u043e\u0435\u043a\u0442\u043d\u043e\u0439 \u0434\u043e\u043a\u0443\u043c\u0435\u043d\u0442\u0430\u0446\u0438\u0438.<\/p>\n\n\n\n<p>\u0423\u0441\u0442\u0440\u043e\u0439\u0441\u0442\u0432\u043e \u0444\u0443\u043d\u0434\u0430\u043c\u0435\u043d\u0442\u0430 \u043f\u043e\u0434 \u0436\u0438\u043b\u043e\u0439 \u0434\u043e\u043c \u0441 \u043f\u043e\u0441\u043b\u0435\u0434\u0443\u044e\u0449\u0438\u043c\u0438 \u0440\u0430\u0431\u043e\u0442\u0430\u043c\u0438 \u043f\u043e \u043f\u0440\u043e\u043b\u043e\u0436\u0435\u043d\u0438\u044e \u043a\u043e\u043c\u043c\u0443\u043d\u0438\u043a\u0430\u0446\u0438\u0439 \u0438 \u0443\u0441\u0442\u0440\u043e\u0439\u0441\u0442\u0432\u043e\u043c \u0447\u0435\u0440\u043d\u043e\u0432\u043e\u0433\u043e \u043f\u043e\u043b\u0430, \u043c\u043e\u0436\u043d\u043e \u0441\u043a\u0430\u0437\u0430\u0442\u044c \u044f\u0432\u043b\u044f\u0435\u0442\u0441\u044f \u0434\u043e\u0441\u0442\u0438\u0436\u0435\u043d\u0438\u0435\u043c 25 % \u0443\u0441\u043f\u0435\u0445\u0430 \u043d\u0430 \u043f\u0443\u0442\u0438 \u043a \u0412\u0430\u0448\u0435\u0439 \u0446\u0435\u043b\u0438.<\/p>\n\n\n\n<p>\u0412 \u0441\u0442\u0440\u043e\u0438\u0442\u0435\u043b\u044c\u0441\u0442\u0432\u0435 \u0440\u0435\u0430\u043b\u0438\u0437\u0443\u044e\u0442\u0441\u044f \u043d\u0435\u0441\u043a\u043e\u043b\u044c\u043a\u043e \u0432\u0438\u0434\u043e\u0432 \u0443\u0441\u0442\u0440\u043e\u0439\u0441\u0442\u0432 \u0444\u0443\u043d\u0434\u0430\u043c\u0435\u043d\u0442\u043e\u0432. \u041a\u0430\u043a\u0438\u0435 \u043c\u0430\u0442\u0435\u0440\u0438\u0430\u043b\u044b \u0438 \u0442\u0435\u0445\u043d\u043e\u043b\u043e\u0433\u0438\u0438 \u043f\u0440\u0438\u043c\u0435\u043d\u044f\u0442\u044c  \u043d\u0430 \u043f\u0440\u044f\u043c\u0443\u044e \u0437\u0430\u0432\u0438\u0441\u0438\u0442 \u043e\u0442 \u0440\u0430\u0437\u0440\u0430\u0431\u043e\u0442\u0430\u043d\u043d\u043e\u0433\u043e \u043f\u0440\u043e\u0435\u043a\u0442\u0430. \u041a\u0430\u043a \u0443\u043f\u043e\u043c\u0438\u043d\u0430\u043b \u0440\u0430\u043d\u0435\u0435 \u0430\u0440\u0445\u0438\u0442\u0435\u043a\u0442\u043e\u0440 \u0431\u0430\u0437\u0438\u0440\u0443\u044f\u0441\u044c \u043d\u0430 \u0440\u0435\u0437\u0443\u043b\u044c\u0442\u0430\u0442\u0430\u0445 \u0433\u0435\u043e\u043b\u043e\u0433\u0438\u0447\u0435\u0441\u043a\u0438\u0445 \u0438\u0437\u044b\u0441\u043a\u0430\u043d\u0438\u0439 \u0438 \u043a\u043e\u043d\u0441\u0442\u0440\u0443\u043a\u0442\u0438\u0432\u043d\u044b\u0445 \u0440\u0435\u0448\u0435\u043d\u0438\u0439 \u043f\u0440\u0435\u0434\u043b\u0430\u0433\u0430\u0435\u0442 \u0442\u0435\u0445\u043d\u0438\u0447\u0435\u0441\u043a\u043e\u0435 \u0440\u0435\u0448\u0435\u043d\u0438\u0435, \u0440\u0430\u0431\u043e\u0442\u0430\u044f \u0432 \u0442\u0430\u043d\u0434\u0435\u043c\u0435 \u0441\u043e \u0441\u0442\u0440\u043e\u0438\u0442\u0435\u043b\u0435\u043c \u043c\u043e\u0436\u043d\u043e \u0438 \u043d\u0443\u0436\u043d\u043e \u0432\u044b\u0431\u0440\u0430\u0442\u044c \u043e\u043f\u0442\u0438\u043c\u0430\u043b\u044c\u043d\u044b\u0439 \u0432\u0430\u0440\u0438\u0430\u043d\u0442, \u043a\u043e\u0442\u043e\u0440\u044b\u0439 \u0431\u0443\u0434\u0435\u0442 \u0441\u043e\u043e\u0442\u0432\u0435\u0442\u0441\u0442\u0432\u043e\u0432\u0430\u0442\u044c \u043a\u0430\u043a \u043a\u043e\u043d\u0441\u0442\u0440\u0443\u043a\u0442\u0438\u0432\u043d\u044b\u043c \u0440\u0430\u0441\u0447\u0451\u0442\u0430\u043c\u0438, \u0442\u0430\u043a \u0438 \u0431\u0443\u0434\u0435\u0442 \u044f\u0432\u043b\u044f\u0442\u044c\u0441\u044f \u044d\u043a\u043e\u043d\u043e\u043c\u0438\u0447\u0435\u0441\u043a\u0438 \u043e\u0431\u043e\u0441\u043d\u043e\u0432\u0430\u043d\u043d\u044b\u043c.<\/p>\n\n\n\n<p>\u041f\u0440\u043e\u0446\u0435\u0441\u0441 \u0432\u043e\u0437\u0432\u0435\u0434\u0435\u043d\u0438\u044f \u0444\u0443\u043d\u0434\u0430\u043c\u0435\u043d\u0442\u0430 \u0441\u043e\u0441\u0442\u043e\u0438\u0442 \u043a\u0430\u043a \u043f\u0440\u0430\u0432\u0438\u043b\u043e \u0438\u0437 \u0441\u043b\u0435\u0434\u0443\u044e\u0449\u0438\u0445 \u044d\u0442\u0430\u043f\u043e\u0432<\/p>\n\n\n<div class=\"wp-block-image\">\n<figure class=\"alignleft size-large\"><figure id=\"attachment_7071\" class=\"alignnone full-width-mobile thin\"><img loading=\"lazy\" decoding=\"async\" width=\"200\" height=\"300\" src=\"https:\/\/baltmeistars.lv\/wp-content\/uploads\/2021\/03\/pamati-3.jpg\" alt=\"\" class=\"wp-image-7071\" srcset=\"https:\/\/baltmeistars.lv\/wp-content\/uploads\/2021\/03\/pamati-3.jpg 200w, https:\/\/baltmeistars.lv\/wp-content\/uploads\/2021\/03\/pamati-3-8x12.jpg 8w\" sizes=\"auto, (max-width: 200px) 100vw, 200px\" \/><\/figure><\/figure>\n<\/div>\n\n\n<ul class=\"wp-block-list\">\n<li>\u041f\u043e\u0434\u0433\u043e\u0442\u043e\u0432\u043a\u0430 \u0433\u0440\u0443\u043d\u0442\u0430 \u043f\u043e\u0434 \u043e\u043f\u043e\u0440\u043d\u0443\u044e \u043f\u044f\u0442\u043a\u0443 \u0444\u0435\u043d\u0434\u0430\u043c\u0435\u043d\u0442\u0430<\/li>\n\n\n\n<li>\u0421\u0431\u043e\u0440\u043a\u0430 \u043e\u043f\u0430\u043b\u0443\u0431\u043a\u0438 \u043f\u043e\u0434 \u043f\u044f\u0442\u043a\u0443<\/li>\n\n\n\n<li>\u0412\u044f\u0437\u043a\u0430 \u0430\u0440\u043c\u0430\u0442\u0443\u0440\u044b<\/li>\n\n\n\n<li>\u0417\u0430\u043b\u0438\u0432\u043a\u0430 \u0431\u0435\u0442\u043e\u043d\u0430<\/li>\n\n\n\n<li>\u0413\u0438\u0434\u0440\u043e\u0438\u0437\u043e\u043b\u044f\u0446\u0438\u044f<\/li>\n\n\n\n<li>\u0412\u043e\u0437\u0432\u0435\u0434\u0435\u043d\u0438\u0435 \u0441\u0442\u0435\u043d \u0444\u0443\u043d\u0434\u0430\u043c\u0435\u043d\u0442\u0430, \u0430\u0440\u043c\u0438\u0440\u043e\u0432\u0430\u043d\u0438\u0435, \u0437\u0430\u043a\u043b\u0430\u0434\u043a\u0430 \u0433\u0438\u043b\u044c\u0437 \u0434\u043b\u044f \u043f\u043e\u0441\u043b\u0435\u0434\u0443\u044e\u0449\u0438\u0445 \u043a\u043e\u043c\u043c\u0443\u043d\u0438\u043a\u0430\u0446\u0438\u0439<\/li>\n\n\n\n<li>\u0423\u0441\u0442\u0440\u043e\u0439\u0441\u0442\u0432\u043e \u0430\u0440\u043c\u043e\u043f\u043e\u044f\u0441\u0430 \u043f\u043e \u043f\u0435\u0440\u0438\u043c\u0435\u0442\u0440\u0443 \u0432\u0441\u0435\u0433\u043e \u0444\u0443\u043d\u0434\u0430\u043c\u0435\u043d\u0442\u0430, \u0434\u043b\u044f \u043e\u0431\u0435\u0441\u043f\u0435\u0447\u0435\u043d\u0438\u044f \u0446\u0435\u043b\u043e\u0441\u0442\u043d\u043e\u0441\u0442\u0438 \u0438 \u043d\u0430\u0434\u0451\u0436\u043d\u043e\u0441\u0442\u0438  (\u0441\u0431\u043e\u0440\u043a\u0430 \u043e\u043f\u0430\u043b\u0443\u0431\u043a\u0438, \u0430\u0440\u043c\u0438\u0440\u043e\u0432\u0430\u043d\u0438\u0435, \u0437\u0430\u043b\u0438\u0432\u043a\u0430 \u0431\u0435\u0442\u043e\u043d\u0430)<\/li>\n\n\n\n<li>\u0417\u0430\u0441\u044b\u043f\u0430\u043d\u0438\u0435 \u0432\u043d\u0443\u0442\u0440\u0435\u043d\u043d\u0435\u0439 \u0447\u0430\u0441\u0442\u0438 \u0444\u0443\u043d\u0434\u0430\u043c\u0435\u043d\u0442\u0430 \u043e\u0434\u043d\u043e\u0432\u0440\u0435\u043c\u0435\u043d\u043d\u043e \u0441 \u0442\u0440\u0430\u043c\u0431\u043e\u0432\u043a\u043e\u0439 \u0433\u0440\u0443\u043d\u0442\u0430, \u043f\u0430\u0440\u0430\u043b\u043b\u0435\u043b\u044c\u043d\u043e \u043f\u0440\u043e\u043a\u043b\u0430\u0434\u044b\u0432\u0430\u044e\u0442\u0441\u044f \u043a\u043e\u043c\u043c\u0443\u043d\u0438\u043a\u0430\u0446\u0438\u0438 (\u044d\u043b\u0435\u043a\u0442\u0440\u0438\u0447\u0435\u0441\u0442\u0432\u043e, \u043a\u0430\u043d\u0430\u043b\u0438\u0437\u0430\u0446\u0438\u044f, \u0432\u043e\u0434\u043e\u043f\u0440\u043e\u0432\u043e\u0434)<\/li>\n\n\n\n<li>\u0423\u0441\u0442\u0440\u043e\u0439\u0441\u0442\u0432\u043e \u0447\u0435\u0440\u043d\u043e\u0432\u043e\u0433\u043e \u043f\u043e\u043b\u0430( \u0432 \u0441\u043b\u0443\u0447\u0430\u0435 \u0435\u0441\u043b\u0438 \u0441\u0442\u0440\u043e\u0438\u0442\u0435\u043b\u044c\u043d\u044b\u0435 \u0440\u0430\u0431\u043e\u0442\u044b \u043f\u0440\u043e\u0434\u043e\u043b\u0436\u0430\u0442\u0441\u044f \u0438 \u0434\u043e\u043c \u0431\u0443\u0434\u0435\u0442 \u043f\u043e\u0434\u0432\u0435\u0434\u0451\u043d \u043f\u043e\u0434 \u043a\u0440\u044b\u0448\u0443)<\/li>\n\n\n\n<li>\u0413\u0438\u0434\u0440\u043e\u0438\u0437\u043e\u043b\u044f\u0446\u0438\u044f \u0432\u043d\u0435\u0448\u043d\u0438\u0445 \u0438 \u0435\u0441\u043b\u0438 \u0432 \u043f\u0440\u043e\u0435\u043a\u0442\u043d\u043e\u0439 \u0434\u043e\u043a\u0443\u043c\u0435\u043d\u0442\u0430\u0446\u0438\u0438 \u0443\u043a\u0430\u0437\u0430\u043d\u043d\u043e, \u0442\u043e \u0438 \u0432\u043d\u0443\u0442\u0440\u0435\u043d\u043d\u0438\u0445 \u0441\u0442\u0435\u043d \u0444\u0443\u043d\u0434\u0430\u043c\u0435\u043d\u0442\u0430<\/li>\n\n\n\n<li>\u0423\u0442\u0435\u043f\u043b\u0435\u043d\u0438\u0435 \u0444\u0443\u043d\u0434\u0430\u043c\u0435\u043d\u0442\u043d\u044b\u0445 \u0441\u0442\u0435\u043d, \u0441 \u043f\u043e\u0441\u043b\u0435\u0434\u0443\u044e\u0449\u0438\u043c \u043d\u0430\u043d\u0435\u0441\u0435\u043d\u0438\u0435\u043c \u0430\u0440\u043c\u0438\u0440\u0443\u044e\u0449\u0435\u0439 \u0448\u0442\u0443\u043a\u0430\u0442\u0443\u0440\u043a\u0438<\/li>\n<\/ul>\n\n\n\n<p>\u041e\u0441\u043d\u043e\u0432\u0430\u043d\u0438\u0435 \u0434\u043b\u044f \u0412\u0430\u0448\u0435\u0433\u043e \u0434\u043e\u043c\u0430 \u0433\u043e\u0442\u043e\u0432\u043e \u0438 \u043f\u0435\u0440\u0435\u0434 \u0442\u0435\u043c \u043a\u0430\u043a \u0437\u0430\u0441\u044b\u043f\u0430\u0442\u044c \u0444\u0443\u043d\u0434\u0430\u043c\u0435\u043d\u0442 \u0441 \u0432\u043d\u0435\u0448\u043d\u0435\u0439 \u0441\u0442\u043e\u0440\u043e\u043d\u044b, \u0434\u043e\u0441\u0442\u0430\u0442\u043e\u0447\u043d\u043e \u0432\u044b\u043f\u043e\u043b\u043d\u0438\u0442\u044c \u043e\u0434\u0438\u043d \u0432\u0438\u0434 \u0440\u0430\u0431\u043e\u0442-\u0443\u0441\u0442\u0440\u043e\u0438\u0442\u044c \u0434\u0440\u0435\u043d\u0430\u0436\u043d\u0443\u044e \u0441\u0438\u0441\u0442\u0435\u043c\u0443.<\/p>\n\n\n\n<p>\u041f\u0440\u043e\u0438\u0437\u0432\u043e\u0436\u0443 \u0432\u0441\u0435 \u0432\u0438\u0434\u044b \u0440\u0430\u0431\u043e\u0442 \u043f\u043e \u0443\u0441\u0442\u0440\u043e\u0439\u0441\u0442\u0432\u0443 \u0444\u0443\u043d\u0434\u0430\u043c\u0435\u043d\u0442\u043e\u0432 \u0438 \u0434\u0440\u0435\u043d\u0430\u0436\u043d\u044b\u0445 \u0441\u0438\u0441\u0442\u0435\u043c \u043e\u043f\u0438\u0441\u0430\u043d\u043d\u044b\u0445 \u0432 \u0440\u0430\u0437\u0434\u0435\u043b\u0435 \u0432 \u0421\u0438\u0433\u0443\u043b\u0434\u0435, \u0418\u043d\u0447\u0443\u043a\u0430\u043b\u043d\u0441\u0435 \u0438 \u0420\u0438\u0436\u0441\u043a\u043e\u043c \u0440\u0430\u0439\u043e\u043d\u0435.<\/p>","protected":false},"excerpt":{"rendered":"<p>God\u0101tie klienti, J\u016bs esat pabeigu\u0161i pirmo posmu, gatavojoties uzs\u0101kt celtniec\u012bbas darbus. Jums ir gatava projekta dokumet\u0101cija un esat sa\u0146\u0113mu\u0161i b\u016bvat\u013cauju. Pirms darbu uzs\u0101k\u0161anas v\u0113l ir nepiecie\u0161ams izmantot topogr\u0101fa pakalpojumus un veikt uz zemes gabala m\u0101jas pamatu asu l\u012bniju mar\u0137\u0113jumu. \u0160o darb\u012bbu var veikt gan pirms b\u016bvbedres izrak\u0161anas, gan ar\u012b p\u0113c t\u0101s. M\u0101jas pamatu novietojums un <!-- more-link -->[&hellip;] <a href=\"https:\/\/baltmeistars.lv\/ru\/pamata-buvnieciba\/\" class=\"more more-link\">Las\u012bt vair\u0101k<\/a><\/p>","protected":false},"author":1,"featured_media":0,"parent":0,"menu_order":0,"comment_status":"closed","ping_status":"closed","template":"","meta":{"_acf_changed":false,"footnotes":""},"class_list":["post-6816","page","type-page","status-publish","hentry"],"acf":[],"yoast_head":"<!-- This site is optimized with the Yoast SEO plugin v24.5 - https:\/\/yoast.com\/wordpress\/plugins\/seo\/ -->\n<title>Pamatu b\u016bvniec\u012bba - Baltmeistars<\/title>\n<meta name=\"robots\" content=\"index, follow, max-snippet:-1, max-image-preview:large, max-video-preview:-1\" \/>\n<link rel=\"canonical\" href=\"https:\/\/baltmeistars.lv\/ru\/pamata-buvnieciba\/\" \/>\n<meta property=\"og:locale\" content=\"ru_RU\" \/>\n<meta property=\"og:type\" content=\"article\" \/>\n<meta property=\"og:title\" content=\"Pamatu b\u016bvniec\u012bba - Baltmeistars\" \/>\n<meta property=\"og:description\" content=\"God\u0101tie klienti, J\u016bs esat pabeigu\u0161i pirmo posmu, gatavojoties uzs\u0101kt celtniec\u012bbas darbus. Jums ir gatava projekta dokumet\u0101cija un esat sa\u0146\u0113mu\u0161i b\u016bvat\u013cauju. Pirms darbu uzs\u0101k\u0161anas v\u0113l ir nepiecie\u0161ams izmantot topogr\u0101fa pakalpojumus un veikt uz zemes gabala m\u0101jas pamatu asu l\u012bniju mar\u0137\u0113jumu. \u0160o darb\u012bbu var veikt gan pirms b\u016bvbedres izrak\u0161anas, gan ar\u012b p\u0113c t\u0101s. M\u0101jas pamatu novietojums un [&hellip;] Las\u012bt vair\u0101k\" \/>\n<meta property=\"og:url\" content=\"https:\/\/baltmeistars.lv\/ru\/pamata-buvnieciba\/\" \/>\n<meta property=\"og:site_name\" content=\"Baltmeistars\" \/>\n<meta property=\"article:modified_time\" content=\"2025-02-20T08:36:08+00:00\" \/>\n<meta property=\"og:image\" content=\"https:\/\/baltmeistars.lv\/wp-content\/uploads\/2021\/03\/pamati-3.jpg\" \/>\n<meta name=\"twitter:card\" content=\"summary_large_image\" \/>\n<meta name=\"twitter:label1\" content=\"\u041f\u0440\u0438\u043c\u0435\u0440\u043d\u043e\u0435 \u0432\u0440\u0435\u043c\u044f \u0434\u043b\u044f \u0447\u0442\u0435\u043d\u0438\u044f\" \/>\n\t<meta name=\"twitter:data1\" content=\"2 \u043c\u0438\u043d\u0443\u0442\u044b\" \/>\n<script type=\"application\/ld+json\" class=\"yoast-schema-graph\">{\"@context\":\"https:\/\/schema.org\",\"@graph\":[{\"@type\":\"WebPage\",\"@id\":\"https:\/\/baltmeistars.lv\/pamata-buvnieciba\/\",\"url\":\"https:\/\/baltmeistars.lv\/pamata-buvnieciba\/\",\"name\":\"Pamatu b\u016bvniec\u012bba - Baltmeistars\",\"isPartOf\":{\"@id\":\"https:\/\/baltmeistars.lv\/lv\/#website\"},\"primaryImageOfPage\":{\"@id\":\"https:\/\/baltmeistars.lv\/pamata-buvnieciba\/#primaryimage\"},\"image\":{\"@id\":\"https:\/\/baltmeistars.lv\/pamata-buvnieciba\/#primaryimage\"},\"thumbnailUrl\":\"https:\/\/baltmeistars.lv\/wp-content\/uploads\/2021\/03\/pamati-3.jpg\",\"datePublished\":\"2021-02-28T11:24:29+00:00\",\"dateModified\":\"2025-02-20T08:36:08+00:00\",\"breadcrumb\":{\"@id\":\"https:\/\/baltmeistars.lv\/pamata-buvnieciba\/#breadcrumb\"},\"inLanguage\":\"ru-RU\",\"potentialAction\":[{\"@type\":\"ReadAction\",\"target\":[\"https:\/\/baltmeistars.lv\/pamata-buvnieciba\/\"]}]},{\"@type\":\"ImageObject\",\"inLanguage\":\"ru-RU\",\"@id\":\"https:\/\/baltmeistars.lv\/pamata-buvnieciba\/#primaryimage\",\"url\":\"https:\/\/baltmeistars.lv\/wp-content\/uploads\/2021\/03\/pamati-3.jpg\",\"contentUrl\":\"https:\/\/baltmeistars.lv\/wp-content\/uploads\/2021\/03\/pamati-3.jpg\"},{\"@type\":\"BreadcrumbList\",\"@id\":\"https:\/\/baltmeistars.lv\/pamata-buvnieciba\/#breadcrumb\",\"itemListElement\":[{\"@type\":\"ListItem\",\"position\":1,\"name\":\"Home\",\"item\":\"https:\/\/baltmeistars.lv\/lv\/\"},{\"@type\":\"ListItem\",\"position\":2,\"name\":\"Pamatu b\u016bvniec\u012bba\"}]},{\"@type\":\"WebSite\",\"@id\":\"https:\/\/baltmeistars.lv\/lv\/#website\",\"url\":\"https:\/\/baltmeistars.lv\/lv\/\",\"name\":\"Baltmeistars\",\"description\":\"Celtniec\u012bbas nozare\",\"alternateName\":\"Baltmeistars.lv\",\"potentialAction\":[{\"@type\":\"SearchAction\",\"target\":{\"@type\":\"EntryPoint\",\"urlTemplate\":\"https:\/\/baltmeistars.lv\/lv\/?s={search_term_string}\"},\"query-input\":{\"@type\":\"PropertyValueSpecification\",\"valueRequired\":true,\"valueName\":\"search_term_string\"}}],\"inLanguage\":\"ru-RU\"}]}<\/script>\n<!-- \/ Yoast SEO plugin. -->","yoast_head_json":{"title":"Pamatu b\u016bvniec\u012bba - Baltmeistars","robots":{"index":"index","follow":"follow","max-snippet":"max-snippet:-1","max-image-preview":"max-image-preview:large","max-video-preview":"max-video-preview:-1"},"canonical":"https:\/\/baltmeistars.lv\/ru\/pamata-buvnieciba\/","og_locale":"ru_RU","og_type":"article","og_title":"Pamatu b\u016bvniec\u012bba - Baltmeistars","og_description":"God\u0101tie klienti, J\u016bs esat pabeigu\u0161i pirmo posmu, gatavojoties uzs\u0101kt celtniec\u012bbas darbus. Jums ir gatava projekta dokumet\u0101cija un esat sa\u0146\u0113mu\u0161i b\u016bvat\u013cauju. Pirms darbu uzs\u0101k\u0161anas v\u0113l ir nepiecie\u0161ams izmantot topogr\u0101fa pakalpojumus un veikt uz zemes gabala m\u0101jas pamatu asu l\u012bniju mar\u0137\u0113jumu. \u0160o darb\u012bbu var veikt gan pirms b\u016bvbedres izrak\u0161anas, gan ar\u012b p\u0113c t\u0101s. M\u0101jas pamatu novietojums un [&hellip;] Las\u012bt vair\u0101k","og_url":"https:\/\/baltmeistars.lv\/ru\/pamata-buvnieciba\/","og_site_name":"Baltmeistars","article_modified_time":"2025-02-20T08:36:08+00:00","og_image":[{"url":"https:\/\/baltmeistars.lv\/wp-content\/uploads\/2021\/03\/pamati-3.jpg","type":"","width":"","height":""}],"twitter_card":"summary_large_image","twitter_misc":{"\u041f\u0440\u0438\u043c\u0435\u0440\u043d\u043e\u0435 \u0432\u0440\u0435\u043c\u044f \u0434\u043b\u044f \u0447\u0442\u0435\u043d\u0438\u044f":"2 \u043c\u0438\u043d\u0443\u0442\u044b"},"schema":{"@context":"https:\/\/schema.org","@graph":[{"@type":"WebPage","@id":"https:\/\/baltmeistars.lv\/pamata-buvnieciba\/","url":"https:\/\/baltmeistars.lv\/pamata-buvnieciba\/","name":"Pamatu b\u016bvniec\u012bba - Baltmeistars","isPartOf":{"@id":"https:\/\/baltmeistars.lv\/lv\/#website"},"primaryImageOfPage":{"@id":"https:\/\/baltmeistars.lv\/pamata-buvnieciba\/#primaryimage"},"image":{"@id":"https:\/\/baltmeistars.lv\/pamata-buvnieciba\/#primaryimage"},"thumbnailUrl":"https:\/\/baltmeistars.lv\/wp-content\/uploads\/2021\/03\/pamati-3.jpg","datePublished":"2021-02-28T11:24:29+00:00","dateModified":"2025-02-20T08:36:08+00:00","breadcrumb":{"@id":"https:\/\/baltmeistars.lv\/pamata-buvnieciba\/#breadcrumb"},"inLanguage":"ru-RU","potentialAction":[{"@type":"ReadAction","target":["https:\/\/baltmeistars.lv\/pamata-buvnieciba\/"]}]},{"@type":"ImageObject","inLanguage":"ru-RU","@id":"https:\/\/baltmeistars.lv\/pamata-buvnieciba\/#primaryimage","url":"https:\/\/baltmeistars.lv\/wp-content\/uploads\/2021\/03\/pamati-3.jpg","contentUrl":"https:\/\/baltmeistars.lv\/wp-content\/uploads\/2021\/03\/pamati-3.jpg"},{"@type":"BreadcrumbList","@id":"https:\/\/baltmeistars.lv\/pamata-buvnieciba\/#breadcrumb","itemListElement":[{"@type":"ListItem","position":1,"name":"Home","item":"https:\/\/baltmeistars.lv\/lv\/"},{"@type":"ListItem","position":2,"name":"Pamatu b\u016bvniec\u012bba"}]},{"@type":"WebSite","@id":"https:\/\/baltmeistars.lv\/lv\/#website","url":"https:\/\/baltmeistars.lv\/lv\/","name":"Baltmeistars","description":"Celtniec\u012bbas nozare","alternateName":"Baltmeistars.lv","potentialAction":[{"@type":"SearchAction","target":{"@type":"EntryPoint","urlTemplate":"https:\/\/baltmeistars.lv\/lv\/?s={search_term_string}"},"query-input":{"@type":"PropertyValueSpecification","valueRequired":true,"valueName":"search_term_string"}}],"inLanguage":"ru-RU"}]}},"_links":{"self":[{"href":"https:\/\/baltmeistars.lv\/ru\/wp-json\/wp\/v2\/pages\/6816","targetHints":{"allow":["GET"]}}],"collection":[{"href":"https:\/\/baltmeistars.lv\/ru\/wp-json\/wp\/v2\/pages"}],"about":[{"href":"https:\/\/baltmeistars.lv\/ru\/wp-json\/wp\/v2\/types\/page"}],"author":[{"embeddable":true,"href":"https:\/\/baltmeistars.lv\/ru\/wp-json\/wp\/v2\/users\/1"}],"replies":[{"embeddable":true,"href":"https:\/\/baltmeistars.lv\/ru\/wp-json\/wp\/v2\/comments?post=6816"}],"version-history":[{"count":6,"href":"https:\/\/baltmeistars.lv\/ru\/wp-json\/wp\/v2\/pages\/6816\/revisions"}],"predecessor-version":[{"id":7290,"href":"https:\/\/baltmeistars.lv\/ru\/wp-json\/wp\/v2\/pages\/6816\/revisions\/7290"}],"wp:attachment":[{"href":"https:\/\/baltmeistars.lv\/ru\/wp-json\/wp\/v2\/media?parent=6816"}],"curies":[{"name":"wp","href":"https:\/\/api.w.org\/{rel}","templated":true}]}}