{"id":6824,"date":"2021-02-28T13:25:48","date_gmt":"2021-02-28T11:25:48","guid":{"rendered":"https:\/\/devilsecure.com\/?page_id=6824"},"modified":"2025-02-20T10:36:51","modified_gmt":"2025-02-20T08:36:51","slug":"parsegums","status":"publish","type":"page","link":"https:\/\/baltmeistars.lv\/ru\/parsegums\/","title":{"rendered":"\u041f\u0435\u0440\u0435\u043a\u0440\u044b\u0442\u0438\u0435"},"content":{"rendered":"<p>\u0423\u0432\u0430\u0436\u0430\u0435\u043c\u044b\u0439 \u043a\u043b\u0438\u0435\u043d\u0442,<\/p>\n\n\n\n<p>\u0421\u0442\u0435\u043d\u044b \u0412\u0430\u0448\u0435\u0433\u043e \u0434\u043e\u043c\u0430 \u043f\u043e\u0441\u0442\u0440\u043e\u0435\u043d\u044b, \u043c\u043e\u0436\u043d\u043e \u043f\u0435\u0440\u0435\u0439\u0442\u0438 \u043a \u043c\u043e\u043d\u0442\u0430\u0436\u0443 \u043f\u0435\u0440\u0435\u043a\u0440\u044b\u0442\u0438\u0439.<\/p>\n\n\n\n<p>\u0412 \u043c\u0430\u043b\u043e\u044d\u0442\u0430\u0436\u043d\u043e\u043c \u0441\u0442\u0440\u043e\u0438\u0442\u0435\u043b\u044c\u0441\u0442\u0432\u0435 \u0447\u0430\u0441\u0442\u043d\u044b\u0445 \u0434\u043e\u043c\u043e\u0432, \u0441\u0430\u043c\u044b\u0439 \u0440\u0430\u0441\u043f\u0440\u043e\u0441\u0442\u0440\u0430\u043d\u0451\u043d\u043d\u044b\u0439 \u043f\u0440\u0438\u043c\u0435\u043d\u044f\u0435\u043c\u044b\u0439 \u043c\u0430\u0442\u0435\u0440\u0438\u0430\u043b - \u044d\u0442\u043e \u0434\u0435\u0440\u0435\u0432\u044f\u043d\u043d\u044b\u0439 \u0431\u0440\u0443\u0441. \u0421\u0435\u0447\u0435\u043d\u0438\u0435 \u0431\u0440\u0443\u0441\u0430 \u0438 \u0448\u0430\u0433 \u0443\u043a\u043b\u0430\u0434\u043a\u0438 \u0440\u0435\u0433\u043b\u0430\u043c\u0435\u043d\u0442\u0438\u0440\u0443\u0435\u0442\u0441\u044f \u043f\u0440\u043e\u0435\u043a\u0442\u043d\u043e\u0439 \u0434\u043e\u043a\u0443\u043c\u0435\u043d\u0442\u0430\u0446\u0438\u0435\u0439. \u0412 \u0434\u0430\u043d\u043d\u044b\u0439 \u043c\u043e\u043c\u0435\u043d\u0442 \u044f \u043d\u0435 \u0431\u0443\u0434\u0443 \u0440\u0430\u0441\u0441\u043c\u0430\u0442\u0440\u0438\u0432\u0430\u0442\u044c \u0432\u043e\u043f\u0440\u043e\u0441 \u043c\u043e\u043d\u0442\u0430\u0436\u0430 \u043c\u0435\u0436\u044d\u0442\u0430\u0436\u043d\u044b\u0445 \u043f\u0435\u0440\u0435\u043a\u0440\u044b\u0442\u0438\u0439 1,5 - 2\u0445 \u044d\u0442\u0430\u0436\u043d\u044b\u0445 \u0434\u043e\u043c\u043e\u0432, \u043a \u044d\u0442\u043e\u0439 \u0442\u0435\u043c\u0435 \u0432\u0435\u0440\u043d\u0443\u0441\u044c \u043f\u043e\u0437\u0436\u0435.<\/p>\n\n\n\n<p>\u0414\u043b\u044f \u0434\u043e\u0441\u0442\u0438\u0436\u0435\u043d\u0438\u044f \u043d\u0430\u0438\u043b\u0443\u0447\u0448\u0435\u0433\u043e \u0440\u0435\u0437\u0443\u043b\u044c\u0442\u0430\u0442\u0430 \u043f\u0440\u0438 \u0443\u0442\u0435\u043f\u043b\u0435\u043d\u0438\u0438 \u0434\u043e\u043c\u0430, \u0443\u0442\u0435\u043f\u043b\u044f\u044e\u0442 \u043f\u0435\u0440\u0435\u043a\u0440\u044b\u0442\u0438\u0435, \u0430 \u043d\u0435 \u0441\u043a\u0430\u0442\u044b \u043a\u0440\u044b\u0448\u0438. \u041f\u043e \u0436\u0435\u043b\u0430\u043d\u0438\u044e \u043a\u043b\u0438\u0435\u043d\u0442\u0430 \u0442\u0430\u043a \u0436\u0435 \u043c\u043e\u0436\u043d\u043e \u0443\u0442\u0435\u043f\u043b\u0438\u0442\u044c \u0438 \u0441\u043a\u0430\u0442\u044b \u043a\u0440\u044b\u0448\u0438, \u043f\u0440\u0438 \u044d\u0442\u043e\u043c \u043f\u043e\u044f\u0432\u0438\u0442\u0441\u044f \u0434\u043e\u043f\u043e\u043b\u043d\u0438\u0442\u0435\u043b\u044c\u043d\u043e\u0435 \u043c\u0435\u0441\u0442\u043e \u0432 \u0434\u043e\u043c\u0435, \u043a\u043e\u0442\u043e\u0440\u043e\u0435 \u043c\u043e\u0436\u043d\u043e \u0438\u0441\u043f\u043e\u043b\u044c\u0437\u043e\u0432\u0430\u0442\u044c \u0432 \u0445\u043e\u0437\u044f\u0439\u0441\u0442\u0432\u0435\u043d\u043d\u044b\u0445 \u0446\u0435\u043b\u044f\u0445.<\/p>\n\n\n<div class=\"wp-block-image\">\n<figure class=\"alignleft size-large\"><figure id=\"attachment_7083\" class=\"alignnone full-width-mobile thin\"><img loading=\"lazy\" decoding=\"async\" width=\"208\" height=\"204\" src=\"https:\/\/baltmeistars.lv\/wp-content\/uploads\/2021\/03\/parsegums.jpg\" alt=\"\" class=\"wp-image-7083\" srcset=\"https:\/\/baltmeistars.lv\/wp-content\/uploads\/2021\/03\/parsegums.jpg 208w, https:\/\/baltmeistars.lv\/wp-content\/uploads\/2021\/03\/parsegums-12x12.jpg 12w\" sizes=\"auto, (max-width: 208px) 100vw, 208px\" \/><\/figure><\/figure>\n<\/div>\n\n\n<p>\u0422\u043e\u043b\u0449\u0438\u043d\u0430 \u0443\u0442\u0435\u043f\u043b\u0438\u0442\u0435\u043b\u044f \u0440\u0435\u0433\u043b\u0430\u043c\u0435\u043d\u0442\u0438\u0440\u043e\u0432\u0430\u043d\u0430 \u0441\u0442\u0440\u043e\u0438\u0442\u0435\u043b\u044c\u043d\u044b\u043c\u0438 \u043d\u043e\u0440\u043c\u0430\u043c\u0438 \u0438 \u0434\u043e\u043b\u0436\u043d\u0430 \u0441\u043e\u0441\u0442\u0430\u0432\u043b\u044f\u0442\u044c \u043c\u0438\u043d\u0438\u043c\u0430\u043b\u044c\u043d\u043e 300 \u043c\u043c. \u041c\u043e\u0436\u043d\u043e \u043f\u0440\u0438\u043c\u0435\u043d\u044f\u0442\u044c \u043a\u0430\u043a \u043b\u0438\u0441\u0442\u043e\u0432\u043e\u0439 \u0438 \u0440\u0443\u043b\u043e\u043d\u043d\u044b\u0439 \u043c\u0430\u0442\u0435\u0440\u0438\u0430\u043b, \u0442\u0430\u043a \u0438 \u043d\u0430\u0441\u044b\u043f\u043d\u043e\u0439.<\/p>\n\n\n\n<p>\u0420\u0430\u0441\u0441\u043c\u043e\u0442\u0440\u0438\u043c \u0434\u0432\u0430 \u0432\u0430\u0440\u0438\u0430\u043d\u0442\u0430 \u0443\u0442\u0435\u043f\u043b\u0435\u043d\u0438\u044f \u0438 \u043a\u0430\u043a \u0431\u0443\u0434\u0435\u0442 \u0432\u044b\u0433\u043b\u044f\u0434\u0435\u0442\u044c \u043f\u0438\u0440\u043e\u0433 \u043c\u0430\u0442\u0435\u0440\u0438\u0430\u043b\u0430.<\/p>\n\n\n\n<p>\u0427\u0435\u0440\u0434\u0430\u0447\u043d\u043e\u0435 \u043f\u0435\u0440\u0435\u043a\u0440\u044b\u0442\u0438\u0435, \u0431\u0430\u043b\u043a\u0430 \u043f\u0435\u0440\u0435\u043a\u0440\u044b\u0442\u0438\u044f \u0441\u0435\u0447\u0435\u043d\u0438\u0435\u043c 250*80 \u043c\u043c<\/p>\n\n\n\n<ul class=\"wp-block-list\">\n<li>\u0412\u043d\u0443\u0442\u0440\u0435\u043d\u043d\u044f\u044f \u0441\u0442\u043e\u0440\u043e\u043d\u0430 \u043f\u0435\u0440\u0435\u043a\u0440\u044b\u0442\u0438\u044f \u2013 \u043f\u0430\u0440\u043e\u0438\u0437\u043e\u043b\u044f\u0446\u0438\u043e\u043d\u043d\u0430\u044f \u043f\u043b\u0451\u043d\u043a\u0430,\n\u0441\u0442\u044b\u043a\u0438 \u043f\u043b\u0451\u043d\u043a\u0438 \u043f\u0440\u043e\u043a\u043b\u0435\u0435\u043d\u044b \u0441\u043a\u043e\u0442\u0447\u0435\u043c<\/li>\n\n\n\n<li>\u041c\u0435\u0436\u0434\u0443 \u043f\u0435\u0440\u0435\u043a\u0440\u044b\u0442\u0438\u0439 \u0443\u0442\u0435\u043f\u043b\u0438\u0442\u0435\u043b\u0438 \u0442\u043e\u043b\u0449\u0438\u043d\u043e\u0439 150\u043c\u043c \u0438 100 \u043c\u043c, \u0432 \u0441\u043b\u0443\u0447\u0430\u0435 \u043f\u0440\u0438\u043c\u0435\u043d\u0435\u043d\u0438\u044f \u043b\u0438\u0441\u0442\u043e\u0432\u043e\u0433\u043e \u043c\u0430\u0442\u0435\u0440\u0438\u0430\u043b\u0430 \u0443\u043a\u043b\u0430\u0434\u044b\u0432\u0430\u0435\u0442\u0441\u044f \u0441 \u0440\u0430\u0437\u0431\u0435\u0436\u043a\u043e\u0439, \u0447\u0442\u043e\u0431\u044b \u043f\u0435\u0440\u0435\u043a\u0440\u044b\u0432\u0430\u043b\u0438\u0441\u044c \u043c\u0435\u0441\u0442\u0430 \u0441\u0442\u044b\u043a\u043e\u0432 \u043b\u0438\u0441\u0442\u043e\u0432<\/li>\n\n\n\n<li>\u0421\u043b\u043e\u0439 \u0443\u0442\u0435\u043f\u043b\u0438\u0442\u0435\u043b\u044f 50 \u043c\u043c \u0443\u043b\u043e\u0436\u0435\u043d\u043d\u044b\u0439 \u043f\u043e\u043f\u0435\u0440\u0451\u043a \u043f\u0435\u0440\u0435\u043a\u0440\u044b\u0442\u0438\u0439 \u043f\u043e \u0432\u0441\u0435\u043c\u0443 \u043f\u0435\u0440\u0438\u043c\u0435\u0442\u0440\u0443<\/li>\n<\/ul>\n\n\n\n<p>\u0423\u0442\u0435\u043f\u043b\u0435\u043d\u0438\u0435 \u043d\u0430\u043a\u043b\u043e\u043d\u043d\u043e\u0439 \u043a\u0440\u044b\u0448\u0438 \u0441 \u0432\u0435\u0440\u0445\u0443 \u0432\u043d\u0438\u0437, \u0441\u0442\u0440\u043e\u043f\u0438\u043b\u0430 250\u043c\u043c*50\u043c\u043c<\/p>\n\n\n\n<ul class=\"wp-block-list\">\n<li>\u0411\u0440\u0443\u0441 \u043e\u0431\u0435\u0441\u043f\u0435\u0447\u0438\u0432\u0430\u044e\u0449\u0438\u0439 \u0432\u0435\u043d\u0442\u0438\u043b\u044f\u0446\u0438\u043e\u043d\u043d\u044b\u0439 \u0437\u0430\u0437\u043e\u0440 \u043c\u0435\u0436\u0434\u0443 \u0441\u0442\u0440\u043e\u043f\u0438\u043b\u0430\u043c\u0438 \u0438 \u043a\u0440\u043e\u0432\u043b\u0435\u0439<\/li>\n\n\n\n<li>\u0414\u0438\u0444\u0444\u0443\u0437\u0438\u043e\u043d\u043d\u0430\u044f \u043c\u0435\u043c\u0431\u0440\u0430\u043d\u0430<\/li>\n\n\n\n<li>\u0421\u0442\u0440\u043e\u043f\u0438\u043b\u0430 250 \u043c\u043c. \u0423\u0442\u0435\u043f\u043b\u0438\u0442\u0435\u043b\u044c \u0442\u043e\u043b\u0449\u0438\u043d\u043e\u0439 150\u043c\u043c \u0438 100 \u043c\u043c, \u0432 \u0441\u043b\u0443\u0447\u0430\u0435 \u043f\u0440\u0438\u043c\u0435\u043d\u0435\u043d\u0438\u044f \u043b\u0438\u0441\u0442\u043e\u0432\u043e\u0433\u043e \u043c\u0430\u0442\u0435\u0440\u0438\u0430\u043b\u0430 \u0443\u043a\u043b\u0430\u0434\u044b\u0432\u0430\u0435\u0442\u0441\u044f \u0441 \u0440\u0430\u0437\u0431\u0435\u0436\u043a\u043e\u0439, \u0447\u0442\u043e\u0431\u044b \u043f\u0435\u0440\u0435\u043a\u0440\u044b\u0432\u0430\u043b\u0438\u0441\u044c \u043c\u0435\u0441\u0442\u0430 \u0441\u0442\u044b\u043a\u043e\u0432 \u043b\u0438\u0441\u0442\u043e\u0432<\/li>\n\n\n\n<li>\u041a\u043e\u043d\u0442\u0440 \u043e\u0431\u0440\u0435\u0448\u0451\u0442\u043a\u0430 \u0438\u0437 \u0431\u0440\u0443\u0441\u0430, \u0442\u043e\u043b\u0449\u0438\u043d\u043e\u0439, \u0441\u043e\u043e\u0442\u0432\u0435\u0442\u0441\u0442\u0432\u0443\u044e\u0449\u0430\u044f \u0442\u043e\u043b\u0449\u0438\u043d\u0435 \u0443\u0442\u0435\u043f\u043b\u0438\u0442\u0435\u043b\u044f<\/li>\n\n\n\n<li>\u041f\u0430\u0440\u043e\u0438\u0437\u043e\u043b\u044f\u0446\u0438\u043e\u043d\u043d\u0430\u044f \u043f\u043b\u0451\u043d\u043a\u0430, \u0441\u0442\u044b\u043a\u0438 \u043f\u043b\u0451\u043d\u043a\u0438 \u043f\u0440\u043e\u043a\u043b\u0435\u0435\u043d\u044b \u0441\u043a\u043e\u0442\u0447\u0435\u043c<\/li>\n<\/ul>\n\n\n\n<p>\u0423\u0442\u0435\u043f\u043b\u0435\u043d\u0438\u0435 \u043f\u0435\u0440\u0435\u043a\u0440\u044b\u0442\u0438\u0439 \u043e\u0442\u043d\u043e\u0441\u0438\u0442\u0441\u044f \u043a \u0432\u043d\u0443\u0442\u0440\u0435\u043d\u043d\u0438\u043c \u0440\u0430\u0431\u043e\u0442\u0430\u043c \u0438 \u043f\u0440\u043e\u0438\u0437\u0432\u043e\u0434\u0438\u0442\u0441\u044f \u043f\u043e\u0441\u043b\u0435 \u0443\u0441\u0442\u0430\u043d\u043e\u0432\u043a\u0438 \u0438 \u043c\u043e\u043d\u0442\u0430\u0436\u0430 \u043a\u0440\u043e\u0432\u043b\u0438.<\/p>\n\n\n\n<p>\u041f\u0440\u0435\u0434\u043b\u0430\u0433\u0430\u044e \u0432\u044b\u043f\u043e\u043b\u043d\u0435\u043d\u0438\u0435 \u0432\u0441\u0435\u0445 \u0432\u0438\u0434\u043e\u0432 \u0440\u0430\u0431\u043e\u0442 \u0441\u0432\u044f\u0437\u0430\u043d\u043d\u044b\u0445 \u0441 \u0432\u043e\u0437\u0432\u0435\u0434\u0435\u043d\u0438\u0435 \u0438 \u0443\u0442\u0435\u043f\u043b\u0435\u043d\u0438\u044f  \u043f\u0435\u0440\u0435\u043a\u0440\u044b\u0442\u0438\u0439  \u043e\u043f\u0438\u0441\u0430\u043d\u043d\u044b\u0445 \u0432 \u0434\u0430\u043d\u043d\u043e\u043c \u0440\u0430\u0437\u0434\u0435\u043b\u0435 \u0432 \u0421\u0438\u0433\u0443\u043b\u0434\u0435, \u0418\u043d\u0447\u0443\u043a\u0430\u043b\u043d\u0441\u0435 \u0438 \u0420\u0438\u0436\u0441\u043a\u043e\u043c \u0440\u0430\u0439\u043e\u043d\u0435.<\/p>","protected":false},"excerpt":{"rendered":"<p>God\u0101tie klienti! J\u016bsu m\u0101jas sienas ir uzceltas un var uzs\u0101kt p\u0101rsegumu mont\u0101\u017eu. Vienst\u0101va dz\u012bvojamo m\u0101ju celtniec\u012bb\u0101 visizplat\u012bt\u0101kais materi\u0101ls \u0161\u0101du darbu veik\u0161anai ir koka brusas. Brusu \u0161\u0137\u0113rsgriezums un monta\u017eas solis tiek reglament\u0113ts m\u0101jas projekta dokument\u0101cij\u0101. Pa\u0161laik es neaprakst\u012b\u0161u starpst\u0101vu p\u0101rsegumu mont\u0101\u017eu. 1,5 \u2013 2 st\u0101vu \u0113ku b\u016bvniec\u012bbu aprakst\u012b\u0161u turpm\u0101k. Lai saniegtu maksim\u0101li efekt\u012bvu m\u0101jas siltin\u0101\u0161anas rezult\u0101tu, <!-- more-link -->[&hellip;] <a href=\"https:\/\/baltmeistars.lv\/ru\/parsegums\/\" class=\"more more-link\">Las\u012bt vair\u0101k<\/a><\/p>","protected":false},"author":1,"featured_media":0,"parent":0,"menu_order":0,"comment_status":"closed","ping_status":"closed","template":"","meta":{"_acf_changed":false,"footnotes":""},"class_list":["post-6824","page","type-page","status-publish","hentry"],"acf":[],"yoast_head":"<!-- This site is optimized with the Yoast SEO plugin v24.5 - https:\/\/yoast.com\/wordpress\/plugins\/seo\/ -->\n<title>P\u0101rsegums - Baltmeistars<\/title>\n<meta name=\"robots\" content=\"index, follow, max-snippet:-1, max-image-preview:large, max-video-preview:-1\" \/>\n<link rel=\"canonical\" href=\"https:\/\/baltmeistars.lv\/ru\/parsegums\/\" \/>\n<meta property=\"og:locale\" content=\"ru_RU\" \/>\n<meta property=\"og:type\" content=\"article\" \/>\n<meta property=\"og:title\" content=\"P\u0101rsegums - Baltmeistars\" \/>\n<meta property=\"og:description\" content=\"God\u0101tie klienti! J\u016bsu m\u0101jas sienas ir uzceltas un var uzs\u0101kt p\u0101rsegumu mont\u0101\u017eu. Vienst\u0101va dz\u012bvojamo m\u0101ju celtniec\u012bb\u0101 visizplat\u012bt\u0101kais materi\u0101ls \u0161\u0101du darbu veik\u0161anai ir koka brusas. Brusu \u0161\u0137\u0113rsgriezums un monta\u017eas solis tiek reglament\u0113ts m\u0101jas projekta dokument\u0101cij\u0101. Pa\u0161laik es neaprakst\u012b\u0161u starpst\u0101vu p\u0101rsegumu mont\u0101\u017eu. 1,5 \u2013 2 st\u0101vu \u0113ku b\u016bvniec\u012bbu aprakst\u012b\u0161u turpm\u0101k. Lai saniegtu maksim\u0101li efekt\u012bvu m\u0101jas siltin\u0101\u0161anas rezult\u0101tu, [&hellip;] Las\u012bt vair\u0101k\" \/>\n<meta property=\"og:url\" content=\"https:\/\/baltmeistars.lv\/ru\/parsegums\/\" \/>\n<meta property=\"og:site_name\" content=\"Baltmeistars\" \/>\n<meta property=\"article:modified_time\" content=\"2025-02-20T08:36:51+00:00\" \/>\n<meta property=\"og:image\" content=\"https:\/\/baltmeistars.lv\/wp-content\/uploads\/2021\/03\/parsegums.jpg\" \/>\n<meta name=\"twitter:card\" content=\"summary_large_image\" \/>\n<meta name=\"twitter:label1\" content=\"\u041f\u0440\u0438\u043c\u0435\u0440\u043d\u043e\u0435 \u0432\u0440\u0435\u043c\u044f \u0434\u043b\u044f \u0447\u0442\u0435\u043d\u0438\u044f\" \/>\n\t<meta name=\"twitter:data1\" content=\"2 \u043c\u0438\u043d\u0443\u0442\u044b\" \/>\n<script type=\"application\/ld+json\" class=\"yoast-schema-graph\">{\"@context\":\"https:\/\/schema.org\",\"@graph\":[{\"@type\":\"WebPage\",\"@id\":\"https:\/\/baltmeistars.lv\/parsegums\/\",\"url\":\"https:\/\/baltmeistars.lv\/parsegums\/\",\"name\":\"P\u0101rsegums - Baltmeistars\",\"isPartOf\":{\"@id\":\"https:\/\/baltmeistars.lv\/lv\/#website\"},\"primaryImageOfPage\":{\"@id\":\"https:\/\/baltmeistars.lv\/parsegums\/#primaryimage\"},\"image\":{\"@id\":\"https:\/\/baltmeistars.lv\/parsegums\/#primaryimage\"},\"thumbnailUrl\":\"https:\/\/baltmeistars.lv\/wp-content\/uploads\/2021\/03\/parsegums.jpg\",\"datePublished\":\"2021-02-28T11:25:48+00:00\",\"dateModified\":\"2025-02-20T08:36:51+00:00\",\"breadcrumb\":{\"@id\":\"https:\/\/baltmeistars.lv\/parsegums\/#breadcrumb\"},\"inLanguage\":\"ru-RU\",\"potentialAction\":[{\"@type\":\"ReadAction\",\"target\":[\"https:\/\/baltmeistars.lv\/parsegums\/\"]}]},{\"@type\":\"ImageObject\",\"inLanguage\":\"ru-RU\",\"@id\":\"https:\/\/baltmeistars.lv\/parsegums\/#primaryimage\",\"url\":\"https:\/\/baltmeistars.lv\/wp-content\/uploads\/2021\/03\/parsegums.jpg\",\"contentUrl\":\"https:\/\/baltmeistars.lv\/wp-content\/uploads\/2021\/03\/parsegums.jpg\"},{\"@type\":\"BreadcrumbList\",\"@id\":\"https:\/\/baltmeistars.lv\/parsegums\/#breadcrumb\",\"itemListElement\":[{\"@type\":\"ListItem\",\"position\":1,\"name\":\"Home\",\"item\":\"https:\/\/baltmeistars.lv\/lv\/\"},{\"@type\":\"ListItem\",\"position\":2,\"name\":\"P\u0101rsegums\"}]},{\"@type\":\"WebSite\",\"@id\":\"https:\/\/baltmeistars.lv\/lv\/#website\",\"url\":\"https:\/\/baltmeistars.lv\/lv\/\",\"name\":\"Baltmeistars\",\"description\":\"Celtniec\u012bbas nozare\",\"alternateName\":\"Baltmeistars.lv\",\"potentialAction\":[{\"@type\":\"SearchAction\",\"target\":{\"@type\":\"EntryPoint\",\"urlTemplate\":\"https:\/\/baltmeistars.lv\/lv\/?s={search_term_string}\"},\"query-input\":{\"@type\":\"PropertyValueSpecification\",\"valueRequired\":true,\"valueName\":\"search_term_string\"}}],\"inLanguage\":\"ru-RU\"}]}<\/script>\n<!-- \/ Yoast SEO plugin. -->","yoast_head_json":{"title":"P\u0101rsegums - Baltmeistars","robots":{"index":"index","follow":"follow","max-snippet":"max-snippet:-1","max-image-preview":"max-image-preview:large","max-video-preview":"max-video-preview:-1"},"canonical":"https:\/\/baltmeistars.lv\/ru\/parsegums\/","og_locale":"ru_RU","og_type":"article","og_title":"P\u0101rsegums - Baltmeistars","og_description":"God\u0101tie klienti! J\u016bsu m\u0101jas sienas ir uzceltas un var uzs\u0101kt p\u0101rsegumu mont\u0101\u017eu. Vienst\u0101va dz\u012bvojamo m\u0101ju celtniec\u012bb\u0101 visizplat\u012bt\u0101kais materi\u0101ls \u0161\u0101du darbu veik\u0161anai ir koka brusas. Brusu \u0161\u0137\u0113rsgriezums un monta\u017eas solis tiek reglament\u0113ts m\u0101jas projekta dokument\u0101cij\u0101. Pa\u0161laik es neaprakst\u012b\u0161u starpst\u0101vu p\u0101rsegumu mont\u0101\u017eu. 1,5 \u2013 2 st\u0101vu \u0113ku b\u016bvniec\u012bbu aprakst\u012b\u0161u turpm\u0101k. Lai saniegtu maksim\u0101li efekt\u012bvu m\u0101jas siltin\u0101\u0161anas rezult\u0101tu, [&hellip;] Las\u012bt vair\u0101k","og_url":"https:\/\/baltmeistars.lv\/ru\/parsegums\/","og_site_name":"Baltmeistars","article_modified_time":"2025-02-20T08:36:51+00:00","og_image":[{"url":"https:\/\/baltmeistars.lv\/wp-content\/uploads\/2021\/03\/parsegums.jpg","type":"","width":"","height":""}],"twitter_card":"summary_large_image","twitter_misc":{"\u041f\u0440\u0438\u043c\u0435\u0440\u043d\u043e\u0435 \u0432\u0440\u0435\u043c\u044f \u0434\u043b\u044f \u0447\u0442\u0435\u043d\u0438\u044f":"2 \u043c\u0438\u043d\u0443\u0442\u044b"},"schema":{"@context":"https:\/\/schema.org","@graph":[{"@type":"WebPage","@id":"https:\/\/baltmeistars.lv\/parsegums\/","url":"https:\/\/baltmeistars.lv\/parsegums\/","name":"P\u0101rsegums - Baltmeistars","isPartOf":{"@id":"https:\/\/baltmeistars.lv\/lv\/#website"},"primaryImageOfPage":{"@id":"https:\/\/baltmeistars.lv\/parsegums\/#primaryimage"},"image":{"@id":"https:\/\/baltmeistars.lv\/parsegums\/#primaryimage"},"thumbnailUrl":"https:\/\/baltmeistars.lv\/wp-content\/uploads\/2021\/03\/parsegums.jpg","datePublished":"2021-02-28T11:25:48+00:00","dateModified":"2025-02-20T08:36:51+00:00","breadcrumb":{"@id":"https:\/\/baltmeistars.lv\/parsegums\/#breadcrumb"},"inLanguage":"ru-RU","potentialAction":[{"@type":"ReadAction","target":["https:\/\/baltmeistars.lv\/parsegums\/"]}]},{"@type":"ImageObject","inLanguage":"ru-RU","@id":"https:\/\/baltmeistars.lv\/parsegums\/#primaryimage","url":"https:\/\/baltmeistars.lv\/wp-content\/uploads\/2021\/03\/parsegums.jpg","contentUrl":"https:\/\/baltmeistars.lv\/wp-content\/uploads\/2021\/03\/parsegums.jpg"},{"@type":"BreadcrumbList","@id":"https:\/\/baltmeistars.lv\/parsegums\/#breadcrumb","itemListElement":[{"@type":"ListItem","position":1,"name":"Home","item":"https:\/\/baltmeistars.lv\/lv\/"},{"@type":"ListItem","position":2,"name":"P\u0101rsegums"}]},{"@type":"WebSite","@id":"https:\/\/baltmeistars.lv\/lv\/#website","url":"https:\/\/baltmeistars.lv\/lv\/","name":"Baltmeistars","description":"Celtniec\u012bbas nozare","alternateName":"Baltmeistars.lv","potentialAction":[{"@type":"SearchAction","target":{"@type":"EntryPoint","urlTemplate":"https:\/\/baltmeistars.lv\/lv\/?s={search_term_string}"},"query-input":{"@type":"PropertyValueSpecification","valueRequired":true,"valueName":"search_term_string"}}],"inLanguage":"ru-RU"}]}},"_links":{"self":[{"href":"https:\/\/baltmeistars.lv\/ru\/wp-json\/wp\/v2\/pages\/6824","targetHints":{"allow":["GET"]}}],"collection":[{"href":"https:\/\/baltmeistars.lv\/ru\/wp-json\/wp\/v2\/pages"}],"about":[{"href":"https:\/\/baltmeistars.lv\/ru\/wp-json\/wp\/v2\/types\/page"}],"author":[{"embeddable":true,"href":"https:\/\/baltmeistars.lv\/ru\/wp-json\/wp\/v2\/users\/1"}],"replies":[{"embeddable":true,"href":"https:\/\/baltmeistars.lv\/ru\/wp-json\/wp\/v2\/comments?post=6824"}],"version-history":[{"count":4,"href":"https:\/\/baltmeistars.lv\/ru\/wp-json\/wp\/v2\/pages\/6824\/revisions"}],"predecessor-version":[{"id":7291,"href":"https:\/\/baltmeistars.lv\/ru\/wp-json\/wp\/v2\/pages\/6824\/revisions\/7291"}],"wp:attachment":[{"href":"https:\/\/baltmeistars.lv\/ru\/wp-json\/wp\/v2\/media?parent=6824"}],"curies":[{"name":"wp","href":"https:\/\/api.w.org\/{rel}","templated":true}]}}