{"id":6828,"date":"2021-02-28T13:26:35","date_gmt":"2021-02-28T11:26:35","guid":{"rendered":"https:\/\/devilsecure.com\/?page_id=6828"},"modified":"2025-02-20T10:26:11","modified_gmt":"2025-02-20T08:26:11","slug":"cieta-kurinama-katli","status":"publish","type":"page","link":"https:\/\/baltmeistars.lv\/ru\/cieta-kurinama-katli\/","title":{"rendered":"\u0422\u0432\u0435\u0440\u0434\u043e\u0442\u043e\u043f\u043b\u0438\u0432\u043d\u044b\u0435 \u043a\u043e\u0442\u043b\u044b"},"content":{"rendered":"<p>\u0423\u0432\u0430\u0436\u0430\u0435\u043c\u044b\u0439 \u043a\u043b\u0438\u0435\u043d\u0442,<\/p>\n\n\n\n<p>\u041f\u0440\u0438\u043e\u0431\u0440\u0435\u0442\u0430\u044f \u043e\u0442\u043e\u043f\u0438\u0442\u0435\u043b\u044c\u043d\u0443\u044e \u0441\u0438\u0441\u0442\u0435\u043c\u0443 \u0434\u043b\u044f \u0412\u0430\u0448\u0435\u0433\u043e \u0434\u043e\u043c\u0430, \u0432 \u043f\u0435\u0440\u0432\u0443\u044e \u043e\u0447\u0435\u0440\u0435\u0434\u044c \u0412\u044b \u043f\u0440\u0438\u043e\u0431\u0440\u0435\u0442\u0430\u0435\u0442\u0435 \u0443\u0434\u043e\u0431\u0441\u0442\u0432\u0430, \u043a\u043e\u0442\u043e\u0440\u044b\u0435 \u043f\u0440\u0435\u0434\u043e\u0441\u0442\u0430\u0432\u043b\u044f\u0435\u0442 \u043e\u0431\u043e\u0440\u0443\u0434\u043e\u0432\u0430\u043d\u0438\u0435 \u043f\u043e \u043f\u0440\u043e\u0438\u0437\u0432\u043e\u0434\u0441\u0442\u0432\u0443 \u043e\u0442\u043e\u043f\u0438\u0442\u0435\u043b\u044c\u043d\u043e\u0439 \u044d\u043d\u0435\u0440\u0433\u0438\u0438. \u0411\u043e\u043b\u044c\u0448\u0438\u043d\u0441\u0442\u0432\u043e \u0442\u0432\u0451\u0440\u0434\u043e\u0442\u043e\u043f\u043b\u0438\u0432\u043d\u044b\u0445 \u043a\u043e\u0442\u043b\u043e\u0432 \u044f\u0432\u043b\u044f\u044e\u0442\u0441\u044f \u0441\u0430\u043c\u044b\u043c\u0438 \u043d\u0435 \u0434\u043e\u0440\u043e\u0433\u0438\u043c\u0438 \u0432 \u043b\u0438\u043d\u0435\u0439\u043a\u0435 \u043e\u0442\u043e\u043f\u0438\u0442\u0435\u043b\u044c\u043d\u043e\u0433\u043e \u043e\u0431\u043e\u0440\u0443\u0434\u043e\u0432\u0430\u043d\u0438\u044f.<\/p>\n\n\n\n<p>\u0412 \u044d\u0442\u043e\u043c \u0440\u0430\u0437\u0434\u0435\u043b\u0435 \u0440\u0430\u0441\u0441\u043c\u043e\u0442\u0440\u0438\u043c \u0442\u0432\u0451\u0440\u0434\u043e\u0442\u043e\u043f\u043b\u0438\u0432\u043d\u044b\u0435 \u043e\u0442\u043e\u043f\u0438\u0442\u0435\u043b\u044c\u043d\u044b\u0435 \u043a\u043e\u0442\u043b\u044b. \u041a\u0430\u043a\u0438\u0435 \u0432\u0438\u0434\u044b \u0442\u043e\u043f\u043b\u0438\u0432\u0430 \u043c\u043e\u0436\u043d\u043e \u0438\u0441\u043f\u043e\u043b\u044c\u0437\u043e\u0432\u0430\u0442\u044c \u0434\u043b\u044f \u043e\u0431\u043e\u0433\u0440\u0435\u0432\u0430 \u0434\u043e\u043c\u0430, \u043f\u043b\u044e\u0441\u044b \u0438 \u043c\u0438\u043d\u0443\u0441\u044b \u043e\u0431\u0441\u043b\u0443\u0436\u0438\u0432\u0430\u043d\u0438\u044f \u0442\u0432\u0451\u0440\u0434\u043e\u0442\u043e\u043f\u043b\u0438\u0432\u043d\u044b\u0445 \u043a\u043e\u0442\u043b\u043e\u0432, \u0432\u043e\u0437\u043c\u043e\u0436\u043d\u043e\u0441\u0442\u0438 \u043f\u043e\u0434\u043a\u043b\u044e\u0447\u0435\u043d\u0438\u044f \u0434\u043e\u043f\u043e\u043b\u043d\u0438\u0442\u0435\u043b\u044c\u043d\u043e\u0433\u043e \u043e\u0431\u043e\u0440\u0443\u0434\u043e\u0432\u0430\u043d\u0438\u044f \u0432 \u0441\u0438\u0441\u0442\u0435\u043c\u0443 \u0442\u0432\u0451\u0440\u0434\u043e\u0442\u043e\u043f\u043b\u0438\u0432\u043d\u044b\u0445 \u043a\u043e\u0442\u043b\u043e\u0432 \u0438 \u0447\u0435\u043c \u043e\u0431\u0443\u0441\u043b\u0430\u0432\u043b\u0438\u0432\u0430\u0435\u0442\u0441\u044f \u0432\u044b\u0431\u043e\u0440 \u043c\u043e\u0449\u043d\u043e\u0441\u0442\u0438 \u043a\u043e\u0442\u043b\u0430.<\/p>\n\n\n\n<p>\u0412\u0438\u0434\u044b \u0442\u043e\u043f\u043b\u0438\u0432\u0430<\/p>\n\n\n\n<ul class=\"wp-block-list\">\n<li>\u0414\u043b\u044f \u044d\u0444\u0444\u0435\u043a\u0442\u0438\u0432\u043d\u043e\u0439 \u0440\u0430\u0431\u043e\u0442\u044b \u043d\u0435\u043e\u0431\u0445\u043e\u0434\u0438\u043c\u043e \u0438\u0441\u043f\u043e\u043b\u044c\u0437\u043e\u0432\u0430\u0442\u044c \u0441\u0443\u0445\u0438\u0435 \u0434\u0440\u043e\u0432\u0430 \u043b\u0438\u0441\u0442\u0432\u0435\u043d\u043d\u044b\u0445 \u043f\u043e\u0440\u043e\u0434 \u0434\u0435\u0440\u0435\u0432\u0430. \u0421\u043e\u0441\u043d\u043e\u0432\u044b\u0435 \u0438 \u0435\u043b\u043e\u0432\u044b\u0435 \u0434\u0440\u043e\u0432\u0430 \u043d\u0435 \u043f\u0440\u0438\u0433\u043e\u0434\u043d\u044b \u0434\u043b\u044f \u0438\u0441\u043f\u043e\u043b\u044c\u0437\u043e\u0432\u0430\u043d\u0438\u044f, \u0442\u0430\u043a \u043a\u0430\u043a \u043f\u0440\u0438\u0432\u043e\u0434\u044f\u0442 \u0431\u044b\u0441\u0442\u0440\u043e\u043c\u0443 \u0437\u0430\u0433\u0440\u044f\u0437\u043d\u0435\u043d\u0438\u044e \u043a\u0430\u043c\u0435\u0440\u044b \u0441\u0433\u043e\u0440\u0430\u043d\u0438\u044f, \u0430 \u0442\u0430\u043a\u0436\u0435 \u043f\u0440\u043e\u0434\u0443\u043a\u0442\u044b \u0441\u0433\u043e\u0440\u0430\u043d\u0438\u044f \u0442\u0430\u043a\u0438\u0445 \u0434\u0440\u043e\u0432 \u043f\u0440\u0438\u0432\u043e\u0434\u044f\u0442 \u043a \u0431\u044b\u0441\u0442\u0440\u043e\u043c\u0443 \u0437\u0430\u0433\u0440\u044f\u0437\u043d\u0435\u043d\u0438\u044e \u0434\u044b\u043c\u043e\u0445\u043e\u0434\u0430 \u0438 \u0443\u0432\u0435\u043b\u0438\u0447\u0438\u0432\u0430\u044e\u0442 \u0432\u0435\u0440\u043e\u044f\u0442\u043d\u043e\u0441\u0442\u044c \u0435\u0433\u043e \u0441\u0430\u043c\u043e\u0432\u043e\u0437\u0433\u043e\u0440\u0430\u043d\u0438\u044f<\/li>\n\n\n\n<li>\u041e\u043f\u0438\u043b\u043e\u0447\u043d\u044b\u0435 \u0431\u0440\u0438\u043a\u0435\u0442\u044b, \u0442\u0430\u043a\u0436\u0435 \u0438\u0437 \u043b\u0438\u0441\u0442\u0432\u0435\u043d\u043d\u044b\u0445 \u043f\u043e\u0440\u043e\u0434 \u0434\u0435\u0440\u0435\u0432\u0430<\/li>\n\n\n\n<li>\u0422\u043e\u0440\u0444\u044f\u043d\u044b\u0435 \u0431\u0440\u0438\u043a\u0435\u0442\u044b<\/li>\n\n\n\n<li>\u0421\u043f\u0435\u0446\u0438\u0430\u043b\u044c\u043d\u044b\u0439 \u0443\u0433\u043e\u043b\u044c \u0434\u043b\u044f \u0442\u0432\u0451\u0440\u0434\u043e\u0442\u043e\u043f\u043b\u0438\u0432\u043d\u044b\u0445 \u043a\u043e\u0442\u043b\u043e\u0432<\/li>\n<\/ul>\n\n\n\n<p>\u0412\u0440\u0435\u043c\u044f \u0433\u043e\u0440\u0435\u043d\u0438\u044f \u0442\u043e\u043f\u043b\u0438\u0432\u0430 \u0438 \u0441\u043e\u043e\u0442\u0432\u0435\u0442\u0441\u0442\u0432\u0435\u043d\u043d\u043e \u043f\u0440\u043e\u0434\u0443\u043a\u0442\u0438\u0432\u043d\u043e\u0441\u0442\u044c \u0437\u0430\u0432\u0438\u0441\u0438\u0442 \u043e\u0442 \u043a\u043e\u043d\u0441\u0442\u0440\u0443\u043a\u0446\u0438\u0438 \u0441\u0430\u043c\u043e\u0433\u043e \u043a\u043e\u0442\u043b\u0430 \u0438 \u043c\u0435\u0442\u043e\u0434\u0430 \u0433\u043e\u0440\u0435\u043d\u0438\u044f \u044d\u043d\u0435\u0440\u0433\u043e\u043d\u043e\u0441\u0438\u0442\u0435\u043b\u044f. \u041d\u0430 \u043f\u0440\u0430\u043a\u0442\u0438\u043a\u0435 \u0431\u044b\u0441\u0442\u0440\u0435\u0435 \u0432\u0441\u0435\u0433\u043e \u043f\u0440\u043e\u0433\u043e\u0440\u0430\u044e\u0442 \u043f\u0440\u043e\u0441\u0442\u044b\u0435 \u0434\u0440\u043e\u0432\u0430, \u0430 \u0434\u043e\u043b\u044c\u0448\u0435 \u0433\u043e\u0440\u044f\u0442 \u0442\u043e\u0440\u0444\u044f\u043d\u044b\u0435 \u0431\u0440\u0438\u043a\u0435\u0442\u044b \u0438 \u0443\u0433\u043e\u043b\u044c. \u0421\u043e\u043e\u0442\u0432\u0435\u0442\u0441\u0442\u0432\u0435\u043d\u043d\u043e, \u0447\u0435\u043c \u0434\u043e\u043b\u044c\u0448\u0435 \u0433\u043e\u0440\u0438\u0442 \u044d\u043d\u0435\u0440\u0433\u043e\u043d\u043e\u0441\u0438\u0442\u0435\u043b\u044c, \u0442\u0435\u043c \u0434\u043e\u043b\u044c\u0448\u0435 \u043f\u043e\u0441\u0442\u0443\u043f\u0430\u0435\u0442 \u0442\u0435\u043f\u043b\u043e \u0432 \u0434\u043e\u043c \u0438 \u0442\u0435\u043c \u0432\u044b\u0433\u043e\u0434\u043d\u0435\u0435 \u0438\u0441\u043f\u043e\u043b\u044c\u0437\u043e\u0432\u0430\u0442\u044c \u044d\u0442\u043e \u0442\u043e\u043f\u043b\u0438\u0432\u043e. \u0422\u0430\u043a \u043e\u043d\u043e \u0438 \u0435\u0441\u0442\u044c, \u0437\u0430 \u0438\u0441\u043a\u043b\u044e\u0447\u0435\u043d\u0438\u0435\u043c \u043c\u0430\u043b\u0435\u043d\u044c\u043a\u043e\u0433\u043e \u043d\u044e\u0430\u043d\u0441\u0430, \u0434\u0440\u043e\u0432\u0430 \u043e\u0434\u0438\u043d \u0438\u0437 \u0441\u0430\u043c\u044b\u0445 \u043d\u0435\u0434\u043e\u0440\u043e\u0433\u0438\u0445 \u0438\u0441\u0442\u043e\u0447\u043d\u0438\u043a\u043e\u0432 \u044d\u043d\u0435\u0440\u0433\u0438\u0438, \u0430 \u0432\u0441\u0435 \u0441\u043b\u0435\u0434\u0443\u044e\u0449\u0438\u0435 \u0432\u0438\u0434\u044b \u0442\u043e\u043f\u043b\u0438\u0432\u0430 \u0434\u043e\u0440\u043e\u0436\u0435 \u043f\u0440\u0435\u0434\u044b\u0434\u0443\u0449\u0438\u0445. \u041c\u0430\u0442\u0435\u043c\u0430\u0442\u0438\u043a\u0430 \u043f\u0440\u043e\u0441\u0442\u0430, 3 \u043a\u0443\u0431\u0430 \u0434\u0440\u043e\u0432 \u043e\u0442\u0434\u0430\u0434\u0443\u0442 \u0441\u0442\u043e\u043b\u044c\u043a\u043e \u0436\u0435 \u0442\u0435\u043f\u043b\u0430, \u0441\u043a\u043e\u043b\u044c\u043a\u043e, \u0434\u043e\u043f\u0443\u0441\u0442\u0438\u043c, 1 \u043a\u0443\u0431 \u0431\u0440\u0438\u043a\u0435\u0442\u043e\u0432 \u0438 \u0442\u0430\u043a \u0434\u0430\u043b\u0435\u0435 \u0434\u043e \u0443\u0433\u043b\u044f. \u0426\u0435\u043d\u0430 \u043a\u0430\u0436\u0434\u043e\u0433\u043e \u043f\u0440\u043e\u0434\u0443\u043a\u0442\u0430 \u043e\u0442\u043b\u0438\u0447\u0430\u0435\u0442\u0441\u044f, \u0432 \u0437\u0430\u0432\u0438\u0441\u0438\u043c\u043e\u0441\u0442\u0438 \u043e\u0442 \u0435\u0433\u043e \u044d\u043d\u0435\u0440\u0433\u043e\u043e\u0442\u0434\u0430\u0447\u0438. \u0418\u0441\u043f\u043e\u043b\u044c\u0437\u0443\u044f \u0431\u043e\u043b\u0435\u0435 \u0434\u043e\u0440\u043e\u0433\u043e\u0435 \u0442\u043e\u043f\u043b\u0438\u0432\u043e, \u0412\u044b \u0442\u0435\u043c \u0441\u0430\u043c\u044b\u043c \u043f\u043e\u043a\u0443\u043f\u0430\u0435\u0442\u0435 \u0441\u0435\u0431\u0435 \u0443\u0434\u043e\u0431\u0441\u0442\u0432\u0430. \u041c\u0438\u043d\u0443\u0441 \u0438\u0441\u043f\u043e\u043b\u044c\u0437\u043e\u0432\u0430\u043d\u0438\u044f \u0442\u0432\u0451\u0440\u0434\u043e\u0442\u043e\u043f\u043b\u0438\u0432\u043d\u044b\u0445 \u043a\u043e\u0442\u043b\u043e\u0432, \u043d\u0435\u043e\u0431\u0445\u043e\u0434\u0438\u043c\u043e\u0441\u0442\u044c \u0440\u0435\u0433\u0443\u043b\u044f\u0440\u043d\u043e\u0439 \u0447\u0438\u0441\u0442\u043a\u0438 \u043e\u0431\u043e\u0440\u0443\u0434\u043e\u0432\u0430\u043d\u0438\u044f, \u0431\u043e\u043b\u044c\u0448\u043e\u0435 \u043a\u043e\u043b\u0438\u0447\u0435\u0441\u0442\u0432\u043e \u0437\u043e\u043b\u044b \u0438 \u0441\u043e\u043e\u0442\u0432\u0435\u0442\u0441\u0442\u0432\u0435\u043d\u043d\u043e \u043f\u044b\u043b\u044c \u0438 \u043f\u043e\u0432\u044b\u0448\u0435\u043d\u043d\u0430\u044f \u0437\u0430\u0433\u0440\u044f\u0437\u043d\u0451\u043d\u043d\u043e\u0441\u0442\u044c \u043a\u043e\u0442\u0435\u043b\u044c\u043d\u043e\u0433\u043e \u043f\u043e\u043c\u0435\u0449\u0435\u043d\u0438\u044f. \u041f\u043b\u044e\u0441\u044b \u2013 \u0434\u043e\u0441\u0442\u0443\u043f\u043d\u043e\u0441\u0442\u044c \u0442\u043e\u043f\u043b\u0438\u0432\u0430, \u0432\u043e\u0437\u043c\u043e\u0436\u043d\u043e\u0441\u0442\u044c \u043a\u043e\u043c\u0431\u0438\u043d\u0438\u0440\u043e\u0432\u0430\u0442\u044c \u043f\u0440\u0438\u043c\u0435\u043d\u0435\u043d\u0438\u044f \u0440\u0430\u0437\u043d\u044b\u0445 \u0432\u0438\u0434\u043e\u0432 \u0442\u043e\u043f\u043b\u0438\u0432\u0430 \u0434\u043b\u044f \u043e\u043f\u0442\u0438\u043c\u0430\u043b\u044c\u043d\u043e\u0439 \u0440\u0430\u0431\u043e\u0442\u044b \u043e\u0442\u043e\u043f\u0438\u0442\u0435\u043b\u044c\u043d\u043e\u0439 \u0441\u0438\u0441\u0442\u0435\u043c\u044b \u0432 \u0434\u043d\u0435\u0432\u043d\u044b\u0435 \u0438 \u043d\u043e\u0447\u043d\u044b\u0435 \u0447\u0430\u0441\u044b.<\/p>\n\n\n\n<p>\u0413\u043e\u0440\u0435\u043d\u0438\u0435 \u0442\u043e\u043f\u043b\u0438\u0432\u0430 \u0432 \u043a\u043e\u0442\u043b\u0435 \u043f\u0440\u043e\u0438\u0441\u0445\u043e\u0434\u0438\u0442 \u043f\u0430\u0441\u0441\u0438\u0432\u043d\u043e. \u0414\u0440\u043e\u0432\u0430 \u0443\u043b\u043e\u0436\u0435\u043d\u044b, \u043a\u043e\u0442\u0451\u043b \u0440\u0430\u0437\u043e\u0436\u0436\u0451\u043d, \u043f\u0440\u043e\u0446\u0435\u0441\u0441 \u043f\u043e\u0448\u0451\u043b. \u0412\u043e \u0432\u0440\u0435\u043c\u044f \u0433\u043e\u0440\u0435\u043d\u0438\u044f \u043f\u0440\u043e\u0438\u0441\u0445\u043e\u0434\u0438\u0442, \u0432 \u043e\u0441\u043d\u043e\u0432\u043d\u043e\u043c, \u0442\u043e\u043b\u044c\u043a\u043e \u0440\u0435\u0433\u0443\u043b\u0438\u0440\u043e\u0432\u0430\u043d\u0438\u0435 \u043f\u043e\u0434\u0430\u0447\u0438 \u0432\u043e\u0437\u0434\u0443\u0445\u0430 \u0432 \u043a\u0430\u043c\u0435\u0440\u0443 \u0441\u0433\u043e\u0440\u0430\u043d\u0438\u044f, \u0432 \u0437\u0430\u0432\u0438\u0441\u0438\u043c\u043e\u0441\u0442\u0438 \u043e\u0442 \u0442\u0435\u043c\u043f\u0435\u0440\u0430\u0442\u0443\u0440\u044b \u0441\u0438\u0441\u0442\u0435\u043c\u044b. \u0422\u0430\u043a \u043a\u0430\u043a \u043c\u044b \u043d\u0435 \u043c\u043e\u0436\u0435\u043c \u043f\u043e\u0432\u043b\u0438\u044f\u0442\u044c \u043d\u0430 \u043f\u0440\u043e\u0446\u0435\u0441\u0441 \u0433\u043e\u0440\u0435\u043d\u0438\u044f, \u0437\u043d\u0430\u0447\u0438\u0442\u0435\u043b\u044c\u043d\u043e \u0437\u0430\u043c\u0435\u0434\u043b\u0438\u0442\u044c \u0438\u043b\u0438 \u0443\u0432\u0435\u043b\u0438\u0447\u0438\u0442\u044c \u043e\u0442\u0434\u0430\u0447\u0443 \u0442\u0435\u043f\u043b\u0430, \u0442\u043e \u0438 \u043e\u0431\u043e\u0440\u0443\u0434\u043e\u0432\u0430\u0442\u044c \u0442\u0432\u0451\u0440\u0434\u043e\u0442\u043e\u043f\u043b\u0438\u0432\u043d\u044b\u0439 \u043a\u043e\u0442\u0451\u043b \u0432\u043e\u0437\u043c\u043e\u0436\u043d\u043e \u0442\u043e\u043b\u044c\u043a\u043e \u043f\u0430\u0441\u0441\u0438\u0432\u043d\u044b\u043c\u0438 \u043c\u043e\u0434\u0443\u043b\u044f\u043c\u0438.<\/p>\n\n\n\n<p>\u0422\u0432\u0435\u0440\u0434\u043e\u0442\u043e\u043f\u043b\u0438\u0432\u043d\u0443\u044e \u0441\u0438\u0441\u0442\u0435\u043c\u0443 \u043e\u0442\u043e\u043f\u043b\u0435\u043d\u0438\u044f, \u043f\u043e\u043c\u0438\u043c\u043e \u043f\u043e\u0434\u0440\u043a\u043b\u044e\u0447\u0435\u043d\u043d\u044b\u0445 \u0440\u0430\u0434\u0438\u0430\u0442\u043e\u0440\u043e\u0432 \u043c\u043e\u0436\u043d\u043e \u0434\u043e\u043f\u043e\u043b\u043d\u0438\u0442\u044c \u0430\u043a\u0443\u043c\u0443\u043b\u044f\u0446\u0438\u043e\u043d\u043d\u044b\u043c\u0438 \u0435\u043c\u043a\u043e\u0441\u0442\u044f\u043c\u0438, \u043a\u043e\u0442\u043e\u0440\u044b\u0435 \u0431\u0443\u0434\u0443\u0442 \u043e\u0442\u0430\u043f\u043b\u0438\u0432\u0430\u0442\u044c \u0412\u0430\u0448 \u0434\u043e\u043c \u0431\u043e\u043b\u0435\u0435 \u043f\u0440\u043e\u0434\u043e\u043b\u0436\u0438\u0442\u0435\u043b\u044c\u043d\u043e\u0435 \u0432\u0440\u0435\u043c\u0430. \u0421\u0438\u0441\u0442\u0435\u043c\u0430 \u0442\u0451\u043f\u043b\u044b\u0445 \u043f\u043e\u043b\u043e\u0432, \u043d\u0430 \u043c\u043e\u0439 \u0432\u0437\u0433\u043b\u044f\u0434 \u043d\u0435 \u0431\u0443\u0434\u0435\u0442 \u0444\u0443\u043d\u043a\u0446\u0438\u043e\u043d\u0438\u0440\u043e\u0432\u0430\u0442\u044c \u044d\u0444\u0444\u0435\u043a\u0442\u0438\u0432\u043d\u043e, \u0435\u0441\u043b\u0438 \u0442\u043e\u043b\u044c\u043a\u043e \u0412\u044b \u043d\u0435 \u043f\u0440\u0438\u043d\u044f\u043b\u0438 \u0440\u0435\u0448\u0435\u043d\u0438\u0435 \u0447\u0435\u0440\u0435\u0437 \u043d\u0435\u0441\u043a\u043e\u043b\u044c\u043a\u043e \u043b\u0435\u0442 \u043f\u0440\u0438\u043e\u0431\u0440\u0435\u0441\u0442\u0438 \u0434\u0440\u0443\u0433\u043e\u0439 \u043e\u0442\u043e\u043f\u0438\u0442\u0435\u043b\u044c\u043d\u044b\u0439 \u043a\u043e\u0442\u0451\u043b. \u0422\u0430\u043a\u0436\u0435 \u0442\u0432\u0451\u0440\u0434\u043e\u0442\u043e\u043f\u043b\u0438\u0432\u043d\u044b\u0439 \u043a\u043e\u0442\u0451\u043b \u043c\u043e\u0436\u0435\u0442 \u043e\u0441\u0443\u0449\u0435\u0441\u0442\u0432\u043b\u044f\u0442\u044c \u043f\u043e\u0434\u043e\u0433\u0440\u0435\u0432 \u0432\u043e\u0434\u044b, \u043f\u043e\u0441\u0440\u0435\u0434\u0441\u0442\u0432\u043e\u043c \u0438\u0441\u043f\u043e\u043b\u044c\u0437\u043e\u0432\u0430\u043d\u0438\u044f \u043a\u043e\u043c\u0431\u0438\u043d\u0438\u0440\u043e\u0432\u0430\u043d\u043d\u043e\u0433\u043e \u0431\u043e\u0439\u043b\u0435\u0440\u0430, \u0432\u043e\u0434\u0430 \u0431\u0443\u0434\u0435\u0442 \u043d\u0430\u0433\u0440\u0435\u0432\u0430\u0442\u044c\u0441\u044f \u0442\u043e\u043b\u044c\u043a\u043e \u0432\u043e \u0432\u0440\u0435\u043c\u044f \u0440\u0430\u0431\u043e\u0442\u044b \u043a\u043e\u0442\u043b\u0430.<\/p>\n\n\n\n<p>\u041d\u0435\u043e\u0431\u0445\u043e\u0434\u0438\u043c\u0430\u044f \u043c\u043e\u0449\u043d\u043e\u0441\u0442\u044c \u043a\u043e\u0442\u043b\u0430 \u0440\u0430\u0441\u0441\u0447\u0438\u0442\u044b\u0432\u0430\u0435\u0442\u0441\u044f \u0441\u043b\u0435\u0434\u0443\u044e\u0449\u0438\u043c \u043e\u0431\u0440\u0430\u0437\u043e\u043c. \u0414\u043b\u044f \u043e\u0431\u043e\u0433\u0440\u0435\u0432\u0430 10 \u043a\u0432\u0430\u0434\u0440\u0430\u0442\u043d\u044b\u0445 \u043c\u0435\u0442\u0440\u043e\u0432 \u043f\u043b\u043e\u0449\u0430\u0434\u0438 \u043d\u0435\u043e\u0431\u0445\u043e\u0434\u0438\u043c 1 \u043a\u0438\u043b\u043e\u0432\u0430\u0442\u0442 \u043c\u043e\u0449\u043d\u043e\u0441\u0442\u0438 +\/- 15% \u0440\u0435\u0437\u0435\u0440\u0432. \u041d\u0430\u043f\u0440\u0438\u043c\u0435\u0440, \u0434\u043b\u044f \u043e\u0442\u043e\u043f\u043b\u0435\u043d\u0438\u044f \u0434\u043e\u043c\u0430 \u043f\u043b\u043e\u0449\u0430\u0434\u044c\u044e 100 \u043c.\u043a\u0432., \u0441 \u043f\u043e\u0434\u043a\u043b\u044e\u0447\u0451\u043d\u043d\u044b\u043c \u043a\u043e\u043c\u0431\u0438\u043d\u0438\u0440\u043e\u0432\u0430\u043d\u043d\u044b\u043c \u0431\u043e\u0439\u043b\u0435\u0440\u043e\u043c \u0434\u043e\u0441\u0442\u0430\u0442\u043e\u0447\u043d\u043e \u043f\u0440\u0438\u043e\u0431\u0440\u0435\u0441\u0442\u0438 \u043a\u043e\u0442\u0451\u043b \u043c\u043e\u0449\u043d\u043e\u0441\u0442\u044c\u044e 15 \u043a\u0438\u043b\u043e\u0432\u0430\u0442\u0442.<\/p>\n\n\n\n<p>\u041f\u0440\u043e\u0438\u0437\u0432\u043e\u0436\u0443 \u0432\u0441\u0435 \u0432\u0438\u0434\u044b \u0440\u0430\u0431\u043e\u0442 \u043f\u043e \u0443\u0441\u0442\u0430\u043d\u043e\u0432\u043a\u0435, \u043e\u0431\u0432\u044f\u0437\u043a\u0435 \u0438 \u043e\u0431\u0441\u043b\u0443\u0436\u0438\u0432\u0430\u043d\u0438\u044e \u0442\u0432\u0451\u0440\u0434\u043e\u0442\u043e\u043f\u043b\u0438\u0432\u043d\u044b\u0445 \u0438 \u0433\u0440\u0430\u043d\u0443\u043b\u044c\u043d\u044b\u0445 \u043a\u043e\u0442\u043b\u043e\u0432 \u0432 \u0421\u0438\u0433\u0443\u043b\u0434\u0435, \u0418\u043d\u0447\u0443\u043a\u0430\u043b\u043d\u0441\u0435 \u0438 \u0420\u0438\u0436\u0441\u043a\u043e\u043c \u0440\u0430\u0439\u043e\u043d\u0435.<\/p>","protected":false},"excerpt":{"rendered":"<p>God\u0101tie klienti! Ieg\u0101d\u0101joties apkures sist\u0113mu savai m\u0101jai, J\u016bs galvenok\u0101rt ieg\u016bstat \u0113rt\u012bbas, kuras sniedz \u0161\u0101da individu\u0101l\u0101s siltuma ener\u0123ijas ra\u017eo\u0161anas iek\u0101rtas. No visa tirg\u016b pieejam\u0101 apkures sist\u0113mu kl\u0101sta liel\u0101k\u0101 da\u013ca ciet\u0101 kurin\u0101m\u0101 katlu visekonomisk\u0101k\u0101 izv\u0113le. \u0160aj\u0101 sada\u013c\u0101 s\u012bk\u0101k past\u0101st\u012b\u0161u par ciet\u0101 kurin\u0101m\u0101 katliem \u2013 k\u0101di kurin\u0101m\u0101 veidi ir izmantojami m\u0101jas apsildei, to plusi un m\u012bnusi, ciet\u0101 kurin\u0101m\u0101 <!-- more-link -->[&hellip;] <a href=\"https:\/\/baltmeistars.lv\/ru\/cieta-kurinama-katli\/\" class=\"more more-link\">Las\u012bt vair\u0101k<\/a><\/p>","protected":false},"author":1,"featured_media":0,"parent":0,"menu_order":0,"comment_status":"closed","ping_status":"closed","template":"","meta":{"_acf_changed":false,"footnotes":""},"class_list":["post-6828","page","type-page","status-publish","hentry"],"acf":[],"yoast_head":"<!-- This site is optimized with the Yoast SEO plugin v24.5 - https:\/\/yoast.com\/wordpress\/plugins\/seo\/ -->\n<title>Cieta kurin\u0101ma katli - Baltmeistars<\/title>\n<meta name=\"robots\" content=\"index, follow, max-snippet:-1, max-image-preview:large, max-video-preview:-1\" \/>\n<link rel=\"canonical\" href=\"https:\/\/baltmeistars.lv\/ru\/cieta-kurinama-katli\/\" \/>\n<meta property=\"og:locale\" content=\"ru_RU\" \/>\n<meta property=\"og:type\" content=\"article\" \/>\n<meta property=\"og:title\" content=\"Cieta kurin\u0101ma katli - Baltmeistars\" \/>\n<meta property=\"og:description\" content=\"God\u0101tie klienti! Ieg\u0101d\u0101joties apkures sist\u0113mu savai m\u0101jai, J\u016bs galvenok\u0101rt ieg\u016bstat \u0113rt\u012bbas, kuras sniedz \u0161\u0101da individu\u0101l\u0101s siltuma ener\u0123ijas ra\u017eo\u0161anas iek\u0101rtas. No visa tirg\u016b pieejam\u0101 apkures sist\u0113mu kl\u0101sta liel\u0101k\u0101 da\u013ca ciet\u0101 kurin\u0101m\u0101 katlu visekonomisk\u0101k\u0101 izv\u0113le. \u0160aj\u0101 sada\u013c\u0101 s\u012bk\u0101k past\u0101st\u012b\u0161u par ciet\u0101 kurin\u0101m\u0101 katliem \u2013 k\u0101di kurin\u0101m\u0101 veidi ir izmantojami m\u0101jas apsildei, to plusi un m\u012bnusi, ciet\u0101 kurin\u0101m\u0101 [&hellip;] Las\u012bt vair\u0101k\" \/>\n<meta property=\"og:url\" content=\"https:\/\/baltmeistars.lv\/ru\/cieta-kurinama-katli\/\" \/>\n<meta property=\"og:site_name\" content=\"Baltmeistars\" \/>\n<meta property=\"article:modified_time\" content=\"2025-02-20T08:26:11+00:00\" \/>\n<meta name=\"twitter:card\" content=\"summary_large_image\" \/>\n<meta name=\"twitter:label1\" content=\"\u041f\u0440\u0438\u043c\u0435\u0440\u043d\u043e\u0435 \u0432\u0440\u0435\u043c\u044f \u0434\u043b\u044f \u0447\u0442\u0435\u043d\u0438\u044f\" \/>\n\t<meta name=\"twitter:data1\" content=\"3 \u043c\u0438\u043d\u0443\u0442\u044b\" \/>\n<script type=\"application\/ld+json\" class=\"yoast-schema-graph\">{\"@context\":\"https:\/\/schema.org\",\"@graph\":[{\"@type\":\"WebPage\",\"@id\":\"https:\/\/baltmeistars.lv\/cieta-kurinama-katli\/\",\"url\":\"https:\/\/baltmeistars.lv\/cieta-kurinama-katli\/\",\"name\":\"Cieta kurin\u0101ma katli - Baltmeistars\",\"isPartOf\":{\"@id\":\"https:\/\/baltmeistars.lv\/lv\/#website\"},\"datePublished\":\"2021-02-28T11:26:35+00:00\",\"dateModified\":\"2025-02-20T08:26:11+00:00\",\"breadcrumb\":{\"@id\":\"https:\/\/baltmeistars.lv\/cieta-kurinama-katli\/#breadcrumb\"},\"inLanguage\":\"ru-RU\",\"potentialAction\":[{\"@type\":\"ReadAction\",\"target\":[\"https:\/\/baltmeistars.lv\/cieta-kurinama-katli\/\"]}]},{\"@type\":\"BreadcrumbList\",\"@id\":\"https:\/\/baltmeistars.lv\/cieta-kurinama-katli\/#breadcrumb\",\"itemListElement\":[{\"@type\":\"ListItem\",\"position\":1,\"name\":\"Home\",\"item\":\"https:\/\/baltmeistars.lv\/lv\/\"},{\"@type\":\"ListItem\",\"position\":2,\"name\":\"Cieta kurin\u0101ma katli\"}]},{\"@type\":\"WebSite\",\"@id\":\"https:\/\/baltmeistars.lv\/lv\/#website\",\"url\":\"https:\/\/baltmeistars.lv\/lv\/\",\"name\":\"Baltmeistars\",\"description\":\"Celtniec\u012bbas nozare\",\"alternateName\":\"Baltmeistars.lv\",\"potentialAction\":[{\"@type\":\"SearchAction\",\"target\":{\"@type\":\"EntryPoint\",\"urlTemplate\":\"https:\/\/baltmeistars.lv\/lv\/?s={search_term_string}\"},\"query-input\":{\"@type\":\"PropertyValueSpecification\",\"valueRequired\":true,\"valueName\":\"search_term_string\"}}],\"inLanguage\":\"ru-RU\"}]}<\/script>\n<!-- \/ Yoast SEO plugin. -->","yoast_head_json":{"title":"Cieta kurin\u0101ma katli - Baltmeistars","robots":{"index":"index","follow":"follow","max-snippet":"max-snippet:-1","max-image-preview":"max-image-preview:large","max-video-preview":"max-video-preview:-1"},"canonical":"https:\/\/baltmeistars.lv\/ru\/cieta-kurinama-katli\/","og_locale":"ru_RU","og_type":"article","og_title":"Cieta kurin\u0101ma katli - Baltmeistars","og_description":"God\u0101tie klienti! Ieg\u0101d\u0101joties apkures sist\u0113mu savai m\u0101jai, J\u016bs galvenok\u0101rt ieg\u016bstat \u0113rt\u012bbas, kuras sniedz \u0161\u0101da individu\u0101l\u0101s siltuma ener\u0123ijas ra\u017eo\u0161anas iek\u0101rtas. No visa tirg\u016b pieejam\u0101 apkures sist\u0113mu kl\u0101sta liel\u0101k\u0101 da\u013ca ciet\u0101 kurin\u0101m\u0101 katlu visekonomisk\u0101k\u0101 izv\u0113le. \u0160aj\u0101 sada\u013c\u0101 s\u012bk\u0101k past\u0101st\u012b\u0161u par ciet\u0101 kurin\u0101m\u0101 katliem \u2013 k\u0101di kurin\u0101m\u0101 veidi ir izmantojami m\u0101jas apsildei, to plusi un m\u012bnusi, ciet\u0101 kurin\u0101m\u0101 [&hellip;] Las\u012bt vair\u0101k","og_url":"https:\/\/baltmeistars.lv\/ru\/cieta-kurinama-katli\/","og_site_name":"Baltmeistars","article_modified_time":"2025-02-20T08:26:11+00:00","twitter_card":"summary_large_image","twitter_misc":{"\u041f\u0440\u0438\u043c\u0435\u0440\u043d\u043e\u0435 \u0432\u0440\u0435\u043c\u044f \u0434\u043b\u044f \u0447\u0442\u0435\u043d\u0438\u044f":"3 \u043c\u0438\u043d\u0443\u0442\u044b"},"schema":{"@context":"https:\/\/schema.org","@graph":[{"@type":"WebPage","@id":"https:\/\/baltmeistars.lv\/cieta-kurinama-katli\/","url":"https:\/\/baltmeistars.lv\/cieta-kurinama-katli\/","name":"Cieta kurin\u0101ma katli - Baltmeistars","isPartOf":{"@id":"https:\/\/baltmeistars.lv\/lv\/#website"},"datePublished":"2021-02-28T11:26:35+00:00","dateModified":"2025-02-20T08:26:11+00:00","breadcrumb":{"@id":"https:\/\/baltmeistars.lv\/cieta-kurinama-katli\/#breadcrumb"},"inLanguage":"ru-RU","potentialAction":[{"@type":"ReadAction","target":["https:\/\/baltmeistars.lv\/cieta-kurinama-katli\/"]}]},{"@type":"BreadcrumbList","@id":"https:\/\/baltmeistars.lv\/cieta-kurinama-katli\/#breadcrumb","itemListElement":[{"@type":"ListItem","position":1,"name":"Home","item":"https:\/\/baltmeistars.lv\/lv\/"},{"@type":"ListItem","position":2,"name":"Cieta kurin\u0101ma katli"}]},{"@type":"WebSite","@id":"https:\/\/baltmeistars.lv\/lv\/#website","url":"https:\/\/baltmeistars.lv\/lv\/","name":"Baltmeistars","description":"Celtniec\u012bbas nozare","alternateName":"Baltmeistars.lv","potentialAction":[{"@type":"SearchAction","target":{"@type":"EntryPoint","urlTemplate":"https:\/\/baltmeistars.lv\/lv\/?s={search_term_string}"},"query-input":{"@type":"PropertyValueSpecification","valueRequired":true,"valueName":"search_term_string"}}],"inLanguage":"ru-RU"}]}},"_links":{"self":[{"href":"https:\/\/baltmeistars.lv\/ru\/wp-json\/wp\/v2\/pages\/6828","targetHints":{"allow":["GET"]}}],"collection":[{"href":"https:\/\/baltmeistars.lv\/ru\/wp-json\/wp\/v2\/pages"}],"about":[{"href":"https:\/\/baltmeistars.lv\/ru\/wp-json\/wp\/v2\/types\/page"}],"author":[{"embeddable":true,"href":"https:\/\/baltmeistars.lv\/ru\/wp-json\/wp\/v2\/users\/1"}],"replies":[{"embeddable":true,"href":"https:\/\/baltmeistars.lv\/ru\/wp-json\/wp\/v2\/comments?post=6828"}],"version-history":[{"count":4,"href":"https:\/\/baltmeistars.lv\/ru\/wp-json\/wp\/v2\/pages\/6828\/revisions"}],"predecessor-version":[{"id":7278,"href":"https:\/\/baltmeistars.lv\/ru\/wp-json\/wp\/v2\/pages\/6828\/revisions\/7278"}],"wp:attachment":[{"href":"https:\/\/baltmeistars.lv\/ru\/wp-json\/wp\/v2\/media?parent=6828"}],"curies":[{"name":"wp","href":"https:\/\/api.w.org\/{rel}","templated":true}]}}