{"id":6832,"date":"2021-02-28T13:27:27","date_gmt":"2021-02-28T11:27:27","guid":{"rendered":"https:\/\/devilsecure.com\/?page_id=6832"},"modified":"2025-02-20T10:52:31","modified_gmt":"2025-02-20T08:52:31","slug":"siltas-gridas","status":"publish","type":"page","link":"https:\/\/baltmeistars.lv\/ru\/siltas-gridas\/","title":{"rendered":"\u0422\u0435\u043f\u043b\u044b\u0439 \u043f\u043e\u043b"},"content":{"rendered":"<p>\u0423\u0432\u0430\u0436\u0430\u0435\u043c\u044b\u0435 \u043a\u043b\u0438\u0435\u043d\u0442\u044b,<\/p>\n\n\n\n<p>\u041e\u0434\u0438\u043d \u0438\u0437 \u044d\u043b\u0435\u043c\u0435\u043d\u0442\u043e\u0432 \u043e\u0442\u043e\u043f\u0438\u0442\u0435\u043b\u044c\u043d\u043e\u0439 \u0441\u0438\u0441\u0442\u0435\u043c\u044b \u0447\u0430\u0441\u0442\u043d\u043e\u0433\u043e \u0434\u043e\u043c\u0430 \u044d\u0442\u043e \u0442\u0451\u043f\u043b\u044b\u0439 \u043f\u043e\u043b. \u041d\u0430 \u043f\u0440\u0430\u043a\u0442\u0438\u043a\u0435 \u0432\u044b\u043f\u043e\u043b\u043d\u044f\u044e\u0442 \u0434\u0432\u0430 \u0432\u0438\u0434\u0430 \u0443\u0441\u0442\u0430\u043d\u043e\u0432\u043a\u0438 \u0442\u0451\u043f\u043b\u043e\u0433\u043e \u043f\u043e\u043b\u0430 \u2013 \u044d\u043b\u0435\u043a\u0442\u0440\u0438\u0447\u0435\u0441\u043a\u0438\u0435 \u0442\u0451\u043f\u043b\u044b\u0435 \u043f\u043e\u043b\u044b \u0438 \u0432\u043e\u0434\u044f\u043d\u044b\u0435 \u0442\u0451\u043f\u043b\u044b\u0435 \u043f\u043e\u043b\u044b.<\/p>\n\n\n\n<p>\u041c\u0430\u0442\u044b \u044d\u043b\u0435\u043a\u0442\u0440\u0438\u0447\u0435\u0441\u043a\u043e\u0433\u043e \u0442\u0451\u043f\u043b\u043e\u0433\u043e \u043f\u043e\u043b\u0430 \u0443\u043a\u043b\u0430\u0434\u044b\u0432\u0430\u044e\u0442 \u043d\u0430 \u0447\u0435\u0440\u043d\u043e\u0432\u043e\u0439 \u043f\u043e\u043b, \u043f\u043e\u0434\u043a\u043b\u044e\u0447\u0430\u044e\u0442 \u043a \u0442\u043e\u0447\u043a\u0435 \u043f\u043e\u0434\u0430\u0447\u0438 \u043d\u0430\u043f\u0440\u044f\u0436\u0435\u043d\u0438\u044f, \u0437\u0430\u043a\u043b\u0430\u0434\u044b\u0432\u0430\u044e\u0442 \u0434\u0430\u0442\u0447\u0438\u043a \u0442\u0435\u043c\u043f\u0435\u0440\u0430\u0442\u0443\u0440\u044b, \u043a\u043e\u0442\u043e\u0440\u044b\u0439 \u043a\u043e\u043d\u0442\u0440\u043e\u043b\u0438\u0440\u0443\u0435\u0442 \u0440\u0430\u0431\u043e\u0442\u0443 \u0442\u0451\u043f\u043b\u043e\u0433\u043e \u043f\u043e\u043b\u0430 \u0438 \u043f\u043e\u0432\u0435\u0440\u0445 \u043d\u0435\u0433\u043e \u0434\u0435\u043b\u0430\u044e\u0442 \u0441\u0442\u044f\u0436\u043a\u0443 \u0438 \u0431\u0435\u0442\u043e\u043d\u0430 \u0442\u043e\u043b\u0449\u0438\u043d\u043e\u0439 \u0434\u043e 2-2,5 \u0441\u0430\u043d\u0442\u0438\u043c\u0435\u0442\u0440\u043e\u0432. \u0422\u0430\u043a \u043a\u0430\u043a \u044d\u043b\u0435\u043a\u0442\u0440\u0438\u0447\u0435\u0441\u0442\u0432\u043e \u044f\u0432\u043b\u044f\u0435\u0442\u0441\u044f \u043e\u0434\u043d\u0438\u043c \u0438\u0437 \u0441\u0430\u043c\u044b\u0445 \u0434\u043e\u0440\u043e\u0433\u0438\u0445 \u044d\u043d\u0435\u0440\u0433\u043e\u043d\u043e\u0441\u0438\u0442\u0435\u043b\u0435\u0439, \u0443\u0441\u0442\u0430\u043d\u043e\u0432\u043a\u0443 \u044d\u043b\u0435\u043a\u0442\u0440\u0438\u0447\u0435\u0441\u043a\u0438\u0445 \u0442\u0451\u043f\u043b\u044b\u0445 \u043f\u043e\u043b\u043e\u0432 \u043f\u0440\u043e\u0438\u0437\u0432\u043e\u0434\u044f\u0442 \u0440\u0435\u0434\u043a\u043e \u0438 \u0442\u0430\u043a\u043e\u0439 \u0432\u0438\u0434 \u043e\u0431\u043e\u0433\u0440\u0435\u0432\u0430 \u043d\u0435 \u044f\u0432\u043b\u044f\u0435\u0442\u0441\u044f \u043f\u043e\u043f\u0443\u043b\u044f\u0440\u043d\u044b\u043c.<\/p>\n\n\n\n<p>\u0411\u043e\u043b\u044c\u0448\u0435\u0439 \u043f\u043e\u043f\u0443\u043b\u044f\u0440\u043d\u043e\u0441\u0442\u044c\u044e \u043f\u043e\u043b\u044c\u0437\u0443\u0435\u0442\u0441\u044f \u0442\u0435\u0445\u043d\u043e\u043b\u043e\u0433\u0438\u044f \u0443\u0441\u0442\u0440\u043e\u0439\u0441\u0442\u0432\u0430 \u0442\u0451\u043f\u043b\u044b\u0445 \u0432\u043e\u0434\u044f\u043d\u044b\u0445 \u043f\u043e\u043b\u043e\u0432. \u041f\u0440\u0438\u043c\u0435\u043d\u044f\u044f \u043d\u0435\u043a\u043e\u0442\u043e\u0440\u044b\u0435 \u0432\u0438\u0434\u044b \u0443\u0441\u0442\u0440\u043e\u0439\u0441\u0442\u0432\u0430 \u0444\u0443\u043d\u0434\u0430\u043c\u0435\u043d\u0442\u043e\u0432, \u043c\u043e\u043d\u0442\u0430\u0436 \u0442\u0451\u043f\u043b\u044b\u0445 \u043f\u043e\u043b\u043e\u0432 \u043c\u043e\u0436\u043d\u043e \u043f\u0440\u043e\u0438\u0437\u0432\u0435\u0441\u0442\u0438 \u0443\u0436\u0435 \u043d\u0430 \u044d\u0442\u043e\u043c \u044d\u0442\u0430\u043f\u0435.<\/p>\n\n\n\n<p>\u041e\u0431\u044b\u0447\u043d\u043e \u0442\u0451\u043f\u043b\u044b\u0439 \u0432\u043e\u0434\u044f\u043d\u043e\u0439 \u043f\u043e\u043b \u043c\u043e\u043d\u0442\u0438\u0440\u0443\u0435\u0442\u0441\u044f \u043f\u043e\u0441\u043b\u0435 \u0442\u043e\u0433\u043e \u043a\u0430\u043a \u0434\u043e\u043c \u043f\u043e\u0434\u0432\u0435\u0434\u0451\u043d \u043f\u043e\u0434 \u043a\u0440\u044b\u0448\u0443 \u0438 \u043f\u0435\u0440\u0435\u0434 \u043d\u0430\u0447\u0430\u043b\u043e\u043c \u0432\u043d\u0443\u0442\u0440\u0435\u043d\u043d\u0435\u0439 \u043e\u0442\u0434\u0435\u043b\u043a\u0438 \u043f\u043e\u043c\u0435\u0449\u0435\u043d\u0438\u0439. \u041f\u0440\u043e\u0446\u0435\u0441\u0441 \u0443\u043a\u043b\u0430\u0434\u043a\u0438 \u0441\u043e\u0441\u0442\u043e\u0438\u0442 \u0438\u0437 \u0441\u043b\u0435\u0434\u0443\u044e\u0449\u0438\u0445 \u043e\u043f\u0435\u0440\u0430\u0446\u0438\u0439<\/p>\n\n\n<div class=\"wp-block-image\">\n<figure class=\"alignleft size-full is-resized\"><figure id=\"attachment_7296\" class=\"alignnone full-width-mobile thin\"><img loading=\"lazy\" decoding=\"async\" width=\"552\" height=\"377\" src=\"https:\/\/baltmeistars.lv\/wp-content\/uploads\/2025\/02\/siltas-gridas-as-Smart-Object-1.jpg\" alt=\"\" class=\"wp-image-7296\" style=\"width:263px;height:auto\"\/><\/figure><\/figure>\n<\/div>\n\n\n<ul class=\"wp-block-list\">\n<li>\u041d\u0430 \u0447\u0435\u0440\u043d\u043e\u0432\u043e\u0439 \u043f\u043e\u043b \u0443\u043a\u043b\u0430\u0434\u044b\u0432\u0430\u0435\u0442\u0441\u044f \u0443\u0442\u0435\u043f\u043b\u0438\u0442\u0435\u043b\u044c \u2013 \u044d\u043a\u0441\u0442\u0440\u0443\u0434\u0438\u0440\u043e\u0432\u0430\u043d\u043d\u044b\u0439 \u043f\u0435\u043d\u043e\u043f\u043e\u043b\u0438\u0441\u0442\u0438\u0440\u043e\u043b<\/li>\n\n\n\n<li>\u2022\t\u041a \u043f\u043e\u0432\u0435\u0440\u0445\u043d\u043e\u0441\u0442\u0438 \u043f\u0435\u043d\u043e\u043f\u043e\u043b\u0438\u0441\u0442\u0438\u0440\u043e\u043b\u0430 \u043a\u0440\u0435\u043f\u0438\u0442\u0441\u044f \u0432\u043e\u0434\u044f\u043d\u0430\u044f \u0442\u0440\u0443\u0431\u0430, \u0441 \u0448\u0430\u0433\u043e\u043c \u0441\u043e\u0433\u043b\u0430\u0441\u043d\u043e \u0440\u0430\u0441\u0447\u0451\u0442\u0430\u043c \u0438 \u0442\u0435\u0445\u043d\u0438\u0447\u0435\u0441\u043a\u043e\u0439 \u0434\u043e\u043a\u0443\u043c\u0435\u043d\u0442\u0430\u0446\u0438\u0438<\/li>\n\n\n\n<li>\u0414\u0430\u043b\u0435\u0435 \u0443\u0441\u0442\u0440\u0430\u0438\u0432\u0430\u0435\u0442\u0441\u044f \u0446\u0435\u043c\u0435\u043d\u0442\u043d\u0430\u044f \u0441\u0442\u044f\u0436\u043a\u0430 Estrich<\/li>\n\n\n\n<li>\u041f\u043e\u0441\u043b\u0435 \u0432\u044b\u0441\u044b\u0445\u0430\u043d\u0438\u044f \u0441\u0442\u044f\u0436\u043a\u0438 \u0442\u0440\u0443\u0431\u043a\u0438 \u0442\u0451\u043f\u043b\u043e\u0433\u043e \u043f\u043e\u043b\u0430 \u043e\u043f\u0440\u0435\u0441\u043e\u0432\u044b\u0432\u0430\u044e\u0442\u0441\u044f, \u0434\u043b\u044f \u043a\u043e\u043d\u0442\u0440\u043e\u043b\u044f \u0446\u0435\u043b\u043e\u0441\u0442\u043d\u043e\u0441\u0442\u0438<\/li>\n<\/ul>\n\n\n\n<p>\u041c\u043e\u043d\u0442\u0430\u0436 \u0442\u0451\u043f\u043b\u043e\u0433\u043e \u043f\u043e\u043b\u0430 \u0437\u0430\u0432\u0435\u0440\u0448\u0451\u043d, \u0434\u0430\u043b\u0435\u0435 \u0435\u0433\u043e \u043d\u0435\u043e\u0431\u0445\u043e\u0434\u0438\u043c\u043e \u043f\u043e\u0434\u043a\u043b\u044e\u0447\u0438\u0442\u044c \u043a \u0441\u0438\u0441\u0442\u0435\u043c\u0435 \u043e\u0442\u043e\u043f\u043b\u0435\u043d\u0438\u044f \u0412\u0430\u0448\u0435\u0433\u043e \u0434\u043e\u043c\u0430.<\/p>\n\n\n\n<p>\u0412\u044b\u043f\u043e\u043b\u043d\u044f\u044e \u0432\u0441\u0435 \u0432\u0438\u0434\u044b \u0440\u0430\u0431\u043e\u0442 \u043f\u043e \u0443\u0441\u0442\u0440\u043e\u0439\u0441\u0442\u0432\u0443 \u0442\u0435\u043f\u043b\u043e\u0433\u043e \u043f\u043e\u043b\u0430 \u0432 \u0421\u0438\u0433\u0443\u043b\u0434\u0435, \u0418\u043d\u0447\u0443\u043a\u0430\u043b\u043d\u0441\u0435 \u0438 \u0420\u0438\u0436\u0441\u043a\u043e\u043c \u0440\u0430\u0439\u043e\u043d\u0435.<\/p>","protected":false},"excerpt":{"rendered":"<p>God\u0101tie klienti, Viens no priv\u0101tm\u0101jas apkures elementiem ir apsildam\u0101s gr\u012bdas. Praks\u0113 tiek izmantoti divi apsild\u0101mo gr\u012bdu ier\u012bko\u0161anas veidi \u2013 elektrisk\u0101 un \u016bdens apsild\u0101m\u0101 gr\u012bda. Elektriski apslisdam\u0101s gr\u012bdas elementi tiek kl\u0101ti uz meln\u0101s gr\u012bdas, tie tiek piesl\u0113gti pie str\u0101vas padeves avota, tiek uzst\u0101d\u012bta temperat\u016bras r\u0101d\u012bt\u0101js, kur\u0161 kontrol\u0113 gr\u012bdas apsildes darbu, un pa virsu tiek kl\u0101ts betons <!-- more-link -->[&hellip;] <a href=\"https:\/\/baltmeistars.lv\/ru\/siltas-gridas\/\" class=\"more more-link\">Las\u012bt vair\u0101k<\/a><\/p>","protected":false},"author":1,"featured_media":0,"parent":0,"menu_order":0,"comment_status":"closed","ping_status":"closed","template":"","meta":{"_acf_changed":false,"footnotes":""},"class_list":["post-6832","page","type-page","status-publish","hentry"],"acf":[],"yoast_head":"<!-- This site is optimized with the Yoast SEO plugin v24.5 - https:\/\/yoast.com\/wordpress\/plugins\/seo\/ -->\n<title>Silt\u0101s gr\u012bdas - Baltmeistars<\/title>\n<meta name=\"robots\" content=\"index, follow, max-snippet:-1, max-image-preview:large, max-video-preview:-1\" \/>\n<link rel=\"canonical\" href=\"https:\/\/baltmeistars.lv\/ru\/siltas-gridas\/\" \/>\n<meta property=\"og:locale\" content=\"ru_RU\" \/>\n<meta property=\"og:type\" content=\"article\" \/>\n<meta property=\"og:title\" content=\"Silt\u0101s gr\u012bdas - Baltmeistars\" \/>\n<meta property=\"og:description\" content=\"God\u0101tie klienti, Viens no priv\u0101tm\u0101jas apkures elementiem ir apsildam\u0101s gr\u012bdas. Praks\u0113 tiek izmantoti divi apsild\u0101mo gr\u012bdu ier\u012bko\u0161anas veidi \u2013 elektrisk\u0101 un \u016bdens apsild\u0101m\u0101 gr\u012bda. Elektriski apslisdam\u0101s gr\u012bdas elementi tiek kl\u0101ti uz meln\u0101s gr\u012bdas, tie tiek piesl\u0113gti pie str\u0101vas padeves avota, tiek uzst\u0101d\u012bta temperat\u016bras r\u0101d\u012bt\u0101js, kur\u0161 kontrol\u0113 gr\u012bdas apsildes darbu, un pa virsu tiek kl\u0101ts betons [&hellip;] Las\u012bt vair\u0101k\" \/>\n<meta property=\"og:url\" content=\"https:\/\/baltmeistars.lv\/ru\/siltas-gridas\/\" \/>\n<meta property=\"og:site_name\" content=\"Baltmeistars\" \/>\n<meta property=\"article:modified_time\" content=\"2025-02-20T08:52:31+00:00\" \/>\n<meta property=\"og:image\" content=\"https:\/\/baltmeistars.lv\/wp-content\/uploads\/2025\/02\/siltas-gridas-as-Smart-Object-1.jpg\" \/>\n<meta name=\"twitter:card\" content=\"summary_large_image\" \/>\n<meta name=\"twitter:label1\" content=\"\u041f\u0440\u0438\u043c\u0435\u0440\u043d\u043e\u0435 \u0432\u0440\u0435\u043c\u044f \u0434\u043b\u044f \u0447\u0442\u0435\u043d\u0438\u044f\" \/>\n\t<meta name=\"twitter:data1\" content=\"2 \u043c\u0438\u043d\u0443\u0442\u044b\" \/>\n<script type=\"application\/ld+json\" class=\"yoast-schema-graph\">{\"@context\":\"https:\/\/schema.org\",\"@graph\":[{\"@type\":\"WebPage\",\"@id\":\"https:\/\/baltmeistars.lv\/siltas-gridas\/\",\"url\":\"https:\/\/baltmeistars.lv\/siltas-gridas\/\",\"name\":\"Silt\u0101s gr\u012bdas - Baltmeistars\",\"isPartOf\":{\"@id\":\"https:\/\/baltmeistars.lv\/lv\/#website\"},\"primaryImageOfPage\":{\"@id\":\"https:\/\/baltmeistars.lv\/siltas-gridas\/#primaryimage\"},\"image\":{\"@id\":\"https:\/\/baltmeistars.lv\/siltas-gridas\/#primaryimage\"},\"thumbnailUrl\":\"https:\/\/baltmeistars.lv\/wp-content\/uploads\/2025\/02\/siltas-gridas-as-Smart-Object-1.jpg\",\"datePublished\":\"2021-02-28T11:27:27+00:00\",\"dateModified\":\"2025-02-20T08:52:31+00:00\",\"breadcrumb\":{\"@id\":\"https:\/\/baltmeistars.lv\/siltas-gridas\/#breadcrumb\"},\"inLanguage\":\"ru-RU\",\"potentialAction\":[{\"@type\":\"ReadAction\",\"target\":[\"https:\/\/baltmeistars.lv\/siltas-gridas\/\"]}]},{\"@type\":\"ImageObject\",\"inLanguage\":\"ru-RU\",\"@id\":\"https:\/\/baltmeistars.lv\/siltas-gridas\/#primaryimage\",\"url\":\"https:\/\/baltmeistars.lv\/wp-content\/uploads\/2025\/02\/siltas-gridas-as-Smart-Object-1.jpg\",\"contentUrl\":\"https:\/\/baltmeistars.lv\/wp-content\/uploads\/2025\/02\/siltas-gridas-as-Smart-Object-1.jpg\"},{\"@type\":\"BreadcrumbList\",\"@id\":\"https:\/\/baltmeistars.lv\/siltas-gridas\/#breadcrumb\",\"itemListElement\":[{\"@type\":\"ListItem\",\"position\":1,\"name\":\"Home\",\"item\":\"https:\/\/baltmeistars.lv\/lv\/\"},{\"@type\":\"ListItem\",\"position\":2,\"name\":\"Silt\u0101s gr\u012bdas\"}]},{\"@type\":\"WebSite\",\"@id\":\"https:\/\/baltmeistars.lv\/lv\/#website\",\"url\":\"https:\/\/baltmeistars.lv\/lv\/\",\"name\":\"Baltmeistars\",\"description\":\"Celtniec\u012bbas nozare\",\"alternateName\":\"Baltmeistars.lv\",\"potentialAction\":[{\"@type\":\"SearchAction\",\"target\":{\"@type\":\"EntryPoint\",\"urlTemplate\":\"https:\/\/baltmeistars.lv\/lv\/?s={search_term_string}\"},\"query-input\":{\"@type\":\"PropertyValueSpecification\",\"valueRequired\":true,\"valueName\":\"search_term_string\"}}],\"inLanguage\":\"ru-RU\"}]}<\/script>\n<!-- \/ Yoast SEO plugin. -->","yoast_head_json":{"title":"Silt\u0101s gr\u012bdas - Baltmeistars","robots":{"index":"index","follow":"follow","max-snippet":"max-snippet:-1","max-image-preview":"max-image-preview:large","max-video-preview":"max-video-preview:-1"},"canonical":"https:\/\/baltmeistars.lv\/ru\/siltas-gridas\/","og_locale":"ru_RU","og_type":"article","og_title":"Silt\u0101s gr\u012bdas - Baltmeistars","og_description":"God\u0101tie klienti, Viens no priv\u0101tm\u0101jas apkures elementiem ir apsildam\u0101s gr\u012bdas. Praks\u0113 tiek izmantoti divi apsild\u0101mo gr\u012bdu ier\u012bko\u0161anas veidi \u2013 elektrisk\u0101 un \u016bdens apsild\u0101m\u0101 gr\u012bda. Elektriski apslisdam\u0101s gr\u012bdas elementi tiek kl\u0101ti uz meln\u0101s gr\u012bdas, tie tiek piesl\u0113gti pie str\u0101vas padeves avota, tiek uzst\u0101d\u012bta temperat\u016bras r\u0101d\u012bt\u0101js, kur\u0161 kontrol\u0113 gr\u012bdas apsildes darbu, un pa virsu tiek kl\u0101ts betons [&hellip;] Las\u012bt vair\u0101k","og_url":"https:\/\/baltmeistars.lv\/ru\/siltas-gridas\/","og_site_name":"Baltmeistars","article_modified_time":"2025-02-20T08:52:31+00:00","og_image":[{"url":"https:\/\/baltmeistars.lv\/wp-content\/uploads\/2025\/02\/siltas-gridas-as-Smart-Object-1.jpg","type":"","width":"","height":""}],"twitter_card":"summary_large_image","twitter_misc":{"\u041f\u0440\u0438\u043c\u0435\u0440\u043d\u043e\u0435 \u0432\u0440\u0435\u043c\u044f \u0434\u043b\u044f \u0447\u0442\u0435\u043d\u0438\u044f":"2 \u043c\u0438\u043d\u0443\u0442\u044b"},"schema":{"@context":"https:\/\/schema.org","@graph":[{"@type":"WebPage","@id":"https:\/\/baltmeistars.lv\/siltas-gridas\/","url":"https:\/\/baltmeistars.lv\/siltas-gridas\/","name":"Silt\u0101s gr\u012bdas - Baltmeistars","isPartOf":{"@id":"https:\/\/baltmeistars.lv\/lv\/#website"},"primaryImageOfPage":{"@id":"https:\/\/baltmeistars.lv\/siltas-gridas\/#primaryimage"},"image":{"@id":"https:\/\/baltmeistars.lv\/siltas-gridas\/#primaryimage"},"thumbnailUrl":"https:\/\/baltmeistars.lv\/wp-content\/uploads\/2025\/02\/siltas-gridas-as-Smart-Object-1.jpg","datePublished":"2021-02-28T11:27:27+00:00","dateModified":"2025-02-20T08:52:31+00:00","breadcrumb":{"@id":"https:\/\/baltmeistars.lv\/siltas-gridas\/#breadcrumb"},"inLanguage":"ru-RU","potentialAction":[{"@type":"ReadAction","target":["https:\/\/baltmeistars.lv\/siltas-gridas\/"]}]},{"@type":"ImageObject","inLanguage":"ru-RU","@id":"https:\/\/baltmeistars.lv\/siltas-gridas\/#primaryimage","url":"https:\/\/baltmeistars.lv\/wp-content\/uploads\/2025\/02\/siltas-gridas-as-Smart-Object-1.jpg","contentUrl":"https:\/\/baltmeistars.lv\/wp-content\/uploads\/2025\/02\/siltas-gridas-as-Smart-Object-1.jpg"},{"@type":"BreadcrumbList","@id":"https:\/\/baltmeistars.lv\/siltas-gridas\/#breadcrumb","itemListElement":[{"@type":"ListItem","position":1,"name":"Home","item":"https:\/\/baltmeistars.lv\/lv\/"},{"@type":"ListItem","position":2,"name":"Silt\u0101s gr\u012bdas"}]},{"@type":"WebSite","@id":"https:\/\/baltmeistars.lv\/lv\/#website","url":"https:\/\/baltmeistars.lv\/lv\/","name":"Baltmeistars","description":"Celtniec\u012bbas nozare","alternateName":"Baltmeistars.lv","potentialAction":[{"@type":"SearchAction","target":{"@type":"EntryPoint","urlTemplate":"https:\/\/baltmeistars.lv\/lv\/?s={search_term_string}"},"query-input":{"@type":"PropertyValueSpecification","valueRequired":true,"valueName":"search_term_string"}}],"inLanguage":"ru-RU"}]}},"_links":{"self":[{"href":"https:\/\/baltmeistars.lv\/ru\/wp-json\/wp\/v2\/pages\/6832","targetHints":{"allow":["GET"]}}],"collection":[{"href":"https:\/\/baltmeistars.lv\/ru\/wp-json\/wp\/v2\/pages"}],"about":[{"href":"https:\/\/baltmeistars.lv\/ru\/wp-json\/wp\/v2\/types\/page"}],"author":[{"embeddable":true,"href":"https:\/\/baltmeistars.lv\/ru\/wp-json\/wp\/v2\/users\/1"}],"replies":[{"embeddable":true,"href":"https:\/\/baltmeistars.lv\/ru\/wp-json\/wp\/v2\/comments?post=6832"}],"version-history":[{"count":5,"href":"https:\/\/baltmeistars.lv\/ru\/wp-json\/wp\/v2\/pages\/6832\/revisions"}],"predecessor-version":[{"id":7297,"href":"https:\/\/baltmeistars.lv\/ru\/wp-json\/wp\/v2\/pages\/6832\/revisions\/7297"}],"wp:attachment":[{"href":"https:\/\/baltmeistars.lv\/ru\/wp-json\/wp\/v2\/media?parent=6832"}],"curies":[{"name":"wp","href":"https:\/\/api.w.org\/{rel}","templated":true}]}}