{"id":6834,"date":"2021-02-28T13:27:53","date_gmt":"2021-02-28T11:27:53","guid":{"rendered":"https:\/\/devilsecure.com\/?page_id=6834"},"modified":"2025-02-20T10:27:07","modified_gmt":"2025-02-20T08:27:07","slug":"objektu-nodosana-ekspluatacija","status":"publish","type":"page","link":"https:\/\/baltmeistars.lv\/ru\/objektu-nodosana-ekspluatacija\/","title":{"rendered":"\u042d\u043a\u0441\u043f\u043b\u0443\u0430\u0442\u0430\u0446\u0438\u044f"},"content":{"rendered":"<p>\u0423\u0432\u0430\u0436\u0430\u0435\u043c\u044b\u0439 \u043a\u043b\u0438\u0435\u043d\u0442,<\/p>\n\n\n\n<p>\u0427\u0442\u043e\u0431\u044b \u0441\u0442\u0430\u0442\u044c \u043f\u043e\u043b\u043d\u043e\u043f\u0440\u0430\u0432\u043d\u044b\u043c \u0441\u043e\u0431\u0441\u0442\u0432\u0435\u043d\u043d\u0438\u043a\u043e\u043c \u0441\u0432\u043e\u0435\u0439 \u043d\u0435\u0434\u0432\u0438\u0436\u0438\u043c\u043e\u0441\u0442\u0438, \u043f\u0435\u0440\u0432\u043e\u0435 \u0438 \u0441\u0430\u043c\u043e\u0435 \u0433\u043b\u0430\u0432\u043d\u043e\u0435 \u0443\u0441\u043b\u043e\u0432\u0438\u0435-\u044d\u0442\u043e \u043d\u0430\u043b\u0438\u0447\u0438\u0435 \u0434\u043e\u043a\u0443\u043c\u0435\u043d\u0442\u0430 \u043e \u043f\u0440\u0430\u0432\u0435 \u0432\u043b\u0430\u0434\u0435\u043d\u0438\u044f \u0438 \u0441\u043e\u0431\u0441\u0442\u0432\u0435\u043d\u043d\u043e \u0434\u043e\u043a\u0443\u043c\u0435\u043d\u0442\u0430 \u0441\u0430\u043c\u043e\u0439 \u0441\u043e\u0431\u0441\u0442\u0432\u0435\u043d\u043d\u043e\u0441\u0442\u0438, \u0447\u0435\u043c \u0432\u044b \u0432\u043b\u0430\u0434\u0435\u0435\u0442\u0435. \u042d\u0442\u043e \u043c\u043e\u0436\u0435\u0442 \u0431\u044b\u0442\u044c \u0434\u043e\u043c, \u0433\u0430\u0440\u0430\u0436, \u0441\u0430\u0440\u0430\u0439, \u0431\u0430\u043d\u044f. \u0414\u043b\u044f \u044d\u0442\u043e\u0433\u043e \u043d\u0435\u043e\u0431\u0445\u043e\u0434\u0438\u043c\u0430 \u0437\u0430\u043f\u0438\u0441\u044c \u0432 \u0437\u0435\u043c\u0435\u043b\u044c\u043d\u043e\u0439 \u043a\u043d\u0438\u0433\u0435 \u0441 \u0443\u043d\u0438\u043a\u0430\u043b\u044c\u043d\u044b\u043c \u043a\u0430\u0434\u0430\u0441\u0442\u0440\u043e\u0432\u044b\u043c \u043d\u043e\u043c\u0435\u0440\u043e\u043c, \u043f\u043e\u0434\u0442\u0432\u0435\u0440\u0436\u0434\u0430\u044e\u0449\u0430\u044f \u0441\u0442\u0430\u0442\u0443\u0441 \u0441\u0442\u0440\u043e\u0435\u043d\u0438\u044f.<\/p>\n\n\n\n<p>\u0414\u043b\u044f \u043f\u043e\u0434\u0442\u0432\u0435\u0440\u0436\u0434\u0435\u043d\u0438\u044f \u0441\u0442\u0430\u0442\u0443\u0441\u0430 \u0441\u0442\u0440\u043e\u0435\u043d\u0438\u044f \u043d\u0435\u043e\u0431\u0445\u043e\u0434\u0438\u043c\u043e<\/p>\n\n\n\n<ul class=\"wp-block-list\">\n<li>\u0420\u0430\u0437\u0440\u0430\u0431\u043e\u0442\u0430\u0442\u044c \u043f\u0440\u043e\u0435\u043a\u0442\u043d\u0443\u044e \u0434\u043e\u043a\u0443\u043c\u0435\u043d\u0442\u0430\u0446\u0438\u044e<\/li>\n\n\n\n<li>\u041f\u043e\u043b\u0443\u0447\u0438\u0442\u044c \u0440\u0430\u0437\u0440\u0435\u0448\u0435\u043d\u0438\u0435 \u043d\u0430 \u0441\u0442\u0440\u043e\u0438\u0442\u0435\u043b\u044c\u0441\u0442\u0432\u043e<\/li>\n\n\n\n<li>\u041f\u043e\u0441\u0442\u0440\u043e\u0438\u0442\u044c \u044d\u0442\u043e\u0442 \u043e\u0431\u044a\u0435\u043a\u0442<\/li>\n\n\n\n<li>\u0421\u0434\u0430\u0442\u044c \u0435\u0433\u043e \u0432 \u044d\u043a\u0441\u043f\u043b\u0443\u0430\u0442\u0430\u0446\u0438\u044e<\/li>\n<\/ul>\n\n\n\n<p>\u041f\u0440\u043e\u0446\u0435\u0441\u0441 \u0441\u043b\u043e\u0436\u043d\u044b\u0439, \u0434\u043e\u0440\u043e\u0433\u043e\u0441\u0442\u043e\u044f\u0449\u0438\u0439 \u0438 \u0437\u0430\u043d\u0438\u043c\u0430\u044e\u0449\u0438\u0439 \u043d\u0435\u043c\u0430\u043b\u043e \u0432\u0440\u0435\u043c\u0435\u043d\u0438. \u041f\u0440\u043e\u0435\u043a\u0442\u043d\u0430\u044f \u0434\u043e\u043a\u0443\u043c\u0435\u043d\u0442\u0430\u0446\u0438\u044f \u0440\u0430\u0437\u0440\u0430\u0431\u0430\u0442\u044b\u0432\u0430\u0435\u0442\u0441\u044f \u0441\u0435\u0440\u0442\u0438\u0444\u0438\u0446\u0438\u0440\u043e\u0432\u0430\u043d\u043d\u044b\u043c \u0430\u0440\u0445\u0438\u0442\u0435\u043a\u0442\u043e\u0440\u043e\u043c \u0438 \u0441\u043e\u0441\u0442\u043e\u0438\u0442 \u0438\u0437 \u043d\u0435\u0441\u043a\u043e\u043b\u044c\u043a\u0438\u0445 \u0447\u0430\u0441\u0442\u0435\u0439, \u0432 \u0440\u0430\u0437\u0440\u0430\u0431\u043e\u0442\u043a\u0435 \u043a\u043e\u0442\u043e\u0440\u044b\u0445 \u043f\u0440\u0438\u043d\u0438\u043c\u0430\u044e\u0442 \u0443\u0447\u0430\u0441\u0442\u0438\u0435 \u0442\u0430\u043a\u0436\u0435 \u0441\u0435\u0440\u0442\u0438\u0444\u0438\u0446\u0438\u0440\u043e\u0432\u0430\u043d\u043d\u044b\u0435 \u0441\u043f\u0435\u0446\u0438\u0430\u043b\u0438\u0441\u0442\u044b, \u043a\u043e\u0442\u043e\u0440\u044b\u0435 \u0433\u0430\u0440\u0430\u043d\u0442\u0438\u0440\u0443\u044e\u0442 \u043a\u0430\u0447\u0435\u0441\u0442\u0432\u043e \u0438\u0441\u043f\u043e\u043b\u043d\u0435\u043d\u0438\u044f \u043f\u0440\u043e\u0435\u043a\u0442\u043d\u043e\u0439 \u0434\u043e\u043a\u0443\u043c\u0435\u043d\u0442\u0430\u0446\u0438\u0438 \u0438 \u0434\u043e\u0432\u0435\u0434\u0435\u043d\u0438\u044f \u043f\u0440\u043e\u0446\u0435\u0441\u0441\u0430 \u0434\u043e \u043f\u043e\u043b\u0443\u0447\u0435\u043d\u0438\u044f \u0440\u0430\u0437\u0440\u0435\u0448\u0435\u043d\u0438\u044f \u043d\u0430 \u0441\u0442\u0440\u043e\u0438\u0442\u0435\u043b\u044c\u0441\u0442\u0432\u043e.<\/p>\n\n\n\n<p>\u0422\u0430\u043a \u0432\u044b\u0433\u043b\u044f\u0434\u0438\u0442 \u043f\u0440\u043e\u0446\u0435\u0441\u0441 \u043f\u0440\u043e\u0435\u043a\u0442\u0438\u0440\u043e\u0432\u0430\u043d\u0438\u044f \u0438 \u043f\u043e\u0434\u0433\u043e\u0442\u043e\u0432\u043a\u0438 \u043a \u043d\u0430\u0447\u0430\u043b\u0443 \u0441\u0442\u0440\u043e\u0438\u0442\u0435\u043b\u044c\u043d\u044b\u0445 \u0440\u0430\u0431\u043e\u0442<\/p>\n\n\n\n<ul class=\"wp-block-list\">\n<li>\u2022\t\u0422\u043e\u043f\u043e\u0433\u0440\u0430\u0444\u0438\u044f<\/li>\n\n\n\n<li>\u2022\t\u0413\u0435\u043e\u043b\u043e\u0433\u0438\u044f<\/li>\n\n\n\n<li>\u2022\t\u0413\u0435\u043d\u0435\u0440\u0430\u043b\u044c\u043d\u044b\u0439 \u043f\u043b\u0430\u043d<\/li>\n\n\n\n<li>\u2022\t\u0410\u0440\u0445\u0438\u0442\u0435\u043a\u0442\u0443\u0440\u043d\u044b\u0439 \u043f\u0440\u043e\u0435\u043a\u0442<\/li>\n\n\n\n<li>\u2022\t\u041a\u043e\u043d\u0441\u0442\u0440\u0443\u043a\u0442\u0438\u0432\u043d\u0430 \u0447\u0430\u0441\u0442\u044c<\/li>\n\n\n\n<li>\u2022\t\u0421\u043e\u0433\u043b\u0430\u0441\u043e\u0432\u0430\u043d\u0438\u0435 \u0441\u043e \u0441\u0442\u0440\u043e\u0439\u0443\u043f\u0440\u0430\u0432\u043e\u0439<\/li>\n\n\n\n<li>\u2022\t\u041f\u043e\u043b\u0443\u0447\u0435\u043d\u0438\u0435 \u0440\u0430\u0437\u0440\u0435\u0448\u0435\u043d\u0438\u044f \u043d\u0430 \u0441\u0442\u0440\u043e\u0438\u0442\u0435\u043b\u044c\u0441\u0442\u0432\u043e<\/li>\n<\/ul>\n\n\n\n<p>\u041f\u043e\u0441\u043b\u0435 \u043e\u043a\u043e\u043d\u0447\u0430\u043d\u0438\u044f \u0441\u0442\u0440\u043e\u0438\u0442\u0435\u043b\u044c\u043d\u044b\u0445 \u0440\u0430\u0431\u043e\u0442, \u043e\u0441\u0442\u0430\u0451\u0442\u0441\u044f \u043f\u043e\u0441\u043b\u0435\u0434\u043d\u0438\u0439 \u044d\u0442\u0430\u043f \u2013 \u0441\u0434\u0430\u0447\u0430 \u0412\u0430\u0448\u0435\u0433\u043e \u043e\u0431\u044a\u0435\u043a\u0442\u0430 \u0432 \u044d\u043a\u0441\u043f\u043b\u0443\u0430\u0442\u0430\u0446\u0438\u044e.<\/p>\n\n\n\n<p>\u041a\u043e\u043d\u0441\u0443\u043b\u044c\u0442\u0430\u0446\u0438\u0438 \u0438 \u043f\u043e\u0434\u0433\u043e\u0442\u043e\u0432\u043a\u0430 \u043f\u043b\u0430\u043d\u0430 \u0434\u0435\u0439\u0441\u0442\u0432\u0438\u0439 \u043f\u043e \u0432\u0432\u043e\u0434\u0443 \u0437\u0434\u0430\u043d\u0438\u0439 \u0432 \u044d\u043a\u0441\u043f\u043b\u0443\u0430\u0442\u0430\u0446\u0438\u044e \u0438 \u0443\u043f\u0440\u0430\u0432\u043b\u0435\u043d\u0438\u0435 \u043f\u043e\u043b\u043d\u043e\u0433\u043e \u043f\u0440\u043e\u0446\u0435\u0441\u0441 \u0432\u0432\u043e\u0434\u0430 \u0432 \u044d\u043a\u0441\u043f\u043b\u0443\u0430\u0442\u0430\u0446\u0438\u044e \u0438 \u0432\u0441\u0435\u0433\u043e, \u0447\u0442\u043e \u0441 \u044d\u0442\u0438\u043c \u0441\u0432\u044f\u0437\u0430\u043d\u043e \u0432 \u0421\u0438\u0433\u0443\u043b\u0434\u0435, \u0418\u043d\u0447\u0443\u043a\u0430\u043b\u043d\u0441\u0435 \u0438 \u0420\u0438\u0436\u0441\u043a\u043e\u043c \u0440\u0430\u0439\u043e\u043d\u0435.<\/p>","protected":false},"excerpt":{"rendered":"<p>God\u0101tie klienti! Lai k\u013c\u016btu par pilnties\u012bgu sava \u012bpa\u0161uma \u012bpa\u0161nieku, pirmais un galvenais nosac\u012bjums ir ieg\u016bt sav\u0101 r\u012bc\u012bb\u0101 dokumentu, kur\u0161 aplciena J\u016bsu \u012bpa\u0161umties\u012bbas. T\u0101 var b\u016bt m\u0101ja, gar\u0101\u017ea, \u0161\u0137\u016bnis, saimniec\u012bbas \u0113ka vai pirts. \u012apa\u0161umu ir nepiecie\u0161ams re\u0123istr\u0113t Zemesgr\u0101mat\u0101, kur tam pie\u0161\u0137ir kadastr\u0101lo numuru, kas apliecina b\u016bves statusu Lau apliecin\u0101tu uzcelt\u0101 \u012bpa\u0161uma ofici\u0101lo statusu, Jums b\u016bs nepiecie\u0161ams <!-- more-link -->[&hellip;] <a href=\"https:\/\/baltmeistars.lv\/ru\/objektu-nodosana-ekspluatacija\/\" class=\"more more-link\">Las\u012bt vair\u0101k<\/a><\/p>","protected":false},"author":1,"featured_media":0,"parent":0,"menu_order":0,"comment_status":"closed","ping_status":"closed","template":"","meta":{"_acf_changed":false,"footnotes":""},"class_list":["post-6834","page","type-page","status-publish","hentry"],"acf":[],"yoast_head":"<!-- This site is optimized with the Yoast SEO plugin v24.5 - https:\/\/yoast.com\/wordpress\/plugins\/seo\/ -->\n<title>Ekspluat\u0101cija - Baltmeistars<\/title>\n<meta name=\"robots\" content=\"index, follow, max-snippet:-1, max-image-preview:large, max-video-preview:-1\" \/>\n<link rel=\"canonical\" href=\"https:\/\/baltmeistars.lv\/ru\/objektu-nodosana-ekspluatacija\/\" \/>\n<meta property=\"og:locale\" content=\"ru_RU\" \/>\n<meta property=\"og:type\" content=\"article\" \/>\n<meta property=\"og:title\" content=\"Ekspluat\u0101cija - Baltmeistars\" \/>\n<meta property=\"og:description\" content=\"God\u0101tie klienti! Lai k\u013c\u016btu par pilnties\u012bgu sava \u012bpa\u0161uma \u012bpa\u0161nieku, pirmais un galvenais nosac\u012bjums ir ieg\u016bt sav\u0101 r\u012bc\u012bb\u0101 dokumentu, kur\u0161 aplciena J\u016bsu \u012bpa\u0161umties\u012bbas. T\u0101 var b\u016bt m\u0101ja, gar\u0101\u017ea, \u0161\u0137\u016bnis, saimniec\u012bbas \u0113ka vai pirts. \u012apa\u0161umu ir nepiecie\u0161ams re\u0123istr\u0113t Zemesgr\u0101mat\u0101, kur tam pie\u0161\u0137ir kadastr\u0101lo numuru, kas apliecina b\u016bves statusu Lau apliecin\u0101tu uzcelt\u0101 \u012bpa\u0161uma ofici\u0101lo statusu, Jums b\u016bs nepiecie\u0161ams [&hellip;] Las\u012bt vair\u0101k\" \/>\n<meta property=\"og:url\" content=\"https:\/\/baltmeistars.lv\/ru\/objektu-nodosana-ekspluatacija\/\" \/>\n<meta property=\"og:site_name\" content=\"Baltmeistars\" \/>\n<meta property=\"article:modified_time\" content=\"2025-02-20T08:27:07+00:00\" \/>\n<meta name=\"twitter:card\" content=\"summary_large_image\" \/>\n<meta name=\"twitter:label1\" content=\"\u041f\u0440\u0438\u043c\u0435\u0440\u043d\u043e\u0435 \u0432\u0440\u0435\u043c\u044f \u0434\u043b\u044f \u0447\u0442\u0435\u043d\u0438\u044f\" \/>\n\t<meta name=\"twitter:data1\" content=\"1 \u043c\u0438\u043d\u0443\u0442\u0430\" \/>\n<script type=\"application\/ld+json\" class=\"yoast-schema-graph\">{\"@context\":\"https:\/\/schema.org\",\"@graph\":[{\"@type\":\"WebPage\",\"@id\":\"https:\/\/baltmeistars.lv\/objektu-nodosana-ekspluatacija\/\",\"url\":\"https:\/\/baltmeistars.lv\/objektu-nodosana-ekspluatacija\/\",\"name\":\"Ekspluat\u0101cija - Baltmeistars\",\"isPartOf\":{\"@id\":\"https:\/\/baltmeistars.lv\/lv\/#website\"},\"datePublished\":\"2021-02-28T11:27:53+00:00\",\"dateModified\":\"2025-02-20T08:27:07+00:00\",\"breadcrumb\":{\"@id\":\"https:\/\/baltmeistars.lv\/objektu-nodosana-ekspluatacija\/#breadcrumb\"},\"inLanguage\":\"ru-RU\",\"potentialAction\":[{\"@type\":\"ReadAction\",\"target\":[\"https:\/\/baltmeistars.lv\/objektu-nodosana-ekspluatacija\/\"]}]},{\"@type\":\"BreadcrumbList\",\"@id\":\"https:\/\/baltmeistars.lv\/objektu-nodosana-ekspluatacija\/#breadcrumb\",\"itemListElement\":[{\"@type\":\"ListItem\",\"position\":1,\"name\":\"Home\",\"item\":\"https:\/\/baltmeistars.lv\/lv\/\"},{\"@type\":\"ListItem\",\"position\":2,\"name\":\"Ekspluat\u0101cija\"}]},{\"@type\":\"WebSite\",\"@id\":\"https:\/\/baltmeistars.lv\/lv\/#website\",\"url\":\"https:\/\/baltmeistars.lv\/lv\/\",\"name\":\"Baltmeistars\",\"description\":\"Celtniec\u012bbas nozare\",\"alternateName\":\"Baltmeistars.lv\",\"potentialAction\":[{\"@type\":\"SearchAction\",\"target\":{\"@type\":\"EntryPoint\",\"urlTemplate\":\"https:\/\/baltmeistars.lv\/lv\/?s={search_term_string}\"},\"query-input\":{\"@type\":\"PropertyValueSpecification\",\"valueRequired\":true,\"valueName\":\"search_term_string\"}}],\"inLanguage\":\"ru-RU\"}]}<\/script>\n<!-- \/ Yoast SEO plugin. -->","yoast_head_json":{"title":"Ekspluat\u0101cija - Baltmeistars","robots":{"index":"index","follow":"follow","max-snippet":"max-snippet:-1","max-image-preview":"max-image-preview:large","max-video-preview":"max-video-preview:-1"},"canonical":"https:\/\/baltmeistars.lv\/ru\/objektu-nodosana-ekspluatacija\/","og_locale":"ru_RU","og_type":"article","og_title":"Ekspluat\u0101cija - Baltmeistars","og_description":"God\u0101tie klienti! Lai k\u013c\u016btu par pilnties\u012bgu sava \u012bpa\u0161uma \u012bpa\u0161nieku, pirmais un galvenais nosac\u012bjums ir ieg\u016bt sav\u0101 r\u012bc\u012bb\u0101 dokumentu, kur\u0161 aplciena J\u016bsu \u012bpa\u0161umties\u012bbas. T\u0101 var b\u016bt m\u0101ja, gar\u0101\u017ea, \u0161\u0137\u016bnis, saimniec\u012bbas \u0113ka vai pirts. \u012apa\u0161umu ir nepiecie\u0161ams re\u0123istr\u0113t Zemesgr\u0101mat\u0101, kur tam pie\u0161\u0137ir kadastr\u0101lo numuru, kas apliecina b\u016bves statusu Lau apliecin\u0101tu uzcelt\u0101 \u012bpa\u0161uma ofici\u0101lo statusu, Jums b\u016bs nepiecie\u0161ams [&hellip;] Las\u012bt vair\u0101k","og_url":"https:\/\/baltmeistars.lv\/ru\/objektu-nodosana-ekspluatacija\/","og_site_name":"Baltmeistars","article_modified_time":"2025-02-20T08:27:07+00:00","twitter_card":"summary_large_image","twitter_misc":{"\u041f\u0440\u0438\u043c\u0435\u0440\u043d\u043e\u0435 \u0432\u0440\u0435\u043c\u044f \u0434\u043b\u044f \u0447\u0442\u0435\u043d\u0438\u044f":"1 \u043c\u0438\u043d\u0443\u0442\u0430"},"schema":{"@context":"https:\/\/schema.org","@graph":[{"@type":"WebPage","@id":"https:\/\/baltmeistars.lv\/objektu-nodosana-ekspluatacija\/","url":"https:\/\/baltmeistars.lv\/objektu-nodosana-ekspluatacija\/","name":"Ekspluat\u0101cija - Baltmeistars","isPartOf":{"@id":"https:\/\/baltmeistars.lv\/lv\/#website"},"datePublished":"2021-02-28T11:27:53+00:00","dateModified":"2025-02-20T08:27:07+00:00","breadcrumb":{"@id":"https:\/\/baltmeistars.lv\/objektu-nodosana-ekspluatacija\/#breadcrumb"},"inLanguage":"ru-RU","potentialAction":[{"@type":"ReadAction","target":["https:\/\/baltmeistars.lv\/objektu-nodosana-ekspluatacija\/"]}]},{"@type":"BreadcrumbList","@id":"https:\/\/baltmeistars.lv\/objektu-nodosana-ekspluatacija\/#breadcrumb","itemListElement":[{"@type":"ListItem","position":1,"name":"Home","item":"https:\/\/baltmeistars.lv\/lv\/"},{"@type":"ListItem","position":2,"name":"Ekspluat\u0101cija"}]},{"@type":"WebSite","@id":"https:\/\/baltmeistars.lv\/lv\/#website","url":"https:\/\/baltmeistars.lv\/lv\/","name":"Baltmeistars","description":"Celtniec\u012bbas nozare","alternateName":"Baltmeistars.lv","potentialAction":[{"@type":"SearchAction","target":{"@type":"EntryPoint","urlTemplate":"https:\/\/baltmeistars.lv\/lv\/?s={search_term_string}"},"query-input":{"@type":"PropertyValueSpecification","valueRequired":true,"valueName":"search_term_string"}}],"inLanguage":"ru-RU"}]}},"_links":{"self":[{"href":"https:\/\/baltmeistars.lv\/ru\/wp-json\/wp\/v2\/pages\/6834","targetHints":{"allow":["GET"]}}],"collection":[{"href":"https:\/\/baltmeistars.lv\/ru\/wp-json\/wp\/v2\/pages"}],"about":[{"href":"https:\/\/baltmeistars.lv\/ru\/wp-json\/wp\/v2\/types\/page"}],"author":[{"embeddable":true,"href":"https:\/\/baltmeistars.lv\/ru\/wp-json\/wp\/v2\/users\/1"}],"replies":[{"embeddable":true,"href":"https:\/\/baltmeistars.lv\/ru\/wp-json\/wp\/v2\/comments?post=6834"}],"version-history":[{"count":7,"href":"https:\/\/baltmeistars.lv\/ru\/wp-json\/wp\/v2\/pages\/6834\/revisions"}],"predecessor-version":[{"id":7280,"href":"https:\/\/baltmeistars.lv\/ru\/wp-json\/wp\/v2\/pages\/6834\/revisions\/7280"}],"wp:attachment":[{"href":"https:\/\/baltmeistars.lv\/ru\/wp-json\/wp\/v2\/media?parent=6834"}],"curies":[{"name":"wp","href":"https:\/\/api.w.org\/{rel}","templated":true}]}}