{"id":6836,"date":"2021-02-28T13:28:11","date_gmt":"2021-02-28T11:28:11","guid":{"rendered":"https:\/\/devilsecure.com\/?page_id=6836"},"modified":"2025-02-20T10:32:41","modified_gmt":"2025-02-20T08:32:41","slug":"jaunbuves","status":"publish","type":"page","link":"https:\/\/baltmeistars.lv\/ru\/jaunbuves\/","title":{"rendered":"\u041d\u043e\u0432\u043e\u0441\u0442\u0440\u043e\u0439\u043a\u0438"},"content":{"rendered":"<p>\u0423\u0432\u0430\u0436\u0430\u0435\u043c\u044b\u0435 \u043a\u043b\u0438\u0435\u043d\u0442\u044b,<\/p>\n\n\n\n<p>\u041f\u043e\u0441\u043b\u0435 \u0437\u0430\u0432\u0435\u0440\u0448\u0435\u043d\u0438\u044f \u0441\u0442\u0440\u043e\u0438\u0442\u0435\u043b\u044c\u043d\u044b\u0445 \u0440\u0430\u0431\u043e\u0442, \u043e\u0441\u0442\u0430\u0451\u0442\u0441\u044f \u043e\u0434\u0438\u043d \u0432\u0430\u0436\u043d\u044b\u0439 \u044d\u0442\u0430\u043f \u0432 \u0438\u0441\u0442\u043e\u0440\u0438\u0438 \u0441\u0442\u0440\u043e\u0438\u0442\u0435\u043b\u044c\u0441\u0442\u0432\u0430 \u0412\u0430\u0448\u0435\u0433\u043e \u0434\u043e\u043c\u0430 \u2013 \u0441\u0434\u0430\u0447\u0430 \u043e\u0431\u044a\u0435\u043a\u0442\u0430 \u0432 \u044d\u043a\u0441\u043f\u043b\u0443\u0430\u0442\u0430\u0446\u0438\u044e. \u0415\u0441\u043b\u0438 \u0412\u044b \u043f\u0440\u043e\u0435\u043a\u0442\u0438\u0440\u043e\u0432\u0430\u043b\u0438 \u0438 \u0441\u0442\u0440\u043e\u0438\u043b\u0438 \u043d\u043e\u0432\u044b\u0439 \u0434\u043e\u043c \u0438\u043b\u0438 \u043e\u0441\u0443\u0449\u0435\u0441\u0442\u0432\u043b\u044f\u043b\u0438 \u043f\u0440\u043e\u0435\u043a\u0442 \u0440\u0430\u0441\u0448\u0438\u0440\u0435\u043d\u0438\u044f \u0434\u043e\u043c\u0430 \u0438 \u0432\u0441\u0435 \u0440\u0430\u0431\u043e\u0442\u044b \u0431\u044b\u043b\u0438 \u043f\u0440\u043e\u0438\u0437\u0432\u0435\u0434\u0435\u043d\u044b \u0441\u043e\u0433\u043b\u0430\u0441\u043d\u043e \u0442\u0435\u0445\u043d\u0438\u0447\u0435\u0441\u043a\u043e\u0439 \u043f\u0440\u043e\u0435\u043a\u0442\u043d\u043e\u0439 \u0434\u043e\u043a\u0443\u043c\u0435\u043d\u0442\u0430\u0446\u0438\u0438, \u0442\u043e \u0443 \u0412\u0430\u0441 \u043d\u0435 \u0432\u043e\u0437\u043d\u0438\u043a\u043d\u0435\u0442 \u043f\u0440\u043e\u0431\u043b\u0435\u043c \u0441\u043e \u0441\u0434\u0430\u0447\u0435\u0439 \u0441\u0432\u043e\u0435\u0433\u043e \u0441\u0442\u0440\u043e\u0435\u043d\u0438\u044f \u0432 \u044d\u043a\u0441\u043f\u043b\u0443\u0430\u0442\u0430\u0446\u0438\u044e.<\/p>\n\n\n\n<p>\u0414\u043b\u044f \u043f\u0440\u0438\u043d\u044f\u0442\u0438\u044f \u0441\u0442\u0440\u043e\u0435\u043d\u0438\u044f \u0432 \u044d\u043a\u0441\u043f\u043b\u0443\u0430\u0442\u0430\u0446\u0438\u044e \u0412\u0430\u043c \u043d\u0435\u043e\u0431\u0445\u043e\u0434\u0438\u043c\u043e \u0441\u043e\u0431\u0440\u0430\u0442\u044c \u0441\u043b\u0435\u0434\u0443\u044e\u0449\u0438\u0439 \u043f\u0430\u043a\u0435\u0442 \u0434\u043e\u043a\u0443\u043c\u0435\u043d\u0442\u043e\u0432 \u0434\u043b\u044f \u0441\u0442\u0440\u043e\u0438\u0442\u0435\u043b\u044c\u043d\u043e\u0439 \u0443\u043f\u0440\u0430\u0432\u044b \u0412\u0430\u0448\u0435\u0433\u043e \u0440\u0435\u0433\u0438\u043e\u043d\u0430<\/p>\n\n\n\n<ul class=\"wp-block-list\">\n<li>\u0421\u0432\u0438\u0434\u0435\u0442\u0435\u043b\u044c\u0441\u0442\u0432\u043e \u043e \u0433\u043e\u0442\u043e\u0432\u043d\u043e\u0441\u0442\u0438 \u0437\u0434\u0430\u043d\u0438\u044f , \u0434\u043e\u043a\u0443\u043c\u0435\u043d\u0442 \u0437\u0430\u043f\u043e\u043b\u043d\u044f\u0435\u0442\u0441\u044f \u0432\u043c\u0435\u0441\u0442\u0435 \u0441\u043e \u0441\u0442\u0440\u043e\u0438\u0442\u0435\u043b\u044c\u043d\u044b\u043c \u0438\u043d\u0441\u043f\u0435\u043a\u0442\u043e\u0440\u043e\u043c<\/li>\n\n\n\n<li>\u041a\u0430\u0434\u0430\u0441\u0442\u0440\u043e\u0432\u043e\u0435 \u0434\u0435\u043b\u043e, \u0434\u043e\u043a\u0443\u043c\u0435\u043d\u0442 \u0437\u0430\u043a\u0430\u0437\u044b\u0432\u0430\u0435\u0442\u0441\u044f \u0432 \u0433\u043e\u0441\u0443\u0434\u0430\u0440\u0441\u0442\u0432\u0435\u043d\u043d\u043e\u0439 \u0437\u0435\u043c\u0435\u043b\u044c\u043d\u043e\u0439 \u0441\u043b\u0443\u0436\u0431\u0435<\/li>\n\n\n\n<li>\u0418\u0441\u043f\u043e\u043b\u043d\u0438\u0442\u0435\u043b\u044c\u043d\u044b\u0439 \u043f\u043b\u0430\u043d, \u043f\u043e\u0434\u0442\u0432\u0435\u0440\u0436\u0434\u0451\u043d\u043d\u044b\u0439 \u0446\u0435\u043d\u0442\u0440\u043e\u043c \u0433\u0435\u043e\u0434\u0435\u0437\u0438\u0447\u0435\u0441\u043a\u0438\u0445 \u0434\u0430\u043d\u043d\u044b\u0445<\/li>\n\n\n\n<li>\u0417\u0430\u043a\u043b\u044e\u0447\u0435\u043d\u0438\u0435 \u0441\u0435\u0440\u0442\u0438\u0444\u0438\u0446\u0438\u0440\u043e\u0432\u0430\u043d\u043d\u043e\u0433\u043e \u0442\u0440\u0443\u0431\u043e\u0447\u0438\u0441\u0442\u0430 \u043e \u0441\u043e\u0441\u0442\u043e\u044f\u043d\u0438\u0438 \u0434\u044b\u043c\u043e\u0445\u043e\u0434\u0430<\/li>\n\n\n\n<li>\u0417\u0430\u043a\u043b\u044e\u0447\u0435\u043d\u0438\u0435 \u0441\u0435\u0440\u0442\u0438\u0444\u0438\u0446\u0438\u0440\u043e\u0432\u0430\u043d\u043d\u043e\u0433\u043e \u044d\u043b\u0435\u043a\u0442\u0440\u0438\u043a\u0430 \u043e \u0441\u043e\u043e\u0442\u0432\u0435\u0442\u0441\u0442\u0432\u0438\u0438 \u044d\u043b\u0435\u043a\u0442\u0440\u043e\u0438\u043d\u0441\u0442\u0430\u043b\u044f\u0446\u0438\u0438 \u043d\u043e\u0440\u043c\u0435<\/li>\n\n\n\n<li>\u0412\u0440\u0435\u043c\u0435\u043d\u043d\u044b\u0439 \u0441\u0435\u0440\u0442\u0438\u0444\u0438\u043a\u0430\u0442 \u044d\u043d\u0435\u0440\u0433\u043e\u044d\u0444\u0435\u043a\u0442\u0438\u0432\u043d\u043e\u0441\u0442\u0438 \u0437\u0434\u0430\u043d\u0438\u044f<\/li>\n\n\n\n<li>\u0417\u0430\u043f\u043e\u043b\u043d\u0435\u043d\u043d\u043e\u0435 \u0437\u0430\u044f\u0432\u043b\u0435\u043d\u0438\u0435 \u043e \u0440\u0435\u0433\u0438\u0441\u0442\u0440\u0430\u0446\u0438\u0438 \u0434\u0435\u0446\u0435\u043d\u0442\u0440\u0430\u043b\u0438\u0437\u043e\u0432\u0430\u043d\u043d\u043e\u0439 \u043a\u0430\u043d\u0430\u043b\u0438\u0437\u0430\u0446\u0438\u0438 , \u043e\u0442\u043d\u043e\u0441\u0438\u0442\u0441\u044f \u043a \u0437\u0434\u0430\u043d\u0438\u044f\u043c \u043d\u0435 \u043f\u043e\u0434\u043a\u043b\u044e\u0447\u0451\u043d\u043d\u044b\u043c \u043a \u0441\u0438\u0441\u0442\u0435\u043c\u0435 \u0446\u0435\u043d\u0442\u0440\u0430\u043b\u044c\u043d\u043e\u0439 \u043a\u0430\u043d\u0430\u043b\u0438\u0437\u0430\u0446\u0438\u0438<\/li>\n\n\n\n<li>\u041d\u0430 \u0437\u0434\u0430\u043d\u0438\u0438 \u0434\u043e\u043b\u0436\u043d\u0430 \u0431\u044b\u0442\u044c \u0443\u0441\u0442\u0430\u043d\u043e\u0432\u043b\u0435\u043d\u0430 \u0442\u0430\u0431\u043b\u0438\u0447\u043a\u0430 \u0441 \u043d\u043e\u043c\u0435\u0440\u043e\u043c \u0438\u043b\u0438 \u043d\u0430\u0437\u0432\u0430\u043d\u0438\u0435\u043c \u0434\u043e\u043c\u0430, \u0444\u043b\u0430\u0433\u0448\u0442\u043e\u043a \u0438 \u043f\u043e\u0447\u0442\u043e\u0432\u044b\u0439 \u044f\u0449\u0438\u043a<\/li>\n\n\n\n<li>\u041f\u0440\u0438 \u043f\u043e\u0434\u0430\u0447\u0435 \u0437\u0430\u044f\u0432\u043b\u0435\u043d\u0438\u044f \u043d\u0435\u043e\u0431\u0445\u043e\u0434\u0438\u043c\u043e \u0443\u043f\u043b\u0430\u0442\u0438\u0442\u044c \u0433\u043e\u0441\u043f\u043e\u0448\u043b\u0438\u043d\u0443<\/li>\n<\/ul>\n\n\n\n<p>\u0421\u043e\u0431\u0440\u0430\u0432 \u0432\u0441\u0435 \u043d\u0435\u043e\u0431\u0445\u043e\u0434\u0438\u043c\u044b\u0435 \u0434\u043e\u043a\u0443\u043c\u0435\u043d\u0442\u044b, \u043f\u043e\u0434\u0430\u0451\u0442\u0435 \u0438\u0445 \u0432 \u0441\u0442\u0440\u043e\u0439 \u0443\u043f\u0440\u0430\u0432\u0443 \u0438 \u043f\u043e\u0441\u043b\u0435 \u043f\u0440\u0438\u043d\u044f\u0442\u0438\u044f \u0441\u0442\u0440\u043e\u0435\u043d\u0438\u044f \u0432 \u044d\u043a\u0441\u043f\u043b\u0443\u0430\u0442\u0430\u0446\u0438\u044e, \u0412\u0430\u043c \u0432\u044b\u0434\u0430\u044e\u0442 \u043f\u043e\u0434\u0442\u0432\u0435\u0440\u0436\u0434\u0430\u044e\u0449\u0438\u0439 \u0434\u043e\u043a\u0443\u043c\u0435\u043d\u0442. \u041d\u0430 \u043e\u0441\u043d\u043e\u0432\u0435 \u044d\u0442\u043e\u0433\u043e \u0434\u043e\u043a\u0443\u043c\u0435\u043d\u0442\u0430 \u0443 \u043d\u043e\u0442\u0430\u0440\u0438\u0443\u0441\u0430 \u0441\u043e\u0441\u0442\u0430\u0432\u043b\u044f\u0435\u0442\u0441\u044f \u043f\u0440\u043e\u0448\u0435\u043d\u0438\u0435 \u043e \u0437\u0430\u043d\u0435\u0441\u0435\u043d\u0438\u0438 \u0434\u0430\u043d\u043d\u044b\u0445 \u0432 \u0433\u043e\u0441\u0443\u0434\u0430\u0440\u0441\u0442\u0432\u0435\u043d\u043d\u044b\u0439 \u0440\u0435\u0433\u0438\u0441\u0442\u0440, \u0430 \u0437\u0430\u0442\u0435\u043c \u0432\u044b \u043f\u043e\u043b\u0443\u0447\u0430\u0435\u0442\u0435 \u043d\u043e\u0432\u0443\u044e \u0437\u0435\u043c\u0435\u043b\u044c\u043d\u0443\u044e \u043a\u043d\u0438\u0433\u0443 \u0441 \u0434\u0430\u043d\u043d\u044b\u043c\u0438 \u043e \u0432\u043d\u0435\u0441\u0435\u043d\u0438\u0438 \u0412\u0430\u0448\u0435\u0433\u043e \u0434\u043e\u043c\u0430 \u0432 \u0433\u043e\u0441\u0443\u0434\u0430\u0440\u0441\u0442\u0432\u0435\u043d\u043d\u044b\u0439 \u0440\u0435\u0435\u0441\u0442\u0440 \u0434\u0430\u043d\u043d\u044b\u0445 \u0438 \u043f\u0440\u0438\u0441\u0432\u043e\u0435\u043d\u043d\u044b\u043c \u043a\u0430\u0434\u0430\u0441\u0442\u0440\u043e\u0432\u044b\u043c \u043d\u043e\u043c\u0435\u0440\u043e\u043c.<\/p>\n\n\n\n<p>\u041a\u043e\u043d\u0441\u0443\u043b\u044c\u0442\u0430\u0446\u0438\u0438 \u0438 \u043f\u043e\u0434\u0433\u043e\u0442\u043e\u0432\u043a\u0430 \u043f\u043b\u0430\u043d\u0430 \u0434\u0435\u0439\u0441\u0442\u0432\u0438\u0439 \u043f\u043e \u0432\u0432\u043e\u0434\u0443 \u0437\u0434\u0430\u043d\u0438\u0439 \u0432 \u044d\u043a\u0441\u043f\u043b\u0443\u0430\u0442\u0430\u0446\u0438\u044e \u0438 \u0443\u043f\u0440\u0430\u0432\u043b\u0435\u043d\u0438\u0435 \u043f\u043e\u043b\u043d\u043e\u0433\u043e \u043f\u0440\u043e\u0446\u0435\u0441\u0441 \u0432\u0432\u043e\u0434\u0430 \u0432 \u044d\u043a\u0441\u043f\u043b\u0443\u0430\u0442\u0430\u0446\u0438\u044e \u0438 \u0432\u0441\u0435\u0433\u043e, \u0447\u0442\u043e \u0441 \u044d\u0442\u0438\u043c \u0441\u0432\u044f\u0437\u0430\u043d\u043e \u0432 \u0421\u0438\u0433\u0443\u043b\u0434\u0435, \u0418\u043d\u0447\u0443\u043a\u0430\u043b\u043d\u0441\u0435 \u0438 \u0420\u0438\u0436\u0441\u043a\u043e\u043c \u0440\u0430\u0439\u043e\u043d\u0435.<\/p>","protected":false},"excerpt":{"rendered":"<p>God\u0101tie klienti, P\u0113c celtniec\u012bbas darbu pabeig\u0161anas, atliek v\u0113l viens svar\u012bgs etaps&nbsp; J\u016bsu m\u0101jas cletniec\u012bbas v\u0113stur\u0113 \u2013 objekta nodo\u0161ana ekspluat\u0101cij\u0101.Ja J\u016bs izstr\u0101d\u0101j\u0101t projektu un veic\u0101t jaunas m\u0101jas buvniec\u012bbu vai ar\u012b \u012bstenoj\u0101t m\u0101jas p\u0101rb\u016bves projektu un visi darbi tika veikti saska\u0146\u0101 ar projekta dokumentaciju, tad Jums nerad\u012bsies nek\u0101di sarez\u0123\u012bjumi objekta nodo\u0161an\u0101 ekspluat\u0101cij\u0101. Lai nodotu m\u0101ju ekspluat\u0101cij\u0101 Jums <!-- more-link -->[&hellip;] <a href=\"https:\/\/baltmeistars.lv\/ru\/jaunbuves\/\" class=\"more more-link\">Las\u012bt vair\u0101k<\/a><\/p>","protected":false},"author":1,"featured_media":0,"parent":0,"menu_order":0,"comment_status":"closed","ping_status":"closed","template":"","meta":{"_acf_changed":false,"footnotes":""},"class_list":["post-6836","page","type-page","status-publish","hentry"],"acf":[],"yoast_head":"<!-- This site is optimized with the Yoast SEO plugin v24.5 - https:\/\/yoast.com\/wordpress\/plugins\/seo\/ -->\n<title>Jaunb\u016bves - Baltmeistars<\/title>\n<meta name=\"robots\" content=\"index, follow, max-snippet:-1, max-image-preview:large, max-video-preview:-1\" \/>\n<link rel=\"canonical\" href=\"https:\/\/baltmeistars.lv\/ru\/jaunbuves\/\" \/>\n<meta property=\"og:locale\" content=\"ru_RU\" \/>\n<meta property=\"og:type\" content=\"article\" \/>\n<meta property=\"og:title\" content=\"Jaunb\u016bves - Baltmeistars\" \/>\n<meta property=\"og:description\" content=\"God\u0101tie klienti, P\u0113c celtniec\u012bbas darbu pabeig\u0161anas, atliek v\u0113l viens svar\u012bgs etaps&nbsp; J\u016bsu m\u0101jas cletniec\u012bbas v\u0113stur\u0113 \u2013 objekta nodo\u0161ana ekspluat\u0101cij\u0101.Ja J\u016bs izstr\u0101d\u0101j\u0101t projektu un veic\u0101t jaunas m\u0101jas buvniec\u012bbu vai ar\u012b \u012bstenoj\u0101t m\u0101jas p\u0101rb\u016bves projektu un visi darbi tika veikti saska\u0146\u0101 ar projekta dokumentaciju, tad Jums nerad\u012bsies nek\u0101di sarez\u0123\u012bjumi objekta nodo\u0161an\u0101 ekspluat\u0101cij\u0101. Lai nodotu m\u0101ju ekspluat\u0101cij\u0101 Jums [&hellip;] Las\u012bt vair\u0101k\" \/>\n<meta property=\"og:url\" content=\"https:\/\/baltmeistars.lv\/ru\/jaunbuves\/\" \/>\n<meta property=\"og:site_name\" content=\"Baltmeistars\" \/>\n<meta property=\"article:modified_time\" content=\"2025-02-20T08:32:41+00:00\" \/>\n<meta name=\"twitter:card\" content=\"summary_large_image\" \/>\n<meta name=\"twitter:label1\" content=\"\u041f\u0440\u0438\u043c\u0435\u0440\u043d\u043e\u0435 \u0432\u0440\u0435\u043c\u044f \u0434\u043b\u044f \u0447\u0442\u0435\u043d\u0438\u044f\" \/>\n\t<meta name=\"twitter:data1\" content=\"1 \u043c\u0438\u043d\u0443\u0442\u0430\" \/>\n<script type=\"application\/ld+json\" class=\"yoast-schema-graph\">{\"@context\":\"https:\/\/schema.org\",\"@graph\":[{\"@type\":\"WebPage\",\"@id\":\"https:\/\/baltmeistars.lv\/jaunbuves\/\",\"url\":\"https:\/\/baltmeistars.lv\/jaunbuves\/\",\"name\":\"Jaunb\u016bves - Baltmeistars\",\"isPartOf\":{\"@id\":\"https:\/\/baltmeistars.lv\/lv\/#website\"},\"datePublished\":\"2021-02-28T11:28:11+00:00\",\"dateModified\":\"2025-02-20T08:32:41+00:00\",\"breadcrumb\":{\"@id\":\"https:\/\/baltmeistars.lv\/jaunbuves\/#breadcrumb\"},\"inLanguage\":\"ru-RU\",\"potentialAction\":[{\"@type\":\"ReadAction\",\"target\":[\"https:\/\/baltmeistars.lv\/jaunbuves\/\"]}]},{\"@type\":\"BreadcrumbList\",\"@id\":\"https:\/\/baltmeistars.lv\/jaunbuves\/#breadcrumb\",\"itemListElement\":[{\"@type\":\"ListItem\",\"position\":1,\"name\":\"Home\",\"item\":\"https:\/\/baltmeistars.lv\/lv\/\"},{\"@type\":\"ListItem\",\"position\":2,\"name\":\"Jaunb\u016bves\"}]},{\"@type\":\"WebSite\",\"@id\":\"https:\/\/baltmeistars.lv\/lv\/#website\",\"url\":\"https:\/\/baltmeistars.lv\/lv\/\",\"name\":\"Baltmeistars\",\"description\":\"Celtniec\u012bbas nozare\",\"alternateName\":\"Baltmeistars.lv\",\"potentialAction\":[{\"@type\":\"SearchAction\",\"target\":{\"@type\":\"EntryPoint\",\"urlTemplate\":\"https:\/\/baltmeistars.lv\/lv\/?s={search_term_string}\"},\"query-input\":{\"@type\":\"PropertyValueSpecification\",\"valueRequired\":true,\"valueName\":\"search_term_string\"}}],\"inLanguage\":\"ru-RU\"}]}<\/script>\n<!-- \/ Yoast SEO plugin. -->","yoast_head_json":{"title":"Jaunb\u016bves - Baltmeistars","robots":{"index":"index","follow":"follow","max-snippet":"max-snippet:-1","max-image-preview":"max-image-preview:large","max-video-preview":"max-video-preview:-1"},"canonical":"https:\/\/baltmeistars.lv\/ru\/jaunbuves\/","og_locale":"ru_RU","og_type":"article","og_title":"Jaunb\u016bves - Baltmeistars","og_description":"God\u0101tie klienti, P\u0113c celtniec\u012bbas darbu pabeig\u0161anas, atliek v\u0113l viens svar\u012bgs etaps&nbsp; J\u016bsu m\u0101jas cletniec\u012bbas v\u0113stur\u0113 \u2013 objekta nodo\u0161ana ekspluat\u0101cij\u0101.Ja J\u016bs izstr\u0101d\u0101j\u0101t projektu un veic\u0101t jaunas m\u0101jas buvniec\u012bbu vai ar\u012b \u012bstenoj\u0101t m\u0101jas p\u0101rb\u016bves projektu un visi darbi tika veikti saska\u0146\u0101 ar projekta dokumentaciju, tad Jums nerad\u012bsies nek\u0101di sarez\u0123\u012bjumi objekta nodo\u0161an\u0101 ekspluat\u0101cij\u0101. Lai nodotu m\u0101ju ekspluat\u0101cij\u0101 Jums [&hellip;] Las\u012bt vair\u0101k","og_url":"https:\/\/baltmeistars.lv\/ru\/jaunbuves\/","og_site_name":"Baltmeistars","article_modified_time":"2025-02-20T08:32:41+00:00","twitter_card":"summary_large_image","twitter_misc":{"\u041f\u0440\u0438\u043c\u0435\u0440\u043d\u043e\u0435 \u0432\u0440\u0435\u043c\u044f \u0434\u043b\u044f \u0447\u0442\u0435\u043d\u0438\u044f":"1 \u043c\u0438\u043d\u0443\u0442\u0430"},"schema":{"@context":"https:\/\/schema.org","@graph":[{"@type":"WebPage","@id":"https:\/\/baltmeistars.lv\/jaunbuves\/","url":"https:\/\/baltmeistars.lv\/jaunbuves\/","name":"Jaunb\u016bves - Baltmeistars","isPartOf":{"@id":"https:\/\/baltmeistars.lv\/lv\/#website"},"datePublished":"2021-02-28T11:28:11+00:00","dateModified":"2025-02-20T08:32:41+00:00","breadcrumb":{"@id":"https:\/\/baltmeistars.lv\/jaunbuves\/#breadcrumb"},"inLanguage":"ru-RU","potentialAction":[{"@type":"ReadAction","target":["https:\/\/baltmeistars.lv\/jaunbuves\/"]}]},{"@type":"BreadcrumbList","@id":"https:\/\/baltmeistars.lv\/jaunbuves\/#breadcrumb","itemListElement":[{"@type":"ListItem","position":1,"name":"Home","item":"https:\/\/baltmeistars.lv\/lv\/"},{"@type":"ListItem","position":2,"name":"Jaunb\u016bves"}]},{"@type":"WebSite","@id":"https:\/\/baltmeistars.lv\/lv\/#website","url":"https:\/\/baltmeistars.lv\/lv\/","name":"Baltmeistars","description":"Celtniec\u012bbas nozare","alternateName":"Baltmeistars.lv","potentialAction":[{"@type":"SearchAction","target":{"@type":"EntryPoint","urlTemplate":"https:\/\/baltmeistars.lv\/lv\/?s={search_term_string}"},"query-input":{"@type":"PropertyValueSpecification","valueRequired":true,"valueName":"search_term_string"}}],"inLanguage":"ru-RU"}]}},"_links":{"self":[{"href":"https:\/\/baltmeistars.lv\/ru\/wp-json\/wp\/v2\/pages\/6836","targetHints":{"allow":["GET"]}}],"collection":[{"href":"https:\/\/baltmeistars.lv\/ru\/wp-json\/wp\/v2\/pages"}],"about":[{"href":"https:\/\/baltmeistars.lv\/ru\/wp-json\/wp\/v2\/types\/page"}],"author":[{"embeddable":true,"href":"https:\/\/baltmeistars.lv\/ru\/wp-json\/wp\/v2\/users\/1"}],"replies":[{"embeddable":true,"href":"https:\/\/baltmeistars.lv\/ru\/wp-json\/wp\/v2\/comments?post=6836"}],"version-history":[{"count":4,"href":"https:\/\/baltmeistars.lv\/ru\/wp-json\/wp\/v2\/pages\/6836\/revisions"}],"predecessor-version":[{"id":7286,"href":"https:\/\/baltmeistars.lv\/ru\/wp-json\/wp\/v2\/pages\/6836\/revisions\/7286"}],"wp:attachment":[{"href":"https:\/\/baltmeistars.lv\/ru\/wp-json\/wp\/v2\/media?parent=6836"}],"curies":[{"name":"wp","href":"https:\/\/api.w.org\/{rel}","templated":true}]}}