{"id":6838,"date":"2021-02-28T13:28:41","date_gmt":"2021-02-28T11:28:41","guid":{"rendered":"https:\/\/devilsecure.com\/?page_id=6838"},"modified":"2025-02-20T10:29:49","modified_gmt":"2025-02-20T08:29:49","slug":"esosas-buves-vasarnicas-pirtis-skuni","status":"publish","type":"page","link":"https:\/\/baltmeistars.lv\/ru\/esosas-buves-vasarnicas-pirtis-skuni\/","title":{"rendered":"\u0414\u0430\u0447\u043d\u044b\u0435 \u0434\u043e\u043c\u0430, \u0431\u0430\u043d\u0438, \u0445\u043e\u0437\u043f\u043e\u0441\u0442\u0440\u043e\u0439\u043a\u0438"},"content":{"rendered":"<p>\u0423\u0432\u0430\u0436\u0430\u0435\u043c\u044b\u0439 \u043a\u043b\u0438\u0435\u043d\u0442,<\/p>\n\n\n\n<p>&nbsp;\u041f\u0440\u043e\u0431\u043b\u0435\u043c\u043d\u0430\u044f \u043d\u0435\u0434\u0432\u0438\u0436\u0438\u043c\u043e\u0441\u0442\u044c, \u0441\u043e \u0441\u0434\u0430\u0447\u0435\u0439 \u0432 \u044d\u043a\u0441\u043f\u043b\u0443\u0430\u0442\u0430\u0446\u0438\u044e \u043a\u043e\u0442\u043e\u0440\u043e\u0439, \u043c\u043e\u0433\u0443\u0442 \u0432\u043e\u0437\u043d\u0438\u043a\u043d\u0443\u0442\u044c \u0441\u043b\u043e\u0436\u043d\u043e\u0441\u0442\u0438 \u0432\u044b\u0433\u043b\u044f\u0434\u0438\u0442 \u0442\u0430\u043a<\/p>\n\n\n\n<ul class=\"wp-block-list\">\n<li>\u0112kas vai t\u0101m piegu\u013co\u0161\u0101s \u0113kas\/pieb\u016bves. Kuras ir tiku\u0161as uzceltas vair\u0101k k\u0101 pirms 8 gadiem, pamatojoties uz reiz izstr\u0101d\u0101tu un apstiprin\u0101tu projektu, ta\u010du b\u016bvat\u013cauja nav tikusi pagarin\u0101ta un nav veikta nek\u0101da komunik\u0101cija ar attiec\u012bg\u0101s pa\u0161vald\u012bbas b\u016bvvaldi<\/li>\n\n\n\n<li>Vasarn\u012bcas un d\u0101rza m\u0101jas. Ar t\u0101m piegu\u013co\u0161\u0101m celtn\u0113m, kuras celtas vair\u0101k k\u0101 pirms 10-20 gadiem, pamatojoties uz reiz izstr\u0101d\u0101tu un apstiprin\u0101tu projektu, un v\u0113l\u0101k gadu gait\u0101 tiku\u0161as rekonstru\u0113tas, p\u0101rb\u016bv\u0113tas vai papla\u0161in\u0101tas, ne\u0146emot v\u0113r\u0101 sp\u0113k\u0101 eso\u0161\u0101s celtniec\u012bbas normas un noteikumus<\/li>\n\n\n\n<li>Vasarn\u012bcas un d\u0101rza m\u0101jas. Ar t\u0101m piegu\u013co\u0161\u0101m celtn\u0113m, kas cetas bez jebk\u0101das attiec\u012bgas dokument\u0101cijas un at\u013caujas (patva\u013c\u012bga b\u016bvniec\u012bba)<\/li>\n<\/ul>\n\n\n\n<p>Liel\u0101k\u0101 da\u013ca \u0161\u0101du objektu atrodas biju\u0161aj\u0101s vai joproj\u0101m eso\u0161aj\u0101s D\u0101rzkop\u012bbas sabiedr\u012bb\u0101s, piem. Siguldas un In\u010dukalna pa\u0161vald\u012bbas p\u0101rvald\u012bb\u0101 eso\u0161\u0101 Eg\u013cup\u0113; D\/S Alla\u017ei; D\/S Draudz\u012bba; D\/S K\u013cavas.&nbsp; Liel\u0101k\u0101 da\u013ca celtniec\u012bbas \u0161eit tika uzs\u0101kta jau 80-gados. Da\u013cu no objektiem veido \u0113kas, kuras tika celtas l\u012bdz 2008. Gada kr\u012bzei<\/p>\n\n\n\n<p>Ar ko tad n\u0101ksies saskarties \u0161\u0101du nekustamo \u012bpa\u0161umu pirc\u0113jiem. Ko zaud\u0113 vai ar k\u0101d\u0101m probl\u0113m\u0101m saskaras to \u012bpa\u0161nieki, v\u0113loties p\u0101rdot tos?<\/p>\n\n\n\n<ul class=\"wp-block-list\">\n<li>\u041f\u0440\u0438\u043e\u0431\u0440\u0435\u0442\u0430\u0442\u044c \u0443\u0447\u0430\u0441\u0442\u043e\u043a \u0437\u0435\u043c\u043b\u0438 \u0441 \u043f\u043e\u0441\u0442\u0440\u043e\u0435\u043d\u043d\u044b\u043c\u0438 \u043d\u043e \u043d\u0435 \u0441\u0434\u0430\u043d\u043d\u044b\u043c\u0438 \u0432 \u044d\u043a\u0441\u043f\u043b\u0443\u0430\u0442\u0430\u0446\u0438\u044e \u0441\u0442\u0440\u043e\u0435\u043d\u0438\u044f\u043c\u0438 \u0440\u0430\u0432\u043d\u043e\u0441\u0438\u043b\u044c\u043d\u043e \u043f\u043e\u043a\u0443\u043f\u043a\u0435 \u043a\u043e\u0442\u0430 \u0432 \u043c\u0435\u0448\u043a\u0435. \u0412 \u0434\u0430\u043d\u043d\u043e\u043c \u0441\u043b\u0443\u0447\u0430\u0435 \u043d\u0435 \u0438\u043c\u0435\u0435\u0442 \u0437\u043d\u0430\u0447\u0435\u043d\u0438\u044f \u043a\u043e\u0433\u0434\u0430, \u043a\u0430\u043a \u0438 \u043d\u0430\u0441\u043a\u043e\u043b\u044c\u043a\u043e \u0437\u0430\u043a\u043e\u043d\u043d\u043e \u0431\u044b\u043b\u043e \u0441\u0442\u0440\u043e\u0438\u0442\u0435\u043b\u044c\u0441\u0442\u0432\u043e, \u0432\u0435\u0440\u043e\u044f\u0442\u043d\u043e \u0432\u043e\u0437\u043c\u043e\u0436\u043d\u043e \u0431\u0443\u0434\u0435\u0442 \u0441\u0434\u0430\u0442\u044c \u044d\u0442\u0438 \u0441\u0442\u0440\u043e\u0435\u043d\u0438\u044f \u0432 \u044d\u043a\u0441\u043f\u043b\u0443\u0430\u0442\u0430\u0446\u0438\u044e, \u043d\u043e \u0446\u0435\u043d\u0430 \u0432\u043e\u043f\u0440\u043e\u0441\u0430 \u0431\u0443\u0434\u0435\u0442 \u043e\u0433\u0440\u043e\u043c\u043d\u043e\u0439. \u0411\u044b\u043b\u0438 \u0441\u043b\u0443\u0447\u0430\u0438, \u043a\u043e\u0433\u0434\u0430 \u043d\u043e\u0432\u044b\u0435 \u0432\u043b\u0430\u0434\u0435\u043b\u044c\u0446\u044b \u0442\u0430\u043a\u0438\u0445 \u0432\u043b\u0430\u0434\u0435\u043d\u0438\u0439, \u0431\u044b\u043b\u0438 \u0432\u044b\u043d\u0443\u0436\u0434\u0435\u043d\u044b \u0441\u043d\u0435\u0441\u0442\u0438 \u0432\u0441\u0435 \u0441\u0442\u0440\u043e\u0435\u043d\u0438\u044f \u0438 \u043d\u0430\u0447\u0430\u0442\u044c \u0432\u0441\u044e \u043f\u0440\u043e\u0446\u0435\u0434\u0443\u0440\u0443 \u0440\u0430\u0437\u0440\u0430\u0431\u043e\u0442\u043a\u0438 \u043f\u0440\u043e\u0435\u043a\u0442\u0430 \u0438 \u0441\u0442\u0440\u043e\u0438\u0442\u0435\u043b\u044c\u0441\u0442\u0432\u0430 \u0421\u0432\u043e\u0435\u0433\u043e \u0434\u043e\u043c\u0430 \u0437\u0430\u043d\u043e\u0432\u043e. \u041f\u0435\u0440\u0435\u0434 \u043e\u0444\u0438\u0446\u0438\u0430\u043b\u044c\u043d\u044b\u043c \u043f\u0440\u0438\u043d\u044f\u0442\u0438\u0435\u043c \u0432 \u044d\u043a\u0441\u043f\u043b\u0443\u0430\u0442\u0430\u0446\u0438\u044e \u0441\u0442\u0440\u043e\u0435\u043d\u0438\u044f, \u0441\u0442\u0440\u043e\u0438\u0442\u0435\u043b\u044c\u043d\u044b\u0439 \u0438\u043d\u0441\u043f\u0435\u043a\u0442\u043e\u0440 \u043f\u0440\u0438\u0435\u0437\u0436\u0430\u0435\u0442 \u043d\u0430 \u0442\u0435\u0440\u0440\u0438\u0442\u043e\u0440\u0438\u044e \u0437\u0430\u0441\u0442\u0440\u043e\u0439\u043a\u0438 \u0438 \u043b\u0438\u0447\u043d\u043e \u043f\u0440\u043e\u0432\u0435\u0440\u044f\u0435\u0442 \u0433\u043e\u0442\u043e\u0432\u043d\u043e\u0441\u0442\u044c \u043e\u0431\u044a\u0435\u043a\u0442\u0430 \u043a \u0441\u0434\u0430\u0447\u0435 \u0432 \u044d\u043a\u0441\u043f\u043b\u0443\u0430\u0442\u0430\u0446\u0438\u044e. \u0414\u0430\u0436\u0435 \u043d\u0435 \u0437\u043d\u0430\u0447\u0438\u0442\u0435\u043b\u044c\u043d\u044b\u0435 \u0438\u0437\u043c\u0435\u043d\u0435\u043d\u0438\u044f \u0444\u0430\u0441\u0430\u0434\u043d\u043e\u0439 \u0447\u0430\u0441\u0442\u0438 \u0441\u0442\u0440\u043e\u0435\u043d\u0438\u044f \u043e\u0442\u043d\u043e\u0441\u0438\u0442\u0435\u043b\u044c\u043d\u043e \u043f\u0440\u043e\u0435\u043a\u0442\u043d\u043e\u0439 \u0434\u043e\u043a\u0443\u043c\u0435\u043d\u0442\u0430\u0446\u0438\u0438, \u043c\u043e\u0433\u0443\u0442 \u043f\u0440\u0438\u043e\u0441\u0442\u0430\u043d\u043e\u0432\u0438\u0442\u044c \u043f\u0440\u043e\u0446\u0435\u0441\u0441 \u043f\u0440\u0438\u043d\u044f\u0442\u0438\u044f \u0432 \u044d\u043a\u0441\u043f\u043b\u0443\u0430\u0442\u0430\u0446\u0438\u044e. \u041f\u043e\u044d\u0442\u043e\u043c\u0443 \u043f\u0435\u0440\u0435\u0434 \u0440\u0430\u0441\u0441\u043c\u043e\u0442\u0440\u0435\u043d\u0438\u0435\u043c \u0432\u043e\u0437\u043c\u043e\u0436\u043d\u043e\u0441\u0442\u0438 \u043f\u043e\u043a\u0443\u043f\u043a\u0438 \u0442\u0430\u043a\u0438\u0445 \u043e\u0431\u044a\u0435\u043a\u0442\u043e\u0432 \u043d\u0435\u0434\u0432\u0438\u0436\u0438\u043c\u043e\u0441\u0442\u0438 \u043d\u0443\u0436\u043d\u043e \u043a\u043e\u043d\u0441\u0443\u043b\u044c\u0442\u0438\u0440\u043e\u0432\u0430\u0442\u044c\u0441\u044f \u0441\u043e \u0441\u043f\u0435\u0446\u0438\u0430\u043b\u0438\u0441\u0442\u043e\u043c \u043f\u043e \u044d\u0442\u0438\u043c \u0432\u043e\u043f\u0440\u043e\u0441\u0430\u043c<\/li>\n\n\n\n<li>\u041f\u0440\u043e\u0434\u0430\u0432\u0435\u0446 \u043f\u0440\u043e\u0431\u043b\u0435\u043c\u043d\u043e\u0439 \u043d\u0435\u0434\u0432\u0438\u0436\u0438\u043c\u043e\u0441\u0442\u0438, \u0441\u043e \u0441\u0432\u043e\u0435\u0439 \u0441\u0442\u043e\u0440\u043e\u043d\u044b \u043d\u0435 \u0441\u043c\u043e\u0436\u0435\u0442 \u043f\u043e\u043b\u0443\u0447\u0438\u0442\u044c \u0440\u0435\u0430\u043b\u044c\u043d\u0443\u044e \u0440\u044b\u043d\u043e\u0447\u043d\u0443\u044e \u0446\u0435\u043d\u0443 \u0437\u0430 \u0441\u0432\u043e\u0439 \u043e\u0431\u044a\u0435\u043a\u0442<\/li>\n<\/ul>\n\n\n\n<p>Diem\u017e\u0113l, j\u0101atz\u012bst, ka \u0113ku ekspluat\u0101cij\u0101 nodo\u0161anas noteikumi regul\u0101ri main\u0101s. Pras\u012bbas no b\u016bvvald\u0113m k\u013c\u016bst stingr\u0101kas, k\u0101 ar\u012b no gada uz gada pieaug \u012bpa\u0161uma nodok\u013ci. T\u0101d\u0113\u013c, jo agr\u0101k J\u016bs pie\u0146emsiet l\u0113mumu savu \u012bpa\u0161umu legaliz\u0113t, jo, iesp\u0113jams, vienk\u0101r\u0161\u0101k, t\u0113r\u0113jot tam maz\u0101k naudas l\u012bdzek\u013cu un laika, b\u016bs iesp\u0113ja to izdar\u012bt<\/p>\n\n\n\n<p>\u041a\u043e\u043d\u0441\u0443\u043b\u044c\u0442\u0430\u0446\u0438\u0438 \u0438 \u043f\u043e\u0434\u0433\u043e\u0442\u043e\u0432\u043a\u0430 \u043f\u043b\u0430\u043d\u0430 \u0434\u0435\u0439\u0441\u0442\u0432\u0438\u0439 \u043f\u043e \u0432\u0432\u043e\u0434\u0443 \u0437\u0434\u0430\u043d\u0438\u0439 \u0432 \u044d\u043a\u0441\u043f\u043b\u0443\u0430\u0442\u0430\u0446\u0438\u044e \u0438 \u0443\u043f\u0440\u0430\u0432\u043b\u0435\u043d\u0438\u0435 \u043f\u043e\u043b\u043d\u043e\u0433\u043e \u043f\u0440\u043e\u0446\u0435\u0441\u0441 \u0432\u0432\u043e\u0434\u0430 \u0432 \u044d\u043a\u0441\u043f\u043b\u0443\u0430\u0442\u0430\u0446\u0438\u044e \u0438 \u0432\u0441\u0435\u0433\u043e, \u0447\u0442\u043e \u0441 \u044d\u0442\u0438\u043c \u0441\u0432\u044f\u0437\u0430\u043d\u043e \u0432 \u0421\u0438\u0433\u0443\u043b\u0434\u0435, \u0418\u043d\u0447\u0443\u043a\u0430\u043b\u043d\u0441\u0435 \u0438 \u0420\u0438\u0436\u0441\u043a\u043e\u043c \u0440\u0430\u0439\u043e\u043d\u0435.<\/p>","protected":false},"excerpt":{"rendered":"<p>God\u0101tie klienti! &nbsp;\u201cProblem\u0101tisks\u201d eso\u0161s nekustamais \u012bpa\u0161ums, ar kura nodo\u0161anu ekspluat\u0101cij\u0101 var rasties sare\u017e\u0123\u012bjumi, izskat\u0101s \u0161\u0101di: Liel\u0101k\u0101 da\u013ca \u0161\u0101du objektu atrodas biju\u0161aj\u0101s vai joproj\u0101m eso\u0161aj\u0101s D\u0101rzkop\u012bbas sabiedr\u012bb\u0101s, piem. Siguldas un In\u010dukalna pa\u0161vald\u012bbas p\u0101rvald\u012bb\u0101 eso\u0161\u0101 Eg\u013cup\u0113; D\/S Alla\u017ei; D\/S Draudz\u012bba; D\/S K\u013cavas.&nbsp; Liel\u0101k\u0101 da\u013ca celtniec\u012bbas \u0161eit tika uzs\u0101kta jau 80-gados. Da\u013cu no objektiem veido \u0113kas, kuras tika <!-- more-link -->[&hellip;] <a href=\"https:\/\/baltmeistars.lv\/ru\/esosas-buves-vasarnicas-pirtis-skuni\/\" class=\"more more-link\">Las\u012bt vair\u0101k<\/a><\/p>","protected":false},"author":1,"featured_media":0,"parent":0,"menu_order":0,"comment_status":"closed","ping_status":"closed","template":"","meta":{"_acf_changed":false,"footnotes":""},"class_list":["post-6838","page","type-page","status-publish","hentry"],"acf":[],"yoast_head":"<!-- This site is optimized with the Yoast SEO plugin v24.5 - https:\/\/yoast.com\/wordpress\/plugins\/seo\/ -->\n<title>Eso\u0161as b\u016bves, vasarn\u012bcas, pirtis, \u0161\u0137\u016b\u0146i - Baltmeistars<\/title>\n<meta name=\"robots\" content=\"index, follow, max-snippet:-1, max-image-preview:large, max-video-preview:-1\" \/>\n<link rel=\"canonical\" href=\"https:\/\/baltmeistars.lv\/ru\/esosas-buves-vasarnicas-pirtis-skuni\/\" \/>\n<meta property=\"og:locale\" content=\"ru_RU\" \/>\n<meta property=\"og:type\" content=\"article\" \/>\n<meta property=\"og:title\" content=\"Eso\u0161as b\u016bves, vasarn\u012bcas, pirtis, \u0161\u0137\u016b\u0146i - Baltmeistars\" \/>\n<meta property=\"og:description\" content=\"God\u0101tie klienti! &nbsp;\u201cProblem\u0101tisks\u201d eso\u0161s nekustamais \u012bpa\u0161ums, ar kura nodo\u0161anu ekspluat\u0101cij\u0101 var rasties sare\u017e\u0123\u012bjumi, izskat\u0101s \u0161\u0101di: Liel\u0101k\u0101 da\u013ca \u0161\u0101du objektu atrodas biju\u0161aj\u0101s vai joproj\u0101m eso\u0161aj\u0101s D\u0101rzkop\u012bbas sabiedr\u012bb\u0101s, piem. Siguldas un In\u010dukalna pa\u0161vald\u012bbas p\u0101rvald\u012bb\u0101 eso\u0161\u0101 Eg\u013cup\u0113; D\/S Alla\u017ei; D\/S Draudz\u012bba; D\/S K\u013cavas.&nbsp; Liel\u0101k\u0101 da\u013ca celtniec\u012bbas \u0161eit tika uzs\u0101kta jau 80-gados. Da\u013cu no objektiem veido \u0113kas, kuras tika [&hellip;] Las\u012bt vair\u0101k\" \/>\n<meta property=\"og:url\" content=\"https:\/\/baltmeistars.lv\/ru\/esosas-buves-vasarnicas-pirtis-skuni\/\" \/>\n<meta property=\"og:site_name\" content=\"Baltmeistars\" \/>\n<meta property=\"article:modified_time\" content=\"2025-02-20T08:29:49+00:00\" \/>\n<meta name=\"twitter:card\" content=\"summary_large_image\" \/>\n<meta name=\"twitter:label1\" content=\"\u041f\u0440\u0438\u043c\u0435\u0440\u043d\u043e\u0435 \u0432\u0440\u0435\u043c\u044f \u0434\u043b\u044f \u0447\u0442\u0435\u043d\u0438\u044f\" \/>\n\t<meta name=\"twitter:data1\" content=\"2 \u043c\u0438\u043d\u0443\u0442\u044b\" \/>\n<script type=\"application\/ld+json\" class=\"yoast-schema-graph\">{\"@context\":\"https:\/\/schema.org\",\"@graph\":[{\"@type\":\"WebPage\",\"@id\":\"https:\/\/baltmeistars.lv\/esosas-buves-vasarnicas-pirtis-skuni\/\",\"url\":\"https:\/\/baltmeistars.lv\/esosas-buves-vasarnicas-pirtis-skuni\/\",\"name\":\"Eso\u0161as b\u016bves, vasarn\u012bcas, pirtis, \u0161\u0137\u016b\u0146i - Baltmeistars\",\"isPartOf\":{\"@id\":\"https:\/\/baltmeistars.lv\/lv\/#website\"},\"datePublished\":\"2021-02-28T11:28:41+00:00\",\"dateModified\":\"2025-02-20T08:29:49+00:00\",\"breadcrumb\":{\"@id\":\"https:\/\/baltmeistars.lv\/esosas-buves-vasarnicas-pirtis-skuni\/#breadcrumb\"},\"inLanguage\":\"ru-RU\",\"potentialAction\":[{\"@type\":\"ReadAction\",\"target\":[\"https:\/\/baltmeistars.lv\/esosas-buves-vasarnicas-pirtis-skuni\/\"]}]},{\"@type\":\"BreadcrumbList\",\"@id\":\"https:\/\/baltmeistars.lv\/esosas-buves-vasarnicas-pirtis-skuni\/#breadcrumb\",\"itemListElement\":[{\"@type\":\"ListItem\",\"position\":1,\"name\":\"Home\",\"item\":\"https:\/\/baltmeistars.lv\/lv\/\"},{\"@type\":\"ListItem\",\"position\":2,\"name\":\"Eso\u0161as b\u016bves, vasarn\u012bcas, pirtis, \u0161\u0137\u016b\u0146i\"}]},{\"@type\":\"WebSite\",\"@id\":\"https:\/\/baltmeistars.lv\/lv\/#website\",\"url\":\"https:\/\/baltmeistars.lv\/lv\/\",\"name\":\"Baltmeistars\",\"description\":\"Celtniec\u012bbas nozare\",\"alternateName\":\"Baltmeistars.lv\",\"potentialAction\":[{\"@type\":\"SearchAction\",\"target\":{\"@type\":\"EntryPoint\",\"urlTemplate\":\"https:\/\/baltmeistars.lv\/lv\/?s={search_term_string}\"},\"query-input\":{\"@type\":\"PropertyValueSpecification\",\"valueRequired\":true,\"valueName\":\"search_term_string\"}}],\"inLanguage\":\"ru-RU\"}]}<\/script>\n<!-- \/ Yoast SEO plugin. -->","yoast_head_json":{"title":"Eso\u0161as b\u016bves, vasarn\u012bcas, pirtis, \u0161\u0137\u016b\u0146i - Baltmeistars","robots":{"index":"index","follow":"follow","max-snippet":"max-snippet:-1","max-image-preview":"max-image-preview:large","max-video-preview":"max-video-preview:-1"},"canonical":"https:\/\/baltmeistars.lv\/ru\/esosas-buves-vasarnicas-pirtis-skuni\/","og_locale":"ru_RU","og_type":"article","og_title":"Eso\u0161as b\u016bves, vasarn\u012bcas, pirtis, \u0161\u0137\u016b\u0146i - Baltmeistars","og_description":"God\u0101tie klienti! &nbsp;\u201cProblem\u0101tisks\u201d eso\u0161s nekustamais \u012bpa\u0161ums, ar kura nodo\u0161anu ekspluat\u0101cij\u0101 var rasties sare\u017e\u0123\u012bjumi, izskat\u0101s \u0161\u0101di: Liel\u0101k\u0101 da\u013ca \u0161\u0101du objektu atrodas biju\u0161aj\u0101s vai joproj\u0101m eso\u0161aj\u0101s D\u0101rzkop\u012bbas sabiedr\u012bb\u0101s, piem. Siguldas un In\u010dukalna pa\u0161vald\u012bbas p\u0101rvald\u012bb\u0101 eso\u0161\u0101 Eg\u013cup\u0113; D\/S Alla\u017ei; D\/S Draudz\u012bba; D\/S K\u013cavas.&nbsp; Liel\u0101k\u0101 da\u013ca celtniec\u012bbas \u0161eit tika uzs\u0101kta jau 80-gados. Da\u013cu no objektiem veido \u0113kas, kuras tika [&hellip;] Las\u012bt vair\u0101k","og_url":"https:\/\/baltmeistars.lv\/ru\/esosas-buves-vasarnicas-pirtis-skuni\/","og_site_name":"Baltmeistars","article_modified_time":"2025-02-20T08:29:49+00:00","twitter_card":"summary_large_image","twitter_misc":{"\u041f\u0440\u0438\u043c\u0435\u0440\u043d\u043e\u0435 \u0432\u0440\u0435\u043c\u044f \u0434\u043b\u044f \u0447\u0442\u0435\u043d\u0438\u044f":"2 \u043c\u0438\u043d\u0443\u0442\u044b"},"schema":{"@context":"https:\/\/schema.org","@graph":[{"@type":"WebPage","@id":"https:\/\/baltmeistars.lv\/esosas-buves-vasarnicas-pirtis-skuni\/","url":"https:\/\/baltmeistars.lv\/esosas-buves-vasarnicas-pirtis-skuni\/","name":"Eso\u0161as b\u016bves, vasarn\u012bcas, pirtis, \u0161\u0137\u016b\u0146i - Baltmeistars","isPartOf":{"@id":"https:\/\/baltmeistars.lv\/lv\/#website"},"datePublished":"2021-02-28T11:28:41+00:00","dateModified":"2025-02-20T08:29:49+00:00","breadcrumb":{"@id":"https:\/\/baltmeistars.lv\/esosas-buves-vasarnicas-pirtis-skuni\/#breadcrumb"},"inLanguage":"ru-RU","potentialAction":[{"@type":"ReadAction","target":["https:\/\/baltmeistars.lv\/esosas-buves-vasarnicas-pirtis-skuni\/"]}]},{"@type":"BreadcrumbList","@id":"https:\/\/baltmeistars.lv\/esosas-buves-vasarnicas-pirtis-skuni\/#breadcrumb","itemListElement":[{"@type":"ListItem","position":1,"name":"Home","item":"https:\/\/baltmeistars.lv\/lv\/"},{"@type":"ListItem","position":2,"name":"Eso\u0161as b\u016bves, vasarn\u012bcas, pirtis, \u0161\u0137\u016b\u0146i"}]},{"@type":"WebSite","@id":"https:\/\/baltmeistars.lv\/lv\/#website","url":"https:\/\/baltmeistars.lv\/lv\/","name":"Baltmeistars","description":"Celtniec\u012bbas nozare","alternateName":"Baltmeistars.lv","potentialAction":[{"@type":"SearchAction","target":{"@type":"EntryPoint","urlTemplate":"https:\/\/baltmeistars.lv\/lv\/?s={search_term_string}"},"query-input":{"@type":"PropertyValueSpecification","valueRequired":true,"valueName":"search_term_string"}}],"inLanguage":"ru-RU"}]}},"_links":{"self":[{"href":"https:\/\/baltmeistars.lv\/ru\/wp-json\/wp\/v2\/pages\/6838","targetHints":{"allow":["GET"]}}],"collection":[{"href":"https:\/\/baltmeistars.lv\/ru\/wp-json\/wp\/v2\/pages"}],"about":[{"href":"https:\/\/baltmeistars.lv\/ru\/wp-json\/wp\/v2\/types\/page"}],"author":[{"embeddable":true,"href":"https:\/\/baltmeistars.lv\/ru\/wp-json\/wp\/v2\/users\/1"}],"replies":[{"embeddable":true,"href":"https:\/\/baltmeistars.lv\/ru\/wp-json\/wp\/v2\/comments?post=6838"}],"version-history":[{"count":5,"href":"https:\/\/baltmeistars.lv\/ru\/wp-json\/wp\/v2\/pages\/6838\/revisions"}],"predecessor-version":[{"id":7281,"href":"https:\/\/baltmeistars.lv\/ru\/wp-json\/wp\/v2\/pages\/6838\/revisions\/7281"}],"wp:attachment":[{"href":"https:\/\/baltmeistars.lv\/ru\/wp-json\/wp\/v2\/media?parent=6838"}],"curies":[{"name":"wp","href":"https:\/\/api.w.org\/{rel}","templated":true}]}}