{"id":6840,"date":"2021-02-28T13:28:57","date_gmt":"2021-02-28T11:28:57","guid":{"rendered":"https:\/\/devilsecure.com\/?page_id=6840"},"modified":"2025-02-20T09:02:58","modified_gmt":"2025-02-20T07:02:58","slug":"mebelu-montazas","status":"publish","type":"page","link":"https:\/\/baltmeistars.lv\/ru\/mebelu-montazas\/","title":{"rendered":"\u041c\u043e\u043d\u0442\u0430\u0436 \u043c\u0435\u0431\u0435\u043b\u0438"},"content":{"rendered":"<p>\u0423\u0432\u0430\u0436\u0430\u0435\u043c\u044b\u0435 \u043a\u043b\u0438\u0435\u043d\u0442\u044b,<\/p>\n\n\n\n<p>\u041a\u0440\u0430\u0441\u0438\u0432\u0430, \u043d\u043e\u0432\u0430\u044f, \u044d\u0440\u0433\u043e\u043d\u043e\u043c\u0438\u0447\u043d\u0430\u044f \u043c\u0435\u0431\u0435\u043b\u044c \u0440\u0430\u0434\u0443\u0435\u0442 \u0438 \u0434\u0443\u0448\u0443 \u0438 \u0433\u043b\u0430\u0437. \u041d\u043e \u0438\u043d\u043e\u0433\u0434\u0430 \u043c\u044b \u0441\u0442\u0430\u043b\u043a\u0438\u0432\u0430\u0435\u043c\u0441\u044f \u0441 \u043f\u0440\u043e\u0431\u043b\u0435\u043c\u043e\u0439 \u0441\u0432\u044f\u0437\u0430\u043d\u043d\u043e\u0439 \u0441\u043e \u0441\u0431\u043e\u0440\u043a\u043e\u0439 \u0438 \u0432\u0441\u0442\u0440\u0430\u0438\u0432\u0430\u043d\u0438\u0435\u043c \u044d\u0442\u043e\u0439 \u043c\u0435\u0431\u0435\u043b\u0438. \u0412\u0435\u0434\u044c \u043d\u0435 \u0443 \u0432\u0441\u0435\u0445 \u0432 \u0445\u043e\u0437\u044f\u0439\u0441\u0442\u0432\u0435 \u0435\u0441\u0442\u044c \u043d\u0435\u043e\u0431\u0445\u043e\u0434\u0438\u043c\u043e\u0435 \u043a\u043e\u043b\u0438\u0447\u0435\u0441\u0442\u0432\u043e \u0438\u043d\u0441\u0442\u0440\u0443\u043c\u0435\u043d\u0442\u0430 \u0434\u043b\u044f \u0432\u044b\u043f\u043e\u043b\u043d\u0435\u043d\u0438\u044f \u0442\u0430\u043a\u0438\u0445 \u0440\u0430\u0431\u043e\u0442, \u0430 \u0438\u043d\u043e\u0433\u0434\u0430 \u043f\u0440\u043e\u0441\u0442\u043e \u043d\u0435 \u0445\u0432\u0430\u0442\u0430\u0435\u0442 \u0432\u0440\u0435\u043c\u0435\u043d\u0438.<\/p>\n\n\n\n<p>\u0422\u0435\u043c \u0431\u043e\u043b\u0435\u0435 \u0435\u0441\u043b\u0438 \u043d\u0443\u0436\u043d\u043e \u0443\u0441\u0442\u0430\u043d\u043e\u0432\u0438\u0442\u044c \u043a\u0443\u0445\u043e\u043d\u043d\u0443\u044e \u043c\u0435\u0431\u0435\u043b\u044c, \u0432\u044b\u0440\u0435\u0437\u0430\u0442\u044c \u043e\u0442\u0432\u0435\u0440\u0441\u0442\u0438\u044f \u0434\u043b\u044f \u0440\u0430\u043a\u043e\u0432\u0438\u043d\u044b, \u0433\u0430\u0437\u043e\u0432\u043e\u0439 \u0438\u043b\u0438 \u044d\u043b\u0435\u043a\u0442\u0440\u0438\u0447\u0435\u0441\u043a\u043e\u0439 \u043f\u043e\u0432\u0435\u0440\u0445\u043d\u043e\u0441\u0442\u0438 \u043f\u043b\u0438\u0442\u044b, \u043f\u0440\u043e\u0432\u0435\u0441\u0442\u0438 \u043a\u0430\u043d\u0430\u043b\u0438\u0437\u0430\u0446\u0438\u043e\u043d\u043d\u044b\u0435 \u0442\u0440\u0443\u0431\u044b, \u043f\u043e\u0434\u043a\u043b\u044e\u0447\u0438\u0442\u044c \u043f\u043e\u0441\u0443\u0434\u043e\u043c\u043e\u0435\u0447\u043d\u0443\u044e \u043c\u0430\u0448\u0438\u043d\u0443, \u0443\u0441\u0442\u0430\u043d\u043e\u0432\u0438\u0442\u044c \u0441\u043c\u0435\u0441\u0438\u0442\u0435\u043b\u044c \u0434\u043b\u044f \u0432\u043e\u0434\u044b, \u043f\u043e\u0434\u043a\u043b\u044e\u0447\u0438\u0442\u044c \u043b\u044d\u0434 \u043b\u0430\u043c\u043f\u043e\u0447\u043a\u0438 \u043f\u0440\u0438 \u043f\u043e\u043c\u043e\u0449\u0438 \u0442\u0440\u0430\u043d\u0441\u0444\u043e\u0440\u043c\u0430\u0442\u043e\u0440\u0430 \u043d\u0430\u043f\u0440\u044f\u0436\u0435\u043d\u0438\u044f.<\/p>\n\n\n\n<p>\u0421 \u043e\u0434\u043d\u043e\u0439 \u0441\u0442\u043e\u0440\u043e\u043d\u044b \u0442\u043e\u043b\u044c\u043a\u043e \u043a\u0443\u0445\u043e\u043d\u043d\u0430\u044f \u043c\u0435\u0431\u0435\u043b\u044c, \u043f\u0440\u043e\u0441\u0442\u044b\u0435 \u0448\u043a\u0430\u0444\u0447\u0438\u043a\u0438, \u0430 \u0441\u043a\u043e\u043b\u044c\u043a\u043e \u043a\u0432\u0430\u043b\u0438\u0444\u0438\u0446\u0438\u0440\u043e\u0432\u0430\u043d\u043d\u043e\u0439 \u0440\u0430\u0431\u043e\u0442\u044b \u043d\u0443\u0436\u043d\u043e \u0432\u044b\u043f\u043e\u043b\u043d\u0438\u0442\u044c \u0438 \u0432\u044b\u043f\u043e\u043b\u043d\u0438\u0442\u044c \u043d\u0430\u0434\u0451\u0436\u043d\u043e, \u0447\u0442\u043e\u0431\u044b \u043d\u043e\u0432\u0430\u044f \u043c\u0435\u0431\u0435\u043b\u044c \u0435\u0449\u0435 \u0434\u043e\u043b\u0433\u043e \u0440\u0430\u0434\u043e\u0432\u0430\u043b\u0430 \u0433\u043b\u0430\u0437 \u0438 \u0441\u043e\u0437\u0434\u0430\u0432\u0430\u043b\u0430 \u0443\u044e\u0442 \u0432 \u0412\u0430\u0448\u0435\u043c \u0434\u043e\u043c\u0435.<\/p>\n\n\n\n<p>\u041f\u0440\u0435\u0434\u043b\u0430\u0433\u0430\u044e \u0412\u0430\u043c \u0441\u0432\u043e\u0438 \u0443\u0441\u043b\u0443\u0433\u0438 \u043f\u043e \u0441\u0431\u043e\u0440\u043a\u0435 \u0438 \u0443\u0441\u0442\u0430\u043d\u043e\u0432\u043a\u0435 \u043a\u043e\u0440\u043f\u0443\u0441\u043d\u043e\u0439 \u043c\u0435\u0431\u0435\u043b\u0438 \u0432 \u0421\u0438\u0433\u0443\u043b\u0434\u0435, \u0418\u043d\u0447\u0443\u043a\u0430\u043b\u043d\u0441\u0435 \u0438 \u0420\u0438\u0436\u0441\u043a\u043e\u043c \u0440\u0430\u0439\u043e\u043d\u0435.<\/p>","protected":false},"excerpt":{"rendered":"<p>God\u0101tie klienti, Jaunas, skaistas un ergnonomiskas m\u0113beles priec\u0113 gan acis, gan sirdi. Ta\u010du, diem\u017e\u0113, reiz\u0113m n\u0101kas saskarties ar gr\u016bt\u012bb\u0101m \u0161o m\u0113bele salik\u0161anas vai ieb\u016bv\u0113\u0161anas proces\u0101. Ne katram no mums ir visi nepiecie\u0161amie instrumenti \u0161o darbu veik\u0161anai un br\u012b\u017eiem tam vienk\u0101r\u0161i pietr\u016bkst laika. \u012apa\u0161i, ja vajag uzst\u0101d\u012bt un ieb\u016bv\u0113t virtuves m\u0113beles, filigr\u0101ni izgriez virsm\u0101s vietas, lai <!-- more-link -->[&hellip;] <a href=\"https:\/\/baltmeistars.lv\/ru\/mebelu-montazas\/\" class=\"more more-link\">Las\u012bt vair\u0101k<\/a><\/p>","protected":false},"author":1,"featured_media":0,"parent":0,"menu_order":0,"comment_status":"closed","ping_status":"closed","template":"","meta":{"_acf_changed":false,"footnotes":""},"class_list":["post-6840","page","type-page","status-publish","hentry"],"acf":[],"yoast_head":"<!-- This site is optimized with the Yoast SEO plugin v24.5 - https:\/\/yoast.com\/wordpress\/plugins\/seo\/ -->\n<title>M\u0113be\u013cu mont\u0101\u017eas - Baltmeistars<\/title>\n<meta name=\"robots\" content=\"index, follow, max-snippet:-1, max-image-preview:large, max-video-preview:-1\" \/>\n<link rel=\"canonical\" href=\"https:\/\/baltmeistars.lv\/ru\/mebelu-montazas\/\" \/>\n<meta property=\"og:locale\" content=\"ru_RU\" \/>\n<meta property=\"og:type\" content=\"article\" \/>\n<meta property=\"og:title\" content=\"M\u0113be\u013cu mont\u0101\u017eas - Baltmeistars\" \/>\n<meta property=\"og:description\" content=\"God\u0101tie klienti, Jaunas, skaistas un ergnonomiskas m\u0113beles priec\u0113 gan acis, gan sirdi. Ta\u010du, diem\u017e\u0113, reiz\u0113m n\u0101kas saskarties ar gr\u016bt\u012bb\u0101m \u0161o m\u0113bele salik\u0161anas vai ieb\u016bv\u0113\u0161anas proces\u0101. Ne katram no mums ir visi nepiecie\u0161amie instrumenti \u0161o darbu veik\u0161anai un br\u012b\u017eiem tam vienk\u0101r\u0161i pietr\u016bkst laika. \u012apa\u0161i, ja vajag uzst\u0101d\u012bt un ieb\u016bv\u0113t virtuves m\u0113beles, filigr\u0101ni izgriez virsm\u0101s vietas, lai [&hellip;] Las\u012bt vair\u0101k\" \/>\n<meta property=\"og:url\" content=\"https:\/\/baltmeistars.lv\/ru\/mebelu-montazas\/\" \/>\n<meta property=\"og:site_name\" content=\"Baltmeistars\" \/>\n<meta property=\"article:modified_time\" content=\"2025-02-20T07:02:58+00:00\" \/>\n<meta name=\"twitter:card\" content=\"summary_large_image\" \/>\n<meta name=\"twitter:label1\" content=\"\u041f\u0440\u0438\u043c\u0435\u0440\u043d\u043e\u0435 \u0432\u0440\u0435\u043c\u044f \u0434\u043b\u044f \u0447\u0442\u0435\u043d\u0438\u044f\" \/>\n\t<meta name=\"twitter:data1\" content=\"1 \u043c\u0438\u043d\u0443\u0442\u0430\" \/>\n<script type=\"application\/ld+json\" class=\"yoast-schema-graph\">{\"@context\":\"https:\/\/schema.org\",\"@graph\":[{\"@type\":\"WebPage\",\"@id\":\"https:\/\/baltmeistars.lv\/mebelu-montazas\/\",\"url\":\"https:\/\/baltmeistars.lv\/mebelu-montazas\/\",\"name\":\"M\u0113be\u013cu mont\u0101\u017eas - Baltmeistars\",\"isPartOf\":{\"@id\":\"https:\/\/baltmeistars.lv\/lv\/#website\"},\"datePublished\":\"2021-02-28T11:28:57+00:00\",\"dateModified\":\"2025-02-20T07:02:58+00:00\",\"breadcrumb\":{\"@id\":\"https:\/\/baltmeistars.lv\/mebelu-montazas\/#breadcrumb\"},\"inLanguage\":\"ru-RU\",\"potentialAction\":[{\"@type\":\"ReadAction\",\"target\":[\"https:\/\/baltmeistars.lv\/mebelu-montazas\/\"]}]},{\"@type\":\"BreadcrumbList\",\"@id\":\"https:\/\/baltmeistars.lv\/mebelu-montazas\/#breadcrumb\",\"itemListElement\":[{\"@type\":\"ListItem\",\"position\":1,\"name\":\"Home\",\"item\":\"https:\/\/baltmeistars.lv\/lv\/\"},{\"@type\":\"ListItem\",\"position\":2,\"name\":\"M\u0113be\u013cu mont\u0101\u017eas\"}]},{\"@type\":\"WebSite\",\"@id\":\"https:\/\/baltmeistars.lv\/lv\/#website\",\"url\":\"https:\/\/baltmeistars.lv\/lv\/\",\"name\":\"Baltmeistars\",\"description\":\"Celtniec\u012bbas nozare\",\"alternateName\":\"Baltmeistars.lv\",\"potentialAction\":[{\"@type\":\"SearchAction\",\"target\":{\"@type\":\"EntryPoint\",\"urlTemplate\":\"https:\/\/baltmeistars.lv\/lv\/?s={search_term_string}\"},\"query-input\":{\"@type\":\"PropertyValueSpecification\",\"valueRequired\":true,\"valueName\":\"search_term_string\"}}],\"inLanguage\":\"ru-RU\"}]}<\/script>\n<!-- \/ Yoast SEO plugin. -->","yoast_head_json":{"title":"M\u0113be\u013cu mont\u0101\u017eas - Baltmeistars","robots":{"index":"index","follow":"follow","max-snippet":"max-snippet:-1","max-image-preview":"max-image-preview:large","max-video-preview":"max-video-preview:-1"},"canonical":"https:\/\/baltmeistars.lv\/ru\/mebelu-montazas\/","og_locale":"ru_RU","og_type":"article","og_title":"M\u0113be\u013cu mont\u0101\u017eas - Baltmeistars","og_description":"God\u0101tie klienti, Jaunas, skaistas un ergnonomiskas m\u0113beles priec\u0113 gan acis, gan sirdi. Ta\u010du, diem\u017e\u0113, reiz\u0113m n\u0101kas saskarties ar gr\u016bt\u012bb\u0101m \u0161o m\u0113bele salik\u0161anas vai ieb\u016bv\u0113\u0161anas proces\u0101. Ne katram no mums ir visi nepiecie\u0161amie instrumenti \u0161o darbu veik\u0161anai un br\u012b\u017eiem tam vienk\u0101r\u0161i pietr\u016bkst laika. \u012apa\u0161i, ja vajag uzst\u0101d\u012bt un ieb\u016bv\u0113t virtuves m\u0113beles, filigr\u0101ni izgriez virsm\u0101s vietas, lai [&hellip;] Las\u012bt vair\u0101k","og_url":"https:\/\/baltmeistars.lv\/ru\/mebelu-montazas\/","og_site_name":"Baltmeistars","article_modified_time":"2025-02-20T07:02:58+00:00","twitter_card":"summary_large_image","twitter_misc":{"\u041f\u0440\u0438\u043c\u0435\u0440\u043d\u043e\u0435 \u0432\u0440\u0435\u043c\u044f \u0434\u043b\u044f \u0447\u0442\u0435\u043d\u0438\u044f":"1 \u043c\u0438\u043d\u0443\u0442\u0430"},"schema":{"@context":"https:\/\/schema.org","@graph":[{"@type":"WebPage","@id":"https:\/\/baltmeistars.lv\/mebelu-montazas\/","url":"https:\/\/baltmeistars.lv\/mebelu-montazas\/","name":"M\u0113be\u013cu mont\u0101\u017eas - Baltmeistars","isPartOf":{"@id":"https:\/\/baltmeistars.lv\/lv\/#website"},"datePublished":"2021-02-28T11:28:57+00:00","dateModified":"2025-02-20T07:02:58+00:00","breadcrumb":{"@id":"https:\/\/baltmeistars.lv\/mebelu-montazas\/#breadcrumb"},"inLanguage":"ru-RU","potentialAction":[{"@type":"ReadAction","target":["https:\/\/baltmeistars.lv\/mebelu-montazas\/"]}]},{"@type":"BreadcrumbList","@id":"https:\/\/baltmeistars.lv\/mebelu-montazas\/#breadcrumb","itemListElement":[{"@type":"ListItem","position":1,"name":"Home","item":"https:\/\/baltmeistars.lv\/lv\/"},{"@type":"ListItem","position":2,"name":"M\u0113be\u013cu mont\u0101\u017eas"}]},{"@type":"WebSite","@id":"https:\/\/baltmeistars.lv\/lv\/#website","url":"https:\/\/baltmeistars.lv\/lv\/","name":"Baltmeistars","description":"Celtniec\u012bbas nozare","alternateName":"Baltmeistars.lv","potentialAction":[{"@type":"SearchAction","target":{"@type":"EntryPoint","urlTemplate":"https:\/\/baltmeistars.lv\/lv\/?s={search_term_string}"},"query-input":{"@type":"PropertyValueSpecification","valueRequired":true,"valueName":"search_term_string"}}],"inLanguage":"ru-RU"}]}},"_links":{"self":[{"href":"https:\/\/baltmeistars.lv\/ru\/wp-json\/wp\/v2\/pages\/6840","targetHints":{"allow":["GET"]}}],"collection":[{"href":"https:\/\/baltmeistars.lv\/ru\/wp-json\/wp\/v2\/pages"}],"about":[{"href":"https:\/\/baltmeistars.lv\/ru\/wp-json\/wp\/v2\/types\/page"}],"author":[{"embeddable":true,"href":"https:\/\/baltmeistars.lv\/ru\/wp-json\/wp\/v2\/users\/1"}],"replies":[{"embeddable":true,"href":"https:\/\/baltmeistars.lv\/ru\/wp-json\/wp\/v2\/comments?post=6840"}],"version-history":[{"count":4,"href":"https:\/\/baltmeistars.lv\/ru\/wp-json\/wp\/v2\/pages\/6840\/revisions"}],"predecessor-version":[{"id":7257,"href":"https:\/\/baltmeistars.lv\/ru\/wp-json\/wp\/v2\/pages\/6840\/revisions\/7257"}],"wp:attachment":[{"href":"https:\/\/baltmeistars.lv\/ru\/wp-json\/wp\/v2\/media?parent=6840"}],"curies":[{"name":"wp","href":"https:\/\/api.w.org\/{rel}","templated":true}]}}